{"id":12915,"date":"2025-03-10T09:57:07","date_gmt":"2025-03-10T02:57:07","guid":{"rendered":"https:\/\/www.mtts-asia.com\/otter\/"},"modified":"2026-03-13T13:00:54","modified_gmt":"2026-03-13T06:00:54","slug":"otter","status":"publish","type":"page","link":"https:\/\/www.mtts-asia.com\/es\/otter\/","title":{"rendered":"Calentador Otter"},"content":{"rendered":"<div class=\"wpb-content-wrapper\"><p>[vc_row full_width=\u00bbstretch_row\u00bb row_type=\u00bbsection\u00bb row_color=\u00bbcolor_light\u00bb el_class=\u00bbpage-banner\u00bb css=\u00bb.vc_custom_1734574532833{background-image: url(https:\/\/www.mtts-asia.com\/wp-content\/uploads\/2014\/11\/111.jpg?id=4723) !important;background-position: center !important;background-repeat: no-repeat !important;background-size: cover !important;}\u00bb][vc_column][vc_custom_heading source=\u00bbpost_title\u00bb font_container=\u00bbtag:h2|text_align:center\u00bb use_theme_fonts=\u00bbyes\u00bb css=\u00bb\u00bb wb_heading_type=\u00bbheading\u00bb][\/vc_column][\/vc_row][vc_row full_width=\u00bbstretch_row\u00bb row_type=\u00bbsection\u00bb][vc_column][vc_row_inner][vc_column_inner width=\u00bb1\/3&#8243;][vc_single_image image=\u00bb12838&#8243; img_size=\u00bb500x150px\u00bb css=\u00bb\u00bb][vc_column_text css=\u00bb\u00bb]<\/p>\n<p id=\"yui_3_17_2_1_1741575800430_842\">Otter es un calentador conductivo para reci\u00e9n nacidos dise\u00f1ado espec\u00edficamente para permitir que el personal cl\u00ednico mantenga a los beb\u00e9s normot\u00e9rmicos cuando no es posible utilizar una terapia m\u00e1s sofisticada. A diferencia de las incubadoras y los calentadores radiantes, el calentador conductivo Otter proporciona un calentamiento efectivo para los reci\u00e9n nacidos que es \u00abf\u00e1cil de usar correctamente y dif\u00edcil de usar incorrectamente\u00bb; en otras palabras, el dispositivo elimina las fuentes m\u00e1s comunes de fallas del producto.<\/p>\n<p>&nbsp;<\/p>\n<p><img loading=\"lazy\" decoding=\"async\" class=\"wp-image-5563 alignnone\" src=\"https:\/\/www.mtts-asia.com\/wp-content\/uploads\/2014\/11\/CE-Mark-with-Number1.jpg\" alt=\"CE Mark with Number\" width=\"97\" height=\"35\" \/><\/p>\n<hr \/>\n<p>[\/vc_column_text][vc_empty_space height=\u00bb20px\u00bb][vc_column_text css=\u00bb\u00bb]<img loading=\"lazy\" decoding=\"async\" class=\"alignleft size-full wp-image-4832\" src=\"https:\/\/www.mtts-asia.com\/wp-content\/uploads\/2014\/11\/Untitled-1.png\" alt=\"Untitled-1\" width=\"45\" height=\"32\" \/><\/p>\n<p>&nbsp;<\/p>\n<p>&nbsp;<\/p>\n<p><a title=\"WARMER Brochure\" href=\"https:\/\/www.mtts-asia.com\/wp-content\/uploads\/2026\/03\/WM-OT-MKT-01-Otter-Brochure-1.02EN.pdf\" target=\"_blank\" rel=\"noopener noreferrer\">Folleto<\/a><\/p>\n<p><a title=\"WARMER Brochure\" href=\"https:\/\/www.mtts-asia.com\/wp-content\/uploads\/2026\/03\/WM-OT-MAN-01-Otter-User-Manual-1.04ES.pdf\" target=\"_blank\" rel=\"noopener noreferrer\">Manual de usuario<\/a>[\/vc_column_text][\/vc_column_inner][vc_column_inner width=\u00bb2\/3&#8243;][vc_empty_space height=\u00bb20px\u00bb][vc_images_carousel images=\u00bb12881,12876,12866,12871&#8243; img_size=\u00bb650&#215;650&#8243; onclick=\u00bblink_no\u00bb wrap=\u00bbyes\u00bb css=\u00bb\u00bb][\/vc_column_inner][\/vc_row_inner][vc_empty_space height=\u00bb20px\u00bb][vc_row_inner][vc_column_inner width=\u00bb1\/3&#8243;][vc_column_text css=\u00bb\u00bb]<\/p>\n<p style=\"text-align: center;\"><div class=\"vc_btn3-container align-center\">\r\n<a href=\"#features\" class=\"vc_general vc_btn3 vc_btn3-size-md vc_btn3-shape-rounded vc_btn3-style-flat vc_btn3-color-wb-btn-primary\">\r\n    <span>CARACTER\u00cdSTICAS CLAVE<\/span>\r\n<\/a>\r\n<\/div>\n<p>[\/vc_column_text][\/vc_column_inner][vc_column_inner width=\u00bb1\/3&#8243;][vc_column_text css=\u00bb\u00bb]<\/p>\n<p style=\"text-align: center;\"><div class=\"vc_btn3-container align-center\">\r\n<a href=\"#technical\" class=\"vc_general vc_btn3 vc_btn3-size-md vc_btn3-shape-rounded vc_btn3-style-flat vc_btn3-color-wb-btn-primary\">\r\n    <span>ESPECIFICACIONES T\u00c9CNICAS<\/span>\r\n<\/a>\r\n<\/div>\n<p>[\/vc_column_text][\/vc_column_inner][vc_column_inner width=\u00bb1\/3&#8243;][vc_column_text css=\u00bb\u00bb]<\/p>\n<p style=\"text-align: center;\"><div class=\"vc_btn3-container align-center\">\r\n<a href=\"#ordering\" class=\"vc_general vc_btn3 vc_btn3-size-md vc_btn3-shape-rounded vc_btn3-style-flat vc_btn3-color-wb-btn-primary\">\r\n    <span>PEDIDOS Y SERVICIO<\/span>\r\n<\/a>\r\n<\/div>\n<p>[\/vc_column_text][\/vc_column_inner][\/vc_row_inner][vc_empty_space height=\u00bb20px\u00bb][\/vc_column][\/vc_row][vc_row full_width=\u00bbstretch_row\u00bb row_type=\u00bbsection\u00bb bg_color=\u00bb#f8f8f8&#8243; css=\u00bb.vc_custom_1734596017144{background-color: #f8f8f8 !important;}\u00bb][vc_column][vc_row_inner][vc_column_inner width=\u00bb1\/3&#8243;][vc_column_text css=\u00bb\u00bb]<\/p>\n<h4 style=\"text-align: center;\"><strong><img loading=\"lazy\" decoding=\"async\" class=\"aligncenter wp-image-4799 size-full\" src=\"https:\/\/www.mtts-asia.com\/wp-content\/uploads\/2014\/11\/QUALITY.png\" alt=\"\" width=\"69\" height=\"80\" \/><\/strong><\/h4>\n<h3 style=\"text-align: center;\">Calidad<\/h3>\n<hr \/>\n<p style=\"text-align: center;\">Otter es un dispositivo confiable que brinda un cuidado t\u00e9rmico \u00f3ptimo con bajo consumo de energ\u00eda, componentes de alta confiabilidad y un elemento calefactor de larga duraci\u00f3n.<\/p>\n<p>[\/vc_column_text][\/vc_column_inner][vc_column_inner width=\u00bb1\/3&#8243;][vc_column_text css=\u00bb\u00bb]<\/p>\n<h4><img loading=\"lazy\" decoding=\"async\" class=\"aligncenter wp-image-4800 size-full\" src=\"https:\/\/www.mtts-asia.com\/wp-content\/uploads\/2014\/11\/INNOVATION.png\" alt=\"\" width=\"80\" height=\"80\" \/><\/h4>\n<h3 style=\"text-align: center;\">Innovaci\u00f3n<\/h3>\n<hr \/>\n<p style=\"text-align: center;\">La sofisticada tecnolog\u00eda de Otter se combina con una interfaz f\u00e1cil de usar y un innovador sistema de detecci\u00f3n de problemas que trabajan juntos para brindar un apoyo constante a la termorregulaci\u00f3n.<\/p>\n<p>[\/vc_column_text][\/vc_column_inner][vc_column_inner width=\u00bb1\/3&#8243;][vc_column_text css=\u00bb\u00bb]<\/p>\n<h4 style=\"text-align: center;\"><img loading=\"lazy\" decoding=\"async\" class=\"aligncenter wp-image-4801 size-full\" src=\"https:\/\/www.mtts-asia.com\/wp-content\/uploads\/2014\/11\/CARE.png\" alt=\"\" width=\"49\" height=\"80\" \/><\/h4>\n<h3 style=\"text-align: center;\">Cuidado<\/h3>\n<hr \/>\n<p style=\"text-align: center;\">Otter brinda a los neonatos un entorno t\u00e9rmico \u00fanico, al mismo tiempo que le brinda facilidad de acceso para que pueda brindarles la mejor atenci\u00f3n posible.<\/p>\n<p>[\/vc_column_text][\/vc_column_inner][\/vc_row_inner][\/vc_column][\/vc_row][vc_row full_width=\u00bbstretch_row\u00bb row_type=\u00bbsection\u00bb][vc_column][vc_empty_space height=\u00bb20px\u00bb][vc_column_text css=\u00bb\u00bb]<\/p>\n<h3 style=\"text-align: center;\">Caracter\u00edsticas clave<\/h3>\n<hr \/>\n<p>[\/vc_column_text][vc_row_inner][vc_column_inner width=\u00bb1\/2&#8243;][vc_column_text css=\u00bb\u00bb]<span style=\"color: #00a0c6;\"><strong>Descripci\u00f3n general<\/strong><\/span><br \/>\n&#8211; 100 % reutilizable y lavable<br \/>\n&#8211; Ligero y port\u00e1til<br \/>\n&#8211; Eficiencia energ\u00e9tica<br \/>\n&#8211; Hasta 8 horas de autonom\u00eda de bater\u00eda<\/p>\n<p><span style=\"color: #00a0c6;\"><strong>Sistema de control de temperatura<\/strong><\/span><br \/>\n&#8211; Control autom\u00e1tico de la temperatura de la superficie<br \/>\n&#8211; Sonda opcional para monitorizar la temperatura de la piel del paciente<\/p>\n<p><span style=\"color: #00a0c6;\"><strong>Pantallas\/Indicadores<\/strong><\/span><br \/>\n&#8211; Pantalla LCD brillante para controlar la temperatura del paciente,<br \/>\ntiempo de tratamiento, tiempo total de uso, nivel de potencia del calentador y conexi\u00f3n del sensor<br \/>\n&#8211; Pantalla LCD con informaci\u00f3n de diagn\u00f3stico y soluci\u00f3n de problemas<br \/>\n&#8211; Contador de tiempo total del sistema (vida \u00fatil)<br \/>\n&#8211; Estimador del estado de la bater\u00eda<\/p>\n<p><span style=\"color: #00a0c6;\"><strong>Seguridad &#8211; Alarmas<\/strong><\/span><br \/>\n&#8211; Falla del elemento calefactor<br \/>\n&#8211; Falla del sensor<br \/>\n&#8211; Falla de alimentaci\u00f3n[\/vc_column_text][\/vc_column_inner][vc_column_inner width=\u00bb1\/2&#8243;][vc_empty_space height=\u00bb75px\u00bb][vc_single_image image=\u00bb12886&#8243; img_size=\u00bb850x650px\u00bb alignment=\u00bbcenter\u00bb css=\u00bb\u00bb][\/vc_column_inner][\/vc_row_inner][\/vc_column][\/vc_row][vc_row full_width=\u00bbstretch_row\u00bb row_type=\u00bbsection\u00bb bg_color=\u00bb#f8f8f8&#8243; css=\u00bb.vc_custom_1734596035426{background-color: #f8f8f8 !important;}\u00bb][vc_column][vc_row_inner][vc_column_inner width=\u00bb1\/3&#8243;][vc_column_text css=\u00bb\u00bb]<\/p>\n<h3 style=\"text-align: center;\"><img loading=\"lazy\" decoding=\"async\" class=\"aligncenter wp-image-5017 size-full\" src=\"https:\/\/www.mtts-asia.com\/wp-content\/uploads\/2014\/11\/baby.png\" alt=\"\" width=\"89\" height=\"80\" \/><\/h3>\n<h3 style=\"text-align: center;\">Efectivo<\/h3>\n<hr \/>\n<p style=\"text-align: center;\">Para mayor seguridad del paciente, Otter incorpora un conjunto completo de alarmas que avisan a los cuidadores si la temperatura de la piel del beb\u00e9 se desv\u00eda del punto establecido o si el sensor de piel se cae del paciente.<\/p>\n<p>[\/vc_column_text][\/vc_column_inner][vc_column_inner width=\u00bb1\/3&#8243;][vc_column_text css=\u00bb\u00bb]<\/p>\n<h3 style=\"text-align: center;\"><img loading=\"lazy\" decoding=\"async\" class=\"aligncenter size-full wp-image-5009\" src=\"https:\/\/www.mtts-asia.com\/wp-content\/uploads\/2014\/11\/safe.png\" alt=\"safe\" width=\"79\" height=\"79\" \/><\/h3>\n<h3 style=\"text-align: center;\">Compatible<\/h3>\n<hr \/>\n<p style=\"text-align: center;\">El panel de control intuitivo facilita el uso de funciones sofisticadas. La pantalla digital grande y brillante proporciona toda la informaci\u00f3n esencial sobre el paciente en un formato f\u00e1cil de leer.<\/p>\n<p>[\/vc_column_text][\/vc_column_inner][vc_column_inner width=\u00bb1\/3&#8243;][vc_column_text css=\u00bb\u00bb]<\/p>\n<h3 style=\"text-align: center;\"><img loading=\"lazy\" decoding=\"async\" class=\"aligncenter size-full wp-image-5011\" src=\"https:\/\/www.mtts-asia.com\/wp-content\/uploads\/2014\/11\/costefficient.png\" alt=\"costefficient\" width=\"93\" height=\"80\" \/><\/h3>\n<h3 style=\"text-align: center;\">Costo eficiente<\/h3>\n<hr \/>\n<p style=\"text-align: center;\">Otter ofrece atenci\u00f3n de calidad a un precio excepcional. Combina un microentorno repleto de funciones con un bajo costo inicial, bajo consumo de energ\u00eda y componentes de larga duraci\u00f3n.<\/p>\n<p>[\/vc_column_text][\/vc_column_inner][\/vc_row_inner][vc_empty_space height=\u00bb20px\u00bb][\/vc_column][\/vc_row][vc_row full_width=\u00bbstretch_row\u00bb row_type=\u00bbsection\u00bb][vc_column][vc_column_text css=\u00bb\u00bb]<\/p>\n<h3 style=\"text-align: center;\">Especificaciones t\u00e9cnicas<\/h3>\n<hr \/>\n<p>[\/vc_column_text][vc_row_inner][vc_column_inner width=\u00bb2\/3&#8243;][vc_column_text css=\u00bb\u00bb]\n<table id=\"tablepress-1013\" class=\"tablepress tablepress-id-1013\">\n<tbody class=\"row-striping row-hover\">\n<tr class=\"row-1\">\n\t<td class=\"column-1\"><strong>Dimensiones y Peso<\/strong><\/td><td class=\"column-2\">Dimensiones<\/td><td class=\"column-3\">68 cm x 36 cm x 19 cm<\/td>\n<\/tr>\n<tr class=\"row-2\">\n\t<td class=\"column-1\"><\/td><td class=\"column-2\">Peso neto sin pilas<\/td><td class=\"column-3\">3kg<\/td>\n<\/tr>\n<tr class=\"row-3\">\n\t<td class=\"column-1\"><\/td><td class=\"column-2\">Peso neto con pilas<\/td><td class=\"column-3\">5kg<\/td>\n<\/tr>\n<tr class=\"row-4\">\n\t<td class=\"column-1\"><\/td><td class=\"column-2\">Peso del env\u00edo<\/td><td class=\"column-3\">10kg<\/td>\n<\/tr>\n<tr class=\"row-5\">\n\t<td class=\"column-1\"><\/td><td class=\"column-2\">Dimensiones de env\u00edo<\/td><td class=\"column-3\">70 cm x 43 cm x 25 cm<\/td>\n<\/tr>\n<tr class=\"row-6\">\n\t<td class=\"column-1\"><strong>Especificaci\u00f3n de rendimiento<\/strong><\/td><td class=\"column-2\">Potencia nominal del elemento calefactor<\/td><td class=\"column-3\">50 W<\/td>\n<\/tr>\n<tr class=\"row-7\">\n\t<td class=\"column-1\"><\/td><td class=\"column-2\">\u00c1rea de superficie efectiva<\/td><td class=\"column-3\">48 cm x 18 cm<\/td>\n<\/tr>\n<tr class=\"row-8\">\n\t<td class=\"column-1\"><\/td><td class=\"column-2\">Control de temperatura de la superficie<\/td><td class=\"column-3\">rango: 35 \u00b0C - 40 \u00b0C en pasos de 0,5 \u00b0C<\/td>\n<\/tr>\n<tr class=\"row-9\">\n\t<td class=\"column-1\"><\/td><td class=\"column-2\"><\/td><td class=\"column-3\">uniformidad: < 1 \u00b0C<\/td>\n<\/tr>\n<tr class=\"row-10\">\n\t<td class=\"column-1\"><\/td><td class=\"column-2\"><\/td><td class=\"column-3\">precisi\u00f3n: \u00b11 \u00b0C<\/td>\n<\/tr>\n<tr class=\"row-11\">\n\t<td class=\"column-1\"><\/td><td class=\"column-2\">Medici\u00f3n de la temperatura de la superficie<\/td><td class=\"column-3\">rango: 15 \u00b0C - 42 \u00b0C<\/td>\n<\/tr>\n<tr class=\"row-12\">\n\t<td class=\"column-1\"><\/td><td class=\"column-2\"><\/td><td class=\"column-3\">precisi\u00f3n: 0,5 \u00b0C<\/td>\n<\/tr>\n<tr class=\"row-13\">\n\t<td class=\"column-1\"><\/td><td class=\"column-2\"><\/td><td class=\"column-3\">resoluci\u00f3n: 0,1 \u00b0C<\/td>\n<\/tr>\n<tr class=\"row-14\">\n\t<td class=\"column-1\"><\/td><td class=\"column-2\">Medici\u00f3n de la temperatura de la piel<\/td><td class=\"column-3\">rango: 10 \u00b0C - 50 \u00b0C<\/td>\n<\/tr>\n<tr class=\"row-15\">\n\t<td class=\"column-1\"><\/td><td class=\"column-2\"><\/td><td class=\"column-3\">precisi\u00f3n: 0,3 \u00b0C (en un rango de 30 \u00b0C a 40 \u00b0C)<\/td>\n<\/tr>\n<tr class=\"row-16\">\n\t<td class=\"column-1\"><\/td><td class=\"column-2\"><\/td><td class=\"column-3\">resoluci\u00f3n: 0,1 \u00b0C<\/td>\n<\/tr>\n<tr class=\"row-17\">\n\t<td class=\"column-1\"><strong>Especificaciones ambientales<\/strong><\/td><td class=\"column-2\">Temperatura de manejo<\/td><td class=\"column-3\">15\u00b0C - 35\u00b0C<\/td>\n<\/tr>\n<tr class=\"row-18\">\n\t<td class=\"column-1\"><strong>Suministro el\u00e9ctrico<\/strong><\/td><td class=\"column-2\">Voltaje<\/td><td class=\"column-3\">100-240V AC<\/td>\n<\/tr>\n<tr class=\"row-19\">\n\t<td class=\"column-1\"><\/td><td class=\"column-2\">Frecuencia<\/td><td class=\"column-3\">47 - 63Hz<\/td>\n<\/tr>\n<tr class=\"row-20\">\n\t<td class=\"column-1\"><\/td><td class=\"column-2\">Consumo de energ\u00eda<\/td><td class=\"column-3\">120 W m\u00e1ximo<\/td>\n<\/tr>\n<tr class=\"row-21\">\n\t<td class=\"column-1\"><\/td><td class=\"column-2\">Bater\u00eda (interna)<\/td><td class=\"column-3\">Li-ion<\/td>\n<\/tr>\n<\/tbody>\n<\/table>\n<!-- #tablepress-1013 from cache --><br \/>\n<span id=\"ordering\"> <\/span>[\/vc_column_text][\/vc_column_inner][vc_column_inner width=\u00bb1\/3&#8243;][vc_column_text css=\u00bb\u00bb]<\/p>\n<h5><span style=\"color: #00a0c6;\">Garant\u00eda est\u00e1ndar 1 a\u00f1o.<\/span><\/h5>\n<p>(Sujeto a Pol\u00edtica de Garant\u00eda MTTS)[\/vc_column_text][\/vc_column_inner][\/vc_row_inner][\/vc_column][\/vc_row][vc_row bg_color=\u00bb#f8f8f8&#8243;][vc_column][vc_column_text css=\u00bb\u00bb]<\/p>\n<h3 style=\"text-align: center;\">Informaci\u00f3n para pedidos y servicio<\/h3>\n<p>[\/vc_column_text][\/vc_column][\/vc_row][vc_row][vc_column width=\u00bb2\/3&#8243;][vc_column_text css=\u00bb\u00bb]\n<table id=\"tablepress-1023\" class=\"tablepress tablepress-id-1023\">\n<tbody class=\"row-striping row-hover\">\n<tr class=\"row-1\">\n\t<td class=\"column-1\"><strong><br \/>\nEditar<br \/>\nInformaci\u00f3n sobre pedidos<\/strong><\/td><td class=\"column-2\">Otter Unit<\/td><td class=\"column-3\"><\/td><td class=\"column-4\">OTT-1000<\/td><td class=\"column-5\">Unidad principal<\/td>\n<\/tr>\n<tr class=\"row-2\">\n\t<td class=\"column-1\"><\/td><td class=\"column-2\">Cable de alimentaci\u00f3n<\/td><td class=\"column-3\">Est\u00e1ndar de la UE<\/td><td class=\"column-4\">ID 551<\/td><td class=\"column-5\"><\/td>\n<\/tr>\n<tr class=\"row-3\">\n\t<td class=\"column-1\"><\/td><td class=\"column-2\"><\/td><td class=\"column-3\">Est\u00e1ndar de EE.UU<\/td><td class=\"column-4\">ID 552<\/td><td class=\"column-5\"><\/td>\n<\/tr>\n<tr class=\"row-4\">\n\t<td class=\"column-1\"><\/td><td class=\"column-2\"><\/td><td class=\"column-3\">Est\u00e1ndar del RE.UU.<\/td><td class=\"column-4\">ID 553<\/td><td class=\"column-5\"><\/td>\n<\/tr>\n<tr class=\"row-5\">\n\t<td class=\"column-1\"><\/td><td class=\"column-2\"><\/td><td class=\"column-3\">Est\u00e1ndar de AUS<\/td><td class=\"column-4\">ID 1313<\/td><td class=\"column-5\"><\/td>\n<\/tr>\n<tr class=\"row-6\">\n\t<td class=\"column-1\"><strong>Art\u00edculos opcionales<\/strong><\/td><td class=\"column-2\">Sensor de piel<\/td><td class=\"column-3\"><\/td><td class=\"column-4\">ID 1290<\/td><td class=\"column-5\"><\/td>\n<\/tr>\n<tr class=\"row-7\">\n\t<td class=\"column-1\"><\/td><td class=\"column-2\">Cinta adhesiva para sensor de piel<\/td><td class=\"column-3\"><\/td><td class=\"column-4\">ID 1315<\/td><td class=\"column-5\">Caja de 100 piezas<\/td>\n<\/tr>\n<tr class=\"row-8\">\n\t<td class=\"column-1\"><\/td><td class=\"column-2\">Clip del sensor de piel<\/td><td class=\"column-3\"><\/td><td class=\"column-4\">ID 2130<\/td><td class=\"column-5\"><\/td>\n<\/tr>\n<tr class=\"row-9\">\n\t<td class=\"column-1\"><\/td><td class=\"column-2\">Manual de usuario<\/td><td class=\"column-3\">ES<\/td><td class=\"column-4\"><\/td><td class=\"column-5\">Espa\u00f1ol<\/td>\n<\/tr>\n<tr class=\"row-10\">\n\t<td class=\"column-1\"><\/td><td class=\"column-2\">Guia de referencia rapida<\/td><td class=\"column-3\">ES<\/td><td class=\"column-4\"><\/td><td class=\"column-5\">Espa\u00f1ol<\/td>\n<\/tr>\n<\/tbody>\n<\/table>\n<!-- #tablepress-1023 from cache -->[\/vc_column_text][\/vc_column][vc_column width=\u00bb1\/3&#8243;][\/vc_column][\/vc_row]<\/p>\n<\/div>","protected":false},"excerpt":{"rendered":"<p>[vc_row full_width=\u00bbstretch_row\u00bb row_type=\u00bbsection\u00bb row_color=\u00bbcolor_light\u00bb el_class=\u00bbpage-banner\u00bb css=\u00bb.vc_custom_1734574532833{background-image: url(https:\/\/www.mtts-asia.com\/wp-content\/uploads\/2014\/11\/111.jpg?id=4723) !important;background-position: center !important;background-repeat: no-repeat !important;background-size: cover !important;}\u00bb][vc_column][vc_custom_heading source=\u00bbpost_title\u00bb font_container=\u00bbtag:h2|text_align:center\u00bb use_theme_fonts=\u00bbyes\u00bb css=\u00bb\u00bb wb_heading_type=\u00bbheading\u00bb][\/vc_column][\/vc_row][vc_row full_width=\u00bbstretch_row\u00bb row_type=\u00bbsection\u00bb][vc_column][vc_row_inner][vc_column_inner width=\u00bb1\/3&#8243;][vc_single_image image=\u00bb12838&#8243; img_size=\u00bb500x150px\u00bb css=\u00bb\u00bb][vc_column_text css=\u00bb\u00bb] Otter es un calentador conductivo para reci\u00e9n nacidos dise\u00f1ado espec\u00edficamente para permitir que el personal cl\u00ednico mantenga a los beb\u00e9s normot\u00e9rmicos cuando no es posible utilizar una terapia m\u00e1s [&hellip;]<\/p>\n","protected":false},"author":3,"featured_media":0,"parent":0,"menu_order":0,"comment_status":"closed","ping_status":"closed","template":"","meta":{"footnotes":""},"class_list":["post-12915","page","type-page","status-publish","hentry"],"jetpack_sharing_enabled":true,"_links":{"self":[{"href":"https:\/\/www.mtts-asia.com\/es\/wp-json\/wp\/v2\/pages\/12915","targetHints":{"allow":["GET"]}}],"collection":[{"href":"https:\/\/www.mtts-asia.com\/es\/wp-json\/wp\/v2\/pages"}],"about":[{"href":"https:\/\/www.mtts-asia.com\/es\/wp-json\/wp\/v2\/types\/page"}],"author":[{"embeddable":true,"href":"https:\/\/www.mtts-asia.com\/es\/wp-json\/wp\/v2\/users\/3"}],"replies":[{"embeddable":true,"href":"https:\/\/www.mtts-asia.com\/es\/wp-json\/wp\/v2\/comments?post=12915"}],"version-history":[{"count":18,"href":"https:\/\/www.mtts-asia.com\/es\/wp-json\/wp\/v2\/pages\/12915\/revisions"}],"predecessor-version":[{"id":13990,"href":"https:\/\/www.mtts-asia.com\/es\/wp-json\/wp\/v2\/pages\/12915\/revisions\/13990"}],"wp:attachment":[{"href":"https:\/\/www.mtts-asia.com\/es\/wp-json\/wp\/v2\/media?parent=12915"}],"curies":[{"name":"wp","href":"https:\/\/api.w.org\/{rel}","templated":true}]}}