{"id":7148,"date":"2020-02-11T08:41:20","date_gmt":"2020-02-11T08:41:20","guid":{"rendered":"http:\/\/mttsasia.local\/?page_id=7148"},"modified":"2024-12-19T10:40:59","modified_gmt":"2024-12-19T03:40:59","slug":"about","status":"publish","type":"page","link":"https:\/\/www.mtts-asia.com\/es\/about\/","title":{"rendered":"Acerca de"},"content":{"rendered":"<div class=\"wpb-content-wrapper\"><p>[vc_row full_width=\u00bbstretch_row\u00bb row_type=\u00bbsection\u00bb row_color=\u00bbcolor_light\u00bb el_class=\u00bbpage-banner\u00bb css=\u00bb.vc_custom_1734574532833{background-image: url(https:\/\/www.mtts-asia.com\/wp-content\/uploads\/2014\/11\/111.jpg?id=4723) !important;background-position: center !important;background-repeat: no-repeat !important;background-size: cover !important;}\u00bb][vc_column][vc_custom_heading source=\u00bbpost_title\u00bb font_container=\u00bbtag:h2|text_align:center\u00bb use_theme_fonts=\u00bbyes\u00bb css=\u00bb\u00bb wb_heading_type=\u00bbheading\u00bb][\/vc_column][\/vc_row][vc_row full_width=\u00bbstretch_row\u00bb row_type=\u00bbsection\u00bb bg_image=\u00bb4660&#8243; css=\u00bb.vc_custom_1734578820693{background-image: url(https:\/\/www.mtts-asia.com\/wp-content\/uploads\/2014\/11\/about.jpg?id=4660) !important;}\u00bb][vc_column el_class=\u00bbWho We Are\u00bb][vc_custom_heading text=\u00bbQuienes somos\u00bb font_container=\u00bbtag:h2|text_align:center\u00bb use_theme_fonts=\u00bbyes\u00bb css=\u00bb\u00bb wb_heading_type=\u00bbheading\u00bb][vc_custom_heading text=\u00bbMTTS se estableci\u00f3 en 2004 con el objetivo de ofrecer productos innovadores, Soluciones rentables para reci\u00e9n nacidos que necesitan cuidados m\u00e9dicos intensivos. Ofrecemos un conjunto integral de tecnolog\u00edas para el cuidado neonatal, desde m\u00e1quinas CPAP que tratan el s\u00edndrome de dificultad respiratoria a m\u00e1quinas de fototerapia que tratan la ictericia neonatal. Estos dispositivos de \u00faltima generaci\u00f3n ayudan a los profesionales de la salud a brindar una mejor calidad de atenci\u00f3n m\u00e9dica. a un n\u00famero creciente de pacientes, y a un costo menor.\u00bb font_container=\u00bbtag:p|text_align:center\u00bb use_theme_fonts=\u00bbyes\u00bb css=\u00bb\u00bb wb_heading_type=\u00bbsmall_heading\u00bb][\/vc_column][\/vc_row][vc_row full_width=\u00bbstretch_row\u00bb bg_color=\u00bb#f8f8f8&#8243; padding=\u00bb40px 0&#8243; css=\u00bb.vc_custom_1734579656148{background-color: #f8f8f8 !important;}\u00bb][vc_column el_class=\u00bbOur Core Values\u00bb][vc_custom_heading text=\u00bbNuestros valores fundamentales\u00bb font_container=\u00bbtag:h2|text_align:center\u00bb use_theme_fonts=\u00bbyes\u00bb css=\u00bb\u00bb wb_heading_type=\u00bbheading\u00bb][vc_custom_heading text=\u00bbEstamos comprometidos a proporcionar soluciones de vanguardia para reci\u00e9n nacidos cr\u00edticamente enfermos y prematuros. Nos centramos exclusivamente en descubrir formas innovadoras de abordar las patolog\u00edas neonatales brindando tecnolog\u00edas excepcionales y promoviendo un entorno de atenci\u00f3n de apoyo al desarrollo.\u00bb font_container=\u00bbtag:p|text_align:center\u00bb use_theme_fonts=\u00bbyes\u00bb css=\u00bb\u00bb wb_heading_type=\u00bbsmall_heading\u00bb][vc_empty_space height=\u00bb20px\u00bb][vc_row_inner][vc_column_inner width=\u00bb1\/3&#8243;][vc_column_text css=\u00bb\u00bb]<\/p>\n<h3 style=\"text-align: center;\"><img loading=\"lazy\" decoding=\"async\" class=\"aligncenter wp-image-4799 size-full\" src=\"https:\/\/www.mtts-asia.com\/wp-content\/uploads\/2014\/11\/QUALITY.png\" alt=\"QUALITY\" width=\"69\" height=\"80\" \/><\/h3>\n<h3 style=\"text-align: center;\">Calidad<\/h3>\n<hr \/>\n<p style=\"text-align: center;\">Combinamos experiencia cl\u00ednica, investigaci\u00f3n innovadora, dise\u00f1o de vanguardia y materiales superiores para desarrollar equipos m\u00e9dicos duraderos, f\u00e1ciles de usar y orientados al rendimiento y tratar las patolog\u00edas neonatales m\u00e1s comunes, complejas y graves. Operamos en un sistema de gesti\u00f3n de calidad certificado [ISO 13485: 2016] para cumplir constantemente con los est\u00e1ndares internacionales de calidad, brindando una atenci\u00f3n excepcional a los reci\u00e9n nacidos y un valor real para los hospitales.<\/p>\n<p>[\/vc_column_text][\/vc_column_inner][vc_column_inner width=\u00bb1\/3&#8243;][vc_column_text css=\u00bb\u00bb]<\/p>\n<h3 style=\"text-align: center;\"><img loading=\"lazy\" decoding=\"async\" class=\"aligncenter wp-image-4800 size-full\" src=\"https:\/\/www.mtts-asia.com\/wp-content\/uploads\/2014\/11\/INNOVATION.png\" alt=\"INNOVATION\" width=\"80\" height=\"80\" \/><\/h3>\n<h3 style=\"text-align: center;\">Innovaci\u00f3n<\/h3>\n<hr \/>\n<p style=\"text-align: center;\">Trabajamos en estrecha colaboraci\u00f3n con m\u00e9dicos, hospitales, expertos cl\u00ednicos en el mundo acad\u00e9mico y las principales instituciones de atenci\u00f3n m\u00e9dica para impulsar continuamente la innovaci\u00f3n en tecnolog\u00edas centrales y crear soluciones pioneras para la atenci\u00f3n m\u00e9dica del reci\u00e9n nacido. Nuestros dispositivos m\u00e9dicos de vanguardia permiten a los profesionales de la salud mejorar la eficiencia operativa, mejorar los resultados cl\u00ednicos y lograr la excelencia cl\u00ednica.<\/p>\n<p>[\/vc_column_text][\/vc_column_inner][vc_column_inner width=\u00bb1\/3&#8243;][vc_column_text css=\u00bb\u00bb]<\/p>\n<h3 style=\"text-align: center;\"><img loading=\"lazy\" decoding=\"async\" class=\"aligncenter wp-image-4801 size-full\" src=\"https:\/\/www.mtts-asia.com\/wp-content\/uploads\/2014\/11\/CARE.png\" alt=\"CARE\" width=\"49\" height=\"80\" \/><\/h3>\n<h3 style=\"text-align: center;\">Cuidado<\/h3>\n<hr \/>\n<p style=\"text-align: center;\">Reconocemos los efectos f\u00edsicos, psicol\u00f3gicos y emocionales de la experiencia de cuidados intensivos en los reci\u00e9n nacidos y sus familias. Nuestro objetivo es minimizar estas vulnerabilidades mediante la adopci\u00f3n de una filosof\u00eda de apoyo al desarrollo y centrada en la familia. Adem\u00e1s, nos asociamos con l\u00edderes de atenci\u00f3n m\u00e9dica en todo el mundo para promover sistemas de atenci\u00f3n m\u00e9dica sostenibles y brindar a cada beb\u00e9 la misma oportunidad de una vida saludable.<\/p>\n<p>[\/vc_column_text][\/vc_column_inner][\/vc_row_inner][\/vc_column][\/vc_row][vc_row row_type=\u00bbsection\u00bb][vc_column][vc_custom_heading text=\u00bbConocer al equipo\u00bb font_container=\u00bbtag:h2|text_align:center\u00bb use_theme_fonts=\u00bbyes\u00bb css=\u00bb\u00bb wb_heading_type=\u00bbheading\u00bb][vc_custom_heading text=\u00bbSomos un equipo de estrategas experimentados, ingenieros calificados y dise\u00f1adores creativos. que desarrollan productos innovadores para mejorar la atenci\u00f3n neonatal. Para ello, escuchamos y aprendemos de nuestros clientes, garantizamos una calidad excepcional y atenci\u00f3n al detalle, y valorar el trabajo en equipo por encima de la jerarqu\u00eda organizacional.\u00bb font_container=\u00bbtag:p|text_align:center\u00bb use_theme_fonts=\u00bbyes\u00bb css=\u00bb\u00bb wb_heading_type=\u00bbsmall_heading\u00bb][vc_row_inner][vc_column_inner width=\u00bb1\/2&#8243;]<div class=\"wb_staff\">\r\n    <div class=\"thumb\">\r\n        <div class=\"holder\">\r\n            <img loading=\"lazy\" decoding=\"async\" width=\"560\" height=\"370\" src=\"https:\/\/www.mtts-asia.com\/wp-content\/uploads\/2014\/11\/Gregory-copy.png\" class=\"attachment-full size-full\" alt=\"\" srcset=\"https:\/\/www.mtts-asia.com\/wp-content\/uploads\/2014\/11\/Gregory-copy.png 560w, https:\/\/www.mtts-asia.com\/wp-content\/uploads\/2014\/11\/Gregory-copy-300x198.png 300w\" sizes=\"auto, (max-width: 560px) 100vw, 560px\" \/>        <\/div>\r\n    <\/div>\r\n    <div class=\"content\">\r\n        <p class=\"name align-center\">Gregory Dajer<\/p>\r\n        <p class=\"pos align-center\">DIRECTOR<\/p>\r\n        <div class=\"des\">\r\n            <p>Nacido en Polonia, Gregory recibi\u00f3 educaci\u00f3n internacional con t\u00edtulos del Reino Unido y Dinamarca. Trabaj\u00f3 tanto para corporaciones multinacionales como para peque\u00f1as y medianas empresas. Gregory se uni\u00f3 a MTTS en 2006 para implementar sistemas de finanzas, garant\u00eda de calidad y control de calidad. Actualmente supervisa todas las operaciones, maximiza la eficiencia y se asegura de que los clientes reciban los mejores y m\u00e1s consistentes dispositivos m\u00e9dicos de calidad dentro del plazo acordado. Tambi\u00e9n juega un papel de liderazgo en ventas y marketing. En su tiempo libre, Gregory es un \u00e1vido jugador de tenis, un viajero apasionado y un entusiasta de la comida.<\/p>\n        <\/div>\r\n    <\/div>\r\n<\/div>[\/vc_column_inner][vc_column_inner width=\u00bb1\/2&#8243;]<div class=\"wb_staff\">\r\n    <div class=\"thumb\">\r\n        <div class=\"holder\">\r\n            <img loading=\"lazy\" decoding=\"async\" width=\"560\" height=\"370\" src=\"https:\/\/www.mtts-asia.com\/wp-content\/uploads\/2014\/11\/Nga-copy.png\" class=\"attachment-full size-full\" alt=\"\" srcset=\"https:\/\/www.mtts-asia.com\/wp-content\/uploads\/2014\/11\/Nga-copy.png 560w, https:\/\/www.mtts-asia.com\/wp-content\/uploads\/2014\/11\/Nga-copy-300x198.png 300w\" sizes=\"auto, (max-width: 560px) 100vw, 560px\" \/>        <\/div>\r\n    <\/div>\r\n    <div class=\"content\">\r\n        <p class=\"name align-center\">Nga Tuyet Trang<\/p>\r\n        <p class=\"pos align-center\">VICE DIRECTORA<\/p>\r\n        <div class=\"des\">\r\n            <p>Nacido en Hanoi, Nga se educ\u00f3 en Vietnam y Dinamarca. Regres\u00f3 del extranjero con el sue\u00f1o de cambiar su pa\u00eds de origen al lugar donde todos tengan las mismas oportunidades para un comienzo saludable en la vida.<br \/>\nEn 2004 comenz\u00f3 MTTS, la compa\u00f1\u00eda que dise\u00f1a, fabrica y entrega equipos m\u00e9dicos apropiados para cuidados intensivos neonatales. Ella es responsable de administrar las aprobaciones financieras, de ventas y regulatorias. En el tiempo libre le gusta jugar al tenis, cocinar y mirar escaparates.<\/p>\n        <\/div>\r\n    <\/div>\r\n<\/div>[\/vc_column_inner][\/vc_row_inner][vc_row_inner][vc_column_inner width=\u00bb1\/2&#8243;]<div class=\"wb_staff\">\r\n    <div class=\"thumb\">\r\n        <div class=\"holder\">\r\n            <img loading=\"lazy\" decoding=\"async\" width=\"560\" height=\"370\" src=\"https:\/\/www.mtts-asia.com\/wp-content\/uploads\/2017\/03\/Trong.jpg\" class=\"attachment-full size-full\" alt=\"\" srcset=\"https:\/\/www.mtts-asia.com\/wp-content\/uploads\/2017\/03\/Trong.jpg 560w, https:\/\/www.mtts-asia.com\/wp-content\/uploads\/2017\/03\/Trong-300x198.jpg 300w\" sizes=\"auto, (max-width: 560px) 100vw, 560px\" \/>        <\/div>\r\n    <\/div>\r\n    <div class=\"content\">\r\n        <p class=\"name align-center\">Trong Duc Vo<\/p>\r\n        <p class=\"pos align-center\">GERENTE DE INVESTIGACI\u00d3N Y DESARROLLO<\/p>\r\n        <div class=\"des\">\r\n            <p>Nacido y criado en Hanoi, Trong posee una licenciatura en Ingenier\u00eda de Electr\u00f3nica y Telecomunicaciones de la Universidad Tecnol\u00f3gica de Hanoi. Se uni\u00f3 a MTTS en 2014 agregando su experiencia al equipo de Investigaci\u00f3n y Desarrollo. Trong es responsable de administrar el desarrollo de nuevos proyectos, realizar trabajos de dise\u00f1o t\u00e9cnico en electr\u00f3nica y software, y brindar apoyo de ingenier\u00eda a las actividades de producci\u00f3n y servicio al cliente. Lejos de la oficina, le gusta leer, andar en bicicleta y jugar b\u00e1dminton.<\/p>\n        <\/div>\r\n    <\/div>\r\n<\/div>[\/vc_column_inner][vc_column_inner width=\u00bb1\/2&#8243;]<div class=\"wb_staff\">\r\n    <div class=\"thumb\">\r\n        <div class=\"holder\">\r\n            <img loading=\"lazy\" decoding=\"async\" width=\"560\" height=\"370\" src=\"https:\/\/www.mtts-asia.com\/wp-content\/uploads\/2014\/11\/Steffen-copy.png\" class=\"attachment-full size-full\" alt=\"\" srcset=\"https:\/\/www.mtts-asia.com\/wp-content\/uploads\/2014\/11\/Steffen-copy.png 560w, https:\/\/www.mtts-asia.com\/wp-content\/uploads\/2014\/11\/Steffen-copy-300x198.png 300w\" sizes=\"auto, (max-width: 560px) 100vw, 560px\" \/>        <\/div>\r\n    <\/div>\r\n    <div class=\"content\">\r\n        <p class=\"name align-center\">Steffen Reschwamm<\/p>\r\n        <p class=\"pos align-center\">JEFE DE PRODUCCI\u00d3N<\/p>\r\n        <div class=\"des\">\r\n            <p>Steffen creci\u00f3 en Alemania, donde realiz\u00f3 una formaci\u00f3n profesional de 3 a\u00f1os en Electr\u00f3nica Industrial y se gradu\u00f3 en Ciencias de la Computaci\u00f3n en la Universidad de Ciencias Aplicadas de Munich. Antes de unirse a MTTS, trabaj\u00f3 como Gerente y Asesor de TI en la Academia Nacional de Administraci\u00f3n P\u00fablica de Vietnam. En MTTS, Steffen es responsable de la gesti\u00f3n del proceso de fabricaci\u00f3n y de garantizar los est\u00e1ndares del producto y la efectividad organizacional. Sus pasatiempos incluyen jugar al voleibol y al tenis, y salir a caminar a campo traviesa con sus perros.<\/p>\n        <\/div>\r\n    <\/div>\r\n<\/div>[\/vc_column_inner][\/vc_row_inner][vc_row_inner][vc_column_inner width=\u00bb2\/3&#8243;][vc_single_image image=\u00bb7173&#8243; img_size=\u00bblarge\u00bb alignment=\u00bbcenter\u00bb][\/vc_column_inner][vc_column_inner width=\u00bb1\/3&#8243;][vc_column_text]<\/p>\n<div class=\"page\" title=\"Page 1\">\n<div class=\"layoutArea\">\n<div class=\"page\" title=\"Page 1\">\n<div class=\"layoutArea\">\n<div class=\"column\">\n<ul>\n<li>ADMINISTRACI\u00d3N<\/li>\n<li>INVESTIGACI\u00d3N Y DESARROLLO<\/li>\n<li>PRODUCCI\u00d3N<\/li>\n<\/ul>\n<\/div>\n<\/div>\n<\/div>\n<\/div>\n<\/div>\n<p>[\/vc_column_text][vc_column_text]<\/p>\n<div class=\"page\" title=\"Page 1\">\n<div class=\"layoutArea\">\n<div class=\"page\" title=\"Page 1\">\n<div class=\"layoutArea\">\n<div class=\"column\">\n<ul>\n<li>CONTROL DE CALIDAD<\/li>\n<li>SERVICIO E INSTALACION<\/li>\n<li>VENTAS Y MARKETING<\/li>\n<\/ul>\n<\/div>\n<\/div>\n<\/div>\n<\/div>\n<\/div>\n<p>[\/vc_column_text][vc_column_text]<\/p>\n<div class=\"page\" title=\"Page 1\">\n<div class=\"layoutArea\">\n<div class=\"page\" title=\"Page 1\">\n<div class=\"layoutArea\">\n<div class=\"column\">\n<ul>\n<li>COMPRA<\/li>\n<li>RRHH Y ADMINISTRACI\u00d3N<\/li>\n<li>COMUNICACI\u00d3N<\/li>\n<\/ul>\n<\/div>\n<\/div>\n<\/div>\n<\/div>\n<\/div>\n<p>[\/vc_column_text][\/vc_column_inner][\/vc_row_inner][\/vc_column][\/vc_row][vc_row full_width=\u00bbstretch_row\u00bb row_type=\u00bbsection\u00bb bg_color=\u00bb#f8f8f8&#8243; padding=\u00bb40px 0&#8243; css=\u00bb.vc_custom_1734579151049{background-color: #f8f8f8 !important;}\u00bb][vc_column][vc_custom_heading text=\u00bbPrensa y socios\u00bb font_container=\u00bbtag:h2|text_align:center\u00bb use_theme_fonts=\u00bbyes\u00bb css=\u00bb\u00bb wb_heading_type=\u00bbheading\u00bb][vc_custom_heading text=\u00bbMTTS colabora con las principales instituciones de salud, universidades, y organizaciones sin fines de lucro en todo el mundo para ofrecer innovadoras, Soluciones cl\u00ednicamente probadas y apoyo a la atenci\u00f3n del desarrollo para reci\u00e9n nacidos prematuros y enfermos.\u00bb font_container=\u00bbtag:p|text_align:center\u00bb use_theme_fonts=\u00bbyes\u00bb css=\u00bb\u00bb wb_heading_type=\u00bbsmall_heading\u00bb][\/vc_column][\/vc_row][vc_row][vc_column font_color=\u00bb#81d742&#8243; el_class=\u00bbPress &amp; Partners\u00bb][vc_row_inner][vc_column_inner width=\u00bb1\/6&#8243;][vc_single_image image=\u00bb6952&#8243; alignment=\u00bbcenter\u00bb onclick=\u00bbcustom_link\u00bb img_link_target=\u00bb_blank\u00bb el_class=\u00bbWHO\u00bb link=\u00bbhttps:\/\/www.grandchallenges.ca\/\u00bb][\/vc_column_inner][vc_column_inner width=\u00bb1\/6&#8243;][vc_single_image image=\u00bb7157&#8243; alignment=\u00bbcenter\u00bb onclick=\u00bbcustom_link\u00bb img_link_target=\u00bb_blank\u00bb link=\u00bbhttps:\/\/wellcome.ac.uk\/what-we-do\/directories\/affordable-healthcare-india-projects-funded\u00bb][\/vc_column_inner][vc_column_inner width=\u00bb1\/6&#8243;][vc_single_image image=\u00bb6256&#8243; alignment=\u00bbcenter\u00bb onclick=\u00bbcustom_link\u00bb img_link_target=\u00bb_blank\u00bb link=\u00bbhttps:\/\/widgets.weforum.org\/social-entrepreneurs-2017\/\u00bb][\/vc_column_inner][vc_column_inner width=\u00bb1\/6&#8243;][vc_single_image image=\u00bb6257&#8243; alignment=\u00bbcenter\u00bb onclick=\u00bbcustom_link\u00bb img_link_target=\u00bb_blank\u00bb link=\u00bbhttps:\/\/www.weforum.org\/agenda\/2017\/03\/q-a-with-vietnam-s-inspiring-social-entrepreneur-of-the-year\/\u00bb][\/vc_column_inner][vc_column_inner width=\u00bb1\/6&#8243;][vc_single_image image=\u00bb7153&#8243; alignment=\u00bbcenter\u00bb onclick=\u00bbcustom_link\u00bb img_link_target=\u00bb_blank\u00bb el_class=\u00bbWHO\u00bb link=\u00bbhttp:\/\/mttsasia.local\/wp-content\/uploads\/2014\/11\/2013_12_WHO-report_Compendium-of-new-and-emerging-health-technologies_Firefly.pdf\u00bb][\/vc_column_inner][vc_column_inner width=\u00bb1\/6&#8243;][vc_single_image image=\u00bb7160&#8243; alignment=\u00bbcenter\u00bb onclick=\u00bbcustom_link\u00bb img_link_target=\u00bb_blank\u00bb link=\u00bbhttp:\/\/www.designthatmatters.org\/firefly\u00bb][\/vc_column_inner][\/vc_row_inner][vc_row_inner][vc_column_inner width=\u00bb1\/6&#8243;][vc_single_image image=\u00bb6499&#8243; alignment=\u00bbcenter\u00bb onclick=\u00bbcustom_link\u00bb img_link_target=\u00bb_blank\u00bb el_class=\u00bbWHO\u00bb link=\u00bbhttps:\/\/p.dw.com\/p\/37tKC\u00bb][\/vc_column_inner][vc_column_inner width=\u00bb1\/6&#8243;][vc_single_image image=\u00bb7154&#8243; alignment=\u00bbcenter\u00bb onclick=\u00bbcustom_link\u00bb img_link_target=\u00bb_blank\u00bb link=\u00bbhttp:\/\/mttsasia.local\/wp-content\/uploads\/2017\/07\/04-Economist.pdf\u00bb][\/vc_column_inner][vc_column_inner width=\u00bb1\/6&#8243;][vc_single_image image=\u00bb7155&#8243; alignment=\u00bbcenter\u00bb onclick=\u00bbcustom_link\u00bb img_link_target=\u00bb_blank\u00bb link=\u00bbhttps:\/\/www.youtube.com\/watch?v=VMv0_CXM6fY&amp;index=2&amp;list=PL_kLgffc5s3CbLFIdEqonH3cnFGgC-PR1&#8243;][\/vc_column_inner][vc_column_inner width=\u00bb1\/6&#8243;][vc_single_image image=\u00bb6279&#8243; alignment=\u00bbcenter\u00bb onclick=\u00bbcustom_link\u00bb img_link_target=\u00bb_blank\u00bb link=\u00bbhttp:\/\/www.cnn.com\/videos\/tech\/2016\/02\/23\/formfunction-firefly.cnn\u00bb][\/vc_column_inner][vc_column_inner width=\u00bb1\/6&#8243;][vc_single_image image=\u00bb7156&#8243; alignment=\u00bbcenter\u00bb onclick=\u00bbcustom_link\u00bb img_link_target=\u00bb_blank\u00bb link=\u00bbhttps:\/\/www.youtube.com\/watch?v=U6uNePzzt14&amp;index=5&amp;list=PL_kLgffc5s3CbLFIdEqonH3cnFGgC-PR1&#8243;][\/vc_column_inner][vc_column_inner width=\u00bb1\/6&#8243;][vc_single_image image=\u00bb6270&#8243; alignment=\u00bbcenter\u00bb onclick=\u00bbcustom_link\u00bb img_link_target=\u00bb_blank\u00bb link=\u00bbhttp:\/\/www.huffingtonpost.com\/chandran-nair\/the-other-entrepreneurs-vietnam-photos-_b_9461996.html\u00bb][\/vc_column_inner][\/vc_row_inner][vc_row_inner][vc_column_inner width=\u00bb1\/6&#8243;][vc_single_image image=\u00bb6505&#8243; alignment=\u00bbcenter\u00bb onclick=\u00bbcustom_link\u00bb img_link_target=\u00bb_blank\u00bb el_class=\u00bbWHO\u00bb link=\u00bbhttps:\/\/vietnamnews.vn\/society\/465589\/vietnamese-social-entrepreneur-helps-save-newborns-at-lowcost.html#HWotQGaP4HhG21E7.97&#8243;][\/vc_column_inner][vc_column_inner width=\u00bb1\/6&#8243;][vc_single_image image=\u00bb6509&#8243; alignment=\u00bbcenter\u00bb onclick=\u00bbcustom_link\u00bb img_link_target=\u00bb_blank\u00bb el_class=\u00bbWHO\u00bb link=\u00bbhttp:\/\/vn.tvnet.gov.vn\/video\/140024\/186865\/lua-chon-hanh-phuc-cua-trang-tuyet-nga\u00bb][\/vc_column_inner][vc_column_inner width=\u00bb1\/6&#8243;][vc_single_image image=\u00bb6525&#8243; alignment=\u00bbcenter\u00bb onclick=\u00bbcustom_link\u00bb img_link_target=\u00bb_blank\u00bb el_class=\u00bbWHO\u00bb link=\u00bbhttps:\/\/america.cgtn.com\/2019\/02\/25\/kim-trump-summit-can-vietnams-economy-serve-as-a-model-for-pyongyang\u00bb][\/vc_column_inner][vc_column_inner width=\u00bb1\/6&#8243;][vc_single_image image=\u00bb6258&#8243; alignment=\u00bbcenter\u00bb onclick=\u00bbcustom_link\u00bb img_link_target=\u00bb_blank\u00bb link=\u00bbhttp:\/\/www.masimo.com\/partners\/mtts\/\u00bb][\/vc_column_inner][vc_column_inner width=\u00bb1\/6&#8243;][vc_single_image image=\u00bb6269&#8243; alignment=\u00bbcenter\u00bb onclick=\u00bbcustom_link\u00bb img_link_target=\u00bb_blank\u00bb link=\u00bbhttp:\/\/www.globalinnovationforum.com\/wp-content\/uploads\/2016\/07\/TPP-Report-Full-FINAL-Hi-1.pdf\u00bb][\/vc_column_inner][vc_column_inner width=\u00bb1\/6&#8243;][vc_single_image image=\u00bb7158&#8243; alignment=\u00bbcenter\u00bb onclick=\u00bbcustom_link\u00bb img_link_target=\u00bb_blank\u00bb link=\u00bbhttp:\/\/mttsasia.local\/wp-content\/uploads\/2017\/07\/06-GSBI-Link.pdf\u00bb][\/vc_column_inner][\/vc_row_inner][vc_row_inner][vc_column_inner width=\u00bb1\/6&#8243;][vc_single_image image=\u00bb7161&#8243; alignment=\u00bbcenter\u00bb onclick=\u00bbcustom_link\u00bb img_link_target=\u00bb_blank\u00bb link=\u00bbhttp:\/\/thrivenetworks.org\/program\/breath-of-life\u00bb][\/vc_column_inner][vc_column_inner width=\u00bb1\/6&#8243;][vc_single_image image=\u00bb6277&#8243; alignment=\u00bbcenter\u00bb onclick=\u00bbcustom_link\u00bb img_link_target=\u00bb_blank\u00bb link=\u00bbhttp:\/\/www.firetree.org\/mtts.html\u00bb][\/vc_column_inner][vc_column_inner width=\u00bb1\/6&#8243;][vc_single_image image=\u00bb6278&#8243; alignment=\u00bbcenter\u00bb onclick=\u00bbcustom_link\u00bb img_link_target=\u00bb_blank\u00bb link=\u00bbhttp:\/\/www.socialcapitalfoundation.org\/en\/partners.html\u00bb][\/vc_column_inner][vc_column_inner width=\u00bb1\/6&#8243;][vc_single_image image=\u00bb6280&#8243; alignment=\u00bbcenter\u00bb onclick=\u00bbcustom_link\u00bb img_link_target=\u00bb_blank\u00bb link=\u00bbhttp:\/\/www.innovationsinhealthcare.org\/profile\/mtts\/\u00bb][\/vc_column_inner][vc_column_inner width=\u00bb1\/6&#8243;][vc_single_image image=\u00bb7164&#8243; alignment=\u00bbcenter\u00bb onclick=\u00bbcustom_link\u00bb img_link_target=\u00bb_blank\u00bb link=\u00bbhttp:\/\/www.global-inst.com\/past-programme\/vietnam\/\u00bb][\/vc_column_inner][vc_column_inner width=\u00bb1\/6&#8243;][vc_single_image image=\u00bb6314&#8243; alignment=\u00bbcenter\u00bb onclick=\u00bbcustom_link\u00bb img_link_target=\u00bb_blank\u00bb link=\u00bbhttp:\/\/cordesfoundation.org\/cordesfellows\/\u00bb][\/vc_column_inner][\/vc_row_inner][vc_row_inner][vc_column_inner width=\u00bb1\/6&#8243;][vc_single_image image=\u00bb6315&#8243; alignment=\u00bbcenter\u00bb onclick=\u00bbcustom_link\u00bb img_link_target=\u00bb_blank\u00bb link=\u00bbhttp:\/\/opportunitycollaboration2017.pathable.com\/users\/955785&#8243;][\/vc_column_inner][vc_column_inner width=\u00bb1\/6&#8243;][\/vc_column_inner][vc_column_inner width=\u00bb1\/6&#8243;][\/vc_column_inner][vc_column_inner width=\u00bb1\/6&#8243;][\/vc_column_inner][vc_column_inner width=\u00bb1\/6&#8243;][\/vc_column_inner][vc_column_inner width=\u00bb1\/6&#8243;][\/vc_column_inner][\/vc_row_inner][\/vc_column][\/vc_row]<\/p>\n<\/div>","protected":false},"excerpt":{"rendered":"<p>[vc_row full_width=\u00bbstretch_row\u00bb row_type=\u00bbsection\u00bb row_color=\u00bbcolor_light\u00bb el_class=\u00bbpage-banner\u00bb css=\u00bb.vc_custom_1734574532833{background-image: url(https:\/\/www.mtts-asia.com\/wp-content\/uploads\/2014\/11\/111.jpg?id=4723) !important;background-position: center !important;background-repeat: no-repeat !important;background-size: cover !important;}\u00bb][vc_column][vc_custom_heading source=\u00bbpost_title\u00bb font_container=\u00bbtag:h2|text_align:center\u00bb use_theme_fonts=\u00bbyes\u00bb css=\u00bb\u00bb wb_heading_type=\u00bbheading\u00bb][\/vc_column][\/vc_row][vc_row full_width=\u00bbstretch_row\u00bb row_type=\u00bbsection\u00bb bg_image=\u00bb4660&#8243; css=\u00bb.vc_custom_1734578820693{background-image: url(https:\/\/www.mtts-asia.com\/wp-content\/uploads\/2014\/11\/about.jpg?id=4660) !important;}\u00bb][vc_column el_class=\u00bbWho We Are\u00bb][vc_custom_heading text=\u00bbQuienes somos\u00bb font_container=\u00bbtag:h2|text_align:center\u00bb use_theme_fonts=\u00bbyes\u00bb css=\u00bb\u00bb wb_heading_type=\u00bbheading\u00bb][vc_custom_heading text=\u00bbMTTS se estableci\u00f3 en 2004 con el objetivo de ofrecer productos innovadores, Soluciones rentables para reci\u00e9n nacidos que necesitan cuidados m\u00e9dicos [&hellip;]<\/p>\n","protected":false},"author":3,"featured_media":0,"parent":0,"menu_order":0,"comment_status":"closed","ping_status":"closed","template":"","meta":{"footnotes":""},"class_list":["post-7148","page","type-page","status-publish","hentry"],"jetpack_sharing_enabled":true,"_links":{"self":[{"href":"https:\/\/www.mtts-asia.com\/es\/wp-json\/wp\/v2\/pages\/7148","targetHints":{"allow":["GET"]}}],"collection":[{"href":"https:\/\/www.mtts-asia.com\/es\/wp-json\/wp\/v2\/pages"}],"about":[{"href":"https:\/\/www.mtts-asia.com\/es\/wp-json\/wp\/v2\/types\/page"}],"author":[{"embeddable":true,"href":"https:\/\/www.mtts-asia.com\/es\/wp-json\/wp\/v2\/users\/3"}],"replies":[{"embeddable":true,"href":"https:\/\/www.mtts-asia.com\/es\/wp-json\/wp\/v2\/comments?post=7148"}],"version-history":[{"count":7,"href":"https:\/\/www.mtts-asia.com\/es\/wp-json\/wp\/v2\/pages\/7148\/revisions"}],"predecessor-version":[{"id":12525,"href":"https:\/\/www.mtts-asia.com\/es\/wp-json\/wp\/v2\/pages\/7148\/revisions\/12525"}],"wp:attachment":[{"href":"https:\/\/www.mtts-asia.com\/es\/wp-json\/wp\/v2\/media?parent=7148"}],"curies":[{"name":"wp","href":"https:\/\/api.w.org\/{rel}","templated":true}]}}