{"id":7316,"date":"2020-02-17T04:55:33","date_gmt":"2020-02-17T04:55:33","guid":{"rendered":"http:\/\/mttsasia.local\/?page_id=7316"},"modified":"2024-12-19T14:21:46","modified_gmt":"2024-12-19T07:21:46","slug":"beluga-resuscitator","status":"publish","type":"page","link":"https:\/\/www.mtts-asia.com\/es\/beluga-resuscitator\/","title":{"rendered":"Resucitador Beluga"},"content":{"rendered":"<div class=\"wpb-content-wrapper\"><p>[vc_row full_width=\u00bbstretch_row\u00bb row_type=\u00bbsection\u00bb row_color=\u00bbcolor_light\u00bb el_class=\u00bbpage-banner\u00bb css=\u00bb.vc_custom_1734574532833{background-image: url(https:\/\/www.mtts-asia.com\/wp-content\/uploads\/2014\/11\/111.jpg?id=4723) !important;background-position: center !important;background-repeat: no-repeat !important;background-size: cover !important;}\u00bb][vc_column][vc_custom_heading source=\u00bbpost_title\u00bb font_container=\u00bbtag:h2|text_align:center\u00bb use_theme_fonts=\u00bbyes\u00bb css=\u00bb\u00bb wb_heading_type=\u00bbheading\u00bb][\/vc_column][\/vc_row][vc_row full_width=\u00bbstretch_row\u00bb][vc_column][vc_row_inner][vc_column_inner width=\u00bb1\/3&#8243;][vc_empty_space height=\u00bb20px\u00bb][vc_single_image image=\u00bb6857&#8243; img_size=\u00bb800x420px\u00bb][vc_column_text]El reanimador t-piece es un dispositivo que usa presi\u00f3n positiva para inflar los pulmones de un paciente inconsciente que no respira, para mantenerlos oxigenados y vivos.<\/p>\n<p>Beluga con su dise\u00f1o de vanguardia combina la licuadora de ox\u00edgeno y la configuraci\u00f3n electr\u00f3nica de PEEP \/ PIP en una sola unidad. Impulsado por la bater\u00eda se puede utilizar en las unidades de entrega, UCIN y fuera del hospital en situaciones de emergencia.<\/p>\n<hr \/>\n<p>[\/vc_column_text][vc_empty_space height=\u00bb20px\u00bb][vc_column_text]<img loading=\"lazy\" decoding=\"async\" class=\"alignleft size-full wp-image-4832\" src=\"https:\/\/www.mtts-asia.com\/wp-content\/uploads\/2014\/11\/Untitled-1.png\" alt=\"Untitled-1\" width=\"45\" height=\"32\" \/><\/p>\n<p>&nbsp;<\/p>\n<p>&nbsp;<\/p>\n<p><a href=\"https:\/\/www.mtts-asia.com\/wp-content\/uploads\/2022\/11\/RES-MKT-01-Beluga-Brochure-1.02ES.pdf\" target=\"_blank\" rel=\"noopener noreferrer\">Folleto<\/a><\/p>\n<p><a href=\"https:\/\/www.mtts-asia.com\/wp-content\/uploads\/2021\/05\/RES-BL-MAN-01-Beluga-User-Manual-1.01EN.pdf\" target=\"_blank\" rel=\"noopener noreferrer\">User Manual<\/a><\/p>\n<p><a href=\"https:\/\/www.mtts-asia.com\/wp-content\/uploads\/2021\/05\/RES-BL-MAN-02-Beluga-Resuscitator-Quick-Reference-Guide-0.01EN.pdf\" target=\"_blank\" rel=\"noopener noreferrer\">Guia de referencia rapida<\/a>[\/vc_column_text][\/vc_column_inner][vc_column_inner width=\u00bb2\/3&#8243;][vc_empty_space height=\u00bb160px\u00bb][vc_images_carousel images=\u00bb6936,6938,6940,6943,6945,6947,6949&#8243; img_size=\u00bb580&#215;470&#8243; onclick=\u00bblink_no\u00bb wrap=\u00bbyes\u00bb][\/vc_column_inner][\/vc_row_inner][vc_empty_space height=\u00bb20px\u00bb][vc_row_inner][vc_column_inner width=\u00bb1\/3&#8243;][vc_column_text]<\/p>\n<p style=\"text-align: center;\"><div class=\"vc_btn3-container align-center\">\r\n<a href=\"#features\" class=\"vc_general vc_btn3 vc_btn3-size-md vc_btn3-shape-rounded vc_btn3-style-flat vc_btn3-color-wb-btn-primary\">\r\n    <span>CARACTER\u00cdSTICAS CLAVE<\/span>\r\n<\/a>\r\n<\/div>\n<p>[\/vc_column_text][\/vc_column_inner][vc_column_inner width=\u00bb1\/3&#8243;][vc_column_text]<\/p>\n<p style=\"text-align: center;\"><div class=\"vc_btn3-container align-center\">\r\n<a href=\"#technical\" class=\"vc_general vc_btn3 vc_btn3-size-md vc_btn3-shape-rounded vc_btn3-style-flat vc_btn3-color-wb-btn-primary\">\r\n    <span>ESPECIFICACIONES T\u00c9CNICAS<\/span>\r\n<\/a>\r\n<\/div>\n<p>[\/vc_column_text][\/vc_column_inner][vc_column_inner width=\u00bb1\/3&#8243;][vc_column_text]<\/p>\n<p style=\"text-align: center;\"><div class=\"vc_btn3-container align-center\">\r\n<a href=\"#ordering\" class=\"vc_general vc_btn3 vc_btn3-size-md vc_btn3-shape-rounded vc_btn3-style-flat vc_btn3-color-wb-btn-primary\">\r\n    <span>PEDIDOS Y SERVICIO<\/span>\r\n<\/a>\r\n<\/div>\n<p>[\/vc_column_text][\/vc_column_inner][\/vc_row_inner][vc_empty_space height=\u00bb20px\u00bb][\/vc_column][\/vc_row][vc_row full_width=\u00bbstretch_row\u00bb row_type=\u00bbsection\u00bb bg_color=\u00bb#f8f8f8&#8243; css=\u00bb.vc_custom_1734592868397{background-color: #f8f8f8 !important;}\u00bb][vc_column][vc_row_inner][vc_column_inner width=\u00bb1\/3&#8243;][vc_column_text]<\/p>\n<h4 style=\"text-align: center;\"><strong><img loading=\"lazy\" decoding=\"async\" class=\"aligncenter wp-image-4799 size-full\" src=\"https:\/\/www.mtts-asia.com\/wp-content\/uploads\/2014\/11\/QUALITY.png\" alt=\"\" width=\"69\" height=\"80\" \/><\/strong><\/h4>\n<h3 style=\"text-align: center;\">Calidad<\/h3>\n<hr \/>\n<p style=\"text-align: center;\">El reanimador Beluga es un dispositivo preciso y confiable que proporciona una terapia segura y efectiva, componentes de alta confiabilidad y bater\u00edas de larga duraci\u00f3n.<\/p>\n<p>[\/vc_column_text][\/vc_column_inner][vc_column_inner width=\u00bb1\/3&#8243;][vc_column_text]<\/p>\n<h4><img loading=\"lazy\" decoding=\"async\" class=\"aligncenter wp-image-4800 size-full\" src=\"https:\/\/www.mtts-asia.com\/wp-content\/uploads\/2014\/11\/INNOVATION.png\" alt=\"\" width=\"80\" height=\"80\" \/><\/h4>\n<h3 style=\"text-align: center;\">Innovaci\u00f3n<\/h3>\n<hr \/>\n<p style=\"text-align: center;\">Beluga utiliza la \u00faltima tecnolog\u00eda y, junto con una interfaz de pantalla t\u00e1ctil f\u00e1cil de usar, permite a los m\u00e9dicos ahorrar tiempo y centrarse en los problemas reales a resolver.<\/p>\n<p>[\/vc_column_text][\/vc_column_inner][vc_column_inner width=\u00bb1\/3&#8243;][vc_column_text]<\/p>\n<h4 style=\"text-align: center;\"><img loading=\"lazy\" decoding=\"async\" class=\"aligncenter wp-image-4801 size-full\" src=\"https:\/\/www.mtts-asia.com\/wp-content\/uploads\/2014\/11\/CARE.png\" alt=\"\" width=\"49\" height=\"80\" \/><\/h4>\n<h3 style=\"text-align: center;\">Cuidado<\/h3>\n<hr \/>\n<p style=\"text-align: center;\">Beluga se puede usar para emergencias donde se requiere una acci\u00f3n r\u00e1pida, as\u00ed como en un entorno hospitalario controlado durante un per\u00edodo prolongado de tiempo.<\/p>\n<p>[\/vc_column_text][\/vc_column_inner][\/vc_row_inner][\/vc_column][\/vc_row][vc_row full_width=\u00bbstretch_row\u00bb row_type=\u00bbsection\u00bb][vc_column][vc_empty_space height=\u00bb20px\u00bb][vc_column_text]<\/p>\n<h3 style=\"text-align: center;\">Caracter\u00edsticas clave<\/h3>\n<hr \/>\n<p>[\/vc_column_text][vc_row_inner][vc_column_inner width=\u00bb1\/2&#8243;][vc_column_text]<span style=\"color: #00a0c6;\"><strong>General<\/strong><\/span><br \/>\n&#8211; Port\u00e1til<br \/>\n&#8211; Respaldo de bater\u00eda de 4 horas<br \/>\n&#8211; Licuadora integrada<br \/>\n&#8211; Monitoreo de ox\u00edgeno<br \/>\n&#8211; Pantalla t\u00e1ctil f\u00e1cil de usar<br \/>\n&#8211; PIP objetivo controlado y PEEP consistente<br \/>\n&#8211; Sin restricci\u00f3n de tiempo en el uso debido a la limitaci\u00f3n del tanque de gas<br \/>\n&#8211; Utilizable en posici\u00f3n horizontal o vertical.[\/vc_column_text][\/vc_column_inner][vc_column_inner width=\u00bb1\/2&#8243;][vc_empty_space height=\u00bb75px\u00bb][vc_single_image image=\u00bb6691&#8243; img_size=\u00bb650x650px\u00bb alignment=\u00bbcenter\u00bb][\/vc_column_inner][\/vc_row_inner][\/vc_column][\/vc_row][vc_row full_width=\u00bbstretch_row\u00bb row_type=\u00bbsection\u00bb bg_color=\u00bb#f8f8f8&#8243; css=\u00bb.vc_custom_1734592890294{background-color: #f8f8f8 !important;}\u00bb][vc_column][vc_row_inner][vc_column_inner width=\u00bb1\/3&#8243;][vc_column_text]<\/p>\n<h3 style=\"text-align: center;\"><img loading=\"lazy\" decoding=\"async\" class=\"aligncenter wp-image-5017 size-full\" src=\"https:\/\/www.mtts-asia.com\/wp-content\/uploads\/2014\/11\/baby.png\" alt=\"\" width=\"89\" height=\"80\" \/><\/h3>\n<h3 style=\"text-align: center;\">Efectivo<\/h3>\n<hr \/>\n<p style=\"text-align: center;\">El reanimador Beluga presenta una mezcla electr\u00f3nica para un ajuste f\u00e1cil e independiente del caudal y FiO2.<\/p>\n<p>[\/vc_column_text][\/vc_column_inner][vc_column_inner width=\u00bb1\/3&#8243;][vc_column_text]<\/p>\n<h3 style=\"text-align: center;\"><img loading=\"lazy\" decoding=\"async\" class=\"aligncenter size-full wp-image-5009\" src=\"https:\/\/www.mtts-asia.com\/wp-content\/uploads\/2014\/11\/safe.png\" alt=\"safe\" width=\"79\" height=\"79\" \/><\/h3>\n<h3 style=\"text-align: center;\">Compatible<\/h3>\n<hr \/>\n<p style=\"text-align: center;\">Beluga combina una tecnolog\u00eda compacta, silenciosa y f\u00e1cil de operar con un control preciso del suministro de flujo de gas y la concentraci\u00f3n de ox\u00edgeno. Para mayor seguridad del paciente, Beluga incorpora un complemento completo de alarmas.<\/p>\n<p>[\/vc_column_text][\/vc_column_inner][vc_column_inner width=\u00bb1\/3&#8243;][vc_column_text]<\/p>\n<h3 style=\"text-align: center;\"><img loading=\"lazy\" decoding=\"async\" class=\"aligncenter size-full wp-image-5011\" src=\"https:\/\/www.mtts-asia.com\/wp-content\/uploads\/2014\/11\/costefficient.png\" alt=\"costefficient\" width=\"93\" height=\"80\" \/><\/h3>\n<h3 style=\"text-align: center;\">Costo eficiente<\/h3>\n<hr \/>\n<p style=\"text-align: center;\">Beluga combina eficacia cl\u00ednica comprobada en el cuidado respiratorio y consumibles de bajo costo con un valor excepcional.<\/p>\n<p>[\/vc_column_text][\/vc_column_inner][\/vc_row_inner][vc_empty_space height=\u00bb20px\u00bb][\/vc_column][\/vc_row][vc_row][vc_column][vc_empty_space height=\u00bb20px\u00bb][vc_column_text]<\/p>\n<h3 style=\"text-align: center;\">Especificaciones t\u00e9cnicas<\/h3>\n<hr \/>\n<p>[\/vc_column_text][vc_row_inner][vc_column_inner width=\u00bb2\/3&#8243;][vc_column_text]\n<table id=\"tablepress-0413\" class=\"tablepress tablepress-id-0413\">\n<tbody class=\"row-striping row-hover\">\n<tr class=\"row-1\">\n\t<td class=\"column-1\"><strong>Especificaciones f\u00edsicas<\/strong><\/td><td class=\"column-2\">Dimensiones unidad<\/td><td class=\"column-3\">20 cm x 22 cm x 20 cm<\/td>\n<\/tr>\n<tr class=\"row-2\">\n\t<td class=\"column-1\"><\/td><td class=\"column-2\">Dimensiones env\u00edo (en cajas)<\/td><td class=\"column-3\">30 cm x 30 cm x 40 cm<\/td>\n<\/tr>\n<tr class=\"row-3\">\n\t<td class=\"column-1\"><\/td><td class=\"column-2\">Peso neto<\/td><td class=\"column-3\">2.5kg<\/td>\n<\/tr>\n<tr class=\"row-4\">\n\t<td class=\"column-1\"><\/td><td class=\"column-2\">Peso env\u00edo<\/td><td class=\"column-3\">4.0kg<\/td>\n<\/tr>\n<tr class=\"row-5\">\n\t<td class=\"column-1\"><strong>Especificaciones de rendimiento <\/strong><\/td><td class=\"column-2\">Caracter\u00edsticas el\u00e9ctricas<\/td><td class=\"column-3\">100 - 240 VAC, 47\/63Hz<\/td>\n<\/tr>\n<tr class=\"row-6\">\n\t<td class=\"column-1\"><\/td><td class=\"column-2\">Precisi\u00f3n del man\u00f3metro<\/td><td class=\"column-3\">\u00b1 1 cm H2O<\/td>\n<\/tr>\n<tr class=\"row-7\">\n\t<td class=\"column-1\"><\/td><td class=\"column-2\">Presi\u00f3n inspiratoria m\u00e1xima (PIP)<\/td><td class=\"column-3\">5 - 45 cm H2O<\/td>\n<\/tr>\n<tr class=\"row-8\">\n\t<td class=\"column-1\"><\/td><td class=\"column-2\">Presi\u00f3n espiratoria final positiva (PEEP)<\/td><td class=\"column-3\">1 - 20 cm H2O<\/td>\n<\/tr>\n<tr class=\"row-9\">\n\t<td class=\"column-1\"><\/td><td class=\"column-2\">Entrega de concentraci\u00f3n de ox\u00edgeno<\/td><td class=\"column-3\">21 - 100%<\/td>\n<\/tr>\n<tr class=\"row-10\">\n\t<td class=\"column-1\"><\/td><td class=\"column-2\">Compresor de aire integrado<\/td><td class=\"column-3\">Soplador<\/td>\n<\/tr>\n<tr class=\"row-11\">\n\t<td class=\"column-1\"><\/td><td class=\"column-2\">Bater\u00eda<\/td><td class=\"column-3\">Li-ion, 12V-6000mAh<\/td>\n<\/tr>\n<tr class=\"row-12\">\n\t<td class=\"column-1\"><strong>Especificaciones ambientales<\/strong><\/td><td class=\"column-2\">Temperatura ambiente de manejo<\/td><td class=\"column-3\">18\u00baC - 35\u00baC<\/td>\n<\/tr>\n<tr class=\"row-13\">\n\t<td class=\"column-1\"><\/td><td class=\"column-2\">Humedad de manejo<\/td><td class=\"column-3\">0% - 90% RH<\/td>\n<\/tr>\n<tr class=\"row-14\">\n\t<td class=\"column-1\"><\/td><td class=\"column-2\">Temperatura ambiente de transporte y almacenaje:<\/td><td class=\"column-3\">0\u00baC - 50\u00baC<\/td>\n<\/tr>\n<tr class=\"row-15\">\n\t<td class=\"column-1\"><\/td><td class=\"column-2\">Humedad de transporte y almacenaje:<\/td><td class=\"column-3\">0% - 90% RH<\/td>\n<\/tr>\n<tr class=\"row-16\">\n\t<td class=\"column-1\"><strong>Requerimientos<\/strong><\/td><td class=\"column-2\"><\/td><td class=\"column-3\">EN 60601-1:2006\/A1:2013<\/td>\n<\/tr>\n<tr class=\"row-17\">\n\t<td class=\"column-1\"><\/td><td class=\"column-2\"><\/td><td class=\"column-3\">EN 60601-1-2:2015<\/td>\n<\/tr>\n<\/tbody>\n<\/table>\n<!-- #tablepress-0413 from cache --><br \/>\n<span id=\"ordering\"> <\/span>[\/vc_column_text][\/vc_column_inner][vc_column_inner width=\u00bb1\/3&#8243;][vc_column_text]<\/p>\n<h5><span style=\"color: #00a0c6;\">Garant\u00eda est\u00e1ndar 1 a\u00f1o.<\/span><\/h5>\n<p>(Sujeto a Pol\u00edtica de Garant\u00eda MTTS)[\/vc_column_text][\/vc_column_inner][\/vc_row_inner][\/vc_column][\/vc_row][vc_row bg_color=\u00bb#f8f8f8&#8243;][vc_column][vc_column_text]<\/p>\n<h3 style=\"text-align: center;\">Informaci\u00f3n para pedidos y servicio<\/h3>\n<p>[\/vc_column_text][\/vc_column][\/vc_row][vc_row][vc_column width=\u00bb2\/3&#8243;][vc_column_text]\n<table id=\"tablepress-0423\" class=\"tablepress tablepress-id-0423\">\n<tbody class=\"row-striping row-hover\">\n<tr class=\"row-1\">\n\t<td class=\"column-1\"><strong>Informaci\u00f3n para peticiones<\/strong><\/td><td class=\"column-2\">Resuscitator Beluga<\/td><td class=\"column-3\">RES-10000<\/td><td class=\"column-4\">Unidad Principal<\/td>\n<\/tr>\n<tr class=\"row-2\">\n\t<td class=\"column-1\"><\/td><td class=\"column-2\">Manguera de gas<\/td><td class=\"column-3\">ID 1070<\/td><td class=\"column-4\">DISS 1240<\/td>\n<\/tr>\n<tr class=\"row-3\">\n\t<td class=\"column-1\"><\/td><td class=\"column-2\"><\/td><td class=\"column-3\">ID 1316<\/td><td class=\"column-4\">British Standard<\/td>\n<\/tr>\n<tr class=\"row-4\">\n\t<td class=\"column-1\"><\/td><td class=\"column-2\"><\/td><td class=\"column-3\">ID 1317<\/td><td class=\"column-4\">JIS<\/td>\n<\/tr>\n<tr class=\"row-5\">\n\t<td class=\"column-1\"><\/td><td class=\"column-2\"><\/td><td class=\"column-3\">ID 1318<\/td><td class=\"column-4\">SIS Handwheel<\/td>\n<\/tr>\n<tr class=\"row-6\">\n\t<td class=\"column-1\"><\/td><td class=\"column-2\"><\/td><td class=\"column-3\">ID 1319<\/td><td class=\"column-4\">DIN<\/td>\n<\/tr>\n<tr class=\"row-7\">\n\t<td class=\"column-1\"><\/td><td class=\"column-2\"><\/td><td class=\"column-3\">ID 1320<\/td><td class=\"column-4\">AFNOR<\/td>\n<\/tr>\n<tr class=\"row-8\">\n\t<td class=\"column-1\"><\/td><td class=\"column-2\"><\/td><td class=\"column-3\">ID 1321<\/td><td class=\"column-4\">Ohmeda<\/td>\n<\/tr>\n<tr class=\"row-9\">\n\t<td class=\"column-1\"><\/td><td class=\"column-2\">Cable principal electricidad<\/td><td class=\"column-3\">ID 551<\/td><td class=\"column-4\">Est\u00e1ndar de la UE<\/td>\n<\/tr>\n<tr class=\"row-10\">\n\t<td class=\"column-1\"><\/td><td class=\"column-2\"><\/td><td class=\"column-3\">ID 552<\/td><td class=\"column-4\">Est\u00e1ndar de EE.UU<\/td>\n<\/tr>\n<tr class=\"row-11\">\n\t<td class=\"column-1\"><\/td><td class=\"column-2\"><\/td><td class=\"column-3\">ID 553<\/td><td class=\"column-4\">Est\u00e1ndar del RE.UU<\/td>\n<\/tr>\n<tr class=\"row-12\">\n\t<td class=\"column-1\"><\/td><td class=\"column-2\"><\/td><td class=\"column-3\">ID 1313<\/td><td class=\"column-4\">Est\u00e1ndar de AUS<\/td>\n<\/tr>\n<tr class=\"row-13\">\n\t<td class=\"column-1\"><strong>Art\u00edculos opcionales<\/strong><\/td><td class=\"column-2\">Tubo reutilizable<\/td><td class=\"column-3\">ID 1440<\/td><td class=\"column-4\">Solo tubo<\/td>\n<\/tr>\n<tr class=\"row-14\">\n\t<td class=\"column-1\"><\/td><td class=\"column-2\">V\u00e1lvula PEEP de un solo uso con pieza en T<\/td><td class=\"column-3\">ID 1478<\/td><td class=\"column-4\">V\u00e1lvula + pieza en T<\/td>\n<\/tr>\n<tr class=\"row-15\">\n\t<td class=\"column-1\"><\/td><td class=\"column-2\">Circuito de pieza en T de un solo uso<\/td><td class=\"column-3\">ID 1442<\/td><td class=\"column-4\">Tubo + v\u00e1lvula + pieza en T<\/td>\n<\/tr>\n<tr class=\"row-16\">\n\t<td class=\"column-1\"><\/td><td class=\"column-2\">M\u00e1scara de silicona - talla S (42 mm)<\/td><td class=\"column-3\">ID 1441<\/td><td class=\"column-4\"><\/td>\n<\/tr>\n<tr class=\"row-17\">\n\t<td class=\"column-1\"><\/td><td class=\"column-2\">M\u00e1scara de silicona - talla M (50 mm)<\/td><td class=\"column-3\">ID 1477<\/td><td class=\"column-4\"><\/td>\n<\/tr>\n<tr class=\"row-18\">\n\t<td class=\"column-1\"><\/td><td class=\"column-2\">M\u00e1scara de silicona - talla L (60 mm)<\/td><td class=\"column-3\">ID 1599<\/td><td class=\"column-4\"><\/td>\n<\/tr>\n<tr class=\"row-19\">\n\t<td class=\"column-1\"><\/td><td class=\"column-2\">Manguera de ox\u00edgeno con conector DISS 1240<\/td><td class=\"column-3\">ID 150 + 1070<\/td><td class=\"column-4\"><\/td>\n<\/tr>\n<tr class=\"row-20\">\n\t<td class=\"column-1\"><\/td><td class=\"column-2\">Bolsa<\/td><td class=\"column-3\">ID 1443<\/td><td class=\"column-4\"><\/td>\n<\/tr>\n<tr class=\"row-21\">\n\t<td class=\"column-1\"><\/td><td class=\"column-2\">Manual de usuario<\/td><td class=\"column-3\"><\/td><td class=\"column-4\">Espa\u00f1ol<\/td>\n<\/tr>\n<\/tbody>\n<\/table>\n<!-- #tablepress-0423 from cache -->[\/vc_column_text][\/vc_column][vc_column width=\u00bb1\/3&#8243;][\/vc_column][\/vc_row]<\/p>\n<\/div>","protected":false},"excerpt":{"rendered":"<p>[vc_row full_width=\u00bbstretch_row\u00bb row_type=\u00bbsection\u00bb row_color=\u00bbcolor_light\u00bb el_class=\u00bbpage-banner\u00bb css=\u00bb.vc_custom_1734574532833{background-image: url(https:\/\/www.mtts-asia.com\/wp-content\/uploads\/2014\/11\/111.jpg?id=4723) !important;background-position: center !important;background-repeat: no-repeat !important;background-size: cover !important;}\u00bb][vc_column][vc_custom_heading source=\u00bbpost_title\u00bb font_container=\u00bbtag:h2|text_align:center\u00bb use_theme_fonts=\u00bbyes\u00bb css=\u00bb\u00bb wb_heading_type=\u00bbheading\u00bb][\/vc_column][\/vc_row][vc_row full_width=\u00bbstretch_row\u00bb][vc_column][vc_row_inner][vc_column_inner width=\u00bb1\/3&#8243;][vc_empty_space height=\u00bb20px\u00bb][vc_single_image image=\u00bb6857&#8243; img_size=\u00bb800x420px\u00bb][vc_column_text]El reanimador t-piece es un dispositivo que usa presi\u00f3n positiva para inflar los pulmones de un paciente inconsciente que no respira, para mantenerlos oxigenados y vivos. Beluga con su dise\u00f1o de vanguardia [&hellip;]<\/p>\n","protected":false},"author":3,"featured_media":0,"parent":0,"menu_order":0,"comment_status":"closed","ping_status":"closed","template":"","meta":{"footnotes":""},"class_list":["post-7316","page","type-page","status-publish","hentry"],"jetpack_sharing_enabled":true,"_links":{"self":[{"href":"https:\/\/www.mtts-asia.com\/es\/wp-json\/wp\/v2\/pages\/7316","targetHints":{"allow":["GET"]}}],"collection":[{"href":"https:\/\/www.mtts-asia.com\/es\/wp-json\/wp\/v2\/pages"}],"about":[{"href":"https:\/\/www.mtts-asia.com\/es\/wp-json\/wp\/v2\/types\/page"}],"author":[{"embeddable":true,"href":"https:\/\/www.mtts-asia.com\/es\/wp-json\/wp\/v2\/users\/3"}],"replies":[{"embeddable":true,"href":"https:\/\/www.mtts-asia.com\/es\/wp-json\/wp\/v2\/comments?post=7316"}],"version-history":[{"count":2,"href":"https:\/\/www.mtts-asia.com\/es\/wp-json\/wp\/v2\/pages\/7316\/revisions"}],"predecessor-version":[{"id":12583,"href":"https:\/\/www.mtts-asia.com\/es\/wp-json\/wp\/v2\/pages\/7316\/revisions\/12583"}],"wp:attachment":[{"href":"https:\/\/www.mtts-asia.com\/es\/wp-json\/wp\/v2\/media?parent=7316"}],"curies":[{"name":"wp","href":"https:\/\/api.w.org\/{rel}","templated":true}]}}