{"id":7320,"date":"2020-02-17T04:56:32","date_gmt":"2020-02-17T04:56:32","guid":{"rendered":"http:\/\/mttsasia.local\/?page_id=7320"},"modified":"2025-11-25T11:54:26","modified_gmt":"2025-11-25T04:54:26","slug":"colibri-phototherapy","status":"publish","type":"page","link":"https:\/\/www.mtts-asia.com\/es\/colibri-phototherapy\/","title":{"rendered":"Fototerapia Colibri"},"content":{"rendered":"<div class=\"wpb-content-wrapper\"><p>[vc_row full_width=\u00bbstretch_row\u00bb row_type=\u00bbsection\u00bb row_color=\u00bbcolor_light\u00bb el_class=\u00bbpage-banner\u00bb css=\u00bb.vc_custom_1734574532833{background-image: url(https:\/\/www.mtts-asia.com\/wp-content\/uploads\/2014\/11\/111.jpg?id=4723) !important;background-position: center !important;background-repeat: no-repeat !important;background-size: cover !important;}\u00bb][vc_column][vc_custom_heading source=\u00bbpost_title\u00bb font_container=\u00bbtag:h2|text_align:center\u00bb use_theme_fonts=\u00bbyes\u00bb css=\u00bb\u00bb wb_heading_type=\u00bbheading\u00bb][\/vc_column][\/vc_row][vc_row full_width=\u00bbstretch_row\u00bb row_type=\u00bbsection\u00bb][vc_column][vc_column_text]<\/p>\n<h3 style=\"text-align: center;\">\u00a1AHORA DISPONIBLE 2 HORAS DE RESPALDO DE BATER\u00cdA INTERNA!<\/h3>\n<p>[\/vc_column_text][vc_row_inner][vc_column_inner width=\u00bb1\/3&#8243;][vc_single_image image=\u00bb6099&#8243; img_size=\u00bb534x255px\u00bb][vc_column_text]<\/p>\n<p style=\"text-align: justify;\">La fototerapia es el tratamiento m\u00e1s com\u00fan para reducir los niveles altos de bilirrubina que causan ictericia en los reci\u00e9n nacidos. La fototerapia Colibri es una unidad de fototerapia a\u00e9rea compacta, de bajo costo y alto rendimiento que proporciona luz de alta intensidad para tratar la hiperbilirrubinemia. Cuenta con luces LED de larga duraci\u00f3n, mayor \u00e1rea de superficie, alta irradiancia espectral, panel de control intuitivo, tama\u00f1o compacto y opciones de montaje flexibles para ayudar a garantizar una dosificaci\u00f3n efectiva del paciente y resultados r\u00e1pidos.<br \/>\nLa fototerapia Colibri se dise\u00f1\u00f3 para usarse en combinaci\u00f3n con cualquier calentador radiante, cama infantil o incubadora disponible en el mercado para brindar un tratamiento de fototerapia efectivo mientras se apoya la atenci\u00f3n del desarrollo. En lugar de la unidad superior tradicional, la fototerapia Colibri tiene 2 marquesinas que no interfieren con los calentadores radiantes y proporcionan la m\u00e1xima exposici\u00f3n a la luz LED.<\/p>\n<p style=\"text-align: justify;\"><img loading=\"lazy\" decoding=\"async\" class=\"wp-image-5563 alignnone\" src=\"https:\/\/www.mtts-asia.com\/wp-content\/uploads\/2014\/11\/CE-Mark-with-Number1.jpg\" alt=\"CE Mark with Number\" width=\"97\" height=\"35\" \/><\/p>\n<hr \/>\n<p>[\/vc_column_text][vc_empty_space height=\u00bb20px\u00bb][vc_column_text css=\u00bb\u00bb]<img loading=\"lazy\" decoding=\"async\" class=\"alignleft size-full wp-image-4832\" src=\"https:\/\/www.mtts-asia.com\/wp-content\/uploads\/2014\/11\/Untitled-1.png\" alt=\"Untitled-1\" width=\"45\" height=\"32\" \/><\/p>\n<p>&nbsp;<\/p>\n<p>&nbsp;<\/p>\n<p><a href=\"https:\/\/www.mtts-asia.com\/wp-content\/uploads\/2025\/09\/PT-CL-MKT-01-Colibri-Brochure-1.11ES.pdf\" target=\"_blank\" rel=\"noopener noreferrer\">Folleto<\/a><\/p>\n<p><a href=\"https:\/\/www.mtts-asia.com\/wp-content\/uploads\/2025\/11\/PT-CL-MAN-01-Colibri-User-Manual-1.16ES.pdf\" target=\"_blank\" rel=\"noopener noreferrer\">Manual de usuario<\/a><\/p>\n<p><a href=\"https:\/\/www.mtts-asia.com\/wp-content\/uploads\/2020\/02\/PT-CL-MAN-03-Colibri-Assembly-Instructions-1.01ES.pdf\" target=\"_blank\" rel=\"noopener noreferrer\">Instrucciones de montaje<\/a><\/p>\n<p><a href=\"https:\/\/www.mtts-asia.com\/wp-content\/uploads\/2024\/12\/PT-CL-MAN-04-Colibri-Quick-Reference-Guide-1.04ES.pdf\" target=\"_blank\" rel=\"noopener noreferrer\">Guia de referencia rapida<\/a><\/p>\n<p><a href=\"https:\/\/youtu.be\/8gqmJCqnNws\">Tutorial de ensamblaje de video<\/a>[\/vc_column_text][vc_video link=\u00bbhttps:\/\/youtu.be\/8gqmJCqnNws\u00bb][\/vc_column_inner][vc_column_inner width=\u00bb2\/3&#8243;][vc_empty_space height=\u00bb75px\u00bb][vc_images_carousel images=\u00bb6735,6737,6739,6741,6743&#8243; img_size=\u00bb650&#215;650&#8243; onclick=\u00bblink_no\u00bb wrap=\u00bbyes\u00bb][\/vc_column_inner][\/vc_row_inner][vc_empty_space height=\u00bb20px\u00bb][vc_row_inner][vc_column_inner width=\u00bb1\/3&#8243;][vc_column_text]<\/p>\n<p style=\"text-align: center;\"><div class=\"vc_btn3-container align-center\">\r\n<a href=\"#features\" class=\"vc_general vc_btn3 vc_btn3-size-md vc_btn3-shape-rounded vc_btn3-style-flat vc_btn3-color-wb-btn-primary\">\r\n    <span>CARACTER\u00cdSTICAS CLAVE<\/span>\r\n<\/a>\r\n<\/div>\n<p>[\/vc_column_text][\/vc_column_inner][vc_column_inner width=\u00bb1\/3&#8243;][vc_column_text]<\/p>\n<p style=\"text-align: center;\"><div class=\"vc_btn3-container align-center\">\r\n<a href=\"#technical\" class=\"vc_general vc_btn3 vc_btn3-size-md vc_btn3-shape-rounded vc_btn3-style-flat vc_btn3-color-wb-btn-primary\">\r\n    <span>ESPECIFICACIONES T\u00c9CNICAS<\/span>\r\n<\/a>\r\n<\/div>\n<p>[\/vc_column_text][\/vc_column_inner][vc_column_inner width=\u00bb1\/3&#8243;][vc_column_text]<\/p>\n<p style=\"text-align: center;\"><div class=\"vc_btn3-container align-center\">\r\n<a href=\"#ordering\" class=\"vc_general vc_btn3 vc_btn3-size-md vc_btn3-shape-rounded vc_btn3-style-flat vc_btn3-color-wb-btn-primary\">\r\n    <span>PEDIDOS Y SERVICIO<\/span>\r\n<\/a>\r\n<\/div>\n<p>[\/vc_column_text][\/vc_column_inner][\/vc_row_inner][vc_empty_space height=\u00bb20px\u00bb][\/vc_column][\/vc_row][vc_row full_width=\u00bbstretch_row\u00bb row_type=\u00bbsection\u00bb bg_color=\u00bb#f8f8f8&#8243; css=\u00bb.vc_custom_1734595557741{background-color: #f8f8f8 !important;}\u00bb][vc_column][vc_row_inner][vc_column_inner width=\u00bb1\/3&#8243;][vc_column_text]<\/p>\n<h4 style=\"text-align: center;\"><strong><img loading=\"lazy\" decoding=\"async\" class=\"aligncenter wp-image-4799 size-full\" src=\"https:\/\/www.mtts-asia.com\/wp-content\/uploads\/2014\/11\/QUALITY.png\" alt=\"\" width=\"69\" height=\"80\" \/><\/strong><\/h4>\n<h3 style=\"text-align: center;\">Calidad<\/h3>\n<hr \/>\n<p style=\"text-align: center;\">La fototerapia Colibri es LED de alta potencia que entrega luz azul a 440-460 nm, el pico \u00f3ptimo del espectro de luz para tratar la ictericia. Est\u00e1n posicionados para ofrecer una excelente uniformidad de la luz en un \u00e1rea grande, lo que permite una cobertura total de la piel del paciente y una dosificaci\u00f3n efectiva.<\/p>\n<p>[\/vc_column_text][\/vc_column_inner][vc_column_inner width=\u00bb1\/3&#8243;][vc_column_text]<\/p>\n<h4><img loading=\"lazy\" decoding=\"async\" class=\"aligncenter wp-image-4800 size-full\" src=\"https:\/\/www.mtts-asia.com\/wp-content\/uploads\/2014\/11\/INNOVATION.png\" alt=\"\" width=\"80\" height=\"80\" \/><\/h4>\n<h3 style=\"text-align: center;\">Innovaci\u00f3n<\/h3>\n<hr \/>\n<p style=\"text-align: center;\">La innovaci\u00f3n clave de la fototerapia Colibri es utilizar LED azules de alta intensidad y permitir la terapia junto con otros dispositivos sin perder la exposici\u00f3n del paciente a la fuente de luz. No es necesario realizar ning\u00fan ajuste cuando Colibri se usa junto con un calentador radiante.<\/p>\n<p>[\/vc_column_text][\/vc_column_inner][vc_column_inner width=\u00bb1\/3&#8243;][vc_column_text]<\/p>\n<h4 style=\"text-align: center;\"><img loading=\"lazy\" decoding=\"async\" class=\"aligncenter wp-image-4801 size-full\" src=\"https:\/\/www.mtts-asia.com\/wp-content\/uploads\/2014\/11\/CARE.png\" alt=\"\" width=\"49\" height=\"80\" \/><\/h4>\n<h3 style=\"text-align: center;\">Cuidado<\/h3>\n<hr \/>\n<p style=\"text-align: center;\">Dise\u00f1ada teniendo en cuenta la funcionalidad y el rendimiento, la fototerapia Colibri tiene un modo intensivo para una mayor entrega de luz terap\u00e9utica. Su dise\u00f1o que ahorra espacio permite que los profesionales de la salud accedan a los pacientes durante los procedimientos mientras brindan un tratamiento de fototerapia constante.<\/p>\n<p>[\/vc_column_text][\/vc_column_inner][\/vc_row_inner][\/vc_column][\/vc_row][vc_row full_width=\u00bbstretch_row\u00bb row_type=\u00bbsection\u00bb][vc_column][vc_column_text]<\/p>\n<h3 style=\"text-align: center;\">Caracter\u00edsticas clave<\/h3>\n<hr \/>\n<p>[\/vc_column_text][vc_row_inner][vc_column_inner width=\u00bb1\/2&#8243;][vc_column_text]<span style=\"color: #00a0c6;\"><strong>Descripci\u00f3n<\/strong><\/span><br \/>\nModos seleccionables por el usuario \u201cstandard\u201d e \u201cintensivo\u201d modes<br \/>\nUtilizados con neonatos prematuros y a t\u00e9rmino completo<br \/>\nCompatible todos los radioadores, cunas o incubadoras disponibles en el mercado<br \/>\nSin partes m\u00f3viles ni ventiladores internos<\/p>\n<p><span style=\"color: #00a0c6;\"><strong>Luces LED<\/strong><\/span><br \/>\nEspectro de luz \u00f3ptimo para el tratamiento de la ictericia<br \/>\nAltura ajustable para maximizar la superficie de piel a exposici\u00f3n<\/p>\n<p><span style=\"color: #00a0c6;\"><strong>Alimentaci\u00f3n<\/strong><\/span><br \/>\nSuministro el\u00e9ctrico grado m\u00e9dico<br \/>\nConector de 3 clavijas para una conexi\u00f3n el\u00e9ctrica segura<br \/>\nFusible para protecci\u00f3n el\u00e9ctrica<br \/>\nBater\u00eda opcional de 2h o 12h de respaldo<\/p>\n<p><span style=\"color: #00a0c6;\"><strong>Mandos<\/strong><\/span><br \/>\nBot\u00f3n on\/o<br \/>\nBot\u00f3n de control para alternar entre modo normal e intensivo<\/p>\n<p><span style=\"color: #00a0c6;\"><strong>4. Control Panel<\/strong><\/span><br \/>\nOn\/off button.<br \/>\nControl button to toggle between normal and intensive mode<\/p>\n<p><span style=\"color: #00a0c6;\"><strong>Pantallas\/indicadores<\/strong><\/span><br \/>\nPantalla luminosa de LED, lectura desde lejos<br \/>\nContador tiempo de tratamiento<br \/>\nContador tiempo total del sistema (vitalicio)<br \/>\nContador tiempo total del sistema modo intensivo (vitalicio)<br \/>\nIndicador modo est\u00e1ndar\/intensivo<\/p>\n<p><span style=\"color: #00a0c6;\"><strong>Pie<\/strong><\/span><br \/>\nAltura ajustable (115-140cm desde la fuente de luz) para adaptarse a distintas alturas de camas<br \/>\nRuedas giratorias duraderas con bloqueo[\/vc_column_text][\/vc_column_inner][vc_column_inner width=\u00bb1\/2&#8243;][vc_single_image image=\u00bb6036&#8243; img_size=\u00bb500x710px\u00bb][\/vc_column_inner][\/vc_row_inner][\/vc_column][\/vc_row][vc_row full_width=\u00bbstretch_row\u00bb row_type=\u00bbsection\u00bb bg_color=\u00bb#f8f8f8&#8243; css=\u00bb.vc_custom_1734595576130{background-color: #f8f8f8 !important;}\u00bb][vc_column][vc_row_inner][vc_column_inner width=\u00bb1\/3&#8243;][vc_column_text]<\/p>\n<h3 style=\"text-align: center;\"><img loading=\"lazy\" decoding=\"async\" class=\"aligncenter wp-image-5017 size-full\" src=\"https:\/\/www.mtts-asia.com\/wp-content\/uploads\/2014\/11\/baby.png\" alt=\"\" width=\"89\" height=\"80\" \/><\/h3>\n<h3 style=\"text-align: center;\">F\u00e1cil de usar<\/h3>\n<hr \/>\n<p style=\"text-align: center;\">La fototerapia Colibri presenta una pantalla LED grande, brillante y f\u00e1cil de leer que proporciona una indicaci\u00f3n clara del uso de la l\u00e1mpara y el tiempo de tratamiento. Sus ruedas giratorias duraderas hacen que Colibri se posicione r\u00e1pidamente para una entrega precisa de luz terap\u00e9utica y se quite f\u00e1cilmente para la evaluaci\u00f3n y atenci\u00f3n del paciente.<\/p>\n<p>[\/vc_column_text][\/vc_column_inner][vc_column_inner width=\u00bb1\/3&#8243;][vc_column_text]<\/p>\n<h3 style=\"text-align: center;\"><img loading=\"lazy\" decoding=\"async\" class=\"aligncenter size-full wp-image-5009\" src=\"https:\/\/www.mtts-asia.com\/wp-content\/uploads\/2014\/11\/safe.png\" alt=\"safe\" width=\"79\" height=\"79\" \/><\/h3>\n<h3 style=\"text-align: center;\">Compatible<\/h3>\n<hr \/>\n<p style=\"text-align: center;\">El soporte de fototerapia Colibri se puede ajustar a la altura m\u00e1s efectiva para adaptarse a diferentes camas y otros equipos. La unidad de luz cubre un \u00e1rea grande y se puede colocar sobre cualquier incubadora o calentador radiante sin la necesidad de inclinarse.<\/p>\n<p>[\/vc_column_text][\/vc_column_inner][vc_column_inner width=\u00bb1\/3&#8243;][vc_column_text]<\/p>\n<h3 style=\"text-align: center;\"><img loading=\"lazy\" decoding=\"async\" class=\"aligncenter size-full wp-image-5011\" src=\"https:\/\/www.mtts-asia.com\/wp-content\/uploads\/2014\/11\/costefficient.png\" alt=\"costefficient\" width=\"93\" height=\"80\" \/><\/h3>\n<h3 style=\"text-align: center;\">Costo eficiente<\/h3>\n<hr \/>\n<p style=\"text-align: center;\">Colibri Phototherapy es un dispositivo de fototerapia asequible que combina la efectividad cl\u00ednica comprobada en el manejo de la ictericia con un consumo m\u00ednimo de energ\u00eda. Los LED de alta potencia proporcionan hasta 60,000 horas de terapia de luz.<\/p>\n<p>[\/vc_column_text][\/vc_column_inner][\/vc_row_inner][vc_empty_space height=\u00bb20px\u00bb][\/vc_column][\/vc_row][vc_row full_width=\u00bbstretch_row\u00bb row_type=\u00bbsection\u00bb][vc_column][vc_column_text]<\/p>\n<h3 style=\"text-align: center;\">Especificaciones t\u00e9cnicas<\/h3>\n<hr \/>\n<p>[\/vc_column_text][vc_row_inner][vc_column_inner width=\u00bb2\/3&#8243;][vc_column_text]\n<table id=\"tablepress-0113\" class=\"tablepress tablepress-id-0113\">\n<tbody class=\"row-striping row-hover\">\n<tr class=\"row-1\">\n\t<td class=\"column-1\"><strong>Dimensiones y Peso<\/strong><\/td><td class=\"column-2\">Dim. unidad (altura m\u00e1xima)<\/td><td class=\"column-3\">69.5 cm x 60.2 cm x 155 cm<\/td>\n<\/tr>\n<tr class=\"row-2\">\n\t<td class=\"column-1\"><\/td><td class=\"column-2\">Dim. unidad (altura m\u00ednima)<\/td><td class=\"column-3\">60 cm x 55 cm x 130 cm<\/td>\n<\/tr>\n<tr class=\"row-3\">\n\t<td class=\"column-1\"><\/td><td class=\"column-2\">Dimensiones env\u00edo (en cajas)<\/td><td class=\"column-3\">26 cm x 65 cm x 108 cm<\/td>\n<\/tr>\n<tr class=\"row-4\">\n\t<td class=\"column-1\"><\/td><td class=\"column-2\">Ajuste de altura<\/td><td class=\"column-3\">25 cm<\/td>\n<\/tr>\n<tr class=\"row-5\">\n\t<td class=\"column-1\"><\/td><td class=\"column-2\">Peso neto<\/td><td class=\"column-3\">16 kg<\/td>\n<\/tr>\n<tr class=\"row-6\">\n\t<td class=\"column-1\"><\/td><td class=\"column-2\">Peso env\u00edo<\/td><td class=\"column-3\">23.5 kg<\/td>\n<\/tr>\n<tr class=\"row-7\">\n\t<td class=\"column-1\"><strong>Especificaciones de funcionamiento<\/strong><\/td><td class=\"column-2\">M\u00e1xima longitud de onda<\/td><td class=\"column-3\">465 to 485 nm<\/td>\n<\/tr>\n<tr class=\"row-8\">\n\t<td class=\"column-1\"><\/td><td class=\"column-2\">Duraci\u00f3n de la l\u00e1mpara<\/td><td class=\"column-3\">60 000 horas<\/td>\n<\/tr>\n<tr class=\"row-9\">\n\t<td class=\"column-1\"><\/td><td class=\"column-2\">IIrradiancia espectral total<\/td><td class=\"column-3\">Modo est\u00e1ndar > 37.0 \u00b5W.cm-2.nm-1<br \/>\nModo intensivo > 53.0 \u00b5W.cm-2.nm-1<br \/>\n<\/td>\n<\/tr>\n<tr class=\"row-10\">\n\t<td class=\"column-1\"><\/td><td class=\"column-2\">\u00c1rea de superficie efectiva<\/td><td class=\"column-3\">50 cm x 30 cm<\/td>\n<\/tr>\n<tr class=\"row-11\">\n\t<td class=\"column-1\"><\/td><td class=\"column-2\">Radio de uniformidad de la irradiaci\u00f3n<\/td><td class=\"column-3\">Modo est\u00e1ndar: 0.59 (IEC compliant > 0.4)<br \/>\nModo intensivo: 0.60 (IEC compliant > 0.4)<\/td>\n<\/tr>\n<tr class=\"row-12\">\n\t<td class=\"column-1\"><strong>Especificaciones el\u00e9ctricas<\/strong><\/td><td class=\"column-2\">Suministro el\u00e9ctrico externo<\/td><td class=\"column-3\">60W, 100-240VAC, 47\/63Hz<\/td>\n<\/tr>\n<tr class=\"row-13\">\n\t<td class=\"column-1\"><\/td><td class=\"column-2\">COTS External PS<\/td><td class=\"column-3\">Aprobaciones m\u00e9dicas de seguridad internacionales<\/td>\n<\/tr>\n<tr class=\"row-14\">\n\t<td class=\"column-1\"><\/td><td class=\"column-2\"><\/td><td class=\"column-3\">ANSI\/AAMI\/EN 60601-1, UL\/TUV<\/td>\n<\/tr>\n<tr class=\"row-15\">\n\t<td class=\"column-1\"><\/td><td class=\"column-2\"><\/td><td class=\"column-3\">Construcci\u00f3n Clase I est\u00e1ndar (requiere suelo)<\/td>\n<\/tr>\n<tr class=\"row-16\">\n\t<td class=\"column-1\"><\/td><td class=\"column-2\"><\/td><td class=\"column-3\">100k horas MTBF<\/td>\n<\/tr>\n<tr class=\"row-17\">\n\t<td class=\"column-1\"><\/td><td class=\"column-2\"><\/td><td class=\"column-3\">Compatible con nivel V de energ\u00eda<\/td>\n<\/tr>\n<tr class=\"row-18\">\n\t<td class=\"column-1\"><\/td><td class=\"column-2\"><\/td><td class=\"column-3\">RoHS 2 en cumplimiento<\/td>\n<\/tr>\n<tr class=\"row-19\">\n\t<td class=\"column-1\"><\/td><td class=\"column-2\"><\/td><td class=\"column-3\">Protecci\u00f3n sobrevoltaje\/sobrecorriente<\/td>\n<\/tr>\n<tr class=\"row-20\">\n\t<td class=\"column-1\"><strong>Especificaciones ambientales<\/strong><\/td><td class=\"column-2\">Manejo<\/td><td class=\"column-3\">Temperatura ambiente: +10\u00b0C to +40\u00b0C<\/td>\n<\/tr>\n<tr class=\"row-21\">\n\t<td class=\"column-1\"><\/td><td class=\"column-2\"><\/td><td class=\"column-3\">Humedad: 0% to 90% RH sin condensaci\u00f3n<\/td>\n<\/tr>\n<tr class=\"row-22\">\n\t<td class=\"column-1\"><\/td><td class=\"column-2\"><\/td><td class=\"column-3\">Presi\u00f3n atmosf\u00e9rica: 70-106kPa<\/td>\n<\/tr>\n<tr class=\"row-23\">\n\t<td class=\"column-1\"><\/td><td class=\"column-2\">Transporte y almacenaje<\/td><td class=\"column-3\">Temperatura ambiente: 0\u00b0C to +50\u00b0C<\/td>\n<\/tr>\n<tr class=\"row-24\">\n\t<td class=\"column-1\"><\/td><td class=\"column-2\"><\/td><td class=\"column-3\">Humedad: 0% to 90% RH sin condensaci\u00f3n<\/td>\n<\/tr>\n<tr class=\"row-25\">\n\t<td class=\"column-1\"><\/td><td class=\"column-2\"><\/td><td class=\"column-3\">Presi\u00f3n atmosf\u00e9rica: 70-106kPa<\/td>\n<\/tr>\n<tr class=\"row-26\">\n\t<td class=\"column-1\"><\/td><td class=\"column-2\">Excluido<\/td><td class=\"column-3\">Ninguna<\/td>\n<\/tr>\n<tr class=\"row-27\">\n\t<td class=\"column-1\"><strong>Est\u00e1ndares de referencia<\/strong><\/td><td class=\"column-2\">EN ISO 15223-1:2016<\/td><td class=\"column-3\"><\/td>\n<\/tr>\n<tr class=\"row-28\">\n\t<td class=\"column-1\"><\/td><td class=\"column-2\">EN ISO 20417:2021<\/td><td class=\"column-3\"><\/td>\n<\/tr>\n<tr class=\"row-29\">\n\t<td class=\"column-1\"><\/td><td class=\"column-2\">EN ISO 13485:2016+A11:2021<\/td><td class=\"column-3\"><\/td>\n<\/tr>\n<tr class=\"row-30\">\n\t<td class=\"column-1\"><\/td><td class=\"column-2\">EN ISO 14971:2019+A11:2021<\/td><td class=\"column-3\"><\/td>\n<\/tr>\n<tr class=\"row-31\">\n\t<td class=\"column-1\"><\/td><td class=\"column-2\">ISO TR 24971:2020<\/td><td class=\"column-3\"><\/td>\n<\/tr>\n<tr class=\"row-32\">\n\t<td class=\"column-1\"><\/td><td class=\"column-2\">EN 60601-1-2:2015+A1:2021<\/td><td class=\"column-3\"><\/td>\n<\/tr>\n<tr class=\"row-33\">\n\t<td class=\"column-1\"><\/td><td class=\"column-2\">EN 60601-1-6:2010+A1+A2:2021<\/td><td class=\"column-3\"><\/td>\n<\/tr>\n<tr class=\"row-34\">\n\t<td class=\"column-1\"><\/td><td class=\"column-2\">EN IEC 60601-2-50:2021<\/td><td class=\"column-3\"><\/td>\n<\/tr>\n<tr class=\"row-35\">\n\t<td class=\"column-1\"><\/td><td class=\"column-2\">EN 60601-1:2006+A1+A12+A2:2021<\/td><td class=\"column-3\"><\/td>\n<\/tr>\n<tr class=\"row-36\">\n\t<td class=\"column-1\"><\/td><td class=\"column-2\">MEDDEV. 2.7.1 Rev.4<\/td><td class=\"column-3\"><\/td>\n<\/tr>\n<tr class=\"row-37\">\n\t<td class=\"column-1\"><\/td><td class=\"column-2\">MEDDEV 2.12-1 Rev. 8<\/td><td class=\"column-3\"><\/td>\n<\/tr>\n<tr class=\"row-38\">\n\t<td class=\"column-1\"><\/td><td class=\"column-2\">MEDDEV. 2.12-2 Rev.2<\/td><td class=\"column-3\"><\/td>\n<\/tr>\n<tr class=\"row-39\">\n\t<td class=\"column-1\"><\/td><td class=\"column-2\">ROHS 2015\/863\/EU<\/td><td class=\"column-3\"><\/td>\n<\/tr>\n<tr class=\"row-40\">\n\t<td class=\"column-1\"><\/td><td class=\"column-2\">WEEE 2012\/19\/EU<\/td><td class=\"column-3\"><\/td>\n<\/tr>\n<\/tbody>\n<\/table>\n<!-- #tablepress-0113 from cache --><br \/>\n<span id=\"ordering\"> <\/span>[\/vc_column_text][\/vc_column_inner][vc_column_inner width=\u00bb1\/3&#8243;][vc_column_text]<\/p>\n<h5><span style=\"color: #00a0c6;\">Garant\u00eda est\u00e1ndar 1 a\u00f1o.<\/span><\/h5>\n<p>(Sujeto a Pol\u00edtica de Garant\u00eda MTTS)[\/vc_column_text][\/vc_column_inner][\/vc_row_inner][\/vc_column][\/vc_row][vc_row bg_color=\u00bb#f8f8f8&#8243;][vc_column][vc_column_text]<\/p>\n<h3 style=\"text-align: center;\">Informaci\u00f3n para pedidos y servicio<\/h3>\n<p>[\/vc_column_text][\/vc_column][\/vc_row][vc_row][vc_column][vc_column_text]\n<table id=\"tablepress-0123\" class=\"tablepress tablepress-id-0123\">\n<tbody class=\"row-striping row-hover\">\n<tr class=\"row-1\">\n\t<td class=\"column-1\"><strong>Informaci\u00f3n sobre pedidos<\/strong><\/td><td class=\"column-2\">Fototerapia Colibri <\/td><td class=\"column-3\">CL1-1000<\/td><td class=\"column-4\">Unidad Principal<\/td>\n<\/tr>\n<tr class=\"row-2\">\n\t<td class=\"column-1\"><strong>Art\u00edculos opcionales<\/strong><\/td><td class=\"column-2\">Bater\u00eda de reserva<\/td><td class=\"column-3\">ID 1494<\/td><td class=\"column-4\">Interno - 2h<\/td>\n<\/tr>\n<tr class=\"row-3\">\n\t<td class=\"column-1\"><\/td><td class=\"column-2\">Fot\u00f3metro<\/td><td class=\"column-3\">LM-800<\/td><td class=\"column-4\"><\/td>\n<\/tr>\n<tr class=\"row-4\">\n\t<td class=\"column-1\"><\/td><td class=\"column-2\">Parches para los ojos<\/td><td class=\"column-3\">ID 564\/5\/6<\/td><td class=\"column-4\">S, M, L<\/td>\n<\/tr>\n<tr class=\"row-5\">\n\t<td class=\"column-1\"><\/td><td class=\"column-2\">Cable de alimentaci\u00f3n<\/td><td class=\"column-3\">ID 551<\/td><td class=\"column-4\">Est\u00e1ndar de la UE<\/td>\n<\/tr>\n<tr class=\"row-6\">\n\t<td class=\"column-1\"><\/td><td class=\"column-2\"><\/td><td class=\"column-3\">ID 552<\/td><td class=\"column-4\">Est\u00e1ndar de EE.UU<\/td>\n<\/tr>\n<tr class=\"row-7\">\n\t<td class=\"column-1\"><\/td><td class=\"column-2\"><\/td><td class=\"column-3\">ID 553<\/td><td class=\"column-4\">Est\u00e1ndar del RE.UU<\/td>\n<\/tr>\n<tr class=\"row-8\">\n\t<td class=\"column-1\"><\/td><td class=\"column-2\"><\/td><td class=\"column-3\">ID 1313<\/td><td class=\"column-4\">Est\u00e1ndar de AUS<\/td>\n<\/tr>\n<tr class=\"row-9\">\n\t<td class=\"column-1\"><\/td><td class=\"column-2\">Manual de usuario<\/td><td class=\"column-3\"><\/td><td class=\"column-4\">Espa\u00f1ol<\/td>\n<\/tr>\n<tr class=\"row-10\">\n\t<td class=\"column-1\"><\/td><td class=\"column-2\">Instrucciones de montaje<\/td><td class=\"column-3\"><\/td><td class=\"column-4\">Espa\u00f1ol<\/td>\n<\/tr>\n<tr class=\"row-11\">\n\t<td class=\"column-1\"><\/td><td class=\"column-2\">Guia de referencia rapida<\/td><td class=\"column-3\"><\/td><td class=\"column-4\">Espa\u00f1ol<\/td>\n<\/tr>\n<\/tbody>\n<\/table>\n<!-- #tablepress-0123 from cache -->[\/vc_column_text][\/vc_column][\/vc_row]<\/p>\n<\/div>","protected":false},"excerpt":{"rendered":"<p>[vc_row full_width=\u00bbstretch_row\u00bb row_type=\u00bbsection\u00bb row_color=\u00bbcolor_light\u00bb el_class=\u00bbpage-banner\u00bb css=\u00bb.vc_custom_1734574532833{background-image: url(https:\/\/www.mtts-asia.com\/wp-content\/uploads\/2014\/11\/111.jpg?id=4723) !important;background-position: center !important;background-repeat: no-repeat !important;background-size: cover !important;}\u00bb][vc_column][vc_custom_heading source=\u00bbpost_title\u00bb font_container=\u00bbtag:h2|text_align:center\u00bb use_theme_fonts=\u00bbyes\u00bb css=\u00bb\u00bb wb_heading_type=\u00bbheading\u00bb][\/vc_column][\/vc_row][vc_row full_width=\u00bbstretch_row\u00bb row_type=\u00bbsection\u00bb][vc_column][vc_column_text] \u00a1AHORA DISPONIBLE 2 HORAS DE RESPALDO DE BATER\u00cdA INTERNA! [\/vc_column_text][vc_row_inner][vc_column_inner width=\u00bb1\/3&#8243;][vc_single_image image=\u00bb6099&#8243; img_size=\u00bb534x255px\u00bb][vc_column_text] La fototerapia es el tratamiento m\u00e1s com\u00fan para reducir los niveles altos de bilirrubina que causan ictericia en los reci\u00e9n nacidos. [&hellip;]<\/p>\n","protected":false},"author":3,"featured_media":0,"parent":0,"menu_order":0,"comment_status":"closed","ping_status":"closed","template":"","meta":{"footnotes":""},"class_list":["post-7320","page","type-page","status-publish","hentry"],"jetpack_sharing_enabled":true,"_links":{"self":[{"href":"https:\/\/www.mtts-asia.com\/es\/wp-json\/wp\/v2\/pages\/7320","targetHints":{"allow":["GET"]}}],"collection":[{"href":"https:\/\/www.mtts-asia.com\/es\/wp-json\/wp\/v2\/pages"}],"about":[{"href":"https:\/\/www.mtts-asia.com\/es\/wp-json\/wp\/v2\/types\/page"}],"author":[{"embeddable":true,"href":"https:\/\/www.mtts-asia.com\/es\/wp-json\/wp\/v2\/users\/3"}],"replies":[{"embeddable":true,"href":"https:\/\/www.mtts-asia.com\/es\/wp-json\/wp\/v2\/comments?post=7320"}],"version-history":[{"count":5,"href":"https:\/\/www.mtts-asia.com\/es\/wp-json\/wp\/v2\/pages\/7320\/revisions"}],"predecessor-version":[{"id":13615,"href":"https:\/\/www.mtts-asia.com\/es\/wp-json\/wp\/v2\/pages\/7320\/revisions\/13615"}],"wp:attachment":[{"href":"https:\/\/www.mtts-asia.com\/es\/wp-json\/wp\/v2\/media?parent=7320"}],"curies":[{"name":"wp","href":"https:\/\/api.w.org\/{rel}","templated":true}]}}