{"id":7329,"date":"2020-02-17T04:58:32","date_gmt":"2020-02-17T04:58:32","guid":{"rendered":"http:\/\/mttsasia.local\/?page_id=7329"},"modified":"2025-11-25T11:21:22","modified_gmt":"2025-11-25T04:21:22","slug":"firefly-phototherapy","status":"publish","type":"page","link":"https:\/\/www.mtts-asia.com\/es\/firefly-phototherapy\/","title":{"rendered":"Fototerapia Firefly"},"content":{"rendered":"<div class=\"wpb-content-wrapper\"><p>[vc_row full_width=\u00bbstretch_row\u00bb row_type=\u00bbsection\u00bb row_color=\u00bbcolor_light\u00bb el_class=\u00bbpage-banner\u00bb css=\u00bb.vc_custom_1734574532833{background-image: url(https:\/\/www.mtts-asia.com\/wp-content\/uploads\/2014\/11\/111.jpg?id=4723) !important;background-position: center !important;background-repeat: no-repeat !important;background-size: cover !important;}\u00bb][vc_column][vc_custom_heading source=\u00bbpost_title\u00bb font_container=\u00bbtag:h2|text_align:center\u00bb use_theme_fonts=\u00bbyes\u00bb css=\u00bb\u00bb wb_heading_type=\u00bbheading\u00bb][\/vc_column][\/vc_row][vc_row full_width=\u00bbstretch_row\u00bb row_type=\u00bbsection\u00bb][vc_column][vc_column_text]<\/p>\n<h3 style=\"text-align: center;\">\u00a1AHORA DISPONIBLE 2 HORAS DE RESPALDO DE BATER\u00cdA INTERNA!<\/h3>\n<p>[\/vc_column_text][vc_row_inner][vc_column_inner width=\u00bb1\/3&#8243;][vc_single_image image=\u00bb6094&#8243; img_size=\u00bb838x307px\u00bb][vc_column_text]<\/p>\n<p style=\"text-align: justify;\">El MTTS Firefly es un dispositivo de fototerapia de \u00faltima generaci\u00f3n dise\u00f1ado para el tratamiento eficaz de la ictericia neonatal. Desarrollada en colaboraci\u00f3n con Design that Matters (Massachusetts, EE. UU.) Y East Meets West Foundation (California, EE. UU.), La m\u00e1quina presenta un dise\u00f1o intuitivo, iluminaci\u00f3n de doble cara, tama\u00f1o compacto, panel de control f\u00e1cil de usar y cuna extra\u00edble de un solo beb\u00e9 . Firefly est\u00e1 dise\u00f1ado para tratar la ictericia del reci\u00e9n nacido en la habitaci\u00f3n de la madre, la mejor manera de apoyar el v\u00ednculo y la lactancia maternoinfantil.<br \/>\nLas evaluaciones cl\u00ednicas indican que el dise\u00f1o de doble cara de Firefly reduce el tiempo total de tratamiento en un 40% en un paciente t\u00edpico en comparaci\u00f3n con la fototerapia LED de un solo lado, lo que permite el alta temprana del hospital, disminuye la incidencia de infecci\u00f3n en reci\u00e9n nacidos y libera recursos para tratar a m\u00e1s beb\u00e9s.<\/p>\n<p><img loading=\"lazy\" decoding=\"async\" class=\"alignleft size-full wp-image-5563\" src=\"https:\/\/www.mtts-asia.com\/wp-content\/uploads\/2014\/11\/CE-Mark-with-Number1.jpg\" alt=\"CE Mark with Number\" width=\"97\" height=\"35\" \/><strong><br \/>\n<\/strong><\/p>\n<p>&nbsp;<\/p>\n<hr \/>\n<p>[\/vc_column_text][vc_empty_space height=\u00bb20px\u00bb][vc_column_text css=\u00bb\u00bb]<img loading=\"lazy\" decoding=\"async\" class=\"alignleft size-full wp-image-4832\" src=\"https:\/\/www.mtts-asia.com\/wp-content\/uploads\/2014\/11\/Untitled-1.png\" alt=\"Untitled-1\" width=\"45\" height=\"32\" \/><\/p>\n<p>&nbsp;<\/p>\n<p>&nbsp;<\/p>\n<p><a title=\"FIREFLY Brochure\" href=\"https:\/\/www.mtts-asia.com\/wp-content\/uploads\/2025\/09\/PT-FF-MKT-01-Firefly-Brochure-2-11ES.pdf\" target=\"_blank\" rel=\"noopener noreferrer\">Folleto<\/a><\/p>\n<p><a href=\"https:\/\/www.mtts-asia.com\/wp-content\/uploads\/2025\/11\/PT-FF-MAN-01-FF-User-Manual-1.18ES.pdf\" target=\"_blank\" rel=\"noopener noreferrer\">Manual de usuario<\/a><\/p>\n<p><a href=\"https:\/\/www.mtts-asia.com\/wp-content\/uploads\/2024\/12\/PT-FF-MAN-03-Firefly-Quick-Reference-Guide-1.04ES.pdf\" target=\"_blank\" rel=\"noopener noreferrer\">Guia de referencia rapida<\/a><\/p>\n<p><a title=\"Video\" href=\"https:\/\/youtu.be\/BZ5fAOLPlTg\" target=\"_blank\" rel=\"noopener noreferrer\">Video Tutorial<\/a>[\/vc_column_text][vc_video link=\u00bbhttps:\/\/www.youtube.com\/watch?v=BZ5fAOLPlTg\u00bb][\/vc_column_inner][vc_column_inner width=\u00bb2\/3&#8243;][vc_empty_space height=\u00bb75px\u00bb][vc_images_carousel images=\u00bb5178,5055,5058,5057,5059,5062,5063,5061,8325,8321,8333&#8243; img_size=\u00bbfull\u00bb onclick=\u00bblink_no\u00bb wrap=\u00bbyes\u00bb][vc_column_text css=\u00bb\u00bb]<\/p>\n<h5><strong>Ahora con nuevos art\u00edculos adicionales:<\/strong><\/h5>\n<h5><strong>&#8211; Colch\u00f3n de gel transparente<\/strong><\/h5>\n<p>[\/vc_column_text][vc_single_image image=\u00bb8325&#8243; img_size=\u00bb350x150px\u00bb][vc_column_text]<\/p>\n<h5><strong>&#8211; Carro de transporte<\/strong><\/h5>\n<p>[\/vc_column_text][vc_single_image image=\u00bb8321&#8243; img_size=\u00bb350x265px\u00bb][\/vc_column_inner][\/vc_row_inner][vc_empty_space height=\u00bb20px\u00bb][vc_row_inner][vc_column_inner width=\u00bb1\/3&#8243;][vc_column_text]<\/p>\n<p style=\"text-align: center;\"><div class=\"vc_btn3-container align-center\">\r\n<a href=\"#features\" class=\"vc_general vc_btn3 vc_btn3-size-md vc_btn3-shape-rounded vc_btn3-style-flat vc_btn3-color-wb-btn-primary\">\r\n    <span>CARACTER\u00cdSTICAS CLAVE<\/span>\r\n<\/a>\r\n<\/div>\n<p>[\/vc_column_text][\/vc_column_inner][vc_column_inner width=\u00bb1\/3&#8243;][vc_column_text]<\/p>\n<p style=\"text-align: center;\"><div class=\"vc_btn3-container align-center\">\r\n<a href=\"#technical\" class=\"vc_general vc_btn3 vc_btn3-size-md vc_btn3-shape-rounded vc_btn3-style-flat vc_btn3-color-wb-btn-primary\">\r\n    <span>ESPECIFICACIONES T\u00c9CNICAS<\/span>\r\n<\/a>\r\n<\/div>\n<p>[\/vc_column_text][\/vc_column_inner][vc_column_inner width=\u00bb1\/3&#8243;][vc_column_text]<\/p>\n<p style=\"text-align: center;\"><div class=\"vc_btn3-container align-center\">\r\n<a href=\"#ordering\" class=\"vc_general vc_btn3 vc_btn3-size-md vc_btn3-shape-rounded vc_btn3-style-flat vc_btn3-color-wb-btn-primary\">\r\n    <span>PEDIDOS Y SERVICIO<\/span>\r\n<\/a>\r\n<\/div>\n<p>[\/vc_column_text][\/vc_column_inner][\/vc_row_inner][vc_empty_space height=\u00bb20px\u00bb][\/vc_column][\/vc_row][vc_row full_width=\u00bbstretch_row\u00bb row_type=\u00bbsection\u00bb bg_color=\u00bb#f8f8f8&#8243; css=\u00bb.vc_custom_1734594668146{background-color: #f8f8f8 !important;}\u00bb][vc_column][vc_row_inner][vc_column_inner width=\u00bb1\/3&#8243;][vc_column_text]<\/p>\n<h4 style=\"text-align: center;\"><strong><img loading=\"lazy\" decoding=\"async\" class=\"aligncenter wp-image-4799 size-full\" src=\"https:\/\/www.mtts-asia.com\/wp-content\/uploads\/2014\/11\/QUALITY.png\" alt=\"\" width=\"69\" height=\"80\" \/><\/strong><\/h4>\n<h3 style=\"text-align: center;\">Calidad<\/h3>\n<hr \/>\n<p style=\"text-align: center;\">Firefly fue dise\u00f1ado a trav\u00e9s de una asociaci\u00f3n entre MTTS, Design that Matters (Massachusetts, EE. UU.) y East Meets West Foundation (California, EE. UU.).<\/p>\n<p>[\/vc_column_text][\/vc_column_inner][vc_column_inner width=\u00bb1\/3&#8243;][vc_column_text]<\/p>\n<h4><img loading=\"lazy\" decoding=\"async\" class=\"aligncenter wp-image-4800 size-full\" src=\"https:\/\/www.mtts-asia.com\/wp-content\/uploads\/2014\/11\/INNOVATION.png\" alt=\"\" width=\"80\" height=\"80\" \/><\/h4>\n<h3 style=\"text-align: center;\">Innovaci\u00f3n<\/h3>\n<hr \/>\n<p style=\"text-align: center;\">La innovaci\u00f3n clave de Firefly es utilizar fototerapia superior e inferior con LED de alta potencia y larga vida \u00fatil, proporcionando un tratamiento intensivo en un paquete compacto.<\/p>\n<p>[\/vc_column_text][\/vc_column_inner][vc_column_inner width=\u00bb1\/3&#8243;][vc_column_text]<\/p>\n<h4 style=\"text-align: center;\"><img loading=\"lazy\" decoding=\"async\" class=\"aligncenter wp-image-4801 size-full\" src=\"https:\/\/www.mtts-asia.com\/wp-content\/uploads\/2014\/11\/CARE.png\" alt=\"\" width=\"49\" height=\"80\" \/><\/h4>\n<h3 style=\"text-align: center;\">Cuidado<\/h3>\n<hr \/>\n<p style=\"text-align: center;\">Firefly se puede instalar directamente en la sala de recuperaci\u00f3n de la madre, promoviendo as\u00ed la vinculaci\u00f3n madre-hijo, la lactancia materna regular y una estrecha supervisi\u00f3n materna.<\/p>\n<p>[\/vc_column_text][\/vc_column_inner][\/vc_row_inner][\/vc_column][\/vc_row][vc_row full_width=\u00bbstretch_row\u00bb row_type=\u00bbsection\u00bb][vc_column][vc_column_text]<\/p>\n<h3 style=\"text-align: center;\">Caracter\u00edsticas clave<\/h3>\n<hr \/>\n<p>[\/vc_column_text][vc_row_inner][vc_column_inner width=\u00bb1\/2&#8243;][vc_column_text]<span style=\"color: #00a0c6;\"><strong>Descripci\u00f3n<\/strong><\/span><br \/>\nForma compacta: cabe en una cuna o en la cama de la madre<br \/>\nAsas que facilitan la movilidad<br \/>\nJuntas herm\u00e9ticas para prevenir entrada de suciedad<br \/>\nSuperficies curvas para una f\u00e1cil limpieza<br \/>\nCerrado herm\u00e9ticamente para evitar insectos, polvo y l\u00edquidos<br \/>\nSin partes m\u00f3viles ni ventiladores internos<br \/>\nBater\u00eda opcional de 2h o 12h de respaldo<\/p>\n<p><span style=\"color: #00a0c6;\"><strong>1. L\u00e1mpara Superior<\/strong><\/span><br \/>\nAdjunto a la altura m\u00e1s efectiva cl\u00ednicamente<br \/>\nForma fina para una f\u00e1cil observaci\u00f3n del paciente<br \/>\nParte superior curvada que previene colocar objetos encima<br \/>\nBordes suaves para proteger al beb\u00e9 durante la colocaci\u00f3n<\/p>\n<p><span style=\"color: #00a0c6;\"><strong>2. L\u00e1mpara Inferior<\/strong><\/span><br \/>\nParedes gruesas de pl\u00e1stico duradero<br \/>\nFondo inclinado para redirigir el calor hacia la parte trasera del aparato<\/p>\n<p><span style=\"color: #00a0c6;\"><strong>3. Capazo<\/strong><\/span><br \/>\nC\u00f3modo mango alrededor del borde<br \/>\nDesmontable para transporte del paciente y diagn\u00f3sticos<br \/>\nSuperficia lisa para una r\u00e1pida limpieza<br \/>\nPl\u00e1stico transparente, resistente a ara\u00f1azos, para una f\u00e1cil observaci\u00f3n<\/p>\n<p><span style=\"color: #00a0c6;\"><strong>4. Panel de control<\/strong><\/span><br \/>\n\u00danico bot\u00f3n de encendido para controlar ambas l\u00e1mparas<br \/>\n\u00danico ajuste de intensidad de luz<br \/>\nPantalla de horas de tratamiento y total de horas de tratamiento[\/vc_column_text][\/vc_column_inner][vc_column_inner width=\u00bb1\/2&#8243;][vc_single_image image=\u00bb5072&#8243; img_size=\u00bb750x630px\u00bb][\/vc_column_inner][\/vc_row_inner][\/vc_column][\/vc_row][vc_row full_width=\u00bbstretch_row\u00bb row_type=\u00bbsection\u00bb bg_color=\u00bb#f8f8f8&#8243; css=\u00bb.vc_custom_1734594690860{background-color: #f8f8f8 !important;}\u00bb][vc_column][vc_row_inner][vc_column_inner width=\u00bb1\/3&#8243;][vc_column_text]<\/p>\n<h3 style=\"text-align: center;\"><img loading=\"lazy\" decoding=\"async\" class=\"aligncenter wp-image-5017 size-full\" src=\"https:\/\/www.mtts-asia.com\/wp-content\/uploads\/2014\/11\/baby.png\" alt=\"\" width=\"89\" height=\"80\" \/><\/h3>\n<h3 style=\"text-align: center;\">Efectiva<\/h3>\n<hr \/>\n<p style=\"text-align: center;\">Firefly proporciona salida de luz de alta intensidad en un paquete intuitivo. El toplight se fija a la altura m\u00e1s efectiva para la administraci\u00f3n precisa de fototerapia.<\/p>\n<p>[\/vc_column_text][\/vc_column_inner][vc_column_inner width=\u00bb1\/3&#8243;][vc_column_text]<\/p>\n<h3 style=\"text-align: center;\"><img loading=\"lazy\" decoding=\"async\" class=\"aligncenter size-full wp-image-5009\" src=\"https:\/\/www.mtts-asia.com\/wp-content\/uploads\/2014\/11\/safe.png\" alt=\"safe\" width=\"79\" height=\"79\" \/><\/h3>\n<h3 style=\"text-align: center;\">Compacta<\/h3>\n<hr \/>\n<p style=\"text-align: center;\">La forma compacta hace que la Firefly sea apta para usarse en la habitaci\u00f3n de la madre, incluso en entornos de atenci\u00f3n neonatal con espacio limitado, lo que promueve un entorno de curaci\u00f3n centrado en la familia.<\/p>\n<p>[\/vc_column_text][\/vc_column_inner][vc_column_inner width=\u00bb1\/3&#8243;][vc_column_text]<\/p>\n<h3 style=\"text-align: center;\"><img loading=\"lazy\" decoding=\"async\" class=\"aligncenter size-full wp-image-5011\" src=\"https:\/\/www.mtts-asia.com\/wp-content\/uploads\/2014\/11\/costefficient.png\" alt=\"costefficient\" width=\"93\" height=\"80\" \/><\/h3>\n<h3 style=\"text-align: center;\">Costo eficiente<\/h3>\n<hr \/>\n<p style=\"text-align: center;\">Firefly combina un bajo costo inicial con LED de larga duraci\u00f3n que funcionan con solo 30 vatios y tienen una capacidad de hasta 60,000 horas antes de requerir reemplazo.<\/p>\n<p>[\/vc_column_text][\/vc_column_inner][\/vc_row_inner][vc_empty_space height=\u00bb20px\u00bb][\/vc_column][\/vc_row][vc_row full_width=\u00bbstretch_row\u00bb row_type=\u00bbsection\u00bb][vc_column][vc_column_text]<\/p>\n<h3 style=\"text-align: center;\">Especificaciones t\u00e9cnicas<\/h3>\n<hr \/>\n<p>[\/vc_column_text][vc_row_inner][vc_column_inner width=\u00bb2\/3&#8243;][vc_column_text]\n<table id=\"tablepress-0313\" class=\"tablepress tablepress-id-0313\">\n<tbody class=\"row-striping row-hover\">\n<tr class=\"row-1\">\n\t<td class=\"column-1\"><strong>Dimensiones y peso<\/strong><\/td><td class=\"column-2\">Dimensiones unidad (general)<\/td><td class=\"column-3\">66 cm x 38 cm x 49.5 cm<\/td>\n<\/tr>\n<tr class=\"row-2\">\n\t<td class=\"column-1\"><\/td><td class=\"column-2\">Dimensiones unidad (l\u00e1mpara superior)<\/td><td class=\"column-3\">51.6 cm x 12.5 cm x 6.3 cm<\/td>\n<\/tr>\n<tr class=\"row-3\">\n\t<td class=\"column-1\"><\/td><td class=\"column-2\">Dimensiones unidad (l\u00e1mpara inferior)<\/td><td class=\"column-3\">64.7 cm x 38 cm x 10 cm<\/td>\n<\/tr>\n<tr class=\"row-4\">\n\t<td class=\"column-1\"><\/td><td class=\"column-2\">Dimensiones env\u00edo (en cajas)<\/td><td class=\"column-3\">45 cm x 73 cm x 55 cm<\/td>\n<\/tr>\n<tr class=\"row-5\">\n\t<td class=\"column-1\"><\/td><td class=\"column-2\">Peso neto<\/td><td class=\"column-3\">13kg<\/td>\n<\/tr>\n<tr class=\"row-6\">\n\t<td class=\"column-1\"><\/td><td class=\"column-2\">Peso env\u00edo<\/td><td class=\"column-3\">17kg<\/td>\n<\/tr>\n<tr class=\"row-7\">\n\t<td class=\"column-1\"><strong>Especificaciones de rendimiento<\/strong><\/td><td class=\"column-2\">Pico de longitud de onda<\/td><td class=\"column-3\">465 a 485 nm<\/td>\n<\/tr>\n<tr class=\"row-8\">\n\t<td class=\"column-1\"><\/td><td class=\"column-2\">Duraci\u00f3n de l\u00e1mpara<\/td><td class=\"column-3\">60.000 horas<\/td>\n<\/tr>\n<tr class=\"row-9\">\n\t<td class=\"column-1\"><\/td><td class=\"column-2\">Radiaci\u00f3n espectral media<\/td><td class=\"column-3\">Luz superior - 40.0  \u00b5W.cm-2.nm-1<\/td>\n<\/tr>\n<tr class=\"row-10\">\n\t<td class=\"column-1\"><\/td><td class=\"column-2\"><\/td><td class=\"column-3\">Luz inferior - 66.0  \u00b5W.cm-2.nm-1<\/td>\n<\/tr>\n<tr class=\"row-11\">\n\t<td class=\"column-1\"><\/td><td class=\"column-2\">Superficie efectiva<\/td><td class=\"column-3\">Luz superior - 48 cm x 20 cm<\/td>\n<\/tr>\n<tr class=\"row-12\">\n\t<td class=\"column-1\"><\/td><td class=\"column-2\"><\/td><td class=\"column-3\">Luz inferior - 48 cm x 20 cm<\/td>\n<\/tr>\n<tr class=\"row-13\">\n\t<td class=\"column-1\"><\/td><td class=\"column-2\">Ratio de uniformidad de radiaci\u00f3n<\/td><td class=\"column-3\">Luz superior - 0.63 (En conformidad con IEC --> 0.4)<\/td>\n<\/tr>\n<tr class=\"row-14\">\n\t<td class=\"column-1\"><\/td><td class=\"column-2\"><\/td><td class=\"column-3\">Luz inferior - 0.64 (En conformidad con IEC --> 0.4)<\/td>\n<\/tr>\n<tr class=\"row-15\">\n\t<td class=\"column-1\"><strong> Especificaciones el\u00e9ctricas<\/strong><\/td><td class=\"column-2\">Suministro el\u00e9ctrico externo<\/td><td class=\"column-3\">60W, 100-240VAC, 47\/63Hz<\/td>\n<\/tr>\n<tr class=\"row-16\">\n\t<td class=\"column-1\"><\/td><td class=\"column-2\">COTS External PS<\/td><td class=\"column-3\">Aprobaciones m\u00e9dicas de seguridad internacionales<\/td>\n<\/tr>\n<tr class=\"row-17\">\n\t<td class=\"column-1\"><\/td><td class=\"column-2\"><\/td><td class=\"column-3\">ANSI\/AAMI\/EN 60601-1, UL\/TUV<\/td>\n<\/tr>\n<tr class=\"row-18\">\n\t<td class=\"column-1\"><\/td><td class=\"column-2\"><\/td><td class=\"column-3\">Construcci\u00f3n Clase I est\u00e1ndar (requiere suelo)<\/td>\n<\/tr>\n<tr class=\"row-19\">\n\t<td class=\"column-1\"><\/td><td class=\"column-2\"><\/td><td class=\"column-3\">100k horas MTBF<\/td>\n<\/tr>\n<tr class=\"row-20\">\n\t<td class=\"column-1\"><\/td><td class=\"column-2\"><\/td><td class=\"column-3\">Compatible con nivel V de energ\u00eda<\/td>\n<\/tr>\n<tr class=\"row-21\">\n\t<td class=\"column-1\"><\/td><td class=\"column-2\"><\/td><td class=\"column-3\">RoHS 2 en cumplimiento<\/td>\n<\/tr>\n<tr class=\"row-22\">\n\t<td class=\"column-1\"><\/td><td class=\"column-2\"><\/td><td class=\"column-3\">Protecci\u00f3n sobrevoltaje\/sobrecorriente<\/td>\n<\/tr>\n<tr class=\"row-23\">\n\t<td class=\"column-1\"><strong> Especificaciones ambientales<\/strong><\/td><td class=\"column-2\">Manejo<\/td><td class=\"column-3\">Temperatura ambiente: +10\u00b0C a +35\u00b0C<\/td>\n<\/tr>\n<tr class=\"row-24\">\n\t<td class=\"column-1\"><\/td><td class=\"column-2\"><\/td><td class=\"column-3\">Humedad: 0% a 90% RH sin condensaci\u00f3n<\/td>\n<\/tr>\n<tr class=\"row-25\">\n\t<td class=\"column-1\"><\/td><td class=\"column-2\"><\/td><td class=\"column-3\">Presi\u00f3n atmosf\u00e9rica: 70-106kPa<\/td>\n<\/tr>\n<tr class=\"row-26\">\n\t<td class=\"column-1\"><\/td><td class=\"column-2\"><\/td><td class=\"column-3\">Cierre: IPX3<\/td>\n<\/tr>\n<tr class=\"row-27\">\n\t<td class=\"column-1\"><\/td><td class=\"column-2\">Transporte y almacenaje<\/td><td class=\"column-3\">Temperatura ambiente: 0\u00b0C a +50\u00b0C<\/td>\n<\/tr>\n<tr class=\"row-28\">\n\t<td class=\"column-1\"><\/td><td class=\"column-2\"><\/td><td class=\"column-3\">Humedad: 0% a 90% RH sin condensaci\u00f3n<\/td>\n<\/tr>\n<tr class=\"row-29\">\n\t<td class=\"column-1\"><\/td><td class=\"column-2\"><\/td><td class=\"column-3\">Presi\u00f3n atmosf\u00e9rica: 70-106kPa<\/td>\n<\/tr>\n<tr class=\"row-30\">\n\t<td class=\"column-1\"><\/td><td class=\"column-2\">Exclusiones<\/td><td class=\"column-3\">No usar dentro de incubadora<\/td>\n<\/tr>\n<tr class=\"row-31\">\n\t<td class=\"column-1\"><\/td><td class=\"column-2\"><\/td><td class=\"column-3\">No usar dentro de radiador<\/td>\n<\/tr>\n<tr class=\"row-32\">\n\t<td class=\"column-1\"><strong> Regulatory<\/strong><\/td><td class=\"column-2\">EN 60601-1:2006 + A1:2013<\/td><td class=\"column-3\"><\/td>\n<\/tr>\n<tr class=\"row-33\">\n\t<td class=\"column-1\"><\/td><td class=\"column-2\">EN 60601-1-2:2015<\/td><td class=\"column-3\"><\/td>\n<\/tr>\n<tr class=\"row-34\">\n\t<td class=\"column-1\"><\/td><td class=\"column-2\">EN 60601-2-50: 2009<\/td><td class=\"column-3\"><\/td>\n<\/tr>\n<tr class=\"row-35\">\n\t<td class=\"column-1\"><\/td><td class=\"column-2\">EN 60601-1-6:2010<\/td><td class=\"column-3\"><\/td>\n<\/tr>\n<tr class=\"row-36\">\n\t<td class=\"column-1\"><strong> Biocompatibility Tests<\/strong><\/td><td class=\"column-2\"><\/td><td class=\"column-3\"><\/td>\n<\/tr>\n<tr class=\"row-37\">\n\t<td class=\"column-1\"><\/td><td class=\"column-2\">ISO: 10993-Part 10<\/td><td class=\"column-3\">Sensibilizaci\u00f3n de la piel<\/td>\n<\/tr>\n<tr class=\"row-38\">\n\t<td class=\"column-1\"><\/td><td class=\"column-2\">ISO 10993-Part 5<\/td><td class=\"column-3\">Contacto directo de citotoxicidad<\/td>\n<\/tr>\n<tr class=\"row-39\">\n\t<td class=\"column-1\"><\/td><td class=\"column-2\">ISO:10993-Part 10<\/td><td class=\"column-3\">Irritaci\u00f3n primaria de la piel<\/td>\n<\/tr>\n<\/tbody>\n<\/table>\n<br \/>\n<span id=\"ordering\"> <\/span>[\/vc_column_text][\/vc_column_inner][vc_column_inner width=\u00bb1\/3&#8243;][vc_column_text]<\/p>\n<h5><span style=\"color: #00a0c6;\">Garant\u00eda est\u00e1ndar 1 a\u00f1o.<\/span><\/h5>\n<p>(Sujeto a Pol\u00edtica de Garant\u00eda MTTS)[\/vc_column_text][\/vc_column_inner][\/vc_row_inner][\/vc_column][\/vc_row][vc_row bg_color=\u00bb#f8f8f8&#8243;][vc_column][vc_column_text]<\/p>\n<h3 style=\"text-align: center;\">Informaci\u00f3n para pedidos y servicio<\/h3>\n<p>[\/vc_column_text][\/vc_column][\/vc_row][vc_row][vc_column width=\u00bb2\/3&#8243;][vc_column_text]\n<table id=\"tablepress-0323\" class=\"tablepress tablepress-id-0323\">\n<tbody class=\"row-striping row-hover\">\n<tr class=\"row-1\">\n\t<td class=\"column-1\"><strong>Informaci\u00f3n para peticiones<\/strong><\/td><td class=\"column-2\">Firefly Unit<\/td><td class=\"column-3\">FF1-1000<\/td><td class=\"column-4\">Unidad Principal<\/td>\n<\/tr>\n<tr class=\"row-2\">\n\t<td class=\"column-1\"><\/td><td class=\"column-2\">Mois\u00e9s<\/td><td class=\"column-3\">ID 108<\/td><td class=\"column-4\"><\/td>\n<\/tr>\n<tr class=\"row-3\">\n\t<td class=\"column-1\"><\/td><td class=\"column-2\">Colch\u00f3n de gel<\/td><td class=\"column-3\">ID 1525<\/td><td class=\"column-4\"><\/td>\n<\/tr>\n<tr class=\"row-4\">\n\t<td class=\"column-1\"><strong>Art\u00edculos opcionales<\/strong><\/td><td class=\"column-2\">Bater\u00eda de reserva<\/td><td class=\"column-3\">ID 1494<\/td><td class=\"column-4\">Interno - 2h<\/td>\n<\/tr>\n<tr class=\"row-5\">\n\t<td class=\"column-1\"><\/td><td class=\"column-2\">Carretilla<\/td><td class=\"column-3\">ID 1462<\/td><td class=\"column-4\"><\/td>\n<\/tr>\n<tr class=\"row-6\">\n\t<td class=\"column-1\"><\/td><td class=\"column-2\">Conjunto de parches para los ojos (5 piezas)<\/td><td class=\"column-3\">ID 564\/5\/6<\/td><td class=\"column-4\">S, M, L<\/td>\n<\/tr>\n<tr class=\"row-7\">\n\t<td class=\"column-1\"><\/td><td class=\"column-2\">Cable de alimentaci\u00f3n<\/td><td class=\"column-3\">ID 551<\/td><td class=\"column-4\">Est\u00e1ndar de la UE<\/td>\n<\/tr>\n<tr class=\"row-8\">\n\t<td class=\"column-1\"><\/td><td class=\"column-2\"><\/td><td class=\"column-3\">ID 552<\/td><td class=\"column-4\">Est\u00e1ndar de EE.UU<\/td>\n<\/tr>\n<tr class=\"row-9\">\n\t<td class=\"column-1\"><\/td><td class=\"column-2\"><\/td><td class=\"column-3\">ID 553<\/td><td class=\"column-4\">Est\u00e1ndar del RE.UU<\/td>\n<\/tr>\n<tr class=\"row-10\">\n\t<td class=\"column-1\"><\/td><td class=\"column-2\"><\/td><td class=\"column-3\">ID 1313<\/td><td class=\"column-4\">Est\u00e1ndar de AUS<\/td>\n<\/tr>\n<tr class=\"row-11\">\n\t<td class=\"column-1\"><\/td><td class=\"column-2\">Manual de usuario<\/td><td class=\"column-3\"><\/td><td class=\"column-4\">Espa\u00f1ol<\/td>\n<\/tr>\n<tr class=\"row-12\">\n\t<td class=\"column-1\"><\/td><td class=\"column-2\">Instrucciones de montaje<\/td><td class=\"column-3\"><\/td><td class=\"column-4\">Espa\u00f1ol<\/td>\n<\/tr>\n<\/tbody>\n<\/table>\n<span id=\"ordering\"> <\/span>[\/vc_column_text][\/vc_column][vc_column width=\u00bb1\/3&#8243;][\/vc_column][\/vc_row]<\/p>\n<\/div>","protected":false},"excerpt":{"rendered":"<p>[vc_row full_width=\u00bbstretch_row\u00bb row_type=\u00bbsection\u00bb row_color=\u00bbcolor_light\u00bb el_class=\u00bbpage-banner\u00bb css=\u00bb.vc_custom_1734574532833{background-image: url(https:\/\/www.mtts-asia.com\/wp-content\/uploads\/2014\/11\/111.jpg?id=4723) !important;background-position: center !important;background-repeat: no-repeat !important;background-size: cover !important;}\u00bb][vc_column][vc_custom_heading source=\u00bbpost_title\u00bb font_container=\u00bbtag:h2|text_align:center\u00bb use_theme_fonts=\u00bbyes\u00bb css=\u00bb\u00bb wb_heading_type=\u00bbheading\u00bb][\/vc_column][\/vc_row][vc_row full_width=\u00bbstretch_row\u00bb row_type=\u00bbsection\u00bb][vc_column][vc_column_text] \u00a1AHORA DISPONIBLE 2 HORAS DE RESPALDO DE BATER\u00cdA INTERNA! [\/vc_column_text][vc_row_inner][vc_column_inner width=\u00bb1\/3&#8243;][vc_single_image image=\u00bb6094&#8243; img_size=\u00bb838x307px\u00bb][vc_column_text] El MTTS Firefly es un dispositivo de fototerapia de \u00faltima generaci\u00f3n dise\u00f1ado para el tratamiento eficaz de la ictericia neonatal. Desarrollada [&hellip;]<\/p>\n","protected":false},"author":3,"featured_media":0,"parent":0,"menu_order":0,"comment_status":"closed","ping_status":"closed","template":"","meta":{"footnotes":""},"class_list":["post-7329","page","type-page","status-publish","hentry"],"jetpack_sharing_enabled":true,"_links":{"self":[{"href":"https:\/\/www.mtts-asia.com\/es\/wp-json\/wp\/v2\/pages\/7329","targetHints":{"allow":["GET"]}}],"collection":[{"href":"https:\/\/www.mtts-asia.com\/es\/wp-json\/wp\/v2\/pages"}],"about":[{"href":"https:\/\/www.mtts-asia.com\/es\/wp-json\/wp\/v2\/types\/page"}],"author":[{"embeddable":true,"href":"https:\/\/www.mtts-asia.com\/es\/wp-json\/wp\/v2\/users\/3"}],"replies":[{"embeddable":true,"href":"https:\/\/www.mtts-asia.com\/es\/wp-json\/wp\/v2\/comments?post=7329"}],"version-history":[{"count":5,"href":"https:\/\/www.mtts-asia.com\/es\/wp-json\/wp\/v2\/pages\/7329\/revisions"}],"predecessor-version":[{"id":13586,"href":"https:\/\/www.mtts-asia.com\/es\/wp-json\/wp\/v2\/pages\/7329\/revisions\/13586"}],"wp:attachment":[{"href":"https:\/\/www.mtts-asia.com\/es\/wp-json\/wp\/v2\/media?parent=7329"}],"curies":[{"name":"wp","href":"https:\/\/api.w.org\/{rel}","templated":true}]}}