{"id":7333,"date":"2020-02-17T04:59:07","date_gmt":"2020-02-17T04:59:07","guid":{"rendered":"http:\/\/mttsasia.local\/?page_id=7333"},"modified":"2024-12-19T15:55:15","modified_gmt":"2024-12-19T08:55:15","slug":"hand-sanitizer","status":"publish","type":"page","link":"https:\/\/www.mtts-asia.com\/es\/hand-sanitizer\/","title":{"rendered":"Desinfectante de manos"},"content":{"rendered":"<div class=\"wpb-content-wrapper\"><p>[vc_row full_width=\u00bbstretch_row\u00bb row_type=\u00bbsection\u00bb row_color=\u00bbcolor_light\u00bb el_class=\u00bbpage-banner\u00bb css=\u00bb.vc_custom_1734574532833{background-image: url(https:\/\/www.mtts-asia.com\/wp-content\/uploads\/2014\/11\/111.jpg?id=4723) !important;background-position: center !important;background-repeat: no-repeat !important;background-size: cover !important;}\u00bb][vc_column][vc_custom_heading source=\u00bbpost_title\u00bb font_container=\u00bbtag:h2|text_align:center\u00bb use_theme_fonts=\u00bbyes\u00bb css=\u00bb\u00bb wb_heading_type=\u00bbheading\u00bb][\/vc_column][\/vc_row][vc_row full_width=\u00bbstretch_row\u00bb row_type=\u00bbsection\u00bb][vc_column][vc_row_inner][vc_column_inner width=\u00bb1\/3&#8243;][vc_column_text]<\/p>\n<p style=\"text-align: justify;\">La infecci\u00f3n asociada a la atenci\u00f3n m\u00e9dica es un problema importante para la seguridad del paciente y est\u00e1 presente en todas las instalaciones y sistemas de atenci\u00f3n m\u00e9dica del mundo. La falta de higiene de manos adecuada se considera la causa principal de HCAI y la propagaci\u00f3n de organismos multirresistentes. Su prevenci\u00f3n debe ser una prioridad en todos los entornos de atenci\u00f3n neonatal.<\/p>\n<p style=\"text-align: justify;\">LAVO es un desinfectante para manos de pr\u00f3xima generaci\u00f3n que proporciona prevenci\u00f3n comprobada contra una amplia gama de microorganismos.<\/p>\n<hr \/>\n<p>[\/vc_column_text][vc_empty_space height=\u00bb20px\u00bb][vc_column_text]<img loading=\"lazy\" decoding=\"async\" class=\"alignleft size-full wp-image-4832\" src=\"https:\/\/www.mtts-asia.com\/wp-content\/uploads\/2014\/11\/Untitled-1.png\" alt=\"Untitled-1\" width=\"45\" height=\"32\" \/><\/p>\n<p>&nbsp;<\/p>\n<p>&nbsp;<\/p>\n<p><a title=\"OPTIMA Hand Sanitizer Brochure\" href=\"https:\/\/www.mtts-asia.com\/wp-content\/uploads\/2020\/07\/HS-LV-MKT-01-Hand-Sanitizer-LAVO-Brochure-4.01ES.pdf\" target=\"_blank\" rel=\"noopener noreferrer\">Folleto<\/a>[\/vc_column_text][\/vc_column_inner][vc_column_inner width=\u00bb2\/3&#8243;][vc_images_carousel images=\u00bb8144&#8243; img_size=\u00bbfull\u00bb onclick=\u00bblink_no\u00bb wrap=\u00bbyes\u00bb][\/vc_column_inner][\/vc_row_inner][vc_empty_space height=\u00bb20px\u00bb][vc_row_inner][vc_column_inner width=\u00bb1\/3&#8243;][vc_column_text]<\/p>\n<p style=\"text-align: center;\"><div class=\"vc_btn3-container align-center\">\r\n<a href=\"#features\" class=\"vc_general vc_btn3 vc_btn3-size-md vc_btn3-shape-rounded vc_btn3-style-flat vc_btn3-color-wb-btn-primary\">\r\n    <span>CARACTER\u00cdSTICAS CLAVE<\/span>\r\n<\/a>\r\n<\/div>\n<p>[\/vc_column_text][\/vc_column_inner][vc_column_inner width=\u00bb1\/3&#8243;][vc_column_text]<\/p>\n<p style=\"text-align: center;\"><div class=\"vc_btn3-container align-center\">\r\n<a href=\"#technical\" class=\"vc_general vc_btn3 vc_btn3-size-md vc_btn3-shape-rounded vc_btn3-style-flat vc_btn3-color-wb-btn-primary\">\r\n    <span>ESPECIFICACIONES T\u00c9CNICAS<\/span>\r\n<\/a>\r\n<\/div>\n<p>[\/vc_column_text][\/vc_column_inner][vc_column_inner width=\u00bb1\/3&#8243;][vc_column_text]<\/p>\n<p style=\"text-align: center;\"><div class=\"vc_btn3-container align-center\">\r\n<a href=\"#ordering\" class=\"vc_general vc_btn3 vc_btn3-size-md vc_btn3-shape-rounded vc_btn3-style-flat vc_btn3-color-wb-btn-primary\">\r\n    <span>PEDIDOS<\/span>\r\n<\/a>\r\n<\/div>\n<p>[\/vc_column_text][\/vc_column_inner][\/vc_row_inner][vc_empty_space height=\u00bb20px\u00bb][\/vc_column][\/vc_row][vc_row full_width=\u00bbstretch_row\u00bb row_type=\u00bbsection\u00bb bg_color=\u00bb#f8f8f8&#8243; css=\u00bb.vc_custom_1734598469103{background-color: #f8f8f8 !important;}\u00bb][vc_column][vc_row_inner][vc_column_inner width=\u00bb1\/3&#8243;][vc_column_text]<\/p>\n<h4 style=\"text-align: center;\"><strong><img loading=\"lazy\" decoding=\"async\" class=\"aligncenter wp-image-4799 size-full\" src=\"https:\/\/www.mtts-asia.com\/wp-content\/uploads\/2014\/11\/QUALITY.png\" alt=\"\" width=\"69\" height=\"80\" \/><\/strong><\/h4>\n<h3 style=\"text-align: center;\">Calidad<\/h3>\n<hr \/>\n<p style=\"text-align: center;\">LAVO tiene varios usos para la prevenci\u00f3n de infecciones, que incluyen: desinfecci\u00f3n de manos; desinfecci\u00f3n de la piel; limpieza de superficies de muebles, paredes y equipos grandes; y desinfecci\u00f3n de superficies de equipos peque\u00f1os como estetoscopios y term\u00f3metros.<\/p>\n<p>[\/vc_column_text][\/vc_column_inner][vc_column_inner width=\u00bb1\/3&#8243;][vc_column_text]<\/p>\n<h4><img loading=\"lazy\" decoding=\"async\" class=\"aligncenter wp-image-4800 size-full\" src=\"https:\/\/www.mtts-asia.com\/wp-content\/uploads\/2014\/11\/INNOVATION.png\" alt=\"\" width=\"80\" height=\"80\" \/><\/h4>\n<h3 style=\"text-align: center;\">Innovaci\u00f3n<\/h3>\n<hr \/>\n<p style=\"text-align: center;\">LAVO es un desinfectante de manos de pr\u00f3xima generaci\u00f3n que ofrece un poder avanzado para matar bacterias en una formulaci\u00f3n que es suave y calmante para la piel.<\/p>\n<p>[\/vc_column_text][\/vc_column_inner][vc_column_inner width=\u00bb1\/3&#8243;][vc_column_text]<\/p>\n<h4 style=\"text-align: center;\"><img loading=\"lazy\" decoding=\"async\" class=\"aligncenter wp-image-4801 size-full\" src=\"https:\/\/www.mtts-asia.com\/wp-content\/uploads\/2014\/11\/CARE.png\" alt=\"\" width=\"49\" height=\"80\" \/><\/h4>\n<h3 style=\"text-align: center;\">Cuidado<\/h3>\n<hr \/>\n<p style=\"text-align: center;\">LAVO apoya a los profesionales de la salud en la implementaci\u00f3n de un programa de higiene integral y consistente mediante el uso de dispensadores de cabecera, dispensadores montados en la pared y carteles de pared.<\/p>\n<p>[\/vc_column_text][\/vc_column_inner][\/vc_row_inner][\/vc_column][\/vc_row][vc_row full_width=\u00bbstretch_row\u00bb row_type=\u00bbsection\u00bb][vc_column][vc_column_text]<\/p>\n<h3 style=\"text-align: center;\">Caracter\u00edsticas clave<\/h3>\n<hr \/>\n<p>[\/vc_column_text][vc_row_inner][vc_column_inner width=\u00bb1\/2&#8243;][vc_column_text]<span style=\"color: #00a0c6;\"><strong>Descripci\u00f3n<\/strong><\/span><br \/>\nEl m\u00e9todo m\u00e1s barato y m\u00e1s efectivo para reducir las infecciones nosocomiales en su hospital.<br \/>\nLa investigaci\u00f3n muestra que el uso de desinfectante para manos puede disminuir significativamente la mortalidad.<br \/>\nAprobado por el Ministerio de Salud, Vietnam (VNDP-HC-700-08-13)<br \/>\nOlor perfumado agradable, sin olor qu\u00edmico fuerte.<br \/>\nGlicerina para prevenir las manos secas.<br \/>\nDisponible como botella dispensadora de cabecera de 400 ml y<br \/>\nContenedor a granel de 10-20L.<\/p>\n<p><span style=\"color: #00a0c6;\"><strong>1. Botella dispensadora de 400 ml<\/strong><\/span><br \/>\nSe adapta a perchas port\u00e1tiles y de pared para el uso junto a la cama y en la estaci\u00f3n de enfermer\u00eda.<br \/>\nSe puede rellenar<br \/>\nUna bomba dispensa suficiente lavado a mano para dos manos.<\/p>\n<p><span style=\"color: #00a0c6;\"><strong>2. Suspensi\u00f3n de la pared<\/strong><\/span><br \/>\nPara montaje permanente ej. en la estaci\u00f3n de enfermeras o en el \u00e1rea de lavado de manos.<\/p>\n<p><span style=\"color: #00a0c6;\"><strong>3. Percha Port\u00e1til<\/strong><\/span><br \/>\nPara colgar en el borde de camas de pacientes y otros equipos.[\/vc_column_text][\/vc_column_inner][vc_column_inner width=\u00bb1\/2&#8243;][vc_single_image image=\u00bb8085&#8243; img_size=\u00bb905x837px\u00bb][\/vc_column_inner][\/vc_row_inner][\/vc_column][\/vc_row][vc_row full_width=\u00bbstretch_row\u00bb row_type=\u00bbsection\u00bb bg_color=\u00bb#f8f8f8&#8243; css=\u00bb.vc_custom_1734598490695{background-color: #f8f8f8 !important;}\u00bb][vc_column][vc_row_inner][vc_column_inner width=\u00bb1\/3&#8243;][vc_column_text]<\/p>\n<h3 style=\"text-align: center;\"><img loading=\"lazy\" decoding=\"async\" class=\"aligncenter wp-image-5017 size-full\" src=\"https:\/\/www.mtts-asia.com\/wp-content\/uploads\/2014\/11\/baby.png\" alt=\"\" width=\"89\" height=\"80\" \/><\/h3>\n<h3 style=\"text-align: center;\">Efectivo<\/h3>\n<hr \/>\n<p style=\"text-align: center;\">El procedimiento sin agua de seis pasos de LAVO est\u00e1 dise\u00f1ado para mejorar el cumplimiento y ayudar a reducir el riesgo de infecciones asociadas con la atenci\u00f3n m\u00e9dica.<\/p>\n<p>[\/vc_column_text][\/vc_column_inner][vc_column_inner width=\u00bb1\/3&#8243;][vc_column_text]<\/p>\n<h3 style=\"text-align: center;\"><img loading=\"lazy\" decoding=\"async\" class=\"aligncenter size-full wp-image-5009\" src=\"https:\/\/www.mtts-asia.com\/wp-content\/uploads\/2014\/11\/safe.png\" alt=\"safe\" width=\"79\" height=\"79\" \/><\/h3>\n<h3 style=\"text-align: center;\">Accessible<\/h3>\n<hr \/>\n<p style=\"text-align: center;\">Las opciones de dispensaci\u00f3n de LAVO hacen que el personal y los visitantes puedan acceder f\u00e1cilmente a la soluci\u00f3n desinfectante para manos. Las perchas de la cama y la pared se pueden usar para colgar los biberones en cualquier lugar donde se trate a los beb\u00e9s, incluida la entrada a la unidad y todas las entradas dentro de la unidad.<\/p>\n<p>[\/vc_column_text][\/vc_column_inner][vc_column_inner width=\u00bb1\/3&#8243;][vc_column_text]<\/p>\n<h3 style=\"text-align: center;\"><img loading=\"lazy\" decoding=\"async\" class=\"aligncenter size-full wp-image-5011\" src=\"https:\/\/www.mtts-asia.com\/wp-content\/uploads\/2014\/11\/costefficient.png\" alt=\"costefficient\" width=\"93\" height=\"80\" \/><\/h3>\n<h3 style=\"text-align: center;\">Costo eficiente<\/h3>\n<hr \/>\n<p style=\"text-align: center;\">LAVO est\u00e1 dise\u00f1ado para reducir el costo del control de infecciones en las unidades de atenci\u00f3n al reci\u00e9n nacido. No requiere enjuague, ahorrando tiempo y costos asociados con el uso de agua y toallas de papel. Adem\u00e1s, las botellas dispensadoras son de tama\u00f1o conveniente y reutilizables.<\/p>\n<p>[\/vc_column_text][\/vc_column_inner][\/vc_row_inner][vc_empty_space height=\u00bb20px\u00bb][\/vc_column][\/vc_row][vc_row full_width=\u00bbstretch_row\u00bb row_type=\u00bbsection\u00bb][vc_column][vc_column_text]<\/p>\n<h3 style=\"text-align: center;\">Especificaciones t\u00e9cnicas<\/h3>\n<hr \/>\n<p>[\/vc_column_text][vc_row_inner][vc_column_inner width=\u00bb2\/3&#8243;][vc_column_text]\n<table id=\"tablepress-0713\" class=\"tablepress tablepress-id-0713\">\n<tbody class=\"row-striping row-hover\">\n<tr class=\"row-1\">\n\t<td class=\"column-1\">Solicitud<\/td><td class=\"column-2\">Antimicrobial hand sanitizer for hospital personnel.<\/td>\n<\/tr>\n<tr class=\"row-2\">\n\t<td class=\"column-1\">Ingredientes activos (mezclados)<\/td><td class=\"column-2\">Alcohol (0.689 w\/v), Chlorhexidine Gluconate<br \/>\n (0.011 w\/v), Glicerina (0.004 w\/v)<\/td>\n<\/tr>\n<\/tbody>\n<\/table>\n<!-- #tablepress-0713 from cache --><br \/>\n<span id=\"ordering\"> <\/span>[\/vc_column_text][\/vc_column_inner][vc_column_inner width=\u00bb1\/3&#8243;][vc_column_text][\/vc_column_text][\/vc_column_inner][\/vc_row_inner][\/vc_column][\/vc_row][vc_row bg_color=\u00bb#f8f8f8&#8243;][vc_column][vc_column_text]<\/p>\n<h3 style=\"text-align: center;\">Informaci\u00f3n sobre pedidos<\/h3>\n<p>[\/vc_column_text][\/vc_column][\/vc_row][vc_row][vc_column width=\u00bb2\/3&#8243;][vc_column_text]\n<table id=\"tablepress-0723\" class=\"tablepress tablepress-id-0723\">\n<tbody class=\"row-striping row-hover\">\n<tr class=\"row-1\">\n\t<td class=\"column-1\"><strong>Repuestos y consumibles<\/strong><\/td><td class=\"column-2\">Contenedore de 10 L<\/td><td class=\"column-3\">HST-1011<\/td>\n<\/tr>\n<tr class=\"row-2\">\n\t<td class=\"column-1\"><\/td><td class=\"column-2\">Contenedore de 20 L<\/td><td class=\"column-3\">HST-1012<\/td>\n<\/tr>\n<tr class=\"row-3\">\n\t<td class=\"column-1\"><\/td><td class=\"column-2\">Dispensador de 400 ml<\/td><td class=\"column-3\">HST-1020<\/td>\n<\/tr>\n<tr class=\"row-4\">\n\t<td class=\"column-1\"><\/td><td class=\"column-2\">Dispensador de 50 ml<\/td><td class=\"column-3\">HST-1030<\/td>\n<\/tr>\n<\/tbody>\n<\/table>\n<!-- #tablepress-0723 from cache -->[\/vc_column_text][\/vc_column][vc_column width=\u00bb1\/3&#8243;][\/vc_column][\/vc_row]<\/p>\n<\/div>","protected":false},"excerpt":{"rendered":"<p>[vc_row full_width=\u00bbstretch_row\u00bb row_type=\u00bbsection\u00bb row_color=\u00bbcolor_light\u00bb el_class=\u00bbpage-banner\u00bb css=\u00bb.vc_custom_1734574532833{background-image: url(https:\/\/www.mtts-asia.com\/wp-content\/uploads\/2014\/11\/111.jpg?id=4723) !important;background-position: center !important;background-repeat: no-repeat !important;background-size: cover !important;}\u00bb][vc_column][vc_custom_heading source=\u00bbpost_title\u00bb font_container=\u00bbtag:h2|text_align:center\u00bb use_theme_fonts=\u00bbyes\u00bb css=\u00bb\u00bb wb_heading_type=\u00bbheading\u00bb][\/vc_column][\/vc_row][vc_row full_width=\u00bbstretch_row\u00bb row_type=\u00bbsection\u00bb][vc_column][vc_row_inner][vc_column_inner width=\u00bb1\/3&#8243;][vc_column_text] La infecci\u00f3n asociada a la atenci\u00f3n m\u00e9dica es un problema importante para la seguridad del paciente y est\u00e1 presente en todas las instalaciones y sistemas de atenci\u00f3n m\u00e9dica del mundo. La falta de [&hellip;]<\/p>\n","protected":false},"author":3,"featured_media":0,"parent":0,"menu_order":0,"comment_status":"closed","ping_status":"closed","template":"","meta":{"footnotes":""},"class_list":["post-7333","page","type-page","status-publish","hentry"],"jetpack_sharing_enabled":true,"_links":{"self":[{"href":"https:\/\/www.mtts-asia.com\/es\/wp-json\/wp\/v2\/pages\/7333","targetHints":{"allow":["GET"]}}],"collection":[{"href":"https:\/\/www.mtts-asia.com\/es\/wp-json\/wp\/v2\/pages"}],"about":[{"href":"https:\/\/www.mtts-asia.com\/es\/wp-json\/wp\/v2\/types\/page"}],"author":[{"embeddable":true,"href":"https:\/\/www.mtts-asia.com\/es\/wp-json\/wp\/v2\/users\/3"}],"replies":[{"embeddable":true,"href":"https:\/\/www.mtts-asia.com\/es\/wp-json\/wp\/v2\/comments?post=7333"}],"version-history":[{"count":2,"href":"https:\/\/www.mtts-asia.com\/es\/wp-json\/wp\/v2\/pages\/7333\/revisions"}],"predecessor-version":[{"id":12653,"href":"https:\/\/www.mtts-asia.com\/es\/wp-json\/wp\/v2\/pages\/7333\/revisions\/12653"}],"wp:attachment":[{"href":"https:\/\/www.mtts-asia.com\/es\/wp-json\/wp\/v2\/media?parent=7333"}],"curies":[{"name":"wp","href":"https:\/\/api.w.org\/{rel}","templated":true}]}}