{"id":7337,"date":"2020-02-17T04:59:51","date_gmt":"2020-02-17T04:59:51","guid":{"rendered":"http:\/\/mttsasia.local\/?page_id=7337"},"modified":"2025-09-18T08:48:14","modified_gmt":"2025-09-18T01:48:14","slug":"koala-infant-bed","status":"publish","type":"page","link":"https:\/\/www.mtts-asia.com\/es\/koala-infant-bed\/","title":{"rendered":"Cama infantil Koala"},"content":{"rendered":"<div class=\"wpb-content-wrapper\"><p>[vc_row full_width=\u00bbstretch_row\u00bb row_type=\u00bbsection\u00bb row_color=\u00bbcolor_light\u00bb el_class=\u00bbpage-banner\u00bb css=\u00bb.vc_custom_1734574532833{background-image: url(https:\/\/www.mtts-asia.com\/wp-content\/uploads\/2014\/11\/111.jpg?id=4723) !important;background-position: center !important;background-repeat: no-repeat !important;background-size: cover !important;}\u00bb][vc_column][vc_custom_heading source=\u00bbpost_title\u00bb font_container=\u00bbtag:h2|text_align:center\u00bb use_theme_fonts=\u00bbyes\u00bb css=\u00bb\u00bb wb_heading_type=\u00bbheading\u00bb][\/vc_column][\/vc_row][vc_row full_width=\u00bbstretch_row\u00bb row_type=\u00bbsection\u00bb][vc_column][vc_row_inner][vc_column_inner width=\u00bb1\/3&#8243;][vc_empty_space height=\u00bb20px\u00bb][vc_single_image image=\u00bb8638&#8243; img_size=\u00bb\u00bb][vc_column_text]Con el fin de crear el mejor ambiente para cuidar a los reci\u00e9n nacidos, siempre investigamos soluciones \u00f3ptimas para ayudar a los m\u00e9dicos a cuidar y transferir f\u00e1cilmente a los beb\u00e9s dentro de los edificios del hospital. La \u00faltima versi\u00f3n de la cama infantil incluye todos los est\u00e1ndares m\u00e9dicos, t\u00e9cnicos y est\u00e9ticos que crean un ambiente c\u00f3modo tanto para m\u00e9dicos como para beb\u00e9s. Todos los componentes de la cama est\u00e1n hechos de materiales de primera calidad que son duraderos y cumplen con los est\u00e1ndares m\u00e9dicos.[\/vc_column_text][vc_empty_space height=\u00bb20px\u00bb][vc_column_text css=\u00bb\u00bb]<img loading=\"lazy\" decoding=\"async\" class=\"alignleft size-full wp-image-4832\" src=\"https:\/\/www.mtts-asia.com\/wp-content\/uploads\/2014\/11\/Untitled-1.png\" alt=\"Untitled-1\" width=\"45\" height=\"32\" \/><\/p>\n<p>&nbsp;<\/p>\n<p>&nbsp;<\/p>\n<p><a title=\"INFANT BED Brochure\" href=\"https:\/\/www.mtts-asia.com\/wp-content\/uploads\/2025\/09\/IB-MKT-01-Infant-Bed-Brochure-1.05ES.pdf\" target=\"_blank\" rel=\"noopener noreferrer\">Folleto<\/a><\/p>\n<p><a href=\"https:\/\/www.mtts-asia.com\/wp-content\/uploads\/2023\/10\/IB-MAN-01-Koala-User-Manual-1.03EN.pdf\" target=\"_blank\" rel=\"noopener\">User Manual<\/a>[\/vc_column_text][\/vc_column_inner][vc_column_inner width=\u00bb2\/3&#8243;][vc_images_carousel images=\u00bb8665,8669,8677,8673&#8243; img_size=\u00bb1000&#215;560&#8243; onclick=\u00bblink_no\u00bb wrap=\u00bbyes\u00bb][\/vc_column_inner][\/vc_row_inner][vc_empty_space height=\u00bb20px\u00bb][vc_row_inner][vc_column_inner width=\u00bb1\/3&#8243;][vc_column_text]<\/p>\n<p style=\"text-align: center;\"><div class=\"vc_btn3-container align-center\">\r\n<a href=\"#features\" class=\"vc_general vc_btn3 vc_btn3-size-md vc_btn3-shape-rounded vc_btn3-style-flat vc_btn3-color-wb-btn-primary\">\r\n    <span>CARACTER\u00cdSTICAS CLAVE<\/span>\r\n<\/a>\r\n<\/div>\n<p>[\/vc_column_text][\/vc_column_inner][vc_column_inner width=\u00bb1\/3&#8243;][vc_column_text]<\/p>\n<p style=\"text-align: center;\"><div class=\"vc_btn3-container align-center\">\r\n<a href=\"#technical\" class=\"vc_general vc_btn3 vc_btn3-size-md vc_btn3-shape-rounded vc_btn3-style-flat vc_btn3-color-wb-btn-primary\">\r\n    <span>ESPECIFICACIONES T\u00c9CNICAS<\/span>\r\n<\/a>\r\n<\/div>\n<p>[\/vc_column_text][\/vc_column_inner][vc_column_inner width=\u00bb1\/3&#8243;][vc_column_text]<\/p>\n<p style=\"text-align: center;\"><div class=\"vc_btn3-container align-center\">\r\n<a href=\"#ordering\" class=\"vc_general vc_btn3 vc_btn3-size-md vc_btn3-shape-rounded vc_btn3-style-flat vc_btn3-color-wb-btn-primary\">\r\n    <span>PEDIDOS Y SERVICIO<\/span>\r\n<\/a>\r\n<\/div>\n<p>[\/vc_column_text][\/vc_column_inner][\/vc_row_inner][vc_empty_space height=\u00bb20px\u00bb][\/vc_column][\/vc_row][vc_row full_width=\u00bbstretch_row\u00bb row_type=\u00bbsection\u00bb bg_color=\u00bb#f8f8f8&#8243; css=\u00bb.vc_custom_1734597914399{background-color: #f8f8f8 !important;}\u00bb][vc_column][vc_row_inner][vc_column_inner width=\u00bb1\/3&#8243;][vc_column_text]<\/p>\n<h4 style=\"text-align: center;\"><strong><img loading=\"lazy\" decoding=\"async\" class=\"aligncenter wp-image-4799 size-full\" src=\"https:\/\/www.mtts-asia.com\/wp-content\/uploads\/2014\/11\/QUALITY.png\" alt=\"\" width=\"69\" height=\"80\" \/><\/strong><\/h4>\n<h3 style=\"text-align: center;\">Calidad<\/h3>\n<hr \/>\n<p style=\"text-align: center;\">La cama infantil Koala est\u00e1 hecha de materiales de alta calidad que garantizan que dure m\u00e1s que otros dispositivos.<\/p>\n<p>[\/vc_column_text][\/vc_column_inner][vc_column_inner width=\u00bb1\/3&#8243;][vc_column_text]<\/p>\n<h4><img loading=\"lazy\" decoding=\"async\" class=\"aligncenter wp-image-4800 size-full\" src=\"https:\/\/www.mtts-asia.com\/wp-content\/uploads\/2014\/11\/INNOVATION.png\" alt=\"\" width=\"80\" height=\"80\" \/><\/h4>\n<h3 style=\"text-align: center;\">Innovaci\u00f3n<\/h3>\n<hr \/>\n<p style=\"text-align: center;\">El \u00e1ngulo de la cama se puede ajustar entre 0 y 15 grados. El colch\u00f3n es extra\u00edble y est\u00e1 hecho de un material f\u00e1cil de limpiar. El dise\u00f1o proporciona la m\u00e1xima estabilidad al paciente.<\/p>\n<p>[\/vc_column_text][\/vc_column_inner][vc_column_inner width=\u00bb1\/3&#8243;][vc_column_text]<\/p>\n<h4 style=\"text-align: center;\"><img loading=\"lazy\" decoding=\"async\" class=\"aligncenter wp-image-4801 size-full\" src=\"https:\/\/www.mtts-asia.com\/wp-content\/uploads\/2014\/11\/CARE.png\" alt=\"\" width=\"49\" height=\"80\" \/><\/h4>\n<h3 style=\"text-align: center;\">Cuidado<\/h3>\n<hr \/>\n<p style=\"text-align: center;\">La cama infantil Koala est\u00e1 dise\u00f1ada para proporcionar un f\u00e1cil acceso a los pacientes y facilitar la movilidad dentro de los edificios del hospital.<\/p>\n<p>[\/vc_column_text][\/vc_column_inner][\/vc_row_inner][\/vc_column][\/vc_row][vc_row full_width=\u00bbstretch_row\u00bb row_type=\u00bbsection\u00bb][vc_column][vc_column_text]<\/p>\n<h3 style=\"text-align: center;\">Caracter\u00edsticas clave<\/h3>\n<hr \/>\n<p>[\/vc_column_text][vc_row_inner][vc_column_inner width=\u00bb1\/2&#8243;][vc_column_text]<span style=\"color: #00a0c6;\"><strong>Descripci\u00f3n<\/strong><\/span><\/p>\n<p>&#8211; adecuado para neonatos y pacientes pedi\u00e1tricos<br \/>\n&#8211; compatible con fototerapia a\u00e9rea MTTS<br \/>\n&#8211; cuerpo r\u00edgido de acero<br \/>\n&#8211; materiales biocompatibles<br \/>\n&#8211; seguro y c\u00f3modo[\/vc_column_text][\/vc_column_inner][vc_column_inner width=\u00bb1\/2&#8243;][vc_single_image image=\u00bb8665&#8243; img_size=\u00bb700x700px\u00bb][\/vc_column_inner][\/vc_row_inner][\/vc_column][\/vc_row][vc_row full_width=\u00bbstretch_row\u00bb row_type=\u00bbsection\u00bb][vc_column][vc_column_text]<\/p>\n<h3 style=\"text-align: center;\">Especificaciones t\u00e9cnicas<\/h3>\n<hr \/>\n<p>[\/vc_column_text][vc_row_inner][vc_column_inner width=\u00bb2\/3&#8243;][vc_column_text]\n<table id=\"tablepress-0613\" class=\"tablepress tablepress-id-0613\">\n<tbody class=\"row-striping row-hover\">\n<tr class=\"row-1\">\n\t<td class=\"column-1\"><strong>Dimensiones y peso<strong><\/td><td class=\"column-2\">Dimensiones unidad<\/td><td class=\"column-3\">96.2 cm x 59 cm x 98.5 cm<\/td>\n<\/tr>\n<tr class=\"row-2\">\n\t<td class=\"column-1\"><\/td><td class=\"column-2\">Dimensiones env\u00edo (en cajas)<\/td><td class=\"column-3\">40 cm x 90 cm x 65 cm<\/td>\n<\/tr>\n<tr class=\"row-3\">\n\t<td class=\"column-1\"><\/td><td class=\"column-2\">Peso neto<\/td><td class=\"column-3\">44 kg<\/td>\n<\/tr>\n<tr class=\"row-4\">\n\t<td class=\"column-1\"><\/td><td class=\"column-2\">Peso env\u00edo <\/td><td class=\"column-3\">55 kg<\/td>\n<\/tr>\n<tr class=\"row-5\">\n\t<td class=\"column-1\"><\/td><td class=\"column-2\">Dimensiones de colch\u00f3n<\/td><td class=\"column-3\">53.5 cm x 64 cm x 3 cm<\/td>\n<\/tr>\n<tr class=\"row-6\">\n\t<td class=\"column-1\"><\/td><td class=\"column-2\">Altura del capazo<\/td><td class=\"column-3\">75 cm<\/td>\n<\/tr>\n<\/tbody>\n<\/table>\n<!-- #tablepress-0613 from cache --><br \/>\n<span id=\"ordering\"> <\/span>[\/vc_column_text][\/vc_column_inner][vc_column_inner width=\u00bb1\/3&#8243;][vc_column_text]<\/p>\n<h5><span style=\"color: #00a0c6;\">Garant\u00eda est\u00e1ndar 1 a\u00f1o.<\/span><\/h5>\n<p>(Sujeto a Pol\u00edtica de Garant\u00eda MTTS)[\/vc_column_text][\/vc_column_inner][\/vc_row_inner][\/vc_column][\/vc_row][vc_row bg_color=\u00bb#f8f8f8&#8243;][vc_column][vc_column_text]<\/p>\n<h3 style=\"text-align: center;\">Informaci\u00f3n para pedidos y servicio<\/h3>\n<p>[\/vc_column_text][\/vc_column][\/vc_row][vc_row][vc_column width=\u00bb2\/3&#8243;][vc_column_text]\n<table id=\"tablepress-0623\" class=\"tablepress tablepress-id-0623\">\n<tbody class=\"row-striping row-hover\">\n<tr class=\"row-1\">\n\t<td class=\"column-1\"><strong>Informaci\u00f3n sobre pedidos<\/strong><\/td><td class=\"column-2\">Cama infantil<\/td><td class=\"column-3\">IBD-4000<\/td><td class=\"column-4\">Unidad principal<\/td>\n<\/tr>\n<tr class=\"row-2\">\n\t<td class=\"column-1\"><strong>Art\u00edculos opcionales<\/strong> <\/td><td class=\"column-2\">Colch\u00f3n<\/td><td class=\"column-3\">ID 1307<\/td><td class=\"column-4\"><\/td>\n<\/tr>\n<tr class=\"row-3\">\n\t<td class=\"column-1\"><\/td><td class=\"column-2\">Rueda<\/td><td class=\"column-3\">ID 658<\/td><td class=\"column-4\"><\/td>\n<\/tr>\n<tr class=\"row-4\">\n\t<td class=\"column-1\"><\/td><td class=\"column-2\">Panel lateral (L)<\/td><td class=\"column-3\">ID 1120<\/td><td class=\"column-4\"><\/td>\n<\/tr>\n<tr class=\"row-5\">\n\t<td class=\"column-1\"><\/td><td class=\"column-2\">Panel lateral (S)<\/td><td class=\"column-3\">ID 1121<\/td><td class=\"column-4\"><\/td>\n<\/tr>\n<tr class=\"row-6\">\n\t<td class=\"column-1\"><\/td><td class=\"column-2\">Bandeja de X-ray<\/td><td class=\"column-3\">ID 1126<\/td><td class=\"column-4\"><\/td>\n<\/tr>\n<tr class=\"row-7\">\n\t<td class=\"column-1\"><\/td><td class=\"column-2\">Polo IV<\/td><td class=\"column-3\">ID 1331<\/td><td class=\"column-4\"><\/td>\n<\/tr>\n<\/tbody>\n<\/table>\n<!-- #tablepress-0623 from cache -->[\/vc_column_text][\/vc_column][vc_column width=\u00bb1\/3&#8243;][\/vc_column][\/vc_row]<\/p>\n<\/div>","protected":false},"excerpt":{"rendered":"<p>[vc_row full_width=\u00bbstretch_row\u00bb row_type=\u00bbsection\u00bb row_color=\u00bbcolor_light\u00bb el_class=\u00bbpage-banner\u00bb css=\u00bb.vc_custom_1734574532833{background-image: url(https:\/\/www.mtts-asia.com\/wp-content\/uploads\/2014\/11\/111.jpg?id=4723) !important;background-position: center !important;background-repeat: no-repeat !important;background-size: cover !important;}\u00bb][vc_column][vc_custom_heading source=\u00bbpost_title\u00bb font_container=\u00bbtag:h2|text_align:center\u00bb use_theme_fonts=\u00bbyes\u00bb css=\u00bb\u00bb wb_heading_type=\u00bbheading\u00bb][\/vc_column][\/vc_row][vc_row full_width=\u00bbstretch_row\u00bb row_type=\u00bbsection\u00bb][vc_column][vc_row_inner][vc_column_inner width=\u00bb1\/3&#8243;][vc_empty_space height=\u00bb20px\u00bb][vc_single_image image=\u00bb8638&#8243; img_size=\u00bb\u00bb][vc_column_text]Con el fin de crear el mejor ambiente para cuidar a los reci\u00e9n nacidos, siempre investigamos soluciones \u00f3ptimas para ayudar a los m\u00e9dicos a cuidar y transferir f\u00e1cilmente a los beb\u00e9s [&hellip;]<\/p>\n","protected":false},"author":3,"featured_media":0,"parent":0,"menu_order":0,"comment_status":"closed","ping_status":"closed","template":"","meta":{"footnotes":""},"class_list":["post-7337","page","type-page","status-publish","hentry"],"jetpack_sharing_enabled":true,"_links":{"self":[{"href":"https:\/\/www.mtts-asia.com\/es\/wp-json\/wp\/v2\/pages\/7337","targetHints":{"allow":["GET"]}}],"collection":[{"href":"https:\/\/www.mtts-asia.com\/es\/wp-json\/wp\/v2\/pages"}],"about":[{"href":"https:\/\/www.mtts-asia.com\/es\/wp-json\/wp\/v2\/types\/page"}],"author":[{"embeddable":true,"href":"https:\/\/www.mtts-asia.com\/es\/wp-json\/wp\/v2\/users\/3"}],"replies":[{"embeddable":true,"href":"https:\/\/www.mtts-asia.com\/es\/wp-json\/wp\/v2\/comments?post=7337"}],"version-history":[{"count":3,"href":"https:\/\/www.mtts-asia.com\/es\/wp-json\/wp\/v2\/pages\/7337\/revisions"}],"predecessor-version":[{"id":13266,"href":"https:\/\/www.mtts-asia.com\/es\/wp-json\/wp\/v2\/pages\/7337\/revisions\/13266"}],"wp:attachment":[{"href":"https:\/\/www.mtts-asia.com\/es\/wp-json\/wp\/v2\/media?parent=7337"}],"curies":[{"name":"wp","href":"https:\/\/api.w.org\/{rel}","templated":true}]}}