{"id":7341,"date":"2020-02-17T05:00:28","date_gmt":"2020-02-17T05:00:28","guid":{"rendered":"http:\/\/mttsasia.local\/?page_id=7341"},"modified":"2024-12-19T15:34:39","modified_gmt":"2024-12-19T08:34:39","slug":"lightmeter","status":"publish","type":"page","link":"https:\/\/www.mtts-asia.com\/es\/lightmeter\/","title":{"rendered":"Fot\u00f3metro \/ 4meter"},"content":{"rendered":"<div class=\"wpb-content-wrapper\"><p>[vc_row full_width=\u00bbstretch_row\u00bb row_type=\u00bbsection\u00bb row_color=\u00bbcolor_light\u00bb el_class=\u00bbpage-banner\u00bb css=\u00bb.vc_custom_1734574532833{background-image: url(https:\/\/www.mtts-asia.com\/wp-content\/uploads\/2014\/11\/111.jpg?id=4723) !important;background-position: center !important;background-repeat: no-repeat !important;background-size: cover !important;}\u00bb][vc_column][vc_custom_heading source=\u00bbpost_title\u00bb font_container=\u00bbtag:h2|text_align:center\u00bb use_theme_fonts=\u00bbyes\u00bb css=\u00bb\u00bb wb_heading_type=\u00bbheading\u00bb][\/vc_column][\/vc_row][vc_row full_width=\u00bbstretch_row\u00bb row_type=\u00bbsection\u00bb][vc_column][vc_row_inner][vc_column_inner width=\u00bb1\/3&#8243;][vc_empty_space height=\u00bb30px\u00bb][vc_single_image image=\u00bb10788&#8243; img_size=\u00bb900&#215;230&#8243;][vc_column_text]El 4meter se utiliza para determinar el nivel real de fuentes necesarias para una terapia m\u00e9dica eficaz. La herramienta es \u00fatil tanto para los t\u00e9cnicos hospitalarios como para los m\u00e9dicos que desean verificar si el equipo m\u00e9dico puede ofrecer todas las funciones seg\u00fan lo dise\u00f1ado.<br \/>\nLa funci\u00f3n del medidor de luz principal proporciona una medici\u00f3n precisa de la intensidad del espectro de luz azul que es necesaria para tratar la ictericia en los beb\u00e9s. Esta medici\u00f3n permite a los profesionales de la salud asegurarse de que las unidades de fototerapia funcionan correctamente y determinar cu\u00e1ndo es necesario reemplazar un dispositivo de fototerapia o sus bombillas.<br \/>\nEl dispositivo se puede utilizar para cualquier unidad de fototerapia con LED, bombillas fluorescentes o bombillas compactas. Al medir una m\u00e1quina de fototerapia de un solo lado, medir\u00e1 la luz usando el sensor frontal. Al medir una fototerapia de doble cara, el dispositivo lee la intensidad de ambos lados, utilizando los sensores en la parte delantera y trasera del dispositivo. Luego muestra la suma de los valores de cada lado.[\/vc_column_text][vc_empty_space height=\u00bb20px\u00bb][vc_column_text css=\u00bb\u00bb]<img loading=\"lazy\" decoding=\"async\" class=\"alignleft size-full wp-image-4832\" src=\"https:\/\/www.mtts-asia.com\/wp-content\/uploads\/2014\/11\/Untitled-1.png\" alt=\"Untitled-1\" width=\"45\" height=\"32\" \/><\/p>\n<p>&nbsp;<\/p>\n<p>&nbsp;<\/p>\n<p><a title=\"LIGHTMETER Brochure\" href=\"https:\/\/www.mtts-asia.com\/wp-content\/uploads\/2024\/11\/LM-MKT-01-4meter-4.03ES.pdf\" target=\"_blank\" rel=\"noopener noreferrer\">Folleto<\/a><\/p>\n<p><a title=\"User manual\" href=\"https:\/\/www.mtts-asia.com\/wp-content\/uploads\/2023\/05\/LM-MAN-01-4M-User-Manual-3.02ES.pdf\" target=\"_blank\" rel=\"noopener noreferrer\">Manual de usuario<\/a>[\/vc_column_text][\/vc_column_inner][vc_column_inner width=\u00bb2\/3&#8243;][vc_images_carousel images=\u00bb9783,10794,12254,12259,12264&#8243; img_size=\u00bbfull\u00bb onclick=\u00bblink_no\u00bb wrap=\u00bbyes\u00bb][\/vc_column_inner][\/vc_row_inner][vc_empty_space height=\u00bb20px\u00bb][vc_row_inner][vc_column_inner width=\u00bb1\/3&#8243;][vc_column_text]<\/p>\n<p style=\"text-align: center;\"><div class=\"vc_btn3-container align-center\">\r\n<a href=\"#features\" class=\"vc_general vc_btn3 vc_btn3-size-md vc_btn3-shape-rounded vc_btn3-style-flat vc_btn3-color-wb-btn-primary\">\r\n    <span>CARACTER\u00cdSTICAS CLAVE<\/span>\r\n<\/a>\r\n<\/div>\n<p>[\/vc_column_text][\/vc_column_inner][vc_column_inner width=\u00bb1\/3&#8243;][vc_column_text]<\/p>\n<p style=\"text-align: center;\"><div class=\"vc_btn3-container align-center\">\r\n<a href=\"#technical\" class=\"vc_general vc_btn3 vc_btn3-size-md vc_btn3-shape-rounded vc_btn3-style-flat vc_btn3-color-wb-btn-primary\">\r\n    <span>ESPECIFICACIONES T\u00c9CNICAS<\/span>\r\n<\/a>\r\n<\/div>\n<p>[\/vc_column_text][\/vc_column_inner][vc_column_inner width=\u00bb1\/3&#8243;][vc_column_text]<\/p>\n<p style=\"text-align: center;\"><div class=\"vc_btn3-container align-center\">\r\n<a href=\"#ordering\" class=\"vc_general vc_btn3 vc_btn3-size-md vc_btn3-shape-rounded vc_btn3-style-flat vc_btn3-color-wb-btn-primary\">\r\n    <span>PEDIDOS Y SERVICIO<\/span>\r\n<\/a>\r\n<\/div>\n<p>[\/vc_column_text][\/vc_column_inner][\/vc_row_inner][vc_empty_space height=\u00bb20px\u00bb][\/vc_column][\/vc_row][vc_row full_width=\u00bbstretch_row\u00bb row_type=\u00bbsection\u00bb bg_color=\u00bb#f8f8f8&#8243; css=\u00bb.vc_custom_1734597244434{background-color: #f8f8f8 !important;}\u00bb][vc_column][vc_row_inner][vc_column_inner width=\u00bb1\/3&#8243;][vc_column_text]<\/p>\n<h4 style=\"text-align: center;\"><strong><img loading=\"lazy\" decoding=\"async\" class=\"aligncenter wp-image-4799 size-full\" src=\"https:\/\/www.mtts-asia.com\/wp-content\/uploads\/2014\/11\/QUALITY.png\" alt=\"\" width=\"69\" height=\"80\" \/><\/strong><\/h4>\n<h3 style=\"text-align: center;\">Calidad<\/h3>\n<hr \/>\n<p style=\"text-align: center;\">Al medir el espectro de longitud de onda de 400 a 520 nan\u00f3metros, el fot\u00f3metro proporciona una medici\u00f3n de irradiancia confiable y ayuda a cumplir con las pautas de la Academia Estadounidense de Pediatr\u00eda.<\/p>\n<p>[\/vc_column_text][\/vc_column_inner][vc_column_inner width=\u00bb1\/3&#8243;][vc_column_text]<\/p>\n<h4><img loading=\"lazy\" decoding=\"async\" class=\"aligncenter wp-image-4800 size-full\" src=\"https:\/\/www.mtts-asia.com\/wp-content\/uploads\/2014\/11\/INNOVATION.png\" alt=\"\" width=\"80\" height=\"80\" \/><\/h4>\n<h3 style=\"text-align: center;\">Innovaci\u00f3n<\/h3>\n<hr \/>\n<p style=\"text-align: center;\">El sensor de luz proporciona una medici\u00f3n r\u00e1pida y precisa de la intensidad de la luz terap\u00e9utica desde cualquier tipo de dispositivo de fototerapia para asegurarse de que el paciente reciba la cantidad de luz m\u00e1s efectiva.<\/p>\n<p>[\/vc_column_text][\/vc_column_inner][vc_column_inner width=\u00bb1\/3&#8243;][vc_column_text]<\/p>\n<h4 style=\"text-align: center;\"><img loading=\"lazy\" decoding=\"async\" class=\"aligncenter wp-image-4801 size-full\" src=\"https:\/\/www.mtts-asia.com\/wp-content\/uploads\/2014\/11\/CARE.png\" alt=\"\" width=\"49\" height=\"80\" \/><\/h4>\n<h3 style=\"text-align: center;\">Cuidado<\/h3>\n<hr \/>\n<p style=\"text-align: center;\">El sensor de luz tambi\u00e9n se puede usar como una herramienta para la toma de decisiones cl\u00ednicas, lo que permite al cuidador determinar c\u00f3mo colocar al beb\u00e9, maximizar la exposici\u00f3n a la luz y proporcionar la fototerapia m\u00e1s fuerte.<\/p>\n<p>[\/vc_column_text][\/vc_column_inner][\/vc_row_inner][\/vc_column][\/vc_row][vc_row full_width=\u00bbstretch_row\u00bb row_type=\u00bbsection\u00bb][vc_column][vc_column_text]<\/p>\n<h3 style=\"text-align: center;\">Caracter\u00edsticas clave<\/h3>\n<hr \/>\n<p>[\/vc_column_text][vc_row_inner][vc_column_inner width=\u00bb1\/2&#8243;][vc_column_text]<span style=\"color: #00a0c6;\"><strong>Funciones<\/strong><\/span><br \/>\n1. Medici\u00f3n de la irradiancia de la luz azul:<br \/>\n&#8211; verificar la irradiancia de los dispositivos de fototerapia durante el mantenimiento preventivo y el uso normal<br \/>\n2. Medici\u00f3n de O2:<br \/>\n&#8211; verificar la pureza de las fuentes de O2 (tanque, generador, pared) durante el mantenimiento preventivo<br \/>\n&#8211; Verifique la licuadora mec\u00e1nica y otra licuadora durante el mantenimiento preventivo<br \/>\n&#8211; b\u00fasqueda de fugas dentro del dispositivo y a lo largo de los tubos externos durante la reparaci\u00f3n y la<br \/>\ninspecci\u00f3n del equipo<br \/>\n3. Medida de presi\u00f3n:<br \/>\n&#8211; verificar la presi\u00f3n en el conector Y durante el uso<br \/>\n4. Medici\u00f3n de flujo:<br \/>\n&#8211; verificar la salida de flujo de CPAP, Hi-flow y ventiladores durante el mantenimiento preventivo<br \/>\n5. Medici\u00f3n de alta presi\u00f3n:<br \/>\n&#8211; verificar las fuentes de gas del hospital y verificar si hay fluctuaciones<br \/>\n6. Medici\u00f3n de temperatura y humedad:<br \/>\n&#8211; verificar la uniformidad de la temperatura de los calentadores radiantes<br \/>\n&#8211; comprobar la temperatura y la humedad en el interior de las incubadoras<\/p>\n<p><span style=\"color: #00a0c6;\"><strong>Sensor de irradiancia de luz<\/strong><\/span><br \/>\n&#8211; respuesta espectral elegida para que coincida con la longitud de onda utilizada para el tratamiento de la ictericia<br \/>\n&#8211; medici\u00f3n a dos caras para una medici\u00f3n conveniente de dispositivos de fototerapia de doble cara, como MTTS Firefly<\/p>\n<p><span style=\"color: #00a0c6;\"><strong>Pantallas \/ Indicadores<\/strong><\/span><br \/>\n&#8211; pantalla t\u00e1ctil de cristal l\u00edquido (LCD)<br \/>\n&#8211; bater\u00eda baja<br \/>\n&#8211; Tiempo de visualizaci\u00f3n de resultados de 5 segundos<br \/>\n&#8211; fallo de sistema<br \/>\n&#8211; fuera de medida<\/p>\n<p><span style=\"color: #00a0c6;\"><strong>Bater\u00eda<\/strong><\/span><br \/>\n&#8211; bater\u00eda de larga duraci\u00f3n<br \/>\n&#8211; las pilas alcalinas AA est\u00e1ndar son f\u00e1ciles de reemplazar[\/vc_column_text][\/vc_column_inner][vc_column_inner width=\u00bb1\/2&#8243;][vc_empty_space][vc_single_image image=\u00bb10813&#8243; img_size=\u00bb700x530px\u00bb][\/vc_column_inner][\/vc_row_inner][\/vc_column][\/vc_row][vc_row full_width=\u00bbstretch_row\u00bb row_type=\u00bbsection\u00bb bg_color=\u00bb#f8f8f8&#8243; css=\u00bb.vc_custom_1734597260858{background-color: #f8f8f8 !important;}\u00bb][vc_column][vc_row_inner][vc_column_inner width=\u00bb1\/3&#8243;][vc_column_text]<\/p>\n<h3 style=\"text-align: center;\"><img loading=\"lazy\" decoding=\"async\" class=\"aligncenter wp-image-5017 size-full\" src=\"https:\/\/www.mtts-asia.com\/wp-content\/uploads\/2014\/11\/baby.png\" alt=\"\" width=\"89\" height=\"80\" \/><\/h3>\n<h3 style=\"text-align: center;\">F\u00e1cil de usar<\/h3>\n<hr \/>\n<p style=\"text-align: center;\">El 4meter presenta una pantalla grande y clara que facilita la lectura en todas las condiciones de iluminaci\u00f3n.<\/p>\n<p>[\/vc_column_text][\/vc_column_inner][vc_column_inner width=\u00bb1\/3&#8243;][vc_column_text]<\/p>\n<h3 style=\"text-align: center;\"><img loading=\"lazy\" decoding=\"async\" class=\"aligncenter size-full wp-image-5009\" src=\"https:\/\/www.mtts-asia.com\/wp-content\/uploads\/2014\/11\/safe.png\" alt=\"safe\" width=\"79\" height=\"79\" \/><\/h3>\n<h3 style=\"text-align: center;\">Compacto<\/h3>\n<hr \/>\n<p style=\"text-align: center;\">El 4meter es ligero y port\u00e1til. Se puede transportar f\u00e1cilmente y ayuda a los profesionales de la salud a confiar en el tratamiento de fototerapia que brindan a sus pacientes.<\/p>\n<p>[\/vc_column_text][\/vc_column_inner][vc_column_inner width=\u00bb1\/3&#8243;][vc_column_text]<\/p>\n<h3 style=\"text-align: center;\"><img loading=\"lazy\" decoding=\"async\" class=\"aligncenter size-full wp-image-5011\" src=\"https:\/\/www.mtts-asia.com\/wp-content\/uploads\/2014\/11\/costefficient.png\" alt=\"costefficient\" width=\"93\" height=\"80\" \/><\/h3>\n<h3 style=\"text-align: center;\">Flexible<\/h3>\n<hr \/>\n<p style=\"text-align: center;\">El 4meter se puede utilizar para medir la intensidad de cualquier tipo de fototerapia, as\u00ed como el nivel real de flujo, presi\u00f3n y nivel de ox\u00edgeno de las fuentes de gas.<\/p>\n<p>[\/vc_column_text][\/vc_column_inner][\/vc_row_inner][vc_empty_space height=\u00bb20px\u00bb][\/vc_column][\/vc_row][vc_row full_width=\u00bbstretch_row\u00bb row_type=\u00bbsection\u00bb][vc_column][vc_column_text]<\/p>\n<h3 style=\"text-align: center;\">Especificaciones t\u00e9cnicas<\/h3>\n<hr \/>\n<p>[\/vc_column_text][vc_row_inner][vc_column_inner width=\u00bb2\/3&#8243;][vc_column_text]\n<table id=\"tablepress-0513\" class=\"tablepress tablepress-id-0513\">\n<tbody class=\"row-striping row-hover\">\n<tr class=\"row-1\">\n\t<td class=\"column-1\"><strong>Dimensiones y peso<\/strong><\/td><td class=\"column-2\">Altura<\/td><td class=\"column-3\"><\/td><td class=\"column-4\">148mm<\/td>\n<\/tr>\n<tr class=\"row-2\">\n\t<td class=\"column-1\"><\/td><td class=\"column-2\">Anchura<\/td><td class=\"column-3\"><\/td><td class=\"column-4\">73mm<\/td>\n<\/tr>\n<tr class=\"row-3\">\n\t<td class=\"column-1\"><\/td><td class=\"column-2\">Profundidad<\/td><td class=\"column-3\"><\/td><td class=\"column-4\">17mm<\/td>\n<\/tr>\n<tr class=\"row-4\">\n\t<td class=\"column-1\"><\/td><td class=\"column-2\">Unidad de masa total<\/td><td class=\"column-3\"><\/td><td class=\"column-4\">200g<\/td>\n<\/tr>\n<tr class=\"row-5\">\n\t<td class=\"column-1\"><strong>Especificaciones de rendimiento<\/strong><\/td><td class=\"column-2\"><\/td><td class=\"column-3\"><\/td><td class=\"column-4\"><\/td>\n<\/tr>\n<tr class=\"row-6\">\n\t<td class=\"column-1\">SENSOR DE LUZ<\/td><td class=\"column-2\">Solicitud<\/td><td class=\"column-3\"><\/td><td class=\"column-4\">Fuentes de luz LED y fototerapia fluorescente azul.<\/td>\n<\/tr>\n<tr class=\"row-7\">\n\t<td class=\"column-1\"><\/td><td class=\"column-2\">Respuesta espectral<\/td><td class=\"column-3\"><\/td><td class=\"column-4\">400-520nm<\/td>\n<\/tr>\n<tr class=\"row-8\">\n\t<td class=\"column-1\"><\/td><td class=\"column-2\">Rango de medici\u00f3n<\/td><td class=\"column-3\">solo lado<\/td><td class=\"column-4\">0.1 \u2013 150.0 \u03bcW\/cm\u00b2\/nm<\/td>\n<\/tr>\n<tr class=\"row-9\">\n\t<td class=\"column-1\"><\/td><td class=\"column-2\"><\/td><td class=\"column-3\">doble lado<\/td><td class=\"column-4\">0.1 \u2013 300.0 \u03bcW\/cm\u00b2\/nm<\/td>\n<\/tr>\n<tr class=\"row-10\">\n\t<td class=\"column-1\"><\/td><td class=\"column-2\">Resoluci\u00f3n<\/td><td class=\"column-3\"><\/td><td class=\"column-4\">0.1 \u03bcW\/cm\u00b2\/nm<\/td>\n<\/tr>\n<tr class=\"row-11\">\n\t<td class=\"column-1\"><\/td><td class=\"column-2\">Caracter\u00edsticas del coseno<\/td><td class=\"column-3\"><\/td><td class=\"column-4\">\u00b12% a un \u00e1ngulo de 30 grados<\/td>\n<\/tr>\n<tr class=\"row-12\">\n\t<td class=\"column-1\"><\/td><td class=\"column-2\"><\/td><td class=\"column-3\"><\/td><td class=\"column-4\">\u00b17% a un \u00e1ngulo de 60 grados<\/td>\n<\/tr>\n<tr class=\"row-13\">\n\t<td class=\"column-1\"><\/td><td class=\"column-2\"><\/td><td class=\"column-3\"><\/td><td class=\"column-4\">\u00b125% a un \u00e1ngulo de 80 grados<\/td>\n<\/tr>\n<tr class=\"row-14\">\n\t<td class=\"column-1\"><\/td><td class=\"column-2\">Exactitud<\/td><td class=\"column-3\"><\/td><td class=\"column-4\">+\/- 3%<\/td>\n<\/tr>\n<tr class=\"row-15\">\n\t<td class=\"column-1\">SENSOR DE OXIGENO<\/td><td class=\"column-2\">FiO2<\/td><td class=\"column-3\"><\/td><td class=\"column-4\">0-100%<\/td>\n<\/tr>\n<tr class=\"row-16\">\n\t<td class=\"column-1\">SENSOR DE PRESI\u00d3N<\/td><td class=\"column-2\">Presi\u00f3n<\/td><td class=\"column-3\"><\/td><td class=\"column-4\">0-100 cm H2O<\/td>\n<\/tr>\n<tr class=\"row-17\">\n\t<td class=\"column-1\">SENSOR DE FLUJO<\/td><td class=\"column-2\">Fluir<\/td><td class=\"column-3\"><\/td><td class=\"column-4\">0-160 lpm, bidireccional<\/td>\n<\/tr>\n<tr class=\"row-18\">\n\t<td class=\"column-1\">SENSOR ALTA PRESI\u00d3N<\/td><td class=\"column-2\">Presi\u00f3n<\/td><td class=\"column-3\"><\/td><td class=\"column-4\">\u00b1100 psi<\/td>\n<\/tr>\n<tr class=\"row-19\">\n\t<td class=\"column-1\">SENSOR DE<br \/>\nTEMPERATURA\/HUMEDAD<\/td><td class=\"column-2\">Temperatura<\/td><td class=\"column-3\"><\/td><td class=\"column-4\">5-60\u00b0C<\/td>\n<\/tr>\n<tr class=\"row-20\">\n\t<td class=\"column-1\"><\/td><td class=\"column-2\">Humedad<\/td><td class=\"column-3\"><\/td><td class=\"column-4\">0-100% RH<\/td>\n<\/tr>\n<tr class=\"row-21\">\n\t<td class=\"column-1\"><strong>Especificaciones de la bater\u00eda<\/strong><\/td><td class=\"column-2\">Tipo<\/td><td class=\"column-3\"><\/td><td class=\"column-4\">2xAAA 1.5V Alkaline, no recargables<\/td>\n<\/tr>\n<tr class=\"row-22\">\n\t<td class=\"column-1\"><\/td><td class=\"column-2\">Duraci\u00f3n operacional<\/td><td class=\"column-3\"><\/td><td class=\"column-4\">Hasta 120h<\/td>\n<\/tr>\n<tr class=\"row-23\">\n\t<td class=\"column-1\"><\/td><td class=\"column-2\">Tiempo m\u00e1ximo de uso cuando est\u00e1<br \/>\ncompletamente cargado<\/td><td class=\"column-3\"><\/td><td class=\"column-4\">4h<\/td>\n<\/tr>\n<tr class=\"row-24\">\n\t<td class=\"column-1\"><strong>Especificaciones de pantalla<\/strong><\/td><td class=\"column-2\">Tipo<\/td><td class=\"column-3\"><\/td><td class=\"column-4\">Pantalla t\u00e1ctil<\/td>\n<\/tr>\n<tr class=\"row-25\">\n\t<td class=\"column-1\"><strong>Especificaciones ambientales<\/strong><\/td><td class=\"column-2\">Temperatura de operando<\/td><td class=\"column-3\"><\/td><td class=\"column-4\">10\u00b0C to 40\u00b0C<\/td>\n<\/tr>\n<tr class=\"row-26\">\n\t<td class=\"column-1\"><\/td><td class=\"column-2\">Temperatura de transporte y almacenamiento<\/td><td class=\"column-3\"><\/td><td class=\"column-4\">0\u00b0C to 50\u00b0C<\/td>\n<\/tr>\n<tr class=\"row-27\">\n\t<td class=\"column-1\"><\/td><td class=\"column-2\">Humedad de operando<\/td><td class=\"column-3\"><\/td><td class=\"column-4\">30 - 90% RH<\/td>\n<\/tr>\n<tr class=\"row-28\">\n\t<td class=\"column-1\"><\/td><td class=\"column-2\">Humedad de transporte y almacenamiento<\/td><td class=\"column-3\"><\/td><td class=\"column-4\">5 - 90% RH<\/td>\n<\/tr>\n<tr class=\"row-29\">\n\t<td class=\"column-1\"><\/td><td class=\"column-2\">Operaci\u00f3n Presi\u00f3n atmosf\u00e9rica<\/td><td class=\"column-3\"><\/td><td class=\"column-4\">70 \u2013 106 kPA<\/td>\n<\/tr>\n<tr class=\"row-30\">\n\t<td class=\"column-1\"><\/td><td class=\"column-2\">Presi\u00f3n atmosf\u00e9rica de almacenamiento<\/td><td class=\"column-3\"><\/td><td class=\"column-4\">70 \u2013 106 kPA<\/td>\n<\/tr>\n<tr class=\"row-31\">\n\t<td class=\"column-1\"><strong>Servicio<\/strong><\/td><td class=\"column-2\">Calibraci\u00f3n<\/td><td class=\"column-3\"><\/td><td class=\"column-4\">Necesario<\/td>\n<\/tr>\n<tr class=\"row-32\">\n\t<td class=\"column-1\"><\/td><td class=\"column-2\">Calendario de Calibraci\u00f3n<\/td><td class=\"column-3\"><\/td><td class=\"column-4\">Cada 2 a\u00f1os, medido desde la fecha de entrega.<br \/>\nRegrese a MTTS para la calibraci\u00f3n.<\/td>\n<\/tr>\n<tr class=\"row-33\">\n\t<td class=\"column-1\"><\/td><td class=\"column-2\">Servicio<\/td><td class=\"column-3\"><\/td><td class=\"column-4\">No hay piezas reparables por el cliente.<\/td>\n<\/tr>\n<\/tbody>\n<\/table>\n<!-- #tablepress-0513 from cache --><br \/>\n<span id=\"ordering\"> <\/span>[\/vc_column_text][\/vc_column_inner][vc_column_inner width=\u00bb1\/3&#8243;][vc_column_text]<\/p>\n<h5><span style=\"color: #00a0c6;\">Garant\u00eda est\u00e1ndar 1 a\u00f1o.<\/span><\/h5>\n<p>(Sujeto a Pol\u00edtica de Garant\u00eda MTTS)[\/vc_column_text][\/vc_column_inner][\/vc_row_inner][\/vc_column][\/vc_row][vc_row bg_color=\u00bb#f8f8f8&#8243;][vc_column][vc_column_text]<\/p>\n<h3 style=\"text-align: center;\">Informaci\u00f3n para pedidos y servicio<\/h3>\n<p>[\/vc_column_text][\/vc_column][\/vc_row][vc_row][vc_column width=\u00bb2\/3&#8243;][vc_column_text]\n<table id=\"tablepress-0523\" class=\"tablepress tablepress-id-0523\">\n<tbody class=\"row-striping row-hover\">\n<tr class=\"row-1\">\n\t<td class=\"column-1\"><strong>Informaci\u00f3n sobre pedidos<\/strong><\/td><td class=\"column-2\">Fot\u00f3metro<\/td><td class=\"column-3\">LM-800<\/td><td class=\"column-4\">Unidad principal<\/td>\n<\/tr>\n<tr class=\"row-2\">\n\t<td class=\"column-1\"><\/td><td class=\"column-2\">Medidor de oxigeno<\/td><td class=\"column-3\">ID 1789<\/td><td class=\"column-4\">Opcional<\/td>\n<\/tr>\n<tr class=\"row-3\">\n\t<td class=\"column-1\">Man\u00f3metro<\/td><td class=\"column-2\">Man\u00f3metro<\/td><td class=\"column-3\">ID 1790<\/td><td class=\"column-4\">Opcional<\/td>\n<\/tr>\n<tr class=\"row-4\">\n\t<td class=\"column-1\"><\/td><td class=\"column-2\">Medidor de corriente<\/td><td class=\"column-3\">ID 1791<\/td><td class=\"column-4\">Opcional<\/td>\n<\/tr>\n<tr class=\"row-5\">\n\t<td class=\"column-1\"><\/td><td class=\"column-2\">Medidor de alta presi\u00f3n<\/td><td class=\"column-3\">ID 2009<\/td><td class=\"column-4\">Opcional<\/td>\n<\/tr>\n<tr class=\"row-6\">\n\t<td class=\"column-1\"><\/td><td class=\"column-2\">Medidor de temperatura\/<br \/>\nhumedad<\/td><td class=\"column-3\">ID 2010<\/td><td class=\"column-4\">Opcional<\/td>\n<\/tr>\n<tr class=\"row-7\">\n\t<td class=\"column-1\"><\/td><td class=\"column-2\">Sensor de Temperatura<\/td><td class=\"column-3\">ID 2011<\/td><td class=\"column-4\">Opcional<\/td>\n<\/tr>\n<tr class=\"row-8\">\n\t<td class=\"column-1\"><\/td><td class=\"column-2\">Estuche de<br \/>\nalmacenamiento<\/td><td class=\"column-3\">ID 2013<\/td><td class=\"column-4\">Opcional<\/td>\n<\/tr>\n<\/tbody>\n<\/table>\n<!-- #tablepress-0523 from cache -->[\/vc_column_text][\/vc_column][vc_column width=\u00bb1\/3&#8243;][\/vc_column][\/vc_row]<\/p>\n<\/div>","protected":false},"excerpt":{"rendered":"<p>[vc_row full_width=\u00bbstretch_row\u00bb row_type=\u00bbsection\u00bb row_color=\u00bbcolor_light\u00bb el_class=\u00bbpage-banner\u00bb css=\u00bb.vc_custom_1734574532833{background-image: url(https:\/\/www.mtts-asia.com\/wp-content\/uploads\/2014\/11\/111.jpg?id=4723) !important;background-position: center !important;background-repeat: no-repeat !important;background-size: cover !important;}\u00bb][vc_column][vc_custom_heading source=\u00bbpost_title\u00bb font_container=\u00bbtag:h2|text_align:center\u00bb use_theme_fonts=\u00bbyes\u00bb css=\u00bb\u00bb wb_heading_type=\u00bbheading\u00bb][\/vc_column][\/vc_row][vc_row full_width=\u00bbstretch_row\u00bb row_type=\u00bbsection\u00bb][vc_column][vc_row_inner][vc_column_inner width=\u00bb1\/3&#8243;][vc_empty_space height=\u00bb30px\u00bb][vc_single_image image=\u00bb10788&#8243; img_size=\u00bb900&#215;230&#8243;][vc_column_text]El 4meter se utiliza para determinar el nivel real de fuentes necesarias para una terapia m\u00e9dica eficaz. La herramienta es \u00fatil tanto para los t\u00e9cnicos hospitalarios como para los m\u00e9dicos que [&hellip;]<\/p>\n","protected":false},"author":3,"featured_media":0,"parent":0,"menu_order":0,"comment_status":"closed","ping_status":"closed","template":"","meta":{"footnotes":""},"class_list":["post-7341","page","type-page","status-publish","hentry"],"jetpack_sharing_enabled":true,"_links":{"self":[{"href":"https:\/\/www.mtts-asia.com\/es\/wp-json\/wp\/v2\/pages\/7341","targetHints":{"allow":["GET"]}}],"collection":[{"href":"https:\/\/www.mtts-asia.com\/es\/wp-json\/wp\/v2\/pages"}],"about":[{"href":"https:\/\/www.mtts-asia.com\/es\/wp-json\/wp\/v2\/types\/page"}],"author":[{"embeddable":true,"href":"https:\/\/www.mtts-asia.com\/es\/wp-json\/wp\/v2\/users\/3"}],"replies":[{"embeddable":true,"href":"https:\/\/www.mtts-asia.com\/es\/wp-json\/wp\/v2\/comments?post=7341"}],"version-history":[{"count":2,"href":"https:\/\/www.mtts-asia.com\/es\/wp-json\/wp\/v2\/pages\/7341\/revisions"}],"predecessor-version":[{"id":12633,"href":"https:\/\/www.mtts-asia.com\/es\/wp-json\/wp\/v2\/pages\/7341\/revisions\/12633"}],"wp:attachment":[{"href":"https:\/\/www.mtts-asia.com\/es\/wp-json\/wp\/v2\/media?parent=7341"}],"curies":[{"name":"wp","href":"https:\/\/api.w.org\/{rel}","templated":true}]}}