{"id":7345,"date":"2020-02-17T05:01:08","date_gmt":"2020-02-17T05:01:08","guid":{"rendered":"http:\/\/mttsasia.local\/?page_id=7345"},"modified":"2025-11-25T12:18:08","modified_gmt":"2025-11-25T05:18:08","slug":"wallaby-warmer","status":"publish","type":"page","link":"https:\/\/www.mtts-asia.com\/es\/wallaby-warmer\/","title":{"rendered":"Calentador Wallaby"},"content":{"rendered":"<div class=\"wpb-content-wrapper\"><p>[vc_row full_width=\u00bbstretch_row\u00bb row_type=\u00bbsection\u00bb row_color=\u00bbcolor_light\u00bb el_class=\u00bbpage-banner\u00bb css=\u00bb.vc_custom_1734574532833{background-image: url(https:\/\/www.mtts-asia.com\/wp-content\/uploads\/2014\/11\/111.jpg?id=4723) !important;background-position: center !important;background-repeat: no-repeat !important;background-size: cover !important;}\u00bb][vc_column][vc_custom_heading source=\u00bbpost_title\u00bb font_container=\u00bbtag:h2|text_align:center\u00bb use_theme_fonts=\u00bbyes\u00bb css=\u00bb\u00bb wb_heading_type=\u00bbheading\u00bb][\/vc_column][\/vc_row][vc_row full_width=\u00bbstretch_row\u00bb row_type=\u00bbsection\u00bb][vc_column][vc_row_inner][vc_column_inner width=\u00bb1\/3&#8243;][vc_single_image image=\u00bb6127&#8243; img_size=\u00bb500x710px\u00bb][vc_column_text]<\/p>\n<p style=\"text-align: justify;\">A medida que abandonan el calor del \u00fatero materno hacia el ambiente mucho m\u00e1s fresco de la sala de partos, los beb\u00e9s con capacidad metab\u00f3lica limitada debido a enfermedad, prematuridad o bajo peso al nacer son susceptibles de experimentar inestabilidad t\u00e9rmica. MTTS proporciona un calentador tecnol\u00f3gicamente avanzado para restaurar, estabilizar y controlar la temperatura del beb\u00e9 reci\u00e9n nacido.<br \/>\nCentr\u00e1ndose en la funcionalidad mejorada y el rendimiento cl\u00ednico, el calentador presenta un control seguro y autom\u00e1tico de la temperatura del paciente con detecci\u00f3n inteligente de problemas, modos de retroceso de seguridad y pantallas LCD que muestran la temperatura establecida, la alarma de temperatura, el tiempo de tratamiento, el tiempo de uso total y el nivel de potencia del calentador. Adem\u00e1s, las paredes laterales f\u00e1ciles de abrir proporcionan acceso al paciente mientras lo mantienen caliente y crean un entorno ergon\u00f3mico ideal donde los cuidadores pueden trabajar de manera eficiente.<\/p>\n<p><img loading=\"lazy\" decoding=\"async\" class=\"wp-image-5563 alignnone\" src=\"https:\/\/www.mtts-asia.com\/wp-content\/uploads\/2014\/11\/CE-Mark-with-Number1.jpg\" alt=\"CE Mark with Number\" width=\"97\" height=\"35\" \/><\/p>\n<hr \/>\n<p>[\/vc_column_text][vc_empty_space height=\u00bb20px\u00bb][vc_column_text css=\u00bb\u00bb]<img loading=\"lazy\" decoding=\"async\" class=\"alignleft size-full wp-image-4832\" src=\"https:\/\/www.mtts-asia.com\/wp-content\/uploads\/2014\/11\/Untitled-1.png\" alt=\"Untitled-1\" width=\"45\" height=\"32\" \/><\/p>\n<p>&nbsp;<\/p>\n<p>&nbsp;<\/p>\n<p><a title=\"WARMER Brochure\" href=\"https:\/\/www.mtts-asia.com\/wp-content\/uploads\/2025\/09\/WM-WL-MKT-01-Wallaby-Warmer-Brochure-1.11ES-1.pdf\" target=\"_blank\" rel=\"noopener noreferrer\">Folleto<\/a><\/p>\n<p><a title=\"WARMER Brochure\" href=\"https:\/\/www.mtts-asia.com\/wp-content\/uploads\/2025\/11\/WM-WL-MAN-01-Wallaby-User-Manual-1.16ES.pdf\" target=\"_blank\" rel=\"noopener noreferrer\">Manual de usuario<\/a><\/p>\n<p><a title=\"WARMER Brochure\" href=\"https:\/\/www.mtts-asia.com\/wp-content\/uploads\/2023\/03\/WM-WL-MAN-02-Wallaby-Assembly-Instructions-1.04ES.pdf\" target=\"_blank\" rel=\"noopener noreferrer\">Instrucciones de montaje<\/a><\/p>\n<p><a href=\"https:\/\/www.mtts-asia.com\/wp-content\/uploads\/2024\/12\/WM-WL-MAN-04-Wallaby-Optional-Components-Assembly-Instructions-1.02ES.pdf\" target=\"_blank\" rel=\"noopener noreferrer\">Instrucciones de montaje de componentes opcionales<\/a><\/p>\n<p><a href=\"https:\/\/www.mtts-asia.com\/wp-content\/uploads\/2020\/02\/WM-WL-MAN-03-Wallaby-Quick-Reference-Guide-1.04ES.pdf\" target=\"_blank\" rel=\"noopener noreferrer\">Guia de referencia rapida<\/a><\/p>\n<p><a title=\"WARMER Brochure\" href=\"https:\/\/youtu.be\/ipMV9QeytKE\" target=\"_blank\" rel=\"noopener noreferrer\">Tutorial de ensamblaje de video<\/a>[\/vc_column_text][vc_video link=\u00bbhttps:\/\/youtu.be\/ipMV9QeytKE\u00bb][\/vc_column_inner][vc_column_inner width=\u00bb2\/3&#8243;][vc_empty_space height=\u00bb160px\u00bb][vc_images_carousel images=\u00bb6691,6693,6695,6697,6701,6699&#8243; img_size=\u00bb650&#215;650&#8243; onclick=\u00bblink_no\u00bb wrap=\u00bbyes\u00bb][\/vc_column_inner][\/vc_row_inner][vc_empty_space height=\u00bb20px\u00bb][vc_row_inner][vc_column_inner width=\u00bb1\/3&#8243;][vc_column_text]<\/p>\n<p style=\"text-align: center;\"><div class=\"vc_btn3-container align-center\">\r\n<a href=\"#features\" class=\"vc_general vc_btn3 vc_btn3-size-md vc_btn3-shape-rounded vc_btn3-style-flat vc_btn3-color-wb-btn-primary\">\r\n    <span>CARACTER\u00cdSTICAS CLAVE<\/span>\r\n<\/a>\r\n<\/div>\n<p>[\/vc_column_text][\/vc_column_inner][vc_column_inner width=\u00bb1\/3&#8243;][vc_column_text]<\/p>\n<p style=\"text-align: center;\"><div class=\"vc_btn3-container align-center\">\r\n<a href=\"#technical\" class=\"vc_general vc_btn3 vc_btn3-size-md vc_btn3-shape-rounded vc_btn3-style-flat vc_btn3-color-wb-btn-primary\">\r\n    <span>ESPECIFICACIONES T\u00c9CNICAS<\/span>\r\n<\/a>\r\n<\/div>\n<p>[\/vc_column_text][\/vc_column_inner][vc_column_inner width=\u00bb1\/3&#8243;][vc_column_text]<\/p>\n<p style=\"text-align: center;\"><div class=\"vc_btn3-container align-center\">\r\n<a href=\"#ordering\" class=\"vc_general vc_btn3 vc_btn3-size-md vc_btn3-shape-rounded vc_btn3-style-flat vc_btn3-color-wb-btn-primary\">\r\n    <span>PEDIDOS Y SERVICIO<\/span>\r\n<\/a>\r\n<\/div>\n<p>[\/vc_column_text][\/vc_column_inner][\/vc_row_inner][vc_empty_space height=\u00bb20px\u00bb][\/vc_column][\/vc_row][vc_row full_width=\u00bbstretch_row\u00bb row_type=\u00bbsection\u00bb bg_color=\u00bb#f8f8f8&#8243; css=\u00bb.vc_custom_1734596340811{background-color: #f8f8f8 !important;}\u00bb][vc_column][vc_row_inner][vc_column_inner width=\u00bb1\/3&#8243;][vc_column_text]<\/p>\n<h4 style=\"text-align: center;\"><strong><img loading=\"lazy\" decoding=\"async\" class=\"aligncenter wp-image-4799 size-full\" src=\"https:\/\/www.mtts-asia.com\/wp-content\/uploads\/2014\/11\/QUALITY.png\" alt=\"\" width=\"69\" height=\"80\" \/><\/strong><\/h4>\n<h3 style=\"text-align: center;\">Calidad<\/h3>\n<hr \/>\n<p style=\"text-align: center;\">El Wallaby es un dispositivo confiable que proporciona un cuidado t\u00e9rmico \u00f3ptimo con bajo consumo de energ\u00eda, componentes de alta confiabilidad y elementos calefactores de larga duraci\u00f3n.<\/p>\n<p>[\/vc_column_text][\/vc_column_inner][vc_column_inner width=\u00bb1\/3&#8243;][vc_column_text]<\/p>\n<h4><img loading=\"lazy\" decoding=\"async\" class=\"aligncenter wp-image-4800 size-full\" src=\"https:\/\/www.mtts-asia.com\/wp-content\/uploads\/2014\/11\/INNOVATION.png\" alt=\"\" width=\"80\" height=\"80\" \/><\/h4>\n<h3 style=\"text-align: center;\">Innovaci\u00f3n<\/h3>\n<hr \/>\n<p style=\"text-align: center;\">La sofisticada tecnolog\u00eda del Wallaby se combina con una interfaz f\u00e1cil de usar y un innovador sistema de detecci\u00f3n de problemas que funciona en conjunto para brindar un soporte de termorregulaci\u00f3n constante.<\/p>\n<p>[\/vc_column_text][\/vc_column_inner][vc_column_inner width=\u00bb1\/3&#8243;][vc_column_text]<\/p>\n<h4 style=\"text-align: center;\"><img loading=\"lazy\" decoding=\"async\" class=\"aligncenter wp-image-4801 size-full\" src=\"https:\/\/www.mtts-asia.com\/wp-content\/uploads\/2014\/11\/CARE.png\" alt=\"\" width=\"49\" height=\"80\" \/><\/h4>\n<h3 style=\"text-align: center;\">Cuidado<\/h3>\n<hr \/>\n<p style=\"text-align: center;\">El calentador es compatible con los reci\u00e9n nacidos prematuros y enfermos con un entorno t\u00e9rmico \u00fanico, a la vez que le brinda f\u00e1cil acceso para que pueda brindar la mejor atenci\u00f3n posible.<\/p>\n<p>[\/vc_column_text][\/vc_column_inner][\/vc_row_inner][\/vc_column][\/vc_row][vc_row full_width=\u00bbstretch_row\u00bb row_type=\u00bbsection\u00bb][vc_column][vc_column_text]<\/p>\n<h3 style=\"text-align: center;\">Caracter\u00edsticas clave<\/h3>\n<hr \/>\n<p>[\/vc_column_text][vc_row_inner][vc_column_inner width=\u00bb1\/2&#8243;][vc_column_text css=\u00bb\u00bb]<span style=\"color: #00a0c6;\"><strong>Descripci\u00f3n<\/strong><\/span><br \/>\nTEMPERATURA REMOTA y detecci\u00f3n de objetos providina<br \/>\nProtecci\u00f3n total del paciente contra el sobrecalentamiento si la piel est\u00e1ndar<br \/>\nel sensor est\u00e1 desconectado o defectuoso<br \/>\nCama de \u00e1ngulo ajustado (hasta 12 grados)<br \/>\nUnidad superior ajustable y bandeja para procedimientos de rayos X<\/p>\n<p><span style=\"color: #00a0c6;\"><strong>Sistema de control de temperatura<\/strong><\/span><br \/>\nAutom\u00e1tico (servocontrolado)<br \/>\nManual<br \/>\nPrecalentamiento<\/p>\n<p><span style=\"color: #00a0c6;\"><b style=\"color: #00a0c6;\">Pantallas \/ Indicadores<\/b><\/span><br \/>\nPantalla LCD brillante para controlar la temperatura del paciente, tratamiento<br \/>\nTiempo, tiempo de uso total, nivel de potencia del calentador y conexi\u00f3n del sensor<br \/>\nConstruido en el temporizador de puntuaci\u00f3n APGAR<br \/>\nPantalla LCD con informaci\u00f3n de diagn\u00f3stico y soluci\u00f3n de problemas.<br \/>\nContador de tiempo total del sistema (vida \u00fatil)<\/p>\n<p><span style=\"color: #00a0c6;\"><strong>Seguridad<\/strong><\/span><br \/>\nFallo del elemento calentador<br \/>\nFallo del sensor<br \/>\nFallo de alimentaci\u00f3n<br \/>\nSensor apagado del paciente<\/p>\n<p><span style=\"color: #00a0c6;\"><strong>Art\u00edculos opcionales<\/strong><\/span><br \/>\nPolo IV<br \/>\nEstante de almacenamiento<br \/>\nCaj\u00f3n de almacenamiento<br \/>\nPortacilindros[\/vc_column_text][\/vc_column_inner][vc_column_inner width=\u00bb1\/2&#8243;][vc_empty_space height=\u00bb75px\u00bb][vc_single_image image=\u00bb6691&#8243; img_size=\u00bb650x650px\u00bb alignment=\u00bbcenter\u00bb][\/vc_column_inner][\/vc_row_inner][\/vc_column][\/vc_row][vc_row full_width=\u00bbstretch_row\u00bb row_type=\u00bbsection\u00bb bg_color=\u00bb#f8f8f8&#8243; css=\u00bb.vc_custom_1734596357634{background-color: #f8f8f8 !important;}\u00bb][vc_column][vc_row_inner][vc_column_inner width=\u00bb1\/3&#8243;][vc_column_text]<\/p>\n<h3 style=\"text-align: center;\"><img loading=\"lazy\" decoding=\"async\" class=\"aligncenter wp-image-5017 size-full\" src=\"https:\/\/www.mtts-asia.com\/wp-content\/uploads\/2014\/11\/baby.png\" alt=\"\" width=\"89\" height=\"80\" \/><\/h3>\n<h3 style=\"text-align: center;\">Efectivo<\/h3>\n<hr \/>\n<p style=\"text-align: center;\">Para mayor seguridad del paciente, el calentador incorpora un complemento completo de alarmas que notifican a los m\u00e9dicos si la temperatura de la piel del beb\u00e9 se desv\u00eda del punto de ajuste o si el sensor de la piel cae del paciente.<\/p>\n<p>[\/vc_column_text][\/vc_column_inner][vc_column_inner width=\u00bb1\/3&#8243;][vc_column_text]<\/p>\n<h3 style=\"text-align: center;\"><img loading=\"lazy\" decoding=\"async\" class=\"aligncenter size-full wp-image-5009\" src=\"https:\/\/www.mtts-asia.com\/wp-content\/uploads\/2014\/11\/safe.png\" alt=\"safe\" width=\"79\" height=\"79\" \/><\/h3>\n<h3 style=\"text-align: center;\">Compatible<\/h3>\n<hr \/>\n<p style=\"text-align: center;\">El panel de control intuitivo hace que las funciones sofisticadas sean f\u00e1ciles de usar. La pantalla digital grande y brillante proporciona toda la informaci\u00f3n esencial sobre el paciente en un formato f\u00e1cil de leer.<\/p>\n<p>[\/vc_column_text][\/vc_column_inner][vc_column_inner width=\u00bb1\/3&#8243;][vc_column_text]<\/p>\n<h3 style=\"text-align: center;\"><img loading=\"lazy\" decoding=\"async\" class=\"aligncenter size-full wp-image-5011\" src=\"https:\/\/www.mtts-asia.com\/wp-content\/uploads\/2014\/11\/costefficient.png\" alt=\"costefficient\" width=\"93\" height=\"80\" \/><\/h3>\n<h3 style=\"text-align: center;\">Costo eficiente<\/h3>\n<hr \/>\n<p style=\"text-align: center;\">El calentador brinda atenci\u00f3n de calidad a un valor excepcional. Combina un microambiente rico en funciones con bajo costo inicial, bajo consumo de energ\u00eda y componentes de larga duraci\u00f3n.<\/p>\n<p>[\/vc_column_text][\/vc_column_inner][\/vc_row_inner][vc_empty_space height=\u00bb20px\u00bb][\/vc_column][\/vc_row][vc_row full_width=\u00bbstretch_row\u00bb row_type=\u00bbsection\u00bb][vc_column][vc_column_text]<\/p>\n<h3 style=\"text-align: center;\">Especificaciones t\u00e9cnicas<\/h3>\n<hr \/>\n<p>[\/vc_column_text][vc_row_inner][vc_column_inner width=\u00bb2\/3&#8243;][vc_column_text]\n<table id=\"tablepress-0013\" class=\"tablepress tablepress-id-0013\">\n<tbody class=\"row-striping row-hover\">\n<tr class=\"row-1\">\n\t<td class=\"column-1\"><strong>Dimensiones y Peso<\/strong><\/td><td class=\"column-2\">Dimensiones<\/td><td class=\"column-3\">110 cm x 78 cm x 174 cm<\/td>\n<\/tr>\n<tr class=\"row-2\">\n\t<td class=\"column-1\"><\/td><td class=\"column-2\">Peso neto<\/td><td class=\"column-3\">64kg<\/td>\n<\/tr>\n<tr class=\"row-3\">\n\t<td class=\"column-1\"><\/td><td class=\"column-2\">Peso env\u00edo<\/td><td class=\"column-3\">78kg<\/td>\n<\/tr>\n<tr class=\"row-4\">\n\t<td class=\"column-1\"><strong>Especificaciones de rendimiento<\/strong><\/td><td class=\"column-2\">Solicitud<\/td><td class=\"column-3\">Tratamiento de pacientes neonatales y pedi\u00e1tricos a<br \/>\nprevenir la hipotermia<\/td>\n<\/tr>\n<tr class=\"row-5\">\n\t<td class=\"column-1\"><\/td><td class=\"column-2\">Rango de temperatura del paciente<\/td><td class=\"column-3\">34.0\u00b0C - 37.5\u00b0C<\/td>\n<\/tr>\n<tr class=\"row-6\">\n\t<td class=\"column-1\"><\/td><td class=\"column-2\">Medida de temperatura<\/td><td class=\"column-3\">10.0\u00b0C - 50.0\u00b0C<\/td>\n<\/tr>\n<tr class=\"row-7\">\n\t<td class=\"column-1\"><\/td><td class=\"column-2\">Precisi\u00f3n del sensor<\/td><td class=\"column-3\">+\/- 0.1\u00b0C<\/td>\n<\/tr>\n<tr class=\"row-8\">\n\t<td class=\"column-1\"><\/td><td class=\"column-2\">Garant\u00eda est\u00e1ndar<\/td><td class=\"column-3\">1 a\u00f1o<\/td>\n<\/tr>\n<tr class=\"row-9\">\n\t<td class=\"column-1\"><strong>Elemento calentador<\/strong><\/td><td class=\"column-2\">Tipo<\/td><td class=\"column-3\">Radiante<\/td>\n<\/tr>\n<tr class=\"row-10\">\n\t<td class=\"column-1\"><\/td><td class=\"column-2\">Potencia<\/td><td class=\"column-3\">650W<\/td>\n<\/tr>\n<tr class=\"row-11\">\n\t<td class=\"column-1\"><strong>L\u00e1mpara de procedimiento<\/strong><\/td><td class=\"column-2\">Tipo<\/td><td class=\"column-3\">LED<\/td>\n<\/tr>\n<tr class=\"row-12\">\n\t<td class=\"column-1\"><\/td><td class=\"column-2\">Potencia<\/td><td class=\"column-3\">3W<\/td>\n<\/tr>\n<tr class=\"row-13\">\n\t<td class=\"column-1\"><strong>Especificaciones ambientales<\/strong><\/td><td class=\"column-2\">Temperatura de manejo<\/td><td class=\"column-3\">18\u00b0C - 35\u00b0C<\/td>\n<\/tr>\n<tr class=\"row-14\">\n\t<td class=\"column-1\"><strong>Suministro el\u00e9ctrico<\/strong><\/td><td class=\"column-2\">Voltaje<\/td><td class=\"column-3\">220-240V AC<\/td>\n<\/tr>\n<tr class=\"row-15\">\n\t<td class=\"column-1\"><\/td><td class=\"column-2\">Frecuencia<\/td><td class=\"column-3\">47 - 63Hz<\/td>\n<\/tr>\n<\/tbody>\n<\/table>\n<!-- #tablepress-0013 from cache --><br \/>\n<span id=\"ordering\"> <\/span>[\/vc_column_text][\/vc_column_inner][vc_column_inner width=\u00bb1\/3&#8243;][vc_column_text]<\/p>\n<h5><span style=\"color: #00a0c6;\">Garant\u00eda est\u00e1ndar 1 a\u00f1o.<\/span><\/h5>\n<p>(Sujeto a Pol\u00edtica de Garant\u00eda MTTS)[\/vc_column_text][\/vc_column_inner][\/vc_row_inner][\/vc_column][\/vc_row][vc_row bg_color=\u00bb#f8f8f8&#8243;][vc_column][vc_column_text]<\/p>\n<h3 style=\"text-align: center;\">Informaci\u00f3n para pedidos y servicio<\/h3>\n<p>[\/vc_column_text][\/vc_column][\/vc_row][vc_row][vc_column width=\u00bb2\/3&#8243;][vc_column_text]\n<table id=\"tablepress-0023\" class=\"tablepress tablepress-id-0023\">\n<tbody class=\"row-striping row-hover\">\n<tr class=\"row-1\">\n\t<td class=\"column-1\"><strong>Informaci\u00f3n sobre pedidos<\/strong><\/td><td class=\"column-2\">Warmer Unit<\/td><td class=\"column-3\"><\/td><td class=\"column-4\">WLB-1000<\/td><td class=\"column-5\">Unidad principal<\/td>\n<\/tr>\n<tr class=\"row-2\">\n\t<td class=\"column-1\"><\/td><td class=\"column-2\">Cable de alimentaci\u00f3n<\/td><td class=\"column-3\">Est\u00e1ndar de la UE<\/td><td class=\"column-4\">ID 551<\/td><td class=\"column-5\"><\/td>\n<\/tr>\n<tr class=\"row-3\">\n\t<td class=\"column-1\"><\/td><td class=\"column-2\"><\/td><td class=\"column-3\">Est\u00e1ndar de EE.UU<\/td><td class=\"column-4\">ID 552<\/td><td class=\"column-5\"><\/td>\n<\/tr>\n<tr class=\"row-4\">\n\t<td class=\"column-1\"><\/td><td class=\"column-2\"><\/td><td class=\"column-3\">Est\u00e1ndar del RE.UU.<\/td><td class=\"column-4\">ID 553<\/td><td class=\"column-5\"><\/td>\n<\/tr>\n<tr class=\"row-5\">\n\t<td class=\"column-1\"><\/td><td class=\"column-2\"><\/td><td class=\"column-3\">Est\u00e1ndar de AUS<\/td><td class=\"column-4\">ID 1313<\/td><td class=\"column-5\"><\/td>\n<\/tr>\n<tr class=\"row-6\">\n\t<td class=\"column-1\"><strong>Art\u00edculos opcionales<\/strong><\/td><td class=\"column-2\">Sensor de piel<\/td><td class=\"column-3\"><\/td><td class=\"column-4\">ID 1290<\/td><td class=\"column-5\"><\/td>\n<\/tr>\n<tr class=\"row-7\">\n\t<td class=\"column-1\"><\/td><td class=\"column-2\">Cinta adhesiva para sensor de piel<\/td><td class=\"column-3\"><\/td><td class=\"column-4\">ID 1315<\/td><td class=\"column-5\">Caja de 100 piezas<\/td>\n<\/tr>\n<tr class=\"row-8\">\n\t<td class=\"column-1\"><\/td><td class=\"column-2\">Colch\u00f3n<\/td><td class=\"column-3\"><\/td><td class=\"column-4\">ID 1307<\/td><td class=\"column-5\"><\/td>\n<\/tr>\n<tr class=\"row-9\">\n\t<td class=\"column-1\"><\/td><td class=\"column-2\">Polo IV<\/td><td class=\"column-3\"><\/td><td class=\"column-4\">ID 1331<\/td><td class=\"column-5\"><\/td>\n<\/tr>\n<tr class=\"row-10\">\n\t<td class=\"column-1\"><\/td><td class=\"column-2\">Estante de almacenamiento<\/td><td class=\"column-3\"><\/td><td class=\"column-4\">ID 1254<\/td><td class=\"column-5\"><\/td>\n<\/tr>\n<tr class=\"row-11\">\n\t<td class=\"column-1\"><\/td><td class=\"column-2\">Caj\u00f3n de almacenamiento<\/td><td class=\"column-3\"><\/td><td class=\"column-4\">ID 1332<\/td><td class=\"column-5\"><\/td>\n<\/tr>\n<tr class=\"row-12\">\n\t<td class=\"column-1\"><\/td><td class=\"column-2\">Portacilindros<\/td><td class=\"column-3\"><\/td><td class=\"column-4\">ID 1333<\/td><td class=\"column-5\"><\/td>\n<\/tr>\n<tr class=\"row-13\">\n\t<td class=\"column-1\"><\/td><td class=\"column-2\">Titular de documentos<\/td><td class=\"column-3\"><\/td><td class=\"column-4\">ID 1370<\/td><td class=\"column-5\"><\/td>\n<\/tr>\n<tr class=\"row-14\">\n\t<td class=\"column-1\"><\/td><td class=\"column-2\">Bandeja de rayos X<\/td><td class=\"column-3\"><\/td><td class=\"column-4\">ID 1126<\/td><td class=\"column-5\"><\/td>\n<\/tr>\n<tr class=\"row-15\">\n\t<td class=\"column-1\"><\/td><td class=\"column-2\">Poste de sujeci\u00f3n<\/td><td class=\"column-3\"><\/td><td class=\"column-4\">ID 1792<\/td><td class=\"column-5\"><\/td>\n<\/tr>\n<tr class=\"row-16\">\n\t<td class=\"column-1\"><\/td><td class=\"column-2\">Cap\u00f3 del beb\u00e9<\/td><td class=\"column-3\">Talla 1<\/td><td class=\"column-4\">ID 1836<\/td><td class=\"column-5\"><\/td>\n<\/tr>\n<tr class=\"row-17\">\n\t<td class=\"column-1\"><\/td><td class=\"column-2\"><\/td><td class=\"column-3\">Talla 2<\/td><td class=\"column-4\">ID 1837<\/td><td class=\"column-5\"><\/td>\n<\/tr>\n<tr class=\"row-18\">\n\t<td class=\"column-1\"><\/td><td class=\"column-2\"><\/td><td class=\"column-3\">Talla 3<\/td><td class=\"column-4\">ID 1838<\/td><td class=\"column-5\"><\/td>\n<\/tr>\n<tr class=\"row-19\">\n\t<td class=\"column-1\"><\/td><td class=\"column-2\">Manual de usuario<\/td><td class=\"column-3\">ES<\/td><td class=\"column-4\"><\/td><td class=\"column-5\">Espa\u00f1ol<\/td>\n<\/tr>\n<tr class=\"row-20\">\n\t<td class=\"column-1\"><\/td><td class=\"column-2\">Instrucciones de montaje<\/td><td class=\"column-3\">ES<\/td><td class=\"column-4\"><\/td><td class=\"column-5\">Espa\u00f1ol<\/td>\n<\/tr>\n<tr class=\"row-21\">\n\t<td class=\"column-1\"><\/td><td class=\"column-2\">Guia de referencia rapida<\/td><td class=\"column-3\">ES<\/td><td class=\"column-4\"><\/td><td class=\"column-5\">Espa\u00f1ol<\/td>\n<\/tr>\n<tr class=\"row-22\">\n\t<td class=\"column-1\"><\/td><td class=\"column-2\">Instrucciones de montaje de accesorios<\/td><td class=\"column-3\">ES<\/td><td class=\"column-4\"><\/td><td class=\"column-5\">Espa\u00f1ol<\/td>\n<\/tr>\n<\/tbody>\n<\/table>\n<!-- #tablepress-0023 from cache -->[\/vc_column_text][\/vc_column][vc_column width=\u00bb1\/3&#8243;][\/vc_column][\/vc_row]<\/p>\n<\/div>","protected":false},"excerpt":{"rendered":"<p>[vc_row full_width=\u00bbstretch_row\u00bb row_type=\u00bbsection\u00bb row_color=\u00bbcolor_light\u00bb el_class=\u00bbpage-banner\u00bb css=\u00bb.vc_custom_1734574532833{background-image: url(https:\/\/www.mtts-asia.com\/wp-content\/uploads\/2014\/11\/111.jpg?id=4723) !important;background-position: center !important;background-repeat: no-repeat !important;background-size: cover !important;}\u00bb][vc_column][vc_custom_heading source=\u00bbpost_title\u00bb font_container=\u00bbtag:h2|text_align:center\u00bb use_theme_fonts=\u00bbyes\u00bb css=\u00bb\u00bb wb_heading_type=\u00bbheading\u00bb][\/vc_column][\/vc_row][vc_row full_width=\u00bbstretch_row\u00bb row_type=\u00bbsection\u00bb][vc_column][vc_row_inner][vc_column_inner width=\u00bb1\/3&#8243;][vc_single_image image=\u00bb6127&#8243; img_size=\u00bb500x710px\u00bb][vc_column_text] A medida que abandonan el calor del \u00fatero materno hacia el ambiente mucho m\u00e1s fresco de la sala de partos, los beb\u00e9s con capacidad metab\u00f3lica limitada debido a enfermedad, prematuridad o [&hellip;]<\/p>\n","protected":false},"author":3,"featured_media":0,"parent":0,"menu_order":0,"comment_status":"closed","ping_status":"closed","template":"","meta":{"footnotes":""},"class_list":["post-7345","page","type-page","status-publish","hentry"],"jetpack_sharing_enabled":true,"_links":{"self":[{"href":"https:\/\/www.mtts-asia.com\/es\/wp-json\/wp\/v2\/pages\/7345","targetHints":{"allow":["GET"]}}],"collection":[{"href":"https:\/\/www.mtts-asia.com\/es\/wp-json\/wp\/v2\/pages"}],"about":[{"href":"https:\/\/www.mtts-asia.com\/es\/wp-json\/wp\/v2\/types\/page"}],"author":[{"embeddable":true,"href":"https:\/\/www.mtts-asia.com\/es\/wp-json\/wp\/v2\/users\/3"}],"replies":[{"embeddable":true,"href":"https:\/\/www.mtts-asia.com\/es\/wp-json\/wp\/v2\/comments?post=7345"}],"version-history":[{"count":5,"href":"https:\/\/www.mtts-asia.com\/es\/wp-json\/wp\/v2\/pages\/7345\/revisions"}],"predecessor-version":[{"id":13647,"href":"https:\/\/www.mtts-asia.com\/es\/wp-json\/wp\/v2\/pages\/7345\/revisions\/13647"}],"wp:attachment":[{"href":"https:\/\/www.mtts-asia.com\/es\/wp-json\/wp\/v2\/media?parent=7345"}],"curies":[{"name":"wp","href":"https:\/\/api.w.org\/{rel}","templated":true}]}}