{"id":7349,"date":"2020-02-17T05:01:47","date_gmt":"2020-02-17T05:01:47","guid":{"rendered":"http:\/\/mttsasia.local\/?page_id=7349"},"modified":"2026-02-06T12:13:51","modified_gmt":"2026-02-06T05:13:51","slug":"support","status":"publish","type":"page","link":"https:\/\/www.mtts-asia.com\/es\/support\/","title":{"rendered":"Apoyo"},"content":{"rendered":"<div class=\"wpb-content-wrapper\"><p>[vc_row full_width=\u00bbstretch_row\u00bb row_type=\u00bbsection\u00bb row_color=\u00bbcolor_light\u00bb el_class=\u00bbpage-banner\u00bb css=\u00bb.vc_custom_1734574532833{background-image: url(https:\/\/www.mtts-asia.com\/wp-content\/uploads\/2014\/11\/111.jpg?id=4723) !important;background-position: center !important;background-repeat: no-repeat !important;background-size: cover !important;}\u00bb][vc_column][vc_custom_heading source=\u00bbpost_title\u00bb font_container=\u00bbtag:h2|text_align:center\u00bb use_theme_fonts=\u00bbyes\u00bb css=\u00bb\u00bb wb_heading_type=\u00bbheading\u00bb][\/vc_column][\/vc_row][vc_row][vc_column][vc_column_text]<\/p>\n<h3 style=\"text-align: center;\">Distribuidores<\/h3>\n<hr \/>\n<p>[\/vc_column_text][vc_raw_html css=\u00bb\u00bb]JTIwJTNDZGl2JTIwaWQlM0QlMjJtYXAxJTIyJTIwc3R5bGUlM0QlMjJ3aWR0aCUzQSUyMDExNzBweCUzQiUyMGhlaWdodCUzQSUyMDc1MHB4JTIyJTNFJTNDJTJGZGl2JTNFJTBBJTA5JTA5JTA5[\/vc_raw_html][\/vc_column][\/vc_row][vc_row bg_color=\u00bb#ffffff\u00bb][vc_column][vc_column_text]<\/p>\n<h3 style=\"text-align: left;\">Folletos y Pol\u00edticas<\/h3>\n<hr \/>\n<p><a href=\"https:\/\/www.mtts-asia.com\/wp-content\/uploads\/2021\/08\/MTTS-brochure-commercial-international-2021-08-ES.pdf\" target=\"_blank\" rel=\"noopener noreferrer\">Folleto MTTS<\/a><\/p>\n<p><a href=\"https:\/\/www.mtts-asia.com\/wp-content\/uploads\/2021\/08\/MTTS-Warranty-Policy-1.03ES.pdf\" target=\"_blank\" rel=\"noopener noreferrer\">Pol\u00edtica de garant\u00eda MTTS<\/a>[\/vc_column_text][vc_row_inner][vc_column_inner width=\u00bb1\/4&#8243;][vc_column_text css=\u00bb\u00bb]<\/p>\n<h4>CPAP Dolphin<\/h4>\n<hr \/>\n<p>&nbsp;<\/p>\n<p><img loading=\"lazy\" decoding=\"async\" class=\"alignleft size-full wp-image-4832\" src=\"https:\/\/www.mtts-asia.com\/wp-content\/uploads\/2014\/11\/Untitled-1.png\" alt=\"Untitled-1\" width=\"45\" height=\"32\" \/><\/p>\n<p>&nbsp;<\/p>\n<p>&nbsp;<\/p>\n<p><a href=\"https:\/\/www.mtts-asia.com\/wp-content\/uploads\/2026\/02\/CPAP-DP-MKT-01-Dolphin-CPAP-Brochure-2.16ES.pdf\" target=\"_blank\" rel=\"noopener noreferrer\">Folleto<\/a><\/p>\n<p><a href=\"https:\/\/www.mtts-asia.com\/wp-content\/uploads\/2025\/11\/CP-DP-MAN-01-Dolphin-CPAP-Manual-1.16ES.pdf\" target=\"_blank\" rel=\"noopener noreferrer\">Manual de usuario<\/a> &#8211; SN D18 y superiores<\/p>\n<p><a href=\"https:\/\/www.mtts-asia.com\/wp-content\/uploads\/2025\/11\/CP-DP-MAN-01-Dolphin-CPAP-Manual-1.03ES.pdf\" target=\"_blank\" rel=\"noopener noreferrer\">Manual de usuario<\/a> &#8211; SN D16-D17<\/p>\n<p><a href=\"https:\/\/www.mtts-asia.com\/wp-content\/uploads\/2026\/01\/CP-DP-MAN-02-Dolphin-CPAP-Quick-Reference-Guide-1.03ES.pdf\" target=\"_blank\" rel=\"noopener noreferrer\">Guia de referencia rapida<\/a><\/p>\n<p><a href=\"https:\/\/www.mtts-asia.com\/wp-content\/uploads\/2020\/02\/CP-DP-MAN-03-Dolphin-CPAP-Reprocessing-Guide-1.04ES.pdf\" target=\"_blank\" rel=\"noopener noreferrer\">Gu\u00eda de reprocesamiento<\/a>[\/vc_column_text][\/vc_column_inner][vc_column_inner width=\u00bb1\/4&#8243;][vc_column_text css=\u00bb\u00bb]<\/p>\n<h4>Fototerapia Firefly<\/h4>\n<hr \/>\n<p>&nbsp;<\/p>\n<p><img loading=\"lazy\" decoding=\"async\" class=\"alignleft size-full wp-image-4832\" src=\"https:\/\/www.mtts-asia.com\/wp-content\/uploads\/2014\/11\/Untitled-1.png\" alt=\"Untitled-1\" width=\"45\" height=\"32\" \/><\/p>\n<p>&nbsp;<\/p>\n<p>&nbsp;<\/p>\n<p><a title=\"FIREFLY Brochure\" href=\"https:\/\/www.mtts-asia.com\/wp-content\/uploads\/2025\/09\/PT-FF-MKT-01-Firefly-Brochure-2-11ES.pdf\" target=\"_blank\" rel=\"noopener noreferrer\">Folleto<\/a><\/p>\n<p><a href=\"https:\/\/www.mtts-asia.com\/wp-content\/uploads\/2025\/11\/PT-FF-MAN-01-FF-User-Manual-1.18ES.pdf\" target=\"_blank\" rel=\"noopener noreferrer\">Manual de usuario<\/a> &#8211; SN F21 y superiores<\/p>\n<p><a href=\"https:\/\/www.mtts-asia.com\/wp-content\/uploads\/2021\/05\/PT-FF-MAN-01-FF-User-Manual-1.10ES.pdf\" target=\"_blank\" rel=\"noopener noreferrer\">Manual de usuario<\/a> &#8211; SN F17-F20<\/p>\n<p><a href=\"https:\/\/www.mtts-asia.com\/wp-content\/uploads\/2025\/11\/PT-FF-MAN-01-FF-User-Manual-1.03EN.pdf\" target=\"_blank\" rel=\"noopener noreferrer\">Manual de usuario<\/a> &#8211; SN F14<\/p>\n<p><a href=\"https:\/\/www.mtts-asia.com\/wp-content\/uploads\/2024\/12\/PT-FF-MAN-03-Firefly-Quick-Reference-Guide-1.04ES.pdf\" target=\"_blank\" rel=\"noopener noreferrer\">Guia de referencia rapida<\/a>[\/vc_column_text][\/vc_column_inner][vc_column_inner width=\u00bb1\/4&#8243;][vc_column_text css=\u00bb\u00bb]<\/p>\n<h4>Fototerapia Colibri<\/h4>\n<hr \/>\n<p>&nbsp;<\/p>\n<p><img loading=\"lazy\" decoding=\"async\" class=\"alignleft size-full wp-image-4832\" src=\"https:\/\/www.mtts-asia.com\/wp-content\/uploads\/2014\/11\/Untitled-1.png\" alt=\"Untitled-1\" width=\"45\" height=\"32\" \/><\/p>\n<p>&nbsp;<\/p>\n<p>&nbsp;<\/p>\n<p><a href=\"https:\/\/www.mtts-asia.com\/wp-content\/uploads\/2025\/09\/PT-CL-MKT-01-Colibri-Brochure-1.11ES.pdf\" target=\"_blank\" rel=\"noopener noreferrer\">Folleto<\/a><\/p>\n<p><a href=\"https:\/\/www.mtts-asia.com\/wp-content\/uploads\/2025\/11\/PT-CL-MAN-01-Colibri-User-Manual-1.16ES.pdf\" target=\"_blank\" rel=\"noopener noreferrer\">Manual de usuario<\/a> &#8211; SN O26 y superiores<\/p>\n<p><a href=\"https:\/\/www.mtts-asia.com\/wp-content\/uploads\/2024\/12\/PT-CL-MAN-01-Colibri-User-Manual-1.15ES.pdf\" target=\"_blank\" rel=\"noopener noreferrer\">Manual de usuario<\/a> &#8211; SN O20-O25<\/p>\n<p><a href=\"https:\/\/www.mtts-asia.com\/wp-content\/uploads\/2021\/05\/PT-CL-MAN-01-Colibri-User-Manual-1.07ES.pdf\" target=\"_blank\" rel=\"noopener noreferrer\">Manual de usuario<\/a> &#8211; SN O16-19<\/p>\n<p><a href=\"https:\/\/www.mtts-asia.com\/wp-content\/uploads\/2020\/02\/PT-CL-MAN-03-Colibri-Assembly-Instructions-1.01ES.pdf\" target=\"_blank\" rel=\"noopener noreferrer\">Instrucciones de montaje<\/a><\/p>\n<p><a href=\"https:\/\/www.mtts-asia.com\/wp-content\/uploads\/2024\/12\/PT-CL-MAN-04-Colibri-Quick-Reference-Guide-1.04ES.pdf\" target=\"_blank\" rel=\"noopener noreferrer\">Guia de referencia rapida<\/a>[\/vc_column_text][\/vc_column_inner][vc_column_inner width=\u00bb1\/4&#8243;][vc_column_text css=\u00bb\u00bb]<\/p>\n<h4>Calentador Wallaby<\/h4>\n<hr \/>\n<p>&nbsp;<\/p>\n<p><img loading=\"lazy\" decoding=\"async\" class=\"alignleft size-full wp-image-4832\" src=\"https:\/\/www.mtts-asia.com\/wp-content\/uploads\/2014\/11\/Untitled-1.png\" alt=\"Untitled-1\" width=\"45\" height=\"32\" \/><\/p>\n<p>&nbsp;<\/p>\n<p>&nbsp;<\/p>\n<p><a title=\"WARMER Brochure\" href=\"https:\/\/www.mtts-asia.com\/wp-content\/uploads\/2025\/09\/WM-WL-MKT-01-Wallaby-Warmer-Brochure-1.11ES-1.pdf\" target=\"_blank\" rel=\"noopener noreferrer\">Folleto<\/a><\/p>\n<p><a title=\"WARMER Brochure\" href=\"https:\/\/www.mtts-asia.com\/wp-content\/uploads\/2025\/11\/WM-WL-MAN-01-Wallaby-User-Manual-1.16ES.pdf\" target=\"_blank\" rel=\"noopener noreferrer\">Manual de usuario<\/a> &#8211; SN W20184 y superiores<\/p>\n<p><a title=\"WARMER Brochure\" href=\"https:\/\/www.mtts-asia.com\/wp-content\/uploads\/2021\/01\/WM-WL-MAN-01-Wallaby-User-Manual-1.07ES.pdf\" target=\"_blank\" rel=\"noopener noreferrer\">Manual de usuario<\/a> &#8211; SN W17131-W20172<\/p>\n<p><a title=\"WARMER Brochure\" href=\"https:\/\/www.mtts-asia.com\/wp-content\/uploads\/2023\/03\/WM-WL-MAN-02-Wallaby-Assembly-Instructions-1.04ES.pdf\" target=\"_blank\" rel=\"noopener noreferrer\">Instrucciones de montaje<\/a><\/p>\n<p><a href=\"https:\/\/www.mtts-asia.com\/wp-content\/uploads\/2024\/12\/WM-WL-MAN-04-Wallaby-Optional-Components-Assembly-Instructions-1.02ES.pdf\" target=\"_blank\" rel=\"noopener noreferrer\">Instrucciones de montaje de componentes opcionales<\/a><\/p>\n<p><a href=\"https:\/\/www.mtts-asia.com\/wp-content\/uploads\/2020\/02\/WM-WL-MAN-03-Wallaby-Quick-Reference-Guide-1.04ES.pdf\" target=\"_blank\" rel=\"noopener noreferrer\">Guia de referencia rapida<\/a>[\/vc_column_text][\/vc_column_inner][\/vc_row_inner][vc_row_inner][vc_column_inner width=\u00bb1\/4&#8243;][vc_column_text]<a href=\"https:\/\/youtu.be\/PIHwgVQ7UW0\" target=\"_blank\" rel=\"noopener noreferrer\">Video Tutorial (1) \u2013 Instr. de montaje<\/a>[\/vc_column_text][vc_video link=\u00bbhttps:\/\/youtu.be\/PIHwgVQ7UW0&#8243;][vc_column_text]<a href=\"https:\/\/youtu.be\/mjiwPk7hbYU\" target=\"_blank\" rel=\"noopener noreferrer\">Video Tutorial (2) \u2013 Conjunto de tubo<\/a>[\/vc_column_text][vc_video link=\u00bbhttps:\/\/www.youtube.com\/watch?v=mjiwPk7hbYU&amp;feature=youtu.be\u00bb][vc_column_text]<a href=\"https:\/\/youtu.be\/o80l4-he3nc\" target=\"_blank\" rel=\"noopener noreferrer\">Video Tutorial (3) \u2013 Humidificador<\/a>[\/vc_column_text][vc_video link=\u00bbhttps:\/\/www.youtube.com\/watch?v=o80l4-he3nc&amp;feature=youtu.be\u00bb][\/vc_column_inner][vc_column_inner width=\u00bb1\/4&#8243;][vc_column_text]<a title=\"Video\" href=\"https:\/\/youtu.be\/mdQNDt2UjXE\" target=\"_blank\" rel=\"noopener noreferrer\">Video Tutorial<\/a>[\/vc_column_text][vc_video link=\u00bbhttps:\/\/youtu.be\/mdQNDt2UjXE\u00bb][\/vc_column_inner][vc_column_inner width=\u00bb1\/4&#8243;][vc_column_text]<a href=\"https:\/\/youtu.be\/8gqmJCqnNws\">Tutorial de ensamblaje de video<\/a>[\/vc_column_text][vc_video link=\u00bbhttps:\/\/youtu.be\/8gqmJCqnNws\u00bb][\/vc_column_inner][vc_column_inner width=\u00bb1\/4&#8243;][vc_column_text]<a title=\"WARMER Brochure\" href=\"https:\/\/youtu.be\/ipMV9QeytKE\" target=\"_blank\" rel=\"noopener noreferrer\">Tutorial de ensamblaje de video<\/a>[\/vc_column_text][vc_video link=\u00bbhttps:\/\/youtu.be\/ipMV9QeytKE\u00bb][\/vc_column_inner][\/vc_row_inner][\/vc_column][\/vc_row][vc_row bg_color=\u00bb#ffffff\u00bb][vc_column][vc_row_inner][vc_column_inner width=\u00bb1\/4&#8243;][vc_column_text]<\/p>\n<h4>Resucitador Beluga<\/h4>\n<p>&nbsp;<\/p>\n<hr \/>\n<p>&nbsp;<\/p>\n<p><img loading=\"lazy\" decoding=\"async\" class=\"alignleft size-full wp-image-4832\" src=\"https:\/\/www.mtts-asia.com\/wp-content\/uploads\/2014\/11\/Untitled-1.png\" alt=\"Untitled-1\" width=\"45\" height=\"32\" \/><\/p>\n<p>&nbsp;<\/p>\n<p>&nbsp;<\/p>\n<p><a title=\"Brochure\" href=\"https:\/\/www.mtts-asia.com\/wp-content\/uploads\/2022\/11\/RES-MKT-01-Beluga-Brochure-1.02ES.pdf\" target=\"_blank\" rel=\"noopener noreferrer\">Folleto<\/a><\/p>\n<p><a title=\"Brochure\" href=\"https:\/\/www.mtts-asia.com\/wp-content\/uploads\/2021\/05\/RES-BL-MAN-01-Beluga-User-Manual-1.01EN.pdf\" target=\"_blank\" rel=\"noopener noreferrer\">Manual de usuario<\/a><\/p>\n<p><a href=\"https:\/\/www.mtts-asia.com\/wp-content\/uploads\/2021\/05\/RES-BL-MAN-02-Beluga-Resuscitator-Quick-Reference-Guide-0.01EN.pdf\" target=\"_blank\" rel=\"noopener noreferrer\">Gu\u00eda de referencia rapida<\/a>[\/vc_column_text][\/vc_column_inner][vc_column_inner width=\u00bb1\/4&#8243;][vc_column_text]<\/p>\n<h4>Ventilador Impala<\/h4>\n<p>&nbsp;<\/p>\n<hr \/>\n<p>&nbsp;<\/p>\n<p><img loading=\"lazy\" decoding=\"async\" class=\"alignleft size-full wp-image-4832\" src=\"https:\/\/www.mtts-asia.com\/wp-content\/uploads\/2014\/11\/Untitled-1.png\" alt=\"Untitled-1\" width=\"45\" height=\"32\" \/><\/p>\n<p>&nbsp;<\/p>\n<p>&nbsp;<\/p>\n<p><a href=\"https:\/\/www.mtts-asia.com\/wp-content\/uploads\/2022\/03\/VEN-MKT-01-Impala-Brochure-0-09ES.pdf\" target=\"_blank\" rel=\"noopener noreferrer\">Folleto<\/a><\/p>\n<p><a href=\"https:\/\/www.mtts-asia.com\/wp-content\/uploads\/2021\/07\/VEN-IMP-MAN-01-Impala-User-Manual-1.05EN.pdf\" target=\"_blank\" rel=\"noopener noreferrer\">Manual de usario<\/a><\/p>\n<p><a href=\"https:\/\/www.mtts-asia.com\/wp-content\/uploads\/2020\/09\/VEN-IMP-MAN-02-Impala-Stand-Assembly-Instructions-1.00ES.pdf\" target=\"_blank\" rel=\"noopener noreferrer\">Instrucciones de montaje<\/a><\/p>\n<p><a href=\"https:\/\/www.mtts-asia.com\/wp-content\/uploads\/2021\/06\/VEN-IMP-MAN-04-Impala-Quick-Reference-Guide-1.01ES.pdf\" target=\"_blank\" rel=\"noopener noreferrer\">Gu\u00eda de referencia rapida<\/a><\/p>\n<p><a href=\"https:\/\/www.mtts-asia.com\/wp-content\/uploads\/2021\/04\/VEN-IMP-MAN-03-Impala-Reprocessing-Guide-1.02ES.pdf\" target=\"_blank\" rel=\"noopener noreferrer\">Gu\u00eda de reprocesamiento<\/a>[\/vc_column_text][\/vc_column_inner][vc_column_inner width=\u00bb1\/4&#8243;][vc_column_text]<\/p>\n<h4>Desinfectante de manos<\/h4>\n<hr \/>\n<p>&nbsp;<\/p>\n<p><img loading=\"lazy\" decoding=\"async\" class=\"alignleft size-full wp-image-4832\" src=\"https:\/\/www.mtts-asia.com\/wp-content\/uploads\/2014\/11\/Untitled-1.png\" alt=\"Untitled-1\" width=\"45\" height=\"32\" \/><\/p>\n<p>&nbsp;<\/p>\n<p>&nbsp;<\/p>\n<p><a title=\"OPTIMA Hand Sanitizer Brochure\" href=\"https:\/\/www.mtts-asia.com\/wp-content\/uploads\/2020\/07\/HS-LV-MKT-01-Hand-Sanitizer-LAVO-Brochure-4.01ES.pdf\" target=\"_blank\" rel=\"noopener noreferrer\">Folleto<\/a><\/p>\n<p><a title=\"Poster\" href=\"https:\/\/www.mtts-asia.com\/wp-content\/uploads\/2014\/12\/Optima_poster_EN.jpg\" target=\"_blank\" rel=\"noopener noreferrer\">Poster<\/a><\/p>\n<p><a title=\"Video\" href=\"https:\/\/www.youtube.com\/watch?v=vik-9z_hgtg&amp;index=7&amp;list=PL_kLgffc5s3C686pPtY-JWj4jqqNezu0X\" target=\"_blank\" rel=\"noopener noreferrer\">Video Tutorial<\/a>[\/vc_column_text][\/vc_column_inner][vc_column_inner width=\u00bb1\/4&#8243;][vc_column_text css=\u00bb\u00bb]<\/p>\n<h4>Fot\u00f3metro \/ 4meter<\/h4>\n<p>&nbsp;<\/p>\n<hr \/>\n<p>&nbsp;<\/p>\n<p><img loading=\"lazy\" decoding=\"async\" class=\"alignleft size-full wp-image-4832\" src=\"https:\/\/www.mtts-asia.com\/wp-content\/uploads\/2014\/11\/Untitled-1.png\" alt=\"Untitled-1\" width=\"45\" height=\"32\" \/><\/p>\n<p>&nbsp;<\/p>\n<p>&nbsp;<\/p>\n<p><a title=\"LIGHTMETER Brochure\" href=\"https:\/\/www.mtts-asia.com\/wp-content\/uploads\/2024\/11\/LM-MKT-01-4meter-4.03ES.pdf\" target=\"_blank\" rel=\"noopener noreferrer\">Folleto<\/a><\/p>\n<p><a title=\"User manual\" href=\"https:\/\/www.mtts-asia.com\/wp-content\/uploads\/2023\/05\/LM-MAN-01-4M-User-Manual-3.02ES.pdf\" target=\"_blank\" rel=\"noopener noreferrer\">Manual de usuario<\/a>[\/vc_column_text][\/vc_column_inner][\/vc_row_inner][\/vc_column][\/vc_row]<\/p>\n<\/div>","protected":false},"excerpt":{"rendered":"<p>[vc_row full_width=\u00bbstretch_row\u00bb row_type=\u00bbsection\u00bb row_color=\u00bbcolor_light\u00bb el_class=\u00bbpage-banner\u00bb css=\u00bb.vc_custom_1734574532833{background-image: url(https:\/\/www.mtts-asia.com\/wp-content\/uploads\/2014\/11\/111.jpg?id=4723) !important;background-position: center !important;background-repeat: no-repeat !important;background-size: cover !important;}\u00bb][vc_column][vc_custom_heading source=\u00bbpost_title\u00bb font_container=\u00bbtag:h2|text_align:center\u00bb use_theme_fonts=\u00bbyes\u00bb css=\u00bb\u00bb wb_heading_type=\u00bbheading\u00bb][\/vc_column][\/vc_row][vc_row][vc_column][vc_column_text] Distribuidores [\/vc_column_text][vc_raw_html css=\u00bb\u00bb]JTIwJTNDZGl2JTIwaWQlM0QlMjJtYXAxJTIyJTIwc3R5bGUlM0QlMjJ3aWR0aCUzQSUyMDExNzBweCUzQiUyMGhlaWdodCUzQSUyMDc1MHB4JTIyJTNFJTNDJTJGZGl2JTNFJTBBJTA5JTA5JTA5[\/vc_raw_html][\/vc_column][\/vc_row][vc_row bg_color=\u00bb#ffffff\u00bb][vc_column][vc_column_text] Folletos y Pol\u00edticas Folleto MTTS Pol\u00edtica de garant\u00eda MTTS[\/vc_column_text][vc_row_inner][vc_column_inner width=\u00bb1\/4&#8243;][vc_column_text css=\u00bb\u00bb] CPAP Dolphin &nbsp; &nbsp; &nbsp; Folleto Manual de usuario &#8211; SN D18 y superiores Manual de usuario &#8211; SN D16-D17 Guia [&hellip;]<\/p>\n","protected":false},"author":3,"featured_media":0,"parent":0,"menu_order":0,"comment_status":"closed","ping_status":"closed","template":"","meta":{"footnotes":""},"class_list":["post-7349","page","type-page","status-publish","hentry"],"jetpack_sharing_enabled":true,"_links":{"self":[{"href":"https:\/\/www.mtts-asia.com\/es\/wp-json\/wp\/v2\/pages\/7349","targetHints":{"allow":["GET"]}}],"collection":[{"href":"https:\/\/www.mtts-asia.com\/es\/wp-json\/wp\/v2\/pages"}],"about":[{"href":"https:\/\/www.mtts-asia.com\/es\/wp-json\/wp\/v2\/types\/page"}],"author":[{"embeddable":true,"href":"https:\/\/www.mtts-asia.com\/es\/wp-json\/wp\/v2\/users\/3"}],"replies":[{"embeddable":true,"href":"https:\/\/www.mtts-asia.com\/es\/wp-json\/wp\/v2\/comments?post=7349"}],"version-history":[{"count":12,"href":"https:\/\/www.mtts-asia.com\/es\/wp-json\/wp\/v2\/pages\/7349\/revisions"}],"predecessor-version":[{"id":12542,"href":"https:\/\/www.mtts-asia.com\/es\/wp-json\/wp\/v2\/pages\/7349\/revisions\/12542"}],"wp:attachment":[{"href":"https:\/\/www.mtts-asia.com\/es\/wp-json\/wp\/v2\/media?parent=7349"}],"curies":[{"name":"wp","href":"https:\/\/api.w.org\/{rel}","templated":true}]}}