{"id":8227,"date":"2020-06-10T15:15:43","date_gmt":"2020-06-10T08:15:43","guid":{"rendered":"http:\/\/mttsasia.local\/?page_id=8227"},"modified":"2024-12-19T14:05:40","modified_gmt":"2024-12-19T07:05:40","slug":"impala-ventilator","status":"publish","type":"page","link":"https:\/\/www.mtts-asia.com\/es\/impala-ventilator\/","title":{"rendered":"Ventilador Impala"},"content":{"rendered":"<div class=\"wpb-content-wrapper\"><p>[vc_row full_width=\u00bbstretch_row\u00bb row_type=\u00bbsection\u00bb row_color=\u00bbcolor_light\u00bb el_class=\u00bbpage-banner\u00bb css=\u00bb.vc_custom_1734574532833{background-image: url(https:\/\/www.mtts-asia.com\/wp-content\/uploads\/2014\/11\/111.jpg?id=4723) !important;background-position: center !important;background-repeat: no-repeat !important;background-size: cover !important;}\u00bb][vc_column][vc_custom_heading source=\u00bbpost_title\u00bb font_container=\u00bbtag:h2|text_align:center\u00bb use_theme_fonts=\u00bbyes\u00bb css=\u00bb\u00bb wb_heading_type=\u00bbheading\u00bb][\/vc_column][\/vc_row][vc_row full_width=\u00bbstretch_row\u00bb row_type=\u00bbsection\u00bb][vc_column][vc_row_inner][vc_column_inner width=\u00bb1\/3&#8243;][vc_empty_space height=\u00bb20px\u00bb][vc_single_image image=\u00bb8156&#8243; img_size=\u00bb800x420px\u00bb][vc_column_text]<\/p>\n<p style=\"text-align: justify;\">El ventilador Impala es un ventilador mec\u00e1nico invasivo con 8 modos de ventilaci\u00f3n ACVCV, AC-PCV, SIMV-VC, SIMV-PV, VCV \/ PS, PCV \/ PS, CPAP, BiPAP y HFNC destinados a usarse en unidades de cuidados intensivos o transporte de pacientes de emergencia. El dispositivo contiene una bomba incorporada, una licuadora, sensores de flujo y presi\u00f3n que permiten que el aire rico en ox\u00edgeno (&gt; 21% O2) con fracci\u00f3n precisa de ox\u00edgeno inspirado (FiO2), presi\u00f3n y volumen se entreguen de manera segura al paciente.<\/p>\n<hr \/>\n<p>[\/vc_column_text][vc_empty_space height=\u00bb20px\u00bb][vc_column_text]<img loading=\"lazy\" decoding=\"async\" class=\"alignleft size-full wp-image-4832\" src=\"https:\/\/www.mtts-asia.com\/wp-content\/uploads\/2014\/11\/Untitled-1.png\" alt=\"Untitled-1\" width=\"45\" height=\"32\" \/><\/p>\n<p>&nbsp;<\/p>\n<p>&nbsp;<\/p>\n<p><a href=\"https:\/\/www.mtts-asia.com\/wp-content\/uploads\/2022\/03\/VEN-MKT-01-Impala-Brochure-0-09ES.pdf\" target=\"_blank\" rel=\"noopener noreferrer\">Folleto<\/a><\/p>\n<p><a href=\"https:\/\/www.mtts-asia.com\/wp-content\/uploads\/2021\/07\/VEN-IMP-MAN-01-Impala-User-Manual-1.05EN.pdf\" target=\"_blank\" rel=\"noopener noreferrer\">Manual de usario<\/a><\/p>\n<p><a href=\"https:\/\/www.mtts-asia.com\/wp-content\/uploads\/2020\/09\/VEN-IMP-MAN-02-Impala-Stand-Assembly-Instructions-1.00ES.pdf\" target=\"_blank\" rel=\"noopener noreferrer\">Instrucciones de montaje<\/a><\/p>\n<p><a href=\"https:\/\/www.mtts-asia.com\/wp-content\/uploads\/2021\/06\/VEN-IMP-MAN-04-Impala-Quick-Reference-Guide-1.01ES.pdf\" target=\"_blank\" rel=\"noopener noreferrer\">Gu\u00eda de referencia r\u00e1pida<\/a><\/p>\n<p><a href=\"https:\/\/www.mtts-asia.com\/wp-content\/uploads\/2021\/04\/VEN-IMP-MAN-03-Impala-Reprocessing-Guide-1.02ES.pdf\" target=\"_blank\" rel=\"noopener noreferrer\">Gu\u00eda de Reprocesamiento<\/a>[\/vc_column_text][\/vc_column_inner][vc_column_inner width=\u00bb2\/3&#8243;][vc_empty_space height=\u00bb160px\u00bb][vc_images_carousel images=\u00bb8161,8165,8169,8173,8510,8499&#8243; img_size=\u00bb650&#215;650&#8243; onclick=\u00bblink_no\u00bb wrap=\u00bbyes\u00bb][\/vc_column_inner][\/vc_row_inner][vc_empty_space height=\u00bb20px\u00bb][vc_row_inner][vc_column_inner width=\u00bb1\/3&#8243;][vc_column_text]<\/p>\n<p style=\"text-align: center;\"><div class=\"vc_btn3-container align-center\">\r\n<a href=\"#features\" class=\"vc_general vc_btn3 vc_btn3-size-md vc_btn3-shape-rounded vc_btn3-style-flat vc_btn3-color-wb-btn-primary\">\r\n    <span>CARACTER\u00cdSTICAS CLAVE<\/span>\r\n<\/a>\r\n<\/div>\n<p>[\/vc_column_text][\/vc_column_inner][vc_column_inner width=\u00bb1\/3&#8243;][vc_column_text]<\/p>\n<p style=\"text-align: center;\"><div class=\"vc_btn3-container align-center\">\r\n<a href=\"#technical\" class=\"vc_general vc_btn3 vc_btn3-size-md vc_btn3-shape-rounded vc_btn3-style-flat vc_btn3-color-wb-btn-primary\">\r\n    <span>ESPECIFICACIONES T\u00c9CNICAS<\/span>\r\n<\/a>\r\n<\/div>\n<p>[\/vc_column_text][\/vc_column_inner][vc_column_inner width=\u00bb1\/3&#8243;][vc_column_text]<\/p>\n<p style=\"text-align: center;\"><div class=\"vc_btn3-container align-center\">\r\n<a href=\"#ordering\" class=\"vc_general vc_btn3 vc_btn3-size-md vc_btn3-shape-rounded vc_btn3-style-flat vc_btn3-color-wb-btn-primary\">\r\n    <span>PEDIDOS Y SERVICIO<\/span>\r\n<\/a>\r\n<\/div>\n<p>[\/vc_column_text][\/vc_column_inner][\/vc_row_inner][vc_empty_space height=\u00bb20px\u00bb][\/vc_column][\/vc_row][vc_row full_width=\u00bbstretch_row\u00bb row_type=\u00bbsection\u00bb bg_color=\u00bb#f8f8f8&#8243; css=\u00bb.vc_custom_1734591898934{background-color: #f8f8f8 !important;}\u00bb][vc_column][vc_row_inner][vc_column_inner width=\u00bb1\/3&#8243;][vc_column_text]<\/p>\n<h4 style=\"text-align: center;\"><strong><img loading=\"lazy\" decoding=\"async\" class=\"aligncenter wp-image-4799 size-full\" src=\"https:\/\/www.mtts-asia.com\/wp-content\/uploads\/2014\/11\/QUALITY.png\" alt=\"\" width=\"69\" height=\"80\" \/><\/strong><\/h4>\n<h3 style=\"text-align: center;\">Calidad<\/h3>\n<hr \/>\n<p style=\"text-align: center;\">Impala Ventilator es un dispositivo preciso y confiable que proporciona una terapia segura y efectiva, componentes de alta confiabilidad y bater\u00edas de larga duraci\u00f3n.<\/p>\n<p>[\/vc_column_text][\/vc_column_inner][vc_column_inner width=\u00bb1\/3&#8243;][vc_column_text]<\/p>\n<h4><img loading=\"lazy\" decoding=\"async\" class=\"aligncenter wp-image-4800 size-full\" src=\"https:\/\/www.mtts-asia.com\/wp-content\/uploads\/2014\/11\/INNOVATION.png\" alt=\"\" width=\"80\" height=\"80\" \/><\/h4>\n<h3 style=\"text-align: center;\">Innovaci\u00f3n<\/h3>\n<hr \/>\n<p style=\"text-align: center;\">Impala utiliza la \u00faltima tecnolog\u00eda y, junto con una interfaz de pantalla t\u00e1ctil f\u00e1cil de usar, permite a los m\u00e9dicos ahorrar tiempo y centrarse en los problemas reales a resolver.<\/p>\n<p>[\/vc_column_text][\/vc_column_inner][vc_column_inner width=\u00bb1\/3&#8243;][vc_column_text]<\/p>\n<h4 style=\"text-align: center;\"><img loading=\"lazy\" decoding=\"async\" class=\"aligncenter wp-image-4801 size-full\" src=\"https:\/\/www.mtts-asia.com\/wp-content\/uploads\/2014\/11\/CARE.png\" alt=\"\" width=\"49\" height=\"80\" \/><\/h4>\n<h3 style=\"text-align: center;\">Cuidado<\/h3>\n<hr \/>\n<p style=\"text-align: center;\">Impala se puede usar para emergencias donde se requiere una acci\u00f3n r\u00e1pida, as\u00ed como en un entorno hospitalario controlado durante un per\u00edodo prolongado de tiempo.<\/p>\n<p>[\/vc_column_text][\/vc_column_inner][\/vc_row_inner][\/vc_column][\/vc_row][vc_row full_width=\u00bbstretch_row\u00bb row_type=\u00bbsection\u00bb][vc_column][vc_empty_space height=\u00bb20px\u00bb][vc_column_text]<\/p>\n<h3 style=\"text-align: center;\">Caracter\u00edsticas clave<\/h3>\n<hr \/>\n<p>[\/vc_column_text][vc_row_inner][vc_column_inner width=\u00bb1\/2&#8243;][vc_column_text]<span style=\"color: #00a0c6;\"><strong>General<\/strong><\/span><br \/>\n&#8211; Port\u00e1til<br \/>\n&#8211; Adecuado para emergencias o salas de cuidados intensivos<br \/>\n&#8211; Bater\u00eda incorporada &#8211; 4 horas de respaldo<br \/>\n&#8211; Licuadora integrada<br \/>\n&#8211; Monitoreo de FiO2<br \/>\n&#8211; Pantalla t\u00e1ctil f\u00e1cil de usar<br \/>\n&#8211; Modos ACV, SIMV y CPAP<br \/>\n&#8211; PIP objetivo controlado y PEEP consistente<br \/>\n&#8211; Sin restricci\u00f3n de tiempo en el uso debido a la limitaci\u00f3n del tanque de gas[\/vc_column_text][\/vc_column_inner][vc_column_inner width=\u00bb1\/2&#8243;][vc_empty_space height=\u00bb75px\u00bb][vc_single_image image=\u00bb8499&#8243; img_size=\u00bb650x650px\u00bb alignment=\u00bbcenter\u00bb][\/vc_column_inner][\/vc_row_inner][\/vc_column][\/vc_row][vc_row full_width=\u00bbstretch_row\u00bb row_type=\u00bbsection\u00bb bg_color=\u00bb#f8f8f8&#8243; css=\u00bb.vc_custom_1734591921869{background-color: #f8f8f8 !important;}\u00bb][vc_column][vc_row_inner][vc_column_inner width=\u00bb1\/3&#8243;][vc_column_text]<\/p>\n<h3 style=\"text-align: center;\"><img loading=\"lazy\" decoding=\"async\" class=\"aligncenter wp-image-5017 size-full\" src=\"https:\/\/www.mtts-asia.com\/wp-content\/uploads\/2014\/11\/baby.png\" alt=\"\" width=\"89\" height=\"80\" \/><\/h3>\n<h3 style=\"text-align: center;\">Efectivo<\/h3>\n<hr \/>\n<p style=\"text-align: center;\">El ventilador Impala presenta una mezcla electr\u00f3nica para un ajuste f\u00e1cil e independiente del caudal y FiO2.<\/p>\n<p>[\/vc_column_text][\/vc_column_inner][vc_column_inner width=\u00bb1\/3&#8243;][vc_column_text]<\/p>\n<h3 style=\"text-align: center;\"><img loading=\"lazy\" decoding=\"async\" class=\"aligncenter size-full wp-image-5009\" src=\"https:\/\/www.mtts-asia.com\/wp-content\/uploads\/2014\/11\/safe.png\" alt=\"safe\" width=\"79\" height=\"79\" \/><\/h3>\n<h3 style=\"text-align: center;\">Compatible<\/h3>\n<hr \/>\n<p style=\"text-align: center;\">Impala combina una tecnolog\u00eda compacta, silenciosa y f\u00e1cil de operar con un control preciso del suministro de flujo de gas y la concentraci\u00f3n de ox\u00edgeno. Para mayor seguridad del paciente, Impala incorpora un complemento completo de alarmas.<\/p>\n<p>[\/vc_column_text][\/vc_column_inner][vc_column_inner width=\u00bb1\/3&#8243;][vc_column_text]<\/p>\n<h3 style=\"text-align: center;\"><img loading=\"lazy\" decoding=\"async\" class=\"aligncenter size-full wp-image-5011\" src=\"https:\/\/www.mtts-asia.com\/wp-content\/uploads\/2014\/11\/costefficient.png\" alt=\"costefficient\" width=\"93\" height=\"80\" \/><\/h3>\n<h3 style=\"text-align: center;\">Costo eficiente<\/h3>\n<hr \/>\n<p style=\"text-align: center;\">Impala combina efectividad cl\u00ednica comprobada en el cuidado respiratorio y consumibles de bajo costo con un valor excepcional.<\/p>\n<p>[\/vc_column_text][\/vc_column_inner][\/vc_row_inner][vc_empty_space height=\u00bb20px\u00bb][\/vc_column][\/vc_row][vc_row][vc_column][vc_empty_space height=\u00bb20px\u00bb][vc_column_text]<\/p>\n<h3 style=\"text-align: center;\">Especificaciones t\u00e9cnicas<\/h3>\n<hr \/>\n<p>[\/vc_column_text][vc_row_inner][vc_column_inner width=\u00bb2\/3&#8243;][vc_column_text]\n<table id=\"tablepress-0913\" class=\"tablepress tablepress-id-0913\">\n<tbody class=\"row-striping row-hover\">\n<tr class=\"row-1\">\n\t<td class=\"column-1\"><strong>Especificaciones f\u00edsicas<\/strong><\/td><td class=\"column-2\">Dimensiones unidad<\/td><td class=\"column-3\"><\/td><td class=\"column-4\">20 cm x 22 cm x 20 cm<\/td>\n<\/tr>\n<tr class=\"row-2\">\n\t<td class=\"column-1\">(excluyendo stand)<\/td><td class=\"column-2\">Dimensiones env\u00edo (en cajas)<\/td><td class=\"column-3\"><\/td><td class=\"column-4\">30 cm x 25 cm x 30 cm<\/td>\n<\/tr>\n<tr class=\"row-3\">\n\t<td class=\"column-1\"><\/td><td class=\"column-2\">Peso neto<\/td><td class=\"column-3\"><\/td><td class=\"column-4\">3.0kg<\/td>\n<\/tr>\n<tr class=\"row-4\">\n\t<td class=\"column-1\"><\/td><td class=\"column-2\">Peso env\u00edo<\/td><td class=\"column-3\"><\/td><td class=\"column-4\">6.0kg<\/td>\n<\/tr>\n<tr class=\"row-5\">\n\t<td class=\"column-1\">(incluido el soporte)<\/td><td class=\"column-2\">Dimensiones env\u00edo (en cajas)<\/td><td class=\"column-3\"><\/td><td class=\"column-4\">51 cm x 45 cm x 88 cm<\/td>\n<\/tr>\n<tr class=\"row-6\">\n\t<td class=\"column-1\"><\/td><td class=\"column-2\">Peso env\u00edo<\/td><td class=\"column-3\"><\/td><td class=\"column-4\">20.0kg<\/td>\n<\/tr>\n<tr class=\"row-7\">\n\t<td class=\"column-1\"><strong>Especificaciones de rendimiento <\/strong><\/td><td class=\"column-2\">Caracter\u00edsticas el\u00e9ctricas<\/td><td class=\"column-3\"><\/td><td class=\"column-4\">100 - 240 VAC, 50-60 Hz<\/td>\n<\/tr>\n<tr class=\"row-8\">\n\t<td class=\"column-1\"><\/td><td class=\"column-2\">Ventilation modes<\/td><td class=\"column-3\">Adulto \/ pedi\u00e1trico:<\/td><td class=\"column-4\">ACVCV, AC-PCV, SIMV-VC,<br \/>\nSIMV-PC, VCV\/ PS, PCV\/PS,<br \/>\nCPAP, BiPAP, HFNC<\/td>\n<\/tr>\n<tr class=\"row-9\">\n\t<td class=\"column-1\"><\/td><td class=\"column-2\"><\/td><td class=\"column-3\">Neonatal:<\/td><td class=\"column-4\">AC-PCV, SIMV-PC, PCV\/PS,<br \/>\nCPAP, BiPAP, HFNC<\/td>\n<\/tr>\n<tr class=\"row-10\">\n\t<td class=\"column-1\"><\/td><td class=\"column-2\">La frecuencia respiratoria<\/td><td class=\"column-3\"><\/td><td class=\"column-4\">1 - 60 bpm<\/td>\n<\/tr>\n<tr class=\"row-11\">\n\t<td class=\"column-1\"><\/td><td class=\"column-2\">I : E ratio<\/td><td class=\"column-3\"><\/td><td class=\"column-4\">1:9 - 4:1<\/td>\n<\/tr>\n<tr class=\"row-12\">\n\t<td class=\"column-1\"><\/td><td class=\"column-2\">Volumen corriente<\/td><td class=\"column-3\">Adulto \/ pedi\u00e1trico:<\/td><td class=\"column-4\">25 - 2000 ml<\/td>\n<\/tr>\n<tr class=\"row-13\">\n\t<td class=\"column-1\"><\/td><td class=\"column-2\"><\/td><td class=\"column-3\">Neonatal:<\/td><td class=\"column-4\">n\/a<\/td>\n<\/tr>\n<tr class=\"row-14\">\n\t<td class=\"column-1\"><\/td><td class=\"column-2\">PIP<\/td><td class=\"column-3\"><\/td><td class=\"column-4\">0 - 60 cm H2O<\/td>\n<\/tr>\n<tr class=\"row-15\">\n\t<td class=\"column-1\"><\/td><td class=\"column-2\">PEEP<\/td><td class=\"column-3\"><\/td><td class=\"column-4\">0 - 25 cm H2O<\/td>\n<\/tr>\n<tr class=\"row-16\">\n\t<td class=\"column-1\"><\/td><td class=\"column-2\">Flujo m\u00e1ximo<\/td><td class=\"column-3\">Adulto \/ pedi\u00e1trico:<\/td><td class=\"column-4\">120 l\/min<\/td>\n<\/tr>\n<tr class=\"row-17\">\n\t<td class=\"column-1\"><\/td><td class=\"column-2\"><\/td><td class=\"column-3\">Neonatal:<\/td><td class=\"column-4\">30 l\/min<\/td>\n<\/tr>\n<tr class=\"row-18\">\n\t<td class=\"column-1\"><\/td><td class=\"column-2\">Entrega de concentraci\u00f3n de ox\u00edgeno<\/td><td class=\"column-3\"><\/td><td class=\"column-4\">21 - 100%<\/td>\n<\/tr>\n<tr class=\"row-19\">\n\t<td class=\"column-1\"><\/td><td class=\"column-2\">Compresor de aire integrado<\/td><td class=\"column-3\"><\/td><td class=\"column-4\">Soplador<\/td>\n<\/tr>\n<tr class=\"row-20\">\n\t<td class=\"column-1\"><\/td><td class=\"column-2\">Bater\u00eda<\/td><td class=\"column-3\"><\/td><td class=\"column-4\">Li-ion, 11.1V-6000mAh<\/td>\n<\/tr>\n<tr class=\"row-21\">\n\t<td class=\"column-1\"><strong>Especificaciones ambientales<\/strong><\/td><td class=\"column-2\">Temp. ambiente de manejo<\/td><td class=\"column-3\"><\/td><td class=\"column-4\">5\u00baC to 40\u00baC<\/td>\n<\/tr>\n<tr class=\"row-22\">\n\t<td class=\"column-1\"><\/td><td class=\"column-2\">Humedad de manejo<\/td><td class=\"column-3\"><\/td><td class=\"column-4\">0% to 95% RH<\/td>\n<\/tr>\n<tr class=\"row-23\">\n\t<td class=\"column-1\"><\/td><td class=\"column-2\">Temp. ambiente de transporte y almacenaje:<\/td><td class=\"column-3\"><\/td><td class=\"column-4\">0\u00baC to 50\u00baC<\/td>\n<\/tr>\n<tr class=\"row-24\">\n\t<td class=\"column-1\"><\/td><td class=\"column-2\">Humedad de transporte y almacenaje:<\/td><td class=\"column-3\"><\/td><td class=\"column-4\">0% to 95% RH<\/td>\n<\/tr>\n<tr class=\"row-25\">\n\t<td class=\"column-1\"><strong>Requerimientos<\/strong><\/td><td class=\"column-2\"><\/td><td class=\"column-3\"><\/td><td class=\"column-4\">EN ISO 13485:2016<\/td>\n<\/tr>\n<tr class=\"row-26\">\n\t<td class=\"column-1\"><\/td><td class=\"column-2\"><\/td><td class=\"column-3\"><\/td><td class=\"column-4\">EN ISO 14971:2012<\/td>\n<\/tr>\n<tr class=\"row-27\">\n\t<td class=\"column-1\"><\/td><td class=\"column-2\"><\/td><td class=\"column-3\"><\/td><td class=\"column-4\">EN 60601-1:2006\/A1:2013<\/td>\n<\/tr>\n<tr class=\"row-28\">\n\t<td class=\"column-1\"><\/td><td class=\"column-2\"><\/td><td class=\"column-3\"><\/td><td class=\"column-4\">EN 60601-1-2:2015<\/td>\n<\/tr>\n<tr class=\"row-29\">\n\t<td class=\"column-1\"><\/td><td class=\"column-2\"><\/td><td class=\"column-3\"><\/td><td class=\"column-4\">EN 60601-1-6:2010<\/td>\n<\/tr>\n<tr class=\"row-30\">\n\t<td class=\"column-1\"><\/td><td class=\"column-2\"><\/td><td class=\"column-3\"><\/td><td class=\"column-4\">EN 60601-1-8:2007\/A11:2017<\/td>\n<\/tr>\n<tr class=\"row-31\">\n\t<td class=\"column-1\"><\/td><td class=\"column-2\"><\/td><td class=\"column-3\"><\/td><td class=\"column-4\">ISO 80601-2-12:2020<\/td>\n<\/tr>\n<\/tbody>\n<\/table>\n<!-- #tablepress-0913 from cache --><br \/>\n<span id=\"ordering\"> <\/span>[\/vc_column_text][\/vc_column_inner][vc_column_inner width=\u00bb1\/3&#8243;][vc_column_text]<\/p>\n<h5><span style=\"color: #00a0c6;\">Garant\u00eda est\u00e1ndar 1 a\u00f1o.<\/span><\/h5>\n<p>(Sujeto a Pol\u00edtica de Garant\u00eda MTTS)[\/vc_column_text][\/vc_column_inner][\/vc_row_inner][\/vc_column][\/vc_row][vc_row bg_color=\u00bb#f8f8f8&#8243;][vc_column][vc_column_text]<\/p>\n<h3 style=\"text-align: center;\">Informaci\u00f3n para pedidos y servicio<\/h3>\n<p>[\/vc_column_text][\/vc_column][\/vc_row][vc_row][vc_column width=\u00bb2\/3&#8243;][vc_column_text]\n<table id=\"tablepress-0923\" class=\"tablepress tablepress-id-0923\">\n<tbody class=\"row-striping row-hover\">\n<tr class=\"row-1\">\n\t<td class=\"column-1\"><strong>Informaci\u00f3n para peticiones<\/strong><\/td><td class=\"column-2\">Ventilador MTTS Impala<\/td><td class=\"column-3\">VEN-10000<\/td><td class=\"column-4\">Unidad Principal<\/td>\n<\/tr>\n<tr class=\"row-2\">\n\t<td class=\"column-1\"><\/td><td class=\"column-2\">Manguera de gas<\/td><td class=\"column-3\">ID 1070<\/td><td class=\"column-4\">DISS 1240<\/td>\n<\/tr>\n<tr class=\"row-3\">\n\t<td class=\"column-1\"><\/td><td class=\"column-2\"><\/td><td class=\"column-3\">ID 1316<\/td><td class=\"column-4\">British Standard<\/td>\n<\/tr>\n<tr class=\"row-4\">\n\t<td class=\"column-1\"><\/td><td class=\"column-2\"><\/td><td class=\"column-3\">ID 1317<\/td><td class=\"column-4\">JIS<\/td>\n<\/tr>\n<tr class=\"row-5\">\n\t<td class=\"column-1\"><\/td><td class=\"column-2\"><\/td><td class=\"column-3\">ID 1318<\/td><td class=\"column-4\">SIS Handwheel<\/td>\n<\/tr>\n<tr class=\"row-6\">\n\t<td class=\"column-1\"><\/td><td class=\"column-2\"><\/td><td class=\"column-3\">ID 1319<\/td><td class=\"column-4\">DIN<\/td>\n<\/tr>\n<tr class=\"row-7\">\n\t<td class=\"column-1\"><\/td><td class=\"column-2\"><\/td><td class=\"column-3\">ID 1320<\/td><td class=\"column-4\">AFNOR<\/td>\n<\/tr>\n<tr class=\"row-8\">\n\t<td class=\"column-1\"><\/td><td class=\"column-2\"><\/td><td class=\"column-3\">ID 1321<\/td><td class=\"column-4\">Ohmeda<\/td>\n<\/tr>\n<tr class=\"row-9\">\n\t<td class=\"column-1\"><\/td><td class=\"column-2\">Cable principal electricidad<\/td><td class=\"column-3\">ID 551<\/td><td class=\"column-4\">Est\u00e1ndar de la UE<\/td>\n<\/tr>\n<tr class=\"row-10\">\n\t<td class=\"column-1\"><\/td><td class=\"column-2\"><\/td><td class=\"column-3\">ID 552<\/td><td class=\"column-4\">Est\u00e1ndar de EE.UU<\/td>\n<\/tr>\n<tr class=\"row-11\">\n\t<td class=\"column-1\"><\/td><td class=\"column-2\"><\/td><td class=\"column-3\">ID 553<\/td><td class=\"column-4\">Est\u00e1ndar del RE.UU<\/td>\n<\/tr>\n<tr class=\"row-12\">\n\t<td class=\"column-1\"><\/td><td class=\"column-2\"><\/td><td class=\"column-3\">ID 1313<\/td><td class=\"column-4\">Est\u00e1ndar de AUS<\/td>\n<\/tr>\n<tr class=\"row-13\">\n\t<td class=\"column-1\"><strong>Art\u00edculos opcionales<\/strong><\/td><td class=\"column-2\">Circuito reutilizable de doble limb<\/td><td class=\"column-3\">ID 1679, 1727, 1779<\/td><td class=\"column-4\">ADU, PED, NEO<\/td>\n<\/tr>\n<tr class=\"row-14\">\n\t<td class=\"column-1\"><\/td><td class=\"column-2\">Circuito de un solo uso solo limb<\/td><td class=\"column-3\">ID 1723, 1729, 1769<\/td><td class=\"column-4\">ADU, PED, NEO<\/td>\n<\/tr>\n<tr class=\"row-15\">\n\t<td class=\"column-1\"><\/td><td class=\"column-2\">M\u00e1scara de silicona<\/td><td class=\"column-3\">ID 1441, 1477, 1599<\/td><td class=\"column-4\">tama\u00f1o S, M, L<\/td>\n<\/tr>\n<tr class=\"row-16\">\n\t<td class=\"column-1\"><\/td><td class=\"column-2\">Tubo ET<\/td><td class=\"column-3\">ID 1684\/5\/6\/7<\/td><td class=\"column-4\">tama\u00f1o 5, 6, 7, 8<\/td>\n<\/tr>\n<tr class=\"row-17\">\n\t<td class=\"column-1\"><\/td><td class=\"column-2\">High Flow Nasal Cannula<\/td><td class=\"column-3\">ID 1682, 1683, 1691<\/td><td class=\"column-4\">tama\u00f1o S, M, L<\/td>\n<\/tr>\n<tr class=\"row-18\">\n\t<td class=\"column-1\"><\/td><td class=\"column-2\">Humidifier<\/td><td class=\"column-3\">ID 1734\/5<\/td><td class=\"column-4\"><\/td>\n<\/tr>\n<tr class=\"row-19\">\n\t<td class=\"column-1\"><\/td><td class=\"column-2\">Soporte<\/td><td class=\"column-3\">ID 1680<\/td><td class=\"column-4\"><\/td>\n<\/tr>\n<tr class=\"row-20\">\n\t<td class=\"column-1\"><\/td><td class=\"column-2\">Pulmones de prueba <\/td><td class=\"column-3\">ID 1757<\/td><td class=\"column-4\"><\/td>\n<\/tr>\n<tr class=\"row-21\">\n\t<td class=\"column-1\"><\/td><td class=\"column-2\">Manual de usuario<\/td><td class=\"column-3\"><\/td><td class=\"column-4\">Espa\u00f1ol<\/td>\n<\/tr>\n<\/tbody>\n<\/table>\n<!-- #tablepress-0923 from cache -->[\/vc_column_text][\/vc_column][vc_column width=\u00bb1\/3&#8243;][\/vc_column][\/vc_row]<\/p>\n<\/div>","protected":false},"excerpt":{"rendered":"<p>[vc_row full_width=\u00bbstretch_row\u00bb row_type=\u00bbsection\u00bb row_color=\u00bbcolor_light\u00bb el_class=\u00bbpage-banner\u00bb css=\u00bb.vc_custom_1734574532833{background-image: url(https:\/\/www.mtts-asia.com\/wp-content\/uploads\/2014\/11\/111.jpg?id=4723) !important;background-position: center !important;background-repeat: no-repeat !important;background-size: cover !important;}\u00bb][vc_column][vc_custom_heading source=\u00bbpost_title\u00bb font_container=\u00bbtag:h2|text_align:center\u00bb use_theme_fonts=\u00bbyes\u00bb css=\u00bb\u00bb wb_heading_type=\u00bbheading\u00bb][\/vc_column][\/vc_row][vc_row full_width=\u00bbstretch_row\u00bb row_type=\u00bbsection\u00bb][vc_column][vc_row_inner][vc_column_inner width=\u00bb1\/3&#8243;][vc_empty_space height=\u00bb20px\u00bb][vc_single_image image=\u00bb8156&#8243; img_size=\u00bb800x420px\u00bb][vc_column_text] El ventilador Impala es un ventilador mec\u00e1nico invasivo con 8 modos de ventilaci\u00f3n ACVCV, AC-PCV, SIMV-VC, SIMV-PV, VCV \/ PS, PCV \/ PS, CPAP, BiPAP y HFNC destinados a usarse [&hellip;]<\/p>\n","protected":false},"author":3,"featured_media":0,"parent":0,"menu_order":0,"comment_status":"closed","ping_status":"closed","template":"","meta":{"footnotes":""},"class_list":["post-8227","page","type-page","status-publish","hentry"],"jetpack_sharing_enabled":true,"_links":{"self":[{"href":"https:\/\/www.mtts-asia.com\/es\/wp-json\/wp\/v2\/pages\/8227","targetHints":{"allow":["GET"]}}],"collection":[{"href":"https:\/\/www.mtts-asia.com\/es\/wp-json\/wp\/v2\/pages"}],"about":[{"href":"https:\/\/www.mtts-asia.com\/es\/wp-json\/wp\/v2\/types\/page"}],"author":[{"embeddable":true,"href":"https:\/\/www.mtts-asia.com\/es\/wp-json\/wp\/v2\/users\/3"}],"replies":[{"embeddable":true,"href":"https:\/\/www.mtts-asia.com\/es\/wp-json\/wp\/v2\/comments?post=8227"}],"version-history":[{"count":2,"href":"https:\/\/www.mtts-asia.com\/es\/wp-json\/wp\/v2\/pages\/8227\/revisions"}],"predecessor-version":[{"id":12573,"href":"https:\/\/www.mtts-asia.com\/es\/wp-json\/wp\/v2\/pages\/8227\/revisions\/12573"}],"wp:attachment":[{"href":"https:\/\/www.mtts-asia.com\/es\/wp-json\/wp\/v2\/media?parent=8227"}],"curies":[{"name":"wp","href":"https:\/\/api.w.org\/{rel}","templated":true}]}}