{"id":13345,"date":"2025-03-10T09:57:07","date_gmt":"2025-03-10T02:57:07","guid":{"rendered":"https:\/\/www.mtts-asia.com\/?page_id=13345"},"modified":"2026-04-13T09:50:40","modified_gmt":"2026-04-13T02:50:40","slug":"otter","status":"publish","type":"page","link":"https:\/\/www.mtts-asia.com\/fr\/otter\/","title":{"rendered":"Le Chauffeur Otter"},"content":{"rendered":"<div class=\"wpb-content-wrapper\"><p>[vc_row full_width=\u00a0\u00bbstretch_row\u00a0\u00bb row_type=\u00a0\u00bbsection\u00a0\u00bb row_color=\u00a0\u00bbcolor_light\u00a0\u00bb el_class=\u00a0\u00bbpage-banner\u00a0\u00bb css=\u00a0\u00bb.vc_custom_1734574532833{background-image: url(https:\/\/www.mtts-asia.com\/wp-content\/uploads\/2014\/11\/111.jpg?id=4723) !important;background-position: center !important;background-repeat: no-repeat !important;background-size: cover !important;}\u00a0\u00bb][vc_column][vc_custom_heading source=\u00a0\u00bbpost_title\u00a0\u00bb font_container=\u00a0\u00bbtag:h2|text_align:center\u00a0\u00bb use_theme_fonts=\u00a0\u00bbyes\u00a0\u00bb css=\u00a0\u00bb\u00a0\u00bb wb_heading_type=\u00a0\u00bbheading\u00a0\u00bb][\/vc_column][\/vc_row][vc_row full_width=\u00a0\u00bbstretch_row\u00a0\u00bb row_type=\u00a0\u00bbsection\u00a0\u00bb][vc_column][vc_row_inner][vc_column_inner width=\u00a0\u00bb1\/3&Prime;][vc_single_image image=\u00a0\u00bb12836&Prime; img_size=\u00a0\u00bb500x150px\u00a0\u00bb css=\u00a0\u00bb\u00a0\u00bb][vc_column_text css=\u00a0\u00bb\u00a0\u00bb]<\/p>\n<p id=\"yui_3_17_2_1_1741575800430_842\">Otter est un chauffe-b\u00e9b\u00e9 \u00e0 conduction con\u00e7u sp\u00e9cifiquement pour permettre au personnel soignant de maintenir les nouveau-n\u00e9s \u00e0 temp\u00e9rature normale lorsque le recours \u00e0 des th\u00e9rapies plus sophistiqu\u00e9es est impossible. Contrairement aux incubateurs et aux tables chauffantes radiantes, le chauffe-b\u00e9b\u00e9 \u00e0 conduction Otter assure un r\u00e9chauffement efficace des nouveau-n\u00e9s, simple d&rsquo;utilisation et difficile \u00e0 mal utiliser\u00a0; autrement dit, il \u00e9limine les principales causes de dysfonctionnement.<\/p>\n<p>&nbsp;<\/p>\n<p><img loading=\"lazy\" decoding=\"async\" class=\"wp-image-5563 alignnone\" src=\"https:\/\/www.mtts-asia.com\/wp-content\/uploads\/2014\/11\/CE-Mark-with-Number1.jpg\" alt=\"CE Mark with Number\" width=\"97\" height=\"35\" \/><\/p>\n<hr \/>\n<p>[\/vc_column_text][vc_empty_space height=\u00a0\u00bb20px\u00a0\u00bb][vc_column_text css=\u00a0\u00bb\u00a0\u00bb]<img loading=\"lazy\" decoding=\"async\" class=\"alignleft size-full wp-image-4832\" src=\"https:\/\/www.mtts-asia.com\/wp-content\/uploads\/2014\/11\/Untitled-1.png\" alt=\"Untitled-1\" width=\"45\" height=\"32\" \/><\/p>\n<p>&nbsp;<\/p>\n<p>&nbsp;<\/p>\n<p><a title=\"WARMER Brochure\" href=\"https:\/\/www.mtts-asia.com\/wp-content\/uploads\/2026\/04\/WM-OT-MKT-01-Otter-Brochure-1.02FR.pdf\" target=\"_blank\" rel=\"noopener noreferrer\">Brochure<\/a><\/p>\n<p><a title=\"WARMER Brochure\" href=\"https:\/\/www.mtts-asia.com\/wp-content\/uploads\/2026\/03\/WM-OT-MAN-01-Otter-User-Manual-1.04FR.pdf\" target=\"_blank\" rel=\"noopener noreferrer\">Manuel de l\u2019Utilisateur<\/a>[\/vc_column_text][\/vc_column_inner][vc_column_inner width=\u00a0\u00bb2\/3&Prime;][vc_empty_space height=\u00a0\u00bb20px\u00a0\u00bb][vc_images_carousel images=\u00a0\u00bb12879,12874,12864,12869&Prime; img_size=\u00a0\u00bb650&#215;650&Prime; onclick=\u00a0\u00bblink_no\u00a0\u00bb wrap=\u00a0\u00bbyes\u00a0\u00bb css=\u00a0\u00bb\u00a0\u00bb][\/vc_column_inner][\/vc_row_inner][vc_empty_space height=\u00a0\u00bb20px\u00a0\u00bb][vc_row_inner][vc_column_inner width=\u00a0\u00bb1\/3&Prime;][vc_column_text css=\u00a0\u00bb\u00a0\u00bb]<\/p>\n<p style=\"text-align: center;\"><div class=\"vc_btn3-container align-center\">\r\n<a href=\"#features\" class=\"vc_general vc_btn3 vc_btn3-size-md vc_btn3-shape-rounded vc_btn3-style-flat vc_btn3-color-wb-btn-primary\">\r\n    <span>PRINCIPALES CARACT\u00c9RISTIQUES<\/span>\r\n<\/a>\r\n<\/div>\n<p>[\/vc_column_text][\/vc_column_inner][vc_column_inner width=\u00a0\u00bb1\/3&Prime;][vc_column_text css=\u00a0\u00bb\u00a0\u00bb]<\/p>\n<p style=\"text-align: center;\"><div class=\"vc_btn3-container align-center\">\r\n<a href=\"#technical\" class=\"vc_general vc_btn3 vc_btn3-size-md vc_btn3-shape-rounded vc_btn3-style-flat vc_btn3-color-wb-btn-primary\">\r\n    <span>SP\u00c9CIFICATIONS TECHNIQUES<\/span>\r\n<\/a>\r\n<\/div>\n<p>[\/vc_column_text][\/vc_column_inner][vc_column_inner width=\u00a0\u00bb1\/3&Prime;][vc_column_text css=\u00a0\u00bb\u00a0\u00bb]<\/p>\n<p style=\"text-align: center;\"><div class=\"vc_btn3-container align-center\">\r\n<a href=\"#ordering\" class=\"vc_general vc_btn3 vc_btn3-size-md vc_btn3-shape-rounded vc_btn3-style-flat vc_btn3-color-wb-btn-primary\">\r\n    <span>COMMANDE ET ENTRETIEN<\/span>\r\n<\/a>\r\n<\/div>\n<p>[\/vc_column_text][\/vc_column_inner][\/vc_row_inner][vc_empty_space height=\u00a0\u00bb20px\u00a0\u00bb][\/vc_column][\/vc_row][vc_row full_width=\u00a0\u00bbstretch_row\u00a0\u00bb row_type=\u00a0\u00bbsection\u00a0\u00bb bg_color=\u00a0\u00bb#f8f8f8&Prime; css=\u00a0\u00bb.vc_custom_1734596017144{background-color: #f8f8f8 !important;}\u00a0\u00bb][vc_column][vc_row_inner][vc_column_inner width=\u00a0\u00bb1\/3&Prime;][vc_column_text css=\u00a0\u00bb\u00a0\u00bb]<\/p>\n<h4 style=\"text-align: center;\"><strong><img loading=\"lazy\" decoding=\"async\" class=\"aligncenter wp-image-4799 size-full\" src=\"https:\/\/www.mtts-asia.com\/wp-content\/uploads\/2014\/11\/QUALITY.png\" alt=\"\" width=\"69\" height=\"80\" \/><\/strong><\/h4>\n<h3 style=\"text-align: center;\">Qualit\u00e9<\/h3>\n<hr \/>\n<p style=\"text-align: center;\">Otter est un appareil fiable qui assure une isolation thermique optimale gr\u00e2ce \u00e0 sa faible consommation d&rsquo;\u00e9nergie, ses composants haute fiabilit\u00e9 et son \u00e9l\u00e9ment chauffant longue dur\u00e9e.<\/p>\n<p>[\/vc_column_text][\/vc_column_inner][vc_column_inner width=\u00a0\u00bb1\/3&Prime;][vc_column_text css=\u00a0\u00bb\u00a0\u00bb]<\/p>\n<h4><img loading=\"lazy\" decoding=\"async\" class=\"aligncenter wp-image-4800 size-full\" src=\"https:\/\/www.mtts-asia.com\/wp-content\/uploads\/2014\/11\/INNOVATION.png\" alt=\"\" width=\"80\" height=\"80\" \/><\/h4>\n<h3 style=\"text-align: center;\">Innovation<\/h3>\n<hr \/>\n<p style=\"text-align: center;\">La technologie sophistiqu\u00e9e d&rsquo;Otter est associ\u00e9e \u00e0 une interface conviviale et \u00e0 un syst\u00e8me innovant de d\u00e9tection des probl\u00e8mes qui fonctionnent ensemble pour assurer une thermor\u00e9gulation constante.<\/p>\n<p>[\/vc_column_text][\/vc_column_inner][vc_column_inner width=\u00a0\u00bb1\/3&Prime;][vc_column_text css=\u00a0\u00bb\u00a0\u00bb]<\/p>\n<h4 style=\"text-align: center;\"><img loading=\"lazy\" decoding=\"async\" class=\"aligncenter wp-image-4801 size-full\" src=\"https:\/\/www.mtts-asia.com\/wp-content\/uploads\/2014\/11\/CARE.png\" alt=\"\" width=\"49\" height=\"80\" \/><\/h4>\n<h3 style=\"text-align: center;\">Se soucier<\/h3>\n<hr \/>\n<p style=\"text-align: center;\">Otter offre aux nouveau-n\u00e9s un environnement thermique unique, tout en vous permettant d&rsquo;y acc\u00e9der facilement afin que vous puissiez leur prodiguer les meilleurs soins possibles.<\/p>\n<p>[\/vc_column_text][\/vc_column_inner][\/vc_row_inner][\/vc_column][\/vc_row][vc_row full_width=\u00a0\u00bbstretch_row\u00a0\u00bb row_type=\u00a0\u00bbsection\u00a0\u00bb][vc_column][vc_empty_space height=\u00a0\u00bb20px\u00a0\u00bb][vc_column_text css=\u00a0\u00bb\u00a0\u00bb]<\/p>\n<h3 style=\"text-align: center;\">Principales caract\u00e9ristiques<\/h3>\n<hr \/>\n<p>[\/vc_column_text][vc_row_inner][vc_column_inner width=\u00a0\u00bb1\/2&Prime;][vc_column_text css=\u00a0\u00bb\u00a0\u00bb]<span style=\"color: #00a0c6;\"><strong>Vue d\u2019ensemble<\/strong><\/span><br \/>\n&#8211; 100 % r\u00e9utilisable et lavable<br \/>\n&#8211; L\u00e9ger et portable<br \/>\n&#8211; \u00c9conome en \u00e9nergie<br \/>\n&#8211; Jusqu&rsquo;\u00e0 8 heures d&rsquo;autonomie<\/p>\n<p><span style=\"color: #00a0c6;\"><strong>Syst\u00e8me de contr\u00f4le de la temp\u00e9rature<\/strong><\/span><br \/>\n&#8211; Contr\u00f4le automatique de la temp\u00e9rature de surface<br \/>\n&#8211; Sonde optionnelle pour la surveillance de la temp\u00e9rature cutan\u00e9e du patient<\/p>\n<p><span style=\"color: #00a0c6;\"><strong>Affichages\/Indicateurs<\/strong><\/span><br \/>\n&#8211; \u00c9cran LCD lumineux pour la surveillance de la temp\u00e9rature du patient,<br \/>\ndur\u00e9e du traitement, dur\u00e9e totale d&rsquo;utilisation, niveau de puissance du chauffage et connexion du capteur<br \/>\n&#8211; \u00c9cran LCD avec informations de diagnostic et de d\u00e9pannage<br \/>\n&#8211; Compteur de temps total du syst\u00e8me (dur\u00e9e de vie)<br \/>\n&#8211; Indicateur de niveau de batterie<\/p>\n<p><span style=\"color: #00a0c6;\"><strong>S\u00e9curit\u00e9 &#8211; Alarmes<\/strong><\/span><br \/>\n&#8211; Panne de l&rsquo;\u00e9l\u00e9ment chauffant<br \/>\n&#8211; Panne du capteur<br \/>\n&#8211; Coupure de courant[\/vc_column_text][\/vc_column_inner][vc_column_inner width=\u00a0\u00bb1\/2&Prime;][vc_empty_space height=\u00a0\u00bb75px\u00a0\u00bb][vc_single_image image=\u00a0\u00bb12884&Prime; img_size=\u00a0\u00bb850x650px\u00a0\u00bb alignment=\u00a0\u00bbcenter\u00a0\u00bb css=\u00a0\u00bb\u00a0\u00bb][\/vc_column_inner][\/vc_row_inner][\/vc_column][\/vc_row][vc_row full_width=\u00a0\u00bbstretch_row\u00a0\u00bb row_type=\u00a0\u00bbsection\u00a0\u00bb bg_color=\u00a0\u00bb#f8f8f8&Prime; css=\u00a0\u00bb.vc_custom_1734596035426{background-color: #f8f8f8 !important;}\u00a0\u00bb][vc_column][vc_row_inner][vc_column_inner width=\u00a0\u00bb1\/3&Prime;][vc_column_text css=\u00a0\u00bb\u00a0\u00bb]<\/p>\n<h3 style=\"text-align: center;\"><img loading=\"lazy\" decoding=\"async\" class=\"aligncenter wp-image-5017 size-full\" src=\"https:\/\/www.mtts-asia.com\/wp-content\/uploads\/2014\/11\/baby.png\" alt=\"\" width=\"89\" height=\"80\" \/><\/h3>\n<h3 style=\"text-align: center;\">Efficace<\/h3>\n<hr \/>\n<p style=\"text-align: center;\">Pour une s\u00e9curit\u00e9 accrue du patient, Otter int\u00e8gre un ensemble complet d&rsquo;alarmes qui avertissent les soignants si la temp\u00e9rature cutan\u00e9e du b\u00e9b\u00e9 s&rsquo;\u00e9carte du point de consigne ou si le capteur cutan\u00e9 tombe du patient.<\/p>\n<p>[\/vc_column_text][\/vc_column_inner][vc_column_inner width=\u00a0\u00bb1\/3&Prime;][vc_column_text css=\u00a0\u00bb\u00a0\u00bb]<\/p>\n<h3 style=\"text-align: center;\"><img loading=\"lazy\" decoding=\"async\" class=\"aligncenter size-full wp-image-5009\" src=\"https:\/\/www.mtts-asia.com\/wp-content\/uploads\/2014\/11\/safe.png\" alt=\"safe\" width=\"79\" height=\"79\" \/><\/h3>\n<h3 style=\"text-align: center;\">Compatible<\/h3>\n<hr \/>\n<p style=\"text-align: center;\">Le panneau de commande intuitif rend les fonctions sophistiqu\u00e9es faciles \u00e0 utiliser. Le grand \u00e9cran num\u00e9rique lumineux affiche toutes les informations essentielles concernant le patient dans un format facile \u00e0 lire.<\/p>\n<p>[\/vc_column_text][\/vc_column_inner][vc_column_inner width=\u00a0\u00bb1\/3&Prime;][vc_column_text css=\u00a0\u00bb\u00a0\u00bb]<\/p>\n<h3 style=\"text-align: center;\"><img loading=\"lazy\" decoding=\"async\" class=\"aligncenter size-full wp-image-5011\" src=\"https:\/\/www.mtts-asia.com\/wp-content\/uploads\/2014\/11\/costefficient.png\" alt=\"costefficient\" width=\"93\" height=\"80\" \/><\/h3>\n<h3 style=\"text-align: center;\">Rentable<\/h3>\n<hr \/>\n<p style=\"text-align: center;\">Otter offre des soins de qualit\u00e9 \u00e0 un prix exceptionnel. Il combine un microenvironnement riche en fonctionnalit\u00e9s avec un faible co\u00fbt initial, une faible consommation d&rsquo;\u00e9nergie et des composants \u00e0 longue dur\u00e9e de vie.<\/p>\n<p>[\/vc_column_text][\/vc_column_inner][\/vc_row_inner][vc_empty_space height=\u00a0\u00bb20px\u00a0\u00bb][\/vc_column][\/vc_row][vc_row full_width=\u00a0\u00bbstretch_row\u00a0\u00bb row_type=\u00a0\u00bbsection\u00a0\u00bb][vc_column][vc_column_text css=\u00a0\u00bb\u00a0\u00bb]<\/p>\n<h3 style=\"text-align: center;\">Sp\u00e9cifications techniques<\/h3>\n<hr \/>\n<p>[\/vc_column_text][vc_row_inner][vc_column_inner width=\u00a0\u00bb2\/3&Prime;][vc_column_text css=\u00a0\u00bb\u00a0\u00bb]\n<table id=\"tablepress-1012\" class=\"tablepress tablepress-id-1012\">\n<tbody class=\"row-striping row-hover\">\n<tr class=\"row-1\">\n\t<td class=\"column-1\"><strong>Dimensions et Poids<\/strong><\/td><td class=\"column-2\">Dimensions<\/td><td class=\"column-3\">68 cm x 36 cm x 19 cm<\/td>\n<\/tr>\n<tr class=\"row-2\">\n\t<td class=\"column-1\"><\/td><td class=\"column-2\">Poids net sans piles<\/td><td class=\"column-3\">3kg<\/td>\n<\/tr>\n<tr class=\"row-3\">\n\t<td class=\"column-1\"><\/td><td class=\"column-2\">Poids net avec piles<\/td><td class=\"column-3\">5kg<\/td>\n<\/tr>\n<tr class=\"row-4\">\n\t<td class=\"column-1\"><\/td><td class=\"column-2\">Poids d'exp\u00e9dition<\/td><td class=\"column-3\">10kg<\/td>\n<\/tr>\n<tr class=\"row-5\">\n\t<td class=\"column-1\"><\/td><td class=\"column-2\">Dimensions d'exp\u00e9dition<\/td><td class=\"column-3\">70 cm x 43 cm x 25 cm<\/td>\n<\/tr>\n<tr class=\"row-6\">\n\t<td class=\"column-1\"><strong>Sp\u00e9cifications de pe rformance<\/strong><\/td><td class=\"column-2\">Puissance nominale de l'\u00e9l\u00e9ment chauffant<\/td><td class=\"column-3\">50 W<\/td>\n<\/tr>\n<tr class=\"row-7\">\n\t<td class=\"column-1\"><\/td><td class=\"column-2\">Surface effective<\/td><td class=\"column-3\">48 cm x 18 cm<\/td>\n<\/tr>\n<tr class=\"row-8\">\n\t<td class=\"column-1\"><\/td><td class=\"column-2\">Contr\u00f4le de la temp\u00e9rature de surface<\/td><td class=\"column-3\">plage : 35 \u00b0C - 40 \u00b0C par paliers de 0,5 \u00b0C<\/td>\n<\/tr>\n<tr class=\"row-9\">\n\t<td class=\"column-1\"><\/td><td class=\"column-2\"><\/td><td class=\"column-3\">uniformit\u00e9 : < 1 \u00b0C<\/td>\n<\/tr>\n<tr class=\"row-10\">\n\t<td class=\"column-1\"><\/td><td class=\"column-2\"><\/td><td class=\"column-3\">pr\u00e9cision : \u00b11 \u00b0C<\/td>\n<\/tr>\n<tr class=\"row-11\">\n\t<td class=\"column-1\"><\/td><td class=\"column-2\">Mesure de la temp\u00e9rature de surface<\/td><td class=\"column-3\">plage : 15 \u00b0C - 42 \u00b0C<\/td>\n<\/tr>\n<tr class=\"row-12\">\n\t<td class=\"column-1\"><\/td><td class=\"column-2\"><\/td><td class=\"column-3\">pr\u00e9cision : 0.5 \u00b0C<\/td>\n<\/tr>\n<tr class=\"row-13\">\n\t<td class=\"column-1\"><\/td><td class=\"column-2\"><\/td><td class=\"column-3\">r\u00e9solution : 0,1 \u00b0C<\/td>\n<\/tr>\n<tr class=\"row-14\">\n\t<td class=\"column-1\"><\/td><td class=\"column-2\">Mesure de la temp\u00e9rature cutan\u00e9e<\/td><td class=\"column-3\">plage : 10 \u00b0C - 50 \u00b0C<\/td>\n<\/tr>\n<tr class=\"row-15\">\n\t<td class=\"column-1\"><\/td><td class=\"column-2\"><\/td><td class=\"column-3\">pr\u00e9cision : 0,3 \u00b0C (dans la plage de 30 \u00b0C \u00e0 40 \u00b0C)<\/td>\n<\/tr>\n<tr class=\"row-16\">\n\t<td class=\"column-1\"><\/td><td class=\"column-2\"><\/td><td class=\"column-3\">r\u00e9solution : 0.1 \u00b0C<\/td>\n<\/tr>\n<tr class=\"row-17\">\n\t<td class=\"column-1\"><strong>Sp\u00e9cifications environnementales<\/strong><\/td><td class=\"column-2\">Temp\u00e9rature de fonctionnement<\/td><td class=\"column-3\">15\u00b0C - 35\u00b0C<\/td>\n<\/tr>\n<tr class=\"row-18\">\n\t<td class=\"column-1\"><strong>Source de courante<\/strong><\/td><td class=\"column-2\">Tension<\/td><td class=\"column-3\">100-240V AC<\/td>\n<\/tr>\n<tr class=\"row-19\">\n\t<td class=\"column-1\"><\/td><td class=\"column-2\">Fr\u00e9quence<\/td><td class=\"column-3\">47 - 63Hz<\/td>\n<\/tr>\n<tr class=\"row-20\">\n\t<td class=\"column-1\"><\/td><td class=\"column-2\">Consommation d'\u00e9nergie<\/td><td class=\"column-3\">120 W maximum<\/td>\n<\/tr>\n<tr class=\"row-21\">\n\t<td class=\"column-1\"><\/td><td class=\"column-2\">Batterie (interne)<\/td><td class=\"column-3\">Li-ion<\/td>\n<\/tr>\n<\/tbody>\n<\/table>\n<!-- #tablepress-1012 from cache --><br \/>\n<span id=\"ordering\"> <\/span>[\/vc_column_text][\/vc_column_inner][vc_column_inner width=\u00a0\u00bb1\/3&Prime;][vc_column_text]<\/p>\n<h5><span style=\"color: #00a0c6;\">Standard warranty 1 year.<\/span><\/h5>\n<p>(Subject to MTTS policy)[\/vc_column_text][\/vc_column_inner][\/vc_row_inner][\/vc_column][\/vc_row][vc_row bg_color=\u00a0\u00bb#f8f8f8&Prime;][vc_column][vc_column_text css=\u00a0\u00bb\u00a0\u00bb]<\/p>\n<h3 style=\"text-align: center;\">Informations de commande et entretien<\/h3>\n<p>[\/vc_column_text][\/vc_column][\/vc_row][vc_row][vc_column width=\u00a0\u00bb2\/3&Prime;][vc_column_text css=\u00a0\u00bb\u00a0\u00bb]\n<table id=\"tablepress-1022\" class=\"tablepress tablepress-id-1022\">\n<tbody class=\"row-striping row-hover\">\n<tr class=\"row-1\">\n\t<td class=\"column-1\"><strong>Informations de commande<\/strong><\/td><td class=\"column-2\">Otter Unit<\/td><td class=\"column-3\"><\/td><td class=\"column-4\">OTT-1000<\/td><td class=\"column-5\">Unit\u00e9 Principale<\/td>\n<\/tr>\n<tr class=\"row-2\">\n\t<td class=\"column-1\"><\/td><td class=\"column-2\">C\u00e2ble d'alimentation secteur<\/td><td class=\"column-3\">Norme UE<\/td><td class=\"column-4\">ID 551<\/td><td class=\"column-5\"><\/td>\n<\/tr>\n<tr class=\"row-3\">\n\t<td class=\"column-1\"><\/td><td class=\"column-2\"><\/td><td class=\"column-3\">Norme US\/VN<\/td><td class=\"column-4\">ID 552<\/td><td class=\"column-5\"><\/td>\n<\/tr>\n<tr class=\"row-4\">\n\t<td class=\"column-1\"><\/td><td class=\"column-2\"><\/td><td class=\"column-3\">Norme UK<\/td><td class=\"column-4\">ID 553<\/td><td class=\"column-5\"><\/td>\n<\/tr>\n<tr class=\"row-5\">\n\t<td class=\"column-1\"><\/td><td class=\"column-2\"><\/td><td class=\"column-3\">Norme AUS<\/td><td class=\"column-4\">ID 1313<\/td><td class=\"column-5\"><\/td>\n<\/tr>\n<tr class=\"row-6\">\n\t<td class=\"column-1\"><strong>Articles optionnels<\/strong><\/td><td class=\"column-2\">Capteur de peau<\/td><td class=\"column-3\"><\/td><td class=\"column-4\">ID 1290<\/td><td class=\"column-5\"><\/td>\n<\/tr>\n<tr class=\"row-7\">\n\t<td class=\"column-1\"><\/td><td class=\"column-2\">Ruban adh\u00e9sif pour capteur de peau<\/td><td class=\"column-3\"><\/td><td class=\"column-4\">ID 1315<\/td><td class=\"column-5\">Bo\u00eete de 100 pi\u00e8ces<\/td>\n<\/tr>\n<tr class=\"row-8\">\n\t<td class=\"column-1\"><\/td><td class=\"column-2\">Clip de capteur de peau<\/td><td class=\"column-3\"><\/td><td class=\"column-4\">ID 2130<\/td><td class=\"column-5\"><\/td>\n<\/tr>\n<tr class=\"row-9\">\n\t<td class=\"column-1\"><\/td><td class=\"column-2\">Manuel de l'Utilisateur<\/td><td class=\"column-3\">FR<\/td><td class=\"column-4\"><\/td><td class=\"column-5\">Fran\u00e7ais<\/td>\n<\/tr>\n<tr class=\"row-10\">\n\t<td class=\"column-1\"><\/td><td class=\"column-2\">Guide de r\u00e9f\u00e9rence rapide<\/td><td class=\"column-3\">FR<\/td><td class=\"column-4\"><\/td><td class=\"column-5\">Fran\u00e7ais<\/td>\n<\/tr>\n<\/tbody>\n<\/table>\n<!-- #tablepress-1022 from cache -->[\/vc_column_text][\/vc_column][vc_column width=\u00a0\u00bb1\/3&Prime;][\/vc_column][\/vc_row]<\/p>\n<\/div>","protected":false},"excerpt":{"rendered":"<p>[vc_row full_width=\u00a0\u00bbstretch_row\u00a0\u00bb row_type=\u00a0\u00bbsection\u00a0\u00bb row_color=\u00a0\u00bbcolor_light\u00a0\u00bb el_class=\u00a0\u00bbpage-banner\u00a0\u00bb css=\u00a0\u00bb.vc_custom_1734574532833{background-image: url(https:\/\/www.mtts-asia.com\/wp-content\/uploads\/2014\/11\/111.jpg?id=4723) !important;background-position: center !important;background-repeat: no-repeat !important;background-size: cover !important;}\u00a0\u00bb][vc_column][vc_custom_heading source=\u00a0\u00bbpost_title\u00a0\u00bb font_container=\u00a0\u00bbtag:h2|text_align:center\u00a0\u00bb use_theme_fonts=\u00a0\u00bbyes\u00a0\u00bb css=\u00a0\u00bb\u00a0\u00bb wb_heading_type=\u00a0\u00bbheading\u00a0\u00bb][\/vc_column][\/vc_row][vc_row full_width=\u00a0\u00bbstretch_row\u00a0\u00bb row_type=\u00a0\u00bbsection\u00a0\u00bb][vc_column][vc_row_inner][vc_column_inner width=\u00a0\u00bb1\/3&Prime;][vc_single_image image=\u00a0\u00bb12836&Prime; img_size=\u00a0\u00bb500x150px\u00a0\u00bb css=\u00a0\u00bb\u00a0\u00bb][vc_column_text css=\u00a0\u00bb\u00a0\u00bb] Otter est un chauffe-b\u00e9b\u00e9 \u00e0 conduction con\u00e7u sp\u00e9cifiquement pour permettre au personnel soignant de maintenir les nouveau-n\u00e9s \u00e0 temp\u00e9rature normale lorsque le recours \u00e0 des th\u00e9rapies plus sophistiqu\u00e9es est [&hellip;]<\/p>\n","protected":false},"author":3,"featured_media":0,"parent":0,"menu_order":0,"comment_status":"closed","ping_status":"closed","template":"","meta":{"footnotes":""},"class_list":["post-13345","page","type-page","status-publish","hentry"],"jetpack_sharing_enabled":true,"_links":{"self":[{"href":"https:\/\/www.mtts-asia.com\/fr\/wp-json\/wp\/v2\/pages\/13345","targetHints":{"allow":["GET"]}}],"collection":[{"href":"https:\/\/www.mtts-asia.com\/fr\/wp-json\/wp\/v2\/pages"}],"about":[{"href":"https:\/\/www.mtts-asia.com\/fr\/wp-json\/wp\/v2\/types\/page"}],"author":[{"embeddable":true,"href":"https:\/\/www.mtts-asia.com\/fr\/wp-json\/wp\/v2\/users\/3"}],"replies":[{"embeddable":true,"href":"https:\/\/www.mtts-asia.com\/fr\/wp-json\/wp\/v2\/comments?post=13345"}],"version-history":[{"count":38,"href":"https:\/\/www.mtts-asia.com\/fr\/wp-json\/wp\/v2\/pages\/13345\/revisions"}],"predecessor-version":[{"id":14021,"href":"https:\/\/www.mtts-asia.com\/fr\/wp-json\/wp\/v2\/pages\/13345\/revisions\/14021"}],"wp:attachment":[{"href":"https:\/\/www.mtts-asia.com\/fr\/wp-json\/wp\/v2\/media?parent=13345"}],"curies":[{"name":"wp","href":"https:\/\/api.w.org\/{rel}","templated":true}]}}