{"id":7318,"date":"2020-02-17T04:56:24","date_gmt":"2020-02-17T04:56:24","guid":{"rendered":"http:\/\/mttsasia.local\/?page_id=7318"},"modified":"2025-11-25T11:54:45","modified_gmt":"2025-11-25T04:54:45","slug":"colibri-phototherapy","status":"publish","type":"page","link":"https:\/\/www.mtts-asia.com\/fr\/colibri-phototherapy\/","title":{"rendered":"Phototh\u00e9rapie Colibri"},"content":{"rendered":"<div class=\"wpb-content-wrapper\"><p>[vc_row full_width=\u00a0\u00bbstretch_row\u00a0\u00bb row_type=\u00a0\u00bbsection\u00a0\u00bb row_color=\u00a0\u00bbcolor_light\u00a0\u00bb el_class=\u00a0\u00bbpage-banner\u00a0\u00bb css=\u00a0\u00bb.vc_custom_1734574532833{background-image: url(https:\/\/www.mtts-asia.com\/wp-content\/uploads\/2014\/11\/111.jpg?id=4723) !important;background-position: center !important;background-repeat: no-repeat !important;background-size: cover !important;}\u00a0\u00bb][vc_column][vc_custom_heading source=\u00a0\u00bbpost_title\u00a0\u00bb font_container=\u00a0\u00bbtag:h2|text_align:center\u00a0\u00bb use_theme_fonts=\u00a0\u00bbyes\u00a0\u00bb css=\u00a0\u00bb\u00a0\u00bb wb_heading_type=\u00a0\u00bbheading\u00a0\u00bb][\/vc_column][\/vc_row][vc_row full_width=\u00a0\u00bbstretch_row\u00a0\u00bb row_type=\u00a0\u00bbsection\u00a0\u00bb][vc_column][vc_column_text]<\/p>\n<h3 style=\"text-align: center;\">MAINTENANT 2 HEURES DE SAUVEGARDE SUR BATTERIE INTERNE DISPONIBLE !<\/h3>\n<p>[\/vc_column_text][vc_row_inner][vc_column_inner width=\u00a0\u00bb1\/3&Prime;][vc_single_image image=\u00a0\u00bb6099&Prime; img_size=\u00a0\u00bb534x255px\u00a0\u00bb][vc_column_text]<\/p>\n<p style=\"text-align: justify;\">La phototh\u00e9rapie est le traitement le plus courant pour r\u00e9duire les niveaux \u00e9lev\u00e9s de bilirubine qui causent la jaunisse chez les nouveau-n\u00e9s. La phototh\u00e9rapie Colibri est une unit\u00e9 de phototh\u00e9rapie a\u00e9rienne peu co\u00fbteuse, performante et compacte fournissant une lumi\u00e8re de haute intensit\u00e9 pour le traitement de l&rsquo;hyperbilirubin\u00e9mie. Il comprend des lumi\u00e8res LED de longue dur\u00e9e, une surface accrue, une irradiance spectrale \u00e9lev\u00e9e, un panneau de commande intuitif, une taille compacte et des options de montage flexibles pour garantir un dosage efficace du patient et des r\u00e9sultats rapides.<br \/>\nLa phototh\u00e9rapie Colibri a \u00e9t\u00e9 con\u00e7ue pour \u00eatre utilis\u00e9e en combinaison avec tout r\u00e9chauffeur rayonnant, lit de b\u00e9b\u00e9 ou incubateur disponible sur le march\u00e9 afin de fournir un traitement de phototh\u00e9rapie efficace tout en soutenant les soins de d\u00e9veloppement. Au lieu d&rsquo;une unit\u00e9 a\u00e9rienne traditionnelle, la phototh\u00e9rapie Colibri dispose de 2 auvents qui n&rsquo;interf\u00e8rent pas avec les chauffages radiants et offrent une exposition maximale \u00e0 la lumi\u00e8re LED.<\/p>\n<p style=\"text-align: justify;\"><img loading=\"lazy\" decoding=\"async\" class=\"wp-image-5563 alignnone\" src=\"https:\/\/www.mtts-asia.com\/wp-content\/uploads\/2014\/11\/CE-Mark-with-Number1.jpg\" alt=\"CE Mark with Number\" width=\"97\" height=\"35\" \/><\/p>\n<hr \/>\n<p>[\/vc_column_text][vc_empty_space height=\u00a0\u00bb20px\u00a0\u00bb][vc_column_text css=\u00a0\u00bb\u00a0\u00bb]<img loading=\"lazy\" decoding=\"async\" class=\"alignleft size-full wp-image-4832\" src=\"https:\/\/www.mtts-asia.com\/wp-content\/uploads\/2014\/11\/Untitled-1.png\" alt=\"Untitled-1\" width=\"45\" height=\"32\" \/><\/p>\n<p>&nbsp;<\/p>\n<p>&nbsp;<\/p>\n<p><a href=\"https:\/\/www.mtts-asia.com\/wp-content\/uploads\/2025\/09\/PT-CL-MKT-01-Colibri-Brochure-1.11FR.pdf\" target=\"_blank\" rel=\"noopener noreferrer\">Brochure<\/a><\/p>\n<p><a href=\"https:\/\/www.mtts-asia.com\/wp-content\/uploads\/2025\/11\/PT-CL-MAN-01-Colibri-User-Manual-1.16FR.pdf\" target=\"_blank\" rel=\"noopener\">Manuel de l&rsquo;Utilisateur<\/a><\/p>\n<p><a href=\"https:\/\/www.mtts-asia.com\/wp-content\/uploads\/2020\/02\/PT-CL-MAN-03-Colibri-Assembly-Instructions-1.01FR.pdf\" target=\"_blank\" rel=\"noopener noreferrer\">Instructions de montage<\/a><\/p>\n<p><a href=\"https:\/\/www.mtts-asia.com\/wp-content\/uploads\/2024\/12\/PT-CL-MAN-04-Colibri-Quick-Reference-Guide-1.04FR.pdf\" target=\"_blank\" rel=\"noopener noreferrer\">Guide de r\u00e9f\u00e9rence rapide<\/a><\/p>\n<p><a title=\"User manual\" href=\"https:\/\/youtu.be\/8gqmJCqnNws\" target=\"_blank\" rel=\"noopener noreferrer\">Vid\u00e9o d\u2019assemblage<\/a>[\/vc_column_text][vc_video link=\u00a0\u00bbhttps:\/\/youtu.be\/8gqmJCqnNws\u00a0\u00bb][\/vc_column_inner][vc_column_inner width=\u00a0\u00bb2\/3&Prime;][vc_empty_space height=\u00a0\u00bb75px\u00a0\u00bb][vc_images_carousel images=\u00a0\u00bb6735,6737,6739,6741,6743&Prime; img_size=\u00a0\u00bb650&#215;650&Prime; onclick=\u00a0\u00bblink_no\u00a0\u00bb wrap=\u00a0\u00bbyes\u00a0\u00bb][\/vc_column_inner][\/vc_row_inner][vc_empty_space height=\u00a0\u00bb20px\u00a0\u00bb][vc_row_inner][vc_column_inner width=\u00a0\u00bb1\/3&Prime;][vc_column_text]<\/p>\n<p style=\"text-align: center;\"><div class=\"vc_btn3-container align-center\">\r\n<a href=\"#features\" class=\"vc_general vc_btn3 vc_btn3-size-md vc_btn3-shape-rounded vc_btn3-style-flat vc_btn3-color-wb-btn-primary\">\r\n    <span>PRINCIPALES CARACT\u00c9RISTIQUES<\/span>\r\n<\/a>\r\n<\/div>\n<p>[\/vc_column_text][\/vc_column_inner][vc_column_inner width=\u00a0\u00bb1\/3&Prime;][vc_column_text]<\/p>\n<p style=\"text-align: center;\"><div class=\"vc_btn3-container align-center\">\r\n<a href=\"#technical\" class=\"vc_general vc_btn3 vc_btn3-size-md vc_btn3-shape-rounded vc_btn3-style-flat vc_btn3-color-wb-btn-primary\">\r\n    <span>SP\u00c9CIFICATIONS TECHNIQUES<\/span>\r\n<\/a>\r\n<\/div>\n<p>[\/vc_column_text][\/vc_column_inner][vc_column_inner width=\u00a0\u00bb1\/3&Prime;][vc_column_text]<\/p>\n<p style=\"text-align: center;\"><div class=\"vc_btn3-container align-center\">\r\n<a href=\"#ordering\" class=\"vc_general vc_btn3 vc_btn3-size-md vc_btn3-shape-rounded vc_btn3-style-flat vc_btn3-color-wb-btn-primary\">\r\n    <span>COMMANDE ET ENTRETIEN<\/span>\r\n<\/a>\r\n<\/div>\n<p>[\/vc_column_text][\/vc_column_inner][\/vc_row_inner][vc_empty_space height=\u00a0\u00bb20px\u00a0\u00bb][\/vc_column][\/vc_row][vc_row full_width=\u00a0\u00bbstretch_row\u00a0\u00bb row_type=\u00a0\u00bbsection\u00a0\u00bb bg_color=\u00a0\u00bb#f8f8f8&Prime; css=\u00a0\u00bb.vc_custom_1734595290188{background-color: #f8f8f8 !important;}\u00a0\u00bb][vc_column][vc_row_inner][vc_column_inner width=\u00a0\u00bb1\/3&Prime;][vc_column_text]<\/p>\n<h4 style=\"text-align: center;\"><strong><img loading=\"lazy\" decoding=\"async\" class=\"aligncenter wp-image-4799 size-full\" src=\"https:\/\/www.mtts-asia.com\/wp-content\/uploads\/2014\/11\/QUALITY.png\" alt=\"\" width=\"69\" height=\"80\" \/><\/strong><\/h4>\n<h3 style=\"text-align: center;\">Qualit\u00e9<\/h3>\n<hr \/>\n<p style=\"text-align: center;\">La phototh\u00e9rapie Colibri est une LED haute puissance qui d\u00e9livre une lumi\u00e8re bleue \u00e0 440-460 nm, le pic de spectre lumineux optimal pour traiter la jaunisse. Ils sont positionn\u00e9s pour offrir une excellente uniformit\u00e9 de la lumi\u00e8re sur une grande surface, permettant une couverture compl\u00e8te de la peau du patient et un dosage efficace.<\/p>\n<p>[\/vc_column_text][\/vc_column_inner][vc_column_inner width=\u00a0\u00bb1\/3&Prime;][vc_column_text]<\/p>\n<h4><img loading=\"lazy\" decoding=\"async\" class=\"aligncenter wp-image-4800 size-full\" src=\"https:\/\/www.mtts-asia.com\/wp-content\/uploads\/2014\/11\/INNOVATION.png\" alt=\"\" width=\"80\" height=\"80\" \/><\/h4>\n<h3 style=\"text-align: center;\">Innovation<\/h3>\n<hr \/>\n<p style=\"text-align: center;\">L&rsquo;innovation cl\u00e9 de Colibri Phototherapy est d&rsquo;utiliser des LED bleues \u00e0 haute intensit\u00e9 et de permettre la th\u00e9rapie avec d&rsquo;autres appareils sans perdre l&rsquo;exposition du patient \u00e0 la source de lumi\u00e8re. Aucun ajustement n&rsquo;est n\u00e9cessaire lorsque Colibri est utilis\u00e9 avec un radiateur chauffant.<\/p>\n<p>[\/vc_column_text][\/vc_column_inner][vc_column_inner width=\u00a0\u00bb1\/3&Prime;][vc_column_text]<\/p>\n<h4 style=\"text-align: center;\"><img loading=\"lazy\" decoding=\"async\" class=\"aligncenter wp-image-4801 size-full\" src=\"https:\/\/www.mtts-asia.com\/wp-content\/uploads\/2014\/11\/CARE.png\" alt=\"\" width=\"49\" height=\"80\" \/><\/h4>\n<h3 style=\"text-align: center;\">Se soucier<\/h3>\n<hr \/>\n<p style=\"text-align: center;\">Con\u00e7ue en pensant \u00e0 la fonctionnalit\u00e9 et aux performances, la phototh\u00e9rapie Colibri dispose d&rsquo;un mode intensif pour une diffusion accrue de la lumi\u00e8re th\u00e9rapeutique. Sa conception peu encombrante permet aux professionnels de la sant\u00e9 d&rsquo;acc\u00e9der aux patients pendant les proc\u00e9dures tout en d\u00e9livrant un traitement de phototh\u00e9rapie constant.<\/p>\n<p>[\/vc_column_text][\/vc_column_inner][\/vc_row_inner][\/vc_column][\/vc_row][vc_row full_width=\u00a0\u00bbstretch_row\u00a0\u00bb row_type=\u00a0\u00bbsection\u00a0\u00bb][vc_column][vc_column_text]<\/p>\n<h3 style=\"text-align: center;\">Principales caract\u00e9ristiques<\/h3>\n<hr \/>\n<p>[\/vc_column_text][vc_row_inner][vc_column_inner width=\u00a0\u00bb1\/2&Prime;][vc_column_text]<span style=\"color: #00a0c6;\"><strong>Vue d\u2019ensemble<\/strong><\/span><br \/>\nS\u00e9lection utilisateur modes \u00abstandard\u00bb et \u00abintensif\u00bb<br \/>\nUtilisable sur des nouveaux-n\u00e9s pr\u00e9matur\u00e9s ou n\u00e9s \u00e0 terme<br \/>\nCompatible avec tous types chau age radiant, lit d&rsquo;enfant ou incubateur disponible sur le march\u00e9<br \/>\nAucune partie amovible, aucun ventilateur interne<\/p>\n<p><span style=\"color: #00a0c6;\"><strong>Lumi\u00e8res DEL<\/strong><\/span><br \/>\nSpectre de lumi\u00e8re optimal pour le traitement des jaunisses<br \/>\nAjustement en hauteur maximise l\u2019exposition sur une surface large de la peau<\/p>\n<p><span style=\"color: #00a0c6;\"><strong>Source de courant<\/strong><\/span><br \/>\nSource\u00a0de courant conforme aux exigences m\u00e9dicales<br \/>\nConnecteur \u00e0 3 broches pour une mise \u00e0 la terre s\u00fbre (Classe I)<br \/>\nFusible pour protection \u00e9lectrique<br \/>\nBatterie de secours optionnelle de 2h ou 12h<\/p>\n<p><span style=\"color: #00a0c6;\"><strong>Contr\u00f4les<\/strong><\/span><br \/>\nBouton marche \/ arr\u00eat<br \/>\nBouton de commande permettant de basculer du mode normal au mode intensif<\/p>\n<p><span style=\"color: #00a0c6;\"><strong>Ecran\/Indicateurs<\/strong><\/span><br \/>\nBrillance, \u00e9cran DEL lisible \u00ab\u00e0 travers la pi\u00e8ce\u00bb<br \/>\nCompteur de la dur\u00e9e du traitement<br \/>\nCompteur de l&rsquo;utilisation totale du syst\u00e8me (dur\u00e9e de vie)<br \/>\nCompteur de l&rsquo;utilisation du syst\u00e8me en mode intensif (dur\u00e9e de vie)<br \/>\nMode indicateur standard \/ intensif<\/p>\n<p><span style=\"color: #00a0c6;\"><strong>Support\/ Pied<\/strong><\/span><br \/>\nHauteur ajustable (115-140cm de la source de lumi\u00e8re) pour s\u2019adapter \u00e0 tous types de hauteur de lits<br \/>\nRoues avec syst\u00e8me de freins[\/vc_column_text][\/vc_column_inner][vc_column_inner width=\u00a0\u00bb1\/2&Prime;][vc_single_image image=\u00a0\u00bb6036&Prime; img_size=\u00a0\u00bb500x710px\u00a0\u00bb][\/vc_column_inner][\/vc_row_inner][\/vc_column][\/vc_row][vc_row full_width=\u00a0\u00bbstretch_row\u00a0\u00bb row_type=\u00a0\u00bbsection\u00a0\u00bb bg_color=\u00a0\u00bb#f8f8f8&Prime; css=\u00a0\u00bb.vc_custom_1734595314556{background-color: #f8f8f8 !important;}\u00a0\u00bb][vc_column][vc_row_inner][vc_column_inner width=\u00a0\u00bb1\/3&Prime;][vc_column_text]<\/p>\n<h3 style=\"text-align: center;\"><img loading=\"lazy\" decoding=\"async\" class=\"aligncenter wp-image-5017 size-full\" src=\"https:\/\/www.mtts-asia.com\/wp-content\/uploads\/2014\/11\/baby.png\" alt=\"\" width=\"89\" height=\"80\" \/><\/h3>\n<h3 style=\"text-align: center;\">Facile \u00e0 utiliser<\/h3>\n<hr \/>\n<p style=\"text-align: center;\">La phototh\u00e9rapie Colibri dispose d&rsquo;un grand \u00e9cran LED lumineux et facile \u00e0 lire qui fournit une indication claire de l&rsquo;utilisation de la lampe et du temps de traitement. Ses roues pivotantes durables permettent \u00e0 Colibri de se positionner rapidement pour un apport pr\u00e9cis de lumi\u00e8re th\u00e9rapeutique et de se d\u00e9placer facilement pour l&rsquo;\u00e9valuation et les soins du patient.<\/p>\n<p>[\/vc_column_text][\/vc_column_inner][vc_column_inner width=\u00a0\u00bb1\/3&Prime;][vc_column_text]<\/p>\n<h3 style=\"text-align: center;\"><img loading=\"lazy\" decoding=\"async\" class=\"aligncenter size-full wp-image-5009\" src=\"https:\/\/www.mtts-asia.com\/wp-content\/uploads\/2014\/11\/safe.png\" alt=\"safe\" width=\"79\" height=\"79\" \/><\/h3>\n<h3 style=\"text-align: center;\">Compatible<\/h3>\n<hr \/>\n<p style=\"text-align: center;\">Le support de phototh\u00e9rapie Colibri peut \u00eatre r\u00e9gl\u00e9 \u00e0 la hauteur la plus efficace pour s&rsquo;adapter \u00e0 diff\u00e9rents lits et autres \u00e9quipements. L&rsquo;unit\u00e9 d&rsquo;\u00e9clairage couvre une grande surface et peut \u00eatre plac\u00e9e sur n&rsquo;importe quel incubateur ou radiateur sans qu&rsquo;il soit n\u00e9cessaire de l&rsquo;incliner.<\/p>\n<p>[\/vc_column_text][\/vc_column_inner][vc_column_inner width=\u00a0\u00bb1\/3&Prime;][vc_column_text]<\/p>\n<h3 style=\"text-align: center;\"><img loading=\"lazy\" decoding=\"async\" class=\"aligncenter size-full wp-image-5011\" src=\"https:\/\/www.mtts-asia.com\/wp-content\/uploads\/2014\/11\/costefficient.png\" alt=\"costefficient\" width=\"93\" height=\"80\" \/><\/h3>\n<h3 style=\"text-align: center;\">Rentable<\/h3>\n<hr \/>\n<p style=\"text-align: center;\">Colibri Phototherapy est un appareil de phototh\u00e9rapie abordable qui combine une efficacit\u00e9 clinique \u00e9prouv\u00e9e dans la gestion de l&rsquo;ict\u00e8re avec une consommation \u00e9lectrique minimale. Les LED haute puissance fournissent jusqu&rsquo;\u00e0 60 000 heures de luminoth\u00e9rapie.<\/p>\n<p>[\/vc_column_text][\/vc_column_inner][\/vc_row_inner][vc_empty_space height=\u00a0\u00bb20px\u00a0\u00bb][\/vc_column][\/vc_row][vc_row full_width=\u00a0\u00bbstretch_row\u00a0\u00bb row_type=\u00a0\u00bbsection\u00a0\u00bb][vc_column][vc_empty_space height=\u00a0\u00bb20px\u00a0\u00bb][vc_column_text]<\/p>\n<h3 style=\"text-align: center;\">Sp\u00e9cifications techniques<\/h3>\n<hr \/>\n<p>[\/vc_column_text][vc_row_inner][vc_column_inner width=\u00a0\u00bb2\/3&Prime;][vc_column_text]\n<table id=\"tablepress-0112\" class=\"tablepress tablepress-id-0112\">\n<tbody class=\"row-striping row-hover\">\n<tr class=\"row-1\">\n\t<td class=\"column-1\"><strong>Dimensions et poids<\/strong><\/td><td class=\"column-2\">Dim. de l'unit\u00e9 (hauteur max)<\/td><td class=\"column-3\">69.5 cm x 60.2 cm x 155 cm<\/td>\n<\/tr>\n<tr class=\"row-2\">\n\t<td class=\"column-1\"><\/td><td class=\"column-2\">Dim. de l'unit\u00e9 (hauteur min)<\/td><td class=\"column-3\">60 cm x 55 cm x 130 cm<\/td>\n<\/tr>\n<tr class=\"row-3\">\n\t<td class=\"column-1\"><\/td><td class=\"column-2\">Dim. d'exp\u00e9dition (bo\u00eete)<\/td><td class=\"column-3\">26 cm x 65 cm x 108 cm<\/td>\n<\/tr>\n<tr class=\"row-4\">\n\t<td class=\"column-1\"><\/td><td class=\"column-2\">R\u00e9glage de la hauteur<\/td><td class=\"column-3\">25 cm<\/td>\n<\/tr>\n<tr class=\"row-5\">\n\t<td class=\"column-1\"><\/td><td class=\"column-2\">Poids net<\/td><td class=\"column-3\">16 kg<\/td>\n<\/tr>\n<tr class=\"row-6\">\n\t<td class=\"column-1\"><\/td><td class=\"column-2\">Poids exp\u00e9dition<\/td><td class=\"column-3\">23.5 kg<\/td>\n<\/tr>\n<tr class=\"row-7\">\n\t<td class=\"column-1\"><strong>Sp\u00e9cifications de performance<\/strong><\/td><td class=\"column-2\">Longueur d\u2019onde maximale<\/td><td class=\"column-3\">465 - 485 nm<\/td>\n<\/tr>\n<tr class=\"row-8\">\n\t<td class=\"column-1\"><\/td><td class=\"column-2\">Dur\u00e9e de la lampe<\/td><td class=\"column-3\">60 000 heures<\/td>\n<\/tr>\n<tr class=\"row-9\">\n\t<td class=\"column-1\"><\/td><td class=\"column-2\">Irradiance spectrale totale<\/td><td class=\"column-3\">Mode Normal > 37.0 \u00b5W.cm-2.nm-1<br \/>\nMode Intensif > 53.0 \u00b5W.cm-2.nm-1<br \/>\n<\/td>\n<\/tr>\n<tr class=\"row-10\">\n\t<td class=\"column-1\"><\/td><td class=\"column-2\">Surface utile<\/td><td class=\"column-3\">50 cm x 30 cm<\/td>\n<\/tr>\n<tr class=\"row-11\">\n\t<td class=\"column-1\"><\/td><td class=\"column-2\">Quotient d\u2019irradiation uniforme<\/td><td class=\"column-3\">Mode Normal: 0.59 (Conforme IEC > 0.4)<br \/>\nMode Intensif: 0.60 (Conforme IEC > 0.4)<\/td>\n<\/tr>\n<tr class=\"row-12\">\n\t<td class=\"column-1\"><strong>Sp\u00e9cifications \u00e9lectriques<\/strong><\/td><td class=\"column-2\">Caract\u00e9ristiques de puissance<\/td><td class=\"column-3\">60W, 100-240VAC, 47\/63Hz<\/td>\n<\/tr>\n<tr class=\"row-13\">\n\t<td class=\"column-1\"><\/td><td class=\"column-2\">COTS External PS<\/td><td class=\"column-3\">Approbations internationales de s\u00e9curit\u00e9 m\u00e9dicale<\/td>\n<\/tr>\n<tr class=\"row-14\">\n\t<td class=\"column-1\"><\/td><td class=\"column-2\"><\/td><td class=\"column-3\">ANSI\/AAMI\/EN 60601-1, UL\/TUV<\/td>\n<\/tr>\n<tr class=\"row-15\">\n\t<td class=\"column-1\"><\/td><td class=\"column-2\"><\/td><td class=\"column-3\">Class I standard (terre requise)<\/td>\n<\/tr>\n<tr class=\"row-16\">\n\t<td class=\"column-1\"><\/td><td class=\"column-2\"><\/td><td class=\"column-3\">100k heures MTBF<\/td>\n<\/tr>\n<tr class=\"row-17\">\n\t<td class=\"column-1\"><\/td><td class=\"column-2\"><\/td><td class=\"column-3\">Niveau d'efficacit\u00e9 \u00e9nerg\u00e9tique conforme au niveau V<\/td>\n<\/tr>\n<tr class=\"row-18\">\n\t<td class=\"column-1\"><\/td><td class=\"column-2\"><\/td><td class=\"column-3\">Conforme RoHS 2<\/td>\n<\/tr>\n<tr class=\"row-19\">\n\t<td class=\"column-1\"><\/td><td class=\"column-2\"><\/td><td class=\"column-3\">Protection survoltage\/ surcourant<\/td>\n<\/tr>\n<tr class=\"row-20\">\n\t<td class=\"column-1\"><strong>ESp\u00e9cifications environnementales<\/strong><\/td><td class=\"column-2\">Operation<\/td><td class=\"column-3\">Temp\u00e9rature ambiante: +10\u00b0C to +40\u00b0C<\/td>\n<\/tr>\n<tr class=\"row-21\">\n\t<td class=\"column-1\"><\/td><td class=\"column-2\"><\/td><td class=\"column-3\">Humidit\u00e9: 0% to 90% RH sans condensation<\/td>\n<\/tr>\n<tr class=\"row-22\">\n\t<td class=\"column-1\"><\/td><td class=\"column-2\"><\/td><td class=\"column-3\">Pression atmosph\u00e9rique: 70-106kPa<\/td>\n<\/tr>\n<tr class=\"row-23\">\n\t<td class=\"column-1\"><\/td><td class=\"column-2\">Transport et stockage<\/td><td class=\"column-3\">Temp\u00e9rature ambiante: 0\u00b0C to +50\u00b0C<\/td>\n<\/tr>\n<tr class=\"row-24\">\n\t<td class=\"column-1\"><\/td><td class=\"column-2\"><\/td><td class=\"column-3\">Humidit\u00e9: 0% to 90% RH sans condensation<\/td>\n<\/tr>\n<tr class=\"row-25\">\n\t<td class=\"column-1\"><\/td><td class=\"column-2\"><\/td><td class=\"column-3\">Pression atmosph\u00e9rique: 70-106kPa<\/td>\n<\/tr>\n<tr class=\"row-26\">\n\t<td class=\"column-1\"><\/td><td class=\"column-2\">Les exclusions<\/td><td class=\"column-3\">N\u2019existe<\/td>\n<\/tr>\n<tr class=\"row-27\">\n\t<td class=\"column-1\"><strong>Normes de r\u00e9f\u00e9rence<\/strong><\/td><td class=\"column-2\">EN ISO 15223-1:2016<\/td><td class=\"column-3\"><\/td>\n<\/tr>\n<tr class=\"row-28\">\n\t<td class=\"column-1\"><\/td><td class=\"column-2\">EN ISO 20417:2021<\/td><td class=\"column-3\"><\/td>\n<\/tr>\n<tr class=\"row-29\">\n\t<td class=\"column-1\"><\/td><td class=\"column-2\">EN ISO 13485:2016+A11:2021<\/td><td class=\"column-3\"><\/td>\n<\/tr>\n<tr class=\"row-30\">\n\t<td class=\"column-1\"><\/td><td class=\"column-2\">EN ISO 14971:2019+A11:2021<\/td><td class=\"column-3\"><\/td>\n<\/tr>\n<tr class=\"row-31\">\n\t<td class=\"column-1\"><\/td><td class=\"column-2\">ISO TR 24971:2020<\/td><td class=\"column-3\"><\/td>\n<\/tr>\n<tr class=\"row-32\">\n\t<td class=\"column-1\"><\/td><td class=\"column-2\">EN 60601-1-2:2015+A1:2021<\/td><td class=\"column-3\"><\/td>\n<\/tr>\n<tr class=\"row-33\">\n\t<td class=\"column-1\"><\/td><td class=\"column-2\">EN 60601-1-6:2010+A1+A2:2021<\/td><td class=\"column-3\"><\/td>\n<\/tr>\n<tr class=\"row-34\">\n\t<td class=\"column-1\"><\/td><td class=\"column-2\">EN IEC 60601-2-50:2021<\/td><td class=\"column-3\"><\/td>\n<\/tr>\n<tr class=\"row-35\">\n\t<td class=\"column-1\"><\/td><td class=\"column-2\">EN 60601-1:2006+A1+A12+A2:2021<\/td><td class=\"column-3\"><\/td>\n<\/tr>\n<tr class=\"row-36\">\n\t<td class=\"column-1\"><\/td><td class=\"column-2\">MEDDEV. 2.7.1 Rev.4<\/td><td class=\"column-3\"><\/td>\n<\/tr>\n<tr class=\"row-37\">\n\t<td class=\"column-1\"><\/td><td class=\"column-2\">MEDDEV 2.12-1 Rev. 8<\/td><td class=\"column-3\"><\/td>\n<\/tr>\n<tr class=\"row-38\">\n\t<td class=\"column-1\"><\/td><td class=\"column-2\">MEDDEV. 2.12-2 Rev.2<\/td><td class=\"column-3\"><\/td>\n<\/tr>\n<tr class=\"row-39\">\n\t<td class=\"column-1\"><\/td><td class=\"column-2\">ROHS 2015\/863\/EU<\/td><td class=\"column-3\"><\/td>\n<\/tr>\n<tr class=\"row-40\">\n\t<td class=\"column-1\"><\/td><td class=\"column-2\">WEEE 2012\/19\/EU<\/td><td class=\"column-3\"><\/td>\n<\/tr>\n<\/tbody>\n<\/table>\n<!-- #tablepress-0112 from cache --><br \/>\n<span id=\"ordering\"> <\/span>[\/vc_column_text][\/vc_column_inner][vc_column_inner width=\u00a0\u00bb1\/3&Prime;][vc_column_text]<\/p>\n<h5><span style=\"color: #00a0c6;\">Garantie Standard: 1 an.<\/span><\/h5>\n<p>(Sous r\u00e9serve des conditions de garanties de MTTS)[\/vc_column_text][\/vc_column_inner][\/vc_row_inner][\/vc_column][\/vc_row][vc_row bg_color=\u00a0\u00bb#f8f8f8&Prime;][vc_column][vc_column_text]<\/p>\n<h3 style=\"text-align: center;\">Informations de commande et entretien<\/h3>\n<p>[\/vc_column_text][\/vc_column][\/vc_row][vc_row][vc_column][vc_column_text]\n<table id=\"tablepress-0122\" class=\"tablepress tablepress-id-0122\">\n<tbody class=\"row-striping row-hover\">\n<tr class=\"row-1\">\n\t<td class=\"column-1\"><strong>Informations de commande<\/strong><\/td><td class=\"column-2\">Phototh\u00e9rapie Colibri<\/td><td class=\"column-3\">CL1-1000<\/td><td class=\"column-4\">Unit\u00e9 Principale<\/td>\n<\/tr>\n<tr class=\"row-2\">\n\t<td class=\"column-1\"><strong>Articles optionnels<\/strong><\/td><td class=\"column-2\">Batterie de secours<\/td><td class=\"column-3\">ID 1494<\/td><td class=\"column-4\">Interne - 2h<\/td>\n<\/tr>\n<tr class=\"row-3\">\n\t<td class=\"column-1\"><\/td><td class=\"column-2\">Photom\u00e8tre<\/td><td class=\"column-3\">LM-800<\/td><td class=\"column-4\"><\/td>\n<\/tr>\n<tr class=\"row-4\">\n\t<td class=\"column-1\"><\/td><td class=\"column-2\">Patchs pour les yeux <\/td><td class=\"column-3\">ID 564\/5\/6<\/td><td class=\"column-4\">S, M, L<\/td>\n<\/tr>\n<tr class=\"row-5\">\n\t<td class=\"column-1\"><\/td><td class=\"column-2\">C\u00e2ble d'alimentation secteur<\/td><td class=\"column-3\">ID 551<\/td><td class=\"column-4\">Norme UE<\/td>\n<\/tr>\n<tr class=\"row-6\">\n\t<td class=\"column-1\"><\/td><td class=\"column-2\"><\/td><td class=\"column-3\">ID 552<\/td><td class=\"column-4\">Norme US\/VN<\/td>\n<\/tr>\n<tr class=\"row-7\">\n\t<td class=\"column-1\"><\/td><td class=\"column-2\"><\/td><td class=\"column-3\">ID 553<\/td><td class=\"column-4\">Norme UK<\/td>\n<\/tr>\n<tr class=\"row-8\">\n\t<td class=\"column-1\"><\/td><td class=\"column-2\"><\/td><td class=\"column-3\">ID 1313<\/td><td class=\"column-4\">Norme AUS<\/td>\n<\/tr>\n<tr class=\"row-9\">\n\t<td class=\"column-1\"><\/td><td class=\"column-2\">Manuel de l\u2019Utilisateur<\/td><td class=\"column-3\"><\/td><td class=\"column-4\">Fran\u00e7ais<\/td>\n<\/tr>\n<tr class=\"row-10\">\n\t<td class=\"column-1\"><\/td><td class=\"column-2\">Instructions de montage<\/td><td class=\"column-3\"><\/td><td class=\"column-4\">Fran\u00e7ais<\/td>\n<\/tr>\n<tr class=\"row-11\">\n\t<td class=\"column-1\"><\/td><td class=\"column-2\">Guide de r\u00e9f\u00e9rence rapide<\/td><td class=\"column-3\"><\/td><td class=\"column-4\">Fran\u00e7ais<\/td>\n<\/tr>\n<\/tbody>\n<\/table>\n<!-- #tablepress-0122 from cache -->[\/vc_column_text][\/vc_column][\/vc_row]<\/p>\n<\/div>","protected":false},"excerpt":{"rendered":"<p>[vc_row full_width=\u00a0\u00bbstretch_row\u00a0\u00bb row_type=\u00a0\u00bbsection\u00a0\u00bb row_color=\u00a0\u00bbcolor_light\u00a0\u00bb el_class=\u00a0\u00bbpage-banner\u00a0\u00bb css=\u00a0\u00bb.vc_custom_1734574532833{background-image: url(https:\/\/www.mtts-asia.com\/wp-content\/uploads\/2014\/11\/111.jpg?id=4723) !important;background-position: center !important;background-repeat: no-repeat !important;background-size: cover !important;}\u00a0\u00bb][vc_column][vc_custom_heading source=\u00a0\u00bbpost_title\u00a0\u00bb font_container=\u00a0\u00bbtag:h2|text_align:center\u00a0\u00bb use_theme_fonts=\u00a0\u00bbyes\u00a0\u00bb css=\u00a0\u00bb\u00a0\u00bb wb_heading_type=\u00a0\u00bbheading\u00a0\u00bb][\/vc_column][\/vc_row][vc_row full_width=\u00a0\u00bbstretch_row\u00a0\u00bb row_type=\u00a0\u00bbsection\u00a0\u00bb][vc_column][vc_column_text] MAINTENANT 2 HEURES DE SAUVEGARDE SUR BATTERIE INTERNE DISPONIBLE ! [\/vc_column_text][vc_row_inner][vc_column_inner width=\u00a0\u00bb1\/3&Prime;][vc_single_image image=\u00a0\u00bb6099&Prime; img_size=\u00a0\u00bb534x255px\u00a0\u00bb][vc_column_text] La phototh\u00e9rapie est le traitement le plus courant pour r\u00e9duire les niveaux \u00e9lev\u00e9s de bilirubine qui causent la jaunisse chez [&hellip;]<\/p>\n","protected":false},"author":3,"featured_media":0,"parent":0,"menu_order":0,"comment_status":"closed","ping_status":"closed","template":"","meta":{"footnotes":""},"class_list":["post-7318","page","type-page","status-publish","hentry"],"jetpack_sharing_enabled":true,"_links":{"self":[{"href":"https:\/\/www.mtts-asia.com\/fr\/wp-json\/wp\/v2\/pages\/7318","targetHints":{"allow":["GET"]}}],"collection":[{"href":"https:\/\/www.mtts-asia.com\/fr\/wp-json\/wp\/v2\/pages"}],"about":[{"href":"https:\/\/www.mtts-asia.com\/fr\/wp-json\/wp\/v2\/types\/page"}],"author":[{"embeddable":true,"href":"https:\/\/www.mtts-asia.com\/fr\/wp-json\/wp\/v2\/users\/3"}],"replies":[{"embeddable":true,"href":"https:\/\/www.mtts-asia.com\/fr\/wp-json\/wp\/v2\/comments?post=7318"}],"version-history":[{"count":5,"href":"https:\/\/www.mtts-asia.com\/fr\/wp-json\/wp\/v2\/pages\/7318\/revisions"}],"predecessor-version":[{"id":13616,"href":"https:\/\/www.mtts-asia.com\/fr\/wp-json\/wp\/v2\/pages\/7318\/revisions\/13616"}],"wp:attachment":[{"href":"https:\/\/www.mtts-asia.com\/fr\/wp-json\/wp\/v2\/media?parent=7318"}],"curies":[{"name":"wp","href":"https:\/\/api.w.org\/{rel}","templated":true}]}}