{"id":7327,"date":"2020-02-17T04:58:18","date_gmt":"2020-02-17T04:58:18","guid":{"rendered":"http:\/\/mttsasia.local\/?page_id=7327"},"modified":"2025-11-25T11:20:57","modified_gmt":"2025-11-25T04:20:57","slug":"firefly-phototherapy","status":"publish","type":"page","link":"https:\/\/www.mtts-asia.com\/fr\/firefly-phototherapy\/","title":{"rendered":"Phototh\u00e9rapie Firefly"},"content":{"rendered":"<div class=\"wpb-content-wrapper\"><p>[vc_row full_width=\u00a0\u00bbstretch_row\u00a0\u00bb row_type=\u00a0\u00bbsection\u00a0\u00bb row_color=\u00a0\u00bbcolor_light\u00a0\u00bb el_class=\u00a0\u00bbpage-banner\u00a0\u00bb css=\u00a0\u00bb.vc_custom_1734574532833{background-image: url(https:\/\/www.mtts-asia.com\/wp-content\/uploads\/2014\/11\/111.jpg?id=4723) !important;background-position: center !important;background-repeat: no-repeat !important;background-size: cover !important;}\u00a0\u00bb][vc_column][vc_custom_heading source=\u00a0\u00bbpost_title\u00a0\u00bb font_container=\u00a0\u00bbtag:h2|text_align:center\u00a0\u00bb use_theme_fonts=\u00a0\u00bbyes\u00a0\u00bb css=\u00a0\u00bb\u00a0\u00bb wb_heading_type=\u00a0\u00bbheading\u00a0\u00bb][\/vc_column][\/vc_row][vc_row full_width=\u00a0\u00bbstretch_row\u00a0\u00bb row_type=\u00a0\u00bbsection\u00a0\u00bb][vc_column][vc_column_text]<\/p>\n<h3 style=\"text-align: center;\">MAINTENANT 2 HEURES DE SAUVEGARDE SUR BATTERIE INTERNE DISPONIBLE !<\/h3>\n<p>[\/vc_column_text][vc_row_inner][vc_column_inner width=\u00a0\u00bb1\/3&Prime;][vc_single_image image=\u00a0\u00bb6094&Prime; img_size=\u00a0\u00bb838x307px\u00a0\u00bb][vc_column_text]<\/p>\n<p style=\"text-align: justify;\">Le MTTS Firefly est un appareil de phototh\u00e9rapie de pointe con\u00e7u pour un traitement efficace de l&rsquo;ict\u00e8re n\u00e9onatal. D\u00e9velopp\u00e9e en collaboration avec Design that Matters (Massachusetts, \u00c9tats-Unis) et East Meets West Foundation (Californie, \u00c9tats-Unis), la machine pr\u00e9sente un design intuitif, un \u00e9clairage double face, une taille compacte, un panneau de commande convivial et un berceau amovible pour un seul enfant . Firefly est con\u00e7u pour traiter l&rsquo;ict\u00e8re du nouveau-n\u00e9 dans la chambre de la m\u00e8re &#8211; la meilleure fa\u00e7on de favoriser le lien m\u00e8re-enfant et l&rsquo;allaitement.<br \/>\nLes \u00e9valuations cliniques indiquent que la conception \u00e0 double face de Firefly r\u00e9duit le temps de traitement total de 40% sur un patient typique par rapport \u00e0 la phototh\u00e9rapie \u00e0 LED simple face, permettant une sortie plus pr\u00e9coce de l&rsquo;h\u00f4pital, r\u00e9duisant l&rsquo;incidence des infections n\u00e9onatales et lib\u00e9rant des ressources pour traiter plus de nourrissons.<\/p>\n<p><img loading=\"lazy\" decoding=\"async\" class=\"alignleft size-full wp-image-5563\" src=\"https:\/\/www.mtts-asia.com\/wp-content\/uploads\/2014\/11\/CE-Mark-with-Number1.jpg\" alt=\"CE Mark with Number\" width=\"97\" height=\"35\" \/><strong><br \/>\n<\/strong><\/p>\n<p>&nbsp;<\/p>\n<hr \/>\n<p>[\/vc_column_text][vc_empty_space height=\u00a0\u00bb20px\u00a0\u00bb][vc_column_text css=\u00a0\u00bb\u00a0\u00bb]<img loading=\"lazy\" decoding=\"async\" class=\"alignleft size-full wp-image-4832\" src=\"https:\/\/www.mtts-asia.com\/wp-content\/uploads\/2014\/11\/Untitled-1.png\" alt=\"Untitled-1\" width=\"45\" height=\"32\" \/><\/p>\n<p>&nbsp;<\/p>\n<p>&nbsp;<\/p>\n<p><a title=\"FIREFLY Brochure\" href=\"https:\/\/www.mtts-asia.com\/wp-content\/uploads\/2025\/09\/PT-FF-MKT-01-Firefly-Brochure-2-11FR.pdf\" target=\"_blank\" rel=\"noopener noreferrer\">Brochure<\/a><\/p>\n<p><a href=\"https:\/\/www.mtts-asia.com\/wp-content\/uploads\/2025\/11\/PT-FF-MAN-01-FF-User-Manual-1.18FR.pdf\" target=\"_blank\" rel=\"noopener noreferrer\">Manuel de l&rsquo;Utilisateur<\/a><\/p>\n<p><a href=\"https:\/\/www.mtts-asia.com\/wp-content\/uploads\/2024\/12\/PT-FF-MAN-03-Firefly-Quick-Reference-Guide-1.04FR.pdf\" target=\"_blank\" rel=\"noopener noreferrer\">Guide de r\u00e9f\u00e9rence rapide<\/a><\/p>\n<p><a title=\"Video\" href=\"https:\/\/youtu.be\/BZ5fAOLPlTg\" target=\"_blank\" rel=\"noopener noreferrer\">Didacticiel vid\u00e9o<\/a>[\/vc_column_text][vc_video link=\u00a0\u00bbhttps:\/\/www.youtube.com\/watch?v=BZ5fAOLPlTg\u00a0\u00bb][\/vc_column_inner][vc_column_inner width=\u00a0\u00bb2\/3&Prime;][vc_empty_space height=\u00a0\u00bb75px\u00a0\u00bb][vc_images_carousel images=\u00a0\u00bb5178,5055,5058,5057,5059,5062,5063,5061,8324,8320,8332&Prime; img_size=\u00a0\u00bbfull\u00a0\u00bb onclick=\u00a0\u00bblink_no\u00a0\u00bb wrap=\u00a0\u00bbyes\u00a0\u00bb][vc_column_text css=\u00a0\u00bb\u00a0\u00bb]<\/p>\n<h5><strong>Maintenant avec de nouveaux articles suppl\u00e9mentaires :<\/strong><\/h5>\n<h5><strong>&#8211; Matelas en gel transparent<\/strong><\/h5>\n<p>[\/vc_column_text][vc_single_image image=\u00a0\u00bb8324&Prime; img_size=\u00a0\u00bb350x150px\u00a0\u00bb][vc_column_text]<\/p>\n<h5><strong>&#8211; Chariot de transport<\/strong><\/h5>\n<p>[\/vc_column_text][vc_single_image image=\u00a0\u00bb8320&Prime; img_size=\u00a0\u00bb350x265px\u00a0\u00bb][\/vc_column_inner][\/vc_row_inner][vc_empty_space height=\u00a0\u00bb20px\u00a0\u00bb][vc_row_inner][vc_column_inner width=\u00a0\u00bb1\/3&Prime;][vc_column_text]<\/p>\n<p style=\"text-align: center;\"><div class=\"vc_btn3-container align-center\">\r\n<a href=\"#features\" class=\"vc_general vc_btn3 vc_btn3-size-md vc_btn3-shape-rounded vc_btn3-style-flat vc_btn3-color-wb-btn-primary\">\r\n    <span>PRINCIPALES CARACT\u00c9RISTIQUES<\/span>\r\n<\/a>\r\n<\/div>\n<p>[\/vc_column_text][\/vc_column_inner][vc_column_inner width=\u00a0\u00bb1\/3&Prime;][vc_column_text]<\/p>\n<p style=\"text-align: center;\"><div class=\"vc_btn3-container align-center\">\r\n<a href=\"#technical\" class=\"vc_general vc_btn3 vc_btn3-size-md vc_btn3-shape-rounded vc_btn3-style-flat vc_btn3-color-wb-btn-primary\">\r\n    <span>SP\u00c9CIFICATIONS TECHNIQUES<\/span>\r\n<\/a>\r\n<\/div>\n<p>[\/vc_column_text][\/vc_column_inner][vc_column_inner width=\u00a0\u00bb1\/3&Prime;][vc_column_text]<\/p>\n<p style=\"text-align: center;\"><div class=\"vc_btn3-container align-center\">\r\n<a href=\"#ordering\" class=\"vc_general vc_btn3 vc_btn3-size-md vc_btn3-shape-rounded vc_btn3-style-flat vc_btn3-color-wb-btn-primary\">\r\n    <span>COMMANDE ET ENTRETIEN<\/span>\r\n<\/a>\r\n<\/div>\n<p>[\/vc_column_text][\/vc_column_inner][\/vc_row_inner][vc_empty_space height=\u00a0\u00bb20px\u00a0\u00bb][\/vc_column][\/vc_row][vc_row full_width=\u00a0\u00bbstretch_row\u00a0\u00bb row_type=\u00a0\u00bbsection\u00a0\u00bb bg_color=\u00a0\u00bb#f8f8f8&Prime; css=\u00a0\u00bb.vc_custom_1734594463554{background-color: #f8f8f8 !important;}\u00a0\u00bb][vc_column][vc_row_inner][vc_column_inner width=\u00a0\u00bb1\/3&Prime;][vc_column_text]<\/p>\n<h4 style=\"text-align: center;\"><strong><img loading=\"lazy\" decoding=\"async\" class=\"aligncenter wp-image-4799 size-full\" src=\"https:\/\/www.mtts-asia.com\/wp-content\/uploads\/2014\/11\/QUALITY.png\" alt=\"\" width=\"69\" height=\"80\" \/><\/strong><\/h4>\n<h3 style=\"text-align: center;\">Qualit\u00e9<\/h3>\n<hr \/>\n<p style=\"text-align: center;\">Le Firefly a \u00e9t\u00e9 con\u00e7u gr\u00e2ce \u00e0 un partenariat entre MTTS, Design that Matters (Massachusetts, \u00c9tats-Unis) et East Meets West Foundation (Californie, \u00c9tats-Unis).<\/p>\n<p>[\/vc_column_text][\/vc_column_inner][vc_column_inner width=\u00a0\u00bb1\/3&Prime;][vc_column_text]<\/p>\n<h4><img loading=\"lazy\" decoding=\"async\" class=\"aligncenter wp-image-4800 size-full\" src=\"https:\/\/www.mtts-asia.com\/wp-content\/uploads\/2014\/11\/INNOVATION.png\" alt=\"\" width=\"80\" height=\"80\" \/><\/h4>\n<h3 style=\"text-align: center;\">Innovation<\/h3>\n<hr \/>\n<p style=\"text-align: center;\">L&rsquo;innovation cl\u00e9 de Firefly consiste \u00e0 utiliser la phototh\u00e9rapie sup\u00e9rieure et inf\u00e9rieure avec des LED haute puissance \u00e0 longue dur\u00e9e de vie, offrant un traitement intensif dans un bo\u00eetier compact.<\/p>\n<p>[\/vc_column_text][\/vc_column_inner][vc_column_inner width=\u00a0\u00bb1\/3&Prime;][vc_column_text]<\/p>\n<h4 style=\"text-align: center;\"><img loading=\"lazy\" decoding=\"async\" class=\"aligncenter wp-image-4801 size-full\" src=\"https:\/\/www.mtts-asia.com\/wp-content\/uploads\/2014\/11\/CARE.png\" alt=\"\" width=\"49\" height=\"80\" \/><\/h4>\n<h3 style=\"text-align: center;\">Se soucier<\/h3>\n<hr \/>\n<p style=\"text-align: center;\">Le Firefly peut \u00eatre install\u00e9 directement dans la salle de r\u00e9veil de la m\u00e8re, favorisant ainsi le lien m\u00e8re-enfant, l&rsquo;allaitement r\u00e9gulier et une surveillance maternelle \u00e9troite.<\/p>\n<p>[\/vc_column_text][\/vc_column_inner][\/vc_row_inner][\/vc_column][\/vc_row][vc_row full_width=\u00a0\u00bbstretch_row\u00a0\u00bb row_type=\u00a0\u00bbsection\u00a0\u00bb][vc_column][vc_column_text]<\/p>\n<h3 style=\"text-align: center;\">Principales caract\u00e9ristiques<\/h3>\n<hr \/>\n<p>[\/vc_column_text][vc_row_inner][vc_column_inner width=\u00a0\u00bb1\/2&Prime;][vc_column_text]<span style=\"color: #00a0c6;\"><strong>Vue d\u2019ensemble<\/strong><\/span><br \/>\nForme compacte permettant l\u2019usage sur le lit maternel ou sur le lit b\u00e9b\u00e9<br \/>\nLes poign\u00e9es facilitent le transport<br \/>\nLes coutures serr\u00e9es \u00e9vitent l\u2019accumulation de salet\u00e9s<br \/>\nSurfaces incurv\u00e9es pour un nettoyage facile<br \/>\nScell\u00e9 pour \u00e9viter les insectes, la poussi\u00e8re et les fluides<br \/>\nAucune pi\u00e8ce amovible, aucun ventilateur interne<br \/>\nBatterie de secours optionnelle de 2h ou 12h<\/p>\n<p><span style=\"color: #00a0c6;\"><strong>1. Lumi\u00e8re du haut<\/strong><\/span><br \/>\nDEL positionn\u00e9es \u00e0 la hauteur la plus cliniquement efficace<br \/>\nForme mince pour une meilleure observation du patient<br \/>\nDessus incurv\u00e9 pour pr\u00e9venir le placement d\u2019objet<br \/>\nBord doux pour prot\u00e9ger l\u2019enfant lors de son installation<\/p>\n<p><span style=\"color: #00a0c6;\"><strong>2. Lumi\u00e8re du bas<\/strong><\/span><br \/>\nPlastique \u00e0 parois \u00e9paisses et durables<br \/>\nLe fond dirige la chaleur vers le bord arri\u00e8re de l\u2019appareil<\/p>\n<p><span style=\"color: #00a0c6;\"><strong>3. Berceau<\/strong><\/span><br \/>\nAmovible lors du transport du patient ou lors d\u2019examen<br \/>\nPoign\u00e9es confortables autour du berceau<br \/>\nSurface lisse pour un nettoyage rapide<br \/>\nPlastique transparent anti-rayures facilitant la vue du patient<\/p>\n<p><span style=\"color: #00a0c6;\"><strong>4. Panneau de contr\u00f4le<\/strong><\/span><br \/>\nUn seul bouton pour contr\u00f4ler les 2 lumi\u00e8res<br \/>\nUn seul r\u00e9glage d\u2019intensit\u00e9 de la lumi\u00e8re<br \/>\nAffichage nombre d\u2019heure de traitement et d\u2019utilisation de l\u2019\u00e9quipement[\/vc_column_text][\/vc_column_inner][vc_column_inner width=\u00a0\u00bb1\/2&Prime;][vc_single_image image=\u00a0\u00bb5072&Prime; img_size=\u00a0\u00bb750x630px\u00a0\u00bb][\/vc_column_inner][\/vc_row_inner][\/vc_column][\/vc_row][vc_row full_width=\u00a0\u00bbstretch_row\u00a0\u00bb row_type=\u00a0\u00bbsection\u00a0\u00bb bg_color=\u00a0\u00bb#f8f8f8&Prime; css=\u00a0\u00bb.vc_custom_1734594483844{background-color: #f8f8f8 !important;}\u00a0\u00bb][vc_column][vc_row_inner][vc_column_inner width=\u00a0\u00bb1\/3&Prime;][vc_column_text]<\/p>\n<h3 style=\"text-align: center;\"><img loading=\"lazy\" decoding=\"async\" class=\"aligncenter wp-image-5017 size-full\" src=\"https:\/\/www.mtts-asia.com\/wp-content\/uploads\/2014\/11\/baby.png\" alt=\"\" width=\"89\" height=\"80\" \/><\/h3>\n<h3 style=\"text-align: center;\">Efficace<\/h3>\n<hr \/>\n<p style=\"text-align: center;\">Le Firefly fournit une sortie lumineuse \u00e0 haute intensit\u00e9 dans un ensemble intuitif. Le toplight est fix\u00e9 \u00e0 la hauteur la plus efficace pour une distribution pr\u00e9cise de la phototh\u00e9rapie.<\/p>\n<p>[\/vc_column_text][\/vc_column_inner][vc_column_inner width=\u00a0\u00bb1\/3&Prime;][vc_column_text]<\/p>\n<h3 style=\"text-align: center;\"><img loading=\"lazy\" decoding=\"async\" class=\"aligncenter size-full wp-image-5009\" src=\"https:\/\/www.mtts-asia.com\/wp-content\/uploads\/2014\/11\/safe.png\" alt=\"safe\" width=\"79\" height=\"79\" \/><\/h3>\n<h3 style=\"text-align: center;\">Compact<\/h3>\n<hr \/>\n<p style=\"text-align: center;\">La forme compacte rend le Firefly apte \u00e0 \u00eatre utilis\u00e9 dans la chambre de la m\u00e8re, m\u00eame dans les milieux de soins n\u00e9onatals \u00e0 espace restreint, favorisant un environnement de gu\u00e9rison centr\u00e9 sur la famille.<\/p>\n<p>[\/vc_column_text][\/vc_column_inner][vc_column_inner width=\u00a0\u00bb1\/3&Prime;][vc_column_text]<\/p>\n<h3 style=\"text-align: center;\"><img loading=\"lazy\" decoding=\"async\" class=\"aligncenter size-full wp-image-5011\" src=\"https:\/\/www.mtts-asia.com\/wp-content\/uploads\/2014\/11\/costefficient.png\" alt=\"costefficient\" width=\"93\" height=\"80\" \/><\/h3>\n<h3 style=\"text-align: center;\">Rentable<\/h3>\n<hr \/>\n<p style=\"text-align: center;\">Le Firefly combine un faible co\u00fbt initial avec des LED \u00e0 longue dur\u00e9e de vie qui fonctionnent avec seulement 30 watts et sont con\u00e7ues pour durer jusqu&rsquo;\u00e0 60 000 heures avant de n\u00e9cessiter un remplacement.<\/p>\n<p>[\/vc_column_text][\/vc_column_inner][\/vc_row_inner][vc_empty_space height=\u00a0\u00bb20px\u00a0\u00bb][\/vc_column][\/vc_row][vc_row full_width=\u00a0\u00bbstretch_row\u00a0\u00bb row_type=\u00a0\u00bbsection\u00a0\u00bb][vc_column][vc_column_text]<\/p>\n<h3 style=\"text-align: center;\">Sp\u00e9cifications techniques<\/h3>\n<hr \/>\n<p>[\/vc_column_text][vc_row_inner][vc_column_inner width=\u00a0\u00bb2\/3&Prime;][vc_column_text]\n<table id=\"tablepress-0312\" class=\"tablepress tablepress-id-0312\">\n<tbody class=\"row-striping row-hover\">\n<tr class=\"row-1\">\n\t<td class=\"column-1\"><strong>Dimensions et poids<\/strong><\/td><td class=\"column-2\">Dimensions unit\u00e9 (enti\u00e9re)<\/td><td class=\"column-3\">66 cm x 38 cm x 49.5 cm<\/td>\n<\/tr>\n<tr class=\"row-2\">\n\t<td class=\"column-1\"><\/td><td class=\"column-2\">Dimensions lumi\u00e8re du dessus<\/td><td class=\"column-3\">51.6 cm x 12.5 cm x 6.3 cm<\/td>\n<\/tr>\n<tr class=\"row-3\">\n\t<td class=\"column-1\"><\/td><td class=\"column-2\">Dimensions lumi\u00e8re du bas<\/td><td class=\"column-3\">64.7 cm x 38 cm x 10 cm<\/td>\n<\/tr>\n<tr class=\"row-4\">\n\t<td class=\"column-1\"><\/td><td class=\"column-2\">Dimensions pour exp\u00e9dition (boite)<\/td><td class=\"column-3\">45 cm x 73 cm x 55 cm<\/td>\n<\/tr>\n<tr class=\"row-5\">\n\t<td class=\"column-1\"><\/td><td class=\"column-2\">Poids net<\/td><td class=\"column-3\">13kg<\/td>\n<\/tr>\n<tr class=\"row-6\">\n\t<td class=\"column-1\"><\/td><td class=\"column-2\">Poids exp\u00e9dition<\/td><td class=\"column-3\">17kg<\/td>\n<\/tr>\n<tr class=\"row-7\">\n\t<td class=\"column-1\"><strong>Sp\u00e9cifications de performance<\/strong><\/td><td class=\"column-2\">Pic de la longueur d\u2019onde<\/td><td class=\"column-3\">465 \u00e0 485 nm<\/td>\n<\/tr>\n<tr class=\"row-8\">\n\t<td class=\"column-1\"><\/td><td class=\"column-2\">Dur\u00e9e de la lampe<\/td><td class=\"column-3\">60,000 heures<\/td>\n<\/tr>\n<tr class=\"row-9\">\n\t<td class=\"column-1\"><\/td><td class=\"column-2\">Irradiance spectrale moyenne<\/td><td class=\"column-3\">lumi\u00e8re haut - 40.0  \u00b5W.cm-2.nm-1<\/td>\n<\/tr>\n<tr class=\"row-10\">\n\t<td class=\"column-1\"><\/td><td class=\"column-2\"><\/td><td class=\"column-3\">lumi\u00e8re bas - 66.0  \u00b5W.cm-2.nm-1<\/td>\n<\/tr>\n<tr class=\"row-11\">\n\t<td class=\"column-1\"><\/td><td class=\"column-2\">Surface utile<\/td><td class=\"column-3\">lumi\u00e8re haut - 48 cm x 20 cm<\/td>\n<\/tr>\n<tr class=\"row-12\">\n\t<td class=\"column-1\"><\/td><td class=\"column-2\"><\/td><td class=\"column-3\">lumi\u00e8re bas - 48 cm x 20 cm<\/td>\n<\/tr>\n<tr class=\"row-13\">\n\t<td class=\"column-1\"><\/td><td class=\"column-2\">Ratio d\u2019uniformit\u00e9 d\u2019irradiance<\/td><td class=\"column-3\">lumi\u00e8re haut - 0.63 (IEC Conforme> --> 0.4)<\/td>\n<\/tr>\n<tr class=\"row-14\">\n\t<td class=\"column-1\"><\/td><td class=\"column-2\"><\/td><td class=\"column-3\">lumi\u00e8re bas - 0.64 (IEC Conforme> --> 0.4)<\/td>\n<\/tr>\n<tr class=\"row-15\">\n\t<td class=\"column-1\"><strong> Sp\u00e9cifications \u00e9lectriques<\/strong><\/td><td class=\"column-2\">Caract\u00e9ristiques de puissance<\/td><td class=\"column-3\">60W, 100-240VAC, 47\/63Hz<\/td>\n<\/tr>\n<tr class=\"row-16\">\n\t<td class=\"column-1\"><\/td><td class=\"column-2\">COTS External PS<\/td><td class=\"column-3\">Approbations internationales de s\u00e9curit\u00e9 m\u00e9dicale<\/td>\n<\/tr>\n<tr class=\"row-17\">\n\t<td class=\"column-1\"><\/td><td class=\"column-2\"><\/td><td class=\"column-3\">ANSI\/AAMI\/EN 60601-1, UL\/TUV<\/td>\n<\/tr>\n<tr class=\"row-18\">\n\t<td class=\"column-1\"><\/td><td class=\"column-2\"><\/td><td class=\"column-3\">Class I standard (terre requise)<\/td>\n<\/tr>\n<tr class=\"row-19\">\n\t<td class=\"column-1\"><\/td><td class=\"column-2\"><\/td><td class=\"column-3\">100k heures MTBF<\/td>\n<\/tr>\n<tr class=\"row-20\">\n\t<td class=\"column-1\"><\/td><td class=\"column-2\"><\/td><td class=\"column-3\">Niveau d'efficacit\u00e9 \u00e9nerg\u00e9tique conforme au niveau V<\/td>\n<\/tr>\n<tr class=\"row-21\">\n\t<td class=\"column-1\"><\/td><td class=\"column-2\"><\/td><td class=\"column-3\">Conforme RoHS 2<\/td>\n<\/tr>\n<tr class=\"row-22\">\n\t<td class=\"column-1\"><\/td><td class=\"column-2\"><\/td><td class=\"column-3\">Protection survoltage\/ surcourant<\/td>\n<\/tr>\n<tr class=\"row-23\">\n\t<td class=\"column-1\"><strong> Sp\u00e9cifications environnementales<\/strong><\/td><td class=\"column-2\">Operation<\/td><td class=\"column-3\">Temp\u00e9rature ambiante: +10\u00b0C to +35\u00b0C<\/td>\n<\/tr>\n<tr class=\"row-24\">\n\t<td class=\"column-1\"><\/td><td class=\"column-2\"><\/td><td class=\"column-3\">Humidit\u00e9: 0% to 90% RH sans condensation<\/td>\n<\/tr>\n<tr class=\"row-25\">\n\t<td class=\"column-1\"><\/td><td class=\"column-2\"><\/td><td class=\"column-3\">Pression atmosph\u00e9rique: 70-106kPa<\/td>\n<\/tr>\n<tr class=\"row-26\">\n\t<td class=\"column-1\"><\/td><td class=\"column-2\"><\/td><td class=\"column-3\">Joint: IPX3<\/td>\n<\/tr>\n<tr class=\"row-27\">\n\t<td class=\"column-1\"><\/td><td class=\"column-2\">Transport et stockage<\/td><td class=\"column-3\">Temp\u00e9rature ambiante: 0\u00b0C to +50\u00b0C<\/td>\n<\/tr>\n<tr class=\"row-28\">\n\t<td class=\"column-1\"><\/td><td class=\"column-2\"><\/td><td class=\"column-3\">Humidit\u00e9: 0% to 90% RH sans condensation<\/td>\n<\/tr>\n<tr class=\"row-29\">\n\t<td class=\"column-1\"><\/td><td class=\"column-2\"><\/td><td class=\"column-3\">Pression atmosph\u00e9rique: 70-106kPa<\/td>\n<\/tr>\n<tr class=\"row-30\">\n\t<td class=\"column-1\"><\/td><td class=\"column-2\">Les exclusions<\/td><td class=\"column-3\">Ne pas utiliser dans un incubateur<\/td>\n<\/tr>\n<tr class=\"row-31\">\n\t<td class=\"column-1\"><\/td><td class=\"column-2\"><\/td><td class=\"column-3\">Ne pas utiliser \u00e0 l'int\u00e9rieur d'un radiateur rayonnant<\/td>\n<\/tr>\n<tr class=\"row-32\">\n\t<td class=\"column-1\"><strong> Normes de r\u00e9f\u00e9rence<\/strong><\/td><td class=\"column-2\">EN 60601-1:2006 + A1:2013<\/td><td class=\"column-3\"><\/td>\n<\/tr>\n<tr class=\"row-33\">\n\t<td class=\"column-1\"><\/td><td class=\"column-2\">EN 60601-1-2:2015<\/td><td class=\"column-3\"><\/td>\n<\/tr>\n<tr class=\"row-34\">\n\t<td class=\"column-1\"><\/td><td class=\"column-2\">EN 60601-2-50: 2009<\/td><td class=\"column-3\"><\/td>\n<\/tr>\n<tr class=\"row-35\">\n\t<td class=\"column-1\"><\/td><td class=\"column-2\">EN 60601-1-6:2010<\/td><td class=\"column-3\"><\/td>\n<\/tr>\n<tr class=\"row-36\">\n\t<td class=\"column-1\"><strong> Tests de biocompatibilit\u00e9<\/strong><\/td><td class=\"column-2\"><\/td><td class=\"column-3\"><\/td>\n<\/tr>\n<tr class=\"row-37\">\n\t<td class=\"column-1\"><\/td><td class=\"column-2\">ISO: 10993-Part 10<\/td><td class=\"column-3\">Sensibilisation cutan\u00e9e<\/td>\n<\/tr>\n<tr class=\"row-38\">\n\t<td class=\"column-1\"><\/td><td class=\"column-2\">ISO 10993-Part 5<\/td><td class=\"column-3\">Contact direct de cytotoxicit\u00e9<\/td>\n<\/tr>\n<tr class=\"row-39\">\n\t<td class=\"column-1\"><\/td><td class=\"column-2\">ISO:10993-Part 10<\/td><td class=\"column-3\">Irritation cutan\u00e9e primaire<\/td>\n<\/tr>\n<\/tbody>\n<\/table>\n<!-- #tablepress-0312 from cache --><br \/>\n<span id=\"ordering\"> <\/span>[\/vc_column_text][\/vc_column_inner][vc_column_inner width=\u00a0\u00bb1\/3&Prime;][vc_column_text]<\/p>\n<h5><span style=\"color: #00a0c6;\">Garantie Standard: 1 an.<\/span><\/h5>\n<p>(Sous r\u00e9serve des conditions de garanties de MTTS)[\/vc_column_text][\/vc_column_inner][\/vc_row_inner][\/vc_column][\/vc_row][vc_row bg_color=\u00a0\u00bb#f8f8f8&Prime;][vc_column][vc_column_text]<\/p>\n<h3 style=\"text-align: center;\">Informations de commande et entretien<\/h3>\n<p>[\/vc_column_text][\/vc_column][\/vc_row][vc_row][vc_column width=\u00a0\u00bb2\/3&Prime;][vc_column_text]\n<table id=\"tablepress-0322\" class=\"tablepress tablepress-id-0322\">\n<tbody class=\"row-striping row-hover\">\n<tr class=\"row-1\">\n\t<td class=\"column-1\"><strong>Informations pour les commandes<\/strong><\/td><td class=\"column-2\">Firefly Unit<\/td><td class=\"column-3\">FF1-1000<\/td><td class=\"column-4\">Unit\u00e9 Principale<\/td>\n<\/tr>\n<tr class=\"row-2\">\n\t<td class=\"column-1\"><\/td><td class=\"column-2\">Berceau<\/td><td class=\"column-3\">ID 108<\/td><td class=\"column-4\"><\/td>\n<\/tr>\n<tr class=\"row-3\">\n\t<td class=\"column-1\"><\/td><td class=\"column-2\">Matelas en gel<\/td><td class=\"column-3\">ID 1525<\/td><td class=\"column-4\"><\/td>\n<\/tr>\n<tr class=\"row-4\">\n\t<td class=\"column-1\"><strong>Articles optionnels<\/strong><\/td><td class=\"column-2\">Batterie de secours<\/td><td class=\"column-3\">ID 1494<\/td><td class=\"column-4\">Interne- 2h<\/td>\n<\/tr>\n<tr class=\"row-5\">\n\t<td class=\"column-1\"><\/td><td class=\"column-2\">Chariot<\/td><td class=\"column-3\">ID 1462<\/td><td class=\"column-4\"><\/td>\n<\/tr>\n<tr class=\"row-6\">\n\t<td class=\"column-1\"><\/td><td class=\"column-2\">Lot de patchs pour les yeux (5 pi\u00e8ces)<\/td><td class=\"column-3\">ID 564\/5\/6<\/td><td class=\"column-4\">S, M, L<\/td>\n<\/tr>\n<tr class=\"row-7\">\n\t<td class=\"column-1\"><\/td><td class=\"column-2\">C\u00e2ble d'alimentation secteur<\/td><td class=\"column-3\">ID 551<\/td><td class=\"column-4\">Norme UE<\/td>\n<\/tr>\n<tr class=\"row-8\">\n\t<td class=\"column-1\"><\/td><td class=\"column-2\"><\/td><td class=\"column-3\">ID 552<\/td><td class=\"column-4\">Norme US\/VN<\/td>\n<\/tr>\n<tr class=\"row-9\">\n\t<td class=\"column-1\"><\/td><td class=\"column-2\"><\/td><td class=\"column-3\">ID 553<\/td><td class=\"column-4\">Norme UK<\/td>\n<\/tr>\n<tr class=\"row-10\">\n\t<td class=\"column-1\"><\/td><td class=\"column-2\"><\/td><td class=\"column-3\">ID 1313<\/td><td class=\"column-4\">Norme AUS<\/td>\n<\/tr>\n<tr class=\"row-11\">\n\t<td class=\"column-1\"><\/td><td class=\"column-2\">Manuel de l\u2019Utilisateur<\/td><td class=\"column-3\"><\/td><td class=\"column-4\">Fran\u00e7ais<\/td>\n<\/tr>\n<tr class=\"row-12\">\n\t<td class=\"column-1\"><\/td><td class=\"column-2\">Guide de r\u00e9f\u00e9rence rapide<\/td><td class=\"column-3\"><\/td><td class=\"column-4\">Fran\u00e7ais<\/td>\n<\/tr>\n<\/tbody>\n<\/table>\n<!-- #tablepress-0322 from cache --><span id=\"ordering\"> <\/span>[\/vc_column_text][\/vc_column][vc_column width=\u00a0\u00bb1\/3&Prime;][\/vc_column][\/vc_row]<\/p>\n<\/div>","protected":false},"excerpt":{"rendered":"<p>[vc_row full_width=\u00a0\u00bbstretch_row\u00a0\u00bb row_type=\u00a0\u00bbsection\u00a0\u00bb row_color=\u00a0\u00bbcolor_light\u00a0\u00bb el_class=\u00a0\u00bbpage-banner\u00a0\u00bb css=\u00a0\u00bb.vc_custom_1734574532833{background-image: url(https:\/\/www.mtts-asia.com\/wp-content\/uploads\/2014\/11\/111.jpg?id=4723) !important;background-position: center !important;background-repeat: no-repeat !important;background-size: cover !important;}\u00a0\u00bb][vc_column][vc_custom_heading source=\u00a0\u00bbpost_title\u00a0\u00bb font_container=\u00a0\u00bbtag:h2|text_align:center\u00a0\u00bb use_theme_fonts=\u00a0\u00bbyes\u00a0\u00bb css=\u00a0\u00bb\u00a0\u00bb wb_heading_type=\u00a0\u00bbheading\u00a0\u00bb][\/vc_column][\/vc_row][vc_row full_width=\u00a0\u00bbstretch_row\u00a0\u00bb row_type=\u00a0\u00bbsection\u00a0\u00bb][vc_column][vc_column_text] MAINTENANT 2 HEURES DE SAUVEGARDE SUR BATTERIE INTERNE DISPONIBLE ! [\/vc_column_text][vc_row_inner][vc_column_inner width=\u00a0\u00bb1\/3&Prime;][vc_single_image image=\u00a0\u00bb6094&Prime; img_size=\u00a0\u00bb838x307px\u00a0\u00bb][vc_column_text] Le MTTS Firefly est un appareil de phototh\u00e9rapie de pointe con\u00e7u pour un traitement efficace de l&rsquo;ict\u00e8re n\u00e9onatal. D\u00e9velopp\u00e9e en [&hellip;]<\/p>\n","protected":false},"author":3,"featured_media":0,"parent":0,"menu_order":0,"comment_status":"closed","ping_status":"closed","template":"","meta":{"footnotes":""},"class_list":["post-7327","page","type-page","status-publish","hentry"],"jetpack_sharing_enabled":true,"_links":{"self":[{"href":"https:\/\/www.mtts-asia.com\/fr\/wp-json\/wp\/v2\/pages\/7327","targetHints":{"allow":["GET"]}}],"collection":[{"href":"https:\/\/www.mtts-asia.com\/fr\/wp-json\/wp\/v2\/pages"}],"about":[{"href":"https:\/\/www.mtts-asia.com\/fr\/wp-json\/wp\/v2\/types\/page"}],"author":[{"embeddable":true,"href":"https:\/\/www.mtts-asia.com\/fr\/wp-json\/wp\/v2\/users\/3"}],"replies":[{"embeddable":true,"href":"https:\/\/www.mtts-asia.com\/fr\/wp-json\/wp\/v2\/comments?post=7327"}],"version-history":[{"count":5,"href":"https:\/\/www.mtts-asia.com\/fr\/wp-json\/wp\/v2\/pages\/7327\/revisions"}],"predecessor-version":[{"id":13585,"href":"https:\/\/www.mtts-asia.com\/fr\/wp-json\/wp\/v2\/pages\/7327\/revisions\/13585"}],"wp:attachment":[{"href":"https:\/\/www.mtts-asia.com\/fr\/wp-json\/wp\/v2\/media?parent=7327"}],"curies":[{"name":"wp","href":"https:\/\/api.w.org\/{rel}","templated":true}]}}