{"id":7331,"date":"2020-02-17T04:58:56","date_gmt":"2020-02-17T04:58:56","guid":{"rendered":"http:\/\/mttsasia.local\/?page_id=7331"},"modified":"2024-12-19T15:53:09","modified_gmt":"2024-12-19T08:53:09","slug":"hand-sanitizer","status":"publish","type":"page","link":"https:\/\/www.mtts-asia.com\/fr\/hand-sanitizer\/","title":{"rendered":"D\u00e9sinfectant pour les mains"},"content":{"rendered":"<div class=\"wpb-content-wrapper\"><p>[vc_row full_width=\u00a0\u00bbstretch_row\u00a0\u00bb row_type=\u00a0\u00bbsection\u00a0\u00bb row_color=\u00a0\u00bbcolor_light\u00a0\u00bb el_class=\u00a0\u00bbpage-banner\u00a0\u00bb css=\u00a0\u00bb.vc_custom_1734574532833{background-image: url(https:\/\/www.mtts-asia.com\/wp-content\/uploads\/2014\/11\/111.jpg?id=4723) !important;background-position: center !important;background-repeat: no-repeat !important;background-size: cover !important;}\u00a0\u00bb][vc_column][vc_custom_heading source=\u00a0\u00bbpost_title\u00a0\u00bb font_container=\u00a0\u00bbtag:h2|text_align:center\u00a0\u00bb use_theme_fonts=\u00a0\u00bbyes\u00a0\u00bb css=\u00a0\u00bb\u00a0\u00bb wb_heading_type=\u00a0\u00bbheading\u00a0\u00bb][\/vc_column][\/vc_row][vc_row full_width=\u00a0\u00bbstretch_row\u00a0\u00bb row_type=\u00a0\u00bbsection\u00a0\u00bb][vc_column][vc_row_inner][vc_column_inner width=\u00a0\u00bb1\/3&Prime;][vc_column_text]<\/p>\n<p style=\"text-align: justify;\">L&rsquo;infection associ\u00e9e aux soins de sant\u00e9 est un probl\u00e8me majeur pour la s\u00e9curit\u00e9 des patients et impr\u00e8gne tous les \u00e9tablissements et syst\u00e8mes de soins de sant\u00e9 du monde entier. Le non-respect de l&rsquo;hygi\u00e8ne des mains appropri\u00e9e est consid\u00e9r\u00e9 comme la principale cause de HCAI et de propagation d&rsquo;organismes multir\u00e9sistants. Sa pr\u00e9vention doit \u00eatre une priorit\u00e9 absolue dans tous les milieux de soins n\u00e9onatals.<\/p>\n<p style=\"text-align: justify;\">LAVO est un d\u00e9sinfectant pour les mains de nouvelle g\u00e9n\u00e9ration qui offre une pr\u00e9vention \u00e9prouv\u00e9e contre un large \u00e9ventail de micro-organismes.<\/p>\n<hr \/>\n<p>[\/vc_column_text][vc_empty_space height=\u00a0\u00bb20px\u00a0\u00bb][vc_column_text]<img loading=\"lazy\" decoding=\"async\" class=\"alignleft size-full wp-image-4832\" src=\"https:\/\/www.mtts-asia.com\/wp-content\/uploads\/2014\/11\/Untitled-1.png\" alt=\"Untitled-1\" width=\"45\" height=\"32\" \/><\/p>\n<p>&nbsp;<\/p>\n<p>&nbsp;<\/p>\n<p><a title=\"OPTIMA Hand Sanitizer Brochure\" href=\"https:\/\/www.mtts-asia.com\/wp-content\/uploads\/2020\/07\/HS-LV-MKT-01-Hand-Sanitizer-LAVO-Brochure-4.01FR.pdf\" target=\"_blank\" rel=\"noopener noreferrer\">Brochure<\/a>[\/vc_column_text][\/vc_column_inner][vc_column_inner width=\u00a0\u00bb2\/3&Prime;][vc_images_carousel images=\u00a0\u00bb8143&Prime; img_size=\u00a0\u00bbfull\u00a0\u00bb onclick=\u00a0\u00bblink_no\u00a0\u00bb wrap=\u00a0\u00bbyes\u00a0\u00bb][\/vc_column_inner][\/vc_row_inner][vc_empty_space height=\u00a0\u00bb20px\u00a0\u00bb][vc_row_inner][vc_column_inner width=\u00a0\u00bb1\/3&Prime;][vc_column_text]<\/p>\n<p style=\"text-align: center;\"><div class=\"vc_btn3-container align-center\">\r\n<a href=\"#features\" class=\"vc_general vc_btn3 vc_btn3-size-md vc_btn3-shape-rounded vc_btn3-style-flat vc_btn3-color-wb-btn-primary\">\r\n    <span>PRINCIPALES CARACT\u00c9RISTIQUES<\/span>\r\n<\/a>\r\n<\/div>\n<p>[\/vc_column_text][\/vc_column_inner][vc_column_inner width=\u00a0\u00bb1\/3&Prime;][vc_column_text]<\/p>\n<p style=\"text-align: center;\"><div class=\"vc_btn3-container align-center\">\r\n<a href=\"#technical\" class=\"vc_general vc_btn3 vc_btn3-size-md vc_btn3-shape-rounded vc_btn3-style-flat vc_btn3-color-wb-btn-primary\">\r\n    <span>SP\u00c9CIFICATIONS TECHNIQUES<\/span>\r\n<\/a>\r\n<\/div>\n<p>[\/vc_column_text][\/vc_column_inner][vc_column_inner width=\u00a0\u00bb1\/3&Prime;][vc_column_text]<\/p>\n<p style=\"text-align: center;\"><div class=\"vc_btn3-container align-center\">\r\n<a href=\"#ordering\" class=\"vc_general vc_btn3 vc_btn3-size-md vc_btn3-shape-rounded vc_btn3-style-flat vc_btn3-color-wb-btn-primary\">\r\n    <span>COMMANDE<\/span>\r\n<\/a>\r\n<\/div>\n<p>[\/vc_column_text][\/vc_column_inner][\/vc_row_inner][vc_empty_space height=\u00a0\u00bb20px\u00a0\u00bb][\/vc_column][\/vc_row][vc_row full_width=\u00a0\u00bbstretch_row\u00a0\u00bb row_type=\u00a0\u00bbsection\u00a0\u00bb bg_color=\u00a0\u00bb#f8f8f8&Prime; css=\u00a0\u00bb.vc_custom_1734598354072{background-color: #f8f8f8 !important;}\u00a0\u00bb][vc_column][vc_row_inner][vc_column_inner width=\u00a0\u00bb1\/3&Prime;][vc_column_text]<\/p>\n<h4 style=\"text-align: center;\"><strong><img loading=\"lazy\" decoding=\"async\" class=\"aligncenter wp-image-4799 size-full\" src=\"https:\/\/www.mtts-asia.com\/wp-content\/uploads\/2014\/11\/QUALITY.png\" alt=\"\" width=\"69\" height=\"80\" \/><\/strong><\/h4>\n<h3 style=\"text-align: center;\">Qualit\u00e9<\/h3>\n<hr \/>\n<p style=\"text-align: center;\">LAVO a plusieurs utilisations pour la pr\u00e9vention des infections, notamment: la d\u00e9sinfection des mains; d\u00e9sinfection de la peau; nettoyage de surface des meubles, des murs et des gros \u00e9quipements; et d\u00e9sinfection des surfaces de petits \u00e9quipements tels que les st\u00e9thoscopes et les thermom\u00e8tres.<\/p>\n<p>[\/vc_column_text][\/vc_column_inner][vc_column_inner width=\u00a0\u00bb1\/3&Prime;][vc_column_text]<\/p>\n<h4><img loading=\"lazy\" decoding=\"async\" class=\"aligncenter wp-image-4800 size-full\" src=\"https:\/\/www.mtts-asia.com\/wp-content\/uploads\/2014\/11\/INNOVATION.png\" alt=\"\" width=\"80\" height=\"80\" \/><\/h4>\n<h3 style=\"text-align: center;\">Innovation<\/h3>\n<hr \/>\n<p style=\"text-align: center;\">LAVO est un d\u00e9sinfectant pour les mains de nouvelle g\u00e9n\u00e9ration qui offre un pouvoir anti-bact\u00e9rien avanc\u00e9 dans une formulation douce et apaisante pour la peau.<\/p>\n<p>[\/vc_column_text][\/vc_column_inner][vc_column_inner width=\u00a0\u00bb1\/3&Prime;][vc_column_text]<\/p>\n<h4 style=\"text-align: center;\"><img loading=\"lazy\" decoding=\"async\" class=\"aligncenter wp-image-4801 size-full\" src=\"https:\/\/www.mtts-asia.com\/wp-content\/uploads\/2014\/11\/CARE.png\" alt=\"\" width=\"49\" height=\"80\" \/><\/h4>\n<h3 style=\"text-align: center;\">Se soucier<\/h3>\n<hr \/>\n<p style=\"text-align: center;\">LAVO aide les professionnels de la sant\u00e9 \u00e0 mettre en \u0153uvre un programme d&rsquo;hygi\u00e8ne complet et coh\u00e9rent gr\u00e2ce \u00e0 l&rsquo;utilisation de distributeurs de chevet, de distributeurs muraux et d&rsquo;affiches murales.<\/p>\n<p>[\/vc_column_text][\/vc_column_inner][\/vc_row_inner][\/vc_column][\/vc_row][vc_row full_width=\u00a0\u00bbstretch_row\u00a0\u00bb row_type=\u00a0\u00bbsection\u00a0\u00bb][vc_column][vc_column_text]<\/p>\n<h3 style=\"text-align: center;\">Principales caract\u00e9ristiques<\/h3>\n<hr \/>\n<p>[\/vc_column_text][vc_row_inner][vc_column_inner width=\u00a0\u00bb1\/2&Prime;][vc_column_text]<span style=\"color: #00a0c6;\"><strong>Global<\/strong><\/span><br \/>\nM\u00e9thode la moins ch\u00e8re et la plus efficace pour r\u00e9duire les infections nosocomiales dans votre h\u00f4pital.<br \/>\nLa recherche montre que l&rsquo;utilisation d&rsquo;un d\u00e9sinfectant pour les mains peut r\u00e9duire consid\u00e9rablement la mortalit\u00e9.<br \/>\nApprouv\u00e9 par le minist\u00e8re de la Sant\u00e9 du Vietnam (VNDP-HC-700-08-13)<br \/>\nOdeur parfum\u00e9e agr\u00e9able, pas d&rsquo;odeur chimique forte.<br \/>\nGlyc\u00e9rine pour \u00e9viter les mains s\u00e8ches.<br \/>\nDisponible en flacon distributeur de chevet de 400 ml et Conteneur vrac 10-20L.<\/p>\n<p><span style=\"color: #00a0c6;\"><strong>1. Flacon distributeur de 400 ml<\/strong><\/span><br \/>\nS&rsquo;adapte aux cintres portables et muraux pour une utilisation au chevet du patient et dans un poste de soins infirmiers.<br \/>\nPeut \u00eatre recharg\u00e9.<br \/>\nUne pompe distribue suffisamment de lavage pour les mains pour deux mains.<\/p>\n<p><span style=\"color: #00a0c6;\"><strong>2. Support mural<\/strong><\/span><br \/>\nPour un montage permanent, par exemple au poste des infirmi\u00e8res ou dans la zone de lavage des mains.<\/p>\n<p><span style=\"color: #00a0c6;\"><strong>3. Cintre portable<\/strong><\/span><br \/>\nPour accrocher sur le bord des lits de patients et autres \u00e9quipements.[\/vc_column_text][\/vc_column_inner][vc_column_inner width=\u00a0\u00bb1\/2&Prime;][vc_single_image image=\u00a0\u00bb8084&Prime; img_size=\u00a0\u00bb905x837px\u00a0\u00bb][\/vc_column_inner][\/vc_row_inner][\/vc_column][\/vc_row][vc_row full_width=\u00a0\u00bbstretch_row\u00a0\u00bb row_type=\u00a0\u00bbsection\u00a0\u00bb bg_color=\u00a0\u00bb#f8f8f8&Prime; css=\u00a0\u00bb.vc_custom_1734598371010{background-color: #f8f8f8 !important;}\u00a0\u00bb][vc_column][vc_row_inner][vc_column_inner width=\u00a0\u00bb1\/3&Prime;][vc_column_text]<\/p>\n<h3 style=\"text-align: center;\"><img loading=\"lazy\" decoding=\"async\" class=\"aligncenter wp-image-5017 size-full\" src=\"https:\/\/www.mtts-asia.com\/wp-content\/uploads\/2014\/11\/baby.png\" alt=\"\" width=\"89\" height=\"80\" \/><\/h3>\n<h3 style=\"text-align: center;\">Efficace<\/h3>\n<hr \/>\n<p style=\"text-align: center;\">La proc\u00e9dure sans eau en six \u00e9tapes de LAVO est con\u00e7ue pour am\u00e9liorer la conformit\u00e9 et aider \u00e0 r\u00e9duire le risque d&rsquo;infections associ\u00e9es aux soins de sant\u00e9.<\/p>\n<p>[\/vc_column_text][\/vc_column_inner][vc_column_inner width=\u00a0\u00bb1\/3&Prime;][vc_column_text]<\/p>\n<h3 style=\"text-align: center;\"><img loading=\"lazy\" decoding=\"async\" class=\"aligncenter size-full wp-image-5009\" src=\"https:\/\/www.mtts-asia.com\/wp-content\/uploads\/2014\/11\/safe.png\" alt=\"safe\" width=\"79\" height=\"79\" \/><\/h3>\n<h3 style=\"text-align: center;\">Accessible<\/h3>\n<hr \/>\n<p style=\"text-align: center;\">Les options de distribution de LAVO rendent la solution de d\u00e9sinfectant pour les mains facilement accessible par le personnel et les visiteurs. Les supports de lit et muraux peuvent \u00eatre utilis\u00e9s pour suspendre les biberons partout o\u00f9 les b\u00e9b\u00e9s sont trait\u00e9s, y compris l&rsquo;entr\u00e9e de l&rsquo;unit\u00e9 et toutes les entr\u00e9es \u00e0 l&rsquo;int\u00e9rieur de l&rsquo;unit\u00e9.<\/p>\n<p>[\/vc_column_text][\/vc_column_inner][vc_column_inner width=\u00a0\u00bb1\/3&Prime;][vc_column_text]<\/p>\n<h3 style=\"text-align: center;\"><img loading=\"lazy\" decoding=\"async\" class=\"aligncenter size-full wp-image-5011\" src=\"https:\/\/www.mtts-asia.com\/wp-content\/uploads\/2014\/11\/costefficient.png\" alt=\"costefficient\" width=\"93\" height=\"80\" \/><\/h3>\n<h3 style=\"text-align: center;\">Rentable<\/h3>\n<hr \/>\n<p style=\"text-align: center;\">LAVO est con\u00e7u pour r\u00e9duire le co\u00fbt du contr\u00f4le des infections dans les unit\u00e9s de soins n\u00e9onatals. Il ne n\u00e9cessite aucun rin\u00e7age, \u00e9conomisant du temps et des co\u00fbts associ\u00e9s \u00e0 l&rsquo;utilisation d&rsquo;eau et de serviettes en papier. De plus, les flacons de distribution sont de taille pratique et r\u00e9utilisables.<\/p>\n<p>[\/vc_column_text][\/vc_column_inner][\/vc_row_inner][vc_empty_space height=\u00a0\u00bb20px\u00a0\u00bb][\/vc_column][\/vc_row][vc_row full_width=\u00a0\u00bbstretch_row\u00a0\u00bb row_type=\u00a0\u00bbsection\u00a0\u00bb][vc_column][vc_column_text]<\/p>\n<h3 style=\"text-align: center;\">Sp\u00e9cifications techniques<\/h3>\n<hr \/>\n<p>[\/vc_column_text][vc_row_inner][vc_column_inner width=\u00a0\u00bb2\/3&Prime;][vc_column_text]\n<table id=\"tablepress-0712\" class=\"tablepress tablepress-id-0712\">\n<tbody class=\"row-striping row-hover\">\n<tr class=\"row-1\">\n\t<td class=\"column-1\">Application<\/td><td class=\"column-2\">D\u00e9sinfectant antimicrobien pour les mains du personnel hospitalier.<\/td>\n<\/tr>\n<tr class=\"row-2\">\n\t<td class=\"column-1\">Ingr\u00e9dients actifs (m\u00e9lang\u00e9s)<\/td><td class=\"column-2\">L'alcool (0.689 w\/v), Chlorhexidine Gluconate<br \/>\n (0.011 w\/v), Glyc\u00e9rine (0.004 w\/v)<\/td>\n<\/tr>\n<\/tbody>\n<\/table>\n<!-- #tablepress-0712 from cache --><br \/>\n<span id=\"ordering\"> <\/span>[\/vc_column_text][\/vc_column_inner][vc_column_inner width=\u00a0\u00bb1\/3&Prime;][vc_column_text][\/vc_column_text][\/vc_column_inner][\/vc_row_inner][\/vc_column][\/vc_row][vc_row bg_color=\u00a0\u00bb#f8f8f8&Prime;][vc_column][vc_column_text]<\/p>\n<h3 style=\"text-align: center;\">Informations de commande<\/h3>\n<p>[\/vc_column_text][\/vc_column][\/vc_row][vc_row][vc_column width=\u00a0\u00bb2\/3&Prime;][vc_column_text]\n<table id=\"tablepress-0722\" class=\"tablepress tablepress-id-0722\">\n<tbody class=\"row-striping row-hover\">\n<tr class=\"row-1\">\n\t<td class=\"column-1\"><strong>Pi\u00e8ces d\u00e9tach\u00e9es et consommables<\/strong><\/td><td class=\"column-2\">Conteneur 10 L<\/td><td class=\"column-3\">HST-1011<\/td>\n<\/tr>\n<tr class=\"row-2\">\n\t<td class=\"column-1\"><\/td><td class=\"column-2\">Conteneur 20 L<\/td><td class=\"column-3\">HST-1012<\/td>\n<\/tr>\n<tr class=\"row-3\">\n\t<td class=\"column-1\"><\/td><td class=\"column-2\">Distributeur 400 ml<\/td><td class=\"column-3\">HST-1020<\/td>\n<\/tr>\n<tr class=\"row-4\">\n\t<td class=\"column-1\"><\/td><td class=\"column-2\">Distributeur 50 ml<\/td><td class=\"column-3\">HST-1030<\/td>\n<\/tr>\n<\/tbody>\n<\/table>\n<!-- #tablepress-0722 from cache -->[\/vc_column_text][\/vc_column][vc_column width=\u00a0\u00bb1\/3&Prime;][\/vc_column][\/vc_row]<\/p>\n<\/div>","protected":false},"excerpt":{"rendered":"<p>[vc_row full_width=\u00a0\u00bbstretch_row\u00a0\u00bb row_type=\u00a0\u00bbsection\u00a0\u00bb row_color=\u00a0\u00bbcolor_light\u00a0\u00bb el_class=\u00a0\u00bbpage-banner\u00a0\u00bb css=\u00a0\u00bb.vc_custom_1734574532833{background-image: url(https:\/\/www.mtts-asia.com\/wp-content\/uploads\/2014\/11\/111.jpg?id=4723) !important;background-position: center !important;background-repeat: no-repeat !important;background-size: cover !important;}\u00a0\u00bb][vc_column][vc_custom_heading source=\u00a0\u00bbpost_title\u00a0\u00bb font_container=\u00a0\u00bbtag:h2|text_align:center\u00a0\u00bb use_theme_fonts=\u00a0\u00bbyes\u00a0\u00bb css=\u00a0\u00bb\u00a0\u00bb wb_heading_type=\u00a0\u00bbheading\u00a0\u00bb][\/vc_column][\/vc_row][vc_row full_width=\u00a0\u00bbstretch_row\u00a0\u00bb row_type=\u00a0\u00bbsection\u00a0\u00bb][vc_column][vc_row_inner][vc_column_inner width=\u00a0\u00bb1\/3&Prime;][vc_column_text] L&rsquo;infection associ\u00e9e aux soins de sant\u00e9 est un probl\u00e8me majeur pour la s\u00e9curit\u00e9 des patients et impr\u00e8gne tous les \u00e9tablissements et syst\u00e8mes de soins de sant\u00e9 du monde entier. Le non-respect de l&rsquo;hygi\u00e8ne [&hellip;]<\/p>\n","protected":false},"author":3,"featured_media":0,"parent":0,"menu_order":0,"comment_status":"closed","ping_status":"closed","template":"","meta":{"footnotes":""},"class_list":["post-7331","page","type-page","status-publish","hentry"],"jetpack_sharing_enabled":true,"_links":{"self":[{"href":"https:\/\/www.mtts-asia.com\/fr\/wp-json\/wp\/v2\/pages\/7331","targetHints":{"allow":["GET"]}}],"collection":[{"href":"https:\/\/www.mtts-asia.com\/fr\/wp-json\/wp\/v2\/pages"}],"about":[{"href":"https:\/\/www.mtts-asia.com\/fr\/wp-json\/wp\/v2\/types\/page"}],"author":[{"embeddable":true,"href":"https:\/\/www.mtts-asia.com\/fr\/wp-json\/wp\/v2\/users\/3"}],"replies":[{"embeddable":true,"href":"https:\/\/www.mtts-asia.com\/fr\/wp-json\/wp\/v2\/comments?post=7331"}],"version-history":[{"count":2,"href":"https:\/\/www.mtts-asia.com\/fr\/wp-json\/wp\/v2\/pages\/7331\/revisions"}],"predecessor-version":[{"id":12651,"href":"https:\/\/www.mtts-asia.com\/fr\/wp-json\/wp\/v2\/pages\/7331\/revisions\/12651"}],"wp:attachment":[{"href":"https:\/\/www.mtts-asia.com\/fr\/wp-json\/wp\/v2\/media?parent=7331"}],"curies":[{"name":"wp","href":"https:\/\/api.w.org\/{rel}","templated":true}]}}