{"id":7335,"date":"2020-02-17T04:59:40","date_gmt":"2020-02-17T04:59:40","guid":{"rendered":"http:\/\/mttsasia.local\/?page_id=7335"},"modified":"2025-09-18T08:48:31","modified_gmt":"2025-09-18T01:48:31","slug":"koala-infant-bed","status":"publish","type":"page","link":"https:\/\/www.mtts-asia.com\/fr\/koala-infant-bed\/","title":{"rendered":"Lit b\u00e9b\u00e9 Koala"},"content":{"rendered":"<div class=\"wpb-content-wrapper\"><p>[vc_row full_width=\u00a0\u00bbstretch_row\u00a0\u00bb row_type=\u00a0\u00bbsection\u00a0\u00bb row_color=\u00a0\u00bbcolor_light\u00a0\u00bb el_class=\u00a0\u00bbpage-banner\u00a0\u00bb css=\u00a0\u00bb.vc_custom_1734574532833{background-image: url(https:\/\/www.mtts-asia.com\/wp-content\/uploads\/2014\/11\/111.jpg?id=4723) !important;background-position: center !important;background-repeat: no-repeat !important;background-size: cover !important;}\u00a0\u00bb][vc_column][vc_custom_heading source=\u00a0\u00bbpost_title\u00a0\u00bb font_container=\u00a0\u00bbtag:h2|text_align:center\u00a0\u00bb use_theme_fonts=\u00a0\u00bbyes\u00a0\u00bb css=\u00a0\u00bb\u00a0\u00bb wb_heading_type=\u00a0\u00bbheading\u00a0\u00bb][\/vc_column][\/vc_row][vc_row full_width=\u00a0\u00bbstretch_row\u00a0\u00bb row_type=\u00a0\u00bbsection\u00a0\u00bb][vc_column][vc_row_inner][vc_column_inner width=\u00a0\u00bb1\/3&Prime;][vc_empty_space height=\u00a0\u00bb20px\u00a0\u00bb][vc_single_image image=\u00a0\u00bb8637&Prime; img_size=\u00a0\u00bb\u00a0\u00bb][vc_column_text]Afin de cr\u00e9er le meilleur environnement pour prendre soin des nouveau-n\u00e9s, nous recherchons toujours des solutions optimales pour aider les m\u00e9decins \u00e0 prendre facilement soin des b\u00e9b\u00e9s et \u00e0 les transf\u00e9rer \u00e0 l&rsquo;int\u00e9rieur des b\u00e2timents hospitaliers. La derni\u00e8re version du lit pour b\u00e9b\u00e9 comprend toutes les normes m\u00e9dicales, techniques et esth\u00e9tiques qui cr\u00e9ent un environnement confortable pour les m\u00e9decins et les b\u00e9b\u00e9s. Tous les composants du lit sont fabriqu\u00e9s \u00e0 partir de mat\u00e9riaux haut de gamme qui sont durables et r\u00e9pondent aux normes m\u00e9dicales.[\/vc_column_text][vc_empty_space height=\u00a0\u00bb20px\u00a0\u00bb][vc_column_text css=\u00a0\u00bb\u00a0\u00bb]<img loading=\"lazy\" decoding=\"async\" class=\"alignleft size-full wp-image-4832\" src=\"https:\/\/www.mtts-asia.com\/wp-content\/uploads\/2014\/11\/Untitled-1.png\" alt=\"Untitled-1\" width=\"45\" height=\"32\" \/><\/p>\n<p>&nbsp;<\/p>\n<p>&nbsp;<\/p>\n<p><a title=\"INFANT BED Brochure\" href=\"https:\/\/www.mtts-asia.com\/wp-content\/uploads\/2025\/09\/IB-MKT-01-Infant-Bed-Brochure-1.05FR.pdf\" target=\"_blank\" rel=\"noopener noreferrer\">Brochure<\/a><\/p>\n<p><a href=\"https:\/\/www.mtts-asia.com\/wp-content\/uploads\/2023\/10\/IB-MAN-01-Koala-User-Manual-1.03EN.pdf\" target=\"_blank\" rel=\"noopener\">User Manual<\/a>[\/vc_column_text][\/vc_column_inner][vc_column_inner width=\u00a0\u00bb2\/3&Prime;][vc_images_carousel images=\u00a0\u00bb8664,8668,8672,8676&Prime; img_size=\u00a0\u00bb1000&#215;560&Prime; onclick=\u00a0\u00bblink_no\u00a0\u00bb wrap=\u00a0\u00bbyes\u00a0\u00bb][\/vc_column_inner][\/vc_row_inner][vc_empty_space height=\u00a0\u00bb20px\u00a0\u00bb][vc_row_inner][vc_column_inner width=\u00a0\u00bb1\/3&Prime;][vc_column_text]<\/p>\n<p style=\"text-align: center;\"><div class=\"vc_btn3-container align-center\">\r\n<a href=\"#features\" class=\"vc_general vc_btn3 vc_btn3-size-md vc_btn3-shape-rounded vc_btn3-style-flat vc_btn3-color-wb-btn-primary\">\r\n    <span>PRINCIPALES CARACT\u00c9RISTIQUES<\/span>\r\n<\/a>\r\n<\/div>\n<p>[\/vc_column_text][\/vc_column_inner][vc_column_inner width=\u00a0\u00bb1\/3&Prime;][vc_column_text]<\/p>\n<p style=\"text-align: center;\"><div class=\"vc_btn3-container align-center\">\r\n<a href=\"#technical\" class=\"vc_general vc_btn3 vc_btn3-size-md vc_btn3-shape-rounded vc_btn3-style-flat vc_btn3-color-wb-btn-primary\">\r\n    <span>SP\u00c9CIFICATIONS TECHNIQUES<\/span>\r\n<\/a>\r\n<\/div>\n<p>[\/vc_column_text][\/vc_column_inner][vc_column_inner width=\u00a0\u00bb1\/3&Prime;][vc_column_text]<\/p>\n<p style=\"text-align: center;\"><div class=\"vc_btn3-container align-center\">\r\n<a href=\"#ordering\" class=\"vc_general vc_btn3 vc_btn3-size-md vc_btn3-shape-rounded vc_btn3-style-flat vc_btn3-color-wb-btn-primary\">\r\n    <span>COMMANDE ET ENTRETIEN<\/span>\r\n<\/a>\r\n<\/div>\n<p>[\/vc_column_text][\/vc_column_inner][\/vc_row_inner][vc_empty_space height=\u00a0\u00bb20px\u00a0\u00bb][\/vc_column][\/vc_row][vc_row full_width=\u00a0\u00bbstretch_row\u00a0\u00bb row_type=\u00a0\u00bbsection\u00a0\u00bb bg_color=\u00a0\u00bb#f8f8f8&Prime; css=\u00a0\u00bb.vc_custom_1734597799912{background-color: #f8f8f8 !important;}\u00a0\u00bb][vc_column][vc_row_inner][vc_column_inner width=\u00a0\u00bb1\/3&Prime;][vc_column_text]<\/p>\n<h4 style=\"text-align: center;\"><strong><img loading=\"lazy\" decoding=\"async\" class=\"aligncenter wp-image-4799 size-full\" src=\"https:\/\/www.mtts-asia.com\/wp-content\/uploads\/2014\/11\/QUALITY.png\" alt=\"\" width=\"69\" height=\"80\" \/><\/strong><\/h4>\n<h3 style=\"text-align: center;\">Qualit\u00e9<\/h3>\n<hr \/>\n<p style=\"text-align: center;\">Le lit pour b\u00e9b\u00e9 Koala est fabriqu\u00e9 \u00e0 partir de mat\u00e9riaux de haute qualit\u00e9 qui garantissent une dur\u00e9e de vie plus longue que les autres appareils.<\/p>\n<p>[\/vc_column_text][\/vc_column_inner][vc_column_inner width=\u00a0\u00bb1\/3&Prime;][vc_column_text]<\/p>\n<h4><img loading=\"lazy\" decoding=\"async\" class=\"aligncenter wp-image-4800 size-full\" src=\"https:\/\/www.mtts-asia.com\/wp-content\/uploads\/2014\/11\/INNOVATION.png\" alt=\"\" width=\"80\" height=\"80\" \/><\/h4>\n<h3 style=\"text-align: center;\">Innovation<\/h3>\n<hr \/>\n<p style=\"text-align: center;\">L&rsquo;angle du lit est r\u00e9glable entre 0 et 15 degr\u00e9s. Le matelas est amovible et fabriqu\u00e9 dans un mat\u00e9riau facile \u00e0 nettoyer. La conception offre une stabilit\u00e9 maximale pour le patient.<\/p>\n<p>[\/vc_column_text][\/vc_column_inner][vc_column_inner width=\u00a0\u00bb1\/3&Prime;][vc_column_text]<\/p>\n<h4 style=\"text-align: center;\"><img loading=\"lazy\" decoding=\"async\" class=\"aligncenter wp-image-4801 size-full\" src=\"https:\/\/www.mtts-asia.com\/wp-content\/uploads\/2014\/11\/CARE.png\" alt=\"\" width=\"49\" height=\"80\" \/><\/h4>\n<h3 style=\"text-align: center;\">Se soucier<\/h3>\n<hr \/>\n<p style=\"text-align: center;\">Le lit pour b\u00e9b\u00e9 Koala est con\u00e7u pour offrir un acc\u00e8s facile aux patients et faciliter la mobilit\u00e9 dans les b\u00e2timents hospitaliers.<\/p>\n<p>[\/vc_column_text][\/vc_column_inner][\/vc_row_inner][\/vc_column][\/vc_row][vc_row full_width=\u00a0\u00bbstretch_row\u00a0\u00bb row_type=\u00a0\u00bbsection\u00a0\u00bb][vc_column][vc_column_text]<\/p>\n<h3 style=\"text-align: center;\">Principales caract\u00e9ristiques<\/h3>\n<hr \/>\n<p>[\/vc_column_text][vc_row_inner][vc_column_inner width=\u00a0\u00bb1\/2&Prime;][vc_column_text]<span style=\"color: #00a0c6;\"><strong>Vue d\u2019ensemble<\/strong><\/span><\/p>\n<p>&#8211; convient aux nouveau-n\u00e9s et aux patients p\u00e9diatriques<br \/>\n&#8211; compatible avec la phototh\u00e9rapie a\u00e9rienne MTTS<br \/>\n&#8211; corps rigide en acier<br \/>\n&#8211; mat\u00e9riaux biocompatibles<br \/>\n&#8211; s\u00fbr et confortable[\/vc_column_text][\/vc_column_inner][vc_column_inner width=\u00a0\u00bb1\/2&Prime;][vc_single_image image=\u00a0\u00bb8664&Prime; img_size=\u00a0\u00bb700x700px\u00a0\u00bb][\/vc_column_inner][\/vc_row_inner][\/vc_column][\/vc_row][vc_row full_width=\u00a0\u00bbstretch_row\u00a0\u00bb row_type=\u00a0\u00bbsection\u00a0\u00bb][vc_column][vc_column_text]<\/p>\n<h3 style=\"text-align: center;\">Sp\u00e9cifications techniques<\/h3>\n<hr \/>\n<p>[\/vc_column_text][vc_row_inner][vc_column_inner width=\u00a0\u00bb2\/3&Prime;][vc_column_text]\n<table id=\"tablepress-0612\" class=\"tablepress tablepress-id-0612\">\n<tbody class=\"row-striping row-hover\">\n<tr class=\"row-1\">\n\t<td class=\"column-1\"><strong>Dimensions et poids<strong><\/td><td class=\"column-2\">Dimensions unit\u00e9<\/td><td class=\"column-3\">96.2 cm x 59 cm x 98.5 cm<\/td>\n<\/tr>\n<tr class=\"row-2\">\n\t<td class=\"column-1\"><\/td><td class=\"column-2\">Dimensions pour exp\u00e9dition<\/td><td class=\"column-3\">40 cm x 90 cm x 65 cm<\/td>\n<\/tr>\n<tr class=\"row-3\">\n\t<td class=\"column-1\"><\/td><td class=\"column-2\">Poids net<\/td><td class=\"column-3\">44 kg<\/td>\n<\/tr>\n<tr class=\"row-4\">\n\t<td class=\"column-1\"><\/td><td class=\"column-2\">Poids exp\u00e9dition<\/td><td class=\"column-3\">55 kg<\/td>\n<\/tr>\n<tr class=\"row-5\">\n\t<td class=\"column-1\"><\/td><td class=\"column-2\">Dimensions de matelas<\/td><td class=\"column-3\">53.5 cm x 64 cm x 3 cm<\/td>\n<\/tr>\n<tr class=\"row-6\">\n\t<td class=\"column-1\"><\/td><td class=\"column-2\">Hauteur du berceau<\/td><td class=\"column-3\">75 cm<\/td>\n<\/tr>\n<\/tbody>\n<\/table>\n<!-- #tablepress-0612 from cache --><br \/>\n<span id=\"ordering\"> <\/span>[\/vc_column_text][\/vc_column_inner][vc_column_inner width=\u00a0\u00bb1\/3&Prime;][vc_column_text]<\/p>\n<h5><span style=\"color: #00a0c6;\">Garantie Standard: 1 an.<\/span><\/h5>\n<p>(Sous r\u00e9serve des conditions de garanties de MTTS)[\/vc_column_text][\/vc_column_inner][\/vc_row_inner][\/vc_column][\/vc_row][vc_row bg_color=\u00a0\u00bb#f8f8f8&Prime;][vc_column][vc_column_text]<\/p>\n<h3 style=\"text-align: center;\">Informations de commande et entretien<\/h3>\n<p>[\/vc_column_text][\/vc_column][\/vc_row][vc_row][vc_column width=\u00a0\u00bb2\/3&Prime;][vc_column_text]\n<table id=\"tablepress-0622\" class=\"tablepress tablepress-id-0622\">\n<tbody class=\"row-striping row-hover\">\n<tr class=\"row-1\">\n\t<td class=\"column-1\"><strong>Informations de commande<\/strong><\/td><td class=\"column-2\">Lit b\u00e9b\u00e9<\/td><td class=\"column-3\">IBD-4000<\/td><td class=\"column-4\">Unit\u00e9 principale<\/td>\n<\/tr>\n<tr class=\"row-2\">\n\t<td class=\"column-1\"><strong>Articles optionnels<\/strong> <\/td><td class=\"column-2\">Matelas<\/td><td class=\"column-3\">ID 1307<\/td><td class=\"column-4\"><\/td>\n<\/tr>\n<tr class=\"row-3\">\n\t<td class=\"column-1\"><\/td><td class=\"column-2\">Roue<\/td><td class=\"column-3\">ID 658<\/td><td class=\"column-4\"><\/td>\n<\/tr>\n<tr class=\"row-4\">\n\t<td class=\"column-1\"><\/td><td class=\"column-2\">Panneau lat\u00e9ral (L)<\/td><td class=\"column-3\">ID 1120<\/td><td class=\"column-4\"><\/td>\n<\/tr>\n<tr class=\"row-5\">\n\t<td class=\"column-1\"><\/td><td class=\"column-2\">Panneau lat\u00e9ral (S)<\/td><td class=\"column-3\">ID 1121<\/td><td class=\"column-4\"><\/td>\n<\/tr>\n<tr class=\"row-6\">\n\t<td class=\"column-1\"><\/td><td class=\"column-2\">Plateau X-ray<\/td><td class=\"column-3\">ID 1126<\/td><td class=\"column-4\"><\/td>\n<\/tr>\n<tr class=\"row-7\">\n\t<td class=\"column-1\"><\/td><td class=\"column-2\">Poteau IV<\/td><td class=\"column-3\">ID 1331<\/td><td class=\"column-4\"><\/td>\n<\/tr>\n<\/tbody>\n<\/table>\n<!-- #tablepress-0622 from cache -->[\/vc_column_text][\/vc_column][vc_column width=\u00a0\u00bb1\/3&Prime;][\/vc_column][\/vc_row]<\/p>\n<\/div>","protected":false},"excerpt":{"rendered":"<p>[vc_row full_width=\u00a0\u00bbstretch_row\u00a0\u00bb row_type=\u00a0\u00bbsection\u00a0\u00bb row_color=\u00a0\u00bbcolor_light\u00a0\u00bb el_class=\u00a0\u00bbpage-banner\u00a0\u00bb css=\u00a0\u00bb.vc_custom_1734574532833{background-image: url(https:\/\/www.mtts-asia.com\/wp-content\/uploads\/2014\/11\/111.jpg?id=4723) !important;background-position: center !important;background-repeat: no-repeat !important;background-size: cover !important;}\u00a0\u00bb][vc_column][vc_custom_heading source=\u00a0\u00bbpost_title\u00a0\u00bb font_container=\u00a0\u00bbtag:h2|text_align:center\u00a0\u00bb use_theme_fonts=\u00a0\u00bbyes\u00a0\u00bb css=\u00a0\u00bb\u00a0\u00bb wb_heading_type=\u00a0\u00bbheading\u00a0\u00bb][\/vc_column][\/vc_row][vc_row full_width=\u00a0\u00bbstretch_row\u00a0\u00bb row_type=\u00a0\u00bbsection\u00a0\u00bb][vc_column][vc_row_inner][vc_column_inner width=\u00a0\u00bb1\/3&Prime;][vc_empty_space height=\u00a0\u00bb20px\u00a0\u00bb][vc_single_image image=\u00a0\u00bb8637&Prime; img_size=\u00a0\u00bb\u00a0\u00bb][vc_column_text]Afin de cr\u00e9er le meilleur environnement pour prendre soin des nouveau-n\u00e9s, nous recherchons toujours des solutions optimales pour aider les m\u00e9decins \u00e0 prendre facilement soin des b\u00e9b\u00e9s et \u00e0 les transf\u00e9rer [&hellip;]<\/p>\n","protected":false},"author":3,"featured_media":0,"parent":0,"menu_order":0,"comment_status":"closed","ping_status":"closed","template":"","meta":{"footnotes":""},"class_list":["post-7335","page","type-page","status-publish","hentry"],"jetpack_sharing_enabled":true,"_links":{"self":[{"href":"https:\/\/www.mtts-asia.com\/fr\/wp-json\/wp\/v2\/pages\/7335","targetHints":{"allow":["GET"]}}],"collection":[{"href":"https:\/\/www.mtts-asia.com\/fr\/wp-json\/wp\/v2\/pages"}],"about":[{"href":"https:\/\/www.mtts-asia.com\/fr\/wp-json\/wp\/v2\/types\/page"}],"author":[{"embeddable":true,"href":"https:\/\/www.mtts-asia.com\/fr\/wp-json\/wp\/v2\/users\/3"}],"replies":[{"embeddable":true,"href":"https:\/\/www.mtts-asia.com\/fr\/wp-json\/wp\/v2\/comments?post=7335"}],"version-history":[{"count":3,"href":"https:\/\/www.mtts-asia.com\/fr\/wp-json\/wp\/v2\/pages\/7335\/revisions"}],"predecessor-version":[{"id":13267,"href":"https:\/\/www.mtts-asia.com\/fr\/wp-json\/wp\/v2\/pages\/7335\/revisions\/13267"}],"wp:attachment":[{"href":"https:\/\/www.mtts-asia.com\/fr\/wp-json\/wp\/v2\/media?parent=7335"}],"curies":[{"name":"wp","href":"https:\/\/api.w.org\/{rel}","templated":true}]}}