{"id":7339,"date":"2020-02-17T05:00:20","date_gmt":"2020-02-17T05:00:20","guid":{"rendered":"http:\/\/mttsasia.local\/?page_id=7339"},"modified":"2024-12-19T15:32:34","modified_gmt":"2024-12-19T08:32:34","slug":"lightmeter","status":"publish","type":"page","link":"https:\/\/www.mtts-asia.com\/fr\/lightmeter\/","title":{"rendered":"Photom\u00e8tre \/ 4meter"},"content":{"rendered":"<div class=\"wpb-content-wrapper\"><p>[vc_row full_width=\u00a0\u00bbstretch_row\u00a0\u00bb row_type=\u00a0\u00bbsection\u00a0\u00bb row_color=\u00a0\u00bbcolor_light\u00a0\u00bb el_class=\u00a0\u00bbpage-banner\u00a0\u00bb css=\u00a0\u00bb.vc_custom_1734574532833{background-image: url(https:\/\/www.mtts-asia.com\/wp-content\/uploads\/2014\/11\/111.jpg?id=4723) !important;background-position: center !important;background-repeat: no-repeat !important;background-size: cover !important;}\u00a0\u00bb][vc_column][vc_custom_heading source=\u00a0\u00bbpost_title\u00a0\u00bb font_container=\u00a0\u00bbtag:h2|text_align:center\u00a0\u00bb use_theme_fonts=\u00a0\u00bbyes\u00a0\u00bb css=\u00a0\u00bb\u00a0\u00bb wb_heading_type=\u00a0\u00bbheading\u00a0\u00bb][\/vc_column][\/vc_row][vc_row full_width=\u00a0\u00bbstretch_row\u00a0\u00bb row_type=\u00a0\u00bbsection\u00a0\u00bb][vc_column][vc_empty_space height=\u00a0\u00bb20px\u00a0\u00bb][vc_row_inner][vc_column_inner width=\u00a0\u00bb1\/3&Prime;][vc_empty_space height=\u00a0\u00bb30px\u00a0\u00bb][vc_single_image image=\u00a0\u00bb10786&Prime; img_size=\u00a0\u00bb900&#215;230&Prime;][vc_column_text]<\/p>\n<p style=\"text-align: justify;\">Le 4meter est utilis\u00e9 pour d\u00e9terminer le niveau r\u00e9el de sources requis pour une th\u00e9rapie m\u00e9dicale efficace. L&rsquo;outil est utile \u00e0 la fois pour les techniciens hospitaliers et les m\u00e9decins qui souhaitent v\u00e9rifier si l&rsquo;\u00e9quipement m\u00e9dical peut fournir toutes les fonctions telles qu&rsquo;elles sont con\u00e7ues.<br \/>\nLa fonction de posem\u00e8tre primaire fournit une mesure pr\u00e9cise de l&rsquo;intensit\u00e9 du spectre de la lumi\u00e8re bleue qui est n\u00e9cessaire pour traiter la jaunisse chez les nourrissons. Cette mesure permet aux professionnels de sant\u00e9 de s&rsquo;assurer du bon fonctionnement des unit\u00e9s de phototh\u00e9rapie et de d\u00e9terminer quand un appareil de phototh\u00e9rapie ou ses ampoules doivent \u00eatre remplac\u00e9s.<br \/>\nL&rsquo;appareil peut \u00eatre utilis\u00e9 pour n&rsquo;importe quelle unit\u00e9 de phototh\u00e9rapie avec LED, ampoules fluorescentes ou ampoules compactes. Lors de la mesure d&rsquo;un appareil de phototh\u00e9rapie simple face, il mesurera la lumi\u00e8re \u00e0 l&rsquo;aide du capteur avant. Lors de la mesure d&rsquo;une phototh\u00e9rapie double face, l&rsquo;appareil lit l&rsquo;intensit\u00e9 des deux c\u00f4t\u00e9s, \u00e0 l&rsquo;aide des capteurs situ\u00e9s \u00e0 l&rsquo;avant et \u00e0 l&rsquo;arri\u00e8re de l&rsquo;appareil. Il affiche ensuite la somme des valeurs de chaque c\u00f4t\u00e9.<\/p>\n<hr \/>\n<p>[\/vc_column_text][vc_empty_space height=\u00a0\u00bb20px\u00a0\u00bb][vc_column_text css=\u00a0\u00bb\u00a0\u00bb]<img loading=\"lazy\" decoding=\"async\" class=\"alignleft size-full wp-image-4832\" src=\"https:\/\/www.mtts-asia.com\/wp-content\/uploads\/2014\/11\/Untitled-1.png\" alt=\"Untitled-1\" width=\"45\" height=\"32\" \/><\/p>\n<p>&nbsp;<\/p>\n<p>&nbsp;<\/p>\n<p><a title=\"LIGHTMETER Brochure\" href=\"https:\/\/www.mtts-asia.com\/wp-content\/uploads\/2024\/11\/LM-MKT-01-4meter-4.03FR.pdf\" target=\"_blank\" rel=\"noopener noreferrer\">Brochure<\/a><\/p>\n<p><a title=\"User manual\" href=\"https:\/\/www.mtts-asia.com\/wp-content\/uploads\/2023\/05\/LM-MAN-01-4M-User-Manual-3.02FR.pdf\" target=\"_blank\" rel=\"noopener noreferrer\">Manuel de l&rsquo;Utilisateur<\/a>[\/vc_column_text][\/vc_column_inner][vc_column_inner width=\u00a0\u00bb2\/3&Prime;][vc_images_carousel images=\u00a0\u00bb9782,10792,12252,12257,12262&Prime; img_size=\u00a0\u00bbfull\u00a0\u00bb onclick=\u00a0\u00bblink_no\u00a0\u00bb wrap=\u00a0\u00bbyes\u00a0\u00bb][\/vc_column_inner][\/vc_row_inner][vc_empty_space height=\u00a0\u00bb20px\u00a0\u00bb][vc_row_inner][vc_column_inner width=\u00a0\u00bb1\/3&Prime;][vc_column_text]<\/p>\n<p style=\"text-align: center;\"><div class=\"vc_btn3-container align-center\">\r\n<a href=\"#features\" class=\"vc_general vc_btn3 vc_btn3-size-md vc_btn3-shape-rounded vc_btn3-style-flat vc_btn3-color-wb-btn-primary\">\r\n    <span>PRINCIPALES CARACT\u00c9RISTIQUES<\/span>\r\n<\/a>\r\n<\/div>\n<p>[\/vc_column_text][\/vc_column_inner][vc_column_inner width=\u00a0\u00bb1\/3&Prime;][vc_column_text]<\/p>\n<p style=\"text-align: center;\"><div class=\"vc_btn3-container align-center\">\r\n<a href=\"#technical\" class=\"vc_general vc_btn3 vc_btn3-size-md vc_btn3-shape-rounded vc_btn3-style-flat vc_btn3-color-wb-btn-primary\">\r\n    <span>SP\u00c9CIFICATIONS TECHNIQUES<\/span>\r\n<\/a>\r\n<\/div>\n<p>[\/vc_column_text][\/vc_column_inner][vc_column_inner width=\u00a0\u00bb1\/3&Prime;][vc_column_text]<\/p>\n<p style=\"text-align: center;\"><div class=\"vc_btn3-container align-center\">\r\n<a href=\"#ordering\" class=\"vc_general vc_btn3 vc_btn3-size-md vc_btn3-shape-rounded vc_btn3-style-flat vc_btn3-color-wb-btn-primary\">\r\n    <span>COMMANDE ET ENTRETIEN<\/span>\r\n<\/a>\r\n<\/div>\n<p>[\/vc_column_text][\/vc_column_inner][\/vc_row_inner][vc_empty_space height=\u00a0\u00bb20px\u00a0\u00bb][\/vc_column][\/vc_row][vc_row full_width=\u00a0\u00bbstretch_row\u00a0\u00bb row_type=\u00a0\u00bbsection\u00a0\u00bb bg_color=\u00a0\u00bb#f8f8f8&Prime; css=\u00a0\u00bb.vc_custom_1734597122584{background-color: #f8f8f8 !important;}\u00a0\u00bb][vc_column][vc_row_inner][vc_column_inner width=\u00a0\u00bb1\/3&Prime;][vc_column_text]<\/p>\n<h4 style=\"text-align: center;\"><strong><img loading=\"lazy\" decoding=\"async\" class=\"aligncenter wp-image-4799 size-full\" src=\"https:\/\/www.mtts-asia.com\/wp-content\/uploads\/2014\/11\/QUALITY.png\" alt=\"\" width=\"69\" height=\"80\" \/><\/strong><\/h4>\n<h3 style=\"text-align: center;\">Qualit\u00e9<\/h3>\n<hr \/>\n<p style=\"text-align: center;\">En mesurant le spectre de longueur d&rsquo;onde de 400 \u00e0 520 nanom\u00e8tres, le capteur de lumi\u00e8re donne une mesure d&rsquo;irradiance fiable et aide \u00e0 se conformer aux directives de l&rsquo;American Academy of Pediatrics.<\/p>\n<p>[\/vc_column_text][\/vc_column_inner][vc_column_inner width=\u00a0\u00bb1\/3&Prime;][vc_column_text]<\/p>\n<h4><img loading=\"lazy\" decoding=\"async\" class=\"aligncenter wp-image-4800 size-full\" src=\"https:\/\/www.mtts-asia.com\/wp-content\/uploads\/2014\/11\/INNOVATION.png\" alt=\"\" width=\"80\" height=\"80\" \/><\/h4>\n<h3 style=\"text-align: center;\">Innovation<\/h3>\n<hr \/>\n<p style=\"text-align: center;\">Le capteur de lumi\u00e8re fournit une mesure rapide et pr\u00e9cise de l&rsquo;intensit\u00e9 lumineuse th\u00e9rapeutique de tout type d&rsquo;appareil de phototh\u00e9rapie pour s&rsquo;assurer que le patient re\u00e7oit la quantit\u00e9 de lumi\u00e8re la plus efficace.<\/p>\n<p>[\/vc_column_text][\/vc_column_inner][vc_column_inner width=\u00a0\u00bb1\/3&Prime;][vc_column_text]<\/p>\n<h4 style=\"text-align: center;\"><img loading=\"lazy\" decoding=\"async\" class=\"aligncenter wp-image-4801 size-full\" src=\"https:\/\/www.mtts-asia.com\/wp-content\/uploads\/2014\/11\/CARE.png\" alt=\"\" width=\"49\" height=\"80\" \/><\/h4>\n<h3 style=\"text-align: center;\">Se soucier<\/h3>\n<hr \/>\n<p style=\"text-align: center;\">Le dispositif peut \u00e9galement \u00eatre utilis\u00e9 comme un outil de prise de d\u00e9cision clinique, permettant au soignant de d\u00e9terminer comment positionner le b\u00e9b\u00e9, maximiser l&rsquo;exposition \u00e0 la lumi\u00e8re et fournir la phototh\u00e9rapie la plus puissante.<\/p>\n<p>[\/vc_column_text][\/vc_column_inner][\/vc_row_inner][\/vc_column][\/vc_row][vc_row full_width=\u00a0\u00bbstretch_row\u00a0\u00bb row_type=\u00a0\u00bbsection\u00a0\u00bb][vc_column][vc_column_text]<\/p>\n<h3 style=\"text-align: center;\">Principales caract\u00e9ristiques<\/h3>\n<hr \/>\n<p>[\/vc_column_text][vc_row_inner][vc_column_inner width=\u00a0\u00bb1\/2&Prime;][vc_column_text]<span style=\"color: #00a0c6;\"><strong>Fonctionse<\/strong><\/span><br \/>\n1. Mesure de l&rsquo;irradiance de la lumi\u00e8re bleue\u00a0:<br \/>\n&#8211; v\u00e9rifier l&rsquo;irradiance des appareils de phototh\u00e9rapie lors de la maintenance pr\u00e9ventive et de l&rsquo;utilisation normale<br \/>\n2. Mesure de l&rsquo;oxygen\u00a0:<br \/>\n&#8211; v\u00e9rifier la puret\u00e9 des sources d&rsquo;oxygen (r\u00e9servoir, g\u00e9n\u00e9rateur, paroi) lors de la maintenance pr\u00e9ventive<br \/>\n&#8211; v\u00e9rifier le m\u00e9langeur m\u00e9canique et autre m\u00e9langeur lors de la maintenance pr\u00e9ventive<br \/>\n&#8211; recherche de fuite \u00e0 l&rsquo;int\u00e9rieur de l&rsquo;appareil et le long des tubes externes lors de la r\u00e9paration et<br \/>\nde l&rsquo;inspection de l&rsquo;\u00e9quipement<br \/>\n3. Mesure de pression :<br \/>\n&#8211; v\u00e9rifier la pression au connecteur Y pendant l&rsquo;utilisation<br \/>\n4. Mesure de d\u00e9bit\u00a0:<br \/>\n&#8211; v\u00e9rifier le d\u00e9bit du CPAP, du Hi-flow et des ventilateurs lors de la maintenance pr\u00e9ventive<br \/>\n5. Mesure haute pression :<br \/>\n&#8211; v\u00e9rifier les sources de gaz de l&rsquo;h\u00f4pital et v\u00e9rifier leur fluctuation<br \/>\n6. Mesure de la temp\u00e9rature et de l&rsquo;humidit\u00e9 :<br \/>\n&#8211; v\u00e9rifier l&rsquo;uniformit\u00e9 de la temp\u00e9rature des radiateurs radiants<br \/>\n&#8211; v\u00e9rifier la temp\u00e9rature et l&rsquo;humidit\u00e9 \u00e0 l&rsquo;int\u00e9rieur des incubateurs<\/p>\n<p><span style=\"color: #00a0c6;\"><strong>Capteur d&rsquo;irradiance lumineuse<\/strong><\/span><br \/>\n&#8211; r\u00e9ponse spectrale choisie pour correspondre \u00e0 la longueur d&rsquo;onde utilis\u00e9e pour le traitement de l&rsquo;ict\u00e8re<br \/>\n&#8211; mesure bilat\u00e9rale pour une mesure pratique des appareils de phototh\u00e9rapie double face tels que MTTS Firefly<\/p>\n<p><span style=\"color: #00a0c6;\"><strong>Afficheurs \/ Indicateurs<\/strong><\/span><br \/>\n&#8211; \u00e9cran tactile \u00e0 cristaux liquides (LCD)<br \/>\n&#8211; batterie faible<br \/>\n&#8211; Temps d&rsquo;affichage des r\u00e9sultats de 5 secondes<br \/>\n&#8211; d\u00e9faillance du syst\u00e8me<br \/>\n&#8211; hors de mesure<\/p>\n<p><span style=\"color: #00a0c6;\"><strong>Batterie<\/strong><\/span><br \/>\n&#8211; longue dur\u00e9e de vie de la batterie<br \/>\n&#8211; les piles alcalines AA standard sont faciles \u00e0 remplacer[\/vc_column_text][\/vc_column_inner][vc_column_inner width=\u00a0\u00bb1\/2&Prime;][vc_empty_space][vc_single_image image=\u00a0\u00bb10805&Prime; img_size=\u00a0\u00bb700x530px\u00a0\u00bb][\/vc_column_inner][\/vc_row_inner][\/vc_column][\/vc_row][vc_row full_width=\u00a0\u00bbstretch_row\u00a0\u00bb row_type=\u00a0\u00bbsection\u00a0\u00bb bg_color=\u00a0\u00bb#f8f8f8&Prime; css=\u00a0\u00bb.vc_custom_1734597140344{background-color: #f8f8f8 !important;}\u00a0\u00bb][vc_column][vc_row_inner][vc_column_inner width=\u00a0\u00bb1\/3&Prime;][vc_column_text]<\/p>\n<h3 style=\"text-align: center;\"><img loading=\"lazy\" decoding=\"async\" class=\"aligncenter wp-image-5017 size-full\" src=\"https:\/\/www.mtts-asia.com\/wp-content\/uploads\/2014\/11\/baby.png\" alt=\"\" width=\"89\" height=\"80\" \/><\/h3>\n<h3 style=\"text-align: center;\">Facile \u00e0 utiliser<\/h3>\n<hr \/>\n<p style=\"text-align: center;\">Le 4meter pr\u00e9sente un grand \u00e9cran clair qui le rend facile \u00e0 lire dans toutes les conditions d&rsquo;\u00e9clairage.<\/p>\n<p>[\/vc_column_text][\/vc_column_inner][vc_column_inner width=\u00a0\u00bb1\/3&Prime;][vc_column_text]<\/p>\n<h3 style=\"text-align: center;\"><img loading=\"lazy\" decoding=\"async\" class=\"aligncenter size-full wp-image-5009\" src=\"https:\/\/www.mtts-asia.com\/wp-content\/uploads\/2014\/11\/safe.png\" alt=\"safe\" width=\"79\" height=\"79\" \/><\/h3>\n<h3 style=\"text-align: center;\">Compact<\/h3>\n<hr \/>\n<p style=\"text-align: center;\">Le 4meter est l\u00e9ger et portable. Il peut \u00eatre transport\u00e9 facilement et aide les professionnels de la sant\u00e9 \u00e0 avoir confiance dans le traitement de phototh\u00e9rapie qu&rsquo;ils fournissent \u00e0 leurs patients.<\/p>\n<p>[\/vc_column_text][\/vc_column_inner][vc_column_inner width=\u00a0\u00bb1\/3&Prime;][vc_column_text]<\/p>\n<h3 style=\"text-align: center;\"><img loading=\"lazy\" decoding=\"async\" class=\"aligncenter size-full wp-image-5011\" src=\"https:\/\/www.mtts-asia.com\/wp-content\/uploads\/2014\/11\/costefficient.png\" alt=\"costefficient\" width=\"93\" height=\"80\" \/><\/h3>\n<h3 style=\"text-align: center;\">Souple<\/h3>\n<hr \/>\n<p style=\"text-align: center;\">Le 4meter peut \u00eatre utilis\u00e9 pour mesurer l&rsquo;intensit\u00e9 de tout type de phototh\u00e9rapie ainsi que le v\u00e9ritable niveau de d\u00e9bit, de pression et de niveau d&rsquo;oxyg\u00e8ne des sources de gaz.<\/p>\n<p>[\/vc_column_text][\/vc_column_inner][\/vc_row_inner][vc_empty_space height=\u00a0\u00bb20px\u00a0\u00bb][\/vc_column][\/vc_row][vc_row][vc_column][vc_empty_space height=\u00a0\u00bb20px\u00a0\u00bb][vc_column_text]<\/p>\n<h3 style=\"text-align: center;\">Sp\u00e9cifications techniques<\/h3>\n<hr \/>\n<p>[\/vc_column_text][vc_row_inner][vc_column_inner width=\u00a0\u00bb2\/3&Prime;][vc_column_text]\n<table id=\"tablepress-0512\" class=\"tablepress tablepress-id-0512\">\n<tbody class=\"row-striping row-hover\">\n<tr class=\"row-1\">\n\t<td class=\"column-1\"><strong>Dimensions et poids<\/strong><\/td><td class=\"column-2\">Taille<\/td><td class=\"column-3\"><\/td><td class=\"column-4\">148mm<\/td>\n<\/tr>\n<tr class=\"row-2\">\n\t<td class=\"column-1\"><\/td><td class=\"column-2\">Largeur<\/td><td class=\"column-3\"><\/td><td class=\"column-4\">73mm<\/td>\n<\/tr>\n<tr class=\"row-3\">\n\t<td class=\"column-1\"><\/td><td class=\"column-2\">Profondeur<\/td><td class=\"column-3\"><\/td><td class=\"column-4\">17mm<\/td>\n<\/tr>\n<tr class=\"row-4\">\n\t<td class=\"column-1\"><\/td><td class=\"column-2\">Unit\u00e9 de masse totale<\/td><td class=\"column-3\"><\/td><td class=\"column-4\">200g<\/td>\n<\/tr>\n<tr class=\"row-5\">\n\t<td class=\"column-1\"><strong>Sp\u00e9cifications de performance<\/strong><\/td><td class=\"column-2\"><\/td><td class=\"column-3\"><\/td><td class=\"column-4\"><\/td>\n<\/tr>\n<tr class=\"row-6\">\n\t<td class=\"column-1\">CAPTEUR DE LUMI\u00c8RE<\/td><td class=\"column-2\">Application<\/td><td class=\"column-3\"><\/td><td class=\"column-4\">LED et sources lumineuses de phototh\u00e9rapie fluorescente bleue.<\/td>\n<\/tr>\n<tr class=\"row-7\">\n\t<td class=\"column-1\"><\/td><td class=\"column-2\">R\u00e9ponse spectrale<\/td><td class=\"column-3\"><\/td><td class=\"column-4\">400-520nm<\/td>\n<\/tr>\n<tr class=\"row-8\">\n\t<td class=\"column-1\"><\/td><td class=\"column-2\">Plage de mesure<\/td><td class=\"column-3\">seul c\u00f4t\u00e9<\/td><td class=\"column-4\">0.1 \u2013 150.0 \u03bcW\/cm\u00b2\/nm<\/td>\n<\/tr>\n<tr class=\"row-9\">\n\t<td class=\"column-1\"><\/td><td class=\"column-2\"><\/td><td class=\"column-3\">double face<\/td><td class=\"column-4\">0.1 \u2013 300.0 \u03bcW\/cm\u00b2\/nm<\/td>\n<\/tr>\n<tr class=\"row-10\">\n\t<td class=\"column-1\"><\/td><td class=\"column-2\">R\u00e9solution<\/td><td class=\"column-3\"><\/td><td class=\"column-4\">0.1 \u03bcW\/cm\u00b2\/nm<\/td>\n<\/tr>\n<tr class=\"row-11\">\n\t<td class=\"column-1\"><\/td><td class=\"column-2\">Caract\u00e9ristiques cosinus<\/td><td class=\"column-3\"><\/td><td class=\"column-4\">\u00b12% @ 30 degr\u00e9s d'angle<\/td>\n<\/tr>\n<tr class=\"row-12\">\n\t<td class=\"column-1\"><\/td><td class=\"column-2\"><\/td><td class=\"column-3\"><\/td><td class=\"column-4\">\u00b17% @ 60 degr\u00e9s d'angle<\/td>\n<\/tr>\n<tr class=\"row-13\">\n\t<td class=\"column-1\"><\/td><td class=\"column-2\"><\/td><td class=\"column-3\"><\/td><td class=\"column-4\">\u00b125% @ 80 degr\u00e9s d'angle<\/td>\n<\/tr>\n<tr class=\"row-14\">\n\t<td class=\"column-1\"><\/td><td class=\"column-2\">Pr\u00e9cision<\/td><td class=\"column-3\"><\/td><td class=\"column-4\">+\/- 3%<\/td>\n<\/tr>\n<tr class=\"row-15\">\n\t<td class=\"column-1\">CAPTEUR D'OXYG\u00c8NE<\/td><td class=\"column-2\">FiO2<\/td><td class=\"column-3\"><\/td><td class=\"column-4\">0-100%<\/td>\n<\/tr>\n<tr class=\"row-16\">\n\t<td class=\"column-1\">CAPTEUR DE PRESSION<\/td><td class=\"column-2\">Pression<\/td><td class=\"column-3\"><\/td><td class=\"column-4\">0-100 cm H2O<\/td>\n<\/tr>\n<tr class=\"row-17\">\n\t<td class=\"column-1\">CAPTEUR DE D\u00c9BIT<\/td><td class=\"column-2\">Couler<\/td><td class=\"column-3\"><\/td><td class=\"column-4\">0-160 lpm, bidirectionnel<\/td>\n<\/tr>\n<tr class=\"row-18\">\n\t<td class=\"column-1\">CAPTEUR DE HAUTE PRESSION<\/td><td class=\"column-2\">Pression<\/td><td class=\"column-3\"><\/td><td class=\"column-4\">\u00b1100 psi<\/td>\n<\/tr>\n<tr class=\"row-19\">\n\t<td class=\"column-1\">CAPTEUR TEMP\/HUMIDIT\u00c9<\/td><td class=\"column-2\">temp\u00e9rature<\/td><td class=\"column-3\"><\/td><td class=\"column-4\">5-60\u00b0C<\/td>\n<\/tr>\n<tr class=\"row-20\">\n\t<td class=\"column-1\"><\/td><td class=\"column-2\">humidit\u00e9<\/td><td class=\"column-3\"><\/td><td class=\"column-4\">0-100% RH<\/td>\n<\/tr>\n<tr class=\"row-21\">\n\t<td class=\"column-1\"><strong>Sp\u00e9cifications de la batterie<\/strong><\/td><td class=\"column-2\">Taper<\/td><td class=\"column-3\"><\/td><td class=\"column-4\">2xAAA 1.5V alcalins, non rechargeables.<\/td>\n<\/tr>\n<tr class=\"row-22\">\n\t<td class=\"column-1\"><\/td><td class=\"column-2\">Dur\u00e9e op\u00e9rationnelle<\/td><td class=\"column-3\"><\/td><td class=\"column-4\">Jusqu'\u00e0 120h de temps de fonctionnement.<\/td>\n<\/tr>\n<tr class=\"row-23\">\n\t<td class=\"column-1\"><\/td><td class=\"column-2\">Dur\u00e9e d'utilisation maximale une<br \/>\nfois compl\u00e8tement accus\u00e9<\/td><td class=\"column-3\"><\/td><td class=\"column-4\">4h<\/td>\n<\/tr>\n<tr class=\"row-24\">\n\t<td class=\"column-1\"><strong>Sp\u00e9cifications d'affichage<\/strong><\/td><td class=\"column-2\">Type<\/td><td class=\"column-3\"><\/td><td class=\"column-4\">\u00c9cran tactile<\/td>\n<\/tr>\n<tr class=\"row-25\">\n\t<td class=\"column-1\"><strong>Sp\u00e9cifications environnementales<\/strong><\/td><td class=\"column-2\">Temp\u00e9rature ambiante de operation<\/td><td class=\"column-3\"><\/td><td class=\"column-4\">10\u00b0C \u00e0 40\u00b0C<\/td>\n<\/tr>\n<tr class=\"row-26\">\n\t<td class=\"column-1\"><\/td><td class=\"column-2\">Temp\u00e9rature ambiante de transport et stockage<\/td><td class=\"column-3\"><\/td><td class=\"column-4\">0\u00b0C \u00e0 50\u00b0C<\/td>\n<\/tr>\n<tr class=\"row-27\">\n\t<td class=\"column-1\"><\/td><td class=\"column-2\">Humidit\u00e9 de operation<\/td><td class=\"column-3\"><\/td><td class=\"column-4\">30 \u00e0 90% RH<\/td>\n<\/tr>\n<tr class=\"row-28\">\n\t<td class=\"column-1\"><\/td><td class=\"column-2\">Humidit\u00e9 de transport et stockage<\/td><td class=\"column-3\"><\/td><td class=\"column-4\">5 \u00e0 90% RH<\/td>\n<\/tr>\n<tr class=\"row-29\">\n\t<td class=\"column-1\"><\/td><td class=\"column-2\">Fonctionnement Pression atmosph\u00e9rique<\/td><td class=\"column-3\"><\/td><td class=\"column-4\">70 \u2013 106 kPA<\/td>\n<\/tr>\n<tr class=\"row-30\">\n\t<td class=\"column-1\"><\/td><td class=\"column-2\">Pression atmosph\u00e9rique de stockage<\/td><td class=\"column-3\"><\/td><td class=\"column-4\">70 \u2013 106 kPA<\/td>\n<\/tr>\n<tr class=\"row-31\">\n\t<td class=\"column-1\"><strong>Service<\/strong><\/td><td class=\"column-2\">Calibration<\/td><td class=\"column-3\"><\/td><td class=\"column-4\">Obligatoire<\/td>\n<\/tr>\n<tr class=\"row-32\">\n\t<td class=\"column-1\"><\/td><td class=\"column-2\">Calendrier de calibration<\/td><td class=\"column-3\"><\/td><td class=\"column-4\">Tous les 2 ans, mesur\u00e9 \u00e0 partir de la date de livraison.<br \/>\nRetournez \u00e0 MTTS pour l'\u00e9talonnage.<\/td>\n<\/tr>\n<tr class=\"row-33\">\n\t<td class=\"column-1\"><\/td><td class=\"column-2\">Entretien<\/td><td class=\"column-3\"><\/td><td class=\"column-4\">Aucune pi\u00e8ce r\u00e9parable par le client.<\/td>\n<\/tr>\n<\/tbody>\n<\/table>\n<!-- #tablepress-0512 from cache --><br \/>\n<span id=\"ordering\"> <\/span>[\/vc_column_text][\/vc_column_inner][vc_column_inner width=\u00a0\u00bb1\/3&Prime;][vc_column_text]<\/p>\n<h5><span style=\"color: #00a0c6;\">Garantie Standard: 1 an.<\/span><\/h5>\n<p>(Sous r\u00e9serve des conditions de garanties de MTTS)[\/vc_column_text][\/vc_column_inner][\/vc_row_inner][\/vc_column][\/vc_row][vc_row bg_color=\u00a0\u00bb#f8f8f8&Prime;][vc_column][vc_column_text]<\/p>\n<h3 style=\"text-align: center;\">Informations de commande et entretien<\/h3>\n<p>[\/vc_column_text][\/vc_column][\/vc_row][vc_row][vc_column width=\u00a0\u00bb2\/3&Prime;][vc_column_text]\n<table id=\"tablepress-0522\" class=\"tablepress tablepress-id-0522\">\n<tbody class=\"row-striping row-hover\">\n<tr class=\"row-1\">\n\t<td class=\"column-1\"><strong>Informations de commande<\/strong><\/td><td class=\"column-2\">Photom\u00e8tre<\/td><td class=\"column-3\">LM-800<\/td><td class=\"column-4\">Unit\u00e9 principale<\/td>\n<\/tr>\n<tr class=\"row-2\">\n\t<td class=\"column-1\"><\/td><td class=\"column-2\">Oxym\u00e8tre<\/td><td class=\"column-3\">ID 1789<\/td><td class=\"column-4\">Optionnel<\/td>\n<\/tr>\n<tr class=\"row-3\">\n\t<td class=\"column-1\"><\/td><td class=\"column-2\">Manom\u00e8tre<\/td><td class=\"column-3\">ID 1790<\/td><td class=\"column-4\">Optionnel<\/td>\n<\/tr>\n<tr class=\"row-4\">\n\t<td class=\"column-1\"><\/td><td class=\"column-2\">D\u00e9bitm\u00e8tre<\/td><td class=\"column-3\">ID 1791<\/td><td class=\"column-4\">Optionnel<\/td>\n<\/tr>\n<tr class=\"row-5\">\n\t<td class=\"column-1\"><\/td><td class=\"column-2\">Compteur haute pression<\/td><td class=\"column-3\">ID 2009<\/td><td class=\"column-4\">Optionnel<\/td>\n<\/tr>\n<tr class=\"row-6\">\n\t<td class=\"column-1\"><\/td><td class=\"column-2\">Compteur de temp\u00e9rature\/<br \/>\nhumidit\u00e9<\/td><td class=\"column-3\">ID 2010<\/td><td class=\"column-4\">Optionnel<\/td>\n<\/tr>\n<tr class=\"row-7\">\n\t<td class=\"column-1\"><\/td><td class=\"column-2\">Capteur de temp\u00e9rature<\/td><td class=\"column-3\">ID 2011<\/td><td class=\"column-4\">Optionnel<\/td>\n<\/tr>\n<tr class=\"row-8\">\n\t<td class=\"column-1\"><\/td><td class=\"column-2\">Casier de rangement<\/td><td class=\"column-3\">ID 2013<\/td><td class=\"column-4\">Optionnel<\/td>\n<\/tr>\n<\/tbody>\n<\/table>\n<!-- #tablepress-0522 from cache -->[\/vc_column_text][\/vc_column][vc_column width=\u00a0\u00bb1\/3&Prime;][\/vc_column][\/vc_row]<\/p>\n<\/div>","protected":false},"excerpt":{"rendered":"<p>[vc_row full_width=\u00a0\u00bbstretch_row\u00a0\u00bb row_type=\u00a0\u00bbsection\u00a0\u00bb row_color=\u00a0\u00bbcolor_light\u00a0\u00bb el_class=\u00a0\u00bbpage-banner\u00a0\u00bb css=\u00a0\u00bb.vc_custom_1734574532833{background-image: url(https:\/\/www.mtts-asia.com\/wp-content\/uploads\/2014\/11\/111.jpg?id=4723) !important;background-position: center !important;background-repeat: no-repeat !important;background-size: cover !important;}\u00a0\u00bb][vc_column][vc_custom_heading source=\u00a0\u00bbpost_title\u00a0\u00bb font_container=\u00a0\u00bbtag:h2|text_align:center\u00a0\u00bb use_theme_fonts=\u00a0\u00bbyes\u00a0\u00bb css=\u00a0\u00bb\u00a0\u00bb wb_heading_type=\u00a0\u00bbheading\u00a0\u00bb][\/vc_column][\/vc_row][vc_row full_width=\u00a0\u00bbstretch_row\u00a0\u00bb row_type=\u00a0\u00bbsection\u00a0\u00bb][vc_column][vc_empty_space height=\u00a0\u00bb20px\u00a0\u00bb][vc_row_inner][vc_column_inner width=\u00a0\u00bb1\/3&Prime;][vc_empty_space height=\u00a0\u00bb30px\u00a0\u00bb][vc_single_image image=\u00a0\u00bb10786&Prime; img_size=\u00a0\u00bb900&#215;230&Prime;][vc_column_text] Le 4meter est utilis\u00e9 pour d\u00e9terminer le niveau r\u00e9el de sources requis pour une th\u00e9rapie m\u00e9dicale efficace. L&rsquo;outil est utile \u00e0 la fois pour les techniciens hospitaliers et les [&hellip;]<\/p>\n","protected":false},"author":3,"featured_media":0,"parent":0,"menu_order":0,"comment_status":"closed","ping_status":"closed","template":"","meta":{"footnotes":""},"class_list":["post-7339","page","type-page","status-publish","hentry"],"jetpack_sharing_enabled":true,"_links":{"self":[{"href":"https:\/\/www.mtts-asia.com\/fr\/wp-json\/wp\/v2\/pages\/7339","targetHints":{"allow":["GET"]}}],"collection":[{"href":"https:\/\/www.mtts-asia.com\/fr\/wp-json\/wp\/v2\/pages"}],"about":[{"href":"https:\/\/www.mtts-asia.com\/fr\/wp-json\/wp\/v2\/types\/page"}],"author":[{"embeddable":true,"href":"https:\/\/www.mtts-asia.com\/fr\/wp-json\/wp\/v2\/users\/3"}],"replies":[{"embeddable":true,"href":"https:\/\/www.mtts-asia.com\/fr\/wp-json\/wp\/v2\/comments?post=7339"}],"version-history":[{"count":2,"href":"https:\/\/www.mtts-asia.com\/fr\/wp-json\/wp\/v2\/pages\/7339\/revisions"}],"predecessor-version":[{"id":12631,"href":"https:\/\/www.mtts-asia.com\/fr\/wp-json\/wp\/v2\/pages\/7339\/revisions\/12631"}],"wp:attachment":[{"href":"https:\/\/www.mtts-asia.com\/fr\/wp-json\/wp\/v2\/media?parent=7339"}],"curies":[{"name":"wp","href":"https:\/\/api.w.org\/{rel}","templated":true}]}}