{"id":7343,"date":"2020-02-17T05:00:59","date_gmt":"2020-02-17T05:00:59","guid":{"rendered":"http:\/\/mttsasia.local\/?page_id=7343"},"modified":"2025-11-25T12:17:48","modified_gmt":"2025-11-25T05:17:48","slug":"wallaby-warmer","status":"publish","type":"page","link":"https:\/\/www.mtts-asia.com\/fr\/wallaby-warmer\/","title":{"rendered":"Chauffe-b\u00e9b\u00e9 Wallaby"},"content":{"rendered":"<div class=\"wpb-content-wrapper\"><p>[vc_row full_width=\u00a0\u00bbstretch_row\u00a0\u00bb row_type=\u00a0\u00bbsection\u00a0\u00bb row_color=\u00a0\u00bbcolor_light\u00a0\u00bb el_class=\u00a0\u00bbpage-banner\u00a0\u00bb css=\u00a0\u00bb.vc_custom_1734574532833{background-image: url(https:\/\/www.mtts-asia.com\/wp-content\/uploads\/2014\/11\/111.jpg?id=4723) !important;background-position: center !important;background-repeat: no-repeat !important;background-size: cover !important;}\u00a0\u00bb][vc_column][vc_custom_heading source=\u00a0\u00bbpost_title\u00a0\u00bb font_container=\u00a0\u00bbtag:h2|text_align:center\u00a0\u00bb use_theme_fonts=\u00a0\u00bbyes\u00a0\u00bb css=\u00a0\u00bb\u00a0\u00bb wb_heading_type=\u00a0\u00bbheading\u00a0\u00bb][\/vc_column][\/vc_row][vc_row full_width=\u00a0\u00bbstretch_row\u00a0\u00bb row_type=\u00a0\u00bbsection\u00a0\u00bb][vc_column][vc_row_inner][vc_column_inner width=\u00a0\u00bb1\/3&Prime;][vc_single_image image=\u00a0\u00bb6127&Prime; img_size=\u00a0\u00bb500x710px\u00a0\u00bb][vc_column_text]<\/p>\n<p style=\"text-align: justify;\">Lorsqu&rsquo;ils quittent la chaleur de l&rsquo;ut\u00e9rus de la m\u00e8re pour l&rsquo;environnement beaucoup plus frais de la salle d&rsquo;accouchement, les b\u00e9b\u00e9s dont la capacit\u00e9 m\u00e9tabolique est limit\u00e9e en raison d&rsquo;une maladie, d&rsquo;une pr\u00e9maturit\u00e9 ou d&rsquo;un faible poids \u00e0 la naissance sont susceptibles de conna\u00eetre une instabilit\u00e9 thermique. MTTS fournit un r\u00e9chauffeur technologiquement avanc\u00e9 pour restaurer, stabiliser et contr\u00f4ler la temp\u00e9rature du nouveau-n\u00e9.<br \/>\nEn se concentrant sur des fonctionnalit\u00e9s am\u00e9lior\u00e9es et des performances cliniques, le Wallaby offre un contr\u00f4le automatique et s\u00fbr de la temp\u00e9rature du patient avec une d\u00e9tection intelligente des probl\u00e8mes, des modes de repli de s\u00e9curit\u00e9 et des \u00e9crans LCD qui affichent la temp\u00e9rature d\u00e9finie, l&rsquo;alarme de temp\u00e9rature, le temps de traitement, le temps d&rsquo;utilisation total et le niveau de puissance du r\u00e9chauffeur. De plus, les parois lat\u00e9rales faciles \u00e0 ouvrir permettent d&rsquo;acc\u00e9der au patient tout en le gardant au chaud et cr\u00e9ent un cadre ergonomique id\u00e9al o\u00f9 les soignants peuvent travailler efficacement.<\/p>\n<p><img loading=\"lazy\" decoding=\"async\" class=\"wp-image-5563 alignnone\" src=\"https:\/\/www.mtts-asia.com\/wp-content\/uploads\/2014\/11\/CE-Mark-with-Number1.jpg\" alt=\"CE Mark with Number\" width=\"97\" height=\"35\" \/><\/p>\n<hr \/>\n<p>[\/vc_column_text][vc_empty_space height=\u00a0\u00bb20px\u00a0\u00bb][vc_column_text css=\u00a0\u00bb\u00a0\u00bb]<img loading=\"lazy\" decoding=\"async\" class=\"alignleft size-full wp-image-4832\" src=\"https:\/\/www.mtts-asia.com\/wp-content\/uploads\/2014\/11\/Untitled-1.png\" alt=\"Untitled-1\" width=\"45\" height=\"32\" \/><\/p>\n<p>&nbsp;<\/p>\n<p>&nbsp;<\/p>\n<p><a title=\"WARMER Brochure\" href=\"https:\/\/www.mtts-asia.com\/wp-content\/uploads\/2025\/09\/WM-WL-MKT-01-Wallaby-Warmer-Brochure-1.11FR-1.pdf\" target=\"_blank\" rel=\"noopener noreferrer\">Brochure<\/a><\/p>\n<p><a title=\"WARMER Brochure\" href=\"https:\/\/www.mtts-asia.com\/wp-content\/uploads\/2025\/11\/WM-WL-MAN-01-Wallaby-User-Manual-1.16FR.pdf\" target=\"_blank\" rel=\"noopener noreferrer\">Manuel de l&rsquo;Utilisateur<\/a><\/p>\n<p><a title=\"WARMER Brochure\" href=\"https:\/\/www.mtts-asia.com\/wp-content\/uploads\/2023\/03\/WM-WL-MAN-02-Wallaby-Assembly-Instructions-1.04FR.pdf\" target=\"_blank\" rel=\"noopener noreferrer\">Instructions de montage<\/a><\/p>\n<p><a href=\"https:\/\/www.mtts-asia.com\/wp-content\/uploads\/2024\/12\/WM-WL-MAN-04-Wallaby-Optional-Components-Assembly-Instructions-1.02FR.pdf\" target=\"_blank\" rel=\"noopener noreferrer\">Instructions d\u2019assemblage des composants optionnels<\/a><\/p>\n<p><a href=\"https:\/\/www.mtts-asia.com\/wp-content\/uploads\/2020\/02\/WM-WL-MAN-03-Wallaby-Quick-Reference-Guide-1.04FR.pdf\" target=\"_blank\" rel=\"noopener noreferrer\">Guide de r\u00e9f\u00e9rence rapide<\/a><\/p>\n<p><a href=\"https:\/\/youtu.be\/ipMV9QeytKE\" target=\"_blank\" rel=\"noopener noreferrer\">Vid\u00e9o d\u2019assemblage<\/a>[\/vc_column_text][vc_video link=\u00a0\u00bbhttps:\/\/youtu.be\/ipMV9QeytKE\u00a0\u00bb][\/vc_column_inner][vc_column_inner width=\u00a0\u00bb2\/3&Prime;][vc_empty_space height=\u00a0\u00bb160px\u00a0\u00bb][vc_images_carousel images=\u00a0\u00bb6691,6693,6695,6697,6701,6699&Prime; img_size=\u00a0\u00bb650&#215;650&Prime; onclick=\u00a0\u00bblink_no\u00a0\u00bb wrap=\u00a0\u00bbyes\u00a0\u00bb][\/vc_column_inner][\/vc_row_inner][vc_empty_space height=\u00a0\u00bb20px\u00a0\u00bb][vc_row_inner][vc_column_inner width=\u00a0\u00bb1\/3&Prime;][vc_column_text]<\/p>\n<p style=\"text-align: center;\"><div class=\"vc_btn3-container align-center\">\r\n<a href=\"#features\" class=\"vc_general vc_btn3 vc_btn3-size-md vc_btn3-shape-rounded vc_btn3-style-flat vc_btn3-color-wb-btn-primary\">\r\n    <span>PRINCIPALES CARACT\u00c9RISTIQUES<\/span>\r\n<\/a>\r\n<\/div>\n<p>[\/vc_column_text][\/vc_column_inner][vc_column_inner width=\u00a0\u00bb1\/3&Prime;][vc_column_text]<\/p>\n<p style=\"text-align: center;\"><div class=\"vc_btn3-container align-center\">\r\n<a href=\"#technical\" class=\"vc_general vc_btn3 vc_btn3-size-md vc_btn3-shape-rounded vc_btn3-style-flat vc_btn3-color-wb-btn-primary\">\r\n    <span>SP\u00c9CIFICATIONS TECHNIQUES<\/span>\r\n<\/a>\r\n<\/div>\n<p>[\/vc_column_text][\/vc_column_inner][vc_column_inner width=\u00a0\u00bb1\/3&Prime;][vc_column_text]<\/p>\n<p style=\"text-align: center;\"><div class=\"vc_btn3-container align-center\">\r\n<a href=\"#ordering\" class=\"vc_general vc_btn3 vc_btn3-size-md vc_btn3-shape-rounded vc_btn3-style-flat vc_btn3-color-wb-btn-primary\">\r\n    <span>COMMANDE ET ENTRETIEN<\/span>\r\n<\/a>\r\n<\/div>\n<p>[\/vc_column_text][\/vc_column_inner][\/vc_row_inner][vc_empty_space height=\u00a0\u00bb20px\u00a0\u00bb][\/vc_column][\/vc_row][vc_row full_width=\u00a0\u00bbstretch_row\u00a0\u00bb row_type=\u00a0\u00bbsection\u00a0\u00bb bg_color=\u00a0\u00bb#f8f8f8&Prime; css=\u00a0\u00bb.vc_custom_1734596185713{background-color: #f8f8f8 !important;}\u00a0\u00bb][vc_column][vc_row_inner][vc_column_inner width=\u00a0\u00bb1\/3&Prime;][vc_column_text]<\/p>\n<h4 style=\"text-align: center;\"><strong><img loading=\"lazy\" decoding=\"async\" class=\"aligncenter wp-image-4799 size-full\" src=\"https:\/\/www.mtts-asia.com\/wp-content\/uploads\/2014\/11\/QUALITY.png\" alt=\"\" width=\"69\" height=\"80\" \/><\/strong><\/h4>\n<h3 style=\"text-align: center;\">Qualit\u00e9<\/h3>\n<hr \/>\n<p style=\"text-align: center;\">Le Wallaby est un appareil fiable qui fournit des soins thermiques optimaux avec une faible consommation d&rsquo;\u00e9nergie, des composants de haute fiabilit\u00e9 et un \u00e9l\u00e9ment chauffant longue dur\u00e9e.<\/p>\n<p>[\/vc_column_text][\/vc_column_inner][vc_column_inner width=\u00a0\u00bb1\/3&Prime;][vc_column_text]<\/p>\n<h4><img loading=\"lazy\" decoding=\"async\" class=\"aligncenter wp-image-4800 size-full\" src=\"https:\/\/www.mtts-asia.com\/wp-content\/uploads\/2014\/11\/INNOVATION.png\" alt=\"\" width=\"80\" height=\"80\" \/><\/h4>\n<h3 style=\"text-align: center;\">Innovation<\/h3>\n<hr \/>\n<p style=\"text-align: center;\">La technologie sophistiqu\u00e9e du Wallaby est associ\u00e9e \u00e0 une interface conviviale et \u00e0 un syst\u00e8me de d\u00e9tection de probl\u00e8mes innovant qui fonctionnent ensemble pour fournir un support de thermor\u00e9gulation coh\u00e9rent.<\/p>\n<p>[\/vc_column_text][\/vc_column_inner][vc_column_inner width=\u00a0\u00bb1\/3&Prime;][vc_column_text]<\/p>\n<h4 style=\"text-align: center;\"><img loading=\"lazy\" decoding=\"async\" class=\"aligncenter wp-image-4801 size-full\" src=\"https:\/\/www.mtts-asia.com\/wp-content\/uploads\/2014\/11\/CARE.png\" alt=\"\" width=\"49\" height=\"80\" \/><\/h4>\n<h3 style=\"text-align: center;\">Se soucier<\/h3>\n<hr \/>\n<p style=\"text-align: center;\">Le Wallaby prend en charge les nouveau-n\u00e9s pr\u00e9matur\u00e9s et malades avec un environnement thermique unique, tout en vous offrant un acc\u00e8s facile afin que vous puissiez fournir les meilleurs soins possibles.<\/p>\n<p>[\/vc_column_text][\/vc_column_inner][\/vc_row_inner][\/vc_column][\/vc_row][vc_row full_width=\u00a0\u00bbstretch_row\u00a0\u00bb row_type=\u00a0\u00bbsection\u00a0\u00bb][vc_column][vc_column_text]<\/p>\n<h3 style=\"text-align: center;\">Principales caract\u00e9ristiques<\/h3>\n<hr \/>\n<p>[\/vc_column_text][vc_row_inner][vc_column_inner width=\u00a0\u00bb1\/2&Prime;][vc_column_text css=\u00a0\u00bb\u00a0\u00bb]<span style=\"color: #00a0c6;\"><strong>Vue d&rsquo;ensemble<\/strong><\/span><br \/>\nTEMP\u00c9RATURE \u00c0 DISTANCE et d\u00e9tection d&rsquo;objets<br \/>\nProtection totale du patient contre la surchauffe si peau standard le capteur est d\u00e9connect\u00e9 ou d\u00e9fectueux<br \/>\nLit \u00e0 angle ajust\u00e9 (jusqu&rsquo;\u00e0 12 degr\u00e9s)<br \/>\nUnit\u00e9 suspendue r\u00e9glable et plateau pour les proc\u00e9dures de radiographie<\/p>\n<p><span style=\"color: #00a0c6;\"><strong>Syst\u00e8me de contr\u00f4le de la temp\u00e9rature<\/strong><\/span><br \/>\nAutomatique (asservi)<br \/>\nManuel<br \/>\nPr\u00e9chauffge<\/p>\n<p><span style=\"color: #00a0c6;\"><b style=\"color: #00a0c6;\">Affichages \/ Indicateurs<\/b><\/span><br \/>\n\u00c9cran LCD lumineux pour surveiller la temp\u00e9rature du patient, traitement<br \/>\nTemps, temps d&rsquo;utilisation total, niveau de puissance de chauffage et connexion du capteur<br \/>\nMinuteur de score APGAR int\u00e9gr\u00e9<br \/>\nAffichage LCD avec informations de diagnostic et de d\u00e9pannage<br \/>\nCompteur de temps syst\u00e8me total (dur\u00e9e de vie)<\/p>\n<p><span style=\"color: #00a0c6;\"><strong>S\u00e9curit\u00e9<\/strong><\/span><br \/>\nD\u00e9faillance de l&rsquo;\u00e9l\u00e9ment chauffant<br \/>\nD\u00e9faillance du capteur<br \/>\nPanne \u00e9lectrique<br \/>\nCapteur du patient<\/p>\n<p><span style=\"color: #00a0c6;\"><strong>Articles optionnels<\/strong><\/span><br \/>\nPoteau IV<br \/>\nEtag\u00e8re de rangement<br \/>\nTiroir de rangement<br \/>\nPorte bouteillesr[\/vc_column_text][\/vc_column_inner][vc_column_inner width=\u00a0\u00bb1\/2&Prime;][vc_empty_space height=\u00a0\u00bb75px\u00a0\u00bb][vc_single_image image=\u00a0\u00bb6691&Prime; img_size=\u00a0\u00bb650x650px\u00a0\u00bb alignment=\u00a0\u00bbcenter\u00a0\u00bb][\/vc_column_inner][\/vc_row_inner][\/vc_column][\/vc_row][vc_row full_width=\u00a0\u00bbstretch_row\u00a0\u00bb row_type=\u00a0\u00bbsection\u00a0\u00bb bg_color=\u00a0\u00bb#f8f8f8&Prime; css=\u00a0\u00bb.vc_custom_1734596202731{background-color: #f8f8f8 !important;}\u00a0\u00bb][vc_column][vc_row_inner][vc_column_inner width=\u00a0\u00bb1\/3&Prime;][vc_column_text]<\/p>\n<h3 style=\"text-align: center;\"><img loading=\"lazy\" decoding=\"async\" class=\"aligncenter wp-image-5017 size-full\" src=\"https:\/\/www.mtts-asia.com\/wp-content\/uploads\/2014\/11\/baby.png\" alt=\"\" width=\"89\" height=\"80\" \/><\/h3>\n<h3 style=\"text-align: center;\">Efficace<\/h3>\n<hr \/>\n<p style=\"text-align: center;\">Pour une s\u00e9curit\u00e9 accrue du patient, le Wallaby int\u00e8gre un ensemble complet d&rsquo;alarmes qui avertissent les soignants si la temp\u00e9rature de la peau du b\u00e9b\u00e9 s&rsquo;\u00e9carte du point de consigne ou si le capteur cutan\u00e9 chute du patient.<\/p>\n<p>[\/vc_column_text][\/vc_column_inner][vc_column_inner width=\u00a0\u00bb1\/3&Prime;][vc_column_text]<\/p>\n<h3 style=\"text-align: center;\"><img loading=\"lazy\" decoding=\"async\" class=\"aligncenter size-full wp-image-5009\" src=\"https:\/\/www.mtts-asia.com\/wp-content\/uploads\/2014\/11\/safe.png\" alt=\"safe\" width=\"79\" height=\"79\" \/><\/h3>\n<h3 style=\"text-align: center;\">Compatible<\/h3>\n<hr \/>\n<p style=\"text-align: center;\">Le panneau de commande intuitif rend les fonctions sophistiqu\u00e9es faciles \u00e0 utiliser. Le grand \u00e9cran num\u00e9rique lumineux fournit toutes les informations essentielles sur le patient dans un format facile \u00e0 lire.<\/p>\n<p>[\/vc_column_text][\/vc_column_inner][vc_column_inner width=\u00a0\u00bb1\/3&Prime;][vc_column_text]<\/p>\n<h3 style=\"text-align: center;\"><img loading=\"lazy\" decoding=\"async\" class=\"aligncenter size-full wp-image-5011\" src=\"https:\/\/www.mtts-asia.com\/wp-content\/uploads\/2014\/11\/costefficient.png\" alt=\"costefficient\" width=\"93\" height=\"80\" \/><\/h3>\n<h3 style=\"text-align: center;\">Rentable<\/h3>\n<hr \/>\n<p style=\"text-align: center;\">Le r\u00e9chauffeur offre des soins de qualit\u00e9 \u00e0 un prix exceptionnel. Il combine un microenvironnement riche en fonctionnalit\u00e9s avec un faible co\u00fbt initial, une faible consommation d&rsquo;\u00e9nergie et des composants \u00e0 longue dur\u00e9e de vie.<\/p>\n<p>[\/vc_column_text][\/vc_column_inner][\/vc_row_inner][vc_empty_space height=\u00a0\u00bb20px\u00a0\u00bb][\/vc_column][\/vc_row][vc_row full_width=\u00a0\u00bbstretch_row\u00a0\u00bb row_type=\u00a0\u00bbsection\u00a0\u00bb][vc_column][vc_column_text]<\/p>\n<h3 style=\"text-align: center;\">Sp\u00e9cifications techniques<\/h3>\n<hr \/>\n<p>[\/vc_column_text][vc_row_inner][vc_column_inner width=\u00a0\u00bb2\/3&Prime;][vc_column_text]\n<table id=\"tablepress-0012\" class=\"tablepress tablepress-id-0012\">\n<tbody class=\"row-striping row-hover\">\n<tr class=\"row-1\">\n\t<td class=\"column-1\"><strong>Dimensions et Poids<\/strong><\/td><td class=\"column-2\">Dimensions<\/td><td class=\"column-3\">110 cm x 78 cm x 174 cm<\/td>\n<\/tr>\n<tr class=\"row-2\">\n\t<td class=\"column-1\"><\/td><td class=\"column-2\">Poids net<\/td><td class=\"column-3\">64kg<\/td>\n<\/tr>\n<tr class=\"row-3\">\n\t<td class=\"column-1\"><\/td><td class=\"column-2\">Poids d'exp\u00e9dition<\/td><td class=\"column-3\">78kg<\/td>\n<\/tr>\n<tr class=\"row-4\">\n\t<td class=\"column-1\"><strong>Sp\u00e9cifications de pe rformance<\/strong><\/td><td class=\"column-2\">Application<\/td><td class=\"column-3\">Traitement des patients n\u00e9onatals et p\u00e9diatriques<br \/>\npr\u00e9venir l'hypothermie.<\/td>\n<\/tr>\n<tr class=\"row-5\">\n\t<td class=\"column-1\"><\/td><td class=\"column-2\">\u00c9cart de temp\u00e9rature du patient<\/td><td class=\"column-3\">34.0\u00b0C - 37.5\u00b0C<\/td>\n<\/tr>\n<tr class=\"row-6\">\n\t<td class=\"column-1\"><\/td><td class=\"column-2\">Mesure de temp\u00e9rature<\/td><td class=\"column-3\">10.0\u00b0C - 50.0\u00b0C<\/td>\n<\/tr>\n<tr class=\"row-7\">\n\t<td class=\"column-1\"><\/td><td class=\"column-2\">Pr\u00e9cision du capteur<\/td><td class=\"column-3\">+\/- 0.1\u00b0C<\/td>\n<\/tr>\n<tr class=\"row-8\">\n\t<td class=\"column-1\"><\/td><td class=\"column-2\">Garantie standard<\/td><td class=\"column-3\">1 ann\u00e9e<\/td>\n<\/tr>\n<tr class=\"row-9\">\n\t<td class=\"column-1\"><strong>\u00c9l\u00e9ment chauffant<\/strong><\/td><td class=\"column-2\">Type<\/td><td class=\"column-3\">Radiant<\/td>\n<\/tr>\n<tr class=\"row-10\">\n\t<td class=\"column-1\"><\/td><td class=\"column-2\">Puissance<\/td><td class=\"column-3\">650W<\/td>\n<\/tr>\n<tr class=\"row-11\">\n\t<td class=\"column-1\"><strong>Lampe de proc\u00e9dure<\/strong><\/td><td class=\"column-2\">Type<\/td><td class=\"column-3\">LED<\/td>\n<\/tr>\n<tr class=\"row-12\">\n\t<td class=\"column-1\"><\/td><td class=\"column-2\">Puissance<\/td><td class=\"column-3\">3W<\/td>\n<\/tr>\n<tr class=\"row-13\">\n\t<td class=\"column-1\"><strong>Sp\u00e9cifications environnementales<\/strong><\/td><td class=\"column-2\">Temp\u00e9rature de fonctionnement<\/td><td class=\"column-3\">18\u00b0C - 35\u00b0C<\/td>\n<\/tr>\n<tr class=\"row-14\">\n\t<td class=\"column-1\"><strong>Source de courante<\/strong><\/td><td class=\"column-2\">Tension<\/td><td class=\"column-3\">220-240V AC<\/td>\n<\/tr>\n<tr class=\"row-15\">\n\t<td class=\"column-1\"><\/td><td class=\"column-2\">Fr\u00e9quence<\/td><td class=\"column-3\">47 - 63Hz<\/td>\n<\/tr>\n<\/tbody>\n<\/table>\n<!-- #tablepress-0012 from cache --><br \/>\n<span id=\"ordering\"> <\/span>[\/vc_column_text][\/vc_column_inner][vc_column_inner width=\u00a0\u00bb1\/3&Prime;][vc_column_text]<\/p>\n<h5><span style=\"color: #00a0c6;\">Garantie Standard: 1 an.<\/span><\/h5>\n<p>(Sous r\u00e9serve des conditions de garanties de MTTS)[\/vc_column_text][\/vc_column_inner][\/vc_row_inner][\/vc_column][\/vc_row][vc_row bg_color=\u00a0\u00bb#f8f8f8&Prime;][vc_column][vc_column_text]<\/p>\n<h3 style=\"text-align: center;\">Informations de commande et entretien<\/h3>\n<p>[\/vc_column_text][\/vc_column][\/vc_row][vc_row][vc_column width=\u00a0\u00bb2\/3&Prime;][vc_column_text]\n<table id=\"tablepress-0022\" class=\"tablepress tablepress-id-0022\">\n<tbody class=\"row-striping row-hover\">\n<tr class=\"row-1\">\n\t<td class=\"column-1\"><strong>Informations de commande<\/strong><\/td><td class=\"column-2\">Warmer Unit<\/td><td class=\"column-3\"><\/td><td class=\"column-4\">WLB-1000<\/td><td class=\"column-5\">Unit\u00e9 Principale<\/td>\n<\/tr>\n<tr class=\"row-2\">\n\t<td class=\"column-1\"><\/td><td class=\"column-2\">C\u00e2ble d'alimentation secteur<\/td><td class=\"column-3\">Norme UE<\/td><td class=\"column-4\">ID 551<\/td><td class=\"column-5\"><\/td>\n<\/tr>\n<tr class=\"row-3\">\n\t<td class=\"column-1\"><\/td><td class=\"column-2\"><\/td><td class=\"column-3\">Norme US\/VN<\/td><td class=\"column-4\">ID 552<\/td><td class=\"column-5\"><\/td>\n<\/tr>\n<tr class=\"row-4\">\n\t<td class=\"column-1\"><\/td><td class=\"column-2\"><\/td><td class=\"column-3\">Norme UK<\/td><td class=\"column-4\">ID 553<\/td><td class=\"column-5\"><\/td>\n<\/tr>\n<tr class=\"row-5\">\n\t<td class=\"column-1\"><\/td><td class=\"column-2\"><\/td><td class=\"column-3\">Norme AUS<\/td><td class=\"column-4\">ID 1313<\/td><td class=\"column-5\"><\/td>\n<\/tr>\n<tr class=\"row-6\">\n\t<td class=\"column-1\"><strong>Articles optionnels<\/strong><\/td><td class=\"column-2\">Capteur de peau<\/td><td class=\"column-3\"><\/td><td class=\"column-4\">ID 1290<\/td><td class=\"column-5\"><\/td>\n<\/tr>\n<tr class=\"row-7\">\n\t<td class=\"column-1\"><\/td><td class=\"column-2\">Ruban adh\u00e9sif pour capteur de peau<\/td><td class=\"column-3\"><\/td><td class=\"column-4\">ID 1315<\/td><td class=\"column-5\">Bo\u00eete de 100 pi\u00e8ces<\/td>\n<\/tr>\n<tr class=\"row-8\">\n\t<td class=\"column-1\"><\/td><td class=\"column-2\">Matelas<\/td><td class=\"column-3\"><\/td><td class=\"column-4\">ID 1307<\/td><td class=\"column-5\"><\/td>\n<\/tr>\n<tr class=\"row-9\">\n\t<td class=\"column-1\"><\/td><td class=\"column-2\">IV Pole<\/td><td class=\"column-3\"><\/td><td class=\"column-4\">ID 1331<\/td><td class=\"column-5\"><\/td>\n<\/tr>\n<tr class=\"row-10\">\n\t<td class=\"column-1\"><\/td><td class=\"column-2\">\u00c9tag\u00e8re de rangement<\/td><td class=\"column-3\"><\/td><td class=\"column-4\">ID 1254<\/td><td class=\"column-5\"><\/td>\n<\/tr>\n<tr class=\"row-11\">\n\t<td class=\"column-1\"><\/td><td class=\"column-2\">Tiroir de rangement<\/td><td class=\"column-3\"><\/td><td class=\"column-4\">ID 1332<\/td><td class=\"column-5\"><\/td>\n<\/tr>\n<tr class=\"row-12\">\n\t<td class=\"column-1\"><\/td><td class=\"column-2\">Porte-bouteilles<\/td><td class=\"column-3\"><\/td><td class=\"column-4\">ID 1333<\/td><td class=\"column-5\"><\/td>\n<\/tr>\n<tr class=\"row-13\">\n\t<td class=\"column-1\"><\/td><td class=\"column-2\">Porte-documents<\/td><td class=\"column-3\"><\/td><td class=\"column-4\">ID 1370<\/td><td class=\"column-5\"><\/td>\n<\/tr>\n<tr class=\"row-14\">\n\t<td class=\"column-1\"><\/td><td class=\"column-2\">Plateau \u00e0 rayons X<\/td><td class=\"column-3\"><\/td><td class=\"column-4\">ID 1126<\/td><td class=\"column-5\"><\/td>\n<\/tr>\n<tr class=\"row-15\">\n\t<td class=\"column-1\"><\/td><td class=\"column-2\">Poteau de maintien<\/td><td class=\"column-3\"><\/td><td class=\"column-4\">ID 1792<\/td><td class=\"column-5\"><\/td>\n<\/tr>\n<tr class=\"row-16\">\n\t<td class=\"column-1\"><\/td><td class=\"column-2\">Bonnet B\u00e9b\u00e9<\/td><td class=\"column-3\">Taille 1<\/td><td class=\"column-4\">ID 1836<\/td><td class=\"column-5\"><\/td>\n<\/tr>\n<tr class=\"row-17\">\n\t<td class=\"column-1\"><\/td><td class=\"column-2\"><\/td><td class=\"column-3\">Taille 2<\/td><td class=\"column-4\">ID 1837<\/td><td class=\"column-5\"><\/td>\n<\/tr>\n<tr class=\"row-18\">\n\t<td class=\"column-1\"><\/td><td class=\"column-2\"><\/td><td class=\"column-3\">Taille 3<\/td><td class=\"column-4\">ID 1838<\/td><td class=\"column-5\"><\/td>\n<\/tr>\n<tr class=\"row-19\">\n\t<td class=\"column-1\"><\/td><td class=\"column-2\">Manuel de l'Utilisateur<\/td><td class=\"column-3\">FR<\/td><td class=\"column-4\"><\/td><td class=\"column-5\">Fran\u00e7ais<\/td>\n<\/tr>\n<tr class=\"row-20\">\n\t<td class=\"column-1\"><\/td><td class=\"column-2\">Instructions de montage<\/td><td class=\"column-3\">FR<\/td><td class=\"column-4\"><\/td><td class=\"column-5\">Fran\u00e7ais<\/td>\n<\/tr>\n<tr class=\"row-21\">\n\t<td class=\"column-1\"><\/td><td class=\"column-2\">Guide de r\u00e9f\u00e9rence rapide<\/td><td class=\"column-3\">FR<\/td><td class=\"column-4\"><\/td><td class=\"column-5\">Fran\u00e7ais<\/td>\n<\/tr>\n<tr class=\"row-22\">\n\t<td class=\"column-1\"><\/td><td class=\"column-2\">Instructions de montage des accessoires<\/td><td class=\"column-3\">FR<\/td><td class=\"column-4\"><\/td><td class=\"column-5\">Fran\u00e7ais<\/td>\n<\/tr>\n<\/tbody>\n<\/table>\n<!-- #tablepress-0022 from cache -->[\/vc_column_text][\/vc_column][vc_column width=\u00a0\u00bb1\/3&Prime;][\/vc_column][\/vc_row]<\/p>\n<\/div>","protected":false},"excerpt":{"rendered":"<p>[vc_row full_width=\u00a0\u00bbstretch_row\u00a0\u00bb row_type=\u00a0\u00bbsection\u00a0\u00bb row_color=\u00a0\u00bbcolor_light\u00a0\u00bb el_class=\u00a0\u00bbpage-banner\u00a0\u00bb css=\u00a0\u00bb.vc_custom_1734574532833{background-image: url(https:\/\/www.mtts-asia.com\/wp-content\/uploads\/2014\/11\/111.jpg?id=4723) !important;background-position: center !important;background-repeat: no-repeat !important;background-size: cover !important;}\u00a0\u00bb][vc_column][vc_custom_heading source=\u00a0\u00bbpost_title\u00a0\u00bb font_container=\u00a0\u00bbtag:h2|text_align:center\u00a0\u00bb use_theme_fonts=\u00a0\u00bbyes\u00a0\u00bb css=\u00a0\u00bb\u00a0\u00bb wb_heading_type=\u00a0\u00bbheading\u00a0\u00bb][\/vc_column][\/vc_row][vc_row full_width=\u00a0\u00bbstretch_row\u00a0\u00bb row_type=\u00a0\u00bbsection\u00a0\u00bb][vc_column][vc_row_inner][vc_column_inner width=\u00a0\u00bb1\/3&Prime;][vc_single_image image=\u00a0\u00bb6127&Prime; img_size=\u00a0\u00bb500x710px\u00a0\u00bb][vc_column_text] Lorsqu&rsquo;ils quittent la chaleur de l&rsquo;ut\u00e9rus de la m\u00e8re pour l&rsquo;environnement beaucoup plus frais de la salle d&rsquo;accouchement, les b\u00e9b\u00e9s dont la capacit\u00e9 m\u00e9tabolique est limit\u00e9e en raison d&rsquo;une maladie, d&rsquo;une [&hellip;]<\/p>\n","protected":false},"author":3,"featured_media":0,"parent":0,"menu_order":0,"comment_status":"closed","ping_status":"closed","template":"","meta":{"footnotes":""},"class_list":["post-7343","page","type-page","status-publish","hentry"],"jetpack_sharing_enabled":true,"_links":{"self":[{"href":"https:\/\/www.mtts-asia.com\/fr\/wp-json\/wp\/v2\/pages\/7343","targetHints":{"allow":["GET"]}}],"collection":[{"href":"https:\/\/www.mtts-asia.com\/fr\/wp-json\/wp\/v2\/pages"}],"about":[{"href":"https:\/\/www.mtts-asia.com\/fr\/wp-json\/wp\/v2\/types\/page"}],"author":[{"embeddable":true,"href":"https:\/\/www.mtts-asia.com\/fr\/wp-json\/wp\/v2\/users\/3"}],"replies":[{"embeddable":true,"href":"https:\/\/www.mtts-asia.com\/fr\/wp-json\/wp\/v2\/comments?post=7343"}],"version-history":[{"count":5,"href":"https:\/\/www.mtts-asia.com\/fr\/wp-json\/wp\/v2\/pages\/7343\/revisions"}],"predecessor-version":[{"id":13646,"href":"https:\/\/www.mtts-asia.com\/fr\/wp-json\/wp\/v2\/pages\/7343\/revisions\/13646"}],"wp:attachment":[{"href":"https:\/\/www.mtts-asia.com\/fr\/wp-json\/wp\/v2\/media?parent=7343"}],"curies":[{"name":"wp","href":"https:\/\/api.w.org\/{rel}","templated":true}]}}