{"id":8224,"date":"2020-06-10T15:14:51","date_gmt":"2020-06-10T08:14:51","guid":{"rendered":"http:\/\/mttsasia.local\/?page_id=8224"},"modified":"2024-12-19T14:03:39","modified_gmt":"2024-12-19T07:03:39","slug":"impala-ventilator","status":"publish","type":"page","link":"https:\/\/www.mtts-asia.com\/fr\/impala-ventilator\/","title":{"rendered":"Ventilateur Impala"},"content":{"rendered":"<div class=\"wpb-content-wrapper\"><p>[vc_row full_width=\u00a0\u00bbstretch_row\u00a0\u00bb row_type=\u00a0\u00bbsection\u00a0\u00bb row_color=\u00a0\u00bbcolor_light\u00a0\u00bb el_class=\u00a0\u00bbpage-banner\u00a0\u00bb css=\u00a0\u00bb.vc_custom_1734574532833{background-image: url(https:\/\/www.mtts-asia.com\/wp-content\/uploads\/2014\/11\/111.jpg?id=4723) !important;background-position: center !important;background-repeat: no-repeat !important;background-size: cover !important;}\u00a0\u00bb][vc_column][vc_custom_heading source=\u00a0\u00bbpost_title\u00a0\u00bb font_container=\u00a0\u00bbtag:h2|text_align:center\u00a0\u00bb use_theme_fonts=\u00a0\u00bbyes\u00a0\u00bb css=\u00a0\u00bb\u00a0\u00bb wb_heading_type=\u00a0\u00bbheading\u00a0\u00bb][\/vc_column][\/vc_row][vc_row full_width=\u00a0\u00bbstretch_row\u00a0\u00bb row_type=\u00a0\u00bbsection\u00a0\u00bb][vc_column][vc_row_inner][vc_column_inner width=\u00a0\u00bb1\/3&Prime;][vc_empty_space height=\u00a0\u00bb20px\u00a0\u00bb][vc_single_image image=\u00a0\u00bb8155&Prime; img_size=\u00a0\u00bb800x420px\u00a0\u00bb][vc_column_text]<\/p>\n<p style=\"text-align: justify;\">Le ventilateur Impala est un ventilateur m\u00e9canique invasif avec 8 modes de ventilation ACVCV, AC-PCV, SIMV-VC, SIMV-PV, VCV \/ PS, PCV \/ PS, CPAP, BiPAP et HFNC destin\u00e9 \u00e0 \u00eatre utilis\u00e9 dans les unit\u00e9s de soins intensifs ou le transport de patients en urgence. L&rsquo;appareil contient une pompe int\u00e9gr\u00e9e, un m\u00e9langeur, des capteurs de d\u00e9bit et de pression qui permettent \u00e0 l&rsquo;air riche en oxyg\u00e8ne (&gt; 21% O2) avec une fraction pr\u00e9cise d&rsquo;oxyg\u00e8ne inspir\u00e9 (FiO2), la pression et le volume d&rsquo;\u00eatre d\u00e9livr\u00e9s en toute s\u00e9curit\u00e9 au patient.<\/p>\n<hr \/>\n<p>[\/vc_column_text][vc_empty_space height=\u00a0\u00bb20px\u00a0\u00bb][vc_column_text]<img loading=\"lazy\" decoding=\"async\" class=\"alignleft size-full wp-image-4832\" src=\"https:\/\/www.mtts-asia.com\/wp-content\/uploads\/2014\/11\/Untitled-1.png\" alt=\"Untitled-1\" width=\"45\" height=\"32\" \/><\/p>\n<p>&nbsp;<\/p>\n<p>&nbsp;<\/p>\n<p><a href=\"https:\/\/www.mtts-asia.com\/wp-content\/uploads\/2022\/03\/VEN-MKT-01-Impala-Brochure-0-09FR.pdf\" target=\"_blank\" rel=\"noopener noreferrer\">Brochure<\/a><\/p>\n<p><a href=\"https:\/\/www.mtts-asia.com\/wp-content\/uploads\/2021\/07\/VEN-IMP-MAN-01-Impala-User-Manual-1.05EN.pdf\" target=\"_blank\" rel=\"noopener noreferrer\">Manuel de l\u2019Utilisateur<\/a><\/p>\n<p><a title=\"WARMER Brochure\" href=\"https:\/\/www.mtts-asia.com\/wp-content\/uploads\/2020\/09\/VEN-IMP-MAN-02-Impala-Stand-Assembly-Instructions-1.00FR.pdf\" target=\"_blank\" rel=\"noopener noreferrer\">Instructions de montage<\/a><\/p>\n<p><a href=\"https:\/\/www.mtts-asia.com\/wp-content\/uploads\/2021\/06\/VEN-IMP-MAN-04-Impala-Quick-Reference-Guide-1.01FR.pdf\" target=\"_blank\" rel=\"noopener noreferrer\">Guide de r\u00e9f\u00e9rence rapide<\/a><\/p>\n<p><a href=\"https:\/\/www.mtts-asia.com\/wp-content\/uploads\/2021\/04\/VEN-IMP-MAN-03-Impala-Reprocessing-Guide-1.02FR.pdf\" target=\"_blank\" rel=\"noopener noreferrer\">Guide de retraitement<\/a>[\/vc_column_text][\/vc_column_inner][vc_column_inner width=\u00a0\u00bb2\/3&Prime;][vc_empty_space height=\u00a0\u00bb160px\u00a0\u00bb][vc_images_carousel images=\u00a0\u00bb8160,8164,8168,8172,8509,8498&Prime; img_size=\u00a0\u00bb650&#215;650&Prime; onclick=\u00a0\u00bblink_no\u00a0\u00bb wrap=\u00a0\u00bbyes\u00a0\u00bb][\/vc_column_inner][\/vc_row_inner][vc_empty_space height=\u00a0\u00bb20px\u00a0\u00bb][vc_row_inner][vc_column_inner width=\u00a0\u00bb1\/3&Prime;][vc_column_text]<\/p>\n<p style=\"text-align: center;\"><div class=\"vc_btn3-container align-center\">\r\n<a href=\"#features\" class=\"vc_general vc_btn3 vc_btn3-size-md vc_btn3-shape-rounded vc_btn3-style-flat vc_btn3-color-wb-btn-primary\">\r\n    <span>PRINCIPALES CARACT\u00c9RISTIQUES<\/span>\r\n<\/a>\r\n<\/div>\n<p>[\/vc_column_text][\/vc_column_inner][vc_column_inner width=\u00a0\u00bb1\/3&Prime;][vc_column_text]<\/p>\n<p style=\"text-align: center;\"><div class=\"vc_btn3-container align-center\">\r\n<a href=\"#technical\" class=\"vc_general vc_btn3 vc_btn3-size-md vc_btn3-shape-rounded vc_btn3-style-flat vc_btn3-color-wb-btn-primary\">\r\n    <span>SP\u00c9CIFICATIONS TECHNIQUES<\/span>\r\n<\/a>\r\n<\/div>\n<p>[\/vc_column_text][\/vc_column_inner][vc_column_inner width=\u00a0\u00bb1\/3&Prime;][vc_column_text]<\/p>\n<p style=\"text-align: center;\"><div class=\"vc_btn3-container align-center\">\r\n<a href=\"#ordering\" class=\"vc_general vc_btn3 vc_btn3-size-md vc_btn3-shape-rounded vc_btn3-style-flat vc_btn3-color-wb-btn-primary\">\r\n    <span>COMMANDE ET ENTRETIEN<\/span>\r\n<\/a>\r\n<\/div>\n<p>[\/vc_column_text][\/vc_column_inner][\/vc_row_inner][vc_empty_space height=\u00a0\u00bb20px\u00a0\u00bb][\/vc_column][\/vc_row][vc_row full_width=\u00a0\u00bbstretch_row\u00a0\u00bb row_type=\u00a0\u00bbsection\u00a0\u00bb bg_color=\u00a0\u00bb#f8f8f8&Prime; css=\u00a0\u00bb.vc_custom_1734591725102{background-color: #f8f8f8 !important;}\u00a0\u00bb][vc_column][vc_row_inner][vc_column_inner width=\u00a0\u00bb1\/3&Prime;][vc_column_text]<\/p>\n<h4 style=\"text-align: center;\"><strong><img loading=\"lazy\" decoding=\"async\" class=\"aligncenter wp-image-4799 size-full\" src=\"https:\/\/www.mtts-asia.com\/wp-content\/uploads\/2014\/11\/QUALITY.png\" alt=\"\" width=\"69\" height=\"80\" \/><\/strong><\/h4>\n<h3 style=\"text-align: center;\">Qualit\u00e9<\/h3>\n<hr \/>\n<p style=\"text-align: center;\">Impala Ventilator est un appareil pr\u00e9cis et fiable qui fournit une th\u00e9rapie s\u00fbre et efficace, des composants de haute fiabilit\u00e9 et des batteries \u00e0 longue dur\u00e9e de vie.<\/p>\n<p>[\/vc_column_text][\/vc_column_inner][vc_column_inner width=\u00a0\u00bb1\/3&Prime;][vc_column_text]<\/p>\n<h4><img loading=\"lazy\" decoding=\"async\" class=\"aligncenter wp-image-4800 size-full\" src=\"https:\/\/www.mtts-asia.com\/wp-content\/uploads\/2014\/11\/INNOVATION.png\" alt=\"\" width=\"80\" height=\"80\" \/><\/h4>\n<h3 style=\"text-align: center;\">Innovation<\/h3>\n<hr \/>\n<p style=\"text-align: center;\">Impala utilise les derni\u00e8res technologies et, associ\u00e9 \u00e0 une interface \u00e0 \u00e9cran tactile conviviale, les cliniciens peuvent gagner du temps et se concentrer sur les probl\u00e8mes r\u00e9els \u00e0 r\u00e9soudre.<\/p>\n<p>[\/vc_column_text][\/vc_column_inner][vc_column_inner width=\u00a0\u00bb1\/3&Prime;][vc_column_text]<\/p>\n<h4 style=\"text-align: center;\"><img loading=\"lazy\" decoding=\"async\" class=\"aligncenter wp-image-4801 size-full\" src=\"https:\/\/www.mtts-asia.com\/wp-content\/uploads\/2014\/11\/CARE.png\" alt=\"\" width=\"49\" height=\"80\" \/><\/h4>\n<h3 style=\"text-align: center;\">Se soucier<\/h3>\n<hr \/>\n<p style=\"text-align: center;\">Impala peut \u00eatre utilis\u00e9 pour les urgences o\u00f9 une action rapide est requise ainsi que dans un environnement hospitalier contr\u00f4l\u00e9 pendant une p\u00e9riode prolong\u00e9e.<\/p>\n<p>[\/vc_column_text][\/vc_column_inner][\/vc_row_inner][\/vc_column][\/vc_row][vc_row full_width=\u00a0\u00bbstretch_row\u00a0\u00bb row_type=\u00a0\u00bbsection\u00a0\u00bb][vc_column][vc_empty_space height=\u00a0\u00bb20px\u00a0\u00bb][vc_column_text]<\/p>\n<h3 style=\"text-align: center;\">Principales caract\u00e9ristiques<\/h3>\n<hr \/>\n<p>[\/vc_column_text][vc_row_inner][vc_column_inner width=\u00a0\u00bb1\/2&Prime;][vc_column_text]<span style=\"color: #00a0c6;\"><strong>Vue d\u2019ensemble<\/strong><\/span><br \/>\n&#8211; Portable<br \/>\n&#8211; Convient aux urgences ou aux services de soins intensifs<br \/>\n&#8211; Batterie int\u00e9gr\u00e9e &#8211; 4 heures de sauvegarde<br \/>\n&#8211; Mixeur int\u00e9gr\u00e9<br \/>\n&#8211; Surveillance FiO2<br \/>\n&#8211; \u00c9cran tactile facile \u00e0 utiliser<br \/>\n&#8211; Modes ACV, SIMV et CPAP<br \/>\n&#8211; PIP cible contr\u00f4l\u00e9 et PEEP coh\u00e9rent<br \/>\n&#8211; Aucune restriction de temps d&rsquo;utilisation en raison de la limitation du r\u00e9servoir de gaz[\/vc_column_text][\/vc_column_inner][vc_column_inner width=\u00a0\u00bb1\/2&Prime;][vc_empty_space height=\u00a0\u00bb75px\u00a0\u00bb][vc_single_image image=\u00a0\u00bb8498&Prime; img_size=\u00a0\u00bb650x650px\u00a0\u00bb alignment=\u00a0\u00bbcenter\u00a0\u00bb][\/vc_column_inner][\/vc_row_inner][\/vc_column][\/vc_row][vc_row full_width=\u00a0\u00bbstretch_row\u00a0\u00bb row_type=\u00a0\u00bbsection\u00a0\u00bb bg_color=\u00a0\u00bb#f8f8f8&Prime; css=\u00a0\u00bb.vc_custom_1734591754046{background-color: #f8f8f8 !important;}\u00a0\u00bb][vc_column][vc_row_inner][vc_column_inner width=\u00a0\u00bb1\/3&Prime;][vc_column_text]<\/p>\n<h3 style=\"text-align: center;\"><img loading=\"lazy\" decoding=\"async\" class=\"aligncenter wp-image-5017 size-full\" src=\"https:\/\/www.mtts-asia.com\/wp-content\/uploads\/2014\/11\/baby.png\" alt=\"\" width=\"89\" height=\"80\" \/><\/h3>\n<h3 style=\"text-align: center;\">Efficace<\/h3>\n<hr \/>\n<p style=\"text-align: center;\">Le ventilateur Impala est dot\u00e9 d&rsquo;un m\u00e9lange \u00e9lectronique pour un r\u00e9glage facile et ind\u00e9pendant du d\u00e9bit et du FiO2.<\/p>\n<p>[\/vc_column_text][\/vc_column_inner][vc_column_inner width=\u00a0\u00bb1\/3&Prime;][vc_column_text]<\/p>\n<h3 style=\"text-align: center;\"><img loading=\"lazy\" decoding=\"async\" class=\"aligncenter size-full wp-image-5009\" src=\"https:\/\/www.mtts-asia.com\/wp-content\/uploads\/2014\/11\/safe.png\" alt=\"safe\" width=\"79\" height=\"79\" \/><\/h3>\n<h3 style=\"text-align: center;\">Compatible<\/h3>\n<hr \/>\n<p style=\"text-align: center;\">Impala combine une technologie compacte, silencieuse et facile \u00e0 utiliser avec un contr\u00f4le pr\u00e9cis du d\u00e9bit de gaz et de la concentration d&rsquo;oxyg\u00e8ne. Pour une s\u00e9curit\u00e9 accrue des patients, Impala int\u00e8gre une gamme compl\u00e8te d&rsquo;alarmes.<\/p>\n<p>[\/vc_column_text][\/vc_column_inner][vc_column_inner width=\u00a0\u00bb1\/3&Prime;][vc_column_text]<\/p>\n<h3 style=\"text-align: center;\"><img loading=\"lazy\" decoding=\"async\" class=\"aligncenter size-full wp-image-5011\" src=\"https:\/\/www.mtts-asia.com\/wp-content\/uploads\/2014\/11\/costefficient.png\" alt=\"costefficient\" width=\"93\" height=\"80\" \/><\/h3>\n<h3 style=\"text-align: center;\">Rentable<\/h3>\n<hr \/>\n<p style=\"text-align: center;\">Impala combine une efficacit\u00e9 clinique \u00e9prouv\u00e9e dans les soins respiratoires et des consommables \u00e0 faible co\u00fbt avec une valeur exceptionnelle.<\/p>\n<p>[\/vc_column_text][\/vc_column_inner][\/vc_row_inner][vc_empty_space height=\u00a0\u00bb20px\u00a0\u00bb][\/vc_column][\/vc_row][vc_row full_width=\u00a0\u00bbstretch_row\u00a0\u00bb row_type=\u00a0\u00bbsection\u00a0\u00bb][vc_column][vc_empty_space height=\u00a0\u00bb20px\u00a0\u00bb][vc_column_text]<\/p>\n<h3 style=\"text-align: center;\">Sp\u00e9cifications techniques<\/h3>\n<hr \/>\n<p>[\/vc_column_text][vc_row_inner][vc_column_inner width=\u00a0\u00bb2\/3&Prime;][vc_column_text]\n<table id=\"tablepress-0912\" class=\"tablepress tablepress-id-0912\">\n<tbody class=\"row-striping row-hover\">\n<tr class=\"row-1\">\n\t<td class=\"column-1\"><strong>Dimensions et Poids<\/strong><\/td><td class=\"column-2\">Dimensions unit\u00e9<\/td><td class=\"column-3\"><\/td><td class=\"column-4\">20 cm x 22 cm x 20 cm<\/td>\n<\/tr>\n<tr class=\"row-2\">\n\t<td class=\"column-1\">(hors support)<\/td><td class=\"column-2\">Dimensions pour exp\u00e9dition<\/td><td class=\"column-3\"><\/td><td class=\"column-4\">30 cm x 25 cm x 30 cm<\/td>\n<\/tr>\n<tr class=\"row-3\">\n\t<td class=\"column-1\"><\/td><td class=\"column-2\">Poids net<\/td><td class=\"column-3\"><\/td><td class=\"column-4\">3.0kg<\/td>\n<\/tr>\n<tr class=\"row-4\">\n\t<td class=\"column-1\"><\/td><td class=\"column-2\">Poids exp\u00e9dition<\/td><td class=\"column-3\"><\/td><td class=\"column-4\">6.0kg<\/td>\n<\/tr>\n<tr class=\"row-5\">\n\t<td class=\"column-1\">(y compris le support)<\/td><td class=\"column-2\">Dimensions pour exp\u00e9dition<\/td><td class=\"column-3\"><\/td><td class=\"column-4\">51 cm x 45 cm x 88 cm<\/td>\n<\/tr>\n<tr class=\"row-6\">\n\t<td class=\"column-1\"><\/td><td class=\"column-2\">Poids exp\u00e9dition<\/td><td class=\"column-3\"><\/td><td class=\"column-4\">20.0kg<\/td>\n<\/tr>\n<tr class=\"row-7\">\n\t<td class=\"column-1\"><strong>Sp\u00e9cifications de performance <\/strong><\/td><td class=\"column-2\">Caract\u00e9ristiques Electrique<\/td><td class=\"column-3\"><\/td><td class=\"column-4\">100 - 240 VAC, 50-60 Hz<\/td>\n<\/tr>\n<tr class=\"row-8\">\n\t<td class=\"column-1\"><\/td><td class=\"column-2\">Modes de ventilation<\/td><td class=\"column-3\">Adulte\/P\u00e9diatrique\u00a0:<\/td><td class=\"column-4\">ACVCV, AC-PCV, SIMV-VC,<br \/>\nSIMV-PC, VCV\/ PS, PCV\/PS,<br \/>\nCPAP, BiPAP, HFNC<\/td>\n<\/tr>\n<tr class=\"row-9\">\n\t<td class=\"column-1\"><\/td><td class=\"column-2\"><\/td><td class=\"column-3\">N\u00e9onatal:<\/td><td class=\"column-4\">AC-PCV, SIMV-PC, PCV\/PS,<br \/>\nCPAP, BiPAP, HFNC<\/td>\n<\/tr>\n<tr class=\"row-10\">\n\t<td class=\"column-1\"><\/td><td class=\"column-2\">Fr\u00e9quence respiratoire<\/td><td class=\"column-3\"><\/td><td class=\"column-4\">1 - 60 bpm<\/td>\n<\/tr>\n<tr class=\"row-11\">\n\t<td class=\"column-1\"><\/td><td class=\"column-2\">I : E ratio<\/td><td class=\"column-3\"><\/td><td class=\"column-4\">1:9 - 4:1<\/td>\n<\/tr>\n<tr class=\"row-12\">\n\t<td class=\"column-1\"><\/td><td class=\"column-2\">Volume courant<\/td><td class=\"column-3\">Adulte\/P\u00e9diatrique\u00a0:<\/td><td class=\"column-4\">25 - 2000 ml<\/td>\n<\/tr>\n<tr class=\"row-13\">\n\t<td class=\"column-1\"><\/td><td class=\"column-2\"><\/td><td class=\"column-3\">N\u00e9onatal:<\/td><td class=\"column-4\">n\/a<\/td>\n<\/tr>\n<tr class=\"row-14\">\n\t<td class=\"column-1\"><\/td><td class=\"column-2\">PIP<\/td><td class=\"column-3\"><\/td><td class=\"column-4\">0 - 60 cm H2O<\/td>\n<\/tr>\n<tr class=\"row-15\">\n\t<td class=\"column-1\"><\/td><td class=\"column-2\">PEEP<\/td><td class=\"column-3\"><\/td><td class=\"column-4\">0 - 25 cm H2O<\/td>\n<\/tr>\n<tr class=\"row-16\">\n\t<td class=\"column-1\"><\/td><td class=\"column-2\">D\u00e9bit de pointe<\/td><td class=\"column-3\">Adulte\/P\u00e9diatrique\u00a0:<\/td><td class=\"column-4\">120 l\/min<\/td>\n<\/tr>\n<tr class=\"row-17\">\n\t<td class=\"column-1\"><\/td><td class=\"column-2\"><\/td><td class=\"column-3\">N\u00e9onatal:<\/td><td class=\"column-4\">30 l\/min<\/td>\n<\/tr>\n<tr class=\"row-18\">\n\t<td class=\"column-1\"><\/td><td class=\"column-2\">Concentration d'oxyg\u00e8ne d\u00e9livr\u00e9e<\/td><td class=\"column-3\"><\/td><td class=\"column-4\">21 - 100%<\/td>\n<\/tr>\n<tr class=\"row-19\">\n\t<td class=\"column-1\"><\/td><td class=\"column-2\">Compresseur d'air int\u00e9gr\u00e9<\/td><td class=\"column-3\"><\/td><td class=\"column-4\">Ventilateur<\/td>\n<\/tr>\n<tr class=\"row-20\">\n\t<td class=\"column-1\"><\/td><td class=\"column-2\">Batterie<\/td><td class=\"column-3\"><\/td><td class=\"column-4\">Li-ion, 11.1V-6000mAh<\/td>\n<\/tr>\n<tr class=\"row-21\">\n\t<td class=\"column-1\"><strong>Caract\u00e9ristiques Environnementaless<\/strong><\/td><td class=\"column-2\">Temp. ambiante de operation<\/td><td class=\"column-3\"><\/td><td class=\"column-4\">5\u00baC to 40\u00baC<\/td>\n<\/tr>\n<tr class=\"row-22\">\n\t<td class=\"column-1\"><\/td><td class=\"column-2\">Humidit\u00e9 de operation<\/td><td class=\"column-3\"><\/td><td class=\"column-4\">0% to 95% RH<\/td>\n<\/tr>\n<tr class=\"row-23\">\n\t<td class=\"column-1\"><\/td><td class=\"column-2\">Temp. ambiante de transport et stockage<\/td><td class=\"column-3\"><\/td><td class=\"column-4\">0\u00baC to 50\u00baC<\/td>\n<\/tr>\n<tr class=\"row-24\">\n\t<td class=\"column-1\"><\/td><td class=\"column-2\">Humidit\u00e9 de transport et stockage<\/td><td class=\"column-3\"><\/td><td class=\"column-4\">0% to 95% RH<\/td>\n<\/tr>\n<tr class=\"row-25\">\n\t<td class=\"column-1\"><strong>Normes<\/strong><\/td><td class=\"column-2\"><\/td><td class=\"column-3\"><\/td><td class=\"column-4\">EN ISO 13485:2016<\/td>\n<\/tr>\n<tr class=\"row-26\">\n\t<td class=\"column-1\"><\/td><td class=\"column-2\"><\/td><td class=\"column-3\"><\/td><td class=\"column-4\">EN ISO 14971:2012<\/td>\n<\/tr>\n<tr class=\"row-27\">\n\t<td class=\"column-1\"><\/td><td class=\"column-2\"><\/td><td class=\"column-3\"><\/td><td class=\"column-4\">EN 60601-1:2006\/A1:2013<\/td>\n<\/tr>\n<tr class=\"row-28\">\n\t<td class=\"column-1\"><\/td><td class=\"column-2\"><\/td><td class=\"column-3\"><\/td><td class=\"column-4\">EN 60601-1-2:2015<\/td>\n<\/tr>\n<tr class=\"row-29\">\n\t<td class=\"column-1\"><\/td><td class=\"column-2\"><\/td><td class=\"column-3\"><\/td><td class=\"column-4\">EN 60601-1-6:2010<\/td>\n<\/tr>\n<tr class=\"row-30\">\n\t<td class=\"column-1\"><\/td><td class=\"column-2\"><\/td><td class=\"column-3\"><\/td><td class=\"column-4\">EN 60601-1-8:2007\/A11:2017<\/td>\n<\/tr>\n<tr class=\"row-31\">\n\t<td class=\"column-1\"><\/td><td class=\"column-2\"><\/td><td class=\"column-3\"><\/td><td class=\"column-4\">ISO 80601-2-12:2020<\/td>\n<\/tr>\n<\/tbody>\n<\/table>\n<!-- #tablepress-0912 from cache --><br \/>\n<span id=\"ordering\"> <\/span>[\/vc_column_text][\/vc_column_inner][vc_column_inner width=\u00a0\u00bb1\/3&Prime;][vc_column_text]<\/p>\n<h5><span style=\"color: #00a0c6;\">Garantie Standard: 1 an.<\/span><\/h5>\n<p>(Sous r\u00e9serve des conditions de garanties de MTTS)[\/vc_column_text][\/vc_column_inner][\/vc_row_inner][\/vc_column][\/vc_row][vc_row bg_color=\u00a0\u00bb#f8f8f8&Prime;][vc_column][vc_column_text]<\/p>\n<h3 style=\"text-align: center;\">Informations de commande et entretien<\/h3>\n<p>[\/vc_column_text][\/vc_column][\/vc_row][vc_row][vc_column width=\u00a0\u00bb2\/3&Prime;][vc_column_text]\n<table id=\"tablepress-0922\" class=\"tablepress tablepress-id-0922\">\n<tbody class=\"row-striping row-hover\">\n<tr class=\"row-1\">\n\t<td class=\"column-1\"><strong>Informations pour les commandes<\/strong><\/td><td class=\"column-2\">MTTS Ventilateur Impala<\/td><td class=\"column-3\">VEN-10000<\/td><td class=\"column-4\">Unit\u00e9 Principale<\/td>\n<\/tr>\n<tr class=\"row-2\">\n\t<td class=\"column-1\"><\/td><td class=\"column-2\">Tuyau de gaz<\/td><td class=\"column-3\">ID 1070<\/td><td class=\"column-4\">DISS 1240<\/td>\n<\/tr>\n<tr class=\"row-3\">\n\t<td class=\"column-1\"><\/td><td class=\"column-2\"><\/td><td class=\"column-3\">ID 1316<\/td><td class=\"column-4\">British Standard<\/td>\n<\/tr>\n<tr class=\"row-4\">\n\t<td class=\"column-1\"><\/td><td class=\"column-2\"><\/td><td class=\"column-3\">ID 1317<\/td><td class=\"column-4\">JIS<\/td>\n<\/tr>\n<tr class=\"row-5\">\n\t<td class=\"column-1\"><\/td><td class=\"column-2\"><\/td><td class=\"column-3\">ID 1318<\/td><td class=\"column-4\">SIS Handwheel<\/td>\n<\/tr>\n<tr class=\"row-6\">\n\t<td class=\"column-1\"><\/td><td class=\"column-2\"><\/td><td class=\"column-3\">ID 1319<\/td><td class=\"column-4\">DIN<\/td>\n<\/tr>\n<tr class=\"row-7\">\n\t<td class=\"column-1\"><\/td><td class=\"column-2\"><\/td><td class=\"column-3\">ID 1320<\/td><td class=\"column-4\">AFNOR<\/td>\n<\/tr>\n<tr class=\"row-8\">\n\t<td class=\"column-1\"><\/td><td class=\"column-2\"><\/td><td class=\"column-3\">ID 1321<\/td><td class=\"column-4\">Ohmeda<\/td>\n<\/tr>\n<tr class=\"row-9\">\n\t<td class=\"column-1\"><\/td><td class=\"column-2\">C\u00e2ble d'alimentation secteur<\/td><td class=\"column-3\">ID 551<\/td><td class=\"column-4\">Norme EU<\/td>\n<\/tr>\n<tr class=\"row-10\">\n\t<td class=\"column-1\"><\/td><td class=\"column-2\"><\/td><td class=\"column-3\">ID 552<\/td><td class=\"column-4\">Norme US\/VN<\/td>\n<\/tr>\n<tr class=\"row-11\">\n\t<td class=\"column-1\"><\/td><td class=\"column-2\"><\/td><td class=\"column-3\">ID 553<\/td><td class=\"column-4\">Norme UK<\/td>\n<\/tr>\n<tr class=\"row-12\">\n\t<td class=\"column-1\"><\/td><td class=\"column-2\"><\/td><td class=\"column-3\">ID 1313<\/td><td class=\"column-4\">Norme AUS<\/td>\n<\/tr>\n<tr class=\"row-13\">\n\t<td class=\"column-1\"><strong>Articles optionnels<\/strong><\/td><td class=\"column-2\">Circuit r\u00e9utilisable double limb<\/td><td class=\"column-3\">ID 1679, 1727, 1779<\/td><td class=\"column-4\">ADU, PED, NEO<\/td>\n<\/tr>\n<tr class=\"row-14\">\n\t<td class=\"column-1\"><\/td><td class=\"column-2\">Circuit jetable single limb<\/td><td class=\"column-3\">ID 1723, 1729, 1769<\/td><td class=\"column-4\">ADU, PED, NEO<\/td>\n<\/tr>\n<tr class=\"row-15\">\n\t<td class=\"column-1\"><\/td><td class=\"column-2\">Masque en silicone<\/td><td class=\"column-3\">ID 1441, 1477, 1599<\/td><td class=\"column-4\">taille S, M, L<\/td>\n<\/tr>\n<tr class=\"row-16\">\n\t<td class=\"column-1\"><\/td><td class=\"column-2\">Tubes ET <\/td><td class=\"column-3\">ID 1684\/5\/6\/7<\/td><td class=\"column-4\">taille 5, 6, 7, 8<\/td>\n<\/tr>\n<tr class=\"row-17\">\n\t<td class=\"column-1\"><\/td><td class=\"column-2\">Canule high flow <\/td><td class=\"column-3\">ID 1682, 1683, 1691<\/td><td class=\"column-4\">taille S, M, L<\/td>\n<\/tr>\n<tr class=\"row-18\">\n\t<td class=\"column-1\"><\/td><td class=\"column-2\">Humidificateur<\/td><td class=\"column-3\">ID 1734\/5<\/td><td class=\"column-4\"><\/td>\n<\/tr>\n<tr class=\"row-19\">\n\t<td class=\"column-1\"><\/td><td class=\"column-2\">Supporter<\/td><td class=\"column-3\">ID 1680<\/td><td class=\"column-4\"><\/td>\n<\/tr>\n<tr class=\"row-20\">\n\t<td class=\"column-1\"><\/td><td class=\"column-2\">Des poumons test\u00e9<\/td><td class=\"column-3\">ID 1757<\/td><td class=\"column-4\"><\/td>\n<\/tr>\n<tr class=\"row-21\">\n\t<td class=\"column-1\"><\/td><td class=\"column-2\">Manuel de l'Utilisateur<\/td><td class=\"column-3\"><\/td><td class=\"column-4\">Fran\u00e7ais<\/td>\n<\/tr>\n<\/tbody>\n<\/table>\n<!-- #tablepress-0922 from cache -->[\/vc_column_text][\/vc_column][vc_column width=\u00a0\u00bb1\/3&Prime;][\/vc_column][\/vc_row]<\/p>\n<\/div>","protected":false},"excerpt":{"rendered":"<p>[vc_row full_width=\u00a0\u00bbstretch_row\u00a0\u00bb row_type=\u00a0\u00bbsection\u00a0\u00bb row_color=\u00a0\u00bbcolor_light\u00a0\u00bb el_class=\u00a0\u00bbpage-banner\u00a0\u00bb css=\u00a0\u00bb.vc_custom_1734574532833{background-image: url(https:\/\/www.mtts-asia.com\/wp-content\/uploads\/2014\/11\/111.jpg?id=4723) !important;background-position: center !important;background-repeat: no-repeat !important;background-size: cover !important;}\u00a0\u00bb][vc_column][vc_custom_heading source=\u00a0\u00bbpost_title\u00a0\u00bb font_container=\u00a0\u00bbtag:h2|text_align:center\u00a0\u00bb use_theme_fonts=\u00a0\u00bbyes\u00a0\u00bb css=\u00a0\u00bb\u00a0\u00bb wb_heading_type=\u00a0\u00bbheading\u00a0\u00bb][\/vc_column][\/vc_row][vc_row full_width=\u00a0\u00bbstretch_row\u00a0\u00bb row_type=\u00a0\u00bbsection\u00a0\u00bb][vc_column][vc_row_inner][vc_column_inner width=\u00a0\u00bb1\/3&Prime;][vc_empty_space height=\u00a0\u00bb20px\u00a0\u00bb][vc_single_image image=\u00a0\u00bb8155&Prime; img_size=\u00a0\u00bb800x420px\u00a0\u00bb][vc_column_text] Le ventilateur Impala est un ventilateur m\u00e9canique invasif avec 8 modes de ventilation ACVCV, AC-PCV, SIMV-VC, SIMV-PV, VCV \/ PS, PCV \/ PS, CPAP, BiPAP et HFNC destin\u00e9 \u00e0 \u00eatre [&hellip;]<\/p>\n","protected":false},"author":3,"featured_media":0,"parent":0,"menu_order":0,"comment_status":"closed","ping_status":"closed","template":"","meta":{"footnotes":""},"class_list":["post-8224","page","type-page","status-publish","hentry"],"jetpack_sharing_enabled":true,"_links":{"self":[{"href":"https:\/\/www.mtts-asia.com\/fr\/wp-json\/wp\/v2\/pages\/8224","targetHints":{"allow":["GET"]}}],"collection":[{"href":"https:\/\/www.mtts-asia.com\/fr\/wp-json\/wp\/v2\/pages"}],"about":[{"href":"https:\/\/www.mtts-asia.com\/fr\/wp-json\/wp\/v2\/types\/page"}],"author":[{"embeddable":true,"href":"https:\/\/www.mtts-asia.com\/fr\/wp-json\/wp\/v2\/users\/3"}],"replies":[{"embeddable":true,"href":"https:\/\/www.mtts-asia.com\/fr\/wp-json\/wp\/v2\/comments?post=8224"}],"version-history":[{"count":3,"href":"https:\/\/www.mtts-asia.com\/fr\/wp-json\/wp\/v2\/pages\/8224\/revisions"}],"predecessor-version":[{"id":12571,"href":"https:\/\/www.mtts-asia.com\/fr\/wp-json\/wp\/v2\/pages\/8224\/revisions\/12571"}],"wp:attachment":[{"href":"https:\/\/www.mtts-asia.com\/fr\/wp-json\/wp\/v2\/media?parent=8224"}],"curies":[{"name":"wp","href":"https:\/\/api.w.org\/{rel}","templated":true}]}}