{"id":12916,"date":"2025-03-10T09:57:07","date_gmt":"2025-03-10T02:57:07","guid":{"rendered":"https:\/\/www.mtts-asia.com\/otter\/"},"modified":"2026-03-13T13:01:35","modified_gmt":"2026-03-13T06:01:35","slug":"otter","status":"publish","type":"page","link":"https:\/\/www.mtts-asia.com\/vi\/otter\/","title":{"rendered":"Gi\u01b0\u1eddng s\u01b0\u1edfi s\u01a1 sinh Otter"},"content":{"rendered":"<div class=\"wpb-content-wrapper\"><p>[vc_row full_width=&#8221;stretch_row&#8221; row_type=&#8221;section&#8221; row_color=&#8221;color_light&#8221; el_class=&#8221;page-banner&#8221; css=&#8221;.vc_custom_1734574532833{background-image: url(https:\/\/www.mtts-asia.com\/wp-content\/uploads\/2014\/11\/111.jpg?id=4723) !important;background-position: center !important;background-repeat: no-repeat !important;background-size: cover !important;}&#8221;][vc_column][vc_custom_heading source=&#8221;post_title&#8221; font_container=&#8221;tag:h2|text_align:center&#8221; use_theme_fonts=&#8221;yes&#8221; css=&#8221;&#8221; wb_heading_type=&#8221;heading&#8221;][\/vc_column][\/vc_row][vc_row full_width=&#8221;stretch_row&#8221; row_type=&#8221;section&#8221;][vc_column][vc_row_inner][vc_column_inner width=&#8221;1\/3&#8243;][vc_single_image image=&#8221;12839&#8243; img_size=&#8221;500x150px&#8221; css=&#8221;&#8221;][vc_column_text css=&#8221;&#8221;]<\/p>\n<p id=\"yui_3_17_2_1_1741575800430_842\">Otter l\u00e0 m\u00e1y s\u01b0\u1edfi d\u1eabn nhi\u1ec7t cho tr\u1ebb s\u01a1 sinh \u0111\u01b0\u1ee3c thi\u1ebft k\u1ebf \u0111\u1eb7c bi\u1ec7t \u0111\u1ec3 cho ph\u00e9p nh\u00e2n vi\u00ean l\u00e2m s\u00e0ng gi\u1eef cho tr\u1ebb s\u01a1 sinh \u1edf nhi\u1ec7t \u0111\u1ed9 b\u00ecnh th\u01b0\u1eddng khi kh\u00f4ng th\u1ec3 s\u1eed d\u1ee5ng li\u1ec7u ph\u00e1p ph\u1ee9c t\u1ea1p h\u01a1n. Kh\u00f4ng gi\u1ed1ng nh\u01b0 m\u00e1y \u1ea5p v\u00e0 m\u00e1y s\u01b0\u1edfi b\u1ee9c x\u1ea1, m\u00e1y s\u01b0\u1edfi d\u1eabn nhi\u1ec7t Otter cung c\u1ea5p kh\u1ea3 n\u0103ng s\u01b0\u1edfi \u1ea5m hi\u1ec7u qu\u1ea3 cho tr\u1ebb s\u01a1 sinh, \u201cd\u1ec5 s\u1eed d\u1ee5ng \u0111\u00fang v\u00e0 kh\u00f3 s\u1eed d\u1ee5ng sai\u201d&#8211;n\u00f3i c\u00e1ch kh\u00e1c, thi\u1ebft b\u1ecb n\u00e0y lo\u1ea1i b\u1ecf c\u00e1c nguy\u00ean nh\u00e2n ph\u1ed5 bi\u1ebfn nh\u1ea5t g\u00e2y ra l\u1ed7i s\u1ea3n ph\u1ea9m.<\/p>\n<p>&nbsp;<\/p>\n<p><img loading=\"lazy\" decoding=\"async\" class=\"wp-image-5563 alignnone\" src=\"https:\/\/www.mtts-asia.com\/wp-content\/uploads\/2014\/11\/CE-Mark-with-Number1.jpg\" alt=\"CE Mark with Number\" width=\"97\" height=\"35\" \/><\/p>\n<hr \/>\n<p>[\/vc_column_text][vc_empty_space height=&#8221;20px&#8221;][vc_column_text css=&#8221;&#8221;]<img loading=\"lazy\" decoding=\"async\" class=\"alignleft size-full wp-image-4832\" src=\"https:\/\/www.mtts-asia.com\/wp-content\/uploads\/2014\/11\/Untitled-1.png\" alt=\"Untitled-1\" width=\"45\" height=\"32\" \/><\/p>\n<p>&nbsp;<\/p>\n<p>&nbsp;<\/p>\n<p><a title=\"WARMER Brochure\" href=\"https:\/\/www.mtts-asia.com\/wp-content\/uploads\/2026\/03\/WM-OT-MKT-01-Otter-Brochure-1.02EN.pdf\" target=\"_blank\" rel=\"noopener noreferrer\">T\u1edd r\u01a1i<\/a><\/p>\n<p><a title=\"WARMER Brochure\" href=\"https:\/\/www.mtts-asia.com\/wp-content\/uploads\/2026\/03\/WM-OT-MAN-01-Otter-User-Manual-1.04VN.pdf\" target=\"_blank\" rel=\"noopener noreferrer\">H\u01b0\u1edbng d\u1eabn s\u1eed d\u1ee5ng<\/a>[\/vc_column_text][\/vc_column_inner][vc_column_inner width=&#8221;2\/3&#8243;][vc_empty_space height=&#8221;20px&#8221;][vc_images_carousel images=&#8221;12882,12877,12867,12872&#8243; img_size=&#8221;650&#215;650&#8243; onclick=&#8221;link_no&#8221; wrap=&#8221;yes&#8221; css=&#8221;&#8221;][\/vc_column_inner][\/vc_row_inner][vc_empty_space height=&#8221;20px&#8221;][vc_row_inner][vc_column_inner width=&#8221;1\/3&#8243;][vc_column_text css=&#8221;&#8221;]<\/p>\n<p style=\"text-align: center;\"><div class=\"vc_btn3-container align-center\">\r\n<a href=\"#features\" class=\"vc_general vc_btn3 vc_btn3-size-md vc_btn3-shape-rounded vc_btn3-style-flat vc_btn3-color-wb-btn-primary\">\r\n    <span>C\u00c1C \u0110\u1eb6C \u0110I\u1ec2M CH\u00cdNH<\/span>\r\n<\/a>\r\n<\/div>\n<p>[\/vc_column_text][\/vc_column_inner][vc_column_inner width=&#8221;1\/3&#8243;][vc_column_text css=&#8221;&#8221;]<\/p>\n<p style=\"text-align: center;\"><div class=\"vc_btn3-container align-center\">\r\n<a href=\"#technical\" class=\"vc_general vc_btn3 vc_btn3-size-md vc_btn3-shape-rounded vc_btn3-style-flat vc_btn3-color-wb-btn-primary\">\r\n    <span>\u0110\u1eacC \u0110I\u1ec2M K\u1ef8 THU\u1eacT<\/span>\r\n<\/a>\r\n<\/div>\n<p>[\/vc_column_text][\/vc_column_inner][vc_column_inner width=&#8221;1\/3&#8243;][vc_column_text css=&#8221;&#8221;]<\/p>\n<p style=\"text-align: center;\"><div class=\"vc_btn3-container align-center\">\r\n<a href=\"#ordering\" class=\"vc_general vc_btn3 vc_btn3-size-md vc_btn3-shape-rounded vc_btn3-style-flat vc_btn3-color-wb-btn-primary\">\r\n    <span>\u0110\u1eb6C DI\u1ec2M K\u1ef8 THU\u1eacT HO\u1ea0T \u0110\u1ed8NG<\/span>\r\n<\/a>\r\n<\/div>\n<p>[\/vc_column_text][\/vc_column_inner][\/vc_row_inner][vc_empty_space height=&#8221;20px&#8221;][\/vc_column][\/vc_row][vc_row full_width=&#8221;stretch_row&#8221; row_type=&#8221;section&#8221; bg_color=&#8221;#f8f8f8&#8243; css=&#8221;.vc_custom_1734596017144{background-color: #f8f8f8 !important;}&#8221;][vc_column][vc_row_inner][vc_column_inner width=&#8221;1\/3&#8243;][vc_column_text css=&#8221;&#8221;]<\/p>\n<h4 style=\"text-align: center;\"><strong><img loading=\"lazy\" decoding=\"async\" class=\"aligncenter wp-image-4799 size-full\" src=\"https:\/\/www.mtts-asia.com\/wp-content\/uploads\/2014\/11\/QUALITY.png\" alt=\"\" width=\"69\" height=\"80\" \/><\/strong><\/h4>\n<h3 style=\"text-align: center;\">CH\u1ea4T L\u01af\u1ee2NG<\/h3>\n<hr \/>\n<p style=\"text-align: center;\">Otter l\u00e0 thi\u1ebft b\u1ecb \u0111\u00e1ng tin c\u1eady cung c\u1ea5p kh\u1ea3 n\u0103ng ch\u0103m s\u00f3c nhi\u1ec7t t\u1ed1i \u01b0u v\u1edbi m\u1ee9c ti\u00eau th\u1ee5 \u0111i\u1ec7n n\u0103ng th\u1ea5p, c\u00e1c linh ki\u1ec7n c\u00f3 \u0111\u1ed9 tin c\u1eady cao v\u00e0 b\u1ed9 ph\u1eadn gia nhi\u1ec7t c\u00f3 tu\u1ed5i th\u1ecd cao.<\/p>\n<p>[\/vc_column_text][\/vc_column_inner][vc_column_inner width=&#8221;1\/3&#8243;][vc_column_text css=&#8221;&#8221;]<\/p>\n<h4><img loading=\"lazy\" decoding=\"async\" class=\"aligncenter wp-image-4800 size-full\" src=\"https:\/\/www.mtts-asia.com\/wp-content\/uploads\/2014\/11\/INNOVATION.png\" alt=\"\" width=\"80\" height=\"80\" \/><\/h4>\n<h3 style=\"text-align: center;\">C\u1ea2I TI\u1ebeN<\/h3>\n<hr \/>\n<p style=\"text-align: center;\">C\u00f4ng ngh\u1ec7 ti\u00ean ti\u1ebfn c\u1ee7a Otter k\u1ebft h\u1ee3p v\u1edbi giao di\u1ec7n th\u00e2n thi\u1ec7n v\u1edbi ng\u01b0\u1eddi d\u00f9ng v\u00e0 h\u1ec7 th\u1ed1ng ph\u00e1t hi\u1ec7n s\u1ef1 c\u1ed1 s\u00e1ng t\u1ea1o gi\u00fap h\u1ed7 tr\u1ee3 \u0111i\u1ec1u ch\u1ec9nh nhi\u1ec7t \u0111\u1ed9 c\u01a1 th\u1ec3 m\u1ed9t c\u00e1ch nh\u1ea5t qu\u00e1n.<\/p>\n<p>[\/vc_column_text][\/vc_column_inner][vc_column_inner width=&#8221;1\/3&#8243;][vc_column_text css=&#8221;&#8221;]<\/p>\n<h4 style=\"text-align: center;\"><img loading=\"lazy\" decoding=\"async\" class=\"aligncenter wp-image-4801 size-full\" src=\"https:\/\/www.mtts-asia.com\/wp-content\/uploads\/2014\/11\/CARE.png\" alt=\"\" width=\"49\" height=\"80\" \/><\/h4>\n<h3 style=\"text-align: center;\">CH\u0102M S\u00d3C<\/h3>\n<hr \/>\n<p style=\"text-align: center;\">Otter h\u1ed7 tr\u1ee3 tr\u1ebb s\u01a1 sinh b\u1eb1ng m\u00f4i tr\u01b0\u1eddng nhi\u1ec7t \u0111\u1ed9 \u0111\u1ed9c \u0111\u00e1o, \u0111\u1ed3ng th\u1eddi gi\u00fap b\u1ea1n d\u1ec5 d\u00e0ng ti\u1ebfp c\u1eadn \u0111\u1ec3 c\u00f3 th\u1ec3 ch\u0103m s\u00f3c t\u1ed1t nh\u1ea5t c\u00f3 th\u1ec3.<\/p>\n<p>[\/vc_column_text][\/vc_column_inner][\/vc_row_inner][\/vc_column][\/vc_row][vc_row full_width=&#8221;stretch_row&#8221; row_type=&#8221;section&#8221;][vc_column][vc_empty_space height=&#8221;20px&#8221;][vc_column_text css=&#8221;&#8221;]<\/p>\n<h3 style=\"text-align: center;\">C\u00e1c \u0111\u1eb7c \u0111i\u1ec3m ch\u00ednh<\/h3>\n<hr \/>\n<p>[\/vc_column_text][vc_row_inner][vc_column_inner width=&#8221;1\/2&#8243;][vc_column_text css=&#8221;&#8221;]<span style=\"color: #00a0c6;\"><strong>T\u1ed5ng quan<\/strong><\/span><br \/>\n&#8211; C\u00f3 th\u1ec3 t\u00e1i s\u1eed d\u1ee5ng v\u00e0 v\u1ec7 sinh 100%<br \/>\n&#8211; Nh\u1eb9 v\u00e0 di \u0111\u1ed9ng<br \/>\n&#8211; Ti\u1ebft ki\u1ec7m n\u0103ng l\u01b0\u1ee3ng<br \/>\n&#8211; Pin d\u1ef1 ph\u00f2ng l\u00ean \u0111\u1ebfn 8 gi\u1edd<\/p>\n<p><span style=\"color: #00a0c6;\"><strong>H\u1ec7 th\u1ed1ng ki\u1ec3m so\u00e1t nhi\u1ec7t \u0111\u1ed9<\/strong><\/span><br \/>\n&#8211; ki\u1ec3m so\u00e1t nhi\u1ec7t \u0111\u1ed9 b\u1ec1 m\u1eb7t t\u1ef1 \u0111\u1ed9ng<br \/>\n&#8211; \u0111\u1ea7u d\u00f2 t\u00f9y ch\u1ecdn \u0111\u1ec3 theo d\u00f5i nhi\u1ec7t \u0111\u1ed9 da b\u1ec7nh nh\u00e2n<\/p>\n<p><span style=\"color: #00a0c6;\"><strong>Hi\u1ec3n th\u1ecb\/Ch\u1ec9 b\u00e1o<\/strong><\/span><br \/>\n&#8211; m\u00e0n h\u00ecnh LCD s\u00e1ng \u0111\u1ec3 theo d\u00f5i nhi\u1ec7t \u0111\u1ed9 b\u1ec7nh nh\u00e2n,<br \/>\nth\u1eddi gian \u0111i\u1ec1u tr\u1ecb, t\u1ed5ng th\u1eddi gian s\u1eed d\u1ee5ng, m\u1ee9c c\u00f4ng su\u1ea5t c\u1ee7a m\u00e1y s\u01b0\u1edfi v\u00e0 k\u1ebft n\u1ed1i c\u1ea3m bi\u1ebfn<br \/>\n&#8211; M\u00e0n h\u00ecnh LCD c\u00f3 th\u00f4ng tin ch\u1ea9n \u0111o\u00e1n v\u00e0 kh\u1eafc ph\u1ee5c s\u1ef1 c\u1ed1<br \/>\n&#8211; b\u1ed9 \u0111\u1ebfm th\u1eddi gian h\u1ec7 th\u1ed1ng t\u1ed5ng th\u1ec3 (tu\u1ed5i th\u1ecd)<br \/>\n&#8211; \u01b0\u1edbc t\u00ednh tr\u1ea1ng th\u00e1i pin<\/p>\n<p><span style=\"color: #00a0c6;\"><strong>An to\u00e0n &#8211; B\u00e1o \u0111\u1ed9ng<\/strong><\/span><br \/>\n&#8211; L\u1ed7i b\u1ed9 ph\u1eadn gia nhi\u1ec7t<br \/>\n&#8211; L\u1ed7i c\u1ea3m bi\u1ebfn<br \/>\n&#8211; M\u1ea5t \u0111i\u1ec7n[\/vc_column_text][\/vc_column_inner][vc_column_inner width=&#8221;1\/2&#8243;][vc_empty_space height=&#8221;75px&#8221;][vc_single_image image=&#8221;12887&#8243; img_size=&#8221;850x650px&#8221; alignment=&#8221;center&#8221; css=&#8221;&#8221;][\/vc_column_inner][\/vc_row_inner][\/vc_column][\/vc_row][vc_row full_width=&#8221;stretch_row&#8221; row_type=&#8221;section&#8221; bg_color=&#8221;#f8f8f8&#8243; css=&#8221;.vc_custom_1734596035426{background-color: #f8f8f8 !important;}&#8221;][vc_column][vc_row_inner][vc_column_inner width=&#8221;1\/3&#8243;][vc_column_text css=&#8221;&#8221;]<\/p>\n<h3 style=\"text-align: center;\"><img loading=\"lazy\" decoding=\"async\" class=\"aligncenter wp-image-5017 size-full\" src=\"https:\/\/www.mtts-asia.com\/wp-content\/uploads\/2014\/11\/baby.png\" alt=\"\" width=\"89\" height=\"80\" \/><\/h3>\n<h3 style=\"text-align: center;\">HI\u1ec6U QU\u1ea2<\/h3>\n<hr \/>\n<p style=\"text-align: center;\">\u0110\u1ec3 \u0111\u1ea3m b\u1ea3o an to\u00e0n h\u01a1n cho b\u1ec7nh nh\u00e2n, Otter t\u00edch h\u1ee3p \u0111\u1ea7y \u0111\u1ee7 c\u00e1c c\u1ea3nh b\u00e1o \u0111\u1ec3 th\u00f4ng b\u00e1o cho ng\u01b0\u1eddi ch\u0103m s\u00f3c n\u1ebfu nhi\u1ec7t \u0111\u1ed9 da c\u1ee7a em b\u00e9 l\u1ec7ch kh\u1ecfi m\u1ee9c c\u00e0i \u0111\u1eb7t ho\u1eb7c c\u1ea3m bi\u1ebfn da r\u01a1i kh\u1ecfi ng\u01b0\u1eddi b\u1ec7nh.<\/p>\n<p>[\/vc_column_text][\/vc_column_inner][vc_column_inner width=&#8221;1\/3&#8243;][vc_column_text css=&#8221;&#8221;]<\/p>\n<h3 style=\"text-align: center;\"><img loading=\"lazy\" decoding=\"async\" class=\"aligncenter size-full wp-image-5009\" src=\"https:\/\/www.mtts-asia.com\/wp-content\/uploads\/2014\/11\/safe.png\" alt=\"safe\" width=\"79\" height=\"79\" \/><\/h3>\n<h3 style=\"text-align: center;\">D\u1ec4 S\u1eec D\u1ee4NG<\/h3>\n<hr \/>\n<p style=\"text-align: center;\">B\u1ea3ng \u0111i\u1ec1u khi\u1ec3n tr\u1ef1c quan gi\u00fap c\u00e1c ch\u1ee9c n\u0103ng ph\u1ee9c t\u1ea1p d\u1ec5 s\u1eed d\u1ee5ng. M\u00e0n h\u00ecnh k\u1ef9 thu\u1eadt s\u1ed1 l\u1edbn, s\u00e1ng cung c\u1ea5p m\u1ecdi th\u00f4ng tin c\u1ea7n thi\u1ebft v\u1ec1 b\u1ec7nh nh\u00e2n theo \u0111\u1ecbnh d\u1ea1ng d\u1ec5 \u0111\u1ecdc.<\/p>\n<p>[\/vc_column_text][\/vc_column_inner][vc_column_inner width=&#8221;1\/3&#8243;][vc_column_text css=&#8221;&#8221;]<\/p>\n<h3 style=\"text-align: center;\"><img loading=\"lazy\" decoding=\"async\" class=\"aligncenter size-full wp-image-5011\" src=\"https:\/\/www.mtts-asia.com\/wp-content\/uploads\/2014\/11\/costefficient.png\" alt=\"costefficient\" width=\"93\" height=\"80\" \/><\/h3>\n<h3 style=\"text-align: center;\">CHI PH\u00cd HI\u1ec6U QU\u1ea2<\/h3>\n<hr \/>\n<p style=\"text-align: center;\">Otter cung c\u1ea5p d\u1ecbch v\u1ee5 ch\u0103m s\u00f3c ch\u1ea5t l\u01b0\u1ee3ng v\u1edbi gi\u00e1 tr\u1ecb \u0111\u1eb7c bi\u1ec7t. N\u00f3 k\u1ebft h\u1ee3p m\u1ed9t m\u00f4i tr\u01b0\u1eddng vi m\u00f4 gi\u00e0u t\u00ednh n\u0103ng v\u1edbi chi ph\u00ed ban \u0111\u1ea7u th\u1ea5p, m\u1ee9c ti\u00eau th\u1ee5 \u0111i\u1ec7n n\u0103ng th\u1ea5p v\u00e0 c\u00e1c th\u00e0nh ph\u1ea7n c\u00f3 tu\u1ed5i th\u1ecd cao.<\/p>\n<p>[\/vc_column_text][\/vc_column_inner][\/vc_row_inner][vc_empty_space height=&#8221;20px&#8221;][\/vc_column][\/vc_row][vc_row full_width=&#8221;stretch_row&#8221; row_type=&#8221;section&#8221;][vc_column][vc_column_text css=&#8221;&#8221;]<\/p>\n<h3 style=\"text-align: center;\">\u0110\u1eb7c \u0111i\u1ec3m k\u1ef9 thu\u1eadt<\/h3>\n<hr \/>\n<p>[\/vc_column_text][vc_row_inner][vc_column_inner width=&#8221;2\/3&#8243;][vc_column_text css=&#8221;&#8221;]\n<table id=\"tablepress-1011\" class=\"tablepress tablepress-id-1011\">\n<tbody class=\"row-striping row-hover\">\n<tr class=\"row-1\">\n\t<td class=\"column-1\"><strong>K\u00edch th\u01b0\u1edbc v\u00e0 tr\u1ecdng l\u01b0\u1ee3ng<\/strong><\/td><td class=\"column-2\">KT m\u00e1y<\/td><td class=\"column-3\">68 cm x 36 cm x 19 cm<\/td>\n<\/tr>\n<tr class=\"row-2\">\n\t<td class=\"column-1\"><\/td><td class=\"column-2\">Tr\u1ecdng l\u01b0\u1ee3ng th\u1ef1c (kh\u00f4ng c\u00f3 pin)<\/td><td class=\"column-3\">3kg<\/td>\n<\/tr>\n<tr class=\"row-3\">\n\t<td class=\"column-1\"><\/td><td class=\"column-2\">Tr\u1ecdng l\u01b0\u1ee3ng th\u1ef1c (c\u00f3 pin)<\/td><td class=\"column-3\">5kg<\/td>\n<\/tr>\n<tr class=\"row-4\">\n\t<td class=\"column-1\"><\/td><td class=\"column-2\">Tr\u1ecdng l\u01b0\u1ee3ng v\u1eadn chuy\u1ec3n<\/td><td class=\"column-3\">10kg<\/td>\n<\/tr>\n<tr class=\"row-5\">\n\t<td class=\"column-1\"><\/td><td class=\"column-2\">K\u00edch th\u01b0\u1edbc \u0111\u00f3ng g\u00f3<\/td><td class=\"column-3\">70 cm x 43 cm x 25 cm<\/td>\n<\/tr>\n<tr class=\"row-6\">\n\t<td class=\"column-1\"><strong>Th\u00f4ng s\u1ed1 k\u1ef9 thu\u1eadt ho\u1ea1t \u0111\u1ed9ng<\/strong><\/td><td class=\"column-2\">\u0110i\u1ec7n n\u0103ng<\/td><td class=\"column-3\">50 W<\/td>\n<\/tr>\n<tr class=\"row-7\">\n\t<td class=\"column-1\"><\/td><td class=\"column-2\">Di\u1ec7n t\u00edch b\u1ec1 m\u1eb7t hi\u1ec7u qu\u1ea3<\/td><td class=\"column-3\">48 cm x 18 cm<\/td>\n<\/tr>\n<tr class=\"row-8\">\n\t<td class=\"column-1\"><\/td><td class=\"column-2\">Ki\u1ec3m so\u00e1t nhi\u1ec7t \u0111\u1ed9 b\u1ec1 m\u1eb7t<\/td><td class=\"column-3\">ph\u1ea1m vi: 35 \u00b0C - 40 \u00b0C theo c\u00e1c b\u01b0\u1edbc 0,5 \u00b0C<\/td>\n<\/tr>\n<tr class=\"row-9\">\n\t<td class=\"column-1\"><\/td><td class=\"column-2\"><\/td><td class=\"column-3\">\u0111\u1ed9 \u0111\u1ed3ng \u0111\u1ec1u: < 1 \u00b0C<\/td>\n<\/tr>\n<tr class=\"row-10\">\n\t<td class=\"column-1\"><\/td><td class=\"column-2\"><\/td><td class=\"column-3\">\u0111\u1ed9 ch\u00ednh x\u00e1c: \u00b11 \u00b0C<\/td>\n<\/tr>\n<tr class=\"row-11\">\n\t<td class=\"column-1\"><\/td><td class=\"column-2\">\u0110o nhi\u1ec7t \u0111\u1ed9 b\u1ec1 m\u1eb7t<\/td><td class=\"column-3\">ph\u1ea1m vi: 15 \u00b0C - 42 \u00b0C<\/td>\n<\/tr>\n<tr class=\"row-12\">\n\t<td class=\"column-1\"><\/td><td class=\"column-2\"><\/td><td class=\"column-3\">\u0111\u1ed9 ch\u00ednh x\u00e1c: 0,5 \u00b0C<\/td>\n<\/tr>\n<tr class=\"row-13\">\n\t<td class=\"column-1\"><\/td><td class=\"column-2\"><\/td><td class=\"column-3\">\u0111\u1ed9 ph\u00e2n gi\u1ea3i: 0,1 \u00b0C<\/td>\n<\/tr>\n<tr class=\"row-14\">\n\t<td class=\"column-1\"><\/td><td class=\"column-2\">\u0110o nhi\u1ec7t \u0111\u1ed9 da<\/td><td class=\"column-3\">ph\u1ea1m vi: 10 \u00b0C - 50 \u00b0C<\/td>\n<\/tr>\n<tr class=\"row-15\">\n\t<td class=\"column-1\"><\/td><td class=\"column-2\"><\/td><td class=\"column-3\">\u0111\u1ed9 ch\u00ednh x\u00e1c: 0,3 \u00b0C (trong ph\u1ea1m vi 30 \u00b0C \u2013 40 \u00b0C)<\/td>\n<\/tr>\n<tr class=\"row-16\">\n\t<td class=\"column-1\"><\/td><td class=\"column-2\"><\/td><td class=\"column-3\">\u0110\u1ed9 ph\u00e2n gi\u1ea3i: 0,1 \u00b0C<\/td>\n<\/tr>\n<tr class=\"row-17\">\n\t<td class=\"column-1\"><strong>Th\u00f4ng s\u1ed1 v\u1ec1 m\u00f4i tr\u01b0\u1eddng<\/strong><\/td><td class=\"column-2\">Nhi\u1ec7t \u0111\u1ed9 v\u1eadn h\u00e0nh<\/td><td class=\"column-3\">15\u00b0C - 35\u00b0C<\/td>\n<\/tr>\n<tr class=\"row-18\">\n\t<td class=\"column-1\"><strong>Th\u00f4ng s\u1ed1 ngu\u1ed3n \u0111i\u1ec7n<\/strong><\/td><td class=\"column-2\">Ngu\u1ed3n<\/td><td class=\"column-3\">100-240V AC<\/td>\n<\/tr>\n<tr class=\"row-19\">\n\t<td class=\"column-1\"><\/td><td class=\"column-2\">T\u1ea7n su\u1ea5t<\/td><td class=\"column-3\">47 - 63Hz<\/td>\n<\/tr>\n<tr class=\"row-20\">\n\t<td class=\"column-1\"><\/td><td class=\"column-2\">ti\u00eau th\u1ee5 \u0111i\u1ec7n n\u0103ng<\/td><td class=\"column-3\">T\u1ed1i \u0111a 120W<\/td>\n<\/tr>\n<tr class=\"row-21\">\n\t<td class=\"column-1\"><\/td><td class=\"column-2\">Pin (b\u00ean trong)<\/td><td class=\"column-3\">Li-ion<\/td>\n<\/tr>\n<\/tbody>\n<\/table>\n<!-- #tablepress-1011 from cache --><br \/>\n<span id=\"ordering\"> <\/span>[\/vc_column_text][\/vc_column_inner][vc_column_inner width=&#8221;1\/3&#8243;][vc_column_text css=&#8221;&#8221;]<\/p>\n<h5><span style=\"color: #00a0c6;\">Ti\u00eau chu\u1ea9n b\u1ea3o h\u00e0nh: 1 n\u0103m.<\/span><\/h5>\n<p>(Theo ch\u00ednh s\u00e1ch c\u1ee7a MTTS)[\/vc_column_text][\/vc_column_inner][\/vc_row_inner][\/vc_column][\/vc_row][vc_row bg_color=&#8221;#f8f8f8&#8243;][vc_column][vc_column_text css=&#8221;&#8221;]<\/p>\n<h3 style=\"text-align: center;\">Th\u00f4ng tin \u0111\u1eb7t h\u00e0ng v\u00e0 d\u1ecbch v\u1ee5<\/h3>\n<p>[\/vc_column_text][\/vc_column][\/vc_row][vc_row][vc_column width=&#8221;2\/3&#8243;][vc_column_text css=&#8221;&#8221;]\n<table id=\"tablepress-1021\" class=\"tablepress tablepress-id-1021\">\n<tbody class=\"row-striping row-hover\">\n<tr class=\"row-1\">\n\t<td class=\"column-1\"><strong>Th\u00f4ng tin \u0111\u1eb7t h\u00e0ng<\/strong><\/td><td class=\"column-2\">Otter<\/td><td class=\"column-3\"><\/td><td class=\"column-4\">OTT-1000<\/td><td class=\"column-5\">\u0110\u01a1n v\u1ecb ch\u00ednh<\/td>\n<\/tr>\n<tr class=\"row-2\">\n\t<td class=\"column-1\"><\/td><td class=\"column-2\">C\u00e1p ngu\u1ed3n ch\u00ednh<\/td><td class=\"column-3\">Lo\u1ea1i EU (AL-301)<\/td><td class=\"column-4\">ID 551<\/td><td class=\"column-5\"><\/td>\n<\/tr>\n<tr class=\"row-3\">\n\t<td class=\"column-1\"><\/td><td class=\"column-2\"><\/td><td class=\"column-3\">Lo\u1ea1i US\/VN (AL-201)<\/td><td class=\"column-4\">ID 552<\/td><td class=\"column-5\"><\/td>\n<\/tr>\n<tr class=\"row-4\">\n\t<td class=\"column-1\"><\/td><td class=\"column-2\"><\/td><td class=\"column-3\">Lo\u1ea1i UK (AL-308)<\/td><td class=\"column-4\">ID 553<\/td><td class=\"column-5\"><\/td>\n<\/tr>\n<tr class=\"row-5\">\n\t<td class=\"column-1\"><\/td><td class=\"column-2\"><\/td><td class=\"column-3\">Lo\u1ea1i AUS<\/td><td class=\"column-4\">ID 1313<\/td><td class=\"column-5\"><\/td>\n<\/tr>\n<tr class=\"row-6\">\n\t<td class=\"column-1\"><strong>Linh ki\u1ec7n<\/strong><\/td><td class=\"column-2\">C\u1ea3m bi\u1ebfn da<\/td><td class=\"column-3\"><\/td><td class=\"column-4\">ID 1290<\/td><td class=\"column-5\"><\/td>\n<\/tr>\n<tr class=\"row-7\">\n\t<td class=\"column-1\"><\/td><td class=\"column-2\">B\u0103ng d\u00ednh cho c\u1ea3m bi\u1ebfn da<\/td><td class=\"column-3\"><\/td><td class=\"column-4\">ID 1315<\/td><td class=\"column-5\">H\u1ed9p 100 mi\u1ebfng<\/td>\n<\/tr>\n<tr class=\"row-8\">\n\t<td class=\"column-1\"><\/td><td class=\"column-2\">K\u1eb9p c\u1ea3m bi\u1ebfn da<\/td><td class=\"column-3\"><\/td><td class=\"column-4\">ID 2130<\/td><td class=\"column-5\"><\/td>\n<\/tr>\n<tr class=\"row-9\">\n\t<td class=\"column-1\"><\/td><td class=\"column-2\">H\u01b0\u1edbng d\u1eabn s\u1eed d\u1ee5ng<\/td><td class=\"column-3\">EN<\/td><td class=\"column-4\"><\/td><td class=\"column-5\">Ti\u00ea\u0301ng Vi\u00ea\u0323t<\/td>\n<\/tr>\n<tr class=\"row-10\">\n\t<td class=\"column-1\"><\/td><td class=\"column-2\">H\u01b0\u1edbng d\u1eabn s\u1eed d\u1ee5ng nhanh<\/td><td class=\"column-3\">EN<\/td><td class=\"column-4\"><\/td><td class=\"column-5\">Ti\u00ea\u0301ng Vi\u00ea\u0323t<\/td>\n<\/tr>\n<\/tbody>\n<\/table>\n<!-- #tablepress-1021 from cache -->[\/vc_column_text][\/vc_column][vc_column width=&#8221;1\/3&#8243;][\/vc_column][\/vc_row]<\/p>\n<\/div>","protected":false},"excerpt":{"rendered":"<p>[vc_row full_width=&#8221;stretch_row&#8221; row_type=&#8221;section&#8221; row_color=&#8221;color_light&#8221; el_class=&#8221;page-banner&#8221; css=&#8221;.vc_custom_1734574532833{background-image: url(https:\/\/www.mtts-asia.com\/wp-content\/uploads\/2014\/11\/111.jpg?id=4723) !important;background-position: center !important;background-repeat: no-repeat !important;background-size: cover !important;}&#8221;][vc_column][vc_custom_heading source=&#8221;post_title&#8221; font_container=&#8221;tag:h2|text_align:center&#8221; use_theme_fonts=&#8221;yes&#8221; css=&#8221;&#8221; wb_heading_type=&#8221;heading&#8221;][\/vc_column][\/vc_row][vc_row full_width=&#8221;stretch_row&#8221; row_type=&#8221;section&#8221;][vc_column][vc_row_inner][vc_column_inner width=&#8221;1\/3&#8243;][vc_single_image image=&#8221;12839&#8243; img_size=&#8221;500x150px&#8221; css=&#8221;&#8221;][vc_column_text css=&#8221;&#8221;] Otter l\u00e0 m\u00e1y s\u01b0\u1edfi d\u1eabn nhi\u1ec7t cho tr\u1ebb s\u01a1 sinh \u0111\u01b0\u1ee3c thi\u1ebft k\u1ebf \u0111\u1eb7c bi\u1ec7t \u0111\u1ec3 cho ph\u00e9p nh\u00e2n vi\u00ean l\u00e2m s\u00e0ng gi\u1eef cho tr\u1ebb s\u01a1 sinh \u1edf nhi\u1ec7t [&hellip;]<\/p>\n","protected":false},"author":3,"featured_media":0,"parent":0,"menu_order":0,"comment_status":"closed","ping_status":"closed","template":"","meta":{"footnotes":""},"class_list":["post-12916","page","type-page","status-publish","hentry"],"jetpack_sharing_enabled":true,"_links":{"self":[{"href":"https:\/\/www.mtts-asia.com\/vi\/wp-json\/wp\/v2\/pages\/12916","targetHints":{"allow":["GET"]}}],"collection":[{"href":"https:\/\/www.mtts-asia.com\/vi\/wp-json\/wp\/v2\/pages"}],"about":[{"href":"https:\/\/www.mtts-asia.com\/vi\/wp-json\/wp\/v2\/types\/page"}],"author":[{"embeddable":true,"href":"https:\/\/www.mtts-asia.com\/vi\/wp-json\/wp\/v2\/users\/3"}],"replies":[{"embeddable":true,"href":"https:\/\/www.mtts-asia.com\/vi\/wp-json\/wp\/v2\/comments?post=12916"}],"version-history":[{"count":20,"href":"https:\/\/www.mtts-asia.com\/vi\/wp-json\/wp\/v2\/pages\/12916\/revisions"}],"predecessor-version":[{"id":13992,"href":"https:\/\/www.mtts-asia.com\/vi\/wp-json\/wp\/v2\/pages\/12916\/revisions\/13992"}],"wp:attachment":[{"href":"https:\/\/www.mtts-asia.com\/vi\/wp-json\/wp\/v2\/media?parent=12916"}],"curies":[{"name":"wp","href":"https:\/\/api.w.org\/{rel}","templated":true}]}}