{"id":5308,"date":"2014-11-03T04:01:29","date_gmt":"2014-11-03T04:01:29","guid":{"rendered":"http:\/\/mttsasia.local\/firefly-3\/"},"modified":"2025-11-25T11:20:28","modified_gmt":"2025-11-25T04:20:28","slug":"den-chieu-vang-da-2-mat-firefly","status":"publish","type":"page","link":"https:\/\/www.mtts-asia.com\/vi\/den-chieu-vang-da-2-mat-firefly\/","title":{"rendered":"\u0110\u00e8n chi\u1ebfu v\u00e0ng da 2 m\u1eb7t Firefly"},"content":{"rendered":"<div class=\"wpb-content-wrapper\"><p>[vc_row full_width=&#8221;stretch_row&#8221; row_type=&#8221;section&#8221; row_color=&#8221;color_light&#8221; el_class=&#8221;page-banner&#8221; css=&#8221;.vc_custom_1734574532833{background-image: url(https:\/\/www.mtts-asia.com\/wp-content\/uploads\/2014\/11\/111.jpg?id=4723) !important;background-position: center !important;background-repeat: no-repeat !important;background-size: cover !important;}&#8221;][vc_column][vc_custom_heading source=&#8221;post_title&#8221; font_container=&#8221;tag:h2|text_align:center&#8221; use_theme_fonts=&#8221;yes&#8221; css=&#8221;&#8221; wb_heading_type=&#8221;heading&#8221;][\/vc_column][\/vc_row][vc_row full_width=&#8221;stretch_row&#8221; row_type=&#8221;section&#8221;][vc_column][vc_column_text]<\/p>\n<h3 style=\"text-align: center;\"><strong>B\u00c2Y GI\u1edc C\u00d3 2 GI\u1edc C\u00d3 PIN SAO L\u01afU TRONG!<\/strong><\/h3>\n<p>[\/vc_column_text][vc_row_inner][vc_column_inner width=&#8221;1\/3&#8243;][vc_single_image image=&#8221;6094&#8243; img_size=&#8221;838x307px&#8221;][vc_column_text]<\/p>\n<p style=\"text-align: justify;\">\u0110\u00e8n chi\u1ebfu v\u00e0ng da 2 m\u1eb7t MTTS Firefly l\u00e0 thi\u1ebft b\u1ecb quang tr\u1ecb li\u1ec7u hi\u1ec7n \u0111\u1ea1i \u0111\u01b0\u1ee3c thi\u1ebft k\u1ebf \u0111\u1ec3 \u0111i\u1ec1u tr\u1ecb hi\u1ec7u qu\u1ea3 b\u1ec7nh v\u00e0ng da \u1edf tr\u1ebb s\u01a1 sinh. Firefly l\u00e0 s\u1ea3n ph\u1ea9m h\u1ee3p t\u00e1c gi\u1eefa Design that Matters (Massachusetts, M\u1ef9) v\u00e0 t\u1ed5 ch\u1ee9c \u0110\u00f4ng T\u00e2y H\u1ed9i Ng\u1ed9 (California, M\u1ef9), m\u00e1y \u0111\u01b0\u1ee3c thi\u1ebft k\u1ebf tr\u1ef1c quan, chi\u1ebfu s\u00e1ng hai m\u1eb7t, k\u00edch th\u01b0\u1edbc nh\u1ecf g\u1ecdn, b\u1ea3ng \u0111i\u1ec1u khi\u1ec3n th\u00e2n thi\u1ec7n v\u00e0 n\u00f4i s\u01a1 sinh d\u1ec5 th\u00e1o r\u1eddi. \u0110\u00e8n chi\u1ebfu v\u00e0ng da hai m\u1eb7t Firefly \u0111\u01b0\u1ee3c thi\u1ebft k\u1ebf \u0111\u1ec3 \u0111i\u1ec1u tr\u1ecb v\u00e0ng da cho tr\u1ebb ngay t\u1ea1i ph\u00f2ng h\u1ed3i s\u1ee9c c\u1ee7a m\u1eb9, do \u0111\u00f3 ng\u01b0\u1eddi m\u1eb9 d\u1ec5 d\u00e0ng cho con b\u00fa v\u00e0 t\u0103ng m\u1ed1i g\u1eafn k\u1ebft gi\u1eefa m\u1eb9 con.<br \/>\n\u0110\u00e1nh gi\u00e1 l\u00e2m s\u00e0ng ch\u1ec9 ra r\u1eb1ng \u0111\u00e8n chi\u1ebfu v\u00e0ng da Firefly v\u1edbi thi\u1ebft k\u1ebf hai m\u1eb7t chi\u1ebfu s\u00e1ng gi\u00fap l\u00e0m gi\u1ea3m 40% t\u1ed5ng th\u1eddi gian \u0111i\u1ec1u tr\u1ecb cho 1 b\u1ec7nh nh\u00e2n so v\u1edbi \u0111\u00e8n chi\u1ebfu v\u00e0ng da LED m\u1ed9t m\u1eb7t, cho ph\u00e9p tr\u1ebb xu\u1ea5t vi\u1ec7n s\u1edbm h\u01a1n, l\u00e0m gi\u1ea3m t\u1ef7 l\u1ec7 nhi\u1ec5m tr\u00f9ng s\u01a1 sinh v\u00e0 gi\u1ea3i ph\u00f3ng thi\u1ebft b\u1ecb \u0111\u1ec3 \u0111i\u1ec1u tr\u1ecb cho nhi\u1ec1u tr\u1ebb h\u01a1n.<\/p>\n<p style=\"text-align: justify;\"><img loading=\"lazy\" decoding=\"async\" class=\"alignleft size-full wp-image-5564\" src=\"https:\/\/www.mtts-asia.com\/wp-content\/uploads\/2014\/11\/CE-Mark-with-Number1.jpg\" alt=\"CE Mark with Number\" width=\"97\" height=\"35\" \/><\/p>\n<p style=\"text-align: justify;\"><strong>\u00a0<\/strong><\/p>\n<p>&nbsp;<\/p>\n<hr \/>\n<p>[\/vc_column_text][vc_empty_space height=&#8221;20px&#8221;][vc_column_text css=&#8221;&#8221;]<img loading=\"lazy\" decoding=\"async\" class=\"alignleft size-full wp-image-4832\" src=\"https:\/\/www.mtts-asia.com\/wp-content\/uploads\/2014\/11\/Untitled-1.png\" alt=\"Untitled-1\" width=\"45\" height=\"32\" \/><\/p>\n<p>&nbsp;<\/p>\n<p>&nbsp;<\/p>\n<p><a href=\"https:\/\/www.mtts-asia.com\/wp-content\/uploads\/2025\/09\/PT-FF-MKT-01-Firefly-Brochure-2-11VN.pdf\" target=\"_blank\" rel=\"noopener noreferrer\">T\u1edd r\u01a1i<\/a><\/p>\n<p><a href=\"https:\/\/www.mtts-asia.com\/wp-content\/uploads\/2025\/11\/PT-FF-MAN-01-FF-User-Manual-1.18VN.pdf\" target=\"_blank\" rel=\"noopener noreferrer\">H\u01b0\u1edbng d\u1eabn s\u1eed d\u1ee5ng<\/a><\/p>\n<p><a href=\"https:\/\/www.mtts-asia.com\/wp-content\/uploads\/2024\/12\/PT-FF-MAN-03-Firefly-Quick-Reference-Guide-1.04VN.pdf\" target=\"_blank\" rel=\"noopener noreferrer\">H\u01b0\u1edbng d\u1eabn s\u1eed d\u1ee5ng nhanh<\/a><\/p>\n<p><a href=\"https:\/\/www.youtube.com\/watch?v=F4dCBlZgIn4&amp;index=1&amp;list=PL_kLgffc5s3An6QS5gbCDGP_cOwioF-vF\" target=\"_blank\" rel=\"noopener noreferrer\">Video h\u01b0\u1edbng d\u1eabn<\/a>[\/vc_column_text][vc_video link=&#8221;https:\/\/www.youtube.com\/watch?v=F4dCBlZgIn4&amp;index=1&amp;list=PL_kLgffc5s3An6QS5gbCDGP_cOwioF-vF&#8221;][\/vc_column_inner][vc_column_inner width=&#8221;2\/3&#8243;][vc_empty_space height=&#8221;75px&#8221;][vc_images_carousel images=&#8221;5319,5309,5312,5311,5313,5316,5317,5315,8326,8322,8334&#8243; img_size=&#8221;full&#8221; onclick=&#8221;link_no&#8221; wrap=&#8221;yes&#8221;][vc_column_text]<\/p>\n<h5><strong>B\u00e2y gi\u1edd v\u1edbi c\u00e1c ph\u1ee5 t\u00f9ng m\u1edbi:<\/strong><\/h5>\n<h5><strong>&#8211; \u0110\u1ec7m gel<\/strong><\/h5>\n<p>[\/vc_column_text][vc_single_image image=&#8221;8326&#8243; img_size=&#8221;350x150px&#8221;][vc_column_text]<\/p>\n<h5><strong>&#8211; Xe \u0111\u1ea9y Firefly<\/strong><\/h5>\n<p>[\/vc_column_text][vc_single_image image=&#8221;8322&#8243; img_size=&#8221;350x265px&#8221;][\/vc_column_inner][\/vc_row_inner][vc_empty_space height=&#8221;20px&#8221;][vc_row_inner][vc_column_inner width=&#8221;1\/3&#8243;][vc_column_text]<\/p>\n<p style=\"text-align: center;\"><div class=\"vc_btn3-container align-center\">\r\n<a href=\"#features\" class=\"vc_general vc_btn3 vc_btn3-size-md vc_btn3-shape-rounded vc_btn3-style-flat vc_btn3-color-wb-btn-primary\">\r\n    <span>C\u00c1C \u0110\u1eb6C \u0110I\u1ec2M CH\u00cdNH<\/span>\r\n<\/a>\r\n<\/div>\n<p>[\/vc_column_text][\/vc_column_inner][vc_column_inner width=&#8221;1\/3&#8243;][vc_column_text]<\/p>\n<p style=\"text-align: center;\"><div class=\"vc_btn3-container align-center\">\r\n<a href=\"#technical\" class=\"vc_general vc_btn3 vc_btn3-size-md vc_btn3-shape-rounded vc_btn3-style-flat vc_btn3-color-wb-btn-primary\">\r\n    <span>\u0110\u1eb6C \u0110I\u1ec2M K\u1ef8 THU\u1eacT<\/span>\r\n<\/a>\r\n<\/div>\n<p>[\/vc_column_text][\/vc_column_inner][vc_column_inner width=&#8221;1\/3&#8243;][vc_column_text]<\/p>\n<p style=\"text-align: center;\"><div class=\"vc_btn3-container align-center\">\r\n<a href=\"#ordering\" class=\"vc_general vc_btn3 vc_btn3-size-md vc_btn3-shape-rounded vc_btn3-style-flat vc_btn3-color-wb-btn-primary\">\r\n    <span>\u0110\u1eb6C \u0110I\u1ec2M K\u1ef8 THU\u1eacT HO\u1ea0T \u0110\u1ed8NG<\/span>\r\n<\/a>\r\n<\/div>\n<p>[\/vc_column_text][\/vc_column_inner][\/vc_row_inner][vc_empty_space height=&#8221;20px&#8221;][\/vc_column][\/vc_row][vc_row full_width=&#8221;stretch_row&#8221; row_type=&#8221;section&#8221; bg_color=&#8221;#f8f8f8&#8243; css=&#8221;.vc_custom_1734594914828{background-color: #f8f8f8 !important;}&#8221;][vc_column][vc_row_inner][vc_column_inner width=&#8221;1\/3&#8243;][vc_column_text]<\/p>\n<h4 style=\"text-align: center;\"><strong><img loading=\"lazy\" decoding=\"async\" class=\"aligncenter wp-image-4799 size-full\" src=\"https:\/\/www.mtts-asia.com\/wp-content\/uploads\/2014\/11\/QUALITY.png\" alt=\"\" width=\"69\" height=\"80\" \/><\/strong><\/h4>\n<h3 style=\"text-align: center;\">CH\u1ea4T L\u01af\u1ee2NG<\/h3>\n<hr \/>\n<p style=\"text-align: center;\">\u0110\u00e8n chi\u1ebfu v\u00e0ng da 2 m\u1eb7t Firefly \u0111\u01b0\u1ee3c thi\u1ebft k\u1ebf th\u00f4ng qua s\u1ef1 h\u1ee3p t\u00e1c gi\u1eefa C\u00f4ng ty TNHH chuy\u1ec3n giao c\u00f4ng ngh\u1ec7 v\u00e0 d\u1ecbch v\u1ee5 y t\u1ebf (MTTS &#8211; H\u00e0 N\u1ed9i, Vi\u1ec7t Nam), Design that Matters (Massachussets, M\u1ef9) v\u00e0 T\u1ed5 ch\u1ee9c \u0110\u00f4ng T\u00e2y H\u1ed9i Ng\u1ed9 (California, M\u1ef9).<br \/>\n<span id=\"features\"> <\/span><\/p>\n<p>[\/vc_column_text][\/vc_column_inner][vc_column_inner width=&#8221;1\/3&#8243;][vc_column_text]<\/p>\n<h4><img loading=\"lazy\" decoding=\"async\" class=\"aligncenter wp-image-4800 size-full\" src=\"https:\/\/www.mtts-asia.com\/wp-content\/uploads\/2014\/11\/INNOVATION.png\" alt=\"\" width=\"80\" height=\"80\" \/><\/h4>\n<h3 style=\"text-align: center;\">C\u1ea2I TI\u1ebeN<\/h3>\n<hr \/>\n<p style=\"text-align: center;\">C\u1ea3i ti\u1ebfn \u0111\u1ed9t ph\u00e1 c\u1ee7a s\u1ea3n ph\u1ea9m l\u00e0 \u00e1p d\u1ee5ng quang tr\u1ecb li\u1ec7u \u1edf c\u1ea3 m\u1eb7t tr\u00ean v\u00e0 m\u1eb7t d\u01b0\u1edbi, s\u1eed d\u1ee5ng b\u00f3ng \u0111\u00e8n LED c\u00f3 tu\u1ed5i th\u1ecd cao, c\u00f4ng su\u1ea5t l\u1edbn, gi\u00fap t\u1ea1o ra hi\u1ec7u qu\u1ea3 \u0111i\u1ec1u tr\u1ecb t\u00edch c\u1ef1c ch\u1ec9 trong m\u1ed9t thi\u1ebft b\u1ecb k\u00edch th\u01b0\u1edbc nh\u1ecf g\u1ecdn.<\/p>\n<p>[\/vc_column_text][\/vc_column_inner][vc_column_inner width=&#8221;1\/3&#8243;][vc_column_text]<\/p>\n<h4 style=\"text-align: center;\"><img loading=\"lazy\" decoding=\"async\" class=\"aligncenter wp-image-4801 size-full\" src=\"https:\/\/www.mtts-asia.com\/wp-content\/uploads\/2014\/11\/CARE.png\" alt=\"\" width=\"49\" height=\"80\" \/><\/h4>\n<h3 style=\"text-align: center;\">CH\u0102M S\u00d3C<\/h3>\n<hr \/>\n<p style=\"text-align: center;\">C\u00f3 th\u1ec3 d\u1ec5 d\u00e0ng l\u1eafp \u0111\u1eb7t v\u00e0 s\u1eed d\u1ee5ng trong ph\u00f2ng h\u1ed3i s\u1ee9c c\u1ee7a ng\u01b0\u1eddi m\u1eb9, t\u1eeb \u0111\u00f3 gia t\u0103ng m\u1ed1i li\u00ean k\u1ebft m\u1eb9 con, th\u00fac \u0111\u1ea9y vi\u1ec7c cho con b\u00fa th\u01b0\u1eddng xuy\u00ean v\u00e0 tr\u1ebb lu\u00f4n \u0111\u01b0\u1ee3c m\u1eb9 gi\u00e1m s\u00e1t ch\u1eb7t ch\u1ebd.<\/p>\n<p>[\/vc_column_text][\/vc_column_inner][\/vc_row_inner][\/vc_column][\/vc_row][vc_row full_width=&#8221;stretch_row&#8221; row_type=&#8221;section&#8221;][vc_column][vc_column_text]<\/p>\n<h3 style=\"text-align: center;\"><strong>C\u00e1c \u0111\u1eb7c \u0111i\u1ec3m ch\u00ednh<\/strong><\/h3>\n<hr \/>\n<p>[\/vc_column_text][vc_row_inner][vc_column_inner width=&#8221;1\/2&#8243;][vc_column_text]<span style=\"color: #00a0c6;\"><strong>T\u1ed5ng quan<\/strong><\/span><br \/>\nK\u00edch th\u01b0\u1edbc nh\u1ecf g\u1ecdn, d\u1ec5 d\u00e0ng \u0111\u1ec3 trong n\u00f4i c\u1ee7a tr\u1ebb ho\u1eb7c gi\u01b0\u1eddng c\u1ee7a ng\u01b0\u1eddi m\u1eb9.<br \/>\nD\u1ec5 \u00f4m v\u00e0 v\u1eadn chuy\u1ec3n b\u1eb1ng tay.<br \/>\nKh\u00edt v\u00e0 kh\u00f4ng c\u00f3 khe h\u1edf, gi\u00fap ng\u0103n b\u1ee5i b\u00e1m t\u00edch l\u0169y theo th\u1eddi gian.<br \/>\nB\u1ec1 m\u1eb7t cong d\u1ec5 d\u00e0ng l\u00e0m s\u1ea1ch.<br \/>\n\u0110\u01b0\u1ee3c b\u1ecdc k\u00edn gi\u00fap tr\u00e1nh b\u1ee5i v\u00e0 n\u01b0\u1edbc.<br \/>\nKh\u00f4ng c\u00f3 b\u1ed9 ph\u1eadn th\u00e1o r\u1eddi; kh\u00f4ng c\u00f3 qu\u1ea1t b\u00ean trong.<br \/>\nS\u1eed d\u1ee5ng ngu\u1ed3n \u0111i\u1ec7n ti\u00eau chu\u1ea9n y t\u1ebf.<\/p>\n<p><span style=\"color: #00a0c6;\"><strong>1. D\u00e0n \u0111\u00e8n ph\u00eda tr\u00ean<\/strong><\/span><br \/>\nC\u1ed1 \u0111\u1ecbnh \u1edf kho\u1ea3ng c\u00e1ch chi\u1ebfu s\u00e1ng hi\u1ec7u qu\u1ea3 nh\u1ea5t.<br \/>\nThi\u1ebft k\u1ebf m\u1ecfng gi\u00fap d\u1ec5 d\u00e0ng quan s\u00e1t tr\u1ebb.<br \/>\nD\u00e0n \u0111\u00e8n tr\u00ean c\u00f3 h\u00ecnh d\u00e1ng thu\u00f4n cong, gi\u00fap tr\u00e1nh \u0111\u1ec3 c\u00e1c v\u1eadt kh\u00e1c l\u00ean tr\u00ean v\u00e0 r\u01a1i v\u00e0o tr\u1ebb n\u1eb1m trong n\u00f4i.<br \/>\nC\u00e1c c\u1ea1nh m\u1ec1m \u0111\u1ec3 \u0111\u1ea3m b\u1ea3o s\u1ef1 an to\u00e0n cho tr\u1ebb khi \u0111\u1eb7t tr\u1ebb v\u00e0o n\u00f4i.<\/p>\n<p><span style=\"color: #00a0c6;\"><strong>2. D\u00e0n \u0111\u00e8n ph\u00eda d\u01b0\u1edbi<\/strong><\/span><br \/>\nTh\u00e0nh nh\u1ef1a d\u00e0y v\u00e0 b\u1ec1n.<br \/>\n\u0110\u00e1y nghi\u00eang h\u01b0\u1edbng h\u01a1i n\u00f3ng v\u1ec1 ph\u00eda t\u1eadn c\u00f9ng b\u00ean d\u01b0\u1edbi c\u1ee7a thi\u1ebft b\u1ecb.<\/p>\n<p><span style=\"color: #00a0c6;\"><strong>3. N\u00f4i<\/strong><\/span><br \/>\nC\u00f3 th\u1ec3 th\u00e1o r\u1eddi, ti\u1ec7n cho vi\u1ec7c di chuy\u1ec3n b\u1ec7nh nh\u00e2n v\u00e0 ch\u1ea9n \u0111o\u00e1n t\u00ecnh tr\u1ea1ng b\u1ec7nh.<br \/>\nCh\u1ed7 c\u1ea7m tay tho\u1ea3i m\u00e1i.<br \/>\nS\u1eed d\u1ee5ng ch\u1ea5t li\u1ec7u nh\u1ef1a ch\u1ed1ng x\u01b0\u1edbc, \u0111\u1ea3m b\u1ea3o c\u00f3 th\u1ec3 quan s\u00e1t tr\u1ebb d\u1ec5 d\u00e0ng.<br \/>\nB\u1ec1 m\u1eb7t nh\u1eb5n d\u1ec5 d\u00e0ng lau ch\u00f9i.<\/p>\n<p><span style=\"color: #00a0c6;\"><strong>4. B\u1ea3ng \u0111i\u1ec3u khi\u1ec3n<\/strong><\/span><br \/>\nM\u1ed9t n\u00fat ngu\u1ed3n \u0111\u1ec3 b\u1eadt t\u1eaft to\u00e0n b\u1ed9 \u0111\u00e8n.<br \/>\nCh\u1ebf \u0111\u1ed9 \u0111i\u1ec1u khi\u1ec3n c\u01b0\u1eddng \u0111\u1ed9 \u00e1nh s\u00e1ng.<br \/>\nHi\u1ec3n th\u1ecb gi\u1edd \u0111i\u1ec1u tr\u1ecb v\u00e0 t\u1ed5ng s\u1ed1 gi\u1edd \u0111\u00e3 s\u1eed d\u1ee5ng.[\/vc_column_text][\/vc_column_inner][vc_column_inner width=&#8221;1\/2&#8243;][vc_single_image image=&#8221;5318&#8243; img_size=&#8221;750x630px&#8221;][\/vc_column_inner][\/vc_row_inner][\/vc_column][\/vc_row][vc_row full_width=&#8221;stretch_row&#8221; row_type=&#8221;section&#8221; bg_color=&#8221;#f8f8f8&#8243; css=&#8221;.vc_custom_1734594940756{background-color: #f8f8f8 !important;}&#8221;][vc_column][vc_row_inner][vc_column_inner width=&#8221;1\/3&#8243;][vc_column_text]<\/p>\n<h3 style=\"text-align: center;\"><img loading=\"lazy\" decoding=\"async\" class=\"aligncenter wp-image-5017 size-full\" src=\"https:\/\/www.mtts-asia.com\/wp-content\/uploads\/2014\/11\/baby.png\" alt=\"\" width=\"89\" height=\"80\" \/><\/h3>\n<h3 style=\"text-align: center;\">HI\u1ec6U QU\u1ea2<\/h3>\n<hr \/>\n<p style=\"text-align: center;\">\u0110\u00e8n chi\u1ebfu v\u00e0ng da 2 m\u1eb7t Firefly cung c\u1ea5p \u00e1nh s\u00e1ng c\u01b0\u1eddng \u0111\u1ed9 cao trong thi\u1ebft b\u1ecb tr\u1ef1c quan. \u0110\u00e8n \u1edf ph\u00eda tr\u00ean \u0111\u01b0\u1ee3c c\u1ed1 \u0111\u1ecbnh \u1edf \u0111\u1ed9 cao chi\u1ebfu s\u00e1ng hi\u1ec7u qu\u1ea3 v\u00e0 ch\u00ednh x\u00e1c nh\u1ea5t.<br \/>\n<span id=\"technical\"> <\/span><\/p>\n<p>[\/vc_column_text][\/vc_column_inner][vc_column_inner width=&#8221;1\/3&#8243;][vc_column_text]<\/p>\n<h3 style=\"text-align: center;\"><img loading=\"lazy\" decoding=\"async\" class=\"aligncenter size-full wp-image-5009\" src=\"https:\/\/www.mtts-asia.com\/wp-content\/uploads\/2014\/11\/safe.png\" alt=\"safe\" width=\"79\" height=\"79\" \/><\/h3>\n<h3 style=\"text-align: center;\">NH\u1ece G\u1eccN<\/h3>\n<hr \/>\n<p style=\"text-align: center;\">K\u00edch th\u01b0\u1edbc nh\u1ecf g\u1ecdn gi\u00fap d\u1ec5 d\u00e0ng \u0111\u1eb7t trong ph\u00f2ng m\u1eb9, th\u1eadm ch\u00ed c\u1ea3 trong c\u00e1c c\u01a1 s\u1edf ch\u0103m s\u00f3c s\u01a1 sinh c\u00f3 kh\u00f4ng gian h\u1ea1n ch\u1ebf, ph\u00e1t tri\u1ec3n li\u1ec7u ph\u00e1p \u0111i\u1ec1u tr\u1ecb l\u1ea5y gia \u0111\u00ecnh l\u00e0m trung t\u00e2m.<\/p>\n<p>[\/vc_column_text][\/vc_column_inner][vc_column_inner width=&#8221;1\/3&#8243;][vc_column_text]<\/p>\n<h3 style=\"text-align: center;\"><img loading=\"lazy\" decoding=\"async\" class=\"aligncenter size-full wp-image-5011\" src=\"https:\/\/www.mtts-asia.com\/wp-content\/uploads\/2014\/11\/costefficient.png\" alt=\"costefficient\" width=\"93\" height=\"80\" \/><\/h3>\n<h3 style=\"text-align: center;\">TI\u1ebeT KI\u1ec6M CHI PH\u00cd<\/h3>\n<hr \/>\n<p style=\"text-align: center;\">Firefly k\u1ebft h\u1ee3p chi ph\u00ed ban \u0111\u1ea7u th\u1ea5p v\u1edbi \u0111\u00e8n LED tu\u1ed5i th\u1ecd cao, c\u00f4ng su\u1ea5t ch\u1ec9 30W nh\u01b0ng \u0111\u01b0\u1ee3c \u0111\u00e1nh gi\u00e1 c\u00f3 th\u1ec3 ho\u1ea1t \u0111\u1ed9ng t\u1edbi 60.000 gi\u1edd li\u00ean ti\u1ebfp tr\u01b0\u1edbc khi c\u1ea7n thay th\u1ebf.<\/p>\n<p>[\/vc_column_text][\/vc_column_inner][\/vc_row_inner][vc_empty_space height=&#8221;20px&#8221;][\/vc_column][\/vc_row][vc_row full_width=&#8221;stretch_row&#8221; row_type=&#8221;section&#8221;][vc_column][vc_column_text]<\/p>\n<h3 style=\"text-align: center;\">\u0110\u1eb7c \u0111i\u1ec3m k\u1ef9 thu\u1eadt<\/h3>\n<hr \/>\n<p>[\/vc_column_text][vc_row_inner][vc_column_inner width=&#8221;2\/3&#8243;][vc_column_text]\n<table id=\"tablepress-0311\" class=\"tablepress tablepress-id-0311\">\n<tbody class=\"row-striping row-hover\">\n<tr class=\"row-1\">\n\t<td class=\"column-1\"><strong>K\u00edch th\u01b0\u1edbc v\u00e0 Tr\u1ecdng l\u01b0\u1ee3ng<\/strong><\/td><td class=\"column-2\">K\u00edch th\u01b0\u1edbc \u0111\u01a1n v\u1ecb (T\u1ed5ng th\u1ec3)<\/td><td class=\"column-3\">66 cm x 38 cm x 49.5 cm<\/td>\n<\/tr>\n<tr class=\"row-2\">\n\t<td class=\"column-1\"><\/td><td class=\"column-2\">K\u00edch th\u01b0\u1edbc \u0111\u01a1n v\u1ecb (\u00c1nh s\u00e1ng ph\u00eda tr\u00ean)<\/td><td class=\"column-3\">51.6 cm x 12.5 cm x 6.3 cm<\/td>\n<\/tr>\n<tr class=\"row-3\">\n\t<td class=\"column-1\"><\/td><td class=\"column-2\">K\u00edch th\u01b0\u1edbc \u0111\u01a1n v\u1ecb (\u00c1nh s\u00e1ng ph\u00eda d\u01b0\u1edbi)<\/td><td class=\"column-3\">64.7 cm x 38 cm x 10 cm<\/td>\n<\/tr>\n<tr class=\"row-4\">\n\t<td class=\"column-1\"><\/td><td class=\"column-2\">K\u00edch th\u01b0\u1edbc v\u1eadn chuy\u1ec3n (\u0110\u00f3ng h\u1ed9p)<\/td><td class=\"column-3\">45 cm x 73 cm x 55 cm<\/td>\n<\/tr>\n<tr class=\"row-5\">\n\t<td class=\"column-1\"><\/td><td class=\"column-2\">Tr\u1ecdng l\u01b0\u1ee3ng<\/td><td class=\"column-3\">13kg<\/td>\n<\/tr>\n<tr class=\"row-6\">\n\t<td class=\"column-1\"><\/td><td class=\"column-2\">T\u1ed5ng tr\u1ecdng l\u01b0\u1ee3ng<\/td><td class=\"column-3\">17kg<\/td>\n<\/tr>\n<tr class=\"row-7\">\n\t<td class=\"column-1\"><strong>Th\u00f4ng s\u1ed1 k\u1ef9 thu\u1eadt<\/strong><\/td><td class=\"column-2\">B\u01b0\u1edbc s\u00f3ng \u0111\u1ec9nh<\/td><td class=\"column-3\">465 t\u1edbi 485 nm<\/td>\n<\/tr>\n<tr class=\"row-8\">\n\t<td class=\"column-1\"><\/td><td class=\"column-2\">Tu\u1ed5i th\u1ecd c\u1ee7a \u0111\u00e8n<\/td><td class=\"column-3\">60,000 gi\u1edd<\/td>\n<\/tr>\n<tr class=\"row-9\">\n\t<td class=\"column-1\"><\/td><td class=\"column-2\">B\u1ee9c x\u1ea1 quang ph\u1ed5 trung b\u00ecnh<\/td><td class=\"column-3\">\u00c1nh s\u00e1ng tr\u00ean -  40.0  \u00b5W.cm-2.nm-1<\/td>\n<\/tr>\n<tr class=\"row-10\">\n\t<td class=\"column-1\"><\/td><td class=\"column-2\"><\/td><td class=\"column-3\">\u00c1nh s\u00e1ng d\u01b0\u1edbi -  66.0  \u00b5W.cm-2.nm-1<\/td>\n<\/tr>\n<tr class=\"row-11\">\n\t<td class=\"column-1\"><\/td><td class=\"column-2\">Di\u1ec7n t\u00edch b\u1ec1 m\u1eb7t chi\u1ebfu s\u00e1ng<\/td><td class=\"column-3\">\u00c1nh s\u00e1ng tr\u00ean -  48 cm x 20 cm<\/td>\n<\/tr>\n<tr class=\"row-12\">\n\t<td class=\"column-1\"><\/td><td class=\"column-2\"><\/td><td class=\"column-3\">\u00c1nh s\u00e1ng d\u01b0\u1edbi - 48 cm x 20 cm<\/td>\n<\/tr>\n<tr class=\"row-13\">\n\t<td class=\"column-1\"><\/td><td class=\"column-2\">T\u1ef7 l\u1ec7 \u0111\u1ed3ng nh\u1ea5t b\u1ee9c x\u1ea1<\/td><td class=\"column-3\">\u00c1nh s\u00e1ng tr\u00ean - 0.63 (IEC compliant --> 0.4)<\/td>\n<\/tr>\n<tr class=\"row-14\">\n\t<td class=\"column-1\"><\/td><td class=\"column-2\"><\/td><td class=\"column-3\">\u00c1nh s\u00e1ng d\u01b0\u1edbi  - 0.64 (IEC compliant --> 0.4)<\/td>\n<\/tr>\n<tr class=\"row-15\">\n\t<td class=\"column-1\"><strong>\u0110\u1eb7c \u0111i\u1ec3m v\u1ec1 \u0111i\u1ec7n<\/strong><\/td><td class=\"column-2\">\u0110\u1eb7c \u0111i\u1ec3m v\u1ec1 ngu\u1ed3n<\/td><td class=\"column-3\">60W, 100-240VAC, 47\/63Hz<\/td>\n<\/tr>\n<tr class=\"row-16\">\n\t<td class=\"column-1\"><\/td><td class=\"column-2\"><\/td><td class=\"column-3\">Ch\u1ee9ng nh\u1eadn an to\u00e0n y t\u1ebf qu\u1ed1c t\u1ebf<\/td>\n<\/tr>\n<tr class=\"row-17\">\n\t<td class=\"column-1\"><\/td><td class=\"column-2\"><\/td><td class=\"column-3\">ANSI\/AAMI\/EN 60601-1, UL\/TUV<\/td>\n<\/tr>\n<tr class=\"row-18\">\n\t<td class=\"column-1\"><\/td><td class=\"column-2\">Ngu\u1ed3n \u0111i\u1ec7n b\u00ean ngo\u00e0i<\/td><td class=\"column-3\">C\u1ea5p b\u1ea3o v\u1ec7: C\u1ea5p I<\/td>\n<\/tr>\n<tr class=\"row-19\">\n\t<td class=\"column-1\"><\/td><td class=\"column-2\"><\/td><td class=\"column-3\">Th\u1eddi gian trung b\u00ecnh gi\u1eefa c\u00e1c l\u1ea7n h\u1ecfng h\u00f3c l\u00e0 100,000 gi\u1edd<\/td>\n<\/tr>\n<tr class=\"row-20\">\n\t<td class=\"column-1\"><\/td><td class=\"column-2\"><\/td><td class=\"column-3\">B\u1ea3o v\u1ec7 qu\u00e1 \u00e1p v\u00e0 qu\u00e1 d\u00f2ng<\/td>\n<\/tr>\n<tr class=\"row-21\">\n\t<td class=\"column-1\"><strong>\u0110\u1eb7c \u0111i\u1ec3m m\u00f4i tr\u01b0\u1eddng<\/strong><\/td><td class=\"column-2\">Ho\u1ea1t \u0111\u1ed9ng<\/td><td class=\"column-3\">Nhi\u1ec7t \u0111\u1ed9 ph\u00f2ng: +10\u00b0C t\u1edbi +35\u00b0C<\/td>\n<\/tr>\n<tr class=\"row-22\">\n\t<td class=\"column-1\"><\/td><td class=\"column-2\"><\/td><td class=\"column-3\">\u0110\u1ed9 \u1ea9m: 0% t\u1edbi 90% RH kh\u00f4ng ng\u01b0ng t\u1ee5<\/td>\n<\/tr>\n<tr class=\"row-23\">\n\t<td class=\"column-1\"><\/td><td class=\"column-2\"><\/td><td class=\"column-3\">\u00c1p l\u1ef1c kh\u00ed quy\u1ec3n : 70-106kPa<\/td>\n<\/tr>\n<tr class=\"row-24\">\n\t<td class=\"column-1\"><\/td><td class=\"column-2\"><\/td><td class=\"column-3\">X\u1ebfp h\u1ea1ng : IPX3<\/td>\n<\/tr>\n<tr class=\"row-25\">\n\t<td class=\"column-1\"><\/td><td class=\"column-2\">V\u1eadn chuy\u1ec3n v\u00e0 l\u01b0u tr\u1eef<\/td><td class=\"column-3\"> Nhi\u1ec7t \u0111\u1ed9 ph\u00f2ng: 0\u00b0C t\u1edbi +50\u00b0C<\/td>\n<\/tr>\n<tr class=\"row-26\">\n\t<td class=\"column-1\"><\/td><td class=\"column-2\"><\/td><td class=\"column-3\">\u0110\u1ed9 \u1ea9m: 0% t\u1edbi 90% RH kh\u00f4ng ng\u01b0ng t\u1ee5<\/td>\n<\/tr>\n<tr class=\"row-27\">\n\t<td class=\"column-1\"><\/td><td class=\"column-2\"><\/td><td class=\"column-3\">\u00c1p l\u1ef1c kh\u00ed quy\u1ec3n : 70-106kPa<\/td>\n<\/tr>\n<tr class=\"row-28\">\n\t<td class=\"column-1\"><\/td><td class=\"column-2\">Lo\u1ea1i tr\u1eeb<\/td><td class=\"column-3\">Kh\u00f4ng d\u00f9ng trong l\u1ed3ng \u1ea5p<\/td>\n<\/tr>\n<tr class=\"row-29\">\n\t<td class=\"column-1\"><\/td><td class=\"column-2\"><\/td><td class=\"column-3\">Kh\u00f4ng d\u00f9ng trong m\u00e1y s\u01b0\u1edfi <\/td>\n<\/tr>\n<\/tbody>\n<\/table>\n<!-- #tablepress-0311 from cache --><br \/>\n<span id=\"ordering\"> <\/span>[\/vc_column_text][\/vc_column_inner][vc_column_inner width=&#8221;1\/3&#8243;][vc_column_text]<\/p>\n<h5><span style=\"color: #00a0c6;\">B\u1ea3o h\u00e0nh ti\u00eau chu\u1ea9n 1 n\u0103m.<\/span><\/h5>\n<p>(Theo quy \u0111\u1ecbnh c\u1ee7a MTTS)[\/vc_column_text][\/vc_column_inner][\/vc_row_inner][\/vc_column][\/vc_row][vc_row bg_color=&#8221;#f8f8f8&#8243;][vc_column][vc_column_text]<\/p>\n<h3 style=\"text-align: center;\">TH\u00d4NG TIN \u0110\u1eb6T H\u00c0NG V\u00c0 C\u00c1C D\u1ecaCH V\u1ee4<\/h3>\n<p>[\/vc_column_text][\/vc_column][\/vc_row][vc_row][vc_column width=&#8221;2\/3&#8243;][vc_column_text]\n<table id=\"tablepress-0321\" class=\"tablepress tablepress-id-0321\">\n<tbody class=\"row-striping row-hover\">\n<tr class=\"row-1\">\n\t<td class=\"column-1\"><strong>Th\u00f4ng tin \u0111\u1eb7t h\u00e0ng<\/strong><\/td><td class=\"column-2\">\u0110\u00e8n chi\u1ebfu Firefly<\/td><td class=\"column-3\">FF1-1000<\/td><td class=\"column-4\">Ph\u1ea7n ch\u00ednh<\/td>\n<\/tr>\n<tr class=\"row-2\">\n\t<td class=\"column-1\"><\/td><td class=\"column-2\">N\u00f4i nh\u1ef1a<\/td><td class=\"column-3\">ID 108<\/td><td class=\"column-4\"><\/td>\n<\/tr>\n<tr class=\"row-3\">\n\t<td class=\"column-1\"><\/td><td class=\"column-2\">\u0110\u1ec7m Gel<\/td><td class=\"column-3\">ID 1525<\/td><td class=\"column-4\"><\/td>\n<\/tr>\n<tr class=\"row-4\">\n\t<td class=\"column-1\"><\/td><td class=\"column-2\">Pin<\/td><td class=\"column-3\">ID 1494<\/td><td class=\"column-4\">2h<\/td>\n<\/tr>\n<tr class=\"row-5\">\n\t<td class=\"column-1\"><\/td><td class=\"column-2\">Xe \u0111\u1ea9y Firefly<\/td><td class=\"column-3\">ID 1462<\/td><td class=\"column-4\"><\/td>\n<\/tr>\n<tr class=\"row-6\">\n\t<td class=\"column-1\"><strong>Linh ki\u1ec7n<\/strong><\/td><td class=\"column-2\">B\u0103ng m\u1eaft (5 chi\u1ebfc)<\/td><td class=\"column-3\">ID 564\/5\/6<\/td><td class=\"column-4\">S, M, L<\/td>\n<\/tr>\n<tr class=\"row-7\">\n\t<td class=\"column-1\"><\/td><td class=\"column-2\">H\u01b0\u1edbng d\u1eabn s\u1eed d\u1ee5ng<\/td><td class=\"column-3\"><\/td><td class=\"column-4\">Ti\u1ebfng Vi\u1ec7t<\/td>\n<\/tr>\n<tr class=\"row-8\">\n\t<td class=\"column-1\"><\/td><td class=\"column-2\">H\u01b0\u1edbng d\u1eabn s\u1eed d\u1ee5ng nhanh<\/td><td class=\"column-3\"><\/td><td class=\"column-4\">Ti\u1ebfng Vi\u1ec7t<\/td>\n<\/tr>\n<\/tbody>\n<\/table>\n<!-- #tablepress-0321 from cache --><span id=\"ordering\"> <\/span>[\/vc_column_text][\/vc_column][vc_column width=&#8221;1\/3&#8243;][\/vc_column][\/vc_row]<\/p>\n<\/div>","protected":false},"excerpt":{"rendered":"<p>[vc_row full_width=&#8221;stretch_row&#8221; row_type=&#8221;section&#8221; row_color=&#8221;color_light&#8221; el_class=&#8221;page-banner&#8221; css=&#8221;.vc_custom_1734574532833{background-image: url(https:\/\/www.mtts-asia.com\/wp-content\/uploads\/2014\/11\/111.jpg?id=4723) !important;background-position: center !important;background-repeat: no-repeat !important;background-size: cover !important;}&#8221;][vc_column][vc_custom_heading source=&#8221;post_title&#8221; font_container=&#8221;tag:h2|text_align:center&#8221; use_theme_fonts=&#8221;yes&#8221; css=&#8221;&#8221; wb_heading_type=&#8221;heading&#8221;][\/vc_column][\/vc_row][vc_row full_width=&#8221;stretch_row&#8221; row_type=&#8221;section&#8221;][vc_column][vc_column_text] B\u00c2Y GI\u1edc C\u00d3 2 GI\u1edc C\u00d3 PIN SAO L\u01afU TRONG! [\/vc_column_text][vc_row_inner][vc_column_inner width=&#8221;1\/3&#8243;][vc_single_image image=&#8221;6094&#8243; img_size=&#8221;838x307px&#8221;][vc_column_text] \u0110\u00e8n chi\u1ebfu v\u00e0ng da 2 m\u1eb7t MTTS Firefly l\u00e0 thi\u1ebft b\u1ecb quang tr\u1ecb li\u1ec7u hi\u1ec7n \u0111\u1ea1i \u0111\u01b0\u1ee3c thi\u1ebft k\u1ebf \u0111\u1ec3 [&hellip;]<\/p>\n","protected":false},"author":3,"featured_media":0,"parent":0,"menu_order":0,"comment_status":"closed","ping_status":"closed","template":"","meta":{"footnotes":""},"class_list":["post-5308","page","type-page","status-publish","hentry"],"jetpack_sharing_enabled":true,"_links":{"self":[{"href":"https:\/\/www.mtts-asia.com\/vi\/wp-json\/wp\/v2\/pages\/5308","targetHints":{"allow":["GET"]}}],"collection":[{"href":"https:\/\/www.mtts-asia.com\/vi\/wp-json\/wp\/v2\/pages"}],"about":[{"href":"https:\/\/www.mtts-asia.com\/vi\/wp-json\/wp\/v2\/types\/page"}],"author":[{"embeddable":true,"href":"https:\/\/www.mtts-asia.com\/vi\/wp-json\/wp\/v2\/users\/3"}],"replies":[{"embeddable":true,"href":"https:\/\/www.mtts-asia.com\/vi\/wp-json\/wp\/v2\/comments?post=5308"}],"version-history":[{"count":5,"href":"https:\/\/www.mtts-asia.com\/vi\/wp-json\/wp\/v2\/pages\/5308\/revisions"}],"predecessor-version":[{"id":13584,"href":"https:\/\/www.mtts-asia.com\/vi\/wp-json\/wp\/v2\/pages\/5308\/revisions\/13584"}],"wp:attachment":[{"href":"https:\/\/www.mtts-asia.com\/vi\/wp-json\/wp\/v2\/media?parent=5308"}],"curies":[{"name":"wp","href":"https:\/\/api.w.org\/{rel}","templated":true}]}}