{"id":5362,"date":"2014-11-03T04:04:26","date_gmt":"2014-11-03T04:04:26","guid":{"rendered":"http:\/\/mttsasia.local\/hand-sanitizer-2\/"},"modified":"2024-12-19T15:59:02","modified_gmt":"2024-12-19T08:59:02","slug":"dung-dich-sat-khuan-tay-nhanh-optima","status":"publish","type":"page","link":"https:\/\/www.mtts-asia.com\/vi\/dung-dich-sat-khuan-tay-nhanh-optima\/","title":{"rendered":"Dung d\u1ecbch s\u00e1t khu\u1ea9n tay nhanh Lavo"},"content":{"rendered":"<div class=\"wpb-content-wrapper\"><p>[vc_row full_width=&#8221;stretch_row&#8221; row_type=&#8221;section&#8221; row_color=&#8221;color_light&#8221; el_class=&#8221;page-banner&#8221; css=&#8221;.vc_custom_1734574532833{background-image: url(https:\/\/www.mtts-asia.com\/wp-content\/uploads\/2014\/11\/111.jpg?id=4723) !important;background-position: center !important;background-repeat: no-repeat !important;background-size: cover !important;}&#8221;][vc_column][vc_custom_heading source=&#8221;post_title&#8221; font_container=&#8221;tag:h2|text_align:center&#8221; use_theme_fonts=&#8221;yes&#8221; css=&#8221;&#8221; wb_heading_type=&#8221;heading&#8221;][\/vc_column][\/vc_row][vc_row full_width=&#8221;stretch_row&#8221; row_type=&#8221;section&#8221;][vc_column][vc_row_inner][vc_column_inner width=&#8221;1\/3&#8243;][vc_column_text]<\/p>\n<p style=\"text-align: justify;\">Nhi\u1ec5m khu\u1ea9n trong ch\u0103m s\u00f3c s\u1ee9c kh\u1ecfe (HCAI) l\u00e0 m\u1ed9t v\u1ea5n \u0111\u1ec1 l\u1edbn \u0111\u1ed1i v\u1edbi an to\u00e0n c\u1ee7a b\u1ec7nh nh\u00e2n v\u00e0 to\u00e0n b\u1ed9 c\u00e1c c\u01a1 s\u1edf v\u00e0 h\u1ec7 th\u1ed1ng y t\u1ebf tr\u00ean to\u00e0n th\u1ebf gi\u1edbi. Th\u1ef1c hi\u1ec7n r\u1eeda tay kh\u00f4ng \u0111\u00fang c\u00e1ch \u0111\u01b0\u1ee3c coi l\u00e0 nguy\u00ean nh\u00e2n h\u00e0ng \u0111\u1ea7u g\u00e2y ra HCAI v\u00e0 s\u1ef1 l\u00e2y lan c\u1ee7a c\u00e1c sinh v\u1eadt \u0111a kh\u00e1ng. Vi\u1ec7c ph\u00f2ng ch\u1ed1ng nhi\u1ec5m khu\u1ea9n ph\u1ea3i \u0111\u01b0\u1ee3c \u01b0u ti\u00ean h\u00e0ng \u0111\u1ea7u t\u1ea1i t\u1ea5t c\u1ea3 c\u00e1c c\u01a1 s\u1edf ch\u0103m s\u00f3c s\u01a1 sinh.<\/p>\n<p style=\"text-align: justify;\">LAVO l\u00e0 dung d\u1ecbch s\u00e1t khu\u1ea9n tay nhanh th\u1ebf h\u1ec7 m\u1edbi \u0111\u00e3 \u0111\u01b0\u1ee3c ch\u1ee9ng minh c\u00f3 th\u1ec3 ch\u1ed1ng l\u1ea1i nhi\u1ec1u lo\u1ea1i vi khu\u1ea9n.<\/p>\n<hr \/>\n<p>[\/vc_column_text][vc_empty_space height=&#8221;20px&#8221;][vc_column_text]<img loading=\"lazy\" decoding=\"async\" class=\"alignleft size-full wp-image-4832\" src=\"https:\/\/www.mtts-asia.com\/wp-content\/uploads\/2014\/11\/Untitled-1.png\" alt=\"Untitled-1\" width=\"45\" height=\"32\" \/><\/p>\n<p>&nbsp;<\/p>\n<p>&nbsp;<\/p>\n<p><a href=\"https:\/\/www.mtts-asia.com\/wp-content\/uploads\/2020\/07\/HS-LV-MKT-01-Hand-Sanitizer-LAVO-Brochure-4.01VN.pdf\">T\u1edd r\u01a1i<\/a>[\/vc_column_text][\/vc_column_inner][vc_column_inner width=&#8221;2\/3&#8243;][vc_images_carousel images=&#8221;8141&#8243; img_size=&#8221;full&#8221; onclick=&#8221;link_no&#8221; wrap=&#8221;yes&#8221;][\/vc_column_inner][\/vc_row_inner][vc_empty_space height=&#8221;20px&#8221;][vc_row_inner][vc_column_inner width=&#8221;1\/3&#8243;][vc_column_text]<\/p>\n<p style=\"text-align: center;\"><div class=\"vc_btn3-container align-center\">\r\n<a href=\"#features\" class=\"vc_general vc_btn3 vc_btn3-size-md vc_btn3-shape-rounded vc_btn3-style-flat vc_btn3-color-wb-btn-primary\">\r\n    <span>C\u00c1C \u0110\u1eb6C \u0110I\u1ec2M CH\u00cdNH<\/span>\r\n<\/a>\r\n<\/div>\n<p>[\/vc_column_text][\/vc_column_inner][vc_column_inner width=&#8221;1\/3&#8243;][vc_column_text]<\/p>\n<p style=\"text-align: center;\"><div class=\"vc_btn3-container align-center\">\r\n<a href=\"#technical\" class=\"vc_general vc_btn3 vc_btn3-size-md vc_btn3-shape-rounded vc_btn3-style-flat vc_btn3-color-wb-btn-primary\">\r\n    <span>\u0110\u1eb6C \u0110I\u1ec2M K\u1ef8 THU\u1eacT<\/span>\r\n<\/a>\r\n<\/div>\n<p>[\/vc_column_text][\/vc_column_inner][vc_column_inner width=&#8221;1\/3&#8243;][vc_column_text]<\/p>\n<p style=\"text-align: center;\"><div class=\"vc_btn3-container align-center\">\r\n<a href=\"#ordering\" class=\"vc_general vc_btn3 vc_btn3-size-md vc_btn3-shape-rounded vc_btn3-style-flat vc_btn3-color-wb-btn-primary\">\r\n    <span>TH\u00d4NG TIN \u0110\u1eb6T H\u00c0NG<\/span>\r\n<\/a>\r\n<\/div>\n<p>[\/vc_column_text][\/vc_column_inner][\/vc_row_inner][vc_empty_space height=&#8221;20px&#8221;][\/vc_column][\/vc_row][vc_row full_width=&#8221;stretch_row&#8221; row_type=&#8221;section&#8221; bg_color=&#8221;#f8f8f8&#8243; css=&#8221;.vc_custom_1734598702856{background-color: #f8f8f8 !important;}&#8221;][vc_column][vc_row_inner][vc_column_inner width=&#8221;1\/3&#8243;][vc_column_text]<\/p>\n<h4 style=\"text-align: center;\"><strong><img loading=\"lazy\" decoding=\"async\" class=\"aligncenter wp-image-4799 size-full\" src=\"https:\/\/www.mtts-asia.com\/wp-content\/uploads\/2014\/11\/QUALITY.png\" alt=\"\" width=\"69\" height=\"80\" \/><\/strong><\/h4>\n<h3 style=\"text-align: center;\">CH\u1ea4T L\u01af\u1ee2NG<\/h3>\n<hr \/>\n<p style=\"text-align: center;\">C\u00f3 nhi\u1ec1u c\u00e1ch s\u1eed d\u1ee5ng LAVO \u0111\u1ec3 ph\u00f2ng ch\u1ed1ng nhi\u1ec5m khu\u1ea9n, bao g\u1ed3m: kh\u1eed tr\u00f9ng tay, kh\u1eed tr\u00f9ng da, l\u00e0m s\u1ea1ch b\u1ec1 m\u1eb7t n\u1ed9i th\u1ea5t, t\u01b0\u1eddng v\u00e0 nh\u1eefng thi\u1ebft b\u1ecb l\u1edbn; kh\u1eed tr\u00f9ng c\u1ea3 nh\u1eefng thi\u1ebft b\u1ecb nh\u1ecf nh\u01b0 \u1ed1ng nghe v\u00e0 nhi\u1ec7t k\u1ebf.<br \/>\n<span id=\"features\"> <\/span><\/p>\n<p>[\/vc_column_text][\/vc_column_inner][vc_column_inner width=&#8221;1\/3&#8243;][vc_column_text]<\/p>\n<h4><img loading=\"lazy\" decoding=\"async\" class=\"aligncenter wp-image-4800 size-full\" src=\"https:\/\/www.mtts-asia.com\/wp-content\/uploads\/2014\/11\/INNOVATION.png\" alt=\"\" width=\"80\" height=\"80\" \/><\/h4>\n<h3 style=\"text-align: center;\">C\u1ea2I TI\u1ebeN<\/h3>\n<hr \/>\n<p style=\"text-align: center;\">LAVO l\u00e0 dung d\u1ecbch s\u00e1t khu\u1ea9n tay nhanh th\u1ebf h\u1ec7 m\u1edbi \u01b0u vi\u1ec7t h\u01a1n \u1edf kh\u1ea3 n\u0103ng di\u1ec7t khu\u1ea9n ti\u00ean ti\u1ebfn v\u00e0 c\u00f4ng th\u1ee9c pha ch\u1ebf nh\u1eb9 nh\u00e0ng, kh\u00f4ng g\u00e2y k\u00edch \u1ee9ng da.<\/p>\n<p>[\/vc_column_text][\/vc_column_inner][vc_column_inner width=&#8221;1\/3&#8243;][vc_column_text]<\/p>\n<h4 style=\"text-align: center;\"><img loading=\"lazy\" decoding=\"async\" class=\"aligncenter wp-image-4801 size-full\" src=\"https:\/\/www.mtts-asia.com\/wp-content\/uploads\/2014\/11\/CARE.png\" alt=\"\" width=\"49\" height=\"80\" \/><\/h4>\n<h3 style=\"text-align: center;\">CH\u0102M S\u00d3C<\/h3>\n<hr \/>\n<p style=\"text-align: center;\">LAVO h\u1ed7 tr\u1ee3 c\u00e1c chuy\u00ean gia ch\u0103m s\u00f3c s\u1ee9c kh\u1ecfe \u00e1p d\u1ee5ng m\u1ed9t h\u1ec7 th\u1ed1ng v\u1ec7 sinh to\u00e0n di\u1ec7n v\u00e0 th\u1ed1ng nh\u1ea5t th\u00f4ng qua vi\u1ec7c s\u1eed d\u1ee5ng dung d\u1ecbch pha ch\u1ebf ngay t\u1ea1i th\u00e0nh gi\u01b0\u1eddng b\u1ec7nh nh\u00e2n, gi\u00e1 \u0111\u1ee1 tr\u00ean t\u01b0\u1eddng, v\u00e0 h\u01b0\u1edbng d\u1eabn s\u1eed d\u1ee5ng b\u1eb1ng \u00e1p ph\u00edch h\u00ecnh \u1ea3nh g\u1eafn tr\u00ean t\u01b0\u1eddng.<\/p>\n<p>[\/vc_column_text][\/vc_column_inner][\/vc_row_inner][\/vc_column][\/vc_row][vc_row full_width=&#8221;stretch_row&#8221; row_type=&#8221;section&#8221;][vc_column][vc_column_text]<\/p>\n<h3 style=\"text-align: center;\"><strong>C\u00e1c \u0111\u1eb7c \u0111i\u1ec3m ch\u00ednh<\/strong><\/h3>\n<hr \/>\n<p>[\/vc_column_text][vc_row_inner][vc_column_inner width=&#8221;1\/2&#8243;][vc_column_text]<span style=\"color: #00a0c6;\"><strong>T\u1ed5ng quan<\/strong><\/span><br \/>\nPh\u01b0\u01a1ng ph\u00e1p gi\u1ea3m l\u00e2y nhi\u1ec5m trong b\u1ec7nh vi\u1ec7n hi\u1ec7u qu\u1ea3 nh\u1ea5t v\u1edbi chi ph\u00ed<br \/>\nth\u1ea5p nh\u1ea5t.<br \/>\nNghi\u00ean c\u1ee9u cho th\u1ea5y s\u1eed d\u1ee5ng n\u01b0\u1edbc r\u1eeda tay c\u00f3 th\u1ec3 l\u00e0m gi\u1ea3m \u0111\u00e1ng k\u1ec3 t\u1ef7 l\u1ec7<br \/>\nt\u1eed vong.<br \/>\nB\u1ed9 y t\u1ebf Vi\u1ec7t Nam ph\u00ea duy\u1ec7t (VNDP-HC-700-08-13)<br \/>\nM\u00f9i th\u01a1m d\u1ec5 ch\u1ecbu, kh\u00f4ng c\u00f3 m\u00f9i h\u00f3a ch\u1ea5t m\u1ea1nh.<br \/>\nC\u00f3 ch\u1ea5t Glycerin ch\u1ed1ng kh\u00f4 da tay.<br \/>\nC\u00f3 s\u1eb5n chai g\u1eafn th\u00e0nh gi\u01b0\u1eddng dung t\u00edch 400ml v\u00e0 can l\u1edbn dung t\u00edch 10-20L.<\/p>\n<p><span style=\"color: #00a0c6;\"><strong>1. Chai 400ml \u0111\u1ef1ng dung d\u1ecbch th\u00e0nh ph\u1ea9m<\/strong><\/span><br \/>\nK\u00edch th\u01b0\u1edbc ti\u1ec7n d\u1ee5ng v\u1edbi m\u00f3c treo v\u00e0o th\u00e0nh gi\u01b0\u1eddng b\u1ec7nh nh\u00e2n, gi\u00e1 treo t\u01b0\u1eddng v\u00e0 quanh khu v\u1ef1c \u0111i\u1ec1u tr\u1ecb.<br \/>\nC\u00f3 th\u1ec3 b\u01a1m dung d\u1ecbch m\u1edbi v\u00e0o chai \u0111\u1ec3 t\u00e1i s\u1eed d\u1ee5ng khi h\u1ebft.<br \/>\nN\u00fat b\u01a1m gi\u00fap l\u1ea5y ch\u00ednh x\u00e1c l\u01b0\u1ee3ng dung d\u1ecbch c\u1ea7n thi\u1ebft.<\/p>\n<p><span style=\"color: #00a0c6;\"><strong>2. Gi\u00e1 treo t\u01b0\u1eddng<\/strong><\/span><br \/>\nC\u00f3 th\u1ec3 treo \u1edf nh\u1eefng v\u1ecb tr\u00ed c\u1ed1 \u0111\u1ecbnh nh\u01b0: khu v\u1ef1c r\u1eeda tay, khu v\u1ef1c \u0111i\u1ec1u tr\u1ecb cho b\u1ec7nh nh\u00e2n.<\/p>\n<p><span style=\"color: #00a0c6;\"><strong>3. M\u00f3c treo di \u0111\u1ed9ng<\/strong><\/span><br \/>\nC\u00f3 th\u1ec3 treo \u1edf th\u00e0nh gi\u01b0\u1eddng c\u1ee7a b\u1ec7nh nh\u00e2n ho\u1eb7c g\u1eafn tr\u00ean c\u00e1c thi\u1ebft b\u1ecb kh\u00e1c.[\/vc_column_text][\/vc_column_inner][vc_column_inner width=&#8221;1\/2&#8243;][vc_single_image image=&#8221;8086&#8243; img_size=&#8221;905x837px&#8221;][\/vc_column_inner][\/vc_row_inner][\/vc_column][\/vc_row][vc_row full_width=&#8221;stretch_row&#8221; row_type=&#8221;section&#8221; bg_color=&#8221;#f8f8f8&#8243; css=&#8221;.vc_custom_1734598721014{background-color: #f8f8f8 !important;}&#8221;][vc_column][vc_row_inner][vc_column_inner width=&#8221;1\/3&#8243;][vc_column_text]<\/p>\n<h3 style=\"text-align: center;\"><img loading=\"lazy\" decoding=\"async\" class=\"aligncenter wp-image-5017 size-full\" src=\"https:\/\/www.mtts-asia.com\/wp-content\/uploads\/2014\/11\/baby.png\" alt=\"\" width=\"89\" height=\"80\" \/><\/h3>\n<h3 style=\"text-align: center;\">HI\u1ec6U QU\u1ea2<\/h3>\n<hr \/>\n<p style=\"text-align: center;\">S\u00e1u b\u01b0\u1edbc r\u1eeda tay kh\u00f4 v\u1edbi LAVO \u0111\u01b0\u1ee3c thi\u1ebft k\u1ebf \u0111\u1ec3 n\u00e2ng cao t\u00ednh tu\u00e2n th\u1ee7 nghi\u00eam ng\u1eb7t v\u00e0 gi\u1ea3m nguy c\u01a1 nhi\u1ec5m tr\u00f9ng trong ch\u0103m s\u00f3c tr\u1ebb s\u01a1 sinh.<br \/>\n<span id=\"technical\"> <\/span><\/p>\n<p>[\/vc_column_text][\/vc_column_inner][vc_column_inner width=&#8221;1\/3&#8243;][vc_column_text]<\/p>\n<h3 style=\"text-align: center;\"><img loading=\"lazy\" decoding=\"async\" class=\"aligncenter size-full wp-image-5009\" src=\"https:\/\/www.mtts-asia.com\/wp-content\/uploads\/2014\/11\/safe.png\" alt=\"safe\" width=\"79\" height=\"79\" \/><\/h3>\n<h3 style=\"text-align: center;\">D\u1ec4 TI\u1ebeP C\u1eacN<\/h3>\n<hr \/>\n<p style=\"text-align: center;\">Dung d\u1ecbch LAVO c\u00f3 th\u1ec3 chia nh\u1ecf, gi\u00fap cho vi\u1ec7c s\u00e1t khu\u1ea9n tay tr\u1edf n\u00ean d\u1ec5 d\u00e0ng h\u01a1n cho c\u1ea3 nh\u00e2n vi\u00ean y t\u1ebf v\u00e0 kh\u00e1ch th\u0103m b\u1ec7nh vi\u1ec7n. C\u00f3 th\u1ec3 s\u1eed d\u1ee5ng gi\u00e1 treo tr\u00ean gi\u01b0\u1eddng ho\u1eb7c tr\u00ean t\u01b0\u1eddng \u0111\u1ec3 treo chai dung d\u1ecbch s\u00e1t khu\u1ea9n th\u00e0nh ph\u1ea9m ho\u1eb7c \u1edf b\u1ea5t c\u1ee9 n\u01a1i n\u00e0o tr\u1ebb \u0111\u01b0\u1ee3c \u0111i\u1ec1u tr\u1ecb, bao g\u1ed3m c\u00e1c l\u1ed1i ra v\u00e0o hay c\u1eeda ph\u00f2ng ch\u0103m s\u00f3c.<\/p>\n<p>[\/vc_column_text][\/vc_column_inner][vc_column_inner width=&#8221;1\/3&#8243;][vc_column_text]<\/p>\n<h3 style=\"text-align: center;\"><img loading=\"lazy\" decoding=\"async\" class=\"aligncenter size-full wp-image-5011\" src=\"https:\/\/www.mtts-asia.com\/wp-content\/uploads\/2014\/11\/costefficient.png\" alt=\"costefficient\" width=\"93\" height=\"80\" \/><\/h3>\n<h3 style=\"text-align: center;\">CHI PH\u00cd HI\u1ec6U QU\u1ea2<\/h3>\n<hr \/>\n<p style=\"text-align: center;\">LAVO \u0111\u01b0\u1ee3c thi\u1ebft k\u1ebf \u0111\u1ec3 t\u1ed1i thi\u1ec3u h\u00f3a chi ph\u00ed ki\u1ec3m so\u00e1t nhi\u1ec5m khu\u1ea9n \u1edf c\u00e1c \u0111\u01a1n v\u1ecb ch\u0103m s\u00f3c tr\u1ebb s\u01a1 sinh. Kh\u00f4ng c\u1ea7n r\u1eeda, ti\u1ebft ki\u1ec7m th\u1eddi gian v\u00e0 chi ph\u00ed s\u1eed d\u1ee5ng n\u01b0\u1edbc, kh\u0103n gi\u1ea5y. H\u01a1n n\u1eefa, chai th\u00e0nh ph\u1ea9m c\u00f3 k\u00edch th\u01b0\u1edbc ti\u1ec7n d\u1ee5ng, c\u00f3 th\u1ec3 t\u00e1i s\u1eed d\u1ee5ng.<\/p>\n<p>[\/vc_column_text][\/vc_column_inner][\/vc_row_inner][vc_empty_space height=&#8221;20px&#8221;][\/vc_column][\/vc_row][vc_row full_width=&#8221;stretch_row&#8221; row_type=&#8221;section&#8221;][vc_column][vc_column_text]<\/p>\n<h3 style=\"text-align: center;\">\u0110\u1eb7c \u0111i\u1ec3m k\u1ef9 thu\u1eadt<\/h3>\n<hr \/>\n<p>[\/vc_column_text][vc_row_inner][vc_column_inner width=&#8221;2\/3&#8243;][vc_column_text]\n<table id=\"tablepress-0711\" class=\"tablepress tablepress-id-0711\">\n<tbody class=\"row-striping row-hover\">\n<tr class=\"row-1\">\n\t<td class=\"column-1\">\u00c1p d\u1ee5ng<\/td><td class=\"column-2\">Kh\u00e1ng khu\u1ea9n tay nhanh cho nh\u00e2n vi\u00ean c\u1ee7a b\u1ec7nh vi\u1ec7n.<\/td>\n<\/tr>\n<tr class=\"row-2\">\n\t<td class=\"column-1\">Th\u00e0nh ph\u1ea7n ho\u1ea1t \u0111\u1ed9ng (H\u1ed7n h\u1ee3p)<\/td><td class=\"column-2\">Alcohol (0.689 w\/v), Chlorhexidine Gluconate<br \/>\n (0.011 w\/v), Glycerin (0.004 w\/v)<\/td>\n<\/tr>\n<\/tbody>\n<\/table>\n<!-- #tablepress-0711 from cache --><br \/>\n<span id=\"ordering\"> <\/span>[\/vc_column_text][\/vc_column_inner][vc_column_inner width=&#8221;1\/3&#8243;][vc_column_text][\/vc_column_text][\/vc_column_inner][\/vc_row_inner][\/vc_column][\/vc_row][vc_row bg_color=&#8221;#f8f8f8&#8243;][vc_column][vc_column_text]<\/p>\n<h3 style=\"text-align: center;\">Th\u00f4ng tin \u0111\u1eb7t h\u00e0ng<\/h3>\n<p>[\/vc_column_text][\/vc_column][\/vc_row][vc_row][vc_column width=&#8221;2\/3&#8243;][vc_column_text]\n<table id=\"tablepress-0721\" class=\"tablepress tablepress-id-0721\">\n<tbody class=\"row-striping row-hover\">\n<tr class=\"row-1\">\n\t<td class=\"column-1\"><strong>Ph\u1ee5 t\u00f9ng v\u00e0 V\u1eadt t\u01b0 thay th\u1ebf<\/strong><\/td><td class=\"column-2\">Chai th\u00e0nh ph\u1ea9m 10 L<\/td><td class=\"column-3\">HST-1011<\/td>\n<\/tr>\n<tr class=\"row-2\">\n\t<td class=\"column-1\"><\/td><td class=\"column-2\">Chai th\u00e0nh ph\u1ea9m 20 L<\/td><td class=\"column-3\">HST-1012<\/td>\n<\/tr>\n<tr class=\"row-3\">\n\t<td class=\"column-1\"><\/td><td class=\"column-2\">Chai th\u00e0nh ph\u1ea9m 400 ml<\/td><td class=\"column-3\">HST-1020<\/td>\n<\/tr>\n<tr class=\"row-4\">\n\t<td class=\"column-1\"><\/td><td class=\"column-2\">Chai th\u00e0nh ph\u1ea9m 50 ml<\/td><td class=\"column-3\">HST-1030<\/td>\n<\/tr>\n<\/tbody>\n<\/table>\n<!-- #tablepress-0721 from cache -->[\/vc_column_text][\/vc_column][vc_column width=&#8221;1\/3&#8243;][\/vc_column][\/vc_row]<\/p>\n<\/div>","protected":false},"excerpt":{"rendered":"<p>[vc_row full_width=&#8221;stretch_row&#8221; row_type=&#8221;section&#8221; row_color=&#8221;color_light&#8221; el_class=&#8221;page-banner&#8221; css=&#8221;.vc_custom_1734574532833{background-image: url(https:\/\/www.mtts-asia.com\/wp-content\/uploads\/2014\/11\/111.jpg?id=4723) !important;background-position: center !important;background-repeat: no-repeat !important;background-size: cover !important;}&#8221;][vc_column][vc_custom_heading source=&#8221;post_title&#8221; font_container=&#8221;tag:h2|text_align:center&#8221; use_theme_fonts=&#8221;yes&#8221; css=&#8221;&#8221; wb_heading_type=&#8221;heading&#8221;][\/vc_column][\/vc_row][vc_row full_width=&#8221;stretch_row&#8221; row_type=&#8221;section&#8221;][vc_column][vc_row_inner][vc_column_inner width=&#8221;1\/3&#8243;][vc_column_text] Nhi\u1ec5m khu\u1ea9n trong ch\u0103m s\u00f3c s\u1ee9c kh\u1ecfe (HCAI) l\u00e0 m\u1ed9t v\u1ea5n \u0111\u1ec1 l\u1edbn \u0111\u1ed1i v\u1edbi an to\u00e0n c\u1ee7a b\u1ec7nh nh\u00e2n v\u00e0 to\u00e0n b\u1ed9 c\u00e1c c\u01a1 s\u1edf v\u00e0 h\u1ec7 th\u1ed1ng y t\u1ebf tr\u00ean to\u00e0n [&hellip;]<\/p>\n","protected":false},"author":3,"featured_media":0,"parent":0,"menu_order":0,"comment_status":"closed","ping_status":"closed","template":"","meta":{"footnotes":""},"class_list":["post-5362","page","type-page","status-publish","hentry"],"jetpack_sharing_enabled":true,"_links":{"self":[{"href":"https:\/\/www.mtts-asia.com\/vi\/wp-json\/wp\/v2\/pages\/5362","targetHints":{"allow":["GET"]}}],"collection":[{"href":"https:\/\/www.mtts-asia.com\/vi\/wp-json\/wp\/v2\/pages"}],"about":[{"href":"https:\/\/www.mtts-asia.com\/vi\/wp-json\/wp\/v2\/types\/page"}],"author":[{"embeddable":true,"href":"https:\/\/www.mtts-asia.com\/vi\/wp-json\/wp\/v2\/users\/3"}],"replies":[{"embeddable":true,"href":"https:\/\/www.mtts-asia.com\/vi\/wp-json\/wp\/v2\/comments?post=5362"}],"version-history":[{"count":2,"href":"https:\/\/www.mtts-asia.com\/vi\/wp-json\/wp\/v2\/pages\/5362\/revisions"}],"predecessor-version":[{"id":12657,"href":"https:\/\/www.mtts-asia.com\/vi\/wp-json\/wp\/v2\/pages\/5362\/revisions\/12657"}],"wp:attachment":[{"href":"https:\/\/www.mtts-asia.com\/vi\/wp-json\/wp\/v2\/media?parent=5362"}],"curies":[{"name":"wp","href":"https:\/\/api.w.org\/{rel}","templated":true}]}}