{"id":5405,"date":"2014-11-03T04:03:17","date_gmt":"2014-11-03T04:03:17","guid":{"rendered":"http:\/\/mttsasia.local\/warmer-2\/"},"modified":"2025-11-25T12:17:28","modified_gmt":"2025-11-25T05:17:28","slug":"giuong-suoi-so-sinh-wallaby","status":"publish","type":"page","link":"https:\/\/www.mtts-asia.com\/vi\/giuong-suoi-so-sinh-wallaby\/","title":{"rendered":"Gi\u01b0\u1eddng s\u01b0\u1edfi s\u01a1 sinh Wallaby"},"content":{"rendered":"<div class=\"wpb-content-wrapper\"><p>[vc_row full_width=&#8221;stretch_row&#8221; row_type=&#8221;section&#8221; row_color=&#8221;color_light&#8221; el_class=&#8221;page-banner&#8221; css=&#8221;.vc_custom_1734574532833{background-image: url(https:\/\/www.mtts-asia.com\/wp-content\/uploads\/2014\/11\/111.jpg?id=4723) !important;background-position: center !important;background-repeat: no-repeat !important;background-size: cover !important;}&#8221;][vc_column][vc_custom_heading source=&#8221;post_title&#8221; font_container=&#8221;tag:h2|text_align:center&#8221; use_theme_fonts=&#8221;yes&#8221; css=&#8221;&#8221; wb_heading_type=&#8221;heading&#8221;][\/vc_column][\/vc_row][vc_row full_width=&#8221;stretch_row&#8221; row_type=&#8221;section&#8221;][vc_column][vc_row_inner][vc_column_inner width=&#8221;1\/3&#8243;][vc_single_image image=&#8221;6127&#8243; img_size=&#8221;500x710px&#8221;][vc_column_text]<\/p>\n<p style=\"text-align: justify;\">Khi r\u1eddi kh\u1ecfi m\u00f4i tr\u01b0\u1eddng \u1ea5m \u00e1p trong b\u1ee5ng c\u1ee7a ng\u01b0\u1eddi m\u1eb9, tr\u1ebb s\u01a1 sinh ti\u1ebfp x\u00fac v\u1edbi m\u00f4i tr\u01b0\u1eddng b\u00ean ngo\u00e0i c\u00f3 nhi\u1ec7t \u0111\u1ed9 th\u1ea5p h\u01a1n, nh\u1eefng tr\u1ebb b\u1ecb h\u1ea1n ch\u1ebf kh\u1ea3 n\u0103ng trao \u0111\u1ed5i ch\u1ea5t do b\u1ec7nh t\u1eadt, sinh non ho\u1eb7c nh\u1eb9 c\u00e2n c\u00f3 nguy c\u01a1 cao m\u1ea5t c\u00e2n b\u1eb1ng th\u00e2n nhi\u1ec7t. C\u00f4ng ty Chuy\u1ec3n giao C\u00f4ng ngh\u1ec7 v\u00e0 D\u1ecbch v\u1ee5 Y t\u1ebf MTTS cung c\u1ea5p thi\u1ebft b\u1ecb Gi\u01b0\u1eddng s\u01b0\u1edfi s\u01a1 sinh v\u1edbi c\u00f4ng ngh\u1ec7 ti\u00ean ti\u1ebfn gi\u00fap duy tr\u00ec, \u1ed5n \u0111\u1ecbnh v\u00e0 ki\u1ec3m so\u00e1t th\u00e2n nhi\u1ec7t c\u1ee7a tr\u1ebb.<br \/>\nGi\u01b0\u1eddng s\u01b0\u1edfi s\u01a1 sinh MTTS t\u1eadp trung c\u1ea3i ti\u1ebfn ch\u1ee9c n\u0103ng v\u00e0 hi\u1ec7u qu\u1ea3 ch\u1eefa tr\u1ecb v\u1edbi c\u00f4ng ngh\u1ec7 v\u01b0\u1ee3t tr\u1ed9i \u1edf b\u1ed9 ki\u1ec3m so\u00e1t nhi\u1ec7t \u0111\u1ed9 b\u1ec7nh nh\u00e2n t\u1ef1 \u0111\u1ed9ng v\u00e0 an to\u00e0n, ph\u00e1t hi\u1ec7n s\u1ef1 c\u1ed1 th\u00f4ng minh, b\u1ed5 sung ch\u1ebf \u0111\u1ed9 d\u1ef1 b\u1ecb an to\u00e0n, c\u00f3 m\u00e0n h\u00ecnh LCD hi\u1ec3n th\u1ecb nhi\u1ec7t \u0111\u1ed9 c\u00e0i \u0111\u1eb7t, b\u00e1o \u0111\u1ed9ng nhi\u1ec7t \u0111\u1ed9, th\u1eddi gian \u0111i\u1ec1u tr\u1ecb, t\u1ed5ng th\u1eddi gian s\u1eed d\u1ee5ng, v\u00e0 c\u00f4ng su\u1ea5t s\u01b0\u1edfi. H\u01a1n n\u1eefa, th\u00e0nh gi\u01b0\u1eddng d\u1ec5 d\u00e0ng th\u00e1o m\u1edf, gi\u00fap nh\u00e2n vi\u00ean y t\u1ebf thu\u1eadn ti\u1ec7n ti\u1ebfp c\u1eadn b\u1ec7nh nh\u00e2n khi s\u01b0\u1edfi \u1ea5m, t\u1ea1o ra m\u1ed9t m\u00f4i tr\u01b0\u1eddng l\u00e0m vi\u1ec7c hi\u1ec7u qu\u1ea3.<\/p>\n<p><img loading=\"lazy\" decoding=\"async\" class=\"wp-image-5563 alignnone\" src=\"https:\/\/www.mtts-asia.com\/wp-content\/uploads\/2014\/11\/CE-Mark-with-Number1.jpg\" alt=\"CE Mark with Number\" width=\"97\" height=\"35\" \/><\/p>\n<hr \/>\n<p>[\/vc_column_text][vc_empty_space height=&#8221;20px&#8221;][vc_column_text css=&#8221;&#8221;]<img loading=\"lazy\" decoding=\"async\" class=\"alignleft size-full wp-image-4832\" src=\"https:\/\/www.mtts-asia.com\/wp-content\/uploads\/2014\/11\/Untitled-1.png\" alt=\"Untitled-1\" width=\"45\" height=\"32\" \/><\/p>\n<p>&nbsp;<\/p>\n<p>&nbsp;<\/p>\n<p><a href=\"https:\/\/www.mtts-asia.com\/wp-content\/uploads\/2023\/10\/WM-WL-MKT-01-Wallaby-Warmer-Brochure-1.13VN.pdf\" target=\"_blank\" rel=\"noopener noreferrer\">T\u1edd r\u01a1i<\/a><\/p>\n<p><a href=\"https:\/\/www.mtts-asia.com\/wp-content\/uploads\/2025\/11\/WM-WL-MAN-01-Wallaby-User-Manual-1.16VN.pdf\" target=\"_blank\" rel=\"noopener noreferrer\">H\u01b0\u1edbng d\u1eabn s\u1eed d\u1ee5ng<\/a><\/p>\n<p><a href=\"https:\/\/www.mtts-asia.com\/wp-content\/uploads\/2023\/03\/WM-WL-MAN-02-Wallaby-Assembly-Instructions-1.04VN.pdf\" target=\"_blank\" rel=\"noopener noreferrer\">H\u01b0\u1edbng d\u1eabn l\u1eafp \u0111\u1eb7t<\/a><\/p>\n<p><a href=\"https:\/\/www.mtts-asia.com\/wp-content\/uploads\/2024\/12\/WM-WL-MAN-04-Wallaby-Optional-Components-Assembly-Instructions-1.02VN.pdf\" target=\"_blank\" rel=\"noopener noreferrer\">H\u01b0\u1edbng d\u1eabn l\u1eafp \u0111\u1eb7t ph\u1ee5 ki\u1ec7n<\/a><\/p>\n<p><a href=\"https:\/\/www.mtts-asia.com\/wp-content\/uploads\/2019\/08\/WM-WL-MAN-03-Wallaby-Quick-Reference-Guide-1.04VN.pdf\" target=\"_blank\" rel=\"noopener noreferrer\">H\u01b0\u1edbng d\u1eabn s\u1eed d\u1ee5ng nhanh<\/a><\/p>\n<p><a href=\"https:\/\/youtu.be\/ipMV9QeytKE\" target=\"_blank\" rel=\"noopener noreferrer\">Video h\u01b0\u1edbng d\u1eabn<\/a>[\/vc_column_text][vc_video link=&#8221;https:\/\/youtu.be\/ipMV9QeytKE&#8221;][\/vc_column_inner][vc_column_inner width=&#8221;2\/3&#8243;][vc_empty_space height=&#8221;160px&#8221;][vc_images_carousel images=&#8221;6471,6470,6469,6468,6467&#8243; img_size=&#8221;full&#8221; onclick=&#8221;link_no&#8221; wrap=&#8221;yes&#8221;][\/vc_column_inner][\/vc_row_inner][vc_empty_space height=&#8221;20px&#8221;][vc_row_inner][vc_column_inner width=&#8221;1\/3&#8243;][vc_column_text]<\/p>\n<p style=\"text-align: center;\"><div class=\"vc_btn3-container align-center\">\r\n<a href=\"#features\" class=\"vc_general vc_btn3 vc_btn3-size-md vc_btn3-shape-rounded vc_btn3-style-flat vc_btn3-color-wb-btn-primary\">\r\n    <span>C\u00c1C \u0110\u1eb6C \u0110I\u1ec2M CH\u00cdNH<\/span>\r\n<\/a>\r\n<\/div>\n<p>[\/vc_column_text][\/vc_column_inner][vc_column_inner width=&#8221;1\/3&#8243;][vc_column_text]<\/p>\n<p style=\"text-align: center;\"><div class=\"vc_btn3-container align-center\">\r\n<a href=\"#technical\" class=\"vc_general vc_btn3 vc_btn3-size-md vc_btn3-shape-rounded vc_btn3-style-flat vc_btn3-color-wb-btn-primary\">\r\n    <span>\u0110\u1eb6C \u0110I\u1ec2M K\u1ef8 THU\u1eacT<\/span>\r\n<\/a>\r\n<\/div>\n<p>[\/vc_column_text][\/vc_column_inner][vc_column_inner width=&#8221;1\/3&#8243;][vc_column_text]<\/p>\n<p style=\"text-align: center;\"><div class=\"vc_btn3-container align-center\">\r\n<a href=\"#ordering\" class=\"vc_general vc_btn3 vc_btn3-size-md vc_btn3-shape-rounded vc_btn3-style-flat vc_btn3-color-wb-btn-primary\">\r\n    <span>\u0110\u1eb6C \u0110I\u1ec2M K\u1ef8 THU\u1eacT HO\u1ea0T \u0110\u1ed8NG<\/span>\r\n<\/a>\r\n<\/div>\n<p>[\/vc_column_text][\/vc_column_inner][\/vc_row_inner][vc_empty_space height=&#8221;20px&#8221;][\/vc_column][\/vc_row][vc_row full_width=&#8221;stretch_row&#8221; row_type=&#8221;section&#8221; bg_color=&#8221;#f8f8f8&#8243; css=&#8221;.vc_custom_1734596591466{background-color: #f8f8f8 !important;}&#8221;][vc_column][vc_row_inner][vc_column_inner width=&#8221;1\/3&#8243;][vc_column_text]<\/p>\n<h4 style=\"text-align: center;\"><strong><img loading=\"lazy\" decoding=\"async\" class=\"aligncenter wp-image-4799 size-full\" src=\"https:\/\/www.mtts-asia.com\/wp-content\/uploads\/2014\/11\/QUALITY.png\" alt=\"\" width=\"69\" height=\"80\" \/><\/strong><\/h4>\n<h3 style=\"text-align: center;\">CH\u1ea4T L\u01af\u1ee2NG<\/h3>\n<hr \/>\n<p style=\"text-align: center;\">Gi\u01b0\u1eddng s\u01b0\u1edfi s\u01a1 sinh MTTS l\u00e0 m\u1ed9t thi\u1ebft b\u1ecb tin c\u1eady, cung c\u1ea5p \u0111i\u1ec1u tr\u1ecb nhi\u1ec7t t\u1ed1i \u01b0u cho b\u1ec7nh nh\u00e2n v\u1edbi m\u1ee9c ti\u00eau th\u1ee5 \u0111i\u1ec7n n\u0103ng th\u1ea5p, c\u00e1c linh ki\u1ec7n b\u1ec1n ch\u1eafc v\u00e0 b\u1ed9 ph\u1eadn s\u01b0\u1edfi \u1ea5m tu\u1ed5i th\u1ecd cao.<br \/>\n<span id=\"features\"> <\/span><\/p>\n<p>[\/vc_column_text][\/vc_column_inner][vc_column_inner width=&#8221;1\/3&#8243;][vc_column_text]<\/p>\n<h4><img loading=\"lazy\" decoding=\"async\" class=\"aligncenter wp-image-4800 size-full\" src=\"https:\/\/www.mtts-asia.com\/wp-content\/uploads\/2014\/11\/INNOVATION.png\" alt=\"\" width=\"80\" height=\"80\" \/><\/h4>\n<h3 style=\"text-align: center;\">C\u1ea2I TI\u1ebeN<\/h3>\n<hr \/>\n<p style=\"text-align: center;\">Gi\u01b0\u1eddng s\u01b0\u1edfi MTTS s\u1eed d\u1ee5ng c\u00f4ng ngh\u1ec7 tinh vi k\u1ebft h\u1ee3p v\u1edbi giao di\u1ec7n th\u00e2n thi\u1ec7n cho ng\u01b0\u1eddi s\u1eed d\u1ee5ng v\u00e0 m\u1ed9t h\u1ec7 th\u1ed1ng ph\u00e1t hi\u1ec7n l\u1ed7i ti\u00ean ti\u1ebfn, \u0111\u1ea1t hi\u1ec7u qu\u1ea3 cao trong duy tr\u00ec th\u00e2n nhi\u1ec7t cho tr\u1ebb s\u01a1 sinh.<\/p>\n<p>[\/vc_column_text][\/vc_column_inner][vc_column_inner width=&#8221;1\/3&#8243;][vc_column_text]<\/p>\n<h4 style=\"text-align: center;\"><img loading=\"lazy\" decoding=\"async\" class=\"aligncenter wp-image-4801 size-full\" src=\"https:\/\/www.mtts-asia.com\/wp-content\/uploads\/2014\/11\/CARE.png\" alt=\"\" width=\"49\" height=\"80\" \/><\/h4>\n<h3 style=\"text-align: center;\">CH\u0102M S\u00d3C<\/h3>\n<hr \/>\n<p style=\"text-align: center;\">Gi\u01b0\u1eddng s\u01b0\u1edfi gi\u00fap tr\u1ebb sinh non v\u00e0 tr\u1ebb \u1ed1m y\u1ebfu duy tr\u00ec m\u1ee9c th\u00e2n nhi\u1ec7t ph\u00f9 h\u1ee3p nh\u1ea5t trong khi nh\u00e2n vi\u00ean y t\u1ebf v\u1eabn c\u00f3 th\u1ec3 ti\u1ebfp c\u1eadn tr\u1ebb \u0111\u1ec3 ch\u0103m s\u00f3c t\u1ed1t nh\u1ea5t.<\/p>\n<p>[\/vc_column_text][\/vc_column_inner][\/vc_row_inner][\/vc_column][\/vc_row][vc_row full_width=&#8221;stretch_row&#8221; row_type=&#8221;section&#8221;][vc_column][vc_column_text]<\/p>\n<h3 style=\"text-align: center;\"><strong>C\u00e1c \u0111\u1eb7c \u0111i\u1ec3m ch\u00ednh<\/strong><\/h3>\n<hr \/>\n<p>[\/vc_column_text][vc_row_inner][vc_column_inner width=&#8221;1\/2&#8243;][vc_column_text]<span style=\"color: #00a0c6;\"><strong>T\u1ed5ng quan<\/strong><\/span><br \/>\nM\u00e1y c\u00f3 b\u1ed9 ph\u1eadn ki\u1ec3m so\u00e1t nhi\u1ec7t \u0111\u1ed9 c\u1ee7a b\u1ec7nh nh\u00e2n m\u1ed9t c\u00e1ch t\u1ef1 \u0111\u1ed9ng v\u00e0 an to\u00e0n, ph\u00e1t hi\u1ec7n s\u1ef1 c\u1ed1 th\u00f4ng minh v\u00e0 t\u1ef1 chuy\u1ec3n sang ch\u1ebf \u0111\u1ed9 d\u1ef1 b\u1ecb an to\u00e0n trong tr\u01b0\u1eddng h\u1ee3p c\u1ea7n thi\u1ebft.<br \/>\nB\u1ed9 ph\u1eadn thay th\u1ebf \u0111\u01b0\u1ee3c s\u1ea3n xu\u1ea5t t\u1ea1i MTTS.<br \/>\nR\u01a1le b\u00e1n d\u1eabn r\u1eafn ch\u1eafc c\u00f3 tu\u1ed5i th\u1ecd cao.<br \/>\nTh\u00e2n b\u1eb1ng th\u00e9p kh\u00f4ng g\u1ec9 ch\u1eafc ch\u1eafn.<br \/>\nBao g\u1ed3m t\u00e0i li\u1ec7u v\u00e0 video h\u01b0\u1edbng d\u1eabn s\u1eed d\u1ee5ng.<br \/>\nBao g\u1ed3m d\u1ecbch v\u1ee5 h\u01b0\u1edbng d\u1eabn cho c\u00e1c k\u1ef9 thu\u1eadt vi\u00ean c\u1ee7a b\u1ec7nh vi\u1ec7n.<\/p>\n<p><span style=\"color: #00a0c6;\"><strong>H\u1ec7 th\u1ed1ng \u0111i\u1ec1u khi\u1ec3n nhi\u1ec7t \u0111\u1ed9<\/strong><\/span><br \/>\nB\u1ed9 \u0111i\u1ec1u khi\u1ec3n PID \u0111\u1ec3 ki\u1ec3m so\u00e1t nhi\u1ec7t \u0111\u1ed9 b\u1ec7nh nh\u00e2n.<br \/>\nH\u1ec7 th\u1ed1ng d\u1ef1 b\u1ecb t\u1ef1 chuy\u1ec3n sang ch\u1ebf \u0111\u1ed9 an to\u00e0n, cho ph\u00e9p v\u1eadn h\u00e0nh an to\u00e0n ngay c\u1ea3 khi c\u1ea3m bi\u1ebfn b\u1ecb th\u1ea5t l\u1ea1c ho\u1eb7c b\u1ecb ng\u1eaft k\u1ebft n\u1ed1i.<\/p>\n<p><span style=\"color: #00a0c6;\"><strong>C\u1ea3m bi\u1ebfn b\u1ec7nh nh\u00e2n<\/strong><\/span><br \/>\nC\u1ea3m bi\u1ebfn nh\u1ecf, tr\u1ecdng l\u01b0\u1ee3ng nh\u1eb9 d\u1ec5 d\u00e0ng \u0111\u1eb7t b\u00ean tr\u00ean b\u1ec7nh nh\u00e2n.<\/p>\n<p><span style=\"color: #00a0c6;\"><strong>Ngu\u1ed3n cung c\u1ea5p<\/strong><\/span><br \/>\n\u0110\u1ea7u c\u1eafm 3 ch\u00e2n c\u00f3 ch\u00e2n ti\u1ebfp \u0111\u1ea5t an to\u00e0n.<br \/>\nC\u1ea7u ch\u00ec b\u1ea3o v\u1ec7 c\u00f3 th\u1ec3 thay th\u1ebf.<\/p>\n<p><span style=\"color: #00a0c6;\"><strong>Hi\u1ec3n th\u1ecb\/ Ch\u1ec9 s\u1ed1<\/strong><\/span><br \/>\n\u00c1nh s\u00e1ng m\u00e0n h\u00ecnh LED s\u00e1ng v\u00e0 d\u1ec5 \u0111\u1ecdc, cho th\u1ea5y t\u00ecnh tr\u1ea1ng nhi\u1ec7t \u0111\u1ed9 hi\u1ec7n t\u1ea1i c\u1ee7a b\u1ec7nh nh\u00e2n.<br \/>\nM\u00e0n h\u00ecnh LCD hi\u1ec3n th\u1ecb nhi\u1ec7t \u0111\u1ed9 c\u00e0i \u0111\u1eb7t, b\u00e1o \u0111\u1ed9ng nhi\u1ec7t \u0111\u1ed9, th\u1eddi gian<br \/>\n\u0111i\u1ec1u tr\u1ecb, t\u1ed5ng th\u1eddi gian s\u1eed d\u1ee5ng, m\u1ee9c n\u0103ng l\u01b0\u1ee3ng nhi\u1ec7t v\u00e0 d\u00e2y c\u1ea3m<br \/>\nbi\u1ebfn k\u1ebft n\u1ed1i.<br \/>\nT\u00edch h\u1ee3p \u0111\u1ed3ng h\u1ed3 \u0111o ch\u1ec9 s\u1ed1 Apgar.<br \/>\nM\u00e0n h\u00ecnh LCD hi\u1ec3n th\u1ecb c\u00e1c th\u00f4ng tin ch\u1ea9n \u0111o\u00e1n v\u00e0 kh\u1eafc ph\u1ee5c s\u1ef1 c\u1ed1.<br \/>\nB\u1ed9 \u0111\u1ebfm t\u1ed5ng th\u1eddi gian s\u1eed d\u1ee5ng m\u00e1y (tu\u1ed5i th\u1ecd).<\/p>\n<p><span style=\"color: #00a0c6;\"><strong>An to\u00e0n<\/strong><\/span><br \/>\n\u00c2m thanh v\u00e0 c\u00e1c ch\u1ec9 s\u1ed1 b\u00e1o \u0111\u1ed9ng tr\u1ef1c quan.<br \/>\nX\u1eed l\u00fd th\u00f4ng minh t\u1ea5t c\u1ea3 l\u1ed7i li\u00ean quan \u0111\u1ebfn c\u1ea3m bi\u1ebfn v\u00e0 \u0111\u1eb7t c\u1ea3m bi\u1ebfn nh\u1ea7m ch\u1ed7.[\/vc_column_text][\/vc_column_inner][vc_column_inner width=&#8221;1\/2&#8243;][vc_single_image image=&#8221;6467&#8243; img_size=&#8221;1000x2000px&#8221;][\/vc_column_inner][\/vc_row_inner][\/vc_column][\/vc_row][vc_row full_width=&#8221;stretch_row&#8221; row_type=&#8221;section&#8221; bg_color=&#8221;#f8f8f8&#8243; css=&#8221;.vc_custom_1734596610162{background-color: #f8f8f8 !important;}&#8221;][vc_column][vc_row_inner][vc_column_inner width=&#8221;1\/3&#8243;][vc_column_text]<\/p>\n<h3 style=\"text-align: center;\"><img loading=\"lazy\" decoding=\"async\" class=\"aligncenter wp-image-5017 size-full\" src=\"https:\/\/www.mtts-asia.com\/wp-content\/uploads\/2014\/11\/baby.png\" alt=\"\" width=\"89\" height=\"80\" \/><\/h3>\n<h3 style=\"text-align: center;\">HI\u1ec6U QU\u1ea2<\/h3>\n<hr \/>\n<p style=\"text-align: center;\">\u00a0\u0110\u1ec3 t\u0103ng s\u1ef1 an to\u00e0n cho b\u1ec7nh nh\u00e2n, Gi\u01b0\u1eddng s\u01b0\u1edfi k\u1ebft h\u1ee3p ch\u1eb7t ch\u1ebd c\u00e1c b\u00e1o \u0111\u1ed9ng \u0111\u1ec3 th\u00f4ng b\u00e1o cho ng\u01b0\u1eddi ch\u0103m s\u00f3c n\u1ebfu nhi\u1ec7t \u0111\u1ed9 da c\u1ee7a tr\u1ebb ch\u00eanh l\u1ec7ch l\u1edbn so v\u1edbi nhi\u1ec7t \u0111\u1ed9 c\u00e0i \u0111\u1eb7t ho\u1eb7c c\u1ea3m bi\u1ebfn r\u01a1i kh\u1ecfi da tr\u1ebb.<br \/>\n<span id=\"technical\"> <\/span><\/p>\n<p>[\/vc_column_text][\/vc_column_inner][vc_column_inner width=&#8221;1\/3&#8243;][vc_column_text]<\/p>\n<h3 style=\"text-align: center;\"><img loading=\"lazy\" decoding=\"async\" class=\"aligncenter size-full wp-image-5009\" src=\"https:\/\/www.mtts-asia.com\/wp-content\/uploads\/2014\/11\/safe.png\" alt=\"safe\" width=\"79\" height=\"79\" \/><\/h3>\n<h3 style=\"text-align: center;\">D\u1ec4 S\u1eec D\u1ee4NG<\/h3>\n<hr \/>\n<p style=\"text-align: center;\">B\u1ea3ng \u0111i\u1ec1u khi\u1ec3n tr\u1ef1c quan gi\u00fap d\u1ec5 d\u00e0ng s\u1eed d\u1ee5ng c\u00e1c ch\u1ee9c n\u0103ng ph\u1ee9c t\u1ea1p. M\u00e0n h\u00ecnh k\u1ef9 thu\u1eadt s\u1ed1 l\u1edbn v\u00e0 s\u00e1ng r\u00f5, cung c\u1ea5p t\u1ea5t c\u1ea3 nh\u1eefng th\u00f4ng tin c\u1ea7n thi\u1ebft v\u1ec1 b\u1ec7nh nh\u00e2n theo m\u1ed9t \u0111\u1ecbnh d\u1ea1ng d\u1ec5 \u0111\u1ecdc.<\/p>\n<p>[\/vc_column_text][\/vc_column_inner][vc_column_inner width=&#8221;1\/3&#8243;][vc_column_text]<\/p>\n<h3 style=\"text-align: center;\"><img loading=\"lazy\" decoding=\"async\" class=\"aligncenter size-full wp-image-5011\" src=\"https:\/\/www.mtts-asia.com\/wp-content\/uploads\/2014\/11\/costefficient.png\" alt=\"costefficient\" width=\"93\" height=\"80\" \/><\/h3>\n<h3 style=\"text-align: center;\">CHI PH\u00cd HI\u1ec6U QU\u1ea2<\/h3>\n<hr \/>\n<p style=\"text-align: center;\">Gi\u01b0\u1eddng s\u01b0\u1edfi mang \u0111\u1ebfn ch\u1ea5t l\u01b0\u1ee3ng ch\u0103m s\u00f3c t\u1ed1t nh\u1ea5t. Thi\u1ebft b\u1ecb t\u1ea1o ra m\u00f4i tr\u01b0\u1eddng vi m\u00f4 gi\u00e0u t\u00ednh n\u0103ng v\u1edbi chi ph\u00ed ban \u0111\u1ea7u th\u1ea5p, ti\u00eau th\u1ee5 \u0111i\u1ec7n n\u0103ng th\u1ea5p nh\u01b0ng c\u00e1c b\u1ed9 ph\u1eadn ho\u1ea1t \u0111\u1ed9ng b\u1ec1n b\u1ec9.<\/p>\n<p>[\/vc_column_text][\/vc_column_inner][\/vc_row_inner][vc_empty_space height=&#8221;20px&#8221;][\/vc_column][\/vc_row][vc_row full_width=&#8221;stretch_row&#8221; row_type=&#8221;section&#8221;][vc_column][vc_column_text]<\/p>\n<h3 style=\"text-align: center;\">\u0110\u1eb7c \u0111i\u1ec3m k\u1ef9 thu\u1eadt<\/h3>\n<hr \/>\n<p>[\/vc_column_text][vc_row_inner][vc_column_inner width=&#8221;2\/3&#8243;][vc_column_text]\n<table id=\"tablepress-0011\" class=\"tablepress tablepress-id-0011\">\n<tbody class=\"row-striping row-hover\">\n<tr class=\"row-1\">\n\t<td class=\"column-1\"><strong>K\u00edch th\u01b0\u1edbc v\u00e0 tr\u1ecdng l\u01b0\u1ee3ng<\/strong><\/td><td class=\"column-2\">K\u00edch th\u01b0\u1edbc<\/td><td class=\"column-3\">110 cm x 78 cm x 174 cm<\/td>\n<\/tr>\n<tr class=\"row-2\">\n\t<td class=\"column-1\"><\/td><td class=\"column-2\">Tr\u1ecdng l\u01b0\u1ee3ng<\/td><td class=\"column-3\">64kg<\/td>\n<\/tr>\n<tr class=\"row-3\">\n\t<td class=\"column-1\"><\/td><td class=\"column-2\">Tr\u1ecdng l\u01b0\u1ee3ng v\u1eadn chuy\u1ec3n<\/td><td class=\"column-3\">78kg<\/td>\n<\/tr>\n<tr class=\"row-4\">\n\t<td class=\"column-1\"><strong> Th\u00f4ng s\u1ed1 k\u1ef9 thu\u1eadt<\/strong><\/td><td class=\"column-2\">\u00c1p d\u1ee5ng<\/td><td class=\"column-3\">Ng\u0103n ng\u1eeba h\u1ea1 th\u00e2n nhi\u1ec7t \u1edf b\u1ec7nh nh\u00e2n s\u01a1 sinh v\u00e0 tr\u1ebb em.<\/td>\n<\/tr>\n<tr class=\"row-5\">\n\t<td class=\"column-1\"><\/td><td class=\"column-2\">Kho\u1ea3ng nhi\u1ec7t \u0111\u1ed9<\/td><td class=\"column-3\">34\u00b0C - 37.5\u00b0C<\/td>\n<\/tr>\n<tr class=\"row-6\">\n\t<td class=\"column-1\"><\/td><td class=\"column-2\">\u0110o nhi\u1ec7t \u0111\u1ed9<\/td><td class=\"column-3\">10.0\u00b0C - 50.0\u00b0C<\/td>\n<\/tr>\n<tr class=\"row-7\">\n\t<td class=\"column-1\"><\/td><td class=\"column-2\">Sai s\u1ed1 c\u1ee7a c\u1ea3m bi\u1ebfn<\/td><td class=\"column-3\">+\/- 0.1\u00b0C<\/td>\n<\/tr>\n<tr class=\"row-8\">\n\t<td class=\"column-1\"><\/td><td class=\"column-2\">B\u1ea3o h\u00e0nh ti\u00eau chu\u1ea9n<\/td><td class=\"column-3\">1 n\u0103m<\/td>\n<\/tr>\n<tr class=\"row-9\">\n\t<td class=\"column-1\"><strong>Ph\u1ea7n \u0111\u1ed1t n\u00f3ng<\/strong><\/td><td class=\"column-2\">Lo\u1ea1i<\/td><td class=\"column-3\">B\u1ee9c x\u1ea1<\/td>\n<\/tr>\n<tr class=\"row-10\">\n\t<td class=\"column-1\"><\/td><td class=\"column-2\">\u0110i\u1ec7n n\u0103ng<\/td><td class=\"column-3\">650W<\/td>\n<\/tr>\n<tr class=\"row-11\">\n\t<td class=\"column-1\"><strong>\u0110\u1eb7c \u0111i\u1ec3m v\u1ec1 \u0111\u00e8n <\/strong><\/td><td class=\"column-2\">Lo\u1ea1i<\/td><td class=\"column-3\">LED<\/td>\n<\/tr>\n<tr class=\"row-12\">\n\t<td class=\"column-1\"><\/td><td class=\"column-2\">\u0110i\u1ec7n n\u0103ng<\/td><td class=\"column-3\">3W<\/td>\n<\/tr>\n<tr class=\"row-13\">\n\t<td class=\"column-1\"><strong>Ph\u1ea7 \u0110\u1eb7c \u0111i\u1ec3m m\u00f4i tr\u01b0\u1eddng<\/strong><\/td><td class=\"column-2\">Nhi\u1ec7t \u0111\u1ed9 v\u1eadn h\u00e0nh<\/td><td class=\"column-3\">18\u00b0C - 35\u00b0C<\/td>\n<\/tr>\n<tr class=\"row-14\">\n\t<td class=\"column-1\"><strong>Ngu\u1ed3n \u0111i\u1ec7n<\/strong><\/td><td class=\"column-2\">Ngu\u1ed3n<\/td><td class=\"column-3\">220-240V AC<\/td>\n<\/tr>\n<tr class=\"row-15\">\n\t<td class=\"column-1\"><\/td><td class=\"column-2\">T\u1ea7n su\u1ea5t<\/td><td class=\"column-3\">47 - 63Hz<\/td>\n<\/tr>\n<\/tbody>\n<\/table>\n<!-- #tablepress-0011 from cache --><br \/>\n<span id=\"ordering\"> <\/span>[\/vc_column_text][\/vc_column_inner][vc_column_inner width=&#8221;1\/3&#8243;][vc_column_text css=&#8221;&#8221;]<\/p>\n<h5><span style=\"color: #00a0c6;\">Ti\u00eau chu\u1ea9n b\u1ea3o h\u00e0nh: 1 n\u0103m.<\/span><\/h5>\n<p>(Theo ch\u00ednh s\u00e1ch c\u1ee7a MTTS)[\/vc_column_text][\/vc_column_inner][\/vc_row_inner][\/vc_column][\/vc_row][vc_row bg_color=&#8221;#f8f8f8&#8243;][vc_column][vc_column_text]<\/p>\n<h3 style=\"text-align: center;\">Th\u00f4ng tin \u0111\u1eb7t h\u00e0ng v\u00e0 d\u1ecbch v\u1ee5<\/h3>\n<p>[\/vc_column_text][\/vc_column][\/vc_row][vc_row][vc_column width=&#8221;2\/3&#8243;][vc_column_text]\n<table id=\"tablepress-0021\" class=\"tablepress tablepress-id-0021\">\n<tbody class=\"row-striping row-hover\">\n<tr class=\"row-1\">\n\t<td class=\"column-1\"><strong> Th\u00f4ng tin \u0111\u1eb7t h\u00e0ng<\/strong><\/td><td class=\"column-2\">B\u1ed9 ph\u1eadn s\u01b0\u1edfi \u1ea5m<\/td><td class=\"column-3\">M\u00e3 \u0111\u1eb7t h\u00e0ng s\u1ea3n ph\u1ea9m<\/td><td class=\"column-4\">WLB-1000<\/td><td class=\"column-5\">S\u1ea3n ph\u1ea9m ch\u00ednh<\/td>\n<\/tr>\n<tr class=\"row-2\">\n\t<td class=\"column-1\"><strong>Linh ki\u1ec7n\/strong><\/td><td class=\"column-2\">C\u1ea3m bi\u1ebfn da<\/td><td class=\"column-3\">M\u00e3 \u0111\u1eb7t h\u00e0ng s\u1ea3n ph\u1ea9m<\/td><td class=\"column-4\">ID 1290<\/td><td class=\"column-5\"><\/td>\n<\/tr>\n<tr class=\"row-3\">\n\t<td class=\"column-1\"><\/td><td class=\"column-2\">B\u0103ng d\u00ednh cho c\u1ea3m bi\u1ebfn da<\/td><td class=\"column-3\"><\/td><td class=\"column-4\">ID 1315<\/td><td class=\"column-5\">H\u1ed9p 100 mi\u1ebfng<\/td>\n<\/tr>\n<tr class=\"row-4\">\n\t<td class=\"column-1\"><\/td><td class=\"column-2\">\u0110\u1ec7m<\/td><td class=\"column-3\"><\/td><td class=\"column-4\">ID 1307<\/td><td class=\"column-5\"><\/td>\n<\/tr>\n<tr class=\"row-5\">\n\t<td class=\"column-1\"><\/td><td class=\"column-2\">C\u1ed9t Truy\u1ec1n<\/td><td class=\"column-3\"><\/td><td class=\"column-4\">ID 1331<\/td><td class=\"column-5\"><\/td>\n<\/tr>\n<tr class=\"row-6\">\n\t<td class=\"column-1\"><\/td><td class=\"column-2\">K\u1ec7<\/td><td class=\"column-3\"><\/td><td class=\"column-4\">ID 1254<\/td><td class=\"column-5\"><\/td>\n<\/tr>\n<tr class=\"row-7\">\n\t<td class=\"column-1\"><\/td><td class=\"column-2\">M\u00f3c truy\u1ec1n d\u1ecbch<\/td><td class=\"column-3\"><\/td><td class=\"column-4\">ID 1331<\/td><td class=\"column-5\"><\/td>\n<\/tr>\n<tr class=\"row-8\">\n\t<td class=\"column-1\"><\/td><td class=\"column-2\">B\u00e1nh xe<\/td><td class=\"column-3\"><\/td><td class=\"column-4\">ID 658<\/td><td class=\"column-5\"><\/td>\n<\/tr>\n<tr class=\"row-9\">\n\t<td class=\"column-1\"><\/td><td class=\"column-2\">Mica th\u00e0nh gi\u01b0\u1eddng (d\u00e0i)<\/td><td class=\"column-3\"><\/td><td class=\"column-4\">ID 1120<\/td><td class=\"column-5\"><\/td>\n<\/tr>\n<tr class=\"row-10\">\n\t<td class=\"column-1\"><\/td><td class=\"column-2\">Mica th\u00e0nh gi\u01b0\u1eddng (ng\u1eafn)<\/td><td class=\"column-3\"><\/td><td class=\"column-4\">ID 1121<\/td><td class=\"column-5\"><\/td>\n<\/tr>\n<tr class=\"row-11\">\n\t<td class=\"column-1\"><\/td><td class=\"column-2\">Khay \u0111\u1ef1ng phim X-quang<\/td><td class=\"column-3\"><\/td><td class=\"column-4\">ID 1126<\/td><td class=\"column-5\"><\/td>\n<\/tr>\n<tr class=\"row-12\">\n\t<td class=\"column-1\"><\/td><td class=\"column-2\">D\u00e2y ngu\u1ed3n<\/td><td class=\"column-3\"><\/td><td class=\"column-4\">ID 552<\/td><td class=\"column-5\"><\/td>\n<\/tr>\n<tr class=\"row-13\">\n\t<td class=\"column-1\"><\/td><td class=\"column-2\">H\u01b0\u1edbng d\u1eabn s\u1eed d\u1ee5ng<\/td><td class=\"column-3\">VN<\/td><td class=\"column-4\"><\/td><td class=\"column-5\">Ti\u00ea\u0301ng Vi\u00ea\u0323t<\/td>\n<\/tr>\n<tr class=\"row-14\">\n\t<td class=\"column-1\"><\/td><td class=\"column-2\">H\u01b0\u1edbng d\u1eabn l\u1eafp \u0111\u1eb7t<\/td><td class=\"column-3\">VN<\/td><td class=\"column-4\"><\/td><td class=\"column-5\">Ti\u00ea\u0301ng Vi\u00ea\u0323t<\/td>\n<\/tr>\n<tr class=\"row-15\">\n\t<td class=\"column-1\"><\/td><td class=\"column-2\">H\u01b0\u1edbng d\u1eabn l\u1eafp \u0111\u1eb7t ph\u1ee5 ki\u1ec7n<\/td><td class=\"column-3\">VN<\/td><td class=\"column-4\"><\/td><td class=\"column-5\">Ti\u00ea\u0301ng Vi\u00ea\u0323t<\/td>\n<\/tr>\n<tr class=\"row-16\">\n\t<td class=\"column-1\"><\/td><td class=\"column-2\">H\u01b0\u1edbng d\u1eabn s\u1eed d\u1ee5ng nhanh<\/td><td class=\"column-3\">VN<\/td><td class=\"column-4\"><\/td><td class=\"column-5\">Ti\u00ea\u0301ng Vi\u00ea\u0323t<\/td>\n<\/tr>\n<\/tbody>\n<\/table>\n<!-- #tablepress-0021 from cache -->[\/vc_column_text][\/vc_column][vc_column width=&#8221;1\/3&#8243;][\/vc_column][\/vc_row]<\/p>\n<\/div>","protected":false},"excerpt":{"rendered":"<p>[vc_row full_width=&#8221;stretch_row&#8221; row_type=&#8221;section&#8221; row_color=&#8221;color_light&#8221; el_class=&#8221;page-banner&#8221; css=&#8221;.vc_custom_1734574532833{background-image: url(https:\/\/www.mtts-asia.com\/wp-content\/uploads\/2014\/11\/111.jpg?id=4723) !important;background-position: center !important;background-repeat: no-repeat !important;background-size: cover !important;}&#8221;][vc_column][vc_custom_heading source=&#8221;post_title&#8221; font_container=&#8221;tag:h2|text_align:center&#8221; use_theme_fonts=&#8221;yes&#8221; css=&#8221;&#8221; wb_heading_type=&#8221;heading&#8221;][\/vc_column][\/vc_row][vc_row full_width=&#8221;stretch_row&#8221; row_type=&#8221;section&#8221;][vc_column][vc_row_inner][vc_column_inner width=&#8221;1\/3&#8243;][vc_single_image image=&#8221;6127&#8243; img_size=&#8221;500x710px&#8221;][vc_column_text] Khi r\u1eddi kh\u1ecfi m\u00f4i tr\u01b0\u1eddng \u1ea5m \u00e1p trong b\u1ee5ng c\u1ee7a ng\u01b0\u1eddi m\u1eb9, tr\u1ebb s\u01a1 sinh ti\u1ebfp x\u00fac v\u1edbi m\u00f4i tr\u01b0\u1eddng b\u00ean ngo\u00e0i c\u00f3 nhi\u1ec7t \u0111\u1ed9 th\u1ea5p h\u01a1n, nh\u1eefng tr\u1ebb b\u1ecb h\u1ea1n [&hellip;]<\/p>\n","protected":false},"author":3,"featured_media":0,"parent":0,"menu_order":0,"comment_status":"closed","ping_status":"closed","template":"","meta":{"footnotes":""},"class_list":["post-5405","page","type-page","status-publish","hentry"],"jetpack_sharing_enabled":true,"_links":{"self":[{"href":"https:\/\/www.mtts-asia.com\/vi\/wp-json\/wp\/v2\/pages\/5405","targetHints":{"allow":["GET"]}}],"collection":[{"href":"https:\/\/www.mtts-asia.com\/vi\/wp-json\/wp\/v2\/pages"}],"about":[{"href":"https:\/\/www.mtts-asia.com\/vi\/wp-json\/wp\/v2\/types\/page"}],"author":[{"embeddable":true,"href":"https:\/\/www.mtts-asia.com\/vi\/wp-json\/wp\/v2\/users\/3"}],"replies":[{"embeddable":true,"href":"https:\/\/www.mtts-asia.com\/vi\/wp-json\/wp\/v2\/comments?post=5405"}],"version-history":[{"count":5,"href":"https:\/\/www.mtts-asia.com\/vi\/wp-json\/wp\/v2\/pages\/5405\/revisions"}],"predecessor-version":[{"id":13645,"href":"https:\/\/www.mtts-asia.com\/vi\/wp-json\/wp\/v2\/pages\/5405\/revisions\/13645"}],"wp:attachment":[{"href":"https:\/\/www.mtts-asia.com\/vi\/wp-json\/wp\/v2\/media?parent=5405"}],"curies":[{"name":"wp","href":"https:\/\/api.w.org\/{rel}","templated":true}]}}