{"id":5434,"date":"2014-11-03T03:41:46","date_gmt":"2014-11-03T03:41:46","guid":{"rendered":"http:\/\/mttsasia.local\/support-2\/"},"modified":"2026-04-13T10:11:26","modified_gmt":"2026-04-13T03:11:26","slug":"ho-tro","status":"publish","type":"page","link":"https:\/\/www.mtts-asia.com\/vi\/ho-tro\/","title":{"rendered":"H\u1ed7 Tr\u1ee3"},"content":{"rendered":"<div class=\"wpb-content-wrapper\"><p>[vc_row full_width=&#8221;stretch_row&#8221; row_type=&#8221;section&#8221; row_color=&#8221;color_light&#8221; el_class=&#8221;page-banner&#8221; css=&#8221;.vc_custom_1734574532833{background-image: url(https:\/\/www.mtts-asia.com\/wp-content\/uploads\/2014\/11\/111.jpg?id=4723) !important;background-position: center !important;background-repeat: no-repeat !important;background-size: cover !important;}&#8221;][vc_column][vc_custom_heading source=&#8221;post_title&#8221; font_container=&#8221;tag:h2|text_align:center&#8221; use_theme_fonts=&#8221;yes&#8221; css=&#8221;&#8221; wb_heading_type=&#8221;heading&#8221;][\/vc_column][\/vc_row][vc_row][vc_column][vc_column_text]<\/p>\n<h3 style=\"text-align: center;\"><strong>Nh\u00e0 ph\u00e2n ph\u1ed1i<\/strong><\/h3>\n<hr \/>\n<p>[\/vc_column_text][vc_raw_html]JTIwJTNDZGl2JTIwaWQlM0QlMjJtYXAxJTIyJTIwc3R5bGUlM0QlMjJ3aWR0aCUzQSUyMDExNzBweCUzQiUyMGhlaWdodCUzQSUyMDc1MHB4JTIyJTNFJTNDJTJGZGl2JTNF[\/vc_raw_html][\/vc_column][\/vc_row][vc_row bg_color=&#8221;#ffffff&#8221;][vc_column][vc_column_text]<\/p>\n<h3>S\u00e1ch gi\u1edbi thi\u1ec7u v\u00e0 Ch\u00ednh s\u00e1ch b\u1ea3o h\u00e0nh<\/h3>\n<hr \/>\n<p><a href=\"https:\/\/www.mtts-asia.com\/wp-content\/uploads\/2021\/08\/MTTS-brochure-commercial-Vietnam-2021-08-VN.pdf\" target=\"_blank\" rel=\"noopener noreferrer\">S\u00e1ch gi\u1edbi thi\u1ec7u MTTS<\/a><\/p>\n<p><a href=\"https:\/\/www.mtts-asia.com\/wp-content\/uploads\/2021\/08\/MTTS-Warranty-Policy-1.03VN.pdf\" target=\"_blank\" rel=\"noopener noreferrer\">Ch\u00ednh s\u00e1ch b\u1ea3o h\u00e0nh c\u1ee7a MTTS<\/a>[\/vc_column_text][vc_row_inner][vc_column_inner width=&#8221;1\/4&#8243;][vc_column_text css=&#8221;&#8221;]<\/p>\n<h4>Dolphin CPAP<span style=\"color: #ffffff;\">. . . . . . . . . . . . . . . . . .<\/span><\/h4>\n<hr \/>\n<p>&nbsp;<\/p>\n<p><img loading=\"lazy\" decoding=\"async\" class=\"alignleft size-full wp-image-4832\" src=\"https:\/\/www.mtts-asia.com\/wp-content\/uploads\/2014\/11\/Untitled-1.png\" alt=\"Untitled-1\" width=\"45\" height=\"32\" \/><\/p>\n<p>&nbsp;<\/p>\n<p>&nbsp;<\/p>\n<p><a href=\"https:\/\/www.mtts-asia.com\/wp-content\/uploads\/2026\/02\/CPAP-DP-MKT-01-Dolphin-CPAP-Brochure-2.16VN.pdf\" target=\"_blank\" rel=\"noopener noreferrer\">T\u1edd r\u01a1i<\/a><\/p>\n<p><a href=\"https:\/\/www.mtts-asia.com\/wp-content\/uploads\/2025\/12\/CP-DP-MAN-01-Dolphin-CPAP-Manual-1.16VN.pdf\" target=\"_blank\" rel=\"noopener noreferrer\">H\u01b0\u1edbng d\u1eabn s\u1eed d\u1ee5ng<\/a> &#8211; SN D18 tr\u1edf l\u00ean<\/p>\n<p><a href=\"https:\/\/www.mtts-asia.com\/wp-content\/uploads\/2025\/11\/CP-DP-MAN-01-Dolphin-CPAP-Manual-1.03VN.pdf\" target=\"_blank\" rel=\"noopener noreferrer\">H\u01b0\u1edbng d\u1eabn s\u1eed d\u1ee5ng<\/a> &#8211; SN D16-D17<\/p>\n<p><a href=\"https:\/\/www.mtts-asia.com\/wp-content\/uploads\/2026\/01\/CP-DP-MAN-02-Dolphin-CPAP-Quick-Reference-Guide-1.03VN.pdf\" target=\"_blank\" rel=\"noopener noreferrer\">Ch\u1ec9 d\u1eabn s\u1eed d\u1ee5ng \u0111\u01a1n gi\u1ea3n<\/a><\/p>\n<p><a href=\"https:\/\/www.mtts-asia.com\/wp-content\/uploads\/2019\/08\/CP-DP-MAN-03-Dolphin-CPAP-Reprocessing-Guide-1.04VN.pdf\" target=\"_blank\" rel=\"noopener noreferrer\">H\u01b0\u1edbng d\u1eabn ti\u1ec7t tr\u00f9ng<\/a>[\/vc_column_text][\/vc_column_inner][vc_column_inner width=&#8221;1\/4&#8243;][vc_column_text css=&#8221;&#8221;]<\/p>\n<h4>\u0110\u00e8n chi\u1ebfu v\u00e0ng da 2 m\u1eb7t Firefly<\/h4>\n<hr \/>\n<p>&nbsp;<\/p>\n<p><img loading=\"lazy\" decoding=\"async\" class=\"alignleft size-full wp-image-4832\" src=\"https:\/\/www.mtts-asia.com\/wp-content\/uploads\/2014\/11\/Untitled-1.png\" alt=\"Untitled-1\" width=\"45\" height=\"32\" \/><\/p>\n<p>&nbsp;<\/p>\n<p>&nbsp;<\/p>\n<p><a href=\"https:\/\/www.mtts-asia.com\/wp-content\/uploads\/2025\/09\/PT-FF-MKT-01-Firefly-Brochure-2-11VN.pdf\" target=\"_blank\" rel=\"noopener noreferrer\">T\u1edd r\u01a1i<\/a><\/p>\n<p><a href=\"https:\/\/www.mtts-asia.com\/wp-content\/uploads\/2025\/11\/PT-FF-MAN-01-FF-User-Manual-1.18VN.pdf\" target=\"_blank\" rel=\"noopener noreferrer\">H\u01b0\u1edbng d\u1eabn s\u1eed d\u1ee5ng<\/a> &#8211; SN F21 tr\u1edf l\u00ean<\/p>\n<p><a href=\"https:\/\/www.mtts-asia.com\/wp-content\/uploads\/2021\/05\/PT-FF-MAN-01-FF-User-Manual-1.10VN.pdf\" target=\"_blank\" rel=\"noopener noreferrer\">H\u01b0\u1edbng d\u1eabn s\u1eed d\u1ee5ng<\/a> &#8211; SN F17-F20<\/p>\n<p><a href=\"https:\/\/www.mtts-asia.com\/wp-content\/uploads\/2025\/11\/PT-FF-MAN-01-FF-User-Manual-1.03VN.pdf\" target=\"_blank\" rel=\"noopener noreferrer\">H\u01b0\u1edbng d\u1eabn s\u1eed d\u1ee5ng<\/a> &#8211; SN F14<\/p>\n<p><a href=\"https:\/\/www.mtts-asia.com\/wp-content\/uploads\/2024\/12\/PT-FF-MAN-03-Firefly-Quick-Reference-Guide-1.04VN.pdf\" target=\"_blank\" rel=\"noopener noreferrer\">H\u01b0\u1edbng d\u1eabn s\u1eed d\u1ee5ng nhanh<\/a>[\/vc_column_text][\/vc_column_inner][vc_column_inner width=&#8221;1\/4&#8243;][vc_column_text css=&#8221;&#8221;]<\/p>\n<h4>\u0110\u00e8n chi\u1ebfu v\u00e0ng da Colibri<\/h4>\n<hr \/>\n<p>&nbsp;<\/p>\n<p><img loading=\"lazy\" decoding=\"async\" class=\"alignleft size-full wp-image-4832\" src=\"https:\/\/www.mtts-asia.com\/wp-content\/uploads\/2014\/11\/Untitled-1.png\" alt=\"Untitled-1\" width=\"45\" height=\"32\" \/><\/p>\n<p>&nbsp;<\/p>\n<p>&nbsp;<\/p>\n<p><a href=\"https:\/\/www.mtts-asia.com\/wp-content\/uploads\/2023\/10\/PT-CL-MKT-01-Colibri-Brochure-1.12VN.pdf\" target=\"_blank\" rel=\"noopener noreferrer\">T\u1edd r\u01a1i<\/a><\/p>\n<p><a href=\"https:\/\/www.mtts-asia.com\/wp-content\/uploads\/2025\/11\/PT-CL-MAN-01-Colibri-User-Manual-1.16VN.pdf\" target=\"_blank\" rel=\"noopener\">H\u01b0\u1edbng d\u1eabn s\u1eed d\u1ee5ng<\/a> &#8211; SN O26 tr\u1edf l\u00ean<\/p>\n<p><a href=\"https:\/\/www.mtts-asia.com\/wp-content\/uploads\/2024\/12\/PT-CL-MAN-01-Colibri-User-Manual-1.15VN.pdf\" target=\"_blank\" rel=\"noopener\">H\u01b0\u1edbng d\u1eabn s\u1eed d\u1ee5ng<\/a> &#8211; SN O20-O25<\/p>\n<p><a href=\"https:\/\/www.mtts-asia.com\/wp-content\/uploads\/2021\/05\/PT-CL-MAN-01-Colibri-User-Manual-1.07VN.pdf\" target=\"_blank\" rel=\"noopener\">H\u01b0\u1edbng d\u1eabn s\u1eed d\u1ee5ng<\/a> &#8211; SN O16-19<\/p>\n<p><a href=\"https:\/\/www.mtts-asia.com\/wp-content\/uploads\/2019\/08\/PT-CL-MAN-03-Colibri-Assembly-Instructions-1.01VN.pdf\" target=\"_blank\" rel=\"noopener noreferrer\">H\u01b0\u1edbng d\u1eabn l\u1eafp \u0111\u1eb7t<\/a><\/p>\n<p><a href=\"https:\/\/www.mtts-asia.com\/wp-content\/uploads\/2024\/12\/PT-CL-MAN-04-Colibri-Quick-Reference-Guide-1.04VN.pdf\" target=\"_blank\" rel=\"noopener noreferrer\">Ch\u1ec9 d\u1eabn s\u1eed d\u1ee5ng \u0111\u01a1n gi\u1ea3n<\/a>[\/vc_column_text][\/vc_column_inner][vc_column_inner width=&#8221;1\/4&#8243;][vc_column_text css=&#8221;&#8221;]<\/p>\n<h4>Gi\u01b0\u1eddng s\u01b0\u1edfi s\u01a1 sinh\u00a0Wallaby<\/h4>\n<hr \/>\n<p>&nbsp;<\/p>\n<p><img loading=\"lazy\" decoding=\"async\" class=\"alignleft size-full wp-image-4832\" src=\"https:\/\/www.mtts-asia.com\/wp-content\/uploads\/2014\/11\/Untitled-1.png\" alt=\"Untitled-1\" width=\"45\" height=\"32\" \/><\/p>\n<p>&nbsp;<\/p>\n<p>&nbsp;<\/p>\n<p><a href=\"https:\/\/www.mtts-asia.com\/wp-content\/uploads\/2023\/10\/WM-WL-MKT-01-Wallaby-Warmer-Brochure-1.13VN.pdf\" target=\"_blank\" rel=\"noopener noreferrer\">T\u1edd r\u01a1i<\/a><\/p>\n<p><a href=\"https:\/\/www.mtts-asia.com\/wp-content\/uploads\/2025\/11\/WM-WL-MAN-01-Wallaby-User-Manual-1.16VN.pdf\" target=\"_blank\" rel=\"noopener noreferrer\">H\u01b0\u1edbng d\u1eabn s\u1eed d\u1ee5ng<\/a> &#8211; SN W20184 tr\u1edf l\u00ean<\/p>\n<p><a href=\"https:\/\/www.mtts-asia.com\/wp-content\/uploads\/2021\/01\/WM-WL-MAN-01-Wallaby-User-Manual-1.07VN.pdf\" target=\"_blank\" rel=\"noopener noreferrer\">H\u01b0\u1edbng d\u1eabn s\u1eed d\u1ee5ng<\/a> &#8211; SN W17131-W20172<\/p>\n<p><a href=\"https:\/\/www.mtts-asia.com\/wp-content\/uploads\/2023\/03\/WM-WL-MAN-02-Wallaby-Assembly-Instructions-1.04VN.pdf\" target=\"_blank\" rel=\"noopener noreferrer\">H\u01b0\u1edbng d\u1eabn l\u1eafp \u0111\u1eb7t<\/a><\/p>\n<p><a href=\"https:\/\/www.mtts-asia.com\/wp-content\/uploads\/2024\/12\/WM-WL-MAN-04-Wallaby-Optional-Components-Assembly-Instructions-1.02VN.pdf\">H\u01b0\u1edbng d\u1eabn l\u1eafp \u0111\u1eb7t ph\u1ee5 ki\u1ec7n<\/a><\/p>\n<p><a href=\"https:\/\/www.mtts-asia.com\/wp-content\/uploads\/2019\/08\/WM-WL-MAN-03-Wallaby-Quick-Reference-Guide-1.04VN.pdf\" target=\"_blank\" rel=\"noopener noreferrer\">H\u01b0\u1edbng d\u1eabn s\u1eed d\u1ee5ng nhanh<\/a>[\/vc_column_text][\/vc_column_inner][\/vc_row_inner][\/vc_column][\/vc_row][vc_row bg_color=&#8221;#ffffff&#8221;][vc_column][vc_row_inner][vc_column_inner width=&#8221;1\/4&#8243;][vc_column_text]<a href=\"https:\/\/youtu.be\/PIHwgVQ7UW0\" target=\"_blank\" rel=\"noopener noreferrer\">Video h\u01b0\u1edbng d\u1eabn \u2013 1<\/a>[\/vc_column_text][vc_video link=&#8221;https:\/\/youtu.be\/PIHwgVQ7UW0&#8243;][vc_column_text]<a href=\"https:\/\/www.youtube.com\/watch?v=mjiwPk7hbYU\" target=\"_blank\" rel=\"noopener noreferrer\">Video h\u01b0\u1edbng d\u1eabn \u2013 2<\/a>[\/vc_column_text][vc_video link=&#8221;https:\/\/www.youtube.com\/watch?v=mjiwPk7hbYU&#8221;][vc_column_text]<a href=\"https:\/\/www.youtube.com\/watch?v=o80l4-he3nc\" target=\"_blank\" rel=\"noopener noreferrer\">Video h\u01b0\u1edbng d\u1eabn \u2013 3<\/a>[\/vc_column_text][vc_video link=&#8221;https:\/\/www.youtube.com\/watch?v=o80l4-he3nc&#8221;][\/vc_column_inner][vc_column_inner width=&#8221;1\/4&#8243;][vc_column_text]<a href=\"https:\/\/www.youtube.com\/watch?v=F4dCBlZgIn4&amp;index=1&amp;list=PL_kLgffc5s3An6QS5gbCDGP_cOwioF-vF\" target=\"_blank\" rel=\"noopener noreferrer\">Video h\u01b0\u1edbng d\u1eabn<\/a>[\/vc_column_text][vc_video link=&#8221;https:\/\/www.youtube.com\/watch?v=F4dCBlZgIn4&amp;index=1&amp;list=PL_kLgffc5s3An6QS5gbCDGP_cOwioF-vF&#8221;][\/vc_column_inner][vc_column_inner width=&#8221;1\/4&#8243;][vc_column_text]<a href=\"https:\/\/youtu.be\/8gqmJCqnNws\" target=\"_blank\" rel=\"noopener noreferrer\">Video h\u01b0\u1edbng d\u1eabn<\/a>[\/vc_column_text][vc_video link=&#8221;https:\/\/youtu.be\/8gqmJCqnNws&#8221;][\/vc_column_inner][vc_column_inner width=&#8221;1\/4&#8243;][vc_column_text]<a href=\"https:\/\/youtu.be\/ipMV9QeytKE\" target=\"_blank\" rel=\"noopener noreferrer\">Video h\u01b0\u1edbng d\u1eabn<\/a>[\/vc_column_text][vc_video link=&#8221;https:\/\/youtu.be\/ipMV9QeytKE&#8221;][\/vc_column_inner][\/vc_row_inner][\/vc_column][\/vc_row][vc_row][vc_column][vc_row_inner][vc_column_inner width=&#8221;1\/4&#8243;][vc_column_text]<\/p>\n<h4>B\u1ed9 h\u1ed3i s\u1ee9c s\u01a1 sinh Beluga<\/h4>\n<hr \/>\n<p>&nbsp;<\/p>\n<p><img loading=\"lazy\" decoding=\"async\" class=\"alignleft size-full wp-image-4832\" src=\"https:\/\/www.mtts-asia.com\/wp-content\/uploads\/2014\/11\/Untitled-1.png\" alt=\"Untitled-1\" width=\"45\" height=\"32\" \/><\/p>\n<p>&nbsp;<\/p>\n<p>&nbsp;<\/p>\n<p><a href=\"https:\/\/www.mtts-asia.com\/wp-content\/uploads\/2023\/10\/RES-MKT-01-Beluga-Brochure-1.02VN.pdf\" target=\"_blank\" rel=\"noopener noreferrer\">T\u1edd r\u01a1i<\/a><\/p>\n<p><a href=\"https:\/\/www.mtts-asia.com\/wp-content\/uploads\/2023\/03\/RES-BL-MAN-01-Beluga-User-Manual-1.01VN.pdf\" target=\"_blank\" rel=\"noopener noreferrer\">H\u01b0\u1edbng d\u1eabn s\u1eed d\u1ee5ng<\/a><\/p>\n<p><a href=\"https:\/\/www.mtts-asia.com\/wp-content\/uploads\/2021\/05\/RES-BL-MAN-02-Beluga-Resuscitator-Quick-Reference-Guide-0.01VN.pdf\" target=\"_blank\" rel=\"noopener noreferrer\">Ch\u1ec9 d\u1eabn s\u1eed d\u1ee5ng \u0111\u01a1n gi\u1ea3n<\/a>[\/vc_column_text][\/vc_column_inner][vc_column_inner width=&#8221;1\/4&#8243;][vc_column_text]<\/p>\n<h4>Impala Ventilator <span style=\"color: #ffffff;\">. . . . . . . . . . . . . . . . . .<\/span><\/h4>\n<hr \/>\n<p>&nbsp;<\/p>\n<p><img loading=\"lazy\" decoding=\"async\" class=\"alignleft size-full wp-image-4832\" src=\"https:\/\/www.mtts-asia.com\/wp-content\/uploads\/2014\/11\/Untitled-1.png\" alt=\"Untitled-1\" width=\"45\" height=\"32\" \/><\/p>\n<p>&nbsp;<\/p>\n<p>&nbsp;<\/p>\n<p><a href=\"https:\/\/www.mtts-asia.com\/wp-content\/uploads\/2022\/03\/VEN-MKT-01-Impala-Brochure-0-09EN.pdf\" target=\"_blank\" rel=\"noopener noreferrer\">Brochure<\/a><\/p>\n<p><a href=\"https:\/\/www.mtts-asia.com\/wp-content\/uploads\/2021\/07\/VEN-IMP-MAN-01-Impala-User-Manual-1.05EN.pdf\" target=\"_blank\" rel=\"noopener noreferrer\">User Manual<\/a><\/p>\n<p><a href=\"https:\/\/www.mtts-asia.com\/wp-content\/uploads\/2020\/09\/VEN-IMP-MAN-02-Impala-Stand-Assembly-Instructions-1.00EN.pdf\" target=\"_blank\" rel=\"noopener noreferrer\">Assembly Instruction<\/a><\/p>\n<p><a href=\"https:\/\/www.mtts-asia.com\/wp-content\/uploads\/2021\/06\/VEN-IMP-MAN-04-Impala-Quick-Reference-Guide-1.01EN.pdf\" target=\"_blank\" rel=\"noopener noreferrer\">Quick Reference Guide<\/a><\/p>\n<p><a href=\"https:\/\/www.mtts-asia.com\/wp-content\/uploads\/2021\/04\/VEN-IMP-MAN-03-Impala-Reprocessing-Guide-1.02EN.pdf\" target=\"_blank\" rel=\"noopener noreferrer\">Reprocessing Guide<\/a>[\/vc_column_text][\/vc_column_inner][vc_column_inner width=&#8221;1\/4&#8243;][vc_column_text css=&#8221;&#8221;]<\/p>\n<h4>Gi\u01b0\u1eddng s\u01b0\u1edfi s\u01a1 sinh Otter<\/h4>\n<hr \/>\n<p>&nbsp;<\/p>\n<p><img loading=\"lazy\" decoding=\"async\" class=\"alignleft size-full wp-image-4832\" src=\"https:\/\/www.mtts-asia.com\/wp-content\/uploads\/2014\/11\/Untitled-1.png\" alt=\"Untitled-1\" width=\"45\" height=\"32\" \/><\/p>\n<p>&nbsp;<\/p>\n<p>&nbsp;<\/p>\n<p><a href=\"https:\/\/www.mtts-asia.com\/wp-content\/uploads\/2026\/04\/WM-OT-MKT-01-Otter-Brochure-1.02EN.pdf\" target=\"_blank\" rel=\"noopener noreferrer\">T\u1edd r\u01a1i<\/a><\/p>\n<p><a href=\"https:\/\/www.mtts-asia.com\/wp-content\/uploads\/2026\/03\/WM-OT-MAN-01-Otter-User-Manual-1.04VN.pdf\" target=\"_blank\" rel=\"noopener noreferrer\">H\u01b0\u1edbng d\u1eabn s\u1eed d\u1ee5ng<\/a><\/p>\n<p><a href=\"https:\/\/www.mtts-asia.com\/wp-content\/uploads\/2026\/04\/WM-OT-MAN-02-Otter-Quick-Reference-Guide-1.00EN.pdf\" target=\"_blank\" rel=\"noopener noreferrer\">Ch\u1ec9 d\u1eabn s\u1eed d\u1ee5ng \u0111\u01a1n gi\u1ea3n<\/a>[\/vc_column_text][\/vc_column_inner][vc_column_inner width=&#8221;1\/4&#8243;][vc_column_text css=&#8221;&#8221;]<\/p>\n<h4>\u0110\u1ed3ng h\u1ed3 \u0111o b\u01b0\u1edbc s\u00f3ng<\/h4>\n<hr \/>\n<p>&nbsp;<\/p>\n<p><img loading=\"lazy\" decoding=\"async\" class=\"alignleft size-full wp-image-4832\" src=\"https:\/\/www.mtts-asia.com\/wp-content\/uploads\/2014\/11\/Untitled-1.png\" alt=\"Untitled-1\" width=\"45\" height=\"32\" \/><\/p>\n<p>&nbsp;<\/p>\n<p>&nbsp;<\/p>\n<p><a href=\"https:\/\/www.mtts-asia.com\/wp-content\/uploads\/2024\/11\/LM-MKT-01-4meter-4.03VN.pdf\">T\u1edd r\u01a1i<\/a><\/p>\n<p><a href=\"https:\/\/www.mtts-asia.com\/wp-content\/uploads\/2023\/05\/LM-MAN-01-4M-User-Manual-3.02VN.pdf\" target=\"_blank\" rel=\"noopener noreferrer\">H\u01b0\u1edbng d\u1eabn s\u1eed d\u1ee5ng<\/a>[\/vc_column_text][\/vc_column_inner][\/vc_row_inner][\/vc_column][\/vc_row][vc_row][vc_column][vc_column_text]<\/p>\n<h3 style=\"text-align: left;\"><strong>Discontinued Products<\/strong><\/h3>\n<hr \/>\n<p>[\/vc_column_text][vc_row_inner][vc_column_inner width=&#8221;1\/4&#8243;][vc_column_text]<\/p>\n<h4>CPAP V3 <span style=\"color: #ffffff;\">. . . . . . . . . . . . . . . . . .<\/span><\/h4>\n<hr \/>\n<p>&nbsp;<\/p>\n<p><img loading=\"lazy\" decoding=\"async\" class=\"alignleft size-full wp-image-4832\" src=\"https:\/\/www.mtts-asia.com\/wp-content\/uploads\/2014\/11\/Untitled-1.png\" alt=\"Untitled-1\" width=\"45\" height=\"32\" \/><\/p>\n<p>&nbsp;<\/p>\n<p>&nbsp;<\/p>\n<p><a href=\"https:\/\/www.mtts-asia.com\/wp-content\/uploads\/2015\/01\/CPAP-Pamphlet-V.pdf\" target=\"_blank\" rel=\"noopener noreferrer\">T\u1edd r\u01a1i<\/a><\/p>\n<p><a href=\"https:\/\/www.mtts-asia.com\/wp-content\/uploads\/2015\/01\/CPAP-User-Manual-V.pdf\" target=\"_blank\" rel=\"noopener noreferrer\">H\u01b0\u1edbng d\u1eabn s\u1eed d\u1ee5ng <\/a><\/p>\n<p><a href=\"https:\/\/www.youtube.com\/watch?v=Te5OcM3uU_k&amp;index=6&amp;list=PL_kLgffc5s3An6QS5gbCDGP_cOwioF-vF\" target=\"_blank\" rel=\"noopener noreferrer\">L\u1eafp \u0111\u1eb7t v\u00e0 k\u1ebft n\u1ed1i <\/a><\/p>\n<p><a href=\"https:\/\/www.youtube.com\/watch?v=KlR35chybzo&amp;index=3&amp;list=PL_kLgffc5s3An6QS5gbCDGP_cOwioF-vF\" target=\"_blank\" rel=\"noopener noreferrer\">C\u00e1ch s\u1eed d\u1ee5ng v\u00e0 B\u1ea3o tr\u00ec <\/a>[\/vc_column_text][\/vc_column_inner][vc_column_inner width=&#8221;1\/4&#8243;][vc_column_text]<\/p>\n<h4>\u0110\u00e8n chi\u1ebfu v\u00e0ng da V3000<\/h4>\n<hr \/>\n<p>&nbsp;<\/p>\n<p><img loading=\"lazy\" decoding=\"async\" class=\"alignleft size-full wp-image-4832\" src=\"https:\/\/www.mtts-asia.com\/wp-content\/uploads\/2014\/11\/Untitled-1.png\" alt=\"Untitled-1\" width=\"45\" height=\"32\" \/><\/p>\n<p>&nbsp;<\/p>\n<p>&nbsp;<\/p>\n<p><a href=\"https:\/\/www.mtts-asia.com\/wp-content\/uploads\/2015\/01\/Pamphlet-V1.pdf\" target=\"_blank\" rel=\"noopener noreferrer\">T\u1edd r\u01a1i<\/a><\/p>\n<p><a href=\"https:\/\/www.mtts-asia.com\/wp-content\/uploads\/2015\/03\/User-Manual-Ev3000.pdf\" target=\"_blank\" rel=\"noopener noreferrer\">H\u01b0\u1edbng d\u1eabn s\u1eed d\u1ee5ng<\/a><\/p>\n<p><a href=\"https:\/\/www.youtube.com\/watch?v=zTXLFxWhKPY&amp;index=7&amp;list=PL_kLgffc5s3An6QS5gbCDGP_cOwioF-vF\" target=\"_blank\" rel=\"noopener noreferrer\">Video h\u01b0\u1edbng d\u1eab <\/a>[\/vc_column_text][\/vc_column_inner][vc_column_inner width=&#8221;1\/4&#8243;][vc_column_text]<\/p>\n<h4>Gi\u01b0\u1eddng s\u01b0\u1edfi s\u01a1 sinh MTTS<\/h4>\n<hr \/>\n<p>&nbsp;<\/p>\n<p><img loading=\"lazy\" decoding=\"async\" class=\"alignleft size-full wp-image-4832\" src=\"https:\/\/www.mtts-asia.com\/wp-content\/uploads\/2014\/11\/Untitled-1.png\" alt=\"Untitled-1\" width=\"45\" height=\"32\" \/><\/p>\n<p>&nbsp;<\/p>\n<p>&nbsp;<\/p>\n<p><a href=\"https:\/\/www.mtts-asia.com\/wp-content\/uploads\/2015\/01\/Pamphlet-V2.pdf\" target=\"_blank\" rel=\"noopener noreferrer\">T\u1edd r\u01a1i<\/a><\/p>\n<p><a href=\"https:\/\/www.mtts-asia.com\/wp-content\/uploads\/2015\/07\/WM-MAN-01-Warmar-User-Manual-2.01VN.pdf\" target=\"_blank\" rel=\"noopener noreferrer\">H\u01b0\u1edbng d\u1eabn s\u1eed d\u1ee5ng<\/a><\/p>\n<p><a href=\"https:\/\/www.youtube.com\/watch?v=PtPJHrqWFR4&amp;list=PL_kLgffc5s3An6QS5gbCDGP_cOwioF-vF&amp;index=2\" target=\"_blank\" rel=\"noopener noreferrer\">Video H\u01b0\u1edbng d\u1eabn<\/a>[\/vc_column_text][\/vc_column_inner][\/vc_row_inner][\/vc_column][\/vc_row]<\/p>\n<\/div>","protected":false},"excerpt":{"rendered":"<p>[vc_row full_width=&#8221;stretch_row&#8221; row_type=&#8221;section&#8221; row_color=&#8221;color_light&#8221; el_class=&#8221;page-banner&#8221; css=&#8221;.vc_custom_1734574532833{background-image: url(https:\/\/www.mtts-asia.com\/wp-content\/uploads\/2014\/11\/111.jpg?id=4723) !important;background-position: center !important;background-repeat: no-repeat !important;background-size: cover !important;}&#8221;][vc_column][vc_custom_heading source=&#8221;post_title&#8221; font_container=&#8221;tag:h2|text_align:center&#8221; use_theme_fonts=&#8221;yes&#8221; css=&#8221;&#8221; wb_heading_type=&#8221;heading&#8221;][\/vc_column][\/vc_row][vc_row][vc_column][vc_column_text] Nh\u00e0 ph\u00e2n ph\u1ed1i [\/vc_column_text][vc_raw_html]JTIwJTNDZGl2JTIwaWQlM0QlMjJtYXAxJTIyJTIwc3R5bGUlM0QlMjJ3aWR0aCUzQSUyMDExNzBweCUzQiUyMGhlaWdodCUzQSUyMDc1MHB4JTIyJTNFJTNDJTJGZGl2JTNF[\/vc_raw_html][\/vc_column][\/vc_row][vc_row bg_color=&#8221;#ffffff&#8221;][vc_column][vc_column_text] S\u00e1ch gi\u1edbi thi\u1ec7u v\u00e0 Ch\u00ednh s\u00e1ch b\u1ea3o h\u00e0nh S\u00e1ch gi\u1edbi thi\u1ec7u MTTS Ch\u00ednh s\u00e1ch b\u1ea3o h\u00e0nh c\u1ee7a MTTS[\/vc_column_text][vc_row_inner][vc_column_inner width=&#8221;1\/4&#8243;][vc_column_text css=&#8221;&#8221;] Dolphin CPAP. . . . . . . . . . [&hellip;]<\/p>\n","protected":false},"author":3,"featured_media":0,"parent":0,"menu_order":0,"comment_status":"closed","ping_status":"closed","template":"","meta":{"footnotes":""},"class_list":["post-5434","page","type-page","status-publish","hentry"],"jetpack_sharing_enabled":true,"_links":{"self":[{"href":"https:\/\/www.mtts-asia.com\/vi\/wp-json\/wp\/v2\/pages\/5434","targetHints":{"allow":["GET"]}}],"collection":[{"href":"https:\/\/www.mtts-asia.com\/vi\/wp-json\/wp\/v2\/pages"}],"about":[{"href":"https:\/\/www.mtts-asia.com\/vi\/wp-json\/wp\/v2\/types\/page"}],"author":[{"embeddable":true,"href":"https:\/\/www.mtts-asia.com\/vi\/wp-json\/wp\/v2\/users\/3"}],"replies":[{"embeddable":true,"href":"https:\/\/www.mtts-asia.com\/vi\/wp-json\/wp\/v2\/comments?post=5434"}],"version-history":[{"count":12,"href":"https:\/\/www.mtts-asia.com\/vi\/wp-json\/wp\/v2\/pages\/5434\/revisions"}],"predecessor-version":[{"id":14034,"href":"https:\/\/www.mtts-asia.com\/vi\/wp-json\/wp\/v2\/pages\/5434\/revisions\/14034"}],"wp:attachment":[{"href":"https:\/\/www.mtts-asia.com\/vi\/wp-json\/wp\/v2\/media?parent=5434"}],"curies":[{"name":"wp","href":"https:\/\/api.w.org\/{rel}","templated":true}]}}