{"id":5692,"date":"2014-11-03T04:03:50","date_gmt":"2014-11-03T04:03:50","guid":{"rendered":"http:\/\/mttsasia.local\/infant-bed-2\/"},"modified":"2024-12-19T15:48:59","modified_gmt":"2024-12-19T08:48:59","slug":"giuong-so-sinh-y-te-koala","status":"publish","type":"page","link":"https:\/\/www.mtts-asia.com\/vi\/giuong-so-sinh-y-te-koala\/","title":{"rendered":"Gi\u01b0\u1eddng s\u01a1 sinh y t\u1ebf Koala"},"content":{"rendered":"<div class=\"wpb-content-wrapper\"><p>[vc_row full_width=&#8221;stretch_row&#8221; row_type=&#8221;section&#8221; row_color=&#8221;color_light&#8221; el_class=&#8221;page-banner&#8221; css=&#8221;.vc_custom_1734574532833{background-image: url(https:\/\/www.mtts-asia.com\/wp-content\/uploads\/2014\/11\/111.jpg?id=4723) !important;background-position: center !important;background-repeat: no-repeat !important;background-size: cover !important;}&#8221;][vc_column][vc_custom_heading source=&#8221;post_title&#8221; font_container=&#8221;tag:h2|text_align:center&#8221; use_theme_fonts=&#8221;yes&#8221; css=&#8221;&#8221; wb_heading_type=&#8221;heading&#8221;][\/vc_column][\/vc_row][vc_row full_width=&#8221;stretch_row&#8221; row_type=&#8221;section&#8221;][vc_column][vc_row_inner][vc_column_inner width=&#8221;1\/3&#8243;][vc_empty_space height=&#8221;20px&#8221;][vc_single_image image=&#8221;8639&#8243; img_size=&#8221;&#8221;][vc_column_text]Nh\u1eb1m t\u1ea1o ra m\u00f4i tr\u01b0\u1eddng t\u1ed1t nh\u1ea5t \u0111\u1ec3 ch\u0103m s\u00f3c tr\u1ebb s\u01a1 sinh, ch\u00fang t\u00f4i lu\u00f4n lu\u00f4n suy ngh\u0129, nghi\u00ean c\u1ee9u v\u00e0 t\u00ecm ra nh\u1eefng gi\u1ea3i ph\u00e1p t\u1ed1i \u01b0u \u0111\u1ec3 gi\u00fap b\u00e1c s\u0129 d\u1ec5 d\u00e0ng ch\u0103m s\u00f3c v\u00e0 di chuy\u1ec3n b\u1ec7nh nh\u00e2n trong khu v\u1ef1c b\u1ec7nh vi\u1ec7n. Gi\u01b0\u1eddng s\u01b0\u1edfi s\u01a1 sinh y t\u1ebf th\u1ebf h\u1ec7 m\u1edbi \u0111\u01b0\u1ee3c thi\u1ebft k\u1ebf h\u1ed9i t\u1ee5 \u0111\u1ea7y \u0111\u1ee7 c\u00e1c ti\u00eau chu\u1ea9n y t\u1ebf, k\u1ef9 thu\u1eadt v\u00e0 th\u1ea9m m\u1ef9 \u0111\u1ec3 t\u1ea1o ra m\u00f4i tr\u01b0\u1eddng tho\u1ea3i m\u00e1i cho c\u1ea3 b\u1ec7nh nh\u00e2n v\u00e0 b\u00e1c s\u0129. T\u1ea5t c\u1ea3 c\u00e1c b\u1ed9 ph\u1eadn c\u1ee7a gi\u01b0\u1eddng \u0111\u01b0\u1ee3c l\u00e0m t\u1eeb v\u1eadt li\u1ec7u cao c\u1ea5p \u0111\u00e1p \u1ee9ng c\u00e1c ti\u00eau chu\u1ea9n y t\u1ebf v\u00e0 \u0111\u1ed9 b\u1ec1n cao.[\/vc_column_text][vc_empty_space height=&#8221;20px&#8221;][vc_column_text]<img loading=\"lazy\" decoding=\"async\" class=\"alignleft size-full wp-image-4832\" src=\"https:\/\/www.mtts-asia.com\/wp-content\/uploads\/2014\/11\/Untitled-1.png\" alt=\"Untitled-1\" width=\"45\" height=\"32\" \/><\/p>\n<p>&nbsp;<\/p>\n<p>&nbsp;<\/p>\n<p><a href=\"https:\/\/www.mtts-asia.com\/wp-content\/uploads\/2023\/10\/IB-MKT-01-Infant-Bed-Brochure-1.05VN.pdf\" target=\"_blank\" rel=\"noopener noreferrer\">T\u1edd r\u01a1i<\/a><\/p>\n<p><a href=\"https:\/\/www.mtts-asia.com\/wp-content\/uploads\/2023\/10\/IB-MAN-01-Koala-User-Manual-1.03VN.pdf\" target=\"_blank\" rel=\"noopener noreferrer\">H\u01b0\u1edbng d\u1eabn s\u1eed d\u1ee5ng<\/a>[\/vc_column_text][\/vc_column_inner][vc_column_inner width=&#8221;2\/3&#8243;][vc_images_carousel images=&#8221;8666,8670,8674,8678&#8243; img_size=&#8221;1000&#215;560&#8243; onclick=&#8221;link_no&#8221; wrap=&#8221;yes&#8221;][\/vc_column_inner][\/vc_row_inner][vc_empty_space height=&#8221;20px&#8221;][vc_row_inner][vc_column_inner width=&#8221;1\/3&#8243;][vc_column_text]<\/p>\n<p style=\"text-align: center;\"><div class=\"vc_btn3-container align-center\">\r\n<a href=\"#features\" class=\"vc_general vc_btn3 vc_btn3-size-md vc_btn3-shape-rounded vc_btn3-style-flat vc_btn3-color-wb-btn-primary\">\r\n    <span>C\u00c1C \u0110\u1eb6C \u0110I\u1ec2M CH\u00cdNH<\/span>\r\n<\/a>\r\n<\/div>\n<p>[\/vc_column_text][\/vc_column_inner][vc_column_inner width=&#8221;1\/3&#8243;][vc_column_text]<\/p>\n<p style=\"text-align: center;\"><div class=\"vc_btn3-container align-center\">\r\n<a href=\"#technical\" class=\"vc_general vc_btn3 vc_btn3-size-md vc_btn3-shape-rounded vc_btn3-style-flat vc_btn3-color-wb-btn-primary\">\r\n    <span>\u0110\u1eb6C \u0110I\u1ec2M K\u1ef8 THU\u1eacT<\/span>\r\n<\/a>\r\n<\/div>\n<p>[\/vc_column_text][\/vc_column_inner][vc_column_inner width=&#8221;1\/3&#8243;][vc_column_text]<\/p>\n<p style=\"text-align: center;\"><div class=\"vc_btn3-container align-center\">\r\n<a href=\"#ordering\" class=\"vc_general vc_btn3 vc_btn3-size-md vc_btn3-shape-rounded vc_btn3-style-flat vc_btn3-color-wb-btn-primary\">\r\n    <span>\u0110\u1eb6C \u0110I\u1ec2M K\u1ef8 THU\u1eacT HO\u1ea0T \u0110\u1ed8NG<\/span>\r\n<\/a>\r\n<\/div>\n<p>[\/vc_column_text][\/vc_column_inner][\/vc_row_inner][vc_empty_space height=&#8221;20px&#8221;][\/vc_column][\/vc_row][vc_row full_width=&#8221;stretch_row&#8221; row_type=&#8221;section&#8221; bg_color=&#8221;#f8f8f8&#8243; css=&#8221;.vc_custom_1734598106800{background-color: #f8f8f8 !important;}&#8221;][vc_column][vc_row_inner][vc_column_inner width=&#8221;1\/3&#8243;][vc_column_text]<\/p>\n<h4 style=\"text-align: center;\"><strong><img loading=\"lazy\" decoding=\"async\" class=\"aligncenter wp-image-4799 size-full\" src=\"https:\/\/www.mtts-asia.com\/wp-content\/uploads\/2014\/11\/QUALITY.png\" alt=\"\" width=\"69\" height=\"80\" \/><\/strong><\/h4>\n<h3 style=\"text-align: center;\">CH\u1ea4T L\u01af\u1ee2NG<\/h3>\n<hr \/>\n<p style=\"text-align: center;\">Gi\u01b0\u1eddng cho tr\u1ebb s\u01a1 sinh Koala \u0111\u01b0\u1ee3c l\u00e0m t\u1eeb v\u1eadt li\u1ec7u ch\u1ea5t l\u01b0\u1ee3ng cao, \u0111\u1ea3m b\u1ea3o tu\u1ed5i th\u1ecd l\u00e2u d\u00e0i h\u01a1n so v\u1edbi c\u00e1c thi\u1ebft b\u1ecb kh\u00e1c.<\/p>\n<p>[\/vc_column_text][\/vc_column_inner][vc_column_inner width=&#8221;1\/3&#8243;][vc_column_text]<\/p>\n<h4><img loading=\"lazy\" decoding=\"async\" class=\"aligncenter wp-image-4800 size-full\" src=\"https:\/\/www.mtts-asia.com\/wp-content\/uploads\/2014\/11\/INNOVATION.png\" alt=\"\" width=\"80\" height=\"80\" \/><\/h4>\n<h3 style=\"text-align: center;\">C\u1ea2I TI\u1ebeN<\/h3>\n<hr \/>\n<p style=\"text-align: center;\">G\u00f3c gi\u01b0\u1eddng c\u00f3 th\u1ec3 \u0111i\u1ec1u ch\u1ec9nh t\u1eeb 0-15 \u0111\u1ed9. N\u1ec7m c\u00f3 th\u1ec3 th\u00e1o r\u1eddi v\u00e0 \u0111\u01b0\u1ee3c l\u00e0m t\u1eeb ch\u1ea5t li\u1ec7u d\u1ec5 v\u1ec7 sinh. Thi\u1ebft k\u1ebf mang l\u1ea1i s\u1ef1 \u1ed5n \u0111\u1ecbnh t\u1ed1i \u0111a cho b\u1ec7nh nh\u00e2n.<\/p>\n<p>[\/vc_column_text][\/vc_column_inner][vc_column_inner width=&#8221;1\/3&#8243;][vc_column_text]<\/p>\n<h4 style=\"text-align: center;\"><img loading=\"lazy\" decoding=\"async\" class=\"aligncenter wp-image-4801 size-full\" src=\"https:\/\/www.mtts-asia.com\/wp-content\/uploads\/2014\/11\/CARE.png\" alt=\"\" width=\"49\" height=\"80\" \/><\/h4>\n<h3 style=\"text-align: center;\">CH\u0102M S\u00d3C<\/h3>\n<hr \/>\n<p style=\"text-align: center;\">Gi\u01b0\u1eddng cho tr\u1ebb s\u01a1 sinh Koala \u0111\u01b0\u1ee3c thi\u1ebft k\u1ebf \u0111\u1ec3 gi\u00fap b\u1ec7nh nh\u00e2n d\u1ec5 d\u00e0ng ti\u1ebfp c\u1eadn v\u00e0 t\u1ea1o \u0111i\u1ec1u ki\u1ec7n thu\u1eadn l\u1ee3i cho vi\u1ec7c di chuy\u1ec3n trong c\u00e1c t\u00f2a nh\u00e0 b\u1ec7nh vi\u1ec7n.<\/p>\n<p>[\/vc_column_text][\/vc_column_inner][\/vc_row_inner][\/vc_column][\/vc_row][vc_row full_width=&#8221;stretch_row&#8221; row_type=&#8221;section&#8221;][vc_column][vc_column_text]<\/p>\n<h3 style=\"text-align: center;\">C\u00e1c \u0111\u1eb7c \u0111i\u1ec3m ch\u00ednh<\/h3>\n<hr \/>\n<p>[\/vc_column_text][vc_row_inner][vc_column_inner width=&#8221;1\/2&#8243;][vc_column_text]<span style=\"color: #00a0c6;\"><strong>T\u1ed5ng quan<\/strong><\/span><br \/>\n&#8211; Th\u00edch h\u1ee3p cho b\u1ec7nh nh\u1eadn nhi v\u00e0 tr\u1ebb s\u01a1 sinh<br \/>\n&#8211; T\u01b0\u01a1ng th\u00edch v\u1edbi \u0111\u00e8n chi\u1ebfu v\u00e0ng da c\u1ee7a MTTS<br \/>\n&#8211; Ch\u1ea5t li\u1ec7u th\u00e9p s\u01a1n t\u0129nh \u0111i\u1ec7n, mica, nh\u00f4m h\u1ee3p kim<\/p>\n<p><span style=\"color: #00a0c6;\"><strong>Gi\u01b0\u1eddng<\/strong><\/span><br \/>\n&#8211; Th\u00e0nh gi\u01b0\u1eddng ch\u1ea5t li\u1ec7u mica trong d\u1ec5 quan s\u00e1t b\u1ec7nh nh\u00e2n<br \/>\n&#8211; C\u00e1c t\u1ea5m mica th\u00e0nh gi\u01b0\u1eddng \u0111\u01b0\u1ee3c bo g\u00f3c v\u00e0 d\u1ec5 d\u00e0ng th\u00e1o l\u1eafp khi c\u1ea7n<br \/>\n&#8211; B\u1ec1 m\u1eb7t gi\u01b0\u1eddng v\u00e0 th\u00e0nh gi\u01b0\u1eddng nh\u1eb5n d\u1ec5 lau ch\u00f9i v\u1ec7 sinh<\/p>\n<p><span style=\"color: #00a0c6;\"><strong>\u0110\u1ec7m<\/strong><\/span><br \/>\n&#8211; Ch\u1ea5t li\u1ec7u kh\u00f4ng th\u1ea5m n\u01b0\u1edbc<br \/>\n&#8211; V\u1ecf b\u1ecdc ngo\u00e0i: v\u1ea3i Simili gi\u1ea3 gia, kh\u00f4ng m\u00f9i ph\u00f9 h\u1ee3p trong y t\u1ebf<\/p>\n<p><span style=\"color: #00a0c6;\"><strong>Th\u00e2n<\/strong><\/span><br \/>\n&#8211; Ch\u1ea5t li\u1ec7u th\u00e9p s\u01a1n t\u0129nh \u0111i\u1ec7n, nh\u1ef1a<br \/>\n&#8211; Nh\u1ecf g\u1ecdn, thi\u1ebft k\u1ebf th\u00f4ng minh, c\u00f3 th\u1ec3 thay \u0111\u1ed5i g\u00f3c nghi\u00eang 12 \u0111\u1ed9<\/p>\n<p><span style=\"color: #00a0c6;\"><strong>\u0110\u1ebf<\/strong><\/span><br \/>\n&#8211; \u0110\u1ebf th\u00e9p d\u1eadp khu\u00f4n, s\u01a1n t\u0129nh \u0111i\u1ec7n ch\u1eafc ch\u1eafn<br \/>\n&#8211; B\u00e1nh xe xoay 360 \u0111\u1ed9 c\u00f3 kh\u00f3a ch\u1ed1ng tr\u01b0\u1ee3t<\/p>\n<p><span style=\"color: #00a0c6;\"><strong>Khay<\/strong><\/span><br \/>\n&#8211; Khay \u0111\u1ec3 \u0111\u1ed3 ch\u1ea5t li\u1ec7u th\u00e9p s\u01a1n t\u0129nh \u0111i\u1ec7n \u0111\u1ec5 d\u00e0ng v\u1ec7 sinh<\/p>\n<p><span style=\"color: #00a0c6;\"><strong>C\u1ed9t truy\u1ec1n<\/strong><\/span><br \/>\n&#8211; C\u1ed9t truy\u1ec1n ch\u1ea5t li\u1ec7u INOX c\u00f3 th\u1ec3 \u0111i\u1ec1u ch\u1ec9nh \u0111\u1ed9 cao<\/p>\n<p>[\/vc_column_text][\/vc_column_inner][vc_column_inner width=&#8221;1\/2&#8243;][vc_single_image image=&#8221;8666&#8243; img_size=&#8221;700x700px&#8221;][\/vc_column_inner][\/vc_row_inner][\/vc_column][\/vc_row][vc_row full_width=&#8221;stretch_row&#8221; row_type=&#8221;section&#8221;][vc_column][vc_column_text]<\/p>\n<h3 style=\"text-align: center;\">Th\u00f4ng s\u1ed1 k\u1ef9 thu\u1eadt<\/h3>\n<hr \/>\n<p>[\/vc_column_text][vc_row_inner][vc_column_inner width=&#8221;2\/3&#8243;][vc_column_text]\n<table id=\"tablepress-0611\" class=\"tablepress tablepress-id-0611\">\n<tbody class=\"row-striping row-hover\">\n<tr class=\"row-1\">\n\t<td class=\"column-1\"><strong>K\u00edch th\u01b0\u1edbc v\u00e0 tr\u1ecdng l\u01b0\u1ee3ng<\/strong><\/td><td class=\"column-2\">K\u00edch th\u01b0\u1edbc \u0111\u01a1n v\u1ecb (T\u1ed5ng th\u1ec3)<\/td><td class=\"column-3\">96.2 cm x 59 cm x 98.5 cm<\/td>\n<\/tr>\n<tr class=\"row-2\">\n\t<td class=\"column-1\"><\/td><td class=\"column-2\">K\u00edch th\u01b0\u1edbc v\u1eadn chuy\u1ec3n (\u0110\u00f3ng h\u1ed9p)<\/td><td class=\"column-3\">40 cm x 90 cm x 65 cm<\/td>\n<\/tr>\n<tr class=\"row-3\">\n\t<td class=\"column-1\"><\/td><td class=\"column-2\">Tr\u1ecdng l\u01b0\u1ee3ng<\/td><td class=\"column-3\">44 kg<\/td>\n<\/tr>\n<tr class=\"row-4\">\n\t<td class=\"column-1\"><\/td><td class=\"column-2\">T\u1ed5ng tr\u1ecdng l\u01b0\u1ee3ng<\/td><td class=\"column-3\">55 kg<\/td>\n<\/tr>\n<tr class=\"row-5\">\n\t<td class=\"column-1\"><\/td><td class=\"column-2\">K\u00edch th\u01b0\u1edbc \u0111\u1ec7m<\/td><td class=\"column-3\">53.5 cm x 64 cm x 3 cm<\/td>\n<\/tr>\n<tr class=\"row-6\">\n\t<td class=\"column-1\"><\/td><td class=\"column-2\">K\u00edch th\u01b0\u1edbc n\u00f4i<\/td><td class=\"column-3\">54 cm x 64.5 cm x 15 cm<\/td>\n<\/tr>\n<tr class=\"row-7\">\n\t<td class=\"column-1\"><\/td><td class=\"column-2\">K\u00edch th\u01b0\u1edbc khay \u0111\u1ec3 \u0111\u1ed3<\/td><td class=\"column-3\">34.5 cm x 24.5 cm x 1.5 cm<\/td>\n<\/tr>\n<tr class=\"row-8\">\n\t<td class=\"column-1\"><\/td><td class=\"column-2\">Chi\u1ec1u cao c\u1ecdc truy\u1ec1n<\/td><td class=\"column-3\">75 cm<\/td>\n<\/tr>\n<\/tbody>\n<\/table>\n<!-- #tablepress-0611 from cache --><br \/>\n<span id=\"ordering\"> <\/span>[\/vc_column_text][\/vc_column_inner][vc_column_inner width=&#8221;1\/3&#8243;][vc_column_text]<\/p>\n<h5><span style=\"color: #00a0c6;\">B\u1ea3o h\u00e0nh ti\u00eau chu\u1ea9n 1 n\u0103m.<\/span><\/h5>\n<p>(Theo ch\u00ednh s\u00e1ch c\u1ee7a MTTS)[\/vc_column_text][\/vc_column_inner][\/vc_row_inner][\/vc_column][\/vc_row][vc_row bg_color=&#8221;#f8f8f8&#8243;][vc_column][vc_column_text]<\/p>\n<h3 style=\"text-align: center;\">Th\u00f4ng tin \u0111\u1eb7t h\u00e0ng v\u00e0 d\u1ecbch v\u1ee5<\/h3>\n<p>[\/vc_column_text][\/vc_column][\/vc_row][vc_row][vc_column width=&#8221;2\/3&#8243;][vc_column_text]\n<table id=\"tablepress-0621\" class=\"tablepress tablepress-id-0621\">\n<tbody class=\"row-striping row-hover\">\n<tr class=\"row-1\">\n\t<td class=\"column-1\"><strong>Th\u00f4ng tin \u0111\u1eb7t h\u00e0ng<\/strong><\/td><td class=\"column-2\">Gi\u01b0\u1eddng s\u01a1 sinh<\/td><td class=\"column-3\">IBD-4000<\/td><td class=\"column-4\">01<\/td>\n<\/tr>\n<tr class=\"row-2\">\n\t<td class=\"column-1\"><strong>Ph\u1ee5 t\u00f9ng<\/strong><\/td><td class=\"column-2\">\u0110\u1ec7m<\/td><td class=\"column-3\">ID 1307<\/td><td class=\"column-4\">01<\/td>\n<\/tr>\n<tr class=\"row-3\">\n\t<td class=\"column-1\"><\/td><td class=\"column-2\">B\u00e1nh xe<\/td><td class=\"column-3\">ID 658<\/td><td class=\"column-4\">04<\/td>\n<\/tr>\n<tr class=\"row-4\">\n\t<td class=\"column-1\"><\/td><td class=\"column-2\">Mica th\u00e0nh gi\u01b0\u1eddng (d\u00e0i)<\/td><td class=\"column-3\">ID 1120<\/td><td class=\"column-4\">02<\/td>\n<\/tr>\n<tr class=\"row-5\">\n\t<td class=\"column-1\"><\/td><td class=\"column-2\">Mica th\u00e0nh gi\u01b0\u1eddng (ng\u1eafn)<\/td><td class=\"column-3\">ID 1121<\/td><td class=\"column-4\">02<\/td>\n<\/tr>\n<tr class=\"row-6\">\n\t<td class=\"column-1\"><\/td><td class=\"column-2\">Khay \u0111\u1ef1ng phim X-quang<\/td><td class=\"column-3\">ID 1126<\/td><td class=\"column-4\">01<\/td>\n<\/tr>\n<tr class=\"row-7\">\n\t<td class=\"column-1\"><\/td><td class=\"column-2\">C\u1ed9t truy\u1ec1n<\/td><td class=\"column-3\">ID 1331<\/td><td class=\"column-4\">01<\/td>\n<\/tr>\n<tr class=\"row-8\">\n\t<td class=\"column-1\"><\/td><td class=\"column-2\">Khay \u0111\u1ec3 d\u1ee5ng c\u1ee5<\/td><td class=\"column-3\">ID 1254<\/td><td class=\"column-4\">01<\/td>\n<\/tr>\n<\/tbody>\n<\/table>\n<!-- #tablepress-0621 from cache -->[\/vc_column_text][\/vc_column][vc_column width=&#8221;1\/3&#8243;][\/vc_column][\/vc_row]<\/p>\n<\/div>","protected":false},"excerpt":{"rendered":"<p>[vc_row full_width=&#8221;stretch_row&#8221; row_type=&#8221;section&#8221; row_color=&#8221;color_light&#8221; el_class=&#8221;page-banner&#8221; css=&#8221;.vc_custom_1734574532833{background-image: url(https:\/\/www.mtts-asia.com\/wp-content\/uploads\/2014\/11\/111.jpg?id=4723) !important;background-position: center !important;background-repeat: no-repeat !important;background-size: cover !important;}&#8221;][vc_column][vc_custom_heading source=&#8221;post_title&#8221; font_container=&#8221;tag:h2|text_align:center&#8221; use_theme_fonts=&#8221;yes&#8221; css=&#8221;&#8221; wb_heading_type=&#8221;heading&#8221;][\/vc_column][\/vc_row][vc_row full_width=&#8221;stretch_row&#8221; row_type=&#8221;section&#8221;][vc_column][vc_row_inner][vc_column_inner width=&#8221;1\/3&#8243;][vc_empty_space height=&#8221;20px&#8221;][vc_single_image image=&#8221;8639&#8243; img_size=&#8221;&#8221;][vc_column_text]Nh\u1eb1m t\u1ea1o ra m\u00f4i tr\u01b0\u1eddng t\u1ed1t nh\u1ea5t \u0111\u1ec3 ch\u0103m s\u00f3c tr\u1ebb s\u01a1 sinh, ch\u00fang t\u00f4i lu\u00f4n lu\u00f4n suy ngh\u0129, nghi\u00ean c\u1ee9u v\u00e0 t\u00ecm ra nh\u1eefng gi\u1ea3i ph\u00e1p t\u1ed1i \u01b0u \u0111\u1ec3 gi\u00fap [&hellip;]<\/p>\n","protected":false},"author":3,"featured_media":0,"parent":0,"menu_order":0,"comment_status":"closed","ping_status":"closed","template":"","meta":{"footnotes":""},"class_list":["post-5692","page","type-page","status-publish","hentry"],"jetpack_sharing_enabled":true,"_links":{"self":[{"href":"https:\/\/www.mtts-asia.com\/vi\/wp-json\/wp\/v2\/pages\/5692","targetHints":{"allow":["GET"]}}],"collection":[{"href":"https:\/\/www.mtts-asia.com\/vi\/wp-json\/wp\/v2\/pages"}],"about":[{"href":"https:\/\/www.mtts-asia.com\/vi\/wp-json\/wp\/v2\/types\/page"}],"author":[{"embeddable":true,"href":"https:\/\/www.mtts-asia.com\/vi\/wp-json\/wp\/v2\/users\/3"}],"replies":[{"embeddable":true,"href":"https:\/\/www.mtts-asia.com\/vi\/wp-json\/wp\/v2\/comments?post=5692"}],"version-history":[{"count":2,"href":"https:\/\/www.mtts-asia.com\/vi\/wp-json\/wp\/v2\/pages\/5692\/revisions"}],"predecessor-version":[{"id":12647,"href":"https:\/\/www.mtts-asia.com\/vi\/wp-json\/wp\/v2\/pages\/5692\/revisions\/12647"}],"wp:attachment":[{"href":"https:\/\/www.mtts-asia.com\/vi\/wp-json\/wp\/v2\/media?parent=5692"}],"curies":[{"name":"wp","href":"https:\/\/api.w.org\/{rel}","templated":true}]}}