{"id":6345,"date":"2017-11-28T03:42:04","date_gmt":"2017-11-28T03:42:04","guid":{"rendered":"http:\/\/mttsasia.local\/?page_id=6345\/"},"modified":"2017-11-30T08:56:44","modified_gmt":"2017-11-30T08:56:44","slug":"chinh-sach","status":"publish","type":"page","link":"https:\/\/www.mtts-asia.com\/vi\/chinh-sach\/","title":{"rendered":"Ch\u00ednh s\u00e1ch b\u1ea3o h\u00e0nh"},"content":{"rendered":"<ol>\n<li><strong>H\u00ecnh th\u1ee9c b\u1ea3o h\u00e0nh s\u1ea3n ph\u1ea9m<\/strong><\/li>\n<\/ol>\n<p>C\u00e1c s\u1ea3n ph\u1ea9m do MTTS s\u1ea3n xu\u1ea5t v\u00e0 cung c\u1ea5p cho kh\u00e1ch h\u00e0ng s\u1ebd \u0111\u01b0\u1ee3c b\u1ea3o h\u00e0nh theo ch\u1ebf \u0111\u1ed9 b\u1ea3o h\u00e0nh c\u1ee7a MTTS \u0111\u01b0\u1ee3c quy \u0111\u1ecbnh r\u00f5 trong H\u01b0\u1edbng d\u1eabn s\u1eed d\u1ee5ng k\u00e8m theo t\u1eebng s\u1ea3n ph\u1ea9m.<\/p>\n<p>N\u1ebfu Qu\u00fd kh\u00e1ch c\u00f3 nhu c\u1ea7u b\u1ea3o h\u00e0nh, b\u1ea3o tr\u00ec \u0111\u1eb7c bi\u1ec7t, xin vui l\u00f2ng li\u00ean h\u1ec7 v\u1edbi \u0111\u1ea1i l\u00fd ho\u1eb7c nh\u00e0 ph\u00e2n ph\u1ed1i g\u1ea7n nh\u1ea5t c\u1ee7a MTTS \u0111\u1ec3 b\u1ed5 sung ho\u1eb7c thay \u0111\u1ed5i h\u00ecnh th\u1ee9c b\u1ea3o h\u00e0nh, b\u1ea3o tr\u00ec cho ph\u00f9 h\u1ee3p v\u1edbi \u0111i\u1ec1u ki\u1ec7n c\u1ee5 th\u1ec3 c\u1ee7a Qu\u00fd kh\u00e1ch h\u00e0ng.<\/p>\n<ol start=\"2\">\n<li><strong> Quy \u0111\u1ecbnh v\u1ec1 tr\u00e1ch nhi\u1ec7m b\u1ea3o h\u00e0nh s\u1ea3n ph\u1ea9m<\/strong><\/li>\n<\/ol>\n<p>MTTS c\u00f3 tr\u00e1ch nhi\u1ec7m b\u1ea3o h\u00e0nh s\u1ea3n ph\u1ea9m do l\u1ed7i c\u1ee7a nh\u00e0 s\u1ea3n xu\u1ea5t d\u1ef1a tr\u00ean th\u1eddi gian s\u1eed d\u1ee5ng s\u1ea3n ph\u1ea9m c\u1ee7a kh\u00e1ch h\u00e0ng k\u1ec3 t\u1eeb ng\u00e0y h\u00e0ng h\u00f3a, s\u1ea3n ph\u1ea9m \u0111\u01b0\u1ee3c giao b\u1ea5t k\u1ec3 kh\u00e1ch h\u00e0ng c\u00f3 phi\u1ebfu b\u1ea3o h\u00e0nh hay kh\u00f4ng. Khi c\u00f3 s\u1ea3n ph\u1ea9m y\u00eau c\u1ea7u \u0111\u01b0\u1ee3c b\u1ea3o h\u00e0nh, kh\u00e1ch h\u00e0ng c\u1ea7n cung c\u1ea5p s\u1ed1 seri c\u1ee7a s\u1ea3n ph\u1ea9m v\u00e0 MTTS s\u1ebd d\u1ef1a v\u00e0o d\u1eef li\u1ec7u n\u1ed9i b\u1ed9 \u0111\u1ec3 bi\u1ebft th\u1eddi gian giao h\u00e0ng v\u00e0 s\u1eed d\u1ee5ng s\u1ea3n ph\u1ea9m \u0111\u1ec3 \u0111\u00e1nh gi\u00e1 s\u1ea3n ph\u1ea9m \u0111\u00f3 c\u00f3 c\u00f2n trong th\u1eddi gian b\u1ea3o h\u00e0nh mi\u1ec5n ph\u00ed hay kh\u00f4ng v\u00e0 c\u00f3 h\u01b0\u1edbng gi\u1ea3i quy\u1ebft ph\u00f9 h\u1ee3p nh\u1ea5t \u0111\u1ed1i v\u1edbi s\u1ea3n ph\u1ea9m \u0111\u00f3.<\/p>\n<p>MTTS kh\u00f4ng cung c\u1ea5p d\u1ecbch v\u1ee5 b\u1ea3o h\u00e0nh, b\u1ea3o d\u01b0\u1ee1ng cho c\u00e1c s\u1ea3n ph\u1ea9m kh\u00f4ng ph\u1ea3i do c\u00f4ng ty s\u1ea3n xu\u1ea5t.<\/p>\n<ol start=\"3\">\n<li><strong>C\u00e1c tr\u01b0\u1eddng h\u1ee3p kh\u00f4ng \u0111\u01b0\u1ee3c b\u1ea3o h\u00e0nh mi\u1ec5n ph\u00ed<\/strong><\/li>\n<\/ol>\n<p>S\u1ea3n ph\u1ea9m h\u1ebft th\u1eddi gian b\u1ea3o h\u00e0nh.<\/p>\n<p>C\u00e1c h\u1ecfng h\u00f3c do ng\u01b0\u1eddi s\u1eed d\u1ee5ng g\u00e2y ra nh\u01b0: r\u01a1i v\u1ee1, \u0111\u1ec3 Pin ch\u1ea3y n\u01b0\u1edbc, b\u1ecb \u1ea9m, r\u01a1i xu\u1ed1ng n\u01b0\u1edbc, s\u1eed d\u1ee5ng kh\u00f4ng \u0111\u00fang theo H\u01b0\u1edbng d\u1eabn s\u1eed d\u1ee5ng s\u1ea3n ph\u1ea9m.<\/p>\n","protected":false},"excerpt":{"rendered":"<p>H\u00ecnh th\u1ee9c b\u1ea3o h\u00e0nh s\u1ea3n ph\u1ea9m C\u00e1c s\u1ea3n ph\u1ea9m do MTTS s\u1ea3n xu\u1ea5t v\u00e0 cung c\u1ea5p cho kh\u00e1ch h\u00e0ng s\u1ebd \u0111\u01b0\u1ee3c b\u1ea3o h\u00e0nh theo ch\u1ebf \u0111\u1ed9 b\u1ea3o h\u00e0nh c\u1ee7a MTTS \u0111\u01b0\u1ee3c quy \u0111\u1ecbnh r\u00f5 trong H\u01b0\u1edbng d\u1eabn s\u1eed d\u1ee5ng k\u00e8m theo t\u1eebng s\u1ea3n ph\u1ea9m. N\u1ebfu Qu\u00fd kh\u00e1ch c\u00f3 nhu c\u1ea7u b\u1ea3o h\u00e0nh, b\u1ea3o tr\u00ec \u0111\u1eb7c [&hellip;]<\/p>\n","protected":false},"author":3,"featured_media":0,"parent":0,"menu_order":0,"comment_status":"closed","ping_status":"closed","template":"","meta":{"footnotes":""},"class_list":["post-6345","page","type-page","status-publish","hentry"],"jetpack_sharing_enabled":true,"_links":{"self":[{"href":"https:\/\/www.mtts-asia.com\/vi\/wp-json\/wp\/v2\/pages\/6345","targetHints":{"allow":["GET"]}}],"collection":[{"href":"https:\/\/www.mtts-asia.com\/vi\/wp-json\/wp\/v2\/pages"}],"about":[{"href":"https:\/\/www.mtts-asia.com\/vi\/wp-json\/wp\/v2\/types\/page"}],"author":[{"embeddable":true,"href":"https:\/\/www.mtts-asia.com\/vi\/wp-json\/wp\/v2\/users\/3"}],"replies":[{"embeddable":true,"href":"https:\/\/www.mtts-asia.com\/vi\/wp-json\/wp\/v2\/comments?post=6345"}],"version-history":[{"count":0,"href":"https:\/\/www.mtts-asia.com\/vi\/wp-json\/wp\/v2\/pages\/6345\/revisions"}],"wp:attachment":[{"href":"https:\/\/www.mtts-asia.com\/vi\/wp-json\/wp\/v2\/media?parent=6345"}],"curies":[{"name":"wp","href":"https:\/\/api.w.org\/{rel}","templated":true}]}}