{"id":6356,"date":"2017-11-28T04:20:53","date_gmt":"2017-11-28T04:20:53","guid":{"rendered":"http:\/\/mttsasia.local\/?page_id=6356\/"},"modified":"2017-11-30T09:00:36","modified_gmt":"2017-11-30T09:00:36","slug":"chinh-sach-bao-mat","status":"publish","type":"page","link":"https:\/\/www.mtts-asia.com\/vi\/chinh-sach-bao-mat\/","title":{"rendered":"Ch\u00ednh s\u00e1ch b\u1ea3o m\u1eadt"},"content":{"rendered":"<p><strong>1- M\u1ee5c \u0111\u00edch v\u00e0 ph\u1ea1m vi thu th\u1eadp th\u00f4ng tin<\/strong><\/p>\n<p>Ch\u00fang t\u00f4i thu th\u1eadp th\u00f4ng tin c\u1ee7a kh\u00e1ch h\u00e0ng ti\u1ebfp c\u1eadn c\u00f4ng ty qua website mtts-asia.local nh\u1eb1m m\u1ee5c \u0111\u00edch:<\/p>\n<p>N\u1eafm b\u1eaft \u0111\u01b0\u1ee3c c\u00e1c nguy\u1ec7n v\u1ecdng, mong mu\u1ed1n v\u00e0 y\u00eau c\u1ea7u c\u1ee7a kh\u00e1ch h\u00e0ng v\u1ec1 s\u1ea3n ph\u1ea9m, d\u1ecbch v\u1ee5 c\u0169ng nh\u01b0 c\u00e1c d\u1ecbch v\u1ee5 b\u1ea3o h\u00e0nh, b\u1ea3o d\u01b0\u1ee1ng, s\u1eeda ch\u1eefa.<\/p>\n<p>Gi\u00fap kh\u00e1ch h\u00e0ng c\u1eadp nh\u1eadt c\u00e1c ch\u01b0\u01a1ng tr\u00ecnh khuy\u1ebfn m\u1ea1i, gi\u1ea3m gi\u00e1, th\u00f4ng tin v\u1ec1 s\u1ea3n ph\u1ea9m m\u1edbi, th\u00f4ng s\u1ed1 k\u1ef9 thu\u1eadt v\u00e0 \u0111\u1eb7c t\u00ednh c\u1ee7a s\u1ea3n ph\u1ea9m- H\u1ed7 tr\u1ee3 kh\u00e1ch h\u00e0ng khi c\u00f3 khi\u1ebfu n\u1ea1i, \u00fd ki\u1ebfn m\u1ed9t c\u00e1ch nhanh nh\u1ea5t.<\/p>\n<p>MTTS\u00a0 s\u1ebd thu th\u1eadp c\u00e1c th\u00f4ng tin sau c\u1ee7a kh\u00e1ch h\u00e0ng:<\/p>\n<ul>\n<li>H\u1ecd t\u00ean<\/li>\n<li>\u0110\u1ecba ch\u1ec9 email:<\/li>\n<li>\u0110i\u1ec7n tho\u1ea1i:<\/li>\n<li>\u0110\u01a1n v\u1ecb c\u00f4ng t\u00e1c<\/li>\n<li>\u0110\u1ecba ch\u1ec9:<\/li>\n<li>T\u00ean g\u00f3i th\u1ea7u ho\u1eb7c d\u1ef1 \u00e1n \u0111ang th\u1ef1c hi\u1ec7n:<\/li>\n<\/ul>\n<p><strong>2- Ph\u1ea1m vi s\u1eed d\u1ee5ng th\u00f4ng tin<\/strong><\/p>\n<p>Ch\u00fang t\u00f4i r\u1ea5t coi tr\u1ecdng vi\u1ec7c b\u1ea3o m\u1eadt th\u00f4ng tin kh\u00e1ch h\u00e0ng n\u00ean ch\u00fang t\u00f4i cam k\u1ebft s\u1ebd tuy\u1ec7t \u0111\u1ed1i kh\u00f4ng t\u1ef1 \u00fd s\u1eed d\u1ee5ng th\u00f4ng tin kh\u00e1ch h\u00e0ng ngo\u00e0i m\u1ee5c \u0111\u00edch mang l\u1ea1i l\u1ee3i \u00edch cho kh\u00e1ch h\u00e0ng, ch\u00fang t\u00f4i cam k\u1ebft kh\u00f4ng bu\u00f4n b\u00e1n, trao \u0111\u1ed5i th\u00f4ng tin b\u1ea3o m\u1eadt c\u1ee7a kh\u00e1ch h\u00e0ng cho b\u1ea5t c\u1ee9 b\u00ean th\u1ee9 ba n\u00e0o. Tuy nhi\u00ean, trong m\u1ed9t s\u1ed1 tr\u01b0\u1eddng h\u1ee3p \u0111\u1eb7c bi\u1ec7t sau, ch\u00fang t\u00f4i c\u00f3 th\u1ec3 chia s\u1ebb th\u00f4ng tin kh\u00e1ch m\u1ed9t c\u00e1ch h\u1ee3p l\u00fd khi:<\/p>\n<p>\u0110\u01b0\u1ee3c s\u1ef1 \u0111\u1ed3ng \u00fd c\u1ee7a kh\u00e1ch h\u00e0ng.<\/p>\n<p>\u0110\u1ec3 b\u1ea3o v\u1ec7 quy\u1ec1n l\u1ee3i c\u1ee7a c\u00f4ng ty v\u00e0 nh\u1eefng \u0111\u1ed1i t\u00e1c c\u1ee7a c\u00f4ng ty: Ch\u00fang t\u00f4i ch\u1ec9 \u0111\u01b0a ra nh\u1eefng th\u00f4ng tin c\u00e1 nh\u00e2n c\u1ee7a kh\u00e1ch h\u00e0ng khi ch\u1eafc ch\u1eafn r\u1eb1ng nh\u1eefng th\u00f4ng tin \u0111\u00f3 c\u00f3 th\u1ec3 b\u1ea3o v\u1ec7 \u0111\u01b0\u1ee3c quy\u1ec1n l\u1ee3i, t\u00e0i s\u1ea3n c\u1ee7a c\u00f4ng ty ch\u00fang t\u00f4i v\u00e0 nh\u1eefng \u0111\u1ed1i t\u00e1c li\u00ean quan. Nh\u1eefng th\u00f4ng tin n\u00e0y s\u1ebd \u0111\u01b0\u1ee3c ti\u1ebft l\u1ed9 m\u1ed9t c\u00e1ch h\u1ee3p ph\u00e1p theo Ph\u00e1p lu\u1eadt Vi\u1ec7t Nam.<\/p>\n<p>Theo y\u00eau c\u1ea7u c\u1ee7a nh\u1eefng c\u01a1 quan ch\u00ednh ph\u1ee7 khi ch\u00fang t\u00f4i th\u1ea5y n\u00f3 ph\u00f9 h\u1ee3p v\u1edbi ph\u00e1p lu\u1eadt Vi\u1ec7t Nam.<\/p>\n<p>Trong m\u1ed9t s\u1ed1 tr\u01b0\u1eddng h\u1ee3p c\u1ea7n thi\u1ebft ph\u1ea3i cung c\u1ea5p th\u00f4ng tin kh\u00e1ch h\u00e0ng kh\u00e1c, nh\u01b0 c\u00e1c ch\u01b0\u01a1ng tr\u00ecnh khuy\u1ebfn m\u00e3i c\u00f3 s\u1ef1 t\u00e0i tr\u1ee3 c\u1ee7a m\u1ed9t b\u00ean th\u1ee9 ba ch\u1eb3ng h\u1ea1n, ch\u00fang t\u00f4i s\u1ebd th\u00f4ng b\u00e1o cho qu\u00fd kh\u00e1ch h\u00e0ng tr\u01b0\u1edbc khi th\u00f4ng tin c\u1ee7a qu\u00fd kh\u00e1ch \u0111\u01b0\u1ee3c chia s\u1ebb. Q\u00fay kh\u00e1ch c\u00f3 quy\u1ec1n quy\u1ebft \u0111\u1ecbnh xem c\u00f3 \u0111\u1ed3ng \u00fd chia s\u1ebb th\u00f4ng tin ho\u1eb7c tham gia hay kh\u00f4ng.<\/p>\n<p><strong>3- Th\u1eddi gian l\u01b0u tr\u1eef th\u00f4ng tin\u00a0<\/strong><\/p>\n<p>MTTS s\u1ebd l\u01b0u tr\u1eef c\u00e1c Th\u00f4ng tin c\u00e1 nh\u00e2n do Kh\u00e1ch h\u00e0ng cung c\u1ea5p tr\u00ean c\u00e1c h\u1ec7 th\u1ed1ng n\u1ed9i b\u1ed9 c\u1ee7a ch\u00fang t\u00f4i trong qu\u00e1 tr\u00ecnh cung c\u1ea5p d\u1ecbch v\u1ee5 cho Kh\u00e1ch h\u00e0ng ho\u1eb7c cho \u0111\u1ebfn khi ho\u00e0n th\u00e0nh m\u1ee5c \u0111\u00edch thu th\u1eadp ho\u1eb7c khi Kh\u00e1ch h\u00e0ng c\u00f3 y\u00eau c\u1ea7u h\u1ee7y c\u00e1c th\u00f4ng tin \u0111\u00e3 cung c\u1ea5p.<\/p>\n<p><strong>4- \u0110\u1ecba ch\u1ec9 c\u1ee7a \u0111\u01a1n v\u1ecb thu th\u1eadp v\u00e0 qu\u1ea3n l\u00fd th\u00f4ng tin c\u00e1 nh\u00e2n<\/strong><\/p>\n<p>C\u00f4ng Ty TNHH Chuy\u1ec3n giao C\u00f4ng ngh\u1ec7 v\u00e0 D\u1ecbch v\u1ee5 Y t\u1ebf<\/p>\n<p>\u0110\u1ecba ch\u1ec9: S\u1ed1 26 ng\u00f5 41 \u0111\u01b0\u1eddng An D\u01b0\u01a1ng V\u01b0\u01a1ng, Ph\u01b0\u1eddng Ph\u00fa Th\u01b0\u1ee3ng, Qu\u1eadn T\u00e2y H\u1ed3, TP H\u00e0 N\u1ed9i.<\/p>\n<p>MST:\u00a00101476860<\/p>\n<p>\u0110i\u1ec7n tho\u1ea1i: 024 3766 6521<\/p>\n<p>Email: info@mtts-asia.local.<\/p>\n<p><strong>5- Ph\u01b0\u01a1ng ti\u1ec7n v\u00e0 c\u00f4ng c\u1ee5 \u0111\u1ec3 ng\u01b0\u1eddi d\u00f9ng ti\u1ebfp c\u1eadn v\u00e0 ch\u1ec9nh s\u1eeda d\u1eef li\u1ec7u c\u00e1 nh\u00e2n c\u1ee7a m\u00ecnh.<\/strong><\/p>\n<p>M\u1ecdi y\u00eau c\u1ea7u ch\u1ec9nh s\u1eeda th\u00f4ng tin, kh\u00e1ch h\u00e0ng vui l\u00f2ng g\u1ecdi \u0111i\u1ec7n \u0111\u1ebfn s\u1ed1 \u0111i\u1ec7n tho\u1ea1i 024 3766 6521 ho\u1eb7c g\u1eedi email v\u1ec1 \u0111\u1ecba ch\u1ec9: info@mtts-asia.local.<br \/>\n<strong>6- Cam k\u1ebft b\u1ea3o m\u1eadt th\u00f4ng tin c\u00e1 nh\u00e2n kh\u00e1ch h\u00e0ng<\/strong><\/p>\n<p>Ch\u00fang t\u00f4i cam k\u1ebft b\u1ea3o \u0111\u1ea3m an to\u00e0n th\u00f4ng tin cho qu\u00fd kh\u00e1ch h\u00e0ng khi \u0111\u0103ng k\u00fd th\u00f4ng tin c\u00e1 nh\u00e2n v\u1edbi c\u00f4ng ty ch\u00fang t\u00f4i. Ch\u00fang t\u00f4i cam k\u1ebft kh\u00f4ng trao \u0111\u1ed5i mua b\u00e1n th\u00f4ng tin kh\u00e1ch h\u00e0ng v\u00ec m\u1ee5c \u0111\u00edch th\u01b0\u01a1ng m\u1ea1i. M\u1ecdi s\u1ef1 chia s\u1ebb v\u00e0 s\u1eed d\u1ee5ng th\u00f4ng tin kh\u00e1ch h\u00e0ng ch\u00fang t\u00f4i cam k\u1ebft th\u1ef1c hi\u1ec7n theo ch\u00ednh s\u00e1ch b\u1ea3o m\u1eadt c\u1ee7a c\u00f4ng ty. \u0110\u1ec3 b\u1ea3o m\u1eadt th\u00f4ng tin c\u1ee7a kh\u00e1ch h\u00e0ng t\u1ed1t nh\u1ea5t, ch\u00fang t\u00f4i khuy\u1ebfn c\u00e1o qu\u00fd kh\u00e1ch ch\u1ec9 cung c\u1ea5p th\u00f4ng tin m\u1ed9t c\u00e1ch ch\u00ednh x\u00e1c ,\u0111\u1ea7y \u0111\u1ee7, kh\u00f4ng m\u1ea1o danh v\u00ec nh\u1eefng m\u1ee5c \u0111\u00edch kh\u00f4ng c\u00f3 l\u1ee3i cho hai b\u00ean v\u00e0 ch\u1ec9 cung c\u1ea5p khi ch\u1eafc ch\u1eafn ng\u01b0\u1eddi ti\u1ebfp nh\u1eadn th\u00f4ng tin thu\u1ed9c v\u1ec1 MTTS.<\/p>\n<p>Ch\u00ednh s\u00e1ch b\u1ea3o m\u1eadt ch\u1ec9 \u00e1p d\u1ee5ng nh\u1eefng th\u00f4ng tin qu\u00fd kh\u00e1ch h\u00e0ng truy c\u1eadp website ch\u00ednh th\u1ee9c c\u1ee7a c\u00f4ng ty ch\u00fang t\u00f4i: mtts-asia.local. M\u1ecdi th\u00f4ng tin qu\u00fd kh\u00e1ch \u0111\u0103ng k\u00fd t\u1ea1i nh\u1eefng website ho\u1eb7c nh\u1eefng \u0111\u1ecba ch\u1ec9 kh\u00e1c \u0111\u1ec1u kh\u00f4ng thu\u1ed9c ph\u1ea1m vi hi\u1ec7u l\u1ef1c c\u1ee7a Ch\u00ednh s\u00e1ch B\u1ea3o m\u1eadt th\u00f4ng tin n\u00e0y.<\/p>\n","protected":false},"excerpt":{"rendered":"<p>1- M\u1ee5c \u0111\u00edch v\u00e0 ph\u1ea1m vi thu th\u1eadp th\u00f4ng tin Ch\u00fang t\u00f4i thu th\u1eadp th\u00f4ng tin c\u1ee7a kh\u00e1ch h\u00e0ng ti\u1ebfp c\u1eadn c\u00f4ng ty qua website mtts-asia.local nh\u1eb1m m\u1ee5c \u0111\u00edch: N\u1eafm b\u1eaft \u0111\u01b0\u1ee3c c\u00e1c nguy\u1ec7n v\u1ecdng, mong mu\u1ed1n v\u00e0 y\u00eau c\u1ea7u c\u1ee7a kh\u00e1ch h\u00e0ng v\u1ec1 s\u1ea3n ph\u1ea9m, d\u1ecbch v\u1ee5 c\u0169ng nh\u01b0 c\u00e1c d\u1ecbch v\u1ee5 b\u1ea3o h\u00e0nh, [&hellip;]<\/p>\n","protected":false},"author":3,"featured_media":0,"parent":0,"menu_order":0,"comment_status":"closed","ping_status":"closed","template":"","meta":{"footnotes":""},"class_list":["post-6356","page","type-page","status-publish","hentry"],"jetpack_sharing_enabled":true,"_links":{"self":[{"href":"https:\/\/www.mtts-asia.com\/vi\/wp-json\/wp\/v2\/pages\/6356","targetHints":{"allow":["GET"]}}],"collection":[{"href":"https:\/\/www.mtts-asia.com\/vi\/wp-json\/wp\/v2\/pages"}],"about":[{"href":"https:\/\/www.mtts-asia.com\/vi\/wp-json\/wp\/v2\/types\/page"}],"author":[{"embeddable":true,"href":"https:\/\/www.mtts-asia.com\/vi\/wp-json\/wp\/v2\/users\/3"}],"replies":[{"embeddable":true,"href":"https:\/\/www.mtts-asia.com\/vi\/wp-json\/wp\/v2\/comments?post=6356"}],"version-history":[{"count":0,"href":"https:\/\/www.mtts-asia.com\/vi\/wp-json\/wp\/v2\/pages\/6356\/revisions"}],"wp:attachment":[{"href":"https:\/\/www.mtts-asia.com\/vi\/wp-json\/wp\/v2\/media?parent=6356"}],"curies":[{"name":"wp","href":"https:\/\/api.w.org\/{rel}","templated":true}]}}