{"id":6359,"date":"2017-11-28T04:24:08","date_gmt":"2017-11-28T04:24:08","guid":{"rendered":"http:\/\/mttsasia.local\/?page_id=6359\/"},"modified":"2017-12-07T08:46:34","modified_gmt":"2017-12-07T08:46:34","slug":"chinh-sach-dat-hang-giao-hang-va-doi-tra","status":"publish","type":"page","link":"https:\/\/www.mtts-asia.com\/vi\/chinh-sach-dat-hang-giao-hang-va-doi-tra\/","title":{"rendered":"Ch\u00ednh s\u00e1ch \u0111\u1eb7t h\u00e0ng, giao h\u00e0ng v\u00e0 \u0111\u1ed5i tr\u1ea3"},"content":{"rendered":"<ol>\n<li><strong>Ph\u01b0\u01a1ng th\u1ee9c \u0111\u1eb7t h\u00e0ng<\/strong><\/li>\n<\/ol>\n<p>MTTS s\u1ebd giao h\u00e0ng mi\u1ec5n ph\u00ed cho t\u1ea5t c\u1ea3 c\u00e1c kh\u00e1ch h\u00e0ng trong n\u01b0\u1edbc mua v\u00e0 s\u1eed d\u1ee5ng s\u1ea3n ph\u1ea9m do MTTS s\u1ea3n xu\u1ea5t.\u0110\u1ed1i v\u1edbi nh\u1eefng kh\u00e1ch h\u00e0ng \u1edf n\u01b0\u1edbc ngo\u00e0i, t\u00f9y v\u00e0o vi\u1ec7c th\u1ecfa thu\u1eadn v\u1edbi kh\u00e1ch h\u00e0ng m\u00e0 MTTS s\u1ebd c\u00f3 ch\u00ednh s\u00e1ch giao h\u00e0ng ph\u00f9 h\u1ee3p \u1edf t\u1eebng \u0111\u01a1n h\u00e0ng.<\/p>\n<ol start=\"2\">\n<li><strong>Ch\u00ednh s\u00e1ch \u0111\u1ed5i tr\u1ea3\/ ho\u00e0n ti\u1ec1n:<\/strong><\/li>\n<\/ol>\n<p>MTTS c\u00f3 quy \u0111\u1ecbnh r\u00f5 v\u1ec1 vi\u1ec7c \u0111\u1ed5i tr\u1ea3 h\u00e0ng \u0111\u00e3 mua trong Ch\u00ednh s\u00e1ch b\u1ea3o h\u00e0nh \u0111\u01b0\u1ee3c quy \u0111\u1ecbnh \u1edf H\u01b0\u1edbng d\u1eabn s\u1eed d\u1ee5ng s\u1ea3n ph\u1ea9m \u0111i k\u00e8m s\u1ea3n ph\u1ea9m.<\/p>\n<p>C\u0103n c\u1ee9 v\u00e0o h\u00e0ng h\u00f3a th\u1ef1c t\u1ebf v\u00e0 bi\u00ean b\u1ea3n tr\u00ean h\u1ee3p \u0111\u1ed3ng, ch\u00fang t\u00f4i s\u1ebd ti\u1ebfn h\u00e0nh x\u1eed l\u00fd v\u1ea5n \u0111\u1ec1 cho qu\u00fd kh\u00e1ch m\u1ed9t c\u00e1ch nhanh nh\u1ea5t c\u00f3 th\u1ec3. \u0110\u1ea3m b\u1ea3o mang \u0111\u1ebfn s\u1ef1 h\u00e0i l\u00f2ng cho Qu\u00fd kh\u00e1ch<\/p>\n<ol start=\"3\">\n<li><strong>Ch\u00ednh s\u00e1ch v\u1eadn chuy\u1ec3n:<\/strong><\/li>\n<\/ol>\n<p>H\u00ecnh th\u1ee9c v\u1eadn chuy\u1ec3n s\u1ebd \u0111\u01b0\u1ee3c trao \u0111\u1ed5i c\u1ee5 th\u1ec3 gi\u1eefa 2 b\u00ean l\u00e0 ng\u01b0\u1eddi mua v\u00e0 ng\u01b0\u1eddi b\u00e1n \u0111\u1ec3 ph\u00f9 h\u1ee3p nh\u1ea5t v\u1edbi t\u00ecnh h\u00ecnh c\u1ee7a c\u00e1c b\u00ean<\/p>\n<p>S\u1ebd v\u1eadn chuy\u1ec3n khi c\u00e1c giao d\u1ecbch \u0111\u1ec1u \u0111\u00e3 ho\u00e0n t\u1ea5t<\/p>\n<p>MTTS s\u1ebd giao h\u00e0ng mi\u1ec5n ph\u00ed cho t\u1ea5t c\u1ea3 c\u00e1c kh\u00e1ch h\u00e0ng trong n\u01b0\u1edbc mua v\u00e0 s\u1eed d\u1ee5ng s\u1ea3n ph\u1ea9m do MTTS s\u1ea3n xu\u1ea5t.\u0110\u1ed1i v\u1edbi nh\u1eefng kh\u00e1ch h\u00e0ng \u1edf n\u01b0\u1edbc ngo\u00e0i, t\u00f9y v\u00e0o vi\u1ec7c th\u1ecfa thu\u1eadn v\u1edbi kh\u00e1ch h\u00e0ng m\u00e0 MTTS s\u1ebd c\u00f3 ch\u00ednh s\u00e1ch giao h\u00e0ng ph\u00f9 h\u1ee3p \u1edf t\u1eebng \u0111\u01a1n h\u00e0ng.<\/p>\n<p>Ch\u00fang t\u00f4i lu\u00f4n \u0111\u1ea3m b\u1ea3o ch\u1ea5t l\u01b0\u1ee3ng v\u1eadn chuy\u1ec3n \u0111\u1ebfn v\u1edbi qu\u00fd kh\u00e1ch, h\u00e0ng h\u00f3a lu\u00f4n \u0111\u01b0\u1ee3c nguy\u00ean v\u1eb9n khi v\u1eadn chuy\u1ec3n \u0111\u1ebfn ng\u01b0\u1eddi nh\u1eadn<\/p>\n<p>&nbsp;<\/p>\n<p>&nbsp;<\/p>\n<p><strong>\u00a0<\/strong><\/p>\n<p>&nbsp;<\/p>\n<p>&nbsp;<\/p>\n","protected":false},"excerpt":{"rendered":"<p>Ph\u01b0\u01a1ng th\u1ee9c \u0111\u1eb7t h\u00e0ng MTTS s\u1ebd giao h\u00e0ng mi\u1ec5n ph\u00ed cho t\u1ea5t c\u1ea3 c\u00e1c kh\u00e1ch h\u00e0ng trong n\u01b0\u1edbc mua v\u00e0 s\u1eed d\u1ee5ng s\u1ea3n ph\u1ea9m do MTTS s\u1ea3n xu\u1ea5t.\u0110\u1ed1i v\u1edbi nh\u1eefng kh\u00e1ch h\u00e0ng \u1edf n\u01b0\u1edbc ngo\u00e0i, t\u00f9y v\u00e0o vi\u1ec7c th\u1ecfa thu\u1eadn v\u1edbi kh\u00e1ch h\u00e0ng m\u00e0 MTTS s\u1ebd c\u00f3 ch\u00ednh s\u00e1ch giao h\u00e0ng ph\u00f9 h\u1ee3p \u1edf t\u1eebng [&hellip;]<\/p>\n","protected":false},"author":3,"featured_media":0,"parent":0,"menu_order":0,"comment_status":"closed","ping_status":"closed","template":"","meta":{"footnotes":""},"class_list":["post-6359","page","type-page","status-publish","hentry"],"jetpack_sharing_enabled":true,"_links":{"self":[{"href":"https:\/\/www.mtts-asia.com\/vi\/wp-json\/wp\/v2\/pages\/6359","targetHints":{"allow":["GET"]}}],"collection":[{"href":"https:\/\/www.mtts-asia.com\/vi\/wp-json\/wp\/v2\/pages"}],"about":[{"href":"https:\/\/www.mtts-asia.com\/vi\/wp-json\/wp\/v2\/types\/page"}],"author":[{"embeddable":true,"href":"https:\/\/www.mtts-asia.com\/vi\/wp-json\/wp\/v2\/users\/3"}],"replies":[{"embeddable":true,"href":"https:\/\/www.mtts-asia.com\/vi\/wp-json\/wp\/v2\/comments?post=6359"}],"version-history":[{"count":0,"href":"https:\/\/www.mtts-asia.com\/vi\/wp-json\/wp\/v2\/pages\/6359\/revisions"}],"wp:attachment":[{"href":"https:\/\/www.mtts-asia.com\/vi\/wp-json\/wp\/v2\/media?parent=6359"}],"curies":[{"name":"wp","href":"https:\/\/api.w.org\/{rel}","templated":true}]}}