{"id":6383,"date":"2017-12-07T09:05:23","date_gmt":"2017-12-07T09:05:23","guid":{"rendered":"http:\/\/mttsasia.local\/?page_id=6383\/"},"modified":"2017-12-07T09:06:15","modified_gmt":"2017-12-07T09:06:15","slug":"chinh-sach-thanh-toan","status":"publish","type":"page","link":"https:\/\/www.mtts-asia.com\/vi\/chinh-sach-thanh-toan\/","title":{"rendered":"Ch\u00ednh s\u00e1ch thanh to\u00e1n"},"content":{"rendered":"<p><strong>Ch\u00ednh s\u00e1ch thanh to\u00e1n<\/strong><\/p>\n<p>C\u00f3 2 h\u00ecnh th\u1ee9c thanh to\u00e1n, kh\u00e1ch h\u00e0ng c\u00f3 th\u1ec3 l\u1ef1a ch\u1ecdn h\u00ecnh th\u1ee9c thu\u1eadn ti\u1ec7n v\u00e0 ph\u00f9 h\u1ee3p v\u1edbi m\u00ecnh nh\u1ea5t:<\/p>\n<p>C\u00e1ch 1: Thanh to\u00e1n ti\u1ec1n m\u1eb7t tr\u1ef1c ti\u1ebfp t\u1ea1i c\u00f4ng ty theo \u0111\u1ecba ch\u1ec9 sau:<\/p>\n<p>C\u00f4ng ty TNHH MTTS<\/p>\n<p>\u0110\u1ecba ch\u1ec9: S\u1ed1 26, Ng\u00f5 41 An D\u01b0\u01a1ng V\u01b0\u01a1ng, T\u00e2y H\u1ed3, H\u00e0 N\u1ed9i.<\/p>\n<p>Holine: +84 24 3766 6521<\/p>\n<p>Email: info@mtts-asia.local sales@mtts-asia.local <a href=\"mailto:assistance@mtts-asia.local\">assistance@mtts-asia.local<\/a><\/p>\n<p>Website: <a href=\"http:\/\/mttsasia.local\">mtts-asia.local<\/a><\/p>\n<p>&nbsp;<\/p>\n<p>C\u00e1ch 2: Chuy\u1ec3n kho\u1ea3n theo h\u1ee3p \u0111\u1ed3ng: N\u1ebfu qu\u00fd kh\u00e1ch mu\u1ed1n l\u00e0m \u0111\u1ea1i l\u00fd ph\u00e2n ph\u1ed1i c\u1ee7a mtts-asia.local ho\u1eb7c mua v\u1edbi s\u1ed1 l\u01b0\u1ee3ng l\u1edbn. Qu\u00fd kh\u00e1ch chuy\u1ec3n kho\u1ea3n \u0111\u1eb7t c\u1ecdc tr\u01b0\u1edbc, sau \u0111\u00f3 ch\u00fang t\u00f4i ti\u1ebfn h\u00e0nh giao h\u00e0ng theo th\u1ecfa thu\u1eadn ho\u1eb7c h\u1ee3p \u0111\u1ed3ng v\u1edbi Qu\u00fd kh\u00e1ch.<\/p>\n<p>&nbsp;<\/p>\n<p>TH\u00d4NG TIN CHUY\u1ec2N KHO\u1ea2N<\/p>\n<p>NG\u00c2N H\u00c0NG :<\/p>\n<p>T\u00ean t\u00e0i kho\u1ea3n:<\/p>\n<p>S\u1ed1 t\u00e0i kho\u1ea3n:<\/p>\n<ul>\n<li><strong><u>L\u01b0u \u00fd:<\/u><\/strong> N\u1ed9i dung chuy\u1ec3n kho\u1ea3n ghi r\u00f5 h\u1ecd t\u00ean ho\u0103c c\u00f4ng ty v\u00e0 chuy\u1ec3n cho \u0111\u01a1n h\u00e0ng n\u00e0o. Sau khi chuy\u1ec3n kho\u1ea3n, ch\u00fang t\u00f4i s\u1ebd li\u00ean h\u1ec7 x\u00e1c nh\u1eadn v\u00e0 ti\u1ebfn h\u00e0nh giao h\u00e0ng. N\u1ebfu sau th\u1eddi gian th\u1ecfa thu\u1eadn m\u00e0 ch\u00fang t\u00f4i kh\u00f4ng giao h\u00e0ng ho\u1eb7c kh\u00f4ng ph\u1ea3n h\u1ed3i l\u1ea1i, qu\u00fd kh\u00e1ch c\u00f3 th\u1ec3 g\u1eedi khi\u1ebfu n\u1ea1i tr\u1ef1c ti\u1ebfp v\u1ec1 c\u00f4ng ty v\u00e0 y\u00eau c\u1ea7u b\u1ed3i th\u01b0\u1eddng n\u1ebfu ch\u1ee9ng minh \u0111\u01b0\u1ee3c s\u1ef1 ch\u1eadm tr\u1ec5 l\u00e0m \u1ea3nh h\u01b0\u1edfng \u0111\u1ebfn kinh doanh c\u1ee7a qu\u00fd kh\u00e1ch.<\/li>\n<\/ul>\n<p>\u0110\u1ed1i v\u1edbi kh\u00e1ch h\u00e0ng c\u00f3 nhu c\u1ea7u mua s\u1ed1 l\u01b0\u1ee3ng l\u1edbn \u0111\u1ec3 kinh doanh ho\u1eb7c bu\u00f4n s\u1ec9 vui l\u00f2ng li\u00ean h\u1ec7 tr\u1ef1c ti\u1ebfp v\u1edbi ch\u00fang t\u00f4i \u0111\u1ec3 c\u00f3 ch\u00ednh s\u00e1ch gi\u00e1 c\u1ea3 h\u1ee3p l\u00fd. V\u00e0 vi\u1ec7c thanh to\u00e1n s\u1ebd \u0111\u01b0\u1ee3c th\u1ef1c hi\u1ec7n theo h\u1ee3p \u0111\u1ed3ng.<\/p>\n<p>Ch\u00fang t\u00f4i cam k\u1ebft kinh doanh minh b\u1ea1ch, h\u1ee3p ph\u00e1p, b\u00e1n h\u00e0ng ch\u1ea5t l\u01b0\u1ee3ng, c\u00f3 ngu\u1ed3n g\u1ed1c r\u00f5 r\u00e0ng.<\/p>\n<p>&nbsp;<\/p>\n","protected":false},"excerpt":{"rendered":"<p>Ch\u00ednh s\u00e1ch thanh to\u00e1n C\u00f3 2 h\u00ecnh th\u1ee9c thanh to\u00e1n, kh\u00e1ch h\u00e0ng c\u00f3 th\u1ec3 l\u1ef1a ch\u1ecdn h\u00ecnh th\u1ee9c thu\u1eadn ti\u1ec7n v\u00e0 ph\u00f9 h\u1ee3p v\u1edbi m\u00ecnh nh\u1ea5t: C\u00e1ch 1: Thanh to\u00e1n ti\u1ec1n m\u1eb7t tr\u1ef1c ti\u1ebfp t\u1ea1i c\u00f4ng ty theo \u0111\u1ecba ch\u1ec9 sau: C\u00f4ng ty TNHH MTTS \u0110\u1ecba ch\u1ec9: S\u1ed1 26, Ng\u00f5 41 An D\u01b0\u01a1ng V\u01b0\u01a1ng, T\u00e2y [&hellip;]<\/p>\n","protected":false},"author":3,"featured_media":0,"parent":0,"menu_order":0,"comment_status":"closed","ping_status":"closed","template":"","meta":{"footnotes":""},"class_list":["post-6383","page","type-page","status-publish","hentry"],"jetpack_sharing_enabled":true,"_links":{"self":[{"href":"https:\/\/www.mtts-asia.com\/vi\/wp-json\/wp\/v2\/pages\/6383","targetHints":{"allow":["GET"]}}],"collection":[{"href":"https:\/\/www.mtts-asia.com\/vi\/wp-json\/wp\/v2\/pages"}],"about":[{"href":"https:\/\/www.mtts-asia.com\/vi\/wp-json\/wp\/v2\/types\/page"}],"author":[{"embeddable":true,"href":"https:\/\/www.mtts-asia.com\/vi\/wp-json\/wp\/v2\/users\/3"}],"replies":[{"embeddable":true,"href":"https:\/\/www.mtts-asia.com\/vi\/wp-json\/wp\/v2\/comments?post=6383"}],"version-history":[{"count":0,"href":"https:\/\/www.mtts-asia.com\/vi\/wp-json\/wp\/v2\/pages\/6383\/revisions"}],"wp:attachment":[{"href":"https:\/\/www.mtts-asia.com\/vi\/wp-json\/wp\/v2\/media?parent=6383"}],"curies":[{"name":"wp","href":"https:\/\/api.w.org\/{rel}","templated":true}]}}