{"id":7064,"date":"2020-02-11T07:37:18","date_gmt":"2020-02-11T07:37:18","guid":{"rendered":"http:\/\/mttsasia.local\/?page_id=7064"},"modified":"2024-12-19T14:27:48","modified_gmt":"2024-12-19T07:27:48","slug":"bo-hoi-suc-so-sinh-beluga","status":"publish","type":"page","link":"https:\/\/www.mtts-asia.com\/vi\/bo-hoi-suc-so-sinh-beluga\/","title":{"rendered":"B\u1ed9 h\u1ed3i s\u1ee9c s\u01a1 sinh Beluga"},"content":{"rendered":"<div class=\"wpb-content-wrapper\"><p>[vc_row full_width=&#8221;stretch_row&#8221; row_type=&#8221;section&#8221; row_color=&#8221;color_light&#8221; el_class=&#8221;page-banner&#8221; css=&#8221;.vc_custom_1734574532833{background-image: url(https:\/\/www.mtts-asia.com\/wp-content\/uploads\/2014\/11\/111.jpg?id=4723) !important;background-position: center !important;background-repeat: no-repeat !important;background-size: cover !important;}&#8221;][vc_column][vc_custom_heading source=&#8221;post_title&#8221; font_container=&#8221;tag:h2|text_align:center&#8221; use_theme_fonts=&#8221;yes&#8221; css=&#8221;&#8221; wb_heading_type=&#8221;heading&#8221;][\/vc_column][\/vc_row][vc_row full_width=&#8221;stretch_row&#8221; row_type=&#8221;section&#8221;][vc_column][vc_row_inner][vc_column_inner width=&#8221;1\/3&#8243;][vc_empty_space height=&#8221;20px&#8221;][vc_single_image image=&#8221;6858&#8243; img_size=&#8221;800x420px&#8221;][vc_column_text]B\u1ed9 h\u1ed3i s\u1ee9c s\u01a1 sinh ch\u1eef T l\u00e0 m\u1ed9t thi\u1ebft b\u1ecb \u0111\u1ed9c l\u1eadp nh\u1eb1m cung c\u1ea5p lu\u1ed3ng kh\u00ed \u00e1p l\u1ef1c d\u01b0\u01a1ng trong qu\u00e1 tr\u00ecnh h\u1ed3i s\u1ee9c cho tr\u1ebb s\u01a1 sinh<\/p>\n<p style=\"text-align: justify;\">B\u1ed9 tr\u1ed9n kh\u00ed, c\u00e0i \u0111\u1eb7t PEEP \/ PIP \u0111\u1ec1u \u0111\u01b0\u1ee3c t\u00edch h\u1ee3p tr\u00ean thi\u1ebft b\u1ecb nh\u1ecf g\u1ecdn n\u00e0y. M\u00e1y c\u00f3 pin t\u00edch h\u1ee3p duy tr\u00ec 4 ti\u1ebfng khi s\u1eed d\u1ee5ng m\u00e0 kh\u00f4ng c\u1ea7n k\u1ebft n\u1ed1i v\u1edbi ngu\u1ed3n \u0111i\u1ec7n d\u1ec5 d\u00e0ng khi s\u1eed d\u1ee5ng khi di chuy\u1ec3n b\u1ec7nh nh\u00e2n, trong ph\u00f2ng NICU v\u00e0 b\u00ean ngo\u00e0i b\u1ec7nh vi\u1ec7n trong c\u00e1c t\u00ecnh hu\u1ed1ng kh\u1ea9n c\u1ea5p<\/p>\n<hr \/>\n<p>[\/vc_column_text][vc_empty_space height=&#8221;20px&#8221;][vc_column_text]<img loading=\"lazy\" decoding=\"async\" class=\"alignleft size-full wp-image-4832\" src=\"https:\/\/www.mtts-asia.com\/wp-content\/uploads\/2014\/11\/Untitled-1.png\" alt=\"Untitled-1\" width=\"45\" height=\"32\" \/><\/p>\n<p>&nbsp;<\/p>\n<p>&nbsp;<\/p>\n<p><a href=\"https:\/\/www.mtts-asia.com\/wp-content\/uploads\/2023\/10\/RES-MKT-01-Beluga-Brochure-1.02VN.pdf\" target=\"_blank\" rel=\"noopener noreferrer\">T\u1edd r\u01a1i<\/a><\/p>\n<p><a href=\"https:\/\/www.mtts-asia.com\/wp-content\/uploads\/2023\/03\/RES-BL-MAN-01-Beluga-User-Manual-1.01VN.pdf\" target=\"_blank\" rel=\"noopener noreferrer\">H\u01b0\u1edbng d\u1eabn s\u1eed d\u1ee5ng<\/a><\/p>\n<p><a href=\"https:\/\/www.mtts-asia.com\/wp-content\/uploads\/2021\/05\/RES-BL-MAN-02-Beluga-Resuscitator-Quick-Reference-Guide-0.01VN.pdf\" target=\"_blank\" rel=\"noopener noreferrer\">Ch\u1ec9 d\u1eabn s\u1eed d\u1ee5ng \u0111\u01a1n gi\u1ea3n<\/a>[\/vc_column_text][\/vc_column_inner][vc_column_inner width=&#8221;2\/3&#8243;][vc_empty_space height=&#8221;160px&#8221;][vc_images_carousel images=&#8221;6937,6939,6941,6944,6946,6948,6950&#8243; img_size=&#8221;580&#215;470&#8243; onclick=&#8221;link_no&#8221; wrap=&#8221;yes&#8221;][\/vc_column_inner][\/vc_row_inner][vc_empty_space height=&#8221;20px&#8221;][vc_row_inner][vc_column_inner width=&#8221;1\/3&#8243;][vc_column_text]<\/p>\n<p style=\"text-align: center;\"><div class=\"vc_btn3-container align-center\">\r\n<a href=\"#features\" class=\"vc_general vc_btn3 vc_btn3-size-md vc_btn3-shape-rounded vc_btn3-style-flat vc_btn3-color-wb-btn-primary\">\r\n    <span>C\u00e1c \u0111\u1eb7c \u0111i\u1ec3m ch\u00ednh<\/span>\r\n<\/a>\r\n<\/div>\n<p>[\/vc_column_text][\/vc_column_inner][vc_column_inner width=&#8221;1\/3&#8243;][vc_column_text]<\/p>\n<p style=\"text-align: center;\"><div class=\"vc_btn3-container align-center\">\r\n<a href=\"#technical\" class=\"vc_general vc_btn3 vc_btn3-size-md vc_btn3-shape-rounded vc_btn3-style-flat vc_btn3-color-wb-btn-primary\">\r\n    <span>Th\u00f4ng s\u1ed1 K\u0129 Thu\u1eadt<\/span>\r\n<\/a>\r\n<\/div>\n<p>[\/vc_column_text][\/vc_column_inner][vc_column_inner width=&#8221;1\/3&#8243;][vc_column_text]<\/p>\n<p style=\"text-align: center;\"><div class=\"vc_btn3-container align-center\">\r\n<a href=\"#ordering\" class=\"vc_general vc_btn3 vc_btn3-size-md vc_btn3-shape-rounded vc_btn3-style-flat vc_btn3-color-wb-btn-primary\">\r\n    <span>Th\u00f4ng tin \u0111\u1eb7t h\u00e0ng v\u00e0 d\u1ecbch v\u1ee5<\/span>\r\n<\/a>\r\n<\/div>\n<p>[\/vc_column_text][\/vc_column_inner][\/vc_row_inner][vc_empty_space height=&#8221;20px&#8221;][\/vc_column][\/vc_row][vc_row full_width=&#8221;stretch_row&#8221; row_type=&#8221;section&#8221; bg_color=&#8221;#f8f8f8&#8243; css=&#8221;.vc_custom_1734593230813{background-color: #f8f8f8 !important;}&#8221;][vc_column][vc_row_inner][vc_column_inner width=&#8221;1\/3&#8243;][vc_column_text]<\/p>\n<h4 style=\"text-align: center;\"><strong><img loading=\"lazy\" decoding=\"async\" class=\"aligncenter wp-image-4799 size-full\" src=\"https:\/\/www.mtts-asia.com\/wp-content\/uploads\/2014\/11\/QUALITY.png\" alt=\"\" width=\"69\" height=\"80\" \/><\/strong><\/h4>\n<h3 style=\"text-align: center;\">CH\u1ea4T L\u01af\u1ee2NG<\/h3>\n<hr \/>\n<p style=\"text-align: center;\">Beluga t-piece resuscitator is a precise and reliable device that provides safe and effective therapy, high reliability components and long-life batteries.<span id=\"features\"> <\/span><\/p>\n<p>[\/vc_column_text][\/vc_column_inner][vc_column_inner width=&#8221;1\/3&#8243;][vc_column_text]<\/p>\n<h4><img loading=\"lazy\" decoding=\"async\" class=\"aligncenter wp-image-4800 size-full\" src=\"https:\/\/www.mtts-asia.com\/wp-content\/uploads\/2014\/11\/INNOVATION.png\" alt=\"\" width=\"80\" height=\"80\" \/><\/h4>\n<h3 style=\"text-align: center;\">S\u1ef0 \u0110\u1ed4I M\u1edaI<\/h3>\n<hr \/>\n<p style=\"text-align: center;\">Beluga uses latest technology and together with user-friendly touch screen interface allows clinicians to save time and focus on the actual problems to solve.<\/p>\n<p>[\/vc_column_text][\/vc_column_inner][vc_column_inner width=&#8221;1\/3&#8243;][vc_column_text]<\/p>\n<h4 style=\"text-align: center;\"><img loading=\"lazy\" decoding=\"async\" class=\"aligncenter wp-image-4801 size-full\" src=\"https:\/\/www.mtts-asia.com\/wp-content\/uploads\/2014\/11\/CARE.png\" alt=\"\" width=\"49\" height=\"80\" \/><\/h4>\n<h3 style=\"text-align: center;\">CH\u0102M S\u00d3C<\/h3>\n<hr \/>\n<p style=\"text-align: center;\">Beluga can be used for emergencies where quick action is required as well as in controlled hospital environment for prolonged period of time.<\/p>\n<p>[\/vc_column_text][\/vc_column_inner][\/vc_row_inner][\/vc_column][\/vc_row][vc_row full_width=&#8221;stretch_row&#8221; row_type=&#8221;section&#8221;][vc_column][vc_empty_space height=&#8221;20px&#8221;][vc_column_text]<\/p>\n<h3 style=\"text-align: center;\"><strong>C\u00e1c \u0111\u1eb7c \u0111i\u1ec3m ch\u00ednh<\/strong><\/h3>\n<hr \/>\n<p>[\/vc_column_text][vc_row_inner][vc_column_inner width=&#8221;1\/2&#8243;][vc_column_text]<span style=\"color: #00a0c6;\"><strong>T\u1ed5ng quan<\/strong><\/span><br \/>\n\u2013 Di \u0111\u1ed9ng<br \/>\n\u2013 Pin t\u00edch h\u1ee3p trong m\u00e1y duy tr\u00ec t\u1ed1i \u0111a 4 ti\u1ebfng v\u1edbi \u0111i\u1ec1u ki\u1ec7n s\u1ea1c \u0111\u1ea7y<br \/>\n\u2013 M\u00e1y n\u00e9n kh\u00ed t\u00edch h\u1ee3p trong m\u00e1y<br \/>\n\u2013 M\u00e0n h\u00ecnh theo d\u00f5i oxy<br \/>\n\u2013 M\u00e0n h\u00ecnh c\u1ea3m \u1ee9ng d\u1ec5 s\u1eed d\u1ee5ng<br \/>\n\u2013 PIP m\u1ee5c ti\u00eau lu\u00f4n \u0111\u01b0\u1ee3c ki\u1ec3m so\u00e1t, d\u1ec5 d\u00e0ng \u0111i\u1ec1u ch\u1ec9nh PEEP<br \/>\n\u2013 No time restriction on use due to the gas tank limitation<br \/>\n\u2013 Kh\u00f4ng gi\u1edbi h\u1ea1n th\u1eddi gian s\u1eed d\u1ee5ng[\/vc_column_text][\/vc_column_inner][vc_column_inner width=&#8221;1\/2&#8243;][vc_empty_space height=&#8221;75px&#8221;][vc_single_image image=&#8221;6692&#8243; img_size=&#8221;650x650px&#8221; alignment=&#8221;center&#8221;][\/vc_column_inner][\/vc_row_inner][\/vc_column][\/vc_row][vc_row full_width=&#8221;stretch_row&#8221; row_type=&#8221;section&#8221; bg_color=&#8221;#f8f8f8&#8243; css=&#8221;.vc_custom_1734593249685{background-color: #f8f8f8 !important;}&#8221;][vc_column][vc_row_inner][vc_column_inner width=&#8221;1\/3&#8243;][vc_column_text]<\/p>\n<h3 style=\"text-align: center;\"><img loading=\"lazy\" decoding=\"async\" class=\"aligncenter wp-image-5017 size-full\" src=\"https:\/\/www.mtts-asia.com\/wp-content\/uploads\/2014\/11\/baby.png\" alt=\"\" width=\"89\" height=\"80\" \/><\/h3>\n<h3 style=\"text-align: center;\"><strong>Hi\u1ec7u qu\u1ea3<\/strong><\/h3>\n<hr \/>\n<p style=\"text-align: center;\">B\u1ed9 h\u1ed3i s\u1ee9c s\u01a1 sinh Beluga c\u00f3 t\u00ednh n\u0103ng tr\u1ed9n \u0111i\u1ec7n t\u1eed \u0111\u1ec3 \u0111i\u1ec1u ch\u1ec9nh m\u1ed9t c\u00e1c d\u1ec5 d\u00e0ng v\u00e0 \u0111\u1ed9c l\u1eadp t\u1ed1c \u0111\u1ed9 l\u01b0u l\u01b0\u1ee3ng v\u00e0 % FiO2.<\/p>\n<p>[\/vc_column_text][\/vc_column_inner][vc_column_inner width=&#8221;1\/3&#8243;][vc_column_text]<\/p>\n<h3 style=\"text-align: center;\"><img loading=\"lazy\" decoding=\"async\" class=\"aligncenter size-full wp-image-5009\" src=\"https:\/\/www.mtts-asia.com\/wp-content\/uploads\/2014\/11\/safe.png\" alt=\"safe\" width=\"79\" height=\"79\" \/><\/h3>\n<h3 style=\"text-align: center;\"><strong>Nh\u1ecf G\u1ecdn<\/strong><\/h3>\n<hr \/>\n<p style=\"text-align: center;\">K\u00edch th\u01b0\u1edbc nh\u1ecf g\u1ecdn 1,5kgs, kh\u00f4ng g\u00e2y ti\u1ebfng \u1ed3n v\u00e0 d\u1ec5 d\u00e0ng v\u1eadn h\u00e0nh v\u1edbi kh\u1ea3 n\u0103ng ki\u1ec3m so\u00e1t ch\u00ednh x\u00e1c vi\u1ec7c cung c\u1ea5p l\u01b0u l\u01b0\u1ee3ng kh\u00ed v\u00e0 n\u1ed3ng \u0111\u1ed9 oxy. \u0110\u1ec3 t\u0103ng th\u00eam s\u1ef1 an to\u00e0n cho b\u1ec7nh nh\u00e2n, Beluga t\u00edch h\u1ee3p b\u1ed5 sung t\u00ednh n\u0103ng b\u00e1o \u0111\u1ed9ng.<\/p>\n<p>[\/vc_column_text][\/vc_column_inner][vc_column_inner width=&#8221;1\/3&#8243;][vc_column_text]<\/p>\n<h3 style=\"text-align: center;\"><img loading=\"lazy\" decoding=\"async\" class=\"aligncenter size-full wp-image-5011\" src=\"https:\/\/www.mtts-asia.com\/wp-content\/uploads\/2014\/11\/costefficient.png\" alt=\"costefficient\" width=\"93\" height=\"80\" \/><\/h3>\n<h3 style=\"text-align: center;\"><strong>Ti\u1ebft ki\u1ec7m chi ph\u00ed<\/strong><\/h3>\n<hr \/>\n<p style=\"text-align: center;\">Beluga \u0111\u00e3 \u0111\u01b0\u1ee3c ch\u1ee9ng minh hi\u1ec7u qu\u1ea3 l\u00e2m s\u00e0ng trong vi\u1ec7c h\u1ed7 tr\u1ee3 tr\u1ebb em c\u1ea7n h\u1ed3i s\u1ee9c s\u01a1 sinh h\u00f4 h\u1ea5p v\u1edbi m\u1ed9t m\u1ee9c gi\u00e1 c\u1ea3 h\u1ee3p l\u00fd.<\/p>\n<p>[\/vc_column_text][\/vc_column_inner][\/vc_row_inner][vc_empty_space height=&#8221;20px&#8221;][\/vc_column][\/vc_row][vc_row full_width=&#8221;stretch_row&#8221;][vc_column][vc_empty_space height=&#8221;20px&#8221;][vc_column_text]<\/p>\n<h3 style=\"text-align: center;\">Th\u00f4ng s\u1ed1 K\u0129 Thu\u1eadt<\/h3>\n<hr \/>\n<p>[\/vc_column_text][vc_row_inner][vc_column_inner width=&#8221;2\/3&#8243;][vc_column_text]\n<table id=\"tablepress-0411\" class=\"tablepress tablepress-id-0411\">\n<tbody class=\"row-striping row-hover\">\n<tr class=\"row-1\">\n\t<td class=\"column-1\"><strong>K\u00edch th\u01b0\u1edbc v\u00e0 Tr\u1ecdng l\u01b0\u1ee3ng<\/strong><\/td><td class=\"column-2\">K\u00edch th\u01b0\u1edbc \u0111\u01a1n v\u1ecb (T\u1ed5ng th\u1ec3)<\/td><td class=\"column-3\">20 cm x 22 cm x 20 cm<\/td>\n<\/tr>\n<tr class=\"row-2\">\n\t<td class=\"column-1\"><\/td><td class=\"column-2\">K\u00edch th\u01b0\u1edbc v\u1eadn chuy\u1ec3n (\u0110\u00f3ng h\u1ed9p)<\/td><td class=\"column-3\">30 cm x 30 cm x 40 cm<\/td>\n<\/tr>\n<tr class=\"row-3\">\n\t<td class=\"column-1\"><\/td><td class=\"column-2\">Tr\u1ecdng l\u01b0\u1ee3ng<\/td><td class=\"column-3\">2.5kg<\/td>\n<\/tr>\n<tr class=\"row-4\">\n\t<td class=\"column-1\"><\/td><td class=\"column-2\">T\u1ed5ng tr\u1ecdng l\u01b0\u1ee3ng<\/td><td class=\"column-3\">4.0kg<\/td>\n<\/tr>\n<tr class=\"row-5\">\n\t<td class=\"column-1\"><strong>Th\u1ed1ng s\u1ed1 k\u1ef9 thu\u1eadt ho\u1ea1t \u0111\u1ed9ng <\/strong><\/td><td class=\"column-2\">\u0110\u1eb7c \u0111i\u1ec3m v\u1ec1 ngu\u1ed3n<\/td><td class=\"column-3\">100 - 240 VAC, 47\/63Hz<\/td>\n<\/tr>\n<tr class=\"row-6\">\n\t<td class=\"column-1\"><\/td><td class=\"column-2\">\u00c1p k\u1ebf ch\u00ednh x\u00e1c<\/td><td class=\"column-3\">\u00b1 1 cm H2O<\/td>\n<\/tr>\n<tr class=\"row-7\">\n\t<td class=\"column-1\"><\/td><td class=\"column-2\">\u00c1p l\u1ef1c PIP<\/td><td class=\"column-3\">5 - 45 cm H2O<\/td>\n<\/tr>\n<tr class=\"row-8\">\n\t<td class=\"column-1\"><\/td><td class=\"column-2\">\u00c1p l\u1ef1c PEEP<\/td><td class=\"column-3\">1 - 20 cm H2O<\/td>\n<\/tr>\n<tr class=\"row-9\">\n\t<td class=\"column-1\"><\/td><td class=\"column-2\">Cung c\u1ea5p n\u1ed3ng \u0111\u1ed9 oxy<\/td><td class=\"column-3\">21 - 100%<\/td>\n<\/tr>\n<tr class=\"row-10\">\n\t<td class=\"column-1\"><\/td><td class=\"column-2\">M\u00e1y n\u00e9n kh\u00ed t\u00edch h\u1ee3p<\/td><td class=\"column-3\">Ki\u1ec3u qu\u1ea1t ly t\u00e2m<\/td>\n<\/tr>\n<tr class=\"row-11\">\n\t<td class=\"column-1\"><\/td><td class=\"column-2\">Pin<\/td><td class=\"column-3\">Li-ion, 12V-6000mAh<\/td>\n<\/tr>\n<tr class=\"row-12\">\n\t<td class=\"column-1\"><strong>Th\u00f4ng s\u1ed1 v\u1ec1 m\u00f4i tr\u01b0\u1eddng<\/strong><\/td><td class=\"column-2\">Nhi\u1ec7t \u0111\u1ed9 ho\u1ea1t \u0111\u1ed9ng<\/td><td class=\"column-3\">18\u00baC - 35\u00baC<\/td>\n<\/tr>\n<tr class=\"row-13\">\n\t<td class=\"column-1\"><\/td><td class=\"column-2\">\u0110\u1ed9 \u1ea9m<\/td><td class=\"column-3\">0% - 90% RH<\/td>\n<\/tr>\n<tr class=\"row-14\">\n\t<td class=\"column-1\"><\/td><td class=\"column-2\">Nhi\u1ec7t \u0111\u1ed9 l\u01b0u kho<\/td><td class=\"column-3\">0\u00baC - 50\u00baC<\/td>\n<\/tr>\n<tr class=\"row-15\">\n\t<td class=\"column-1\"><\/td><td class=\"column-2\">\u0110\u1ed9 \u1ea9m l\u01b0u kho<\/td><td class=\"column-3\">0% - 90% RH<\/td>\n<\/tr>\n<tr class=\"row-16\">\n\t<td class=\"column-1\"><strong>Quy \u0111\u1ecbnh<\/strong><\/td><td class=\"column-2\"><\/td><td class=\"column-3\">EN 60601-1:2006\/A1:2013<\/td>\n<\/tr>\n<tr class=\"row-17\">\n\t<td class=\"column-1\"><\/td><td class=\"column-2\"><\/td><td class=\"column-3\">EN 60601-1-2:2015<\/td>\n<\/tr>\n<\/tbody>\n<\/table>\n<!-- #tablepress-0411 from cache --><br \/>\n<span id=\"ordering\"> <\/span>[\/vc_column_text][\/vc_column_inner][vc_column_inner width=&#8221;1\/3&#8243;][vc_column_text]<\/p>\n<h5><span style=\"color: #00a0c6;\">Ti\u00eau chu\u1ea9n b\u1ea3o h\u00e0nh 1 n\u0103m.<\/span><\/h5>\n<p>(B\u1ea3o h\u00e0nh theo ch\u00ednh s\u00e1ch c\u1ee7a MTTS)[\/vc_column_text][\/vc_column_inner][\/vc_row_inner][\/vc_column][\/vc_row][vc_row bg_color=&#8221;#f8f8f8&#8243;][vc_column][vc_column_text]<\/p>\n<h3 style=\"text-align: center;\">Th\u00f4ng tin \u0111\u1eb7t h\u00e0ng v\u00e0 d\u1ecbch v\u1ee5<\/h3>\n<p>[\/vc_column_text][\/vc_column][\/vc_row][vc_row][vc_column width=&#8221;2\/3&#8243;][vc_column_text]\n<table id=\"tablepress-0421\" class=\"tablepress tablepress-id-0421\">\n<tbody class=\"row-striping row-hover\">\n<tr class=\"row-1\">\n\t<td class=\"column-1\"><strong>Th\u00f4ng tin \u0111\u1eb7t h\u00e0ng<\/strong><\/td><td class=\"column-2\">M\u00e1y ch\u00ednh<\/td><td class=\"column-3\">RES-10000<\/td><td class=\"column-4\">M\u00e1y ch\u00ednh<\/td>\n<\/tr>\n<tr class=\"row-2\">\n\t<td class=\"column-1\"><\/td><td class=\"column-2\">D\u00e2y k\u1ebft n\u1ed1i Oxy<\/td><td class=\"column-3\">ID 1070<\/td><td class=\"column-4\">DISS 1240<\/td>\n<\/tr>\n<tr class=\"row-3\">\n\t<td class=\"column-1\"><\/td><td class=\"column-2\"><\/td><td class=\"column-3\">ID 1316<\/td><td class=\"column-4\">Chu\u1ea9n Anh<\/td>\n<\/tr>\n<tr class=\"row-4\">\n\t<td class=\"column-1\"><\/td><td class=\"column-2\"><\/td><td class=\"column-3\">ID 1317<\/td><td class=\"column-4\">JIS<\/td>\n<\/tr>\n<tr class=\"row-5\">\n\t<td class=\"column-1\"><\/td><td class=\"column-2\"><\/td><td class=\"column-3\">ID 1318<\/td><td class=\"column-4\">SIS Handwheel<\/td>\n<\/tr>\n<tr class=\"row-6\">\n\t<td class=\"column-1\"><\/td><td class=\"column-2\"><\/td><td class=\"column-3\">ID 1319<\/td><td class=\"column-4\">DIN<\/td>\n<\/tr>\n<tr class=\"row-7\">\n\t<td class=\"column-1\"><\/td><td class=\"column-2\"><\/td><td class=\"column-3\">ID 1320<\/td><td class=\"column-4\">AFNOR<\/td>\n<\/tr>\n<tr class=\"row-8\">\n\t<td class=\"column-1\"><\/td><td class=\"column-2\"><\/td><td class=\"column-3\">ID 1321<\/td><td class=\"column-4\">Ohmeda<\/td>\n<\/tr>\n<tr class=\"row-9\">\n\t<td class=\"column-1\"><\/td><td class=\"column-2\">D\u00e2y ngu\u1ed3n<\/td><td class=\"column-3\">ID 551<\/td><td class=\"column-4\">Ti\u00eau chu\u1ea9n Ch\u00e2u \u00c2u<\/td>\n<\/tr>\n<tr class=\"row-10\">\n\t<td class=\"column-1\"><\/td><td class=\"column-2\"><\/td><td class=\"column-3\">ID 552<\/td><td class=\"column-4\">Ti\u00eau chu\u1ea9n US\/VN <\/td>\n<\/tr>\n<tr class=\"row-11\">\n\t<td class=\"column-1\"><\/td><td class=\"column-2\"><\/td><td class=\"column-3\">ID 553<\/td><td class=\"column-4\">Ti\u00eau chu\u1ea9n Anh<\/td>\n<\/tr>\n<tr class=\"row-12\">\n\t<td class=\"column-1\"><\/td><td class=\"column-2\"><\/td><td class=\"column-3\">ID 1313<\/td><td class=\"column-4\">Ti\u00eau chu\u1ea9n \u00dac<\/td>\n<\/tr>\n<tr class=\"row-13\">\n\t<td class=\"column-1\"><strong>Linh ki\u1ec7n<\/strong><\/td><td class=\"column-2\">D\u00e2y Silicon d\u00f9ng nhi\u1ec1u l\u1ea7n<\/td><td class=\"column-3\">ID 1440<\/td><td class=\"column-4\">Tube only<\/td>\n<\/tr>\n<tr class=\"row-14\">\n\t<td class=\"column-1\"><\/td><td class=\"column-2\">Van Peep v\u00e0 \u0111\u1ea7u ch\u1eef T d\u00f9ng m\u1ed9t l\u1ea7n<br \/>\n<\/td><td class=\"column-3\">ID 1478<\/td><td class=\"column-4\">Valve + T-piece<\/td>\n<\/tr>\n<tr class=\"row-15\">\n\t<td class=\"column-1\"><\/td><td class=\"column-2\">B\u1ed9 d\u00e2y th\u1edf Beluga (d\u00f9ng 1 l\u1ea7n)<\/td><td class=\"column-3\">ID 1442<\/td><td class=\"column-4\">Tube + Valve + T-piece<\/td>\n<\/tr>\n<tr class=\"row-16\">\n\t<td class=\"column-1\"><\/td><td class=\"column-2\">M\u1eb7t n\u1ea1 silicon size S (42mm)<\/td><td class=\"column-3\">ID 1441<\/td><td class=\"column-4\"><\/td>\n<\/tr>\n<tr class=\"row-17\">\n\t<td class=\"column-1\"><\/td><td class=\"column-2\">M\u1eb7t n\u1ea1 silicon size M (50mm)<\/td><td class=\"column-3\">ID 1477<\/td><td class=\"column-4\"><\/td>\n<\/tr>\n<tr class=\"row-18\">\n\t<td class=\"column-1\"><\/td><td class=\"column-2\">M\u1eb7t n\u1ea1 silicon size L (60mm)<\/td><td class=\"column-3\">ID 1599<\/td><td class=\"column-4\"><\/td>\n<\/tr>\n<tr class=\"row-19\">\n\t<td class=\"column-1\"><\/td><td class=\"column-2\">D\u00e2y k\u1ebft n\u1ed1i Oxy<\/td><td class=\"column-3\">ID 150 + 1070<\/td><td class=\"column-4\"><\/td>\n<\/tr>\n<tr class=\"row-20\">\n\t<td class=\"column-1\"><\/td><td class=\"column-2\">T\u00fai \u0111\u1ef1ng Beluga<\/td><td class=\"column-3\">ID 1443<\/td><td class=\"column-4\"><\/td>\n<\/tr>\n<tr class=\"row-21\">\n\t<td class=\"column-1\"><\/td><td class=\"column-2\">H\u01b0\u1edbng d\u1eabn s\u1eed d\u1ee5ng<\/td><td class=\"column-3\"><\/td><td class=\"column-4\">Ti\u1ebfng Vi\u1ec7t<\/td>\n<\/tr>\n<\/tbody>\n<\/table>\n<!-- #tablepress-0421 from cache -->[\/vc_column_text][\/vc_column][vc_column width=&#8221;1\/3&#8243;][\/vc_column][\/vc_row]<\/p>\n<\/div>","protected":false},"excerpt":{"rendered":"<p>[vc_row full_width=&#8221;stretch_row&#8221; row_type=&#8221;section&#8221; row_color=&#8221;color_light&#8221; el_class=&#8221;page-banner&#8221; css=&#8221;.vc_custom_1734574532833{background-image: url(https:\/\/www.mtts-asia.com\/wp-content\/uploads\/2014\/11\/111.jpg?id=4723) !important;background-position: center !important;background-repeat: no-repeat !important;background-size: cover !important;}&#8221;][vc_column][vc_custom_heading source=&#8221;post_title&#8221; font_container=&#8221;tag:h2|text_align:center&#8221; use_theme_fonts=&#8221;yes&#8221; css=&#8221;&#8221; wb_heading_type=&#8221;heading&#8221;][\/vc_column][\/vc_row][vc_row full_width=&#8221;stretch_row&#8221; row_type=&#8221;section&#8221;][vc_column][vc_row_inner][vc_column_inner width=&#8221;1\/3&#8243;][vc_empty_space height=&#8221;20px&#8221;][vc_single_image image=&#8221;6858&#8243; img_size=&#8221;800x420px&#8221;][vc_column_text]B\u1ed9 h\u1ed3i s\u1ee9c s\u01a1 sinh ch\u1eef T l\u00e0 m\u1ed9t thi\u1ebft b\u1ecb \u0111\u1ed9c l\u1eadp nh\u1eb1m cung c\u1ea5p lu\u1ed3ng kh\u00ed \u00e1p l\u1ef1c d\u01b0\u01a1ng trong qu\u00e1 tr\u00ecnh h\u1ed3i s\u1ee9c cho tr\u1ebb s\u01a1 sinh B\u1ed9 [&hellip;]<\/p>\n","protected":false},"author":3,"featured_media":0,"parent":0,"menu_order":0,"comment_status":"closed","ping_status":"closed","template":"","meta":{"footnotes":""},"class_list":["post-7064","page","type-page","status-publish","hentry"],"jetpack_sharing_enabled":true,"_links":{"self":[{"href":"https:\/\/www.mtts-asia.com\/vi\/wp-json\/wp\/v2\/pages\/7064","targetHints":{"allow":["GET"]}}],"collection":[{"href":"https:\/\/www.mtts-asia.com\/vi\/wp-json\/wp\/v2\/pages"}],"about":[{"href":"https:\/\/www.mtts-asia.com\/vi\/wp-json\/wp\/v2\/types\/page"}],"author":[{"embeddable":true,"href":"https:\/\/www.mtts-asia.com\/vi\/wp-json\/wp\/v2\/users\/3"}],"replies":[{"embeddable":true,"href":"https:\/\/www.mtts-asia.com\/vi\/wp-json\/wp\/v2\/comments?post=7064"}],"version-history":[{"count":2,"href":"https:\/\/www.mtts-asia.com\/vi\/wp-json\/wp\/v2\/pages\/7064\/revisions"}],"predecessor-version":[{"id":12587,"href":"https:\/\/www.mtts-asia.com\/vi\/wp-json\/wp\/v2\/pages\/7064\/revisions\/12587"}],"wp:attachment":[{"href":"https:\/\/www.mtts-asia.com\/vi\/wp-json\/wp\/v2\/media?parent=7064"}],"curies":[{"name":"wp","href":"https:\/\/api.w.org\/{rel}","templated":true}]}}