{"id":8866,"date":"2020-12-04T13:33:00","date_gmt":"2020-12-04T06:33:00","guid":{"rendered":"http:\/\/mttsasia.local\/?page_id=8866"},"modified":"2021-02-18T19:21:45","modified_gmt":"2021-02-18T12:21:45","slug":"customer-feedback-2","status":"publish","type":"page","link":"https:\/\/www.mtts-asia.com\/vi\/customer-feedback-2\/","title":{"rendered":"PH\u1ea2N H\u1ed2I C\u1ee6A KH\u00c1CH H\u00c0NG H\u00c0NG N\u0102M"},"content":{"rendered":"<div class=\"wpb-content-wrapper\"><p>[vc_row bg_color=&#8221;#f8f8f8&#8243;][vc_column][vc_row_inner][vc_column_inner][vc_column_text el_class=&#8221;titleBorder&#8221;]<\/p>\n<h2><strong>Tr\u00e2n th\u00e0nh c\u1ea3m \u01a1n qu\u00fd kh\u00e1ch \u0111\u00e3 l\u1ef1a ch\u1ecdn s\u1eed d\u1ee5ng s\u1ea3n ph\u1ea9m c\u1ee7a MTTS!<\/strong><\/h2>\n<h3>Xin vui l\u00f2ng \u0111i\u1ec1n form (SOP-22-F02)<\/h3>\n<p>[\/vc_column_text]\n<div class=\"wpcf7 no-js\" id=\"wpcf7-f8870-o1\" lang=\"en-US\" dir=\"ltr\" data-wpcf7-id=\"8870\">\n<div class=\"screen-reader-response\"><p role=\"status\" aria-live=\"polite\" aria-atomic=\"true\"><\/p> <ul><\/ul><\/div>\n<form action=\"\/vi\/wp-json\/wp\/v2\/pages\/8866#wpcf7-f8870-o1\" method=\"post\" class=\"wpcf7-form init\" aria-label=\"Contact form\" novalidate=\"novalidate\" data-status=\"init\">\n<fieldset class=\"hidden-fields-container\"><input type=\"hidden\" name=\"_wpcf7\" value=\"8870\" \/><input type=\"hidden\" name=\"_wpcf7_version\" value=\"6.1.5\" \/><input type=\"hidden\" name=\"_wpcf7_locale\" value=\"en_US\" \/><input type=\"hidden\" name=\"_wpcf7_unit_tag\" value=\"wpcf7-f8870-o1\" \/><input type=\"hidden\" name=\"_wpcf7_container_post\" value=\"0\" \/><input type=\"hidden\" name=\"_wpcf7_posted_data_hash\" value=\"\" \/>\n<\/fieldset>\n<div class=\"container\">\n<div class=\"col-md-12\">\n<div class=\"row\">\n<label class=\"medicom-forms-label\">T\u00ean kh\u00e1ch h\u00e0ng:<\/label><span class=\"wpcf7-form-control-wrap\" data-name=\"Customer-Name\"><input size=\"40\" maxlength=\"400\" class=\"wpcf7-form-control wpcf7-text wpcf7-validates-as-required medicom-forms-2\" aria-required=\"true\" aria-invalid=\"false\" placeholder=\"T\u00ean kh\u00e1ch h\u00e0ng\" value=\"\" type=\"text\" name=\"Customer-Name\" \/><\/span>\n<\/div>\n<div class=\"row\">\n<label class=\"medicom-forms-label\">\u0110i\u0323a chi\u0309 email:<\/label><span class=\"wpcf7-form-control-wrap\" data-name=\"Email\"><input size=\"40\" maxlength=\"400\" class=\"wpcf7-form-control wpcf7-email wpcf7-validates-as-required wpcf7-text wpcf7-validates-as-email medicom-forms-2\" aria-required=\"true\" aria-invalid=\"false\" placeholder=\"\u0110i\u0323a chi\u0309 email\" value=\"\" type=\"email\" name=\"Email\" \/><\/span>\n<\/div>\n<div class=\"row\">\n<label class=\"medicom-forms-label\">Qu\u00fd kh\u00e1ch c\u00f3 b\u1ecb h\u1ecfng thi\u1ebft b\u1ecb n\u00e0o kh\u00f4ng?<\/label><span class=\"wpcf7-form-control-wrap\" data-name=\"Broken-Devices\"><span class=\"wpcf7-form-control wpcf7-checkbox wpcf7-exclusive-checkbox\"><span class=\"wpcf7-list-item first\"><label><input type=\"checkbox\" name=\"Broken-Devices\" value=\"C\u00d3\" \/><span class=\"wpcf7-list-item-label\">C\u00d3<\/span><\/label><\/span><span class=\"wpcf7-list-item last\"><label><input type=\"checkbox\" name=\"Broken-Devices\" value=\"KH\u00d4NG\" \/><span class=\"wpcf7-list-item-label\">KH\u00d4NG<\/span><\/label><\/span><\/span><\/span>\n<\/div>\n<div class=\"row\">\n<label class=\"medicom-forms-label\">N\u1ebfu C\u00d3, S\u1ed1 s\u00ea-ri:<\/label><span class=\"wpcf7-form-control-wrap\" data-name=\"Packing-Damage-SN\"><input size=\"40\" maxlength=\"400\" class=\"wpcf7-form-control wpcf7-text medicom-forms-2\" aria-invalid=\"false\" placeholder=\"S\u1ed1 s\u00ea-ri\" value=\"\" type=\"text\" name=\"Packing-Damage-SN\" \/><\/span>\n<\/div>\n<div class=\"row\">\n<label class=\"medicom-forms-label\">Qu\u00fd kh\u00e1ch c\u00f3 ph\u1ea3i thay b\u1ea5t c\u1ee9 linh ki\u1ec7n n\u00e0o kh\u00f4ng?<\/label><span class=\"wpcf7-form-control-wrap\" data-name=\"Missing-Itmes\"><span class=\"wpcf7-form-control wpcf7-checkbox wpcf7-exclusive-checkbox\"><span class=\"wpcf7-list-item first\"><label><input type=\"checkbox\" name=\"Missing-Itmes\" value=\"C\u00d3\" \/><span class=\"wpcf7-list-item-label\">C\u00d3<\/span><\/label><\/span><span class=\"wpcf7-list-item last\"><label><input type=\"checkbox\" name=\"Missing-Itmes\" value=\"KH\u00d4NG\" \/><span class=\"wpcf7-list-item-label\">KH\u00d4NG<\/span><\/label><\/span><\/span><\/span>\n<\/div>\n<div class=\"row\">\n<label class=\"medicom-forms-label\">N\u1ebfu C\u00d3, h\u00e3y cung c\u1ea5p danh s\u00e1ch linh ki\u1ec7n c\u1ea7n thay th\u1ebf:<\/label><span class=\"wpcf7-form-control-wrap\" data-name=\"Missing-Itmes\"><input size=\"40\" maxlength=\"400\" class=\"wpcf7-form-control wpcf7-text medicom-forms-2\" aria-invalid=\"false\" placeholder=\"Linh ki\u1ec7n b\u1ecb thi\u1ebfu\" value=\"\" type=\"text\" name=\"Missing-Itmes\" \/><\/span>\n<\/div>\n<div class=\"row\">\n<label class=\"medicom-forms-label\">C\u00e1c thi\u1ebft b\u1ecb ho\u1ea1t \u0111\u1ed9ng nh\u01b0 mong \u0111\u1ee3i?<\/label><span class=\"wpcf7-form-control-wrap\" data-name=\"Operating-OK\"><span class=\"wpcf7-form-control wpcf7-checkbox wpcf7-exclusive-checkbox\"><span class=\"wpcf7-list-item first\"><label><input type=\"checkbox\" name=\"Operating-OK\" value=\"C\u00d3\" \/><span class=\"wpcf7-list-item-label\">C\u00d3<\/span><\/label><\/span><span class=\"wpcf7-list-item last\"><label><input type=\"checkbox\" name=\"Operating-OK\" value=\"KH\u00d4NG\" \/><span class=\"wpcf7-list-item-label\">KH\u00d4NG<\/span><\/label><\/span><\/span><\/span>\n<\/div>\n<div class=\"row\">\n<label class=\"medicom-forms-label\">\u00dd ki\u1ebfn \u0111\u00f3ng g\u00f3p \/ \u0110\u1ec1 xu\u1ea5t c\u1ea3i ti\u1ebfn:<\/label><span class=\"wpcf7-form-control-wrap\" data-name=\"Comments\"><textarea cols=\"40\" rows=\"10\" maxlength=\"2000\" class=\"wpcf7-form-control wpcf7-textarea medicom-forms-2\" aria-invalid=\"false\" placeholder=\"\u00dd ki\u1ebfn \u0111\u00f3ng g\u00f3p \/ \u0110\u1ec1 xu\u1ea5t c\u1ea3i ti\u1ebfn\" name=\"Comments\"><\/textarea><\/span>\n<\/div>\n<div class=\"container\">\n<div class=\"row\">\n<div class=\"col-md-12\">\n<\/div>\n<\/div>\n<div class=\"row\">\n<div class=\"col-md-6\">\n<input class=\"wpcf7-form-control wpcf7-submit has-spinner buton b_asset buton-2 buton-mini\" type=\"submit\" value=\"G\u1eedi\" \/>\n<\/div>\n<\/div>\n<\/div><div class=\"wpcf7-response-output\" aria-hidden=\"true\"><\/div>\n<\/form>\n<\/div>\n[\/vc_column_inner][\/vc_row_inner][\/vc_column][\/vc_row]<\/p>\n<\/div>","protected":false},"excerpt":{"rendered":"<p>[vc_row bg_color=&#8221;#f8f8f8&#8243;][vc_column][vc_row_inner][vc_column_inner][vc_column_text el_class=&#8221;titleBorder&#8221;] Tr\u00e2n th\u00e0nh c\u1ea3m \u01a1n qu\u00fd kh\u00e1ch \u0111\u00e3 l\u1ef1a ch\u1ecdn s\u1eed d\u1ee5ng s\u1ea3n ph\u1ea9m c\u1ee7a MTTS! Xin vui l\u00f2ng \u0111i\u1ec1n form (SOP-22-F02) [\/vc_column_text][\/vc_column_inner][\/vc_row_inner][\/vc_column][\/vc_row]<\/p>\n","protected":false},"author":3,"featured_media":0,"parent":0,"menu_order":0,"comment_status":"closed","ping_status":"closed","template":"custom-template.php","meta":{"footnotes":""},"class_list":["post-8866","page","type-page","status-publish","hentry"],"jetpack_sharing_enabled":true,"_links":{"self":[{"href":"https:\/\/www.mtts-asia.com\/vi\/wp-json\/wp\/v2\/pages\/8866","targetHints":{"allow":["GET"]}}],"collection":[{"href":"https:\/\/www.mtts-asia.com\/vi\/wp-json\/wp\/v2\/pages"}],"about":[{"href":"https:\/\/www.mtts-asia.com\/vi\/wp-json\/wp\/v2\/types\/page"}],"author":[{"embeddable":true,"href":"https:\/\/www.mtts-asia.com\/vi\/wp-json\/wp\/v2\/users\/3"}],"replies":[{"embeddable":true,"href":"https:\/\/www.mtts-asia.com\/vi\/wp-json\/wp\/v2\/comments?post=8866"}],"version-history":[{"count":0,"href":"https:\/\/www.mtts-asia.com\/vi\/wp-json\/wp\/v2\/pages\/8866\/revisions"}],"wp:attachment":[{"href":"https:\/\/www.mtts-asia.com\/vi\/wp-json\/wp\/v2\/media?parent=8866"}],"curies":[{"name":"wp","href":"https:\/\/api.w.org\/{rel}","templated":true}]}}